{"id":99203,"date":"2024-04-29T15:56:57","date_gmt":"2024-04-29T13:56:57","guid":{"rendered":"https:\/\/letrame.com\/catalogo\/producto\/reflexiones-de-vida\/"},"modified":"2024-04-29T15:57:25","modified_gmt":"2024-04-29T13:57:25","slug":"reflexiones-de-vida","status":"publish","type":"product","link":"https:\/\/letrame.com\/catalogo\/producto\/reflexiones-de-vida\/","title":{"rendered":"Reflexiones de vida"},"content":{"rendered":"<p><strong>ISBN<\/strong>: 978-84-1144-709-6<\/p>\n<p><strong>T\u00edtulo<\/strong>: Reflexiones de vida<\/p>\n<p><strong>Fecha<\/strong>: 2023<br \/>\n<strong>P\u00e1ginas<\/strong>: 212<\/p>\n<p><strong>SINOPSIS\u00a0<\/strong><\/p>\n<p>Antes de todo me gustar\u00eda que supiesen que soy bailarina, adoro hacer todas las cosas por placer. Bailo con amor y alegr\u00eda, pero no sin dolor, cuando me aplauden se me olvida el dolor. Soy peque\u00f1ita en altura y grande en sabidur\u00eda, poco aprend\u00ed en la escuela porque mis padres no ten\u00edan dinero para que estudiase, pero aprend\u00ed a bailar. Fui a mi terraza a tomar la brisa del mar, las gaviotas volaban y los barcos de pesca llegaban. Mir\u00e9 las olas del mar y me entraron ganas de bailar, pero no era la hora y no ten\u00eda con quien bailar. Entonces mir\u00e9 mi jard\u00edn y me dije para m\u00ed: \u00abdos flores voy a coger y, con estas, dos palabras voy a escribir\u00bb. En estas p\u00e1ginas les invito a leer pensamientos y reflexiones que quiero compartir con ustedes, desde la perspectiva de una mujer que ha luchado mucho y est\u00e1 a punto de llegar al final de sus d\u00edas.<\/p>\n","protected":false},"excerpt":{"rendered":"<p><strong>ISBN<\/strong>: 978-84-1144-709-6<\/p>\n<p><strong>SINOPSIS\u00a0<\/strong><\/p>\n<p>Antes de todo me gustar\u00eda que supiesen que soy bailarina, adoro hacer todas las cosas por placer. Bailo con amor y alegr\u00eda, pero no sin dolor, cuando me aplauden se me olvida el dolor. Soy peque\u00f1ita en altura y grande en sabidur\u00eda, poco aprend\u00ed en la escuela porque mis padres no ten\u00edan dinero para que estudiase, pero aprend\u00ed a bailar. Fui a mi terraza a tomar la brisa del mar, las gaviotas volaban y los barcos de pesca llegaban. Mir\u00e9 las olas del mar y me entraron ganas de bailar, pero no era la hora y no ten\u00eda con quien bailar. Entonces mir\u00e9 mi jard\u00edn y me dije para m\u00ed: \u00abdos flores voy a coger y, con estas, dos palabras voy a escribir\u00bb. En estas p\u00e1ginas les invito a leer pensamientos y reflexiones que quiero compartir con ustedes, desde la perspectiva de una mujer que ha luchado mucho y est\u00e1 a punto de llegar al final de sus d\u00edas.<\/p>\n","protected":false},"featured_media":99204,"comment_status":"closed","ping_status":"open","template":"","meta":{"_acf_changed":false},"libro":[],"product_brand":[],"product_cat":[26],"product_tag":[],"class_list":{"0":"post-99203","1":"product","2":"type-product","3":"status-publish","4":"has-post-thumbnail","6":"product_cat-sin-categoria","8":"first","9":"instock","10":"product-type-simple"},"acf":{"autor":[77566],"enlace_de_compra":""},"yoast_head":"<!-- This site is optimized with the Yoast SEO plugin v26.6 - https:\/\/yoast.com\/wordpress\/plugins\/seo\/ -->\n<title>Reflexiones de vida - Catalogo | Letrame Grupo Editorial<\/title>\n<meta name=\"robots\" content=\"index, follow, max-snippet:-1, max-image-preview:large, max-video-preview:-1\" \/>\n<link rel=\"canonical\" href=\"https:\/\/letrame.com\/catalogo\/producto\/reflexiones-de-vida\/\" \/>\n<meta property=\"og:locale\" content=\"es_ES\" \/>\n<meta property=\"og:type\" content=\"article\" \/>\n<meta property=\"og:title\" content=\"Reflexiones de vida - Catalogo | Letrame Grupo Editorial\" \/>\n<meta property=\"og:description\" content=\"ISBN: 978-84-1144-709-6 SINOPSIS\u00a0 Antes de todo me gustar\u00eda que supiesen que soy bailarina, adoro hacer todas las cosas por placer. Bailo con amor y alegr\u00eda, pero no sin dolor, cuando me aplauden se me olvida el dolor. Soy peque\u00f1ita en altura y grande en sabidur\u00eda, poco aprend\u00ed en la escuela porque mis padres no ten\u00edan dinero para que estudiase, pero aprend\u00ed a bailar. Fui a mi terraza a tomar la brisa del mar, las gaviotas volaban y los barcos de pesca llegaban. Mir\u00e9 las olas del mar y me entraron ganas de bailar, pero no era la hora y no ten\u00eda con quien bailar. Entonces mir\u00e9 mi jard\u00edn y me dije para m\u00ed: \u00abdos flores voy a coger y, con estas, dos palabras voy a escribir\u00bb. En estas p\u00e1ginas les invito a leer pensamientos y reflexiones que quiero compartir con ustedes, desde la perspectiva de una mujer que ha luchado mucho y est\u00e1 a punto de llegar al final de sus d\u00edas.\" \/>\n<meta property=\"og:url\" content=\"https:\/\/letrame.com\/catalogo\/producto\/reflexiones-de-vida\/\" \/>\n<meta property=\"og:site_name\" content=\"Catalogo | Letrame Grupo Editorial\" \/>\n<meta property=\"article:modified_time\" content=\"2024-04-29T13:57:25+00:00\" \/>\n<meta property=\"og:image\" content=\"https:\/\/letrame.com\/catalogo\/wp-content\/uploads\/2024\/04\/webportada_reflexionesdevida_1085mm-compressed.jpg\" \/>\n\t<meta property=\"og:image:width\" content=\"1748\" \/>\n\t<meta property=\"og:image:height\" content=\"2480\" \/>\n\t<meta property=\"og:image:type\" content=\"image\/jpeg\" \/>\n<meta name=\"twitter:card\" content=\"summary_large_image\" \/>\n<meta name=\"twitter:label1\" content=\"Tiempo de lectura\" \/>\n\t<meta name=\"twitter:data1\" content=\"1 minuto\" \/>\n<script type=\"application\/ld+json\" class=\"yoast-schema-graph\">{\"@context\":\"https:\/\/schema.org\",\"@graph\":[{\"@type\":\"WebPage\",\"@id\":\"https:\/\/letrame.com\/catalogo\/producto\/reflexiones-de-vida\/\",\"url\":\"https:\/\/letrame.com\/catalogo\/producto\/reflexiones-de-vida\/\",\"name\":\"Reflexiones de vida - Catalogo | Letrame Grupo Editorial\",\"isPartOf\":{\"@id\":\"https:\/\/letrame.com\/catalogo\/#website\"},\"primaryImageOfPage\":{\"@id\":\"https:\/\/letrame.com\/catalogo\/producto\/reflexiones-de-vida\/#primaryimage\"},\"image\":{\"@id\":\"https:\/\/letrame.com\/catalogo\/producto\/reflexiones-de-vida\/#primaryimage\"},\"thumbnailUrl\":\"https:\/\/letrame.com\/catalogo\/wp-content\/uploads\/2024\/04\/webportada_reflexionesdevida_1085mm-compressed.jpg\",\"datePublished\":\"2024-04-29T13:56:57+00:00\",\"dateModified\":\"2024-04-29T13:57:25+00:00\",\"breadcrumb\":{\"@id\":\"https:\/\/letrame.com\/catalogo\/producto\/reflexiones-de-vida\/#breadcrumb\"},\"inLanguage\":\"es\",\"potentialAction\":[{\"@type\":\"ReadAction\",\"target\":[\"https:\/\/letrame.com\/catalogo\/producto\/reflexiones-de-vida\/\"]}]},{\"@type\":\"ImageObject\",\"inLanguage\":\"es\",\"@id\":\"https:\/\/letrame.com\/catalogo\/producto\/reflexiones-de-vida\/#primaryimage\",\"url\":\"https:\/\/letrame.com\/catalogo\/wp-content\/uploads\/2024\/04\/webportada_reflexionesdevida_1085mm-compressed.jpg\",\"contentUrl\":\"https:\/\/letrame.com\/catalogo\/wp-content\/uploads\/2024\/04\/webportada_reflexionesdevida_1085mm-compressed.jpg\",\"width\":1748,\"height\":2480},{\"@type\":\"BreadcrumbList\",\"@id\":\"https:\/\/letrame.com\/catalogo\/producto\/reflexiones-de-vida\/#breadcrumb\",\"itemListElement\":[{\"@type\":\"ListItem\",\"position\":1,\"name\":\"Portada\",\"item\":\"https:\/\/letrame.com\/catalogo\/\"},{\"@type\":\"ListItem\",\"position\":2,\"name\":\"Cat\u00e1logo\",\"item\":\"https:\/\/letrame.com\/catalogo\/\"},{\"@type\":\"ListItem\",\"position\":3,\"name\":\"Reflexiones de vida\"}]},{\"@type\":\"WebSite\",\"@id\":\"https:\/\/letrame.com\/catalogo\/#website\",\"url\":\"https:\/\/letrame.com\/catalogo\/\",\"name\":\"Catalogo | Letrame Grupo Editorial\",\"description\":\"\",\"publisher\":{\"@id\":\"https:\/\/letrame.com\/catalogo\/#organization\"},\"potentialAction\":[{\"@type\":\"SearchAction\",\"target\":{\"@type\":\"EntryPoint\",\"urlTemplate\":\"https:\/\/letrame.com\/catalogo\/?s={search_term_string}\"},\"query-input\":{\"@type\":\"PropertyValueSpecification\",\"valueRequired\":true,\"valueName\":\"search_term_string\"}}],\"inLanguage\":\"es\"},{\"@type\":\"Organization\",\"@id\":\"https:\/\/letrame.com\/catalogo\/#organization\",\"name\":\"Catalogo | Letrame Grupo Editorial\",\"url\":\"https:\/\/letrame.com\/catalogo\/\",\"logo\":{\"@type\":\"ImageObject\",\"inLanguage\":\"es\",\"@id\":\"https:\/\/letrame.com\/catalogo\/#\/schema\/logo\/image\/\",\"url\":\"https:\/\/letrame.com\/catalogo\/wp-content\/uploads\/2024\/03\/logo2.webp\",\"contentUrl\":\"https:\/\/letrame.com\/catalogo\/wp-content\/uploads\/2024\/03\/logo2.webp\",\"width\":394,\"height\":128,\"caption\":\"Catalogo | Letrame Grupo Editorial\"},\"image\":{\"@id\":\"https:\/\/letrame.com\/catalogo\/#\/schema\/logo\/image\/\"}}]}<\/script>\n<!-- \/ Yoast SEO plugin. -->","yoast_head_json":{"title":"Reflexiones de vida - Catalogo | Letrame Grupo Editorial","robots":{"index":"index","follow":"follow","max-snippet":"max-snippet:-1","max-image-preview":"max-image-preview:large","max-video-preview":"max-video-preview:-1"},"canonical":"https:\/\/letrame.com\/catalogo\/producto\/reflexiones-de-vida\/","og_locale":"es_ES","og_type":"article","og_title":"Reflexiones de vida - Catalogo | Letrame Grupo Editorial","og_description":"ISBN: 978-84-1144-709-6 SINOPSIS\u00a0 Antes de todo me gustar\u00eda que supiesen que soy bailarina, adoro hacer todas las cosas por placer. Bailo con amor y alegr\u00eda, pero no sin dolor, cuando me aplauden se me olvida el dolor. Soy peque\u00f1ita en altura y grande en sabidur\u00eda, poco aprend\u00ed en la escuela porque mis padres no ten\u00edan dinero para que estudiase, pero aprend\u00ed a bailar. Fui a mi terraza a tomar la brisa del mar, las gaviotas volaban y los barcos de pesca llegaban. Mir\u00e9 las olas del mar y me entraron ganas de bailar, pero no era la hora y no ten\u00eda con quien bailar. Entonces mir\u00e9 mi jard\u00edn y me dije para m\u00ed: \u00abdos flores voy a coger y, con estas, dos palabras voy a escribir\u00bb. En estas p\u00e1ginas les invito a leer pensamientos y reflexiones que quiero compartir con ustedes, desde la perspectiva de una mujer que ha luchado mucho y est\u00e1 a punto de llegar al final de sus d\u00edas.","og_url":"https:\/\/letrame.com\/catalogo\/producto\/reflexiones-de-vida\/","og_site_name":"Catalogo | Letrame Grupo Editorial","article_modified_time":"2024-04-29T13:57:25+00:00","og_image":[{"width":1748,"height":2480,"url":"https:\/\/letrame.com\/catalogo\/wp-content\/uploads\/2024\/04\/webportada_reflexionesdevida_1085mm-compressed.jpg","type":"image\/jpeg"}],"twitter_card":"summary_large_image","twitter_misc":{"Tiempo de lectura":"1 minuto"},"schema":{"@context":"https:\/\/schema.org","@graph":[{"@type":"WebPage","@id":"https:\/\/letrame.com\/catalogo\/producto\/reflexiones-de-vida\/","url":"https:\/\/letrame.com\/catalogo\/producto\/reflexiones-de-vida\/","name":"Reflexiones de vida - Catalogo | Letrame Grupo Editorial","isPartOf":{"@id":"https:\/\/letrame.com\/catalogo\/#website"},"primaryImageOfPage":{"@id":"https:\/\/letrame.com\/catalogo\/producto\/reflexiones-de-vida\/#primaryimage"},"image":{"@id":"https:\/\/letrame.com\/catalogo\/producto\/reflexiones-de-vida\/#primaryimage"},"thumbnailUrl":"https:\/\/letrame.com\/catalogo\/wp-content\/uploads\/2024\/04\/webportada_reflexionesdevida_1085mm-compressed.jpg","datePublished":"2024-04-29T13:56:57+00:00","dateModified":"2024-04-29T13:57:25+00:00","breadcrumb":{"@id":"https:\/\/letrame.com\/catalogo\/producto\/reflexiones-de-vida\/#breadcrumb"},"inLanguage":"es","potentialAction":[{"@type":"ReadAction","target":["https:\/\/letrame.com\/catalogo\/producto\/reflexiones-de-vida\/"]}]},{"@type":"ImageObject","inLanguage":"es","@id":"https:\/\/letrame.com\/catalogo\/producto\/reflexiones-de-vida\/#primaryimage","url":"https:\/\/letrame.com\/catalogo\/wp-content\/uploads\/2024\/04\/webportada_reflexionesdevida_1085mm-compressed.jpg","contentUrl":"https:\/\/letrame.com\/catalogo\/wp-content\/uploads\/2024\/04\/webportada_reflexionesdevida_1085mm-compressed.jpg","width":1748,"height":2480},{"@type":"BreadcrumbList","@id":"https:\/\/letrame.com\/catalogo\/producto\/reflexiones-de-vida\/#breadcrumb","itemListElement":[{"@type":"ListItem","position":1,"name":"Portada","item":"https:\/\/letrame.com\/catalogo\/"},{"@type":"ListItem","position":2,"name":"Cat\u00e1logo","item":"https:\/\/letrame.com\/catalogo\/"},{"@type":"ListItem","position":3,"name":"Reflexiones de vida"}]},{"@type":"WebSite","@id":"https:\/\/letrame.com\/catalogo\/#website","url":"https:\/\/letrame.com\/catalogo\/","name":"Catalogo | Letrame Grupo Editorial","description":"","publisher":{"@id":"https:\/\/letrame.com\/catalogo\/#organization"},"potentialAction":[{"@type":"SearchAction","target":{"@type":"EntryPoint","urlTemplate":"https:\/\/letrame.com\/catalogo\/?s={search_term_string}"},"query-input":{"@type":"PropertyValueSpecification","valueRequired":true,"valueName":"search_term_string"}}],"inLanguage":"es"},{"@type":"Organization","@id":"https:\/\/letrame.com\/catalogo\/#organization","name":"Catalogo | Letrame Grupo Editorial","url":"https:\/\/letrame.com\/catalogo\/","logo":{"@type":"ImageObject","inLanguage":"es","@id":"https:\/\/letrame.com\/catalogo\/#\/schema\/logo\/image\/","url":"https:\/\/letrame.com\/catalogo\/wp-content\/uploads\/2024\/03\/logo2.webp","contentUrl":"https:\/\/letrame.com\/catalogo\/wp-content\/uploads\/2024\/03\/logo2.webp","width":394,"height":128,"caption":"Catalogo | Letrame Grupo Editorial"},"image":{"@id":"https:\/\/letrame.com\/catalogo\/#\/schema\/logo\/image\/"}}]}},"_links":{"self":[{"href":"https:\/\/letrame.com\/catalogo\/wp-json\/wp\/v2\/product\/99203","targetHints":{"allow":["GET"]}}],"collection":[{"href":"https:\/\/letrame.com\/catalogo\/wp-json\/wp\/v2\/product"}],"about":[{"href":"https:\/\/letrame.com\/catalogo\/wp-json\/wp\/v2\/types\/product"}],"replies":[{"embeddable":true,"href":"https:\/\/letrame.com\/catalogo\/wp-json\/wp\/v2\/comments?post=99203"}],"acf:post":[{"embeddable":true,"href":"https:\/\/letrame.com\/catalogo\/wp-json\/wp\/v2\/author_book\/77566"}],"wp:featuredmedia":[{"embeddable":true,"href":"https:\/\/letrame.com\/catalogo\/wp-json\/wp\/v2\/media\/99204"}],"wp:attachment":[{"href":"https:\/\/letrame.com\/catalogo\/wp-json\/wp\/v2\/media?parent=99203"}],"wp:term":[{"taxonomy":"libro","embeddable":true,"href":"https:\/\/letrame.com\/catalogo\/wp-json\/wp\/v2\/libro?post=99203"},{"taxonomy":"product_brand","embeddable":true,"href":"https:\/\/letrame.com\/catalogo\/wp-json\/wp\/v2\/product_brand?post=99203"},{"taxonomy":"product_cat","embeddable":true,"href":"https:\/\/letrame.com\/catalogo\/wp-json\/wp\/v2\/product_cat?post=99203"},{"taxonomy":"product_tag","embeddable":true,"href":"https:\/\/letrame.com\/catalogo\/wp-json\/wp\/v2\/product_tag?post=99203"}],"curies":[{"name":"wp","href":"https:\/\/api.w.org\/{rel}","templated":true}]}}