{"id":99197,"date":"2024-04-29T15:56:14","date_gmt":"2024-04-29T13:56:14","guid":{"rendered":"https:\/\/letrame.com\/catalogo\/producto\/mama-me-duele-el-corazon\/"},"modified":"2024-04-29T15:56:42","modified_gmt":"2024-04-29T13:56:42","slug":"mama-me-duele-el-corazon","status":"publish","type":"product","link":"https:\/\/letrame.com\/catalogo\/producto\/mama-me-duele-el-corazon\/","title":{"rendered":"Mam\u00e1, me duele el coraz\u00f3n"},"content":{"rendered":"<p><strong>ISBN<\/strong>: 978-84-1181-177-4<\/p>\n<p><strong>T\u00edtulo<\/strong>: Mam\u00e1, me duele el coraz\u00f3n<br \/>\n<strong>Fecha<\/strong>: 2023<br \/>\n<strong>P\u00e1ginas<\/strong>: 224<\/p>\n<p><strong>SINOPSIS<\/strong><\/p>\n<p>Julia vive con el miedo de no encontrarse a ella misma ahora que Pedro no est\u00e1. Cu\u00e1nto tiempo le cost\u00f3 entender que el joven no merec\u00eda tenerla a su lado y cu\u00e1nto tiempo m\u00e1s tard\u00f3 en aceptar que ella tampoco lo merec\u00eda a \u00e9l. Sus mundos alejados intentaban convivir en un mismo universo imposible de entender en conjunto. En lo m\u00e1s profundo de su ser, Julia siempre supo que era momento de partir. La necesidad de alejarse la sent\u00eda en su cuerpo, en sus deseos y, sobre todo, en su sonrisa. La libertad se convirti\u00f3 en prisi\u00f3n cuando los abrazos comenzaron a escasear y las l\u00e1grimas se empezaron chocar con sus labios, dejando un infinito rastro de sal. Los besos dejaron de ser un comienzo y se transformaron en despedidas inevitables. En el fondo uno siempre sabe cuando debe irse pero no se va, por miedo, por inseguridad, por la inmensa ca\u00edda. De un \u00abte necesito\u00bb a un \u00abte quiero\u00bb hay una ruptura de distancia.<\/p>\n","protected":false},"excerpt":{"rendered":"<p><strong>ISBN<\/strong>: 978-84-1181-177-4<\/p>\n<p><strong>SINOPSIS<\/strong><\/p>\n<p>Julia vive con el miedo de no encontrarse a ella misma ahora que Pedro no est\u00e1. Cu\u00e1nto tiempo le cost\u00f3 entender que el joven no merec\u00eda tenerla a su lado y cu\u00e1nto tiempo m\u00e1s tard\u00f3 en aceptar que ella tampoco lo merec\u00eda a \u00e9l. Sus mundos alejados intentaban convivir en un mismo universo imposible de entender en conjunto. En lo m\u00e1s profundo de su ser, Julia siempre supo que era momento de partir. La necesidad de alejarse la sent\u00eda en su cuerpo, en sus deseos y, sobre todo, en su sonrisa. La libertad se convirti\u00f3 en prisi\u00f3n cuando los abrazos comenzaron a escasear y las l\u00e1grimas se empezaron chocar con sus labios, dejando un infinito rastro de sal. Los besos dejaron de ser un comienzo y se transformaron en despedidas inevitables. En el fondo uno siempre sabe cuando debe irse pero no se va, por miedo, por inseguridad, por la inmensa ca\u00edda. De un \u00abte necesito\u00bb a un \u00abte quiero\u00bb hay una ruptura de distancia.<\/p>\n","protected":false},"featured_media":99198,"comment_status":"closed","ping_status":"open","template":"","meta":{"_acf_changed":false},"libro":[],"product_brand":[],"product_cat":[26],"product_tag":[],"class_list":{"0":"post-99197","1":"product","2":"type-product","3":"status-publish","4":"has-post-thumbnail","6":"product_cat-sin-categoria","8":"first","9":"instock","10":"product-type-simple"},"acf":{"autor":[77561],"enlace_de_compra":"https:\/\/www.amazon.es\/Mam%C3%A1-me-duele-el-coraz%C3%B3n\/dp\/B0CJDFBVZL\/"},"yoast_head":"<!-- This site is optimized with the Yoast SEO plugin v27.4 - https:\/\/yoast.com\/product\/yoast-seo-wordpress\/ -->\n<title>Mam\u00e1, me duele el coraz\u00f3n - Catalogo | Letrame Grupo Editorial<\/title>\n<meta name=\"robots\" content=\"index, follow, max-snippet:-1, max-image-preview:large, max-video-preview:-1\" \/>\n<link rel=\"canonical\" href=\"https:\/\/letrame.com\/catalogo\/producto\/mama-me-duele-el-corazon\/\" \/>\n<meta property=\"og:locale\" content=\"es_ES\" \/>\n<meta property=\"og:type\" content=\"article\" \/>\n<meta property=\"og:title\" content=\"Mam\u00e1, me duele el coraz\u00f3n - Catalogo | Letrame Grupo Editorial\" \/>\n<meta property=\"og:description\" content=\"ISBN: 978-84-1181-177-4 SINOPSIS Julia vive con el miedo de no encontrarse a ella misma ahora que Pedro no est\u00e1. Cu\u00e1nto tiempo le cost\u00f3 entender que el joven no merec\u00eda tenerla a su lado y cu\u00e1nto tiempo m\u00e1s tard\u00f3 en aceptar que ella tampoco lo merec\u00eda a \u00e9l. Sus mundos alejados intentaban convivir en un mismo universo imposible de entender en conjunto. En lo m\u00e1s profundo de su ser, Julia siempre supo que era momento de partir. La necesidad de alejarse la sent\u00eda en su cuerpo, en sus deseos y, sobre todo, en su sonrisa. La libertad se convirti\u00f3 en prisi\u00f3n cuando los abrazos comenzaron a escasear y las l\u00e1grimas se empezaron chocar con sus labios, dejando un infinito rastro de sal. Los besos dejaron de ser un comienzo y se transformaron en despedidas inevitables. En el fondo uno siempre sabe cuando debe irse pero no se va, por miedo, por inseguridad, por la inmensa ca\u00edda. De un \u00abte necesito\u00bb a un \u00abte quiero\u00bb hay una ruptura de distancia.\" \/>\n<meta property=\"og:url\" content=\"https:\/\/letrame.com\/catalogo\/producto\/mama-me-duele-el-corazon\/\" \/>\n<meta property=\"og:site_name\" content=\"Catalogo | Letrame Grupo Editorial\" \/>\n<meta property=\"article:modified_time\" content=\"2024-04-29T13:56:42+00:00\" \/>\n<meta property=\"og:image\" content=\"https:\/\/letrame.com\/catalogo\/wp-content\/uploads\/2024\/04\/webportada_mamameduele_114mm-copia-compressed-scaled-1.jpg\" \/>\n\t<meta property=\"og:image:width\" content=\"1746\" \/>\n\t<meta property=\"og:image:height\" content=\"2560\" \/>\n\t<meta property=\"og:image:type\" content=\"image\/jpeg\" \/>\n<meta name=\"twitter:card\" content=\"summary_large_image\" \/>\n<meta name=\"twitter:label1\" content=\"Tiempo de lectura\" \/>\n\t<meta name=\"twitter:data1\" content=\"1 minuto\" \/>\n<script type=\"application\/ld+json\" class=\"yoast-schema-graph\">{\"@context\":\"https:\\\/\\\/schema.org\",\"@graph\":[{\"@type\":\"WebPage\",\"@id\":\"https:\\\/\\\/letrame.com\\\/catalogo\\\/producto\\\/mama-me-duele-el-corazon\\\/\",\"url\":\"https:\\\/\\\/letrame.com\\\/catalogo\\\/producto\\\/mama-me-duele-el-corazon\\\/\",\"name\":\"Mam\u00e1, me duele el coraz\u00f3n - Catalogo | Letrame Grupo Editorial\",\"isPartOf\":{\"@id\":\"https:\\\/\\\/letrame.com\\\/catalogo\\\/#website\"},\"primaryImageOfPage\":{\"@id\":\"https:\\\/\\\/letrame.com\\\/catalogo\\\/producto\\\/mama-me-duele-el-corazon\\\/#primaryimage\"},\"image\":{\"@id\":\"https:\\\/\\\/letrame.com\\\/catalogo\\\/producto\\\/mama-me-duele-el-corazon\\\/#primaryimage\"},\"thumbnailUrl\":\"https:\\\/\\\/letrame.com\\\/catalogo\\\/wp-content\\\/uploads\\\/2024\\\/04\\\/webportada_mamameduele_114mm-copia-compressed-scaled-1.jpg\",\"datePublished\":\"2024-04-29T13:56:14+00:00\",\"dateModified\":\"2024-04-29T13:56:42+00:00\",\"breadcrumb\":{\"@id\":\"https:\\\/\\\/letrame.com\\\/catalogo\\\/producto\\\/mama-me-duele-el-corazon\\\/#breadcrumb\"},\"inLanguage\":\"es\",\"potentialAction\":[{\"@type\":\"ReadAction\",\"target\":[\"https:\\\/\\\/letrame.com\\\/catalogo\\\/producto\\\/mama-me-duele-el-corazon\\\/\"]}]},{\"@type\":\"ImageObject\",\"inLanguage\":\"es\",\"@id\":\"https:\\\/\\\/letrame.com\\\/catalogo\\\/producto\\\/mama-me-duele-el-corazon\\\/#primaryimage\",\"url\":\"https:\\\/\\\/letrame.com\\\/catalogo\\\/wp-content\\\/uploads\\\/2024\\\/04\\\/webportada_mamameduele_114mm-copia-compressed-scaled-1.jpg\",\"contentUrl\":\"https:\\\/\\\/letrame.com\\\/catalogo\\\/wp-content\\\/uploads\\\/2024\\\/04\\\/webportada_mamameduele_114mm-copia-compressed-scaled-1.jpg\",\"width\":1746,\"height\":2560},{\"@type\":\"BreadcrumbList\",\"@id\":\"https:\\\/\\\/letrame.com\\\/catalogo\\\/producto\\\/mama-me-duele-el-corazon\\\/#breadcrumb\",\"itemListElement\":[{\"@type\":\"ListItem\",\"position\":1,\"name\":\"Portada\",\"item\":\"https:\\\/\\\/letrame.com\\\/catalogo\\\/\"},{\"@type\":\"ListItem\",\"position\":2,\"name\":\"Cat\u00e1logo\",\"item\":\"https:\\\/\\\/letrame.com\\\/catalogo\\\/\"},{\"@type\":\"ListItem\",\"position\":3,\"name\":\"Mam\u00e1, me duele el coraz\u00f3n\"}]},{\"@type\":\"WebSite\",\"@id\":\"https:\\\/\\\/letrame.com\\\/catalogo\\\/#website\",\"url\":\"https:\\\/\\\/letrame.com\\\/catalogo\\\/\",\"name\":\"Catalogo | Letrame Grupo Editorial\",\"description\":\"\",\"publisher\":{\"@id\":\"https:\\\/\\\/letrame.com\\\/catalogo\\\/#organization\"},\"potentialAction\":[{\"@type\":\"SearchAction\",\"target\":{\"@type\":\"EntryPoint\",\"urlTemplate\":\"https:\\\/\\\/letrame.com\\\/catalogo\\\/?s={search_term_string}\"},\"query-input\":{\"@type\":\"PropertyValueSpecification\",\"valueRequired\":true,\"valueName\":\"search_term_string\"}}],\"inLanguage\":\"es\"},{\"@type\":\"Organization\",\"@id\":\"https:\\\/\\\/letrame.com\\\/catalogo\\\/#organization\",\"name\":\"Catalogo | Letrame Grupo Editorial\",\"url\":\"https:\\\/\\\/letrame.com\\\/catalogo\\\/\",\"logo\":{\"@type\":\"ImageObject\",\"inLanguage\":\"es\",\"@id\":\"https:\\\/\\\/letrame.com\\\/catalogo\\\/#\\\/schema\\\/logo\\\/image\\\/\",\"url\":\"https:\\\/\\\/letrame.com\\\/catalogo\\\/wp-content\\\/uploads\\\/2024\\\/03\\\/logo2.webp\",\"contentUrl\":\"https:\\\/\\\/letrame.com\\\/catalogo\\\/wp-content\\\/uploads\\\/2024\\\/03\\\/logo2.webp\",\"width\":394,\"height\":128,\"caption\":\"Catalogo | Letrame Grupo Editorial\"},\"image\":{\"@id\":\"https:\\\/\\\/letrame.com\\\/catalogo\\\/#\\\/schema\\\/logo\\\/image\\\/\"}}]}<\/script>\n<!-- \/ Yoast SEO plugin. -->","yoast_head_json":{"title":"Mam\u00e1, me duele el coraz\u00f3n - Catalogo | Letrame Grupo Editorial","robots":{"index":"index","follow":"follow","max-snippet":"max-snippet:-1","max-image-preview":"max-image-preview:large","max-video-preview":"max-video-preview:-1"},"canonical":"https:\/\/letrame.com\/catalogo\/producto\/mama-me-duele-el-corazon\/","og_locale":"es_ES","og_type":"article","og_title":"Mam\u00e1, me duele el coraz\u00f3n - Catalogo | Letrame Grupo Editorial","og_description":"ISBN: 978-84-1181-177-4 SINOPSIS Julia vive con el miedo de no encontrarse a ella misma ahora que Pedro no est\u00e1. Cu\u00e1nto tiempo le cost\u00f3 entender que el joven no merec\u00eda tenerla a su lado y cu\u00e1nto tiempo m\u00e1s tard\u00f3 en aceptar que ella tampoco lo merec\u00eda a \u00e9l. Sus mundos alejados intentaban convivir en un mismo universo imposible de entender en conjunto. En lo m\u00e1s profundo de su ser, Julia siempre supo que era momento de partir. La necesidad de alejarse la sent\u00eda en su cuerpo, en sus deseos y, sobre todo, en su sonrisa. La libertad se convirti\u00f3 en prisi\u00f3n cuando los abrazos comenzaron a escasear y las l\u00e1grimas se empezaron chocar con sus labios, dejando un infinito rastro de sal. Los besos dejaron de ser un comienzo y se transformaron en despedidas inevitables. En el fondo uno siempre sabe cuando debe irse pero no se va, por miedo, por inseguridad, por la inmensa ca\u00edda. De un \u00abte necesito\u00bb a un \u00abte quiero\u00bb hay una ruptura de distancia.","og_url":"https:\/\/letrame.com\/catalogo\/producto\/mama-me-duele-el-corazon\/","og_site_name":"Catalogo | Letrame Grupo Editorial","article_modified_time":"2024-04-29T13:56:42+00:00","og_image":[{"width":1746,"height":2560,"url":"https:\/\/letrame.com\/catalogo\/wp-content\/uploads\/2024\/04\/webportada_mamameduele_114mm-copia-compressed-scaled-1.jpg","type":"image\/jpeg"}],"twitter_card":"summary_large_image","twitter_misc":{"Tiempo de lectura":"1 minuto"},"schema":{"@context":"https:\/\/schema.org","@graph":[{"@type":"WebPage","@id":"https:\/\/letrame.com\/catalogo\/producto\/mama-me-duele-el-corazon\/","url":"https:\/\/letrame.com\/catalogo\/producto\/mama-me-duele-el-corazon\/","name":"Mam\u00e1, me duele el coraz\u00f3n - Catalogo | Letrame Grupo Editorial","isPartOf":{"@id":"https:\/\/letrame.com\/catalogo\/#website"},"primaryImageOfPage":{"@id":"https:\/\/letrame.com\/catalogo\/producto\/mama-me-duele-el-corazon\/#primaryimage"},"image":{"@id":"https:\/\/letrame.com\/catalogo\/producto\/mama-me-duele-el-corazon\/#primaryimage"},"thumbnailUrl":"https:\/\/letrame.com\/catalogo\/wp-content\/uploads\/2024\/04\/webportada_mamameduele_114mm-copia-compressed-scaled-1.jpg","datePublished":"2024-04-29T13:56:14+00:00","dateModified":"2024-04-29T13:56:42+00:00","breadcrumb":{"@id":"https:\/\/letrame.com\/catalogo\/producto\/mama-me-duele-el-corazon\/#breadcrumb"},"inLanguage":"es","potentialAction":[{"@type":"ReadAction","target":["https:\/\/letrame.com\/catalogo\/producto\/mama-me-duele-el-corazon\/"]}]},{"@type":"ImageObject","inLanguage":"es","@id":"https:\/\/letrame.com\/catalogo\/producto\/mama-me-duele-el-corazon\/#primaryimage","url":"https:\/\/letrame.com\/catalogo\/wp-content\/uploads\/2024\/04\/webportada_mamameduele_114mm-copia-compressed-scaled-1.jpg","contentUrl":"https:\/\/letrame.com\/catalogo\/wp-content\/uploads\/2024\/04\/webportada_mamameduele_114mm-copia-compressed-scaled-1.jpg","width":1746,"height":2560},{"@type":"BreadcrumbList","@id":"https:\/\/letrame.com\/catalogo\/producto\/mama-me-duele-el-corazon\/#breadcrumb","itemListElement":[{"@type":"ListItem","position":1,"name":"Portada","item":"https:\/\/letrame.com\/catalogo\/"},{"@type":"ListItem","position":2,"name":"Cat\u00e1logo","item":"https:\/\/letrame.com\/catalogo\/"},{"@type":"ListItem","position":3,"name":"Mam\u00e1, me duele el coraz\u00f3n"}]},{"@type":"WebSite","@id":"https:\/\/letrame.com\/catalogo\/#website","url":"https:\/\/letrame.com\/catalogo\/","name":"Catalogo | Letrame Grupo Editorial","description":"","publisher":{"@id":"https:\/\/letrame.com\/catalogo\/#organization"},"potentialAction":[{"@type":"SearchAction","target":{"@type":"EntryPoint","urlTemplate":"https:\/\/letrame.com\/catalogo\/?s={search_term_string}"},"query-input":{"@type":"PropertyValueSpecification","valueRequired":true,"valueName":"search_term_string"}}],"inLanguage":"es"},{"@type":"Organization","@id":"https:\/\/letrame.com\/catalogo\/#organization","name":"Catalogo | Letrame Grupo Editorial","url":"https:\/\/letrame.com\/catalogo\/","logo":{"@type":"ImageObject","inLanguage":"es","@id":"https:\/\/letrame.com\/catalogo\/#\/schema\/logo\/image\/","url":"https:\/\/letrame.com\/catalogo\/wp-content\/uploads\/2024\/03\/logo2.webp","contentUrl":"https:\/\/letrame.com\/catalogo\/wp-content\/uploads\/2024\/03\/logo2.webp","width":394,"height":128,"caption":"Catalogo | Letrame Grupo Editorial"},"image":{"@id":"https:\/\/letrame.com\/catalogo\/#\/schema\/logo\/image\/"}}]}},"_links":{"self":[{"href":"https:\/\/letrame.com\/catalogo\/wp-json\/wp\/v2\/product\/99197","targetHints":{"allow":["GET"]}}],"collection":[{"href":"https:\/\/letrame.com\/catalogo\/wp-json\/wp\/v2\/product"}],"about":[{"href":"https:\/\/letrame.com\/catalogo\/wp-json\/wp\/v2\/types\/product"}],"replies":[{"embeddable":true,"href":"https:\/\/letrame.com\/catalogo\/wp-json\/wp\/v2\/comments?post=99197"}],"acf:post":[{"embeddable":true,"href":"https:\/\/letrame.com\/catalogo\/wp-json\/wp\/v2\/author_book\/77561"}],"wp:featuredmedia":[{"embeddable":true,"href":"https:\/\/letrame.com\/catalogo\/wp-json\/wp\/v2\/media\/99198"}],"wp:attachment":[{"href":"https:\/\/letrame.com\/catalogo\/wp-json\/wp\/v2\/media?parent=99197"}],"wp:term":[{"taxonomy":"libro","embeddable":true,"href":"https:\/\/letrame.com\/catalogo\/wp-json\/wp\/v2\/libro?post=99197"},{"taxonomy":"product_brand","embeddable":true,"href":"https:\/\/letrame.com\/catalogo\/wp-json\/wp\/v2\/product_brand?post=99197"},{"taxonomy":"product_cat","embeddable":true,"href":"https:\/\/letrame.com\/catalogo\/wp-json\/wp\/v2\/product_cat?post=99197"},{"taxonomy":"product_tag","embeddable":true,"href":"https:\/\/letrame.com\/catalogo\/wp-json\/wp\/v2\/product_tag?post=99197"}],"curies":[{"name":"wp","href":"https:\/\/api.w.org\/{rel}","templated":true}]}}