{"id":99189,"date":"2024-04-29T15:55:12","date_gmt":"2024-04-29T13:55:12","guid":{"rendered":"https:\/\/letrame.com\/catalogo\/producto\/siete-generaciones\/"},"modified":"2024-04-29T15:55:32","modified_gmt":"2024-04-29T13:55:32","slug":"siete-generaciones","status":"publish","type":"product","link":"https:\/\/letrame.com\/catalogo\/producto\/siete-generaciones\/","title":{"rendered":"Siete generaciones"},"content":{"rendered":"<p><strong>ISBN<\/strong>: 978-84-1181-121-7<\/p>\n<p><strong>T\u00edtulo<\/strong>: Siete generaciones<br \/>\n<strong>Fecha<\/strong>: 2023<br \/>\n<strong>P\u00e1ginas<\/strong>: 300<\/p>\n<p><strong>SINOPSIS<\/strong><\/p>\n<p>La elaboraci\u00f3n del \u00e1rbol geneal\u00f3gico es el detonante que enciende la mecha y anima e ilusiona a su autor, ya jubilado y con tiempo disponible para ello, a seguir indagando sobre la familia y escribir un relato acerca de ella.<\/p>\n<p>La narraci\u00f3n comienza a tomar forma, y los datos y notas recabados, as\u00ed como los testimonios de familiares, permiten hacer crecer el relato hasta convertirse en el presente libro, basado \u00edntegramente en hechos reales, que otorga a los personajes, que son cada uno de los familiares, el protagonismo que se merecen.<\/p>\n<p>SIETE GENERACIONES incorpora a la historia familiar, entrelaz\u00e1ndose con ella, situaciones relevantes de la \u00e9poca en el orden pol\u00edtico, econ\u00f3mico y social, incluyendo asimismo una serie de an\u00e9cdotas de los personajes, y complet\u00e1ndose con la inserci\u00f3n entre el texto de la narraci\u00f3n de 166 fotograf\u00edas, en blanco y negro, alusivas a los familiares y a lugares emblem\u00e1ticos.<\/p>\n","protected":false},"excerpt":{"rendered":"<p><strong>ISBN<\/strong>: 978-84-1181-121-7<\/p>\n<p><strong>SINOPSIS<\/strong><\/p>\n<p>La elaboraci\u00f3n del \u00e1rbol geneal\u00f3gico es el detonante que enciende la mecha y anima e ilusiona a su autor, ya jubilado y con tiempo disponible para ello, a seguir indagando sobre la familia y escribir un relato acerca de ella.<\/p>\n<p>La narraci\u00f3n comienza a tomar forma, y los datos y notas recabados, as\u00ed como los testimonios de familiares, permiten hacer crecer el relato hasta convertirse en el presente libro, basado \u00edntegramente en hechos reales, que otorga a los personajes, que son cada uno de los familiares, el protagonismo que se merecen.<\/p>\n<p>SIETE GENERACIONES incorpora a la historia familiar, entrelaz\u00e1ndose con ella, situaciones relevantes de la \u00e9poca en el orden pol\u00edtico, econ\u00f3mico y social, incluyendo asimismo una serie de an\u00e9cdotas de los personajes, y complet\u00e1ndose con la inserci\u00f3n entre el texto de la narraci\u00f3n de 166 fotograf\u00edas, en blanco y negro, alusivas a los familiares y a lugares emblem\u00e1ticos.<\/p>\n","protected":false},"featured_media":99190,"comment_status":"closed","ping_status":"open","template":"","meta":{"_acf_changed":false},"libro":[],"product_brand":[],"product_cat":[26],"product_tag":[],"class_list":{"0":"post-99189","1":"product","2":"type-product","3":"status-publish","4":"has-post-thumbnail","6":"product_cat-sin-categoria","8":"first","9":"instock","10":"product-type-simple"},"acf":{"autor":[77556],"enlace_de_compra":""},"yoast_head":"<!-- This site is optimized with the Yoast SEO plugin v27.4 - https:\/\/yoast.com\/product\/yoast-seo-wordpress\/ -->\n<title>Siete generaciones - Catalogo | Letrame Grupo Editorial<\/title>\n<meta name=\"robots\" content=\"index, follow, max-snippet:-1, max-image-preview:large, max-video-preview:-1\" \/>\n<link rel=\"canonical\" href=\"https:\/\/letrame.com\/catalogo\/producto\/siete-generaciones\/\" \/>\n<meta property=\"og:locale\" content=\"es_ES\" \/>\n<meta property=\"og:type\" content=\"article\" \/>\n<meta property=\"og:title\" content=\"Siete generaciones - Catalogo | Letrame Grupo Editorial\" \/>\n<meta property=\"og:description\" content=\"ISBN: 978-84-1181-121-7 SINOPSIS La elaboraci\u00f3n del \u00e1rbol geneal\u00f3gico es el detonante que enciende la mecha y anima e ilusiona a su autor, ya jubilado y con tiempo disponible para ello, a seguir indagando sobre la familia y escribir un relato acerca de ella. La narraci\u00f3n comienza a tomar forma, y los datos y notas recabados, as\u00ed como los testimonios de familiares, permiten hacer crecer el relato hasta convertirse en el presente libro, basado \u00edntegramente en hechos reales, que otorga a los personajes, que son cada uno de los familiares, el protagonismo que se merecen. SIETE GENERACIONES incorpora a la historia familiar, entrelaz\u00e1ndose con ella, situaciones relevantes de la \u00e9poca en el orden pol\u00edtico, econ\u00f3mico y social, incluyendo asimismo una serie de an\u00e9cdotas de los personajes, y complet\u00e1ndose con la inserci\u00f3n entre el texto de la narraci\u00f3n de 166 fotograf\u00edas, en blanco y negro, alusivas a los familiares y a lugares emblem\u00e1ticos.\" \/>\n<meta property=\"og:url\" content=\"https:\/\/letrame.com\/catalogo\/producto\/siete-generaciones\/\" \/>\n<meta property=\"og:site_name\" content=\"Catalogo | Letrame Grupo Editorial\" \/>\n<meta property=\"article:modified_time\" content=\"2024-04-29T13:55:32+00:00\" \/>\n<meta property=\"og:image\" content=\"https:\/\/letrame.com\/catalogo\/wp-content\/uploads\/2024\/04\/webportada_sietegeneraciones_1491mm-compressed-scaled-1.jpg\" \/>\n\t<meta property=\"og:image:width\" content=\"1813\" \/>\n\t<meta property=\"og:image:height\" content=\"2560\" \/>\n\t<meta property=\"og:image:type\" content=\"image\/jpeg\" \/>\n<meta name=\"twitter:card\" content=\"summary_large_image\" \/>\n<meta name=\"twitter:label1\" content=\"Tiempo de lectura\" \/>\n\t<meta name=\"twitter:data1\" content=\"1 minuto\" \/>\n<script type=\"application\/ld+json\" class=\"yoast-schema-graph\">{\"@context\":\"https:\\\/\\\/schema.org\",\"@graph\":[{\"@type\":\"WebPage\",\"@id\":\"https:\\\/\\\/letrame.com\\\/catalogo\\\/producto\\\/siete-generaciones\\\/\",\"url\":\"https:\\\/\\\/letrame.com\\\/catalogo\\\/producto\\\/siete-generaciones\\\/\",\"name\":\"Siete generaciones - Catalogo | Letrame Grupo Editorial\",\"isPartOf\":{\"@id\":\"https:\\\/\\\/letrame.com\\\/catalogo\\\/#website\"},\"primaryImageOfPage\":{\"@id\":\"https:\\\/\\\/letrame.com\\\/catalogo\\\/producto\\\/siete-generaciones\\\/#primaryimage\"},\"image\":{\"@id\":\"https:\\\/\\\/letrame.com\\\/catalogo\\\/producto\\\/siete-generaciones\\\/#primaryimage\"},\"thumbnailUrl\":\"https:\\\/\\\/letrame.com\\\/catalogo\\\/wp-content\\\/uploads\\\/2024\\\/04\\\/webportada_sietegeneraciones_1491mm-compressed-scaled-1.jpg\",\"datePublished\":\"2024-04-29T13:55:12+00:00\",\"dateModified\":\"2024-04-29T13:55:32+00:00\",\"breadcrumb\":{\"@id\":\"https:\\\/\\\/letrame.com\\\/catalogo\\\/producto\\\/siete-generaciones\\\/#breadcrumb\"},\"inLanguage\":\"es\",\"potentialAction\":[{\"@type\":\"ReadAction\",\"target\":[\"https:\\\/\\\/letrame.com\\\/catalogo\\\/producto\\\/siete-generaciones\\\/\"]}]},{\"@type\":\"ImageObject\",\"inLanguage\":\"es\",\"@id\":\"https:\\\/\\\/letrame.com\\\/catalogo\\\/producto\\\/siete-generaciones\\\/#primaryimage\",\"url\":\"https:\\\/\\\/letrame.com\\\/catalogo\\\/wp-content\\\/uploads\\\/2024\\\/04\\\/webportada_sietegeneraciones_1491mm-compressed-scaled-1.jpg\",\"contentUrl\":\"https:\\\/\\\/letrame.com\\\/catalogo\\\/wp-content\\\/uploads\\\/2024\\\/04\\\/webportada_sietegeneraciones_1491mm-compressed-scaled-1.jpg\",\"width\":1813,\"height\":2560},{\"@type\":\"BreadcrumbList\",\"@id\":\"https:\\\/\\\/letrame.com\\\/catalogo\\\/producto\\\/siete-generaciones\\\/#breadcrumb\",\"itemListElement\":[{\"@type\":\"ListItem\",\"position\":1,\"name\":\"Portada\",\"item\":\"https:\\\/\\\/letrame.com\\\/catalogo\\\/\"},{\"@type\":\"ListItem\",\"position\":2,\"name\":\"Cat\u00e1logo\",\"item\":\"https:\\\/\\\/letrame.com\\\/catalogo\\\/\"},{\"@type\":\"ListItem\",\"position\":3,\"name\":\"Siete generaciones\"}]},{\"@type\":\"WebSite\",\"@id\":\"https:\\\/\\\/letrame.com\\\/catalogo\\\/#website\",\"url\":\"https:\\\/\\\/letrame.com\\\/catalogo\\\/\",\"name\":\"Catalogo | Letrame Grupo Editorial\",\"description\":\"\",\"publisher\":{\"@id\":\"https:\\\/\\\/letrame.com\\\/catalogo\\\/#organization\"},\"potentialAction\":[{\"@type\":\"SearchAction\",\"target\":{\"@type\":\"EntryPoint\",\"urlTemplate\":\"https:\\\/\\\/letrame.com\\\/catalogo\\\/?s={search_term_string}\"},\"query-input\":{\"@type\":\"PropertyValueSpecification\",\"valueRequired\":true,\"valueName\":\"search_term_string\"}}],\"inLanguage\":\"es\"},{\"@type\":\"Organization\",\"@id\":\"https:\\\/\\\/letrame.com\\\/catalogo\\\/#organization\",\"name\":\"Catalogo | Letrame Grupo Editorial\",\"url\":\"https:\\\/\\\/letrame.com\\\/catalogo\\\/\",\"logo\":{\"@type\":\"ImageObject\",\"inLanguage\":\"es\",\"@id\":\"https:\\\/\\\/letrame.com\\\/catalogo\\\/#\\\/schema\\\/logo\\\/image\\\/\",\"url\":\"https:\\\/\\\/letrame.com\\\/catalogo\\\/wp-content\\\/uploads\\\/2024\\\/03\\\/logo2.webp\",\"contentUrl\":\"https:\\\/\\\/letrame.com\\\/catalogo\\\/wp-content\\\/uploads\\\/2024\\\/03\\\/logo2.webp\",\"width\":394,\"height\":128,\"caption\":\"Catalogo | Letrame Grupo Editorial\"},\"image\":{\"@id\":\"https:\\\/\\\/letrame.com\\\/catalogo\\\/#\\\/schema\\\/logo\\\/image\\\/\"}}]}<\/script>\n<!-- \/ Yoast SEO plugin. -->","yoast_head_json":{"title":"Siete generaciones - Catalogo | Letrame Grupo Editorial","robots":{"index":"index","follow":"follow","max-snippet":"max-snippet:-1","max-image-preview":"max-image-preview:large","max-video-preview":"max-video-preview:-1"},"canonical":"https:\/\/letrame.com\/catalogo\/producto\/siete-generaciones\/","og_locale":"es_ES","og_type":"article","og_title":"Siete generaciones - Catalogo | Letrame Grupo Editorial","og_description":"ISBN: 978-84-1181-121-7 SINOPSIS La elaboraci\u00f3n del \u00e1rbol geneal\u00f3gico es el detonante que enciende la mecha y anima e ilusiona a su autor, ya jubilado y con tiempo disponible para ello, a seguir indagando sobre la familia y escribir un relato acerca de ella. La narraci\u00f3n comienza a tomar forma, y los datos y notas recabados, as\u00ed como los testimonios de familiares, permiten hacer crecer el relato hasta convertirse en el presente libro, basado \u00edntegramente en hechos reales, que otorga a los personajes, que son cada uno de los familiares, el protagonismo que se merecen. SIETE GENERACIONES incorpora a la historia familiar, entrelaz\u00e1ndose con ella, situaciones relevantes de la \u00e9poca en el orden pol\u00edtico, econ\u00f3mico y social, incluyendo asimismo una serie de an\u00e9cdotas de los personajes, y complet\u00e1ndose con la inserci\u00f3n entre el texto de la narraci\u00f3n de 166 fotograf\u00edas, en blanco y negro, alusivas a los familiares y a lugares emblem\u00e1ticos.","og_url":"https:\/\/letrame.com\/catalogo\/producto\/siete-generaciones\/","og_site_name":"Catalogo | Letrame Grupo Editorial","article_modified_time":"2024-04-29T13:55:32+00:00","og_image":[{"width":1813,"height":2560,"url":"https:\/\/letrame.com\/catalogo\/wp-content\/uploads\/2024\/04\/webportada_sietegeneraciones_1491mm-compressed-scaled-1.jpg","type":"image\/jpeg"}],"twitter_card":"summary_large_image","twitter_misc":{"Tiempo de lectura":"1 minuto"},"schema":{"@context":"https:\/\/schema.org","@graph":[{"@type":"WebPage","@id":"https:\/\/letrame.com\/catalogo\/producto\/siete-generaciones\/","url":"https:\/\/letrame.com\/catalogo\/producto\/siete-generaciones\/","name":"Siete generaciones - Catalogo | Letrame Grupo Editorial","isPartOf":{"@id":"https:\/\/letrame.com\/catalogo\/#website"},"primaryImageOfPage":{"@id":"https:\/\/letrame.com\/catalogo\/producto\/siete-generaciones\/#primaryimage"},"image":{"@id":"https:\/\/letrame.com\/catalogo\/producto\/siete-generaciones\/#primaryimage"},"thumbnailUrl":"https:\/\/letrame.com\/catalogo\/wp-content\/uploads\/2024\/04\/webportada_sietegeneraciones_1491mm-compressed-scaled-1.jpg","datePublished":"2024-04-29T13:55:12+00:00","dateModified":"2024-04-29T13:55:32+00:00","breadcrumb":{"@id":"https:\/\/letrame.com\/catalogo\/producto\/siete-generaciones\/#breadcrumb"},"inLanguage":"es","potentialAction":[{"@type":"ReadAction","target":["https:\/\/letrame.com\/catalogo\/producto\/siete-generaciones\/"]}]},{"@type":"ImageObject","inLanguage":"es","@id":"https:\/\/letrame.com\/catalogo\/producto\/siete-generaciones\/#primaryimage","url":"https:\/\/letrame.com\/catalogo\/wp-content\/uploads\/2024\/04\/webportada_sietegeneraciones_1491mm-compressed-scaled-1.jpg","contentUrl":"https:\/\/letrame.com\/catalogo\/wp-content\/uploads\/2024\/04\/webportada_sietegeneraciones_1491mm-compressed-scaled-1.jpg","width":1813,"height":2560},{"@type":"BreadcrumbList","@id":"https:\/\/letrame.com\/catalogo\/producto\/siete-generaciones\/#breadcrumb","itemListElement":[{"@type":"ListItem","position":1,"name":"Portada","item":"https:\/\/letrame.com\/catalogo\/"},{"@type":"ListItem","position":2,"name":"Cat\u00e1logo","item":"https:\/\/letrame.com\/catalogo\/"},{"@type":"ListItem","position":3,"name":"Siete generaciones"}]},{"@type":"WebSite","@id":"https:\/\/letrame.com\/catalogo\/#website","url":"https:\/\/letrame.com\/catalogo\/","name":"Catalogo | Letrame Grupo Editorial","description":"","publisher":{"@id":"https:\/\/letrame.com\/catalogo\/#organization"},"potentialAction":[{"@type":"SearchAction","target":{"@type":"EntryPoint","urlTemplate":"https:\/\/letrame.com\/catalogo\/?s={search_term_string}"},"query-input":{"@type":"PropertyValueSpecification","valueRequired":true,"valueName":"search_term_string"}}],"inLanguage":"es"},{"@type":"Organization","@id":"https:\/\/letrame.com\/catalogo\/#organization","name":"Catalogo | Letrame Grupo Editorial","url":"https:\/\/letrame.com\/catalogo\/","logo":{"@type":"ImageObject","inLanguage":"es","@id":"https:\/\/letrame.com\/catalogo\/#\/schema\/logo\/image\/","url":"https:\/\/letrame.com\/catalogo\/wp-content\/uploads\/2024\/03\/logo2.webp","contentUrl":"https:\/\/letrame.com\/catalogo\/wp-content\/uploads\/2024\/03\/logo2.webp","width":394,"height":128,"caption":"Catalogo | Letrame Grupo Editorial"},"image":{"@id":"https:\/\/letrame.com\/catalogo\/#\/schema\/logo\/image\/"}}]}},"_links":{"self":[{"href":"https:\/\/letrame.com\/catalogo\/wp-json\/wp\/v2\/product\/99189","targetHints":{"allow":["GET"]}}],"collection":[{"href":"https:\/\/letrame.com\/catalogo\/wp-json\/wp\/v2\/product"}],"about":[{"href":"https:\/\/letrame.com\/catalogo\/wp-json\/wp\/v2\/types\/product"}],"replies":[{"embeddable":true,"href":"https:\/\/letrame.com\/catalogo\/wp-json\/wp\/v2\/comments?post=99189"}],"acf:post":[{"embeddable":true,"href":"https:\/\/letrame.com\/catalogo\/wp-json\/wp\/v2\/author_book\/77556"}],"wp:featuredmedia":[{"embeddable":true,"href":"https:\/\/letrame.com\/catalogo\/wp-json\/wp\/v2\/media\/99190"}],"wp:attachment":[{"href":"https:\/\/letrame.com\/catalogo\/wp-json\/wp\/v2\/media?parent=99189"}],"wp:term":[{"taxonomy":"libro","embeddable":true,"href":"https:\/\/letrame.com\/catalogo\/wp-json\/wp\/v2\/libro?post=99189"},{"taxonomy":"product_brand","embeddable":true,"href":"https:\/\/letrame.com\/catalogo\/wp-json\/wp\/v2\/product_brand?post=99189"},{"taxonomy":"product_cat","embeddable":true,"href":"https:\/\/letrame.com\/catalogo\/wp-json\/wp\/v2\/product_cat?post=99189"},{"taxonomy":"product_tag","embeddable":true,"href":"https:\/\/letrame.com\/catalogo\/wp-json\/wp\/v2\/product_tag?post=99189"}],"curies":[{"name":"wp","href":"https:\/\/api.w.org\/{rel}","templated":true}]}}