{"id":99185,"date":"2024-04-29T15:54:18","date_gmt":"2024-04-29T13:54:18","guid":{"rendered":"https:\/\/letrame.com\/catalogo\/producto\/el-poder-de-la-sesion-del-masaje-y-su-funcion\/"},"modified":"2024-04-29T15:54:47","modified_gmt":"2024-04-29T13:54:47","slug":"el-poder-de-la-sesion-del-masaje-y-su-funcion","status":"publish","type":"product","link":"https:\/\/letrame.com\/catalogo\/producto\/el-poder-de-la-sesion-del-masaje-y-su-funcion\/","title":{"rendered":"El Poder De La Sesi\u00f3n Del Masaje Y Su Funci\u00f3n"},"content":{"rendered":"<p><strong>ISBN<\/strong>: 978-84-1181-172-9<\/p>\n<p><strong>T\u00edtulo<\/strong>: El Poder De La Sesi\u00f3n Del Masaje Y Su Funci\u00f3n<br \/>\n<strong>Fecha<\/strong>: 2023<br \/>\n<strong>P\u00e1ginas<\/strong>: 284<\/p>\n<p><strong>SINOPSIS<\/strong><\/p>\n<p>La salud es, por encima de cualquier otra cosa, lo primero. Este es un principio con el que todos estaremos de acuerdo. Sin embargo, solo saltan las alarmas cuando llega el dolor y una posible lesi\u00f3n lumbar, cervical o fracturas de diversa \u00edndole amenazan con transformar nuestra rutina.<\/p>\n<p>El poder de la sesi\u00f3n del masaje y su funci\u00f3n, de Fernando Liarte Cig\u00fcela, muestra, a trav\u00e9s del masaje y ejercicios similares, c\u00f3mo prevenir y aliviar el dolor; en definitiva, c\u00f3mo volver a reconocernos. Su gu\u00eda documenta maniobras sencillas, de gran variedad, aplicadas sobre casos reales e ilustradas, de manera que podamos afrontar la rehabilitaci\u00f3n de manera activa. Y si, en lugar de t\u00e9cnicas imposibles y p\u00f3cimas m\u00e1gicas, \u00bfel secreto estuviese en un masaje?<\/p>\n<p>&nbsp;<\/p>\n","protected":false},"excerpt":{"rendered":"<p><strong>ISBN<\/strong>: 978-84-1181-172-9<\/p>\n<p><strong>SINOPSIS<\/strong><\/p>\n<p>La salud es, por encima de cualquier otra cosa, lo primero. Este es un principio con el que todos estaremos de acuerdo. Sin embargo, solo saltan las alarmas cuando llega el dolor y una posible lesi\u00f3n lumbar, cervical o fracturas de diversa \u00edndole amenazan con transformar nuestra rutina.<\/p>\n<p>El poder de la sesi\u00f3n del masaje y su funci\u00f3n, de Fernando Liarte Cig\u00fcela, muestra, a trav\u00e9s del masaje y ejercicios similares, c\u00f3mo prevenir y aliviar el dolor; en definitiva, c\u00f3mo volver a reconocernos. Su gu\u00eda documenta maniobras sencillas, de gran variedad, aplicadas sobre casos reales e ilustradas, de manera que podamos afrontar la rehabilitaci\u00f3n de manera activa. Y si, en lugar de t\u00e9cnicas imposibles y p\u00f3cimas m\u00e1gicas, \u00bfel secreto estuviese en un masaje?<\/p>\n","protected":false},"featured_media":99186,"comment_status":"closed","ping_status":"open","template":"","meta":{"_acf_changed":false},"libro":[],"product_brand":[],"product_cat":[26],"product_tag":[],"class_list":{"0":"post-99185","1":"product","2":"type-product","3":"status-publish","4":"has-post-thumbnail","6":"product_cat-sin-categoria","8":"first","9":"instock","10":"product-type-simple"},"acf":{"autor":[77554],"enlace_de_compra":"https:\/\/www.amazon.es\/El-poder-sesi%C3%B3n-masaje-funci%C3%B3n\/dp\/8411811727\/"},"yoast_head":"<!-- This site is optimized with the Yoast SEO plugin v27.4 - https:\/\/yoast.com\/product\/yoast-seo-wordpress\/ -->\n<title>El Poder De La Sesi\u00f3n Del Masaje Y Su Funci\u00f3n - Catalogo | Letrame Grupo Editorial<\/title>\n<meta name=\"robots\" content=\"index, follow, max-snippet:-1, max-image-preview:large, max-video-preview:-1\" \/>\n<link rel=\"canonical\" href=\"https:\/\/letrame.com\/catalogo\/producto\/el-poder-de-la-sesion-del-masaje-y-su-funcion\/\" \/>\n<meta property=\"og:locale\" content=\"es_ES\" \/>\n<meta property=\"og:type\" content=\"article\" \/>\n<meta property=\"og:title\" content=\"El Poder De La Sesi\u00f3n Del Masaje Y Su Funci\u00f3n - Catalogo | Letrame Grupo Editorial\" \/>\n<meta property=\"og:description\" content=\"ISBN: 978-84-1181-172-9 SINOPSIS La salud es, por encima de cualquier otra cosa, lo primero. Este es un principio con el que todos estaremos de acuerdo. Sin embargo, solo saltan las alarmas cuando llega el dolor y una posible lesi\u00f3n lumbar, cervical o fracturas de diversa \u00edndole amenazan con transformar nuestra rutina. El poder de la sesi\u00f3n del masaje y su funci\u00f3n, de Fernando Liarte Cig\u00fcela, muestra, a trav\u00e9s del masaje y ejercicios similares, c\u00f3mo prevenir y aliviar el dolor; en definitiva, c\u00f3mo volver a reconocernos. Su gu\u00eda documenta maniobras sencillas, de gran variedad, aplicadas sobre casos reales e ilustradas, de manera que podamos afrontar la rehabilitaci\u00f3n de manera activa. Y si, en lugar de t\u00e9cnicas imposibles y p\u00f3cimas m\u00e1gicas, \u00bfel secreto estuviese en un masaje?\" \/>\n<meta property=\"og:url\" content=\"https:\/\/letrame.com\/catalogo\/producto\/el-poder-de-la-sesion-del-masaje-y-su-funcion\/\" \/>\n<meta property=\"og:site_name\" content=\"Catalogo | Letrame Grupo Editorial\" \/>\n<meta property=\"article:modified_time\" content=\"2024-04-29T13:54:47+00:00\" \/>\n<meta property=\"og:image\" content=\"https:\/\/letrame.com\/catalogo\/wp-content\/uploads\/2024\/04\/webportada_elpoderdelmasaje_86mm-compressed-scaled-1.jpg\" \/>\n\t<meta property=\"og:image:width\" content=\"1746\" \/>\n\t<meta property=\"og:image:height\" content=\"2560\" \/>\n\t<meta property=\"og:image:type\" content=\"image\/jpeg\" \/>\n<meta name=\"twitter:card\" content=\"summary_large_image\" \/>\n<meta name=\"twitter:label1\" content=\"Tiempo de lectura\" \/>\n\t<meta name=\"twitter:data1\" content=\"1 minuto\" \/>\n<script type=\"application\/ld+json\" class=\"yoast-schema-graph\">{\"@context\":\"https:\\\/\\\/schema.org\",\"@graph\":[{\"@type\":\"WebPage\",\"@id\":\"https:\\\/\\\/letrame.com\\\/catalogo\\\/producto\\\/el-poder-de-la-sesion-del-masaje-y-su-funcion\\\/\",\"url\":\"https:\\\/\\\/letrame.com\\\/catalogo\\\/producto\\\/el-poder-de-la-sesion-del-masaje-y-su-funcion\\\/\",\"name\":\"El Poder De La Sesi\u00f3n Del Masaje Y Su Funci\u00f3n - Catalogo | Letrame Grupo Editorial\",\"isPartOf\":{\"@id\":\"https:\\\/\\\/letrame.com\\\/catalogo\\\/#website\"},\"primaryImageOfPage\":{\"@id\":\"https:\\\/\\\/letrame.com\\\/catalogo\\\/producto\\\/el-poder-de-la-sesion-del-masaje-y-su-funcion\\\/#primaryimage\"},\"image\":{\"@id\":\"https:\\\/\\\/letrame.com\\\/catalogo\\\/producto\\\/el-poder-de-la-sesion-del-masaje-y-su-funcion\\\/#primaryimage\"},\"thumbnailUrl\":\"https:\\\/\\\/letrame.com\\\/catalogo\\\/wp-content\\\/uploads\\\/2024\\\/04\\\/webportada_elpoderdelmasaje_86mm-compressed-scaled-1.jpg\",\"datePublished\":\"2024-04-29T13:54:18+00:00\",\"dateModified\":\"2024-04-29T13:54:47+00:00\",\"breadcrumb\":{\"@id\":\"https:\\\/\\\/letrame.com\\\/catalogo\\\/producto\\\/el-poder-de-la-sesion-del-masaje-y-su-funcion\\\/#breadcrumb\"},\"inLanguage\":\"es\",\"potentialAction\":[{\"@type\":\"ReadAction\",\"target\":[\"https:\\\/\\\/letrame.com\\\/catalogo\\\/producto\\\/el-poder-de-la-sesion-del-masaje-y-su-funcion\\\/\"]}]},{\"@type\":\"ImageObject\",\"inLanguage\":\"es\",\"@id\":\"https:\\\/\\\/letrame.com\\\/catalogo\\\/producto\\\/el-poder-de-la-sesion-del-masaje-y-su-funcion\\\/#primaryimage\",\"url\":\"https:\\\/\\\/letrame.com\\\/catalogo\\\/wp-content\\\/uploads\\\/2024\\\/04\\\/webportada_elpoderdelmasaje_86mm-compressed-scaled-1.jpg\",\"contentUrl\":\"https:\\\/\\\/letrame.com\\\/catalogo\\\/wp-content\\\/uploads\\\/2024\\\/04\\\/webportada_elpoderdelmasaje_86mm-compressed-scaled-1.jpg\",\"width\":1746,\"height\":2560},{\"@type\":\"BreadcrumbList\",\"@id\":\"https:\\\/\\\/letrame.com\\\/catalogo\\\/producto\\\/el-poder-de-la-sesion-del-masaje-y-su-funcion\\\/#breadcrumb\",\"itemListElement\":[{\"@type\":\"ListItem\",\"position\":1,\"name\":\"Portada\",\"item\":\"https:\\\/\\\/letrame.com\\\/catalogo\\\/\"},{\"@type\":\"ListItem\",\"position\":2,\"name\":\"Cat\u00e1logo\",\"item\":\"https:\\\/\\\/letrame.com\\\/catalogo\\\/\"},{\"@type\":\"ListItem\",\"position\":3,\"name\":\"El Poder De La Sesi\u00f3n Del Masaje Y Su Funci\u00f3n\"}]},{\"@type\":\"WebSite\",\"@id\":\"https:\\\/\\\/letrame.com\\\/catalogo\\\/#website\",\"url\":\"https:\\\/\\\/letrame.com\\\/catalogo\\\/\",\"name\":\"Catalogo | Letrame Grupo Editorial\",\"description\":\"\",\"publisher\":{\"@id\":\"https:\\\/\\\/letrame.com\\\/catalogo\\\/#organization\"},\"potentialAction\":[{\"@type\":\"SearchAction\",\"target\":{\"@type\":\"EntryPoint\",\"urlTemplate\":\"https:\\\/\\\/letrame.com\\\/catalogo\\\/?s={search_term_string}\"},\"query-input\":{\"@type\":\"PropertyValueSpecification\",\"valueRequired\":true,\"valueName\":\"search_term_string\"}}],\"inLanguage\":\"es\"},{\"@type\":\"Organization\",\"@id\":\"https:\\\/\\\/letrame.com\\\/catalogo\\\/#organization\",\"name\":\"Catalogo | Letrame Grupo Editorial\",\"url\":\"https:\\\/\\\/letrame.com\\\/catalogo\\\/\",\"logo\":{\"@type\":\"ImageObject\",\"inLanguage\":\"es\",\"@id\":\"https:\\\/\\\/letrame.com\\\/catalogo\\\/#\\\/schema\\\/logo\\\/image\\\/\",\"url\":\"https:\\\/\\\/letrame.com\\\/catalogo\\\/wp-content\\\/uploads\\\/2024\\\/03\\\/logo2.webp\",\"contentUrl\":\"https:\\\/\\\/letrame.com\\\/catalogo\\\/wp-content\\\/uploads\\\/2024\\\/03\\\/logo2.webp\",\"width\":394,\"height\":128,\"caption\":\"Catalogo | Letrame Grupo Editorial\"},\"image\":{\"@id\":\"https:\\\/\\\/letrame.com\\\/catalogo\\\/#\\\/schema\\\/logo\\\/image\\\/\"}}]}<\/script>\n<!-- \/ Yoast SEO plugin. -->","yoast_head_json":{"title":"El Poder De La Sesi\u00f3n Del Masaje Y Su Funci\u00f3n - Catalogo | Letrame Grupo Editorial","robots":{"index":"index","follow":"follow","max-snippet":"max-snippet:-1","max-image-preview":"max-image-preview:large","max-video-preview":"max-video-preview:-1"},"canonical":"https:\/\/letrame.com\/catalogo\/producto\/el-poder-de-la-sesion-del-masaje-y-su-funcion\/","og_locale":"es_ES","og_type":"article","og_title":"El Poder De La Sesi\u00f3n Del Masaje Y Su Funci\u00f3n - Catalogo | Letrame Grupo Editorial","og_description":"ISBN: 978-84-1181-172-9 SINOPSIS La salud es, por encima de cualquier otra cosa, lo primero. Este es un principio con el que todos estaremos de acuerdo. Sin embargo, solo saltan las alarmas cuando llega el dolor y una posible lesi\u00f3n lumbar, cervical o fracturas de diversa \u00edndole amenazan con transformar nuestra rutina. El poder de la sesi\u00f3n del masaje y su funci\u00f3n, de Fernando Liarte Cig\u00fcela, muestra, a trav\u00e9s del masaje y ejercicios similares, c\u00f3mo prevenir y aliviar el dolor; en definitiva, c\u00f3mo volver a reconocernos. Su gu\u00eda documenta maniobras sencillas, de gran variedad, aplicadas sobre casos reales e ilustradas, de manera que podamos afrontar la rehabilitaci\u00f3n de manera activa. Y si, en lugar de t\u00e9cnicas imposibles y p\u00f3cimas m\u00e1gicas, \u00bfel secreto estuviese en un masaje?","og_url":"https:\/\/letrame.com\/catalogo\/producto\/el-poder-de-la-sesion-del-masaje-y-su-funcion\/","og_site_name":"Catalogo | Letrame Grupo Editorial","article_modified_time":"2024-04-29T13:54:47+00:00","og_image":[{"width":1746,"height":2560,"url":"https:\/\/letrame.com\/catalogo\/wp-content\/uploads\/2024\/04\/webportada_elpoderdelmasaje_86mm-compressed-scaled-1.jpg","type":"image\/jpeg"}],"twitter_card":"summary_large_image","twitter_misc":{"Tiempo de lectura":"1 minuto"},"schema":{"@context":"https:\/\/schema.org","@graph":[{"@type":"WebPage","@id":"https:\/\/letrame.com\/catalogo\/producto\/el-poder-de-la-sesion-del-masaje-y-su-funcion\/","url":"https:\/\/letrame.com\/catalogo\/producto\/el-poder-de-la-sesion-del-masaje-y-su-funcion\/","name":"El Poder De La Sesi\u00f3n Del Masaje Y Su Funci\u00f3n - Catalogo | Letrame Grupo Editorial","isPartOf":{"@id":"https:\/\/letrame.com\/catalogo\/#website"},"primaryImageOfPage":{"@id":"https:\/\/letrame.com\/catalogo\/producto\/el-poder-de-la-sesion-del-masaje-y-su-funcion\/#primaryimage"},"image":{"@id":"https:\/\/letrame.com\/catalogo\/producto\/el-poder-de-la-sesion-del-masaje-y-su-funcion\/#primaryimage"},"thumbnailUrl":"https:\/\/letrame.com\/catalogo\/wp-content\/uploads\/2024\/04\/webportada_elpoderdelmasaje_86mm-compressed-scaled-1.jpg","datePublished":"2024-04-29T13:54:18+00:00","dateModified":"2024-04-29T13:54:47+00:00","breadcrumb":{"@id":"https:\/\/letrame.com\/catalogo\/producto\/el-poder-de-la-sesion-del-masaje-y-su-funcion\/#breadcrumb"},"inLanguage":"es","potentialAction":[{"@type":"ReadAction","target":["https:\/\/letrame.com\/catalogo\/producto\/el-poder-de-la-sesion-del-masaje-y-su-funcion\/"]}]},{"@type":"ImageObject","inLanguage":"es","@id":"https:\/\/letrame.com\/catalogo\/producto\/el-poder-de-la-sesion-del-masaje-y-su-funcion\/#primaryimage","url":"https:\/\/letrame.com\/catalogo\/wp-content\/uploads\/2024\/04\/webportada_elpoderdelmasaje_86mm-compressed-scaled-1.jpg","contentUrl":"https:\/\/letrame.com\/catalogo\/wp-content\/uploads\/2024\/04\/webportada_elpoderdelmasaje_86mm-compressed-scaled-1.jpg","width":1746,"height":2560},{"@type":"BreadcrumbList","@id":"https:\/\/letrame.com\/catalogo\/producto\/el-poder-de-la-sesion-del-masaje-y-su-funcion\/#breadcrumb","itemListElement":[{"@type":"ListItem","position":1,"name":"Portada","item":"https:\/\/letrame.com\/catalogo\/"},{"@type":"ListItem","position":2,"name":"Cat\u00e1logo","item":"https:\/\/letrame.com\/catalogo\/"},{"@type":"ListItem","position":3,"name":"El Poder De La Sesi\u00f3n Del Masaje Y Su Funci\u00f3n"}]},{"@type":"WebSite","@id":"https:\/\/letrame.com\/catalogo\/#website","url":"https:\/\/letrame.com\/catalogo\/","name":"Catalogo | Letrame Grupo Editorial","description":"","publisher":{"@id":"https:\/\/letrame.com\/catalogo\/#organization"},"potentialAction":[{"@type":"SearchAction","target":{"@type":"EntryPoint","urlTemplate":"https:\/\/letrame.com\/catalogo\/?s={search_term_string}"},"query-input":{"@type":"PropertyValueSpecification","valueRequired":true,"valueName":"search_term_string"}}],"inLanguage":"es"},{"@type":"Organization","@id":"https:\/\/letrame.com\/catalogo\/#organization","name":"Catalogo | Letrame Grupo Editorial","url":"https:\/\/letrame.com\/catalogo\/","logo":{"@type":"ImageObject","inLanguage":"es","@id":"https:\/\/letrame.com\/catalogo\/#\/schema\/logo\/image\/","url":"https:\/\/letrame.com\/catalogo\/wp-content\/uploads\/2024\/03\/logo2.webp","contentUrl":"https:\/\/letrame.com\/catalogo\/wp-content\/uploads\/2024\/03\/logo2.webp","width":394,"height":128,"caption":"Catalogo | Letrame Grupo Editorial"},"image":{"@id":"https:\/\/letrame.com\/catalogo\/#\/schema\/logo\/image\/"}}]}},"_links":{"self":[{"href":"https:\/\/letrame.com\/catalogo\/wp-json\/wp\/v2\/product\/99185","targetHints":{"allow":["GET"]}}],"collection":[{"href":"https:\/\/letrame.com\/catalogo\/wp-json\/wp\/v2\/product"}],"about":[{"href":"https:\/\/letrame.com\/catalogo\/wp-json\/wp\/v2\/types\/product"}],"replies":[{"embeddable":true,"href":"https:\/\/letrame.com\/catalogo\/wp-json\/wp\/v2\/comments?post=99185"}],"acf:post":[{"embeddable":true,"href":"https:\/\/letrame.com\/catalogo\/wp-json\/wp\/v2\/author_book\/77554"}],"wp:featuredmedia":[{"embeddable":true,"href":"https:\/\/letrame.com\/catalogo\/wp-json\/wp\/v2\/media\/99186"}],"wp:attachment":[{"href":"https:\/\/letrame.com\/catalogo\/wp-json\/wp\/v2\/media?parent=99185"}],"wp:term":[{"taxonomy":"libro","embeddable":true,"href":"https:\/\/letrame.com\/catalogo\/wp-json\/wp\/v2\/libro?post=99185"},{"taxonomy":"product_brand","embeddable":true,"href":"https:\/\/letrame.com\/catalogo\/wp-json\/wp\/v2\/product_brand?post=99185"},{"taxonomy":"product_cat","embeddable":true,"href":"https:\/\/letrame.com\/catalogo\/wp-json\/wp\/v2\/product_cat?post=99185"},{"taxonomy":"product_tag","embeddable":true,"href":"https:\/\/letrame.com\/catalogo\/wp-json\/wp\/v2\/product_tag?post=99185"}],"curies":[{"name":"wp","href":"https:\/\/api.w.org\/{rel}","templated":true}]}}