{"id":99169,"date":"2024-04-29T15:52:41","date_gmt":"2024-04-29T13:52:41","guid":{"rendered":"https:\/\/letrame.com\/catalogo\/producto\/el-profundo-efecto-del-servicio\/"},"modified":"2024-04-29T15:52:41","modified_gmt":"2024-04-29T13:52:41","slug":"el-profundo-efecto-del-servicio","status":"publish","type":"product","link":"https:\/\/letrame.com\/catalogo\/producto\/el-profundo-efecto-del-servicio\/","title":{"rendered":"El profundo efecto del servicio"},"content":{"rendered":"<p><strong>ISBN<\/strong>: 978-84-1181-183-5<\/p>\n<p><strong>T\u00edtulo<\/strong>: El profundo efecto del servicio<br \/>\n<strong>Fecha<\/strong>: 2023<br \/>\n<strong>P\u00e1ginas<\/strong>: 50<\/p>\n<p><strong>SINOPSIS<\/strong><\/p>\n<p>El servicio no solamente se enfoca en clientes que dejan su dinero en nuestro negocio, el servicio es un don tan poderoso que puede cambiar el rumbo de la humanidad y en este libro encontrar\u00e1 evidencias de que es as\u00ed,\u00a0 usted vino a este mundo con ese don, solamente util\u00edcelo\u00a0 y sea agente de cambio.\u00a0El profundo efecto del servicio es una obra realizada con base a experiencias propias e investigaci\u00f3n de eventos a nivel global y personajes del mismo nivel quienes marcaron la historia del\u00a0 ser humano haciendo uso de esta vocaci\u00f3n como herramienta principal.\u00a0Uno de los factores m\u00e1s importantes de \u00e9xito es el efecto que causa el servicio a nivel personal y frente al pr\u00f3jimo, seguramente usted se estar\u00e1 preguntando por qu\u00e9 tener este libro que habla del servicio en su biblioteca. Pues, amigo lector, quiero decirle que pocos libros se convierten en manuales de vida, modelo a seguir laboral o herramienta comercial, de liderazgo, familiar o incluso instrumento de ayuda cl\u00ednica y este es uno de ellos.<\/p>\n","protected":false},"excerpt":{"rendered":"<p><strong>ISBN<\/strong>: 978-84-1181-183-5<\/p>\n<p><strong>SINOPSIS<\/strong><\/p>\n<p>El servicio no solamente se enfoca en clientes que dejan su dinero en nuestro negocio, el servicio es un don tan poderoso que puede cambiar el rumbo de la humanidad y en este libro encontrar\u00e1 evidencias de que es as\u00ed,\u00a0 usted vino a este mundo con ese don, solamente util\u00edcelo\u00a0 y sea agente de cambio.\u00a0El profundo efecto del servicio es una obra realizada con base a experiencias propias e investigaci\u00f3n de eventos a nivel global y personajes del mismo nivel quienes marcaron la historia del\u00a0 ser humano haciendo uso de esta vocaci\u00f3n como herramienta principal.\u00a0Uno de los factores m\u00e1s importantes de \u00e9xito es el efecto que causa el servicio a nivel personal y frente al pr\u00f3jimo, seguramente usted se estar\u00e1 preguntando por qu\u00e9 tener este libro que habla del servicio en su biblioteca. Pues, amigo lector, quiero decirle que pocos libros se convierten en manuales de vida, modelo a seguir laboral o herramienta comercial, de liderazgo, familiar o incluso instrumento de ayuda cl\u00ednica y este es uno de ellos.<\/p>\n","protected":false},"featured_media":99170,"comment_status":"closed","ping_status":"open","template":"","meta":{"_acf_changed":false},"libro":[],"product_brand":[],"product_cat":[26],"product_tag":[],"class_list":{"0":"post-99169","1":"product","2":"type-product","3":"status-publish","4":"has-post-thumbnail","6":"product_cat-sin-categoria","8":"first","9":"instock","10":"product-type-simple"},"acf":{"autor":[77540],"enlace_de_compra":"https:\/\/www.amazon.es\/El-profundo-efecto-del-servicio\/dp\/8411811832\/"},"yoast_head":"<!-- This site is optimized with the Yoast SEO plugin v26.6 - https:\/\/yoast.com\/wordpress\/plugins\/seo\/ -->\n<title>El profundo efecto del servicio - Catalogo | Letrame Grupo Editorial<\/title>\n<meta name=\"robots\" content=\"index, follow, max-snippet:-1, max-image-preview:large, max-video-preview:-1\" \/>\n<link rel=\"canonical\" href=\"https:\/\/letrame.com\/catalogo\/producto\/el-profundo-efecto-del-servicio\/\" \/>\n<meta property=\"og:locale\" content=\"es_ES\" \/>\n<meta property=\"og:type\" content=\"article\" \/>\n<meta property=\"og:title\" content=\"El profundo efecto del servicio - Catalogo | Letrame Grupo Editorial\" \/>\n<meta property=\"og:description\" content=\"ISBN: 978-84-1181-183-5 SINOPSIS El servicio no solamente se enfoca en clientes que dejan su dinero en nuestro negocio, el servicio es un don tan poderoso que puede cambiar el rumbo de la humanidad y en este libro encontrar\u00e1 evidencias de que es as\u00ed,\u00a0 usted vino a este mundo con ese don, solamente util\u00edcelo\u00a0 y sea agente de cambio.\u00a0El profundo efecto del servicio es una obra realizada con base a experiencias propias e investigaci\u00f3n de eventos a nivel global y personajes del mismo nivel quienes marcaron la historia del\u00a0 ser humano haciendo uso de esta vocaci\u00f3n como herramienta principal.\u00a0Uno de los factores m\u00e1s importantes de \u00e9xito es el efecto que causa el servicio a nivel personal y frente al pr\u00f3jimo, seguramente usted se estar\u00e1 preguntando por qu\u00e9 tener este libro que habla del servicio en su biblioteca. Pues, amigo lector, quiero decirle que pocos libros se convierten en manuales de vida, modelo a seguir laboral o herramienta comercial, de liderazgo, familiar o incluso instrumento de ayuda cl\u00ednica y este es uno de ellos.\" \/>\n<meta property=\"og:url\" content=\"https:\/\/letrame.com\/catalogo\/producto\/el-profundo-efecto-del-servicio\/\" \/>\n<meta property=\"og:site_name\" content=\"Catalogo | Letrame Grupo Editorial\" \/>\n<meta property=\"og:image\" content=\"https:\/\/letrame.com\/catalogo\/wp-content\/uploads\/2024\/04\/webportada_elprofundoefecto_338mm-copia-compressed.jpg\" \/>\n\t<meta property=\"og:image:width\" content=\"1748\" \/>\n\t<meta property=\"og:image:height\" content=\"2480\" \/>\n\t<meta property=\"og:image:type\" content=\"image\/jpeg\" \/>\n<meta name=\"twitter:card\" content=\"summary_large_image\" \/>\n<meta name=\"twitter:label1\" content=\"Tiempo de lectura\" \/>\n\t<meta name=\"twitter:data1\" content=\"1 minuto\" \/>\n<script type=\"application\/ld+json\" class=\"yoast-schema-graph\">{\"@context\":\"https:\/\/schema.org\",\"@graph\":[{\"@type\":\"WebPage\",\"@id\":\"https:\/\/letrame.com\/catalogo\/producto\/el-profundo-efecto-del-servicio\/\",\"url\":\"https:\/\/letrame.com\/catalogo\/producto\/el-profundo-efecto-del-servicio\/\",\"name\":\"El profundo efecto del servicio - Catalogo | Letrame Grupo Editorial\",\"isPartOf\":{\"@id\":\"https:\/\/letrame.com\/catalogo\/#website\"},\"primaryImageOfPage\":{\"@id\":\"https:\/\/letrame.com\/catalogo\/producto\/el-profundo-efecto-del-servicio\/#primaryimage\"},\"image\":{\"@id\":\"https:\/\/letrame.com\/catalogo\/producto\/el-profundo-efecto-del-servicio\/#primaryimage\"},\"thumbnailUrl\":\"https:\/\/letrame.com\/catalogo\/wp-content\/uploads\/2024\/04\/webportada_elprofundoefecto_338mm-copia-compressed.jpg\",\"datePublished\":\"2024-04-29T13:52:41+00:00\",\"breadcrumb\":{\"@id\":\"https:\/\/letrame.com\/catalogo\/producto\/el-profundo-efecto-del-servicio\/#breadcrumb\"},\"inLanguage\":\"es\",\"potentialAction\":[{\"@type\":\"ReadAction\",\"target\":[\"https:\/\/letrame.com\/catalogo\/producto\/el-profundo-efecto-del-servicio\/\"]}]},{\"@type\":\"ImageObject\",\"inLanguage\":\"es\",\"@id\":\"https:\/\/letrame.com\/catalogo\/producto\/el-profundo-efecto-del-servicio\/#primaryimage\",\"url\":\"https:\/\/letrame.com\/catalogo\/wp-content\/uploads\/2024\/04\/webportada_elprofundoefecto_338mm-copia-compressed.jpg\",\"contentUrl\":\"https:\/\/letrame.com\/catalogo\/wp-content\/uploads\/2024\/04\/webportada_elprofundoefecto_338mm-copia-compressed.jpg\",\"width\":1748,\"height\":2480},{\"@type\":\"BreadcrumbList\",\"@id\":\"https:\/\/letrame.com\/catalogo\/producto\/el-profundo-efecto-del-servicio\/#breadcrumb\",\"itemListElement\":[{\"@type\":\"ListItem\",\"position\":1,\"name\":\"Portada\",\"item\":\"https:\/\/letrame.com\/catalogo\/\"},{\"@type\":\"ListItem\",\"position\":2,\"name\":\"Cat\u00e1logo\",\"item\":\"https:\/\/letrame.com\/catalogo\/\"},{\"@type\":\"ListItem\",\"position\":3,\"name\":\"El profundo efecto del servicio\"}]},{\"@type\":\"WebSite\",\"@id\":\"https:\/\/letrame.com\/catalogo\/#website\",\"url\":\"https:\/\/letrame.com\/catalogo\/\",\"name\":\"Catalogo | Letrame Grupo Editorial\",\"description\":\"\",\"publisher\":{\"@id\":\"https:\/\/letrame.com\/catalogo\/#organization\"},\"potentialAction\":[{\"@type\":\"SearchAction\",\"target\":{\"@type\":\"EntryPoint\",\"urlTemplate\":\"https:\/\/letrame.com\/catalogo\/?s={search_term_string}\"},\"query-input\":{\"@type\":\"PropertyValueSpecification\",\"valueRequired\":true,\"valueName\":\"search_term_string\"}}],\"inLanguage\":\"es\"},{\"@type\":\"Organization\",\"@id\":\"https:\/\/letrame.com\/catalogo\/#organization\",\"name\":\"Catalogo | Letrame Grupo Editorial\",\"url\":\"https:\/\/letrame.com\/catalogo\/\",\"logo\":{\"@type\":\"ImageObject\",\"inLanguage\":\"es\",\"@id\":\"https:\/\/letrame.com\/catalogo\/#\/schema\/logo\/image\/\",\"url\":\"https:\/\/letrame.com\/catalogo\/wp-content\/uploads\/2024\/03\/logo2.webp\",\"contentUrl\":\"https:\/\/letrame.com\/catalogo\/wp-content\/uploads\/2024\/03\/logo2.webp\",\"width\":394,\"height\":128,\"caption\":\"Catalogo | Letrame Grupo Editorial\"},\"image\":{\"@id\":\"https:\/\/letrame.com\/catalogo\/#\/schema\/logo\/image\/\"}}]}<\/script>\n<!-- \/ Yoast SEO plugin. -->","yoast_head_json":{"title":"El profundo efecto del servicio - Catalogo | Letrame Grupo Editorial","robots":{"index":"index","follow":"follow","max-snippet":"max-snippet:-1","max-image-preview":"max-image-preview:large","max-video-preview":"max-video-preview:-1"},"canonical":"https:\/\/letrame.com\/catalogo\/producto\/el-profundo-efecto-del-servicio\/","og_locale":"es_ES","og_type":"article","og_title":"El profundo efecto del servicio - Catalogo | Letrame Grupo Editorial","og_description":"ISBN: 978-84-1181-183-5 SINOPSIS El servicio no solamente se enfoca en clientes que dejan su dinero en nuestro negocio, el servicio es un don tan poderoso que puede cambiar el rumbo de la humanidad y en este libro encontrar\u00e1 evidencias de que es as\u00ed,\u00a0 usted vino a este mundo con ese don, solamente util\u00edcelo\u00a0 y sea agente de cambio.\u00a0El profundo efecto del servicio es una obra realizada con base a experiencias propias e investigaci\u00f3n de eventos a nivel global y personajes del mismo nivel quienes marcaron la historia del\u00a0 ser humano haciendo uso de esta vocaci\u00f3n como herramienta principal.\u00a0Uno de los factores m\u00e1s importantes de \u00e9xito es el efecto que causa el servicio a nivel personal y frente al pr\u00f3jimo, seguramente usted se estar\u00e1 preguntando por qu\u00e9 tener este libro que habla del servicio en su biblioteca. Pues, amigo lector, quiero decirle que pocos libros se convierten en manuales de vida, modelo a seguir laboral o herramienta comercial, de liderazgo, familiar o incluso instrumento de ayuda cl\u00ednica y este es uno de ellos.","og_url":"https:\/\/letrame.com\/catalogo\/producto\/el-profundo-efecto-del-servicio\/","og_site_name":"Catalogo | Letrame Grupo Editorial","og_image":[{"width":1748,"height":2480,"url":"https:\/\/letrame.com\/catalogo\/wp-content\/uploads\/2024\/04\/webportada_elprofundoefecto_338mm-copia-compressed.jpg","type":"image\/jpeg"}],"twitter_card":"summary_large_image","twitter_misc":{"Tiempo de lectura":"1 minuto"},"schema":{"@context":"https:\/\/schema.org","@graph":[{"@type":"WebPage","@id":"https:\/\/letrame.com\/catalogo\/producto\/el-profundo-efecto-del-servicio\/","url":"https:\/\/letrame.com\/catalogo\/producto\/el-profundo-efecto-del-servicio\/","name":"El profundo efecto del servicio - Catalogo | Letrame Grupo Editorial","isPartOf":{"@id":"https:\/\/letrame.com\/catalogo\/#website"},"primaryImageOfPage":{"@id":"https:\/\/letrame.com\/catalogo\/producto\/el-profundo-efecto-del-servicio\/#primaryimage"},"image":{"@id":"https:\/\/letrame.com\/catalogo\/producto\/el-profundo-efecto-del-servicio\/#primaryimage"},"thumbnailUrl":"https:\/\/letrame.com\/catalogo\/wp-content\/uploads\/2024\/04\/webportada_elprofundoefecto_338mm-copia-compressed.jpg","datePublished":"2024-04-29T13:52:41+00:00","breadcrumb":{"@id":"https:\/\/letrame.com\/catalogo\/producto\/el-profundo-efecto-del-servicio\/#breadcrumb"},"inLanguage":"es","potentialAction":[{"@type":"ReadAction","target":["https:\/\/letrame.com\/catalogo\/producto\/el-profundo-efecto-del-servicio\/"]}]},{"@type":"ImageObject","inLanguage":"es","@id":"https:\/\/letrame.com\/catalogo\/producto\/el-profundo-efecto-del-servicio\/#primaryimage","url":"https:\/\/letrame.com\/catalogo\/wp-content\/uploads\/2024\/04\/webportada_elprofundoefecto_338mm-copia-compressed.jpg","contentUrl":"https:\/\/letrame.com\/catalogo\/wp-content\/uploads\/2024\/04\/webportada_elprofundoefecto_338mm-copia-compressed.jpg","width":1748,"height":2480},{"@type":"BreadcrumbList","@id":"https:\/\/letrame.com\/catalogo\/producto\/el-profundo-efecto-del-servicio\/#breadcrumb","itemListElement":[{"@type":"ListItem","position":1,"name":"Portada","item":"https:\/\/letrame.com\/catalogo\/"},{"@type":"ListItem","position":2,"name":"Cat\u00e1logo","item":"https:\/\/letrame.com\/catalogo\/"},{"@type":"ListItem","position":3,"name":"El profundo efecto del servicio"}]},{"@type":"WebSite","@id":"https:\/\/letrame.com\/catalogo\/#website","url":"https:\/\/letrame.com\/catalogo\/","name":"Catalogo | Letrame Grupo Editorial","description":"","publisher":{"@id":"https:\/\/letrame.com\/catalogo\/#organization"},"potentialAction":[{"@type":"SearchAction","target":{"@type":"EntryPoint","urlTemplate":"https:\/\/letrame.com\/catalogo\/?s={search_term_string}"},"query-input":{"@type":"PropertyValueSpecification","valueRequired":true,"valueName":"search_term_string"}}],"inLanguage":"es"},{"@type":"Organization","@id":"https:\/\/letrame.com\/catalogo\/#organization","name":"Catalogo | Letrame Grupo Editorial","url":"https:\/\/letrame.com\/catalogo\/","logo":{"@type":"ImageObject","inLanguage":"es","@id":"https:\/\/letrame.com\/catalogo\/#\/schema\/logo\/image\/","url":"https:\/\/letrame.com\/catalogo\/wp-content\/uploads\/2024\/03\/logo2.webp","contentUrl":"https:\/\/letrame.com\/catalogo\/wp-content\/uploads\/2024\/03\/logo2.webp","width":394,"height":128,"caption":"Catalogo | Letrame Grupo Editorial"},"image":{"@id":"https:\/\/letrame.com\/catalogo\/#\/schema\/logo\/image\/"}}]}},"_links":{"self":[{"href":"https:\/\/letrame.com\/catalogo\/wp-json\/wp\/v2\/product\/99169","targetHints":{"allow":["GET"]}}],"collection":[{"href":"https:\/\/letrame.com\/catalogo\/wp-json\/wp\/v2\/product"}],"about":[{"href":"https:\/\/letrame.com\/catalogo\/wp-json\/wp\/v2\/types\/product"}],"replies":[{"embeddable":true,"href":"https:\/\/letrame.com\/catalogo\/wp-json\/wp\/v2\/comments?post=99169"}],"acf:post":[{"embeddable":true,"href":"https:\/\/letrame.com\/catalogo\/wp-json\/wp\/v2\/author_book\/77540"}],"wp:featuredmedia":[{"embeddable":true,"href":"https:\/\/letrame.com\/catalogo\/wp-json\/wp\/v2\/media\/99170"}],"wp:attachment":[{"href":"https:\/\/letrame.com\/catalogo\/wp-json\/wp\/v2\/media?parent=99169"}],"wp:term":[{"taxonomy":"libro","embeddable":true,"href":"https:\/\/letrame.com\/catalogo\/wp-json\/wp\/v2\/libro?post=99169"},{"taxonomy":"product_brand","embeddable":true,"href":"https:\/\/letrame.com\/catalogo\/wp-json\/wp\/v2\/product_brand?post=99169"},{"taxonomy":"product_cat","embeddable":true,"href":"https:\/\/letrame.com\/catalogo\/wp-json\/wp\/v2\/product_cat?post=99169"},{"taxonomy":"product_tag","embeddable":true,"href":"https:\/\/letrame.com\/catalogo\/wp-json\/wp\/v2\/product_tag?post=99169"}],"curies":[{"name":"wp","href":"https:\/\/api.w.org\/{rel}","templated":true}]}}