{"id":99167,"date":"2024-04-29T15:52:06","date_gmt":"2024-04-29T13:52:06","guid":{"rendered":"https:\/\/letrame.com\/catalogo\/producto\/la-vida-es-un-paseo\/"},"modified":"2024-07-31T12:37:22","modified_gmt":"2024-07-31T10:37:22","slug":"la-vida-es-un-paseo","status":"publish","type":"product","link":"https:\/\/letrame.com\/catalogo\/producto\/la-vida-es-un-paseo\/","title":{"rendered":"La vida es un paseo"},"content":{"rendered":"<p><strong>ISBN<\/strong>: 978-84-1114-695-1<\/p>\n<p><strong>T\u00edtulo<\/strong>: La vida es un paseo<br \/>\n<strong>Fecha<\/strong>: 2022<br \/>\n<strong>P\u00e1ginas<\/strong>: 228<\/p>\n<p><strong>SINOPSIS<\/strong><\/p>\n<p>Orgullosa de su sombra la vieja encina, en las hojas de tus ramas, la t\u00f3rtola anida. Oteando el horizonte sobre un mar de espigas, tu silueta es Oasis en la desierta campi\u00f1a. Remanso de cazadores en las siestas de verano. y guarida de los amores, enamorados del campo. Sombra que en la primavera a las amapolas cobija, merendero de los segadores de la hoz y la gavilla. Centinela y viejo faro de pastores y caminantes, alfombra de bellotas dulces para saciar el hambre. T\u00fa recuerdas vieja encina de tu juventud y la m\u00eda, cuando solo eras un chaparro yo un muchacho todav\u00eda. \u00abEl Chaparro de Catena\u00bb a ese nombre tu respond\u00edas ahora vieja encina permitid que os dedique mi poes\u00eda.<\/p>\n","protected":false},"excerpt":{"rendered":"<p><strong>ISBN<\/strong>: 978-84-1114-695-1<\/p>\n<p><strong>SINOPSIS<\/strong><\/p>\n<p>Orgullosa de su sombra la vieja encina, en las hojas de tus ramas, la t\u00f3rtola anida. Oteando el horizonte sobre un mar de espigas, tu silueta es Oasis en la desierta campi\u00f1a. Remanso de cazadores en las siestas de verano. y guarida de los amores, enamorados del campo. Sombra que en la primavera a las amapolas cobija, merendero de los segadores de la hoz y la gavilla. Centinela y viejo faro de pastores y caminantes, alfombra de bellotas dulces para saciar el hambre. T\u00fa recuerdas vieja encina de tu juventud y la m\u00eda, cuando solo eras un chaparro yo un muchacho todav\u00eda. \u00abEl Chaparro de Catena\u00bb a ese nombre tu respond\u00edas ahora vieja encina permitid que os dedique mi poes\u00eda.<\/p>\n","protected":false},"featured_media":99168,"comment_status":"closed","ping_status":"closed","template":"","meta":{"_acf_changed":false},"libro":[],"product_brand":[],"product_cat":[26],"product_tag":[],"class_list":{"0":"post-99167","1":"product","2":"type-product","3":"status-publish","4":"has-post-thumbnail","6":"product_cat-sin-categoria","8":"first","9":"instock","10":"product-type-simple"},"acf":{"autor":[77538],"enlace_de_compra":""},"yoast_head":"<!-- This site is optimized with the Yoast SEO plugin v27.4 - https:\/\/yoast.com\/product\/yoast-seo-wordpress\/ -->\n<title>La vida es un paseo - Catalogo | Letrame Grupo Editorial<\/title>\n<meta name=\"robots\" content=\"index, follow, max-snippet:-1, max-image-preview:large, max-video-preview:-1\" \/>\n<link rel=\"canonical\" href=\"https:\/\/letrame.com\/catalogo\/producto\/la-vida-es-un-paseo\/\" \/>\n<meta property=\"og:locale\" content=\"es_ES\" \/>\n<meta property=\"og:type\" content=\"article\" \/>\n<meta property=\"og:title\" content=\"La vida es un paseo - Catalogo | Letrame Grupo Editorial\" \/>\n<meta property=\"og:description\" content=\"ISBN: 978-84-1114-695-1  SINOPSIS  Orgullosa de su sombra la vieja encina, en las hojas de tus ramas, la t\u00f3rtola anida. Oteando el horizonte sobre un mar de espigas, tu silueta es Oasis en la desierta campi\u00f1a. Remanso de cazadores en las siestas de verano. y guarida de los amores, enamorados del campo. Sombra que en la primavera a las amapolas cobija, merendero de los segadores de la hoz y la gavilla. Centinela y viejo faro de pastores y caminantes, alfombra de bellotas dulces para saciar el hambre. T\u00fa recuerdas vieja encina de tu juventud y la m\u00eda, cuando solo eras un chaparro yo un muchacho todav\u00eda. &quot;El Chaparro de Catena&quot; a ese nombre tu respond\u00edas ahora vieja encina permitid que os dedique mi poes\u00eda.\" \/>\n<meta property=\"og:url\" content=\"https:\/\/letrame.com\/catalogo\/producto\/la-vida-es-un-paseo\/\" \/>\n<meta property=\"og:site_name\" content=\"Catalogo | Letrame Grupo Editorial\" \/>\n<meta property=\"article:modified_time\" content=\"2024-07-31T10:37:22+00:00\" \/>\n<meta property=\"og:image\" content=\"https:\/\/letrame.com\/catalogo\/wp-content\/uploads\/2024\/04\/redportada_lavidaesunpaseo_1365mm-compressed.jpg\" \/>\n\t<meta property=\"og:image:width\" content=\"601\" \/>\n\t<meta property=\"og:image:height\" content=\"881\" \/>\n\t<meta property=\"og:image:type\" content=\"image\/jpeg\" \/>\n<meta name=\"twitter:card\" content=\"summary_large_image\" \/>\n<meta name=\"twitter:label1\" content=\"Tiempo de lectura\" \/>\n\t<meta name=\"twitter:data1\" content=\"1 minuto\" \/>\n<script type=\"application\/ld+json\" class=\"yoast-schema-graph\">{\"@context\":\"https:\\\/\\\/schema.org\",\"@graph\":[{\"@type\":\"WebPage\",\"@id\":\"https:\\\/\\\/letrame.com\\\/catalogo\\\/producto\\\/la-vida-es-un-paseo\\\/\",\"url\":\"https:\\\/\\\/letrame.com\\\/catalogo\\\/producto\\\/la-vida-es-un-paseo\\\/\",\"name\":\"La vida es un paseo - Catalogo | Letrame Grupo Editorial\",\"isPartOf\":{\"@id\":\"https:\\\/\\\/letrame.com\\\/catalogo\\\/#website\"},\"primaryImageOfPage\":{\"@id\":\"https:\\\/\\\/letrame.com\\\/catalogo\\\/producto\\\/la-vida-es-un-paseo\\\/#primaryimage\"},\"image\":{\"@id\":\"https:\\\/\\\/letrame.com\\\/catalogo\\\/producto\\\/la-vida-es-un-paseo\\\/#primaryimage\"},\"thumbnailUrl\":\"https:\\\/\\\/letrame.com\\\/catalogo\\\/wp-content\\\/uploads\\\/2024\\\/04\\\/redportada_lavidaesunpaseo_1365mm-compressed.jpg\",\"datePublished\":\"2024-04-29T13:52:06+00:00\",\"dateModified\":\"2024-07-31T10:37:22+00:00\",\"breadcrumb\":{\"@id\":\"https:\\\/\\\/letrame.com\\\/catalogo\\\/producto\\\/la-vida-es-un-paseo\\\/#breadcrumb\"},\"inLanguage\":\"es\",\"potentialAction\":[{\"@type\":\"ReadAction\",\"target\":[\"https:\\\/\\\/letrame.com\\\/catalogo\\\/producto\\\/la-vida-es-un-paseo\\\/\"]}]},{\"@type\":\"ImageObject\",\"inLanguage\":\"es\",\"@id\":\"https:\\\/\\\/letrame.com\\\/catalogo\\\/producto\\\/la-vida-es-un-paseo\\\/#primaryimage\",\"url\":\"https:\\\/\\\/letrame.com\\\/catalogo\\\/wp-content\\\/uploads\\\/2024\\\/04\\\/redportada_lavidaesunpaseo_1365mm-compressed.jpg\",\"contentUrl\":\"https:\\\/\\\/letrame.com\\\/catalogo\\\/wp-content\\\/uploads\\\/2024\\\/04\\\/redportada_lavidaesunpaseo_1365mm-compressed.jpg\",\"width\":601,\"height\":881},{\"@type\":\"BreadcrumbList\",\"@id\":\"https:\\\/\\\/letrame.com\\\/catalogo\\\/producto\\\/la-vida-es-un-paseo\\\/#breadcrumb\",\"itemListElement\":[{\"@type\":\"ListItem\",\"position\":1,\"name\":\"Portada\",\"item\":\"https:\\\/\\\/letrame.com\\\/catalogo\\\/\"},{\"@type\":\"ListItem\",\"position\":2,\"name\":\"Cat\u00e1logo\",\"item\":\"https:\\\/\\\/letrame.com\\\/catalogo\\\/\"},{\"@type\":\"ListItem\",\"position\":3,\"name\":\"La vida es un paseo\"}]},{\"@type\":\"WebSite\",\"@id\":\"https:\\\/\\\/letrame.com\\\/catalogo\\\/#website\",\"url\":\"https:\\\/\\\/letrame.com\\\/catalogo\\\/\",\"name\":\"Catalogo | Letrame Grupo Editorial\",\"description\":\"\",\"publisher\":{\"@id\":\"https:\\\/\\\/letrame.com\\\/catalogo\\\/#organization\"},\"potentialAction\":[{\"@type\":\"SearchAction\",\"target\":{\"@type\":\"EntryPoint\",\"urlTemplate\":\"https:\\\/\\\/letrame.com\\\/catalogo\\\/?s={search_term_string}\"},\"query-input\":{\"@type\":\"PropertyValueSpecification\",\"valueRequired\":true,\"valueName\":\"search_term_string\"}}],\"inLanguage\":\"es\"},{\"@type\":\"Organization\",\"@id\":\"https:\\\/\\\/letrame.com\\\/catalogo\\\/#organization\",\"name\":\"Catalogo | Letrame Grupo Editorial\",\"url\":\"https:\\\/\\\/letrame.com\\\/catalogo\\\/\",\"logo\":{\"@type\":\"ImageObject\",\"inLanguage\":\"es\",\"@id\":\"https:\\\/\\\/letrame.com\\\/catalogo\\\/#\\\/schema\\\/logo\\\/image\\\/\",\"url\":\"https:\\\/\\\/letrame.com\\\/catalogo\\\/wp-content\\\/uploads\\\/2024\\\/03\\\/logo2.webp\",\"contentUrl\":\"https:\\\/\\\/letrame.com\\\/catalogo\\\/wp-content\\\/uploads\\\/2024\\\/03\\\/logo2.webp\",\"width\":394,\"height\":128,\"caption\":\"Catalogo | Letrame Grupo Editorial\"},\"image\":{\"@id\":\"https:\\\/\\\/letrame.com\\\/catalogo\\\/#\\\/schema\\\/logo\\\/image\\\/\"}}]}<\/script>\n<!-- \/ Yoast SEO plugin. -->","yoast_head_json":{"title":"La vida es un paseo - Catalogo | Letrame Grupo Editorial","robots":{"index":"index","follow":"follow","max-snippet":"max-snippet:-1","max-image-preview":"max-image-preview:large","max-video-preview":"max-video-preview:-1"},"canonical":"https:\/\/letrame.com\/catalogo\/producto\/la-vida-es-un-paseo\/","og_locale":"es_ES","og_type":"article","og_title":"La vida es un paseo - Catalogo | Letrame Grupo Editorial","og_description":"ISBN: 978-84-1114-695-1  SINOPSIS  Orgullosa de su sombra la vieja encina, en las hojas de tus ramas, la t\u00f3rtola anida. Oteando el horizonte sobre un mar de espigas, tu silueta es Oasis en la desierta campi\u00f1a. Remanso de cazadores en las siestas de verano. y guarida de los amores, enamorados del campo. Sombra que en la primavera a las amapolas cobija, merendero de los segadores de la hoz y la gavilla. Centinela y viejo faro de pastores y caminantes, alfombra de bellotas dulces para saciar el hambre. T\u00fa recuerdas vieja encina de tu juventud y la m\u00eda, cuando solo eras un chaparro yo un muchacho todav\u00eda. \"El Chaparro de Catena\" a ese nombre tu respond\u00edas ahora vieja encina permitid que os dedique mi poes\u00eda.","og_url":"https:\/\/letrame.com\/catalogo\/producto\/la-vida-es-un-paseo\/","og_site_name":"Catalogo | Letrame Grupo Editorial","article_modified_time":"2024-07-31T10:37:22+00:00","og_image":[{"width":601,"height":881,"url":"https:\/\/letrame.com\/catalogo\/wp-content\/uploads\/2024\/04\/redportada_lavidaesunpaseo_1365mm-compressed.jpg","type":"image\/jpeg"}],"twitter_card":"summary_large_image","twitter_misc":{"Tiempo de lectura":"1 minuto"},"schema":{"@context":"https:\/\/schema.org","@graph":[{"@type":"WebPage","@id":"https:\/\/letrame.com\/catalogo\/producto\/la-vida-es-un-paseo\/","url":"https:\/\/letrame.com\/catalogo\/producto\/la-vida-es-un-paseo\/","name":"La vida es un paseo - Catalogo | Letrame Grupo Editorial","isPartOf":{"@id":"https:\/\/letrame.com\/catalogo\/#website"},"primaryImageOfPage":{"@id":"https:\/\/letrame.com\/catalogo\/producto\/la-vida-es-un-paseo\/#primaryimage"},"image":{"@id":"https:\/\/letrame.com\/catalogo\/producto\/la-vida-es-un-paseo\/#primaryimage"},"thumbnailUrl":"https:\/\/letrame.com\/catalogo\/wp-content\/uploads\/2024\/04\/redportada_lavidaesunpaseo_1365mm-compressed.jpg","datePublished":"2024-04-29T13:52:06+00:00","dateModified":"2024-07-31T10:37:22+00:00","breadcrumb":{"@id":"https:\/\/letrame.com\/catalogo\/producto\/la-vida-es-un-paseo\/#breadcrumb"},"inLanguage":"es","potentialAction":[{"@type":"ReadAction","target":["https:\/\/letrame.com\/catalogo\/producto\/la-vida-es-un-paseo\/"]}]},{"@type":"ImageObject","inLanguage":"es","@id":"https:\/\/letrame.com\/catalogo\/producto\/la-vida-es-un-paseo\/#primaryimage","url":"https:\/\/letrame.com\/catalogo\/wp-content\/uploads\/2024\/04\/redportada_lavidaesunpaseo_1365mm-compressed.jpg","contentUrl":"https:\/\/letrame.com\/catalogo\/wp-content\/uploads\/2024\/04\/redportada_lavidaesunpaseo_1365mm-compressed.jpg","width":601,"height":881},{"@type":"BreadcrumbList","@id":"https:\/\/letrame.com\/catalogo\/producto\/la-vida-es-un-paseo\/#breadcrumb","itemListElement":[{"@type":"ListItem","position":1,"name":"Portada","item":"https:\/\/letrame.com\/catalogo\/"},{"@type":"ListItem","position":2,"name":"Cat\u00e1logo","item":"https:\/\/letrame.com\/catalogo\/"},{"@type":"ListItem","position":3,"name":"La vida es un paseo"}]},{"@type":"WebSite","@id":"https:\/\/letrame.com\/catalogo\/#website","url":"https:\/\/letrame.com\/catalogo\/","name":"Catalogo | Letrame Grupo Editorial","description":"","publisher":{"@id":"https:\/\/letrame.com\/catalogo\/#organization"},"potentialAction":[{"@type":"SearchAction","target":{"@type":"EntryPoint","urlTemplate":"https:\/\/letrame.com\/catalogo\/?s={search_term_string}"},"query-input":{"@type":"PropertyValueSpecification","valueRequired":true,"valueName":"search_term_string"}}],"inLanguage":"es"},{"@type":"Organization","@id":"https:\/\/letrame.com\/catalogo\/#organization","name":"Catalogo | Letrame Grupo Editorial","url":"https:\/\/letrame.com\/catalogo\/","logo":{"@type":"ImageObject","inLanguage":"es","@id":"https:\/\/letrame.com\/catalogo\/#\/schema\/logo\/image\/","url":"https:\/\/letrame.com\/catalogo\/wp-content\/uploads\/2024\/03\/logo2.webp","contentUrl":"https:\/\/letrame.com\/catalogo\/wp-content\/uploads\/2024\/03\/logo2.webp","width":394,"height":128,"caption":"Catalogo | Letrame Grupo Editorial"},"image":{"@id":"https:\/\/letrame.com\/catalogo\/#\/schema\/logo\/image\/"}}]}},"_links":{"self":[{"href":"https:\/\/letrame.com\/catalogo\/wp-json\/wp\/v2\/product\/99167","targetHints":{"allow":["GET"]}}],"collection":[{"href":"https:\/\/letrame.com\/catalogo\/wp-json\/wp\/v2\/product"}],"about":[{"href":"https:\/\/letrame.com\/catalogo\/wp-json\/wp\/v2\/types\/product"}],"replies":[{"embeddable":true,"href":"https:\/\/letrame.com\/catalogo\/wp-json\/wp\/v2\/comments?post=99167"}],"acf:post":[{"embeddable":true,"href":"https:\/\/letrame.com\/catalogo\/wp-json\/wp\/v2\/author_book\/77538"}],"wp:featuredmedia":[{"embeddable":true,"href":"https:\/\/letrame.com\/catalogo\/wp-json\/wp\/v2\/media\/99168"}],"wp:attachment":[{"href":"https:\/\/letrame.com\/catalogo\/wp-json\/wp\/v2\/media?parent=99167"}],"wp:term":[{"taxonomy":"libro","embeddable":true,"href":"https:\/\/letrame.com\/catalogo\/wp-json\/wp\/v2\/libro?post=99167"},{"taxonomy":"product_brand","embeddable":true,"href":"https:\/\/letrame.com\/catalogo\/wp-json\/wp\/v2\/product_brand?post=99167"},{"taxonomy":"product_cat","embeddable":true,"href":"https:\/\/letrame.com\/catalogo\/wp-json\/wp\/v2\/product_cat?post=99167"},{"taxonomy":"product_tag","embeddable":true,"href":"https:\/\/letrame.com\/catalogo\/wp-json\/wp\/v2\/product_tag?post=99167"}],"curies":[{"name":"wp","href":"https:\/\/api.w.org\/{rel}","templated":true}]}}