{"id":99151,"date":"2024-04-29T15:50:20","date_gmt":"2024-04-29T13:50:20","guid":{"rendered":"https:\/\/letrame.com\/catalogo\/producto\/exilum\/"},"modified":"2024-04-29T15:50:47","modified_gmt":"2024-04-29T13:50:47","slug":"exilum","status":"publish","type":"product","link":"https:\/\/letrame.com\/catalogo\/producto\/exilum\/","title":{"rendered":"Exilum"},"content":{"rendered":"<p><strong>ISBN<\/strong>: 978-84-1144-969-4<\/p>\n<p><strong>T\u00edtulo<\/strong>: <span data-sheets-value=\"{&quot;1&quot;:2,&quot;2&quot;:&quot;Exilum&quot;}\" data-sheets-userformat=\"{&quot;2&quot;:515,&quot;3&quot;:{&quot;1&quot;:0},&quot;4&quot;:{&quot;1&quot;:2,&quot;2&quot;:14281427},&quot;12&quot;:0}\">Exilum<\/span><br \/>\n<strong>Fecha<\/strong>: 2023<br \/>\n<strong>P\u00e1ginas<\/strong>: 266<\/p>\n<p><strong>SINOPSIS<\/strong><\/p>\n<p class=\"Standard\" style=\"text-align: left;\" align=\"center\"><span style=\"font-family: 'Arial Rounded MT Bold',sans-serif;\">Aquellos que viven en libertad gozan de ciertos privilegios pero tambi\u00e9n est\u00e1n condicionados a un quid pro quo permanente de sus acciones. El feedback de nuestro yo m\u00e1s profundo puede aportarnos experiencias que se acercan a nuestros mejores sue\u00f1os o puede convertirse en verdaderas pesadillas. Cuando todos los l\u00edmites de un hombre se desbordan queriendo terminar una carrera que no tiene fin, desde lo m\u00e1s profundo de su interior surge una luz que le gu\u00eda por tantos caminos que llega a ser caprichosos a la hora de escoger el suyo. Algo tan valioso como la vida no puede desperdiciarse viendo c\u00f3mo pasan los a\u00f1os sin tener las cosas que verdaderamente nos enriquecen. Todos buscamos algo pero lo que nos satisface es encontrar. Lorenzo es alguien que comienza una aventura en la que encuentra todo aquello que siempre le import\u00f3 y las decisiones que toma le llevan a un futuro incierto pero incre\u00edblemente exitoso.<\/span><\/p>\n<p class=\"Standard\" align=\"center\">\n","protected":false},"excerpt":{"rendered":"<p><strong>ISBN<\/strong>: 978-84-1144-969-4<\/p>\n<p><strong>SINOPSIS<\/strong><\/p>\n<p class=\"Standard\" style=\"text-align: left;\" align=\"center\"><span style=\"font-family: 'Arial Rounded MT Bold',sans-serif;\">Aquellos que viven en libertad gozan de ciertos privilegios pero tambi\u00e9n est\u00e1n condicionados a un quid pro quo permanente de sus acciones. El feedback de nuestro yo m\u00e1s profundo puede aportarnos experiencias que se acercan a nuestros mejores sue\u00f1os o puede convertirse en verdaderas pesadillas. Cuando todos los l\u00edmites de un hombre se desbordan queriendo terminar una carrera que no tiene fin, desde lo m\u00e1s profundo de su interior surge una luz que le gu\u00eda por tantos caminos que llega a ser caprichosos a la hora de escoger el suyo. Algo tan valioso como la vida no puede desperdiciarse viendo c\u00f3mo pasan los a\u00f1os sin tener las cosas que verdaderamente nos enriquecen. Todos buscamos algo pero lo que nos satisface es encontrar. Lorenzo es alguien que comienza una aventura en la que encuentra todo aquello que siempre le import\u00f3 y las decisiones que toma le llevan a un futuro incierto pero incre\u00edblemente exitoso.<\/span><\/p>\n<p class=\"Standard\" align=\"center\">\n","protected":false},"featured_media":99152,"comment_status":"closed","ping_status":"open","template":"","meta":{"_acf_changed":false},"libro":[],"product_brand":[],"product_cat":[26],"product_tag":[],"class_list":{"0":"post-99151","1":"product","2":"type-product","3":"status-publish","4":"has-post-thumbnail","6":"product_cat-sin-categoria","8":"first","9":"instock","10":"product-type-simple"},"acf":{"autor":[77522],"enlace_de_compra":""},"yoast_head":"<!-- This site is optimized with the Yoast SEO plugin v26.6 - https:\/\/yoast.com\/wordpress\/plugins\/seo\/ -->\n<title>Exilum - Catalogo | Letrame Grupo Editorial<\/title>\n<meta name=\"robots\" content=\"index, follow, max-snippet:-1, max-image-preview:large, max-video-preview:-1\" \/>\n<link rel=\"canonical\" href=\"https:\/\/letrame.com\/catalogo\/producto\/exilum\/\" \/>\n<meta property=\"og:locale\" content=\"es_ES\" \/>\n<meta property=\"og:type\" content=\"article\" \/>\n<meta property=\"og:title\" content=\"Exilum - Catalogo | Letrame Grupo Editorial\" \/>\n<meta property=\"og:description\" content=\"ISBN: 978-84-1144-969-4 SINOPSIS Aquellos que viven en libertad gozan de ciertos privilegios pero tambi\u00e9n est\u00e1n condicionados a un quid pro quo permanente de sus acciones. El feedback de nuestro yo m\u00e1s profundo puede aportarnos experiencias que se acercan a nuestros mejores sue\u00f1os o puede convertirse en verdaderas pesadillas. Cuando todos los l\u00edmites de un hombre se desbordan queriendo terminar una carrera que no tiene fin, desde lo m\u00e1s profundo de su interior surge una luz que le gu\u00eda por tantos caminos que llega a ser caprichosos a la hora de escoger el suyo. Algo tan valioso como la vida no puede desperdiciarse viendo c\u00f3mo pasan los a\u00f1os sin tener las cosas que verdaderamente nos enriquecen. Todos buscamos algo pero lo que nos satisface es encontrar. Lorenzo es alguien que comienza una aventura en la que encuentra todo aquello que siempre le import\u00f3 y las decisiones que toma le llevan a un futuro incierto pero incre\u00edblemente exitoso.\" \/>\n<meta property=\"og:url\" content=\"https:\/\/letrame.com\/catalogo\/producto\/exilum\/\" \/>\n<meta property=\"og:site_name\" content=\"Catalogo | Letrame Grupo Editorial\" \/>\n<meta property=\"article:modified_time\" content=\"2024-04-29T13:50:47+00:00\" \/>\n<meta property=\"og:image\" content=\"https:\/\/letrame.com\/catalogo\/wp-content\/uploads\/2024\/04\/web_portada_exilum_1829mm-compressed.jpg\" \/>\n\t<meta property=\"og:image:width\" content=\"601\" \/>\n\t<meta property=\"og:image:height\" content=\"853\" \/>\n\t<meta property=\"og:image:type\" content=\"image\/jpeg\" \/>\n<meta name=\"twitter:card\" content=\"summary_large_image\" \/>\n<meta name=\"twitter:label1\" content=\"Tiempo de lectura\" \/>\n\t<meta name=\"twitter:data1\" content=\"1 minuto\" \/>\n<script type=\"application\/ld+json\" class=\"yoast-schema-graph\">{\"@context\":\"https:\/\/schema.org\",\"@graph\":[{\"@type\":\"WebPage\",\"@id\":\"https:\/\/letrame.com\/catalogo\/producto\/exilum\/\",\"url\":\"https:\/\/letrame.com\/catalogo\/producto\/exilum\/\",\"name\":\"Exilum - Catalogo | Letrame Grupo Editorial\",\"isPartOf\":{\"@id\":\"https:\/\/letrame.com\/catalogo\/#website\"},\"primaryImageOfPage\":{\"@id\":\"https:\/\/letrame.com\/catalogo\/producto\/exilum\/#primaryimage\"},\"image\":{\"@id\":\"https:\/\/letrame.com\/catalogo\/producto\/exilum\/#primaryimage\"},\"thumbnailUrl\":\"https:\/\/letrame.com\/catalogo\/wp-content\/uploads\/2024\/04\/web_portada_exilum_1829mm-compressed.jpg\",\"datePublished\":\"2024-04-29T13:50:20+00:00\",\"dateModified\":\"2024-04-29T13:50:47+00:00\",\"breadcrumb\":{\"@id\":\"https:\/\/letrame.com\/catalogo\/producto\/exilum\/#breadcrumb\"},\"inLanguage\":\"es\",\"potentialAction\":[{\"@type\":\"ReadAction\",\"target\":[\"https:\/\/letrame.com\/catalogo\/producto\/exilum\/\"]}]},{\"@type\":\"ImageObject\",\"inLanguage\":\"es\",\"@id\":\"https:\/\/letrame.com\/catalogo\/producto\/exilum\/#primaryimage\",\"url\":\"https:\/\/letrame.com\/catalogo\/wp-content\/uploads\/2024\/04\/web_portada_exilum_1829mm-compressed.jpg\",\"contentUrl\":\"https:\/\/letrame.com\/catalogo\/wp-content\/uploads\/2024\/04\/web_portada_exilum_1829mm-compressed.jpg\",\"width\":601,\"height\":853},{\"@type\":\"BreadcrumbList\",\"@id\":\"https:\/\/letrame.com\/catalogo\/producto\/exilum\/#breadcrumb\",\"itemListElement\":[{\"@type\":\"ListItem\",\"position\":1,\"name\":\"Portada\",\"item\":\"https:\/\/letrame.com\/catalogo\/\"},{\"@type\":\"ListItem\",\"position\":2,\"name\":\"Cat\u00e1logo\",\"item\":\"https:\/\/letrame.com\/catalogo\/\"},{\"@type\":\"ListItem\",\"position\":3,\"name\":\"Exilum\"}]},{\"@type\":\"WebSite\",\"@id\":\"https:\/\/letrame.com\/catalogo\/#website\",\"url\":\"https:\/\/letrame.com\/catalogo\/\",\"name\":\"Catalogo | Letrame Grupo Editorial\",\"description\":\"\",\"publisher\":{\"@id\":\"https:\/\/letrame.com\/catalogo\/#organization\"},\"potentialAction\":[{\"@type\":\"SearchAction\",\"target\":{\"@type\":\"EntryPoint\",\"urlTemplate\":\"https:\/\/letrame.com\/catalogo\/?s={search_term_string}\"},\"query-input\":{\"@type\":\"PropertyValueSpecification\",\"valueRequired\":true,\"valueName\":\"search_term_string\"}}],\"inLanguage\":\"es\"},{\"@type\":\"Organization\",\"@id\":\"https:\/\/letrame.com\/catalogo\/#organization\",\"name\":\"Catalogo | Letrame Grupo Editorial\",\"url\":\"https:\/\/letrame.com\/catalogo\/\",\"logo\":{\"@type\":\"ImageObject\",\"inLanguage\":\"es\",\"@id\":\"https:\/\/letrame.com\/catalogo\/#\/schema\/logo\/image\/\",\"url\":\"https:\/\/letrame.com\/catalogo\/wp-content\/uploads\/2024\/03\/logo2.webp\",\"contentUrl\":\"https:\/\/letrame.com\/catalogo\/wp-content\/uploads\/2024\/03\/logo2.webp\",\"width\":394,\"height\":128,\"caption\":\"Catalogo | Letrame Grupo Editorial\"},\"image\":{\"@id\":\"https:\/\/letrame.com\/catalogo\/#\/schema\/logo\/image\/\"}}]}<\/script>\n<!-- \/ Yoast SEO plugin. -->","yoast_head_json":{"title":"Exilum - Catalogo | Letrame Grupo Editorial","robots":{"index":"index","follow":"follow","max-snippet":"max-snippet:-1","max-image-preview":"max-image-preview:large","max-video-preview":"max-video-preview:-1"},"canonical":"https:\/\/letrame.com\/catalogo\/producto\/exilum\/","og_locale":"es_ES","og_type":"article","og_title":"Exilum - Catalogo | Letrame Grupo Editorial","og_description":"ISBN: 978-84-1144-969-4 SINOPSIS Aquellos que viven en libertad gozan de ciertos privilegios pero tambi\u00e9n est\u00e1n condicionados a un quid pro quo permanente de sus acciones. El feedback de nuestro yo m\u00e1s profundo puede aportarnos experiencias que se acercan a nuestros mejores sue\u00f1os o puede convertirse en verdaderas pesadillas. Cuando todos los l\u00edmites de un hombre se desbordan queriendo terminar una carrera que no tiene fin, desde lo m\u00e1s profundo de su interior surge una luz que le gu\u00eda por tantos caminos que llega a ser caprichosos a la hora de escoger el suyo. Algo tan valioso como la vida no puede desperdiciarse viendo c\u00f3mo pasan los a\u00f1os sin tener las cosas que verdaderamente nos enriquecen. Todos buscamos algo pero lo que nos satisface es encontrar. Lorenzo es alguien que comienza una aventura en la que encuentra todo aquello que siempre le import\u00f3 y las decisiones que toma le llevan a un futuro incierto pero incre\u00edblemente exitoso.","og_url":"https:\/\/letrame.com\/catalogo\/producto\/exilum\/","og_site_name":"Catalogo | Letrame Grupo Editorial","article_modified_time":"2024-04-29T13:50:47+00:00","og_image":[{"width":601,"height":853,"url":"https:\/\/letrame.com\/catalogo\/wp-content\/uploads\/2024\/04\/web_portada_exilum_1829mm-compressed.jpg","type":"image\/jpeg"}],"twitter_card":"summary_large_image","twitter_misc":{"Tiempo de lectura":"1 minuto"},"schema":{"@context":"https:\/\/schema.org","@graph":[{"@type":"WebPage","@id":"https:\/\/letrame.com\/catalogo\/producto\/exilum\/","url":"https:\/\/letrame.com\/catalogo\/producto\/exilum\/","name":"Exilum - Catalogo | Letrame Grupo Editorial","isPartOf":{"@id":"https:\/\/letrame.com\/catalogo\/#website"},"primaryImageOfPage":{"@id":"https:\/\/letrame.com\/catalogo\/producto\/exilum\/#primaryimage"},"image":{"@id":"https:\/\/letrame.com\/catalogo\/producto\/exilum\/#primaryimage"},"thumbnailUrl":"https:\/\/letrame.com\/catalogo\/wp-content\/uploads\/2024\/04\/web_portada_exilum_1829mm-compressed.jpg","datePublished":"2024-04-29T13:50:20+00:00","dateModified":"2024-04-29T13:50:47+00:00","breadcrumb":{"@id":"https:\/\/letrame.com\/catalogo\/producto\/exilum\/#breadcrumb"},"inLanguage":"es","potentialAction":[{"@type":"ReadAction","target":["https:\/\/letrame.com\/catalogo\/producto\/exilum\/"]}]},{"@type":"ImageObject","inLanguage":"es","@id":"https:\/\/letrame.com\/catalogo\/producto\/exilum\/#primaryimage","url":"https:\/\/letrame.com\/catalogo\/wp-content\/uploads\/2024\/04\/web_portada_exilum_1829mm-compressed.jpg","contentUrl":"https:\/\/letrame.com\/catalogo\/wp-content\/uploads\/2024\/04\/web_portada_exilum_1829mm-compressed.jpg","width":601,"height":853},{"@type":"BreadcrumbList","@id":"https:\/\/letrame.com\/catalogo\/producto\/exilum\/#breadcrumb","itemListElement":[{"@type":"ListItem","position":1,"name":"Portada","item":"https:\/\/letrame.com\/catalogo\/"},{"@type":"ListItem","position":2,"name":"Cat\u00e1logo","item":"https:\/\/letrame.com\/catalogo\/"},{"@type":"ListItem","position":3,"name":"Exilum"}]},{"@type":"WebSite","@id":"https:\/\/letrame.com\/catalogo\/#website","url":"https:\/\/letrame.com\/catalogo\/","name":"Catalogo | Letrame Grupo Editorial","description":"","publisher":{"@id":"https:\/\/letrame.com\/catalogo\/#organization"},"potentialAction":[{"@type":"SearchAction","target":{"@type":"EntryPoint","urlTemplate":"https:\/\/letrame.com\/catalogo\/?s={search_term_string}"},"query-input":{"@type":"PropertyValueSpecification","valueRequired":true,"valueName":"search_term_string"}}],"inLanguage":"es"},{"@type":"Organization","@id":"https:\/\/letrame.com\/catalogo\/#organization","name":"Catalogo | Letrame Grupo Editorial","url":"https:\/\/letrame.com\/catalogo\/","logo":{"@type":"ImageObject","inLanguage":"es","@id":"https:\/\/letrame.com\/catalogo\/#\/schema\/logo\/image\/","url":"https:\/\/letrame.com\/catalogo\/wp-content\/uploads\/2024\/03\/logo2.webp","contentUrl":"https:\/\/letrame.com\/catalogo\/wp-content\/uploads\/2024\/03\/logo2.webp","width":394,"height":128,"caption":"Catalogo | Letrame Grupo Editorial"},"image":{"@id":"https:\/\/letrame.com\/catalogo\/#\/schema\/logo\/image\/"}}]}},"_links":{"self":[{"href":"https:\/\/letrame.com\/catalogo\/wp-json\/wp\/v2\/product\/99151","targetHints":{"allow":["GET"]}}],"collection":[{"href":"https:\/\/letrame.com\/catalogo\/wp-json\/wp\/v2\/product"}],"about":[{"href":"https:\/\/letrame.com\/catalogo\/wp-json\/wp\/v2\/types\/product"}],"replies":[{"embeddable":true,"href":"https:\/\/letrame.com\/catalogo\/wp-json\/wp\/v2\/comments?post=99151"}],"acf:post":[{"embeddable":true,"href":"https:\/\/letrame.com\/catalogo\/wp-json\/wp\/v2\/author_book\/77522"}],"wp:featuredmedia":[{"embeddable":true,"href":"https:\/\/letrame.com\/catalogo\/wp-json\/wp\/v2\/media\/99152"}],"wp:attachment":[{"href":"https:\/\/letrame.com\/catalogo\/wp-json\/wp\/v2\/media?parent=99151"}],"wp:term":[{"taxonomy":"libro","embeddable":true,"href":"https:\/\/letrame.com\/catalogo\/wp-json\/wp\/v2\/libro?post=99151"},{"taxonomy":"product_brand","embeddable":true,"href":"https:\/\/letrame.com\/catalogo\/wp-json\/wp\/v2\/product_brand?post=99151"},{"taxonomy":"product_cat","embeddable":true,"href":"https:\/\/letrame.com\/catalogo\/wp-json\/wp\/v2\/product_cat?post=99151"},{"taxonomy":"product_tag","embeddable":true,"href":"https:\/\/letrame.com\/catalogo\/wp-json\/wp\/v2\/product_tag?post=99151"}],"curies":[{"name":"wp","href":"https:\/\/api.w.org\/{rel}","templated":true}]}}