{"id":99141,"date":"2024-04-29T15:49:35","date_gmt":"2024-04-29T13:49:35","guid":{"rendered":"https:\/\/letrame.com\/catalogo\/producto\/entre-la-vida-y-la-muerte\/"},"modified":"2024-04-29T15:49:35","modified_gmt":"2024-04-29T13:49:35","slug":"entre-la-vida-y-la-muerte","status":"publish","type":"product","link":"https:\/\/letrame.com\/catalogo\/producto\/entre-la-vida-y-la-muerte\/","title":{"rendered":"Entre la vida y la Muerte"},"content":{"rendered":"<p><strong>ISBN<\/strong>: 978-84-1181-189-7<\/p>\n<p><strong>T\u00edtulo<\/strong>: Entre la vida y la Muerte<br \/>\n<strong>Fecha<\/strong>: 2023<br \/>\n<strong>P\u00e1ginas<\/strong>: 86<\/p>\n<p><strong>SINOPSIS<\/strong><\/p>\n<p>En este libro de poes\u00edas nos encontraremos y nos sumergiremos en amores entre dos mundos, entre mensajes que vuelan, en un te amo.<\/p>\n<p>En que hoy m\u00e1s que nunca hay que celebrar las cosas que nos pasan, encontrarnos con la recompensa porque la merecemos y la hemos ganado.<\/p>\n<p>Mirar lo bueno que hay en nosotros y decirnos, solo quer\u00eda amarme, colocando la mano en el coraz\u00f3n.<\/p>\n<p>Derribando fronteras con el coraz\u00f3n para acercarnos a nosotros mismos.<\/p>\n<p>Aceptar los cambios y atrevernos a salir de la zona de confort para crecer y madurar.<\/p>\n<p>Atrevi\u00e9ndonos a cruzar el portar que nos lleva a los nuevos proyectos.<\/p>\n<p>Fijarnos en los peque\u00f1os y grandes detalles que nos brinda\u00a0 \u00a0la vida y la muerte, sin miedo.<\/p>\n<p>Con el firme prop\u00f3sito de conquistarnos a nosotros mismos, teniendo como gu\u00eda cada frase y palabra que plasmo en el papel.<\/p>\n<p>Mirando lo bien que nos vemos con nuestra propia luz interior.<\/p>\n<p>Y mucho m\u00e1s. \u00a1En hora buena\u2026! Disfrutad de la lectura.<\/p>\n<p>Bienvenidos a mi mundo.<\/p>\n<p>Norkys.<\/p>\n<p>&nbsp;<\/p>\n","protected":false},"excerpt":{"rendered":"<p><strong>ISBN<\/strong>: 978-84-1181-189-7<\/p>\n<p><strong>SINOPSIS<\/strong><\/p>\n<p>En este libro de poes\u00edas nos encontraremos y nos sumergiremos en amores entre dos mundos, entre mensajes que vuelan, en un te amo.<\/p>\n<p>En que hoy m\u00e1s que nunca hay que celebrar las cosas que nos pasan, encontrarnos con la recompensa porque la merecemos y la hemos ganado.<\/p>\n<p>Mirar lo bueno que hay en nosotros y decirnos, solo quer\u00eda amarme, colocando la mano en el coraz\u00f3n.<\/p>\n<p>Derribando fronteras con el coraz\u00f3n para acercarnos a nosotros mismos.<\/p>\n<p>Aceptar los cambios y atrevernos a salir de la zona de confort para crecer y madurar.<\/p>\n<p>Atrevi\u00e9ndonos a cruzar el portar que nos lleva a los nuevos proyectos.<\/p>\n<p>Fijarnos en los peque\u00f1os y grandes detalles que nos brinda\u00a0 \u00a0la vida y la muerte, sin miedo.<\/p>\n<p>Con el firme prop\u00f3sito de conquistarnos a nosotros mismos, teniendo como gu\u00eda cada frase y palabra que plasmo en el papel.<\/p>\n<p>Mirando lo bien que nos vemos con nuestra propia luz interior.<\/p>\n<p>Y mucho m\u00e1s. \u00a1En hora buena\u2026! Disfrutad de la lectura.<\/p>\n<p>Bienvenidos a mi mundo.<\/p>\n","protected":false},"featured_media":99142,"comment_status":"closed","ping_status":"open","template":"","meta":{"_acf_changed":false},"libro":[],"product_brand":[],"product_cat":[26],"product_tag":[],"class_list":{"0":"post-99141","1":"product","2":"type-product","3":"status-publish","4":"has-post-thumbnail","6":"product_cat-sin-categoria","8":"first","9":"instock","10":"product-type-simple"},"acf":{"autor":[77513],"enlace_de_compra":"https:\/\/www.amazon.es\/Entre-vida-muerte-Norkys-Brito\/dp\/B0CGL9ZNY1\/"},"yoast_head":"<!-- This site is optimized with the Yoast SEO plugin v26.6 - https:\/\/yoast.com\/wordpress\/plugins\/seo\/ -->\n<title>Entre la vida y la Muerte - Catalogo | Letrame Grupo Editorial<\/title>\n<meta name=\"robots\" content=\"index, follow, max-snippet:-1, max-image-preview:large, max-video-preview:-1\" \/>\n<link rel=\"canonical\" href=\"https:\/\/letrame.com\/catalogo\/producto\/entre-la-vida-y-la-muerte\/\" \/>\n<meta property=\"og:locale\" content=\"es_ES\" \/>\n<meta property=\"og:type\" content=\"article\" \/>\n<meta property=\"og:title\" content=\"Entre la vida y la Muerte - Catalogo | Letrame Grupo Editorial\" \/>\n<meta property=\"og:description\" content=\"ISBN: 978-84-1181-189-7 SINOPSIS En este libro de poes\u00edas nos encontraremos y nos sumergiremos en amores entre dos mundos, entre mensajes que vuelan, en un te amo. En que hoy m\u00e1s que nunca hay que celebrar las cosas que nos pasan, encontrarnos con la recompensa porque la merecemos y la hemos ganado. Mirar lo bueno que hay en nosotros y decirnos, solo quer\u00eda amarme, colocando la mano en el coraz\u00f3n. Derribando fronteras con el coraz\u00f3n para acercarnos a nosotros mismos. Aceptar los cambios y atrevernos a salir de la zona de confort para crecer y madurar. Atrevi\u00e9ndonos a cruzar el portar que nos lleva a los nuevos proyectos. Fijarnos en los peque\u00f1os y grandes detalles que nos brinda\u00a0 \u00a0la vida y la muerte, sin miedo. Con el firme prop\u00f3sito de conquistarnos a nosotros mismos, teniendo como gu\u00eda cada frase y palabra que plasmo en el papel. Mirando lo bien que nos vemos con nuestra propia luz interior. Y mucho m\u00e1s. \u00a1En hora buena\u2026! Disfrutad de la lectura. Bienvenidos a mi mundo.\" \/>\n<meta property=\"og:url\" content=\"https:\/\/letrame.com\/catalogo\/producto\/entre-la-vida-y-la-muerte\/\" \/>\n<meta property=\"og:site_name\" content=\"Catalogo | Letrame Grupo Editorial\" \/>\n<meta property=\"og:image\" content=\"https:\/\/letrame.com\/catalogo\/wp-content\/uploads\/2024\/04\/portada_entrelavidaylamuerte_485mm-copia-compressed-scaled-1.jpg\" \/>\n\t<meta property=\"og:image:width\" content=\"1706\" \/>\n\t<meta property=\"og:image:height\" content=\"2560\" \/>\n\t<meta property=\"og:image:type\" content=\"image\/jpeg\" \/>\n<meta name=\"twitter:card\" content=\"summary_large_image\" \/>\n<meta name=\"twitter:label1\" content=\"Tiempo de lectura\" \/>\n\t<meta name=\"twitter:data1\" content=\"1 minuto\" \/>\n<script type=\"application\/ld+json\" class=\"yoast-schema-graph\">{\"@context\":\"https:\/\/schema.org\",\"@graph\":[{\"@type\":\"WebPage\",\"@id\":\"https:\/\/letrame.com\/catalogo\/producto\/entre-la-vida-y-la-muerte\/\",\"url\":\"https:\/\/letrame.com\/catalogo\/producto\/entre-la-vida-y-la-muerte\/\",\"name\":\"Entre la vida y la Muerte - Catalogo | Letrame Grupo Editorial\",\"isPartOf\":{\"@id\":\"https:\/\/letrame.com\/catalogo\/#website\"},\"primaryImageOfPage\":{\"@id\":\"https:\/\/letrame.com\/catalogo\/producto\/entre-la-vida-y-la-muerte\/#primaryimage\"},\"image\":{\"@id\":\"https:\/\/letrame.com\/catalogo\/producto\/entre-la-vida-y-la-muerte\/#primaryimage\"},\"thumbnailUrl\":\"https:\/\/letrame.com\/catalogo\/wp-content\/uploads\/2024\/04\/portada_entrelavidaylamuerte_485mm-copia-compressed-scaled-1.jpg\",\"datePublished\":\"2024-04-29T13:49:35+00:00\",\"breadcrumb\":{\"@id\":\"https:\/\/letrame.com\/catalogo\/producto\/entre-la-vida-y-la-muerte\/#breadcrumb\"},\"inLanguage\":\"es\",\"potentialAction\":[{\"@type\":\"ReadAction\",\"target\":[\"https:\/\/letrame.com\/catalogo\/producto\/entre-la-vida-y-la-muerte\/\"]}]},{\"@type\":\"ImageObject\",\"inLanguage\":\"es\",\"@id\":\"https:\/\/letrame.com\/catalogo\/producto\/entre-la-vida-y-la-muerte\/#primaryimage\",\"url\":\"https:\/\/letrame.com\/catalogo\/wp-content\/uploads\/2024\/04\/portada_entrelavidaylamuerte_485mm-copia-compressed-scaled-1.jpg\",\"contentUrl\":\"https:\/\/letrame.com\/catalogo\/wp-content\/uploads\/2024\/04\/portada_entrelavidaylamuerte_485mm-copia-compressed-scaled-1.jpg\",\"width\":1706,\"height\":2560},{\"@type\":\"BreadcrumbList\",\"@id\":\"https:\/\/letrame.com\/catalogo\/producto\/entre-la-vida-y-la-muerte\/#breadcrumb\",\"itemListElement\":[{\"@type\":\"ListItem\",\"position\":1,\"name\":\"Portada\",\"item\":\"https:\/\/letrame.com\/catalogo\/\"},{\"@type\":\"ListItem\",\"position\":2,\"name\":\"Cat\u00e1logo\",\"item\":\"https:\/\/letrame.com\/catalogo\/\"},{\"@type\":\"ListItem\",\"position\":3,\"name\":\"Entre la vida y la Muerte\"}]},{\"@type\":\"WebSite\",\"@id\":\"https:\/\/letrame.com\/catalogo\/#website\",\"url\":\"https:\/\/letrame.com\/catalogo\/\",\"name\":\"Catalogo | Letrame Grupo Editorial\",\"description\":\"\",\"publisher\":{\"@id\":\"https:\/\/letrame.com\/catalogo\/#organization\"},\"potentialAction\":[{\"@type\":\"SearchAction\",\"target\":{\"@type\":\"EntryPoint\",\"urlTemplate\":\"https:\/\/letrame.com\/catalogo\/?s={search_term_string}\"},\"query-input\":{\"@type\":\"PropertyValueSpecification\",\"valueRequired\":true,\"valueName\":\"search_term_string\"}}],\"inLanguage\":\"es\"},{\"@type\":\"Organization\",\"@id\":\"https:\/\/letrame.com\/catalogo\/#organization\",\"name\":\"Catalogo | Letrame Grupo Editorial\",\"url\":\"https:\/\/letrame.com\/catalogo\/\",\"logo\":{\"@type\":\"ImageObject\",\"inLanguage\":\"es\",\"@id\":\"https:\/\/letrame.com\/catalogo\/#\/schema\/logo\/image\/\",\"url\":\"https:\/\/letrame.com\/catalogo\/wp-content\/uploads\/2024\/03\/logo2.webp\",\"contentUrl\":\"https:\/\/letrame.com\/catalogo\/wp-content\/uploads\/2024\/03\/logo2.webp\",\"width\":394,\"height\":128,\"caption\":\"Catalogo | Letrame Grupo Editorial\"},\"image\":{\"@id\":\"https:\/\/letrame.com\/catalogo\/#\/schema\/logo\/image\/\"}}]}<\/script>\n<!-- \/ Yoast SEO plugin. -->","yoast_head_json":{"title":"Entre la vida y la Muerte - Catalogo | Letrame Grupo Editorial","robots":{"index":"index","follow":"follow","max-snippet":"max-snippet:-1","max-image-preview":"max-image-preview:large","max-video-preview":"max-video-preview:-1"},"canonical":"https:\/\/letrame.com\/catalogo\/producto\/entre-la-vida-y-la-muerte\/","og_locale":"es_ES","og_type":"article","og_title":"Entre la vida y la Muerte - Catalogo | Letrame Grupo Editorial","og_description":"ISBN: 978-84-1181-189-7 SINOPSIS En este libro de poes\u00edas nos encontraremos y nos sumergiremos en amores entre dos mundos, entre mensajes que vuelan, en un te amo. En que hoy m\u00e1s que nunca hay que celebrar las cosas que nos pasan, encontrarnos con la recompensa porque la merecemos y la hemos ganado. Mirar lo bueno que hay en nosotros y decirnos, solo quer\u00eda amarme, colocando la mano en el coraz\u00f3n. Derribando fronteras con el coraz\u00f3n para acercarnos a nosotros mismos. Aceptar los cambios y atrevernos a salir de la zona de confort para crecer y madurar. Atrevi\u00e9ndonos a cruzar el portar que nos lleva a los nuevos proyectos. Fijarnos en los peque\u00f1os y grandes detalles que nos brinda\u00a0 \u00a0la vida y la muerte, sin miedo. Con el firme prop\u00f3sito de conquistarnos a nosotros mismos, teniendo como gu\u00eda cada frase y palabra que plasmo en el papel. Mirando lo bien que nos vemos con nuestra propia luz interior. Y mucho m\u00e1s. \u00a1En hora buena\u2026! Disfrutad de la lectura. Bienvenidos a mi mundo.","og_url":"https:\/\/letrame.com\/catalogo\/producto\/entre-la-vida-y-la-muerte\/","og_site_name":"Catalogo | Letrame Grupo Editorial","og_image":[{"width":1706,"height":2560,"url":"https:\/\/letrame.com\/catalogo\/wp-content\/uploads\/2024\/04\/portada_entrelavidaylamuerte_485mm-copia-compressed-scaled-1.jpg","type":"image\/jpeg"}],"twitter_card":"summary_large_image","twitter_misc":{"Tiempo de lectura":"1 minuto"},"schema":{"@context":"https:\/\/schema.org","@graph":[{"@type":"WebPage","@id":"https:\/\/letrame.com\/catalogo\/producto\/entre-la-vida-y-la-muerte\/","url":"https:\/\/letrame.com\/catalogo\/producto\/entre-la-vida-y-la-muerte\/","name":"Entre la vida y la Muerte - Catalogo | Letrame Grupo Editorial","isPartOf":{"@id":"https:\/\/letrame.com\/catalogo\/#website"},"primaryImageOfPage":{"@id":"https:\/\/letrame.com\/catalogo\/producto\/entre-la-vida-y-la-muerte\/#primaryimage"},"image":{"@id":"https:\/\/letrame.com\/catalogo\/producto\/entre-la-vida-y-la-muerte\/#primaryimage"},"thumbnailUrl":"https:\/\/letrame.com\/catalogo\/wp-content\/uploads\/2024\/04\/portada_entrelavidaylamuerte_485mm-copia-compressed-scaled-1.jpg","datePublished":"2024-04-29T13:49:35+00:00","breadcrumb":{"@id":"https:\/\/letrame.com\/catalogo\/producto\/entre-la-vida-y-la-muerte\/#breadcrumb"},"inLanguage":"es","potentialAction":[{"@type":"ReadAction","target":["https:\/\/letrame.com\/catalogo\/producto\/entre-la-vida-y-la-muerte\/"]}]},{"@type":"ImageObject","inLanguage":"es","@id":"https:\/\/letrame.com\/catalogo\/producto\/entre-la-vida-y-la-muerte\/#primaryimage","url":"https:\/\/letrame.com\/catalogo\/wp-content\/uploads\/2024\/04\/portada_entrelavidaylamuerte_485mm-copia-compressed-scaled-1.jpg","contentUrl":"https:\/\/letrame.com\/catalogo\/wp-content\/uploads\/2024\/04\/portada_entrelavidaylamuerte_485mm-copia-compressed-scaled-1.jpg","width":1706,"height":2560},{"@type":"BreadcrumbList","@id":"https:\/\/letrame.com\/catalogo\/producto\/entre-la-vida-y-la-muerte\/#breadcrumb","itemListElement":[{"@type":"ListItem","position":1,"name":"Portada","item":"https:\/\/letrame.com\/catalogo\/"},{"@type":"ListItem","position":2,"name":"Cat\u00e1logo","item":"https:\/\/letrame.com\/catalogo\/"},{"@type":"ListItem","position":3,"name":"Entre la vida y la Muerte"}]},{"@type":"WebSite","@id":"https:\/\/letrame.com\/catalogo\/#website","url":"https:\/\/letrame.com\/catalogo\/","name":"Catalogo | Letrame Grupo Editorial","description":"","publisher":{"@id":"https:\/\/letrame.com\/catalogo\/#organization"},"potentialAction":[{"@type":"SearchAction","target":{"@type":"EntryPoint","urlTemplate":"https:\/\/letrame.com\/catalogo\/?s={search_term_string}"},"query-input":{"@type":"PropertyValueSpecification","valueRequired":true,"valueName":"search_term_string"}}],"inLanguage":"es"},{"@type":"Organization","@id":"https:\/\/letrame.com\/catalogo\/#organization","name":"Catalogo | Letrame Grupo Editorial","url":"https:\/\/letrame.com\/catalogo\/","logo":{"@type":"ImageObject","inLanguage":"es","@id":"https:\/\/letrame.com\/catalogo\/#\/schema\/logo\/image\/","url":"https:\/\/letrame.com\/catalogo\/wp-content\/uploads\/2024\/03\/logo2.webp","contentUrl":"https:\/\/letrame.com\/catalogo\/wp-content\/uploads\/2024\/03\/logo2.webp","width":394,"height":128,"caption":"Catalogo | Letrame Grupo Editorial"},"image":{"@id":"https:\/\/letrame.com\/catalogo\/#\/schema\/logo\/image\/"}}]}},"_links":{"self":[{"href":"https:\/\/letrame.com\/catalogo\/wp-json\/wp\/v2\/product\/99141","targetHints":{"allow":["GET"]}}],"collection":[{"href":"https:\/\/letrame.com\/catalogo\/wp-json\/wp\/v2\/product"}],"about":[{"href":"https:\/\/letrame.com\/catalogo\/wp-json\/wp\/v2\/types\/product"}],"replies":[{"embeddable":true,"href":"https:\/\/letrame.com\/catalogo\/wp-json\/wp\/v2\/comments?post=99141"}],"acf:post":[{"embeddable":true,"href":"https:\/\/letrame.com\/catalogo\/wp-json\/wp\/v2\/author_book\/77513"}],"wp:featuredmedia":[{"embeddable":true,"href":"https:\/\/letrame.com\/catalogo\/wp-json\/wp\/v2\/media\/99142"}],"wp:attachment":[{"href":"https:\/\/letrame.com\/catalogo\/wp-json\/wp\/v2\/media?parent=99141"}],"wp:term":[{"taxonomy":"libro","embeddable":true,"href":"https:\/\/letrame.com\/catalogo\/wp-json\/wp\/v2\/libro?post=99141"},{"taxonomy":"product_brand","embeddable":true,"href":"https:\/\/letrame.com\/catalogo\/wp-json\/wp\/v2\/product_brand?post=99141"},{"taxonomy":"product_cat","embeddable":true,"href":"https:\/\/letrame.com\/catalogo\/wp-json\/wp\/v2\/product_cat?post=99141"},{"taxonomy":"product_tag","embeddable":true,"href":"https:\/\/letrame.com\/catalogo\/wp-json\/wp\/v2\/product_tag?post=99141"}],"curies":[{"name":"wp","href":"https:\/\/api.w.org\/{rel}","templated":true}]}}