{"id":99129,"date":"2024-04-29T15:48:14","date_gmt":"2024-04-29T13:48:14","guid":{"rendered":"https:\/\/letrame.com\/catalogo\/producto\/reviviendo-el-pasado\/"},"modified":"2024-04-29T15:48:14","modified_gmt":"2024-04-29T13:48:14","slug":"reviviendo-el-pasado","status":"publish","type":"product","link":"https:\/\/letrame.com\/catalogo\/producto\/reviviendo-el-pasado\/","title":{"rendered":"Reviviendo el pasado"},"content":{"rendered":"<p><strong>ISBN<\/strong>: 978-84-1181-082-1<\/p>\n<p><strong>T\u00edtulo<\/strong>: Reviviendo el pasado<br \/>\n<strong>Fecha<\/strong>: 2023<br \/>\n<strong>P\u00e1ginas<\/strong>: 220<\/p>\n<p><strong>SINOPSIS<\/strong><\/p>\n<p>Eliza Owens est\u00e1 emocionada porque, al fin, tendr\u00e1 la oportunidad de ejercer su profesi\u00f3n, aunque para ello tiene que mudarse a un peque\u00f1o pueblo llamado Blue Hill. Lo que ella no se imagina es que descubrir\u00e1, a trav\u00e9s de sus sue\u00f1os, la verdad sobre una injusticia ocurrida muchos a\u00f1os atr\u00e1s.<\/p>\n<p>Por su parte, Kiliam Wallace, un importante senador del estado de Wisconsin, para escapar de sus problemas, regresa al pueblo de su abuelo, en el que es rechazado por llevar el apellido de un asesino. Sin\u00a0importarle lo que opinen los dem\u00e1s, regresa a la granja Wallace, donde encuentra algo m\u00e1s que la tranquilidad que tanto buscaba.<\/p>\n<p>&nbsp;<\/p>\n","protected":false},"excerpt":{"rendered":"<p><strong>ISBN<\/strong>: 978-84-1181-082-1<\/p>\n<p><strong>SINOPSIS<\/strong><\/p>\n<p>Eliza Owens est\u00e1 emocionada porque, al fin, tendr\u00e1 la oportunidad de ejercer su profesi\u00f3n, aunque para ello tiene que mudarse a un peque\u00f1o pueblo llamado Blue Hill. Lo que ella no se imagina es que descubrir\u00e1, a trav\u00e9s de sus sue\u00f1os, la verdad sobre una injusticia ocurrida muchos a\u00f1os atr\u00e1s.<\/p>\n<p>Por su parte, Kiliam Wallace, un importante senador del estado de Wisconsin, para escapar de sus problemas, regresa al pueblo de su abuelo, en el que es rechazado por llevar el apellido de un asesino. Sin\u00a0importarle lo que opinen los dem\u00e1s, regresa a la granja Wallace, donde encuentra algo m\u00e1s que la tranquilidad que tanto buscaba.<\/p>\n<p>&nbsp;<\/p>\n","protected":false},"featured_media":99130,"comment_status":"closed","ping_status":"open","template":"","meta":{"_acf_changed":false},"libro":[],"product_brand":[],"product_cat":[26],"product_tag":[],"class_list":{"0":"post-99129","1":"product","2":"type-product","3":"status-publish","4":"has-post-thumbnail","6":"product_cat-sin-categoria","8":"first","9":"instock","10":"product-type-simple"},"acf":{"autor":[74612],"enlace_de_compra":""},"yoast_head":"<!-- This site is optimized with the Yoast SEO plugin v27.4 - https:\/\/yoast.com\/product\/yoast-seo-wordpress\/ -->\n<title>Reviviendo el pasado - Catalogo | Letrame Grupo Editorial<\/title>\n<meta name=\"robots\" content=\"index, follow, max-snippet:-1, max-image-preview:large, max-video-preview:-1\" \/>\n<link rel=\"canonical\" href=\"https:\/\/letrame.com\/catalogo\/producto\/reviviendo-el-pasado\/\" \/>\n<meta property=\"og:locale\" content=\"es_ES\" \/>\n<meta property=\"og:type\" content=\"article\" \/>\n<meta property=\"og:title\" content=\"Reviviendo el pasado - Catalogo | Letrame Grupo Editorial\" \/>\n<meta property=\"og:description\" content=\"ISBN: 978-84-1181-082-1 SINOPSIS Eliza Owens est\u00e1 emocionada porque, al fin, tendr\u00e1 la oportunidad de ejercer su profesi\u00f3n, aunque para ello tiene que mudarse a un peque\u00f1o pueblo llamado Blue Hill. Lo que ella no se imagina es que descubrir\u00e1, a trav\u00e9s de sus sue\u00f1os, la verdad sobre una injusticia ocurrida muchos a\u00f1os atr\u00e1s. Por su parte, Kiliam Wallace, un importante senador del estado de Wisconsin, para escapar de sus problemas, regresa al pueblo de su abuelo, en el que es rechazado por llevar el apellido de un asesino. Sin\u00a0importarle lo que opinen los dem\u00e1s, regresa a la granja Wallace, donde encuentra algo m\u00e1s que la tranquilidad que tanto buscaba. &nbsp;\" \/>\n<meta property=\"og:url\" content=\"https:\/\/letrame.com\/catalogo\/producto\/reviviendo-el-pasado\/\" \/>\n<meta property=\"og:site_name\" content=\"Catalogo | Letrame Grupo Editorial\" \/>\n<meta property=\"og:image\" content=\"https:\/\/letrame.com\/catalogo\/wp-content\/uploads\/2024\/04\/webportada_reviviendoelpasado_1122mm-compressed-scaled-1.jpg\" \/>\n\t<meta property=\"og:image:width\" content=\"1746\" \/>\n\t<meta property=\"og:image:height\" content=\"2560\" \/>\n\t<meta property=\"og:image:type\" content=\"image\/jpeg\" \/>\n<meta name=\"twitter:card\" content=\"summary_large_image\" \/>\n<meta name=\"twitter:label1\" content=\"Tiempo de lectura\" \/>\n\t<meta name=\"twitter:data1\" content=\"1 minuto\" \/>\n<script type=\"application\/ld+json\" class=\"yoast-schema-graph\">{\"@context\":\"https:\\\/\\\/schema.org\",\"@graph\":[{\"@type\":\"WebPage\",\"@id\":\"https:\\\/\\\/letrame.com\\\/catalogo\\\/producto\\\/reviviendo-el-pasado\\\/\",\"url\":\"https:\\\/\\\/letrame.com\\\/catalogo\\\/producto\\\/reviviendo-el-pasado\\\/\",\"name\":\"Reviviendo el pasado - Catalogo | Letrame Grupo Editorial\",\"isPartOf\":{\"@id\":\"https:\\\/\\\/letrame.com\\\/catalogo\\\/#website\"},\"primaryImageOfPage\":{\"@id\":\"https:\\\/\\\/letrame.com\\\/catalogo\\\/producto\\\/reviviendo-el-pasado\\\/#primaryimage\"},\"image\":{\"@id\":\"https:\\\/\\\/letrame.com\\\/catalogo\\\/producto\\\/reviviendo-el-pasado\\\/#primaryimage\"},\"thumbnailUrl\":\"https:\\\/\\\/letrame.com\\\/catalogo\\\/wp-content\\\/uploads\\\/2024\\\/04\\\/webportada_reviviendoelpasado_1122mm-compressed-scaled-1.jpg\",\"datePublished\":\"2024-04-29T13:48:14+00:00\",\"breadcrumb\":{\"@id\":\"https:\\\/\\\/letrame.com\\\/catalogo\\\/producto\\\/reviviendo-el-pasado\\\/#breadcrumb\"},\"inLanguage\":\"es\",\"potentialAction\":[{\"@type\":\"ReadAction\",\"target\":[\"https:\\\/\\\/letrame.com\\\/catalogo\\\/producto\\\/reviviendo-el-pasado\\\/\"]}]},{\"@type\":\"ImageObject\",\"inLanguage\":\"es\",\"@id\":\"https:\\\/\\\/letrame.com\\\/catalogo\\\/producto\\\/reviviendo-el-pasado\\\/#primaryimage\",\"url\":\"https:\\\/\\\/letrame.com\\\/catalogo\\\/wp-content\\\/uploads\\\/2024\\\/04\\\/webportada_reviviendoelpasado_1122mm-compressed-scaled-1.jpg\",\"contentUrl\":\"https:\\\/\\\/letrame.com\\\/catalogo\\\/wp-content\\\/uploads\\\/2024\\\/04\\\/webportada_reviviendoelpasado_1122mm-compressed-scaled-1.jpg\",\"width\":1746,\"height\":2560},{\"@type\":\"BreadcrumbList\",\"@id\":\"https:\\\/\\\/letrame.com\\\/catalogo\\\/producto\\\/reviviendo-el-pasado\\\/#breadcrumb\",\"itemListElement\":[{\"@type\":\"ListItem\",\"position\":1,\"name\":\"Portada\",\"item\":\"https:\\\/\\\/letrame.com\\\/catalogo\\\/\"},{\"@type\":\"ListItem\",\"position\":2,\"name\":\"Cat\u00e1logo\",\"item\":\"https:\\\/\\\/letrame.com\\\/catalogo\\\/\"},{\"@type\":\"ListItem\",\"position\":3,\"name\":\"Reviviendo el pasado\"}]},{\"@type\":\"WebSite\",\"@id\":\"https:\\\/\\\/letrame.com\\\/catalogo\\\/#website\",\"url\":\"https:\\\/\\\/letrame.com\\\/catalogo\\\/\",\"name\":\"Catalogo | Letrame Grupo Editorial\",\"description\":\"\",\"publisher\":{\"@id\":\"https:\\\/\\\/letrame.com\\\/catalogo\\\/#organization\"},\"potentialAction\":[{\"@type\":\"SearchAction\",\"target\":{\"@type\":\"EntryPoint\",\"urlTemplate\":\"https:\\\/\\\/letrame.com\\\/catalogo\\\/?s={search_term_string}\"},\"query-input\":{\"@type\":\"PropertyValueSpecification\",\"valueRequired\":true,\"valueName\":\"search_term_string\"}}],\"inLanguage\":\"es\"},{\"@type\":\"Organization\",\"@id\":\"https:\\\/\\\/letrame.com\\\/catalogo\\\/#organization\",\"name\":\"Catalogo | Letrame Grupo Editorial\",\"url\":\"https:\\\/\\\/letrame.com\\\/catalogo\\\/\",\"logo\":{\"@type\":\"ImageObject\",\"inLanguage\":\"es\",\"@id\":\"https:\\\/\\\/letrame.com\\\/catalogo\\\/#\\\/schema\\\/logo\\\/image\\\/\",\"url\":\"https:\\\/\\\/letrame.com\\\/catalogo\\\/wp-content\\\/uploads\\\/2024\\\/03\\\/logo2.webp\",\"contentUrl\":\"https:\\\/\\\/letrame.com\\\/catalogo\\\/wp-content\\\/uploads\\\/2024\\\/03\\\/logo2.webp\",\"width\":394,\"height\":128,\"caption\":\"Catalogo | Letrame Grupo Editorial\"},\"image\":{\"@id\":\"https:\\\/\\\/letrame.com\\\/catalogo\\\/#\\\/schema\\\/logo\\\/image\\\/\"}}]}<\/script>\n<!-- \/ Yoast SEO plugin. -->","yoast_head_json":{"title":"Reviviendo el pasado - Catalogo | Letrame Grupo Editorial","robots":{"index":"index","follow":"follow","max-snippet":"max-snippet:-1","max-image-preview":"max-image-preview:large","max-video-preview":"max-video-preview:-1"},"canonical":"https:\/\/letrame.com\/catalogo\/producto\/reviviendo-el-pasado\/","og_locale":"es_ES","og_type":"article","og_title":"Reviviendo el pasado - Catalogo | Letrame Grupo Editorial","og_description":"ISBN: 978-84-1181-082-1 SINOPSIS Eliza Owens est\u00e1 emocionada porque, al fin, tendr\u00e1 la oportunidad de ejercer su profesi\u00f3n, aunque para ello tiene que mudarse a un peque\u00f1o pueblo llamado Blue Hill. Lo que ella no se imagina es que descubrir\u00e1, a trav\u00e9s de sus sue\u00f1os, la verdad sobre una injusticia ocurrida muchos a\u00f1os atr\u00e1s. Por su parte, Kiliam Wallace, un importante senador del estado de Wisconsin, para escapar de sus problemas, regresa al pueblo de su abuelo, en el que es rechazado por llevar el apellido de un asesino. Sin\u00a0importarle lo que opinen los dem\u00e1s, regresa a la granja Wallace, donde encuentra algo m\u00e1s que la tranquilidad que tanto buscaba. &nbsp;","og_url":"https:\/\/letrame.com\/catalogo\/producto\/reviviendo-el-pasado\/","og_site_name":"Catalogo | Letrame Grupo Editorial","og_image":[{"width":1746,"height":2560,"url":"https:\/\/letrame.com\/catalogo\/wp-content\/uploads\/2024\/04\/webportada_reviviendoelpasado_1122mm-compressed-scaled-1.jpg","type":"image\/jpeg"}],"twitter_card":"summary_large_image","twitter_misc":{"Tiempo de lectura":"1 minuto"},"schema":{"@context":"https:\/\/schema.org","@graph":[{"@type":"WebPage","@id":"https:\/\/letrame.com\/catalogo\/producto\/reviviendo-el-pasado\/","url":"https:\/\/letrame.com\/catalogo\/producto\/reviviendo-el-pasado\/","name":"Reviviendo el pasado - Catalogo | Letrame Grupo Editorial","isPartOf":{"@id":"https:\/\/letrame.com\/catalogo\/#website"},"primaryImageOfPage":{"@id":"https:\/\/letrame.com\/catalogo\/producto\/reviviendo-el-pasado\/#primaryimage"},"image":{"@id":"https:\/\/letrame.com\/catalogo\/producto\/reviviendo-el-pasado\/#primaryimage"},"thumbnailUrl":"https:\/\/letrame.com\/catalogo\/wp-content\/uploads\/2024\/04\/webportada_reviviendoelpasado_1122mm-compressed-scaled-1.jpg","datePublished":"2024-04-29T13:48:14+00:00","breadcrumb":{"@id":"https:\/\/letrame.com\/catalogo\/producto\/reviviendo-el-pasado\/#breadcrumb"},"inLanguage":"es","potentialAction":[{"@type":"ReadAction","target":["https:\/\/letrame.com\/catalogo\/producto\/reviviendo-el-pasado\/"]}]},{"@type":"ImageObject","inLanguage":"es","@id":"https:\/\/letrame.com\/catalogo\/producto\/reviviendo-el-pasado\/#primaryimage","url":"https:\/\/letrame.com\/catalogo\/wp-content\/uploads\/2024\/04\/webportada_reviviendoelpasado_1122mm-compressed-scaled-1.jpg","contentUrl":"https:\/\/letrame.com\/catalogo\/wp-content\/uploads\/2024\/04\/webportada_reviviendoelpasado_1122mm-compressed-scaled-1.jpg","width":1746,"height":2560},{"@type":"BreadcrumbList","@id":"https:\/\/letrame.com\/catalogo\/producto\/reviviendo-el-pasado\/#breadcrumb","itemListElement":[{"@type":"ListItem","position":1,"name":"Portada","item":"https:\/\/letrame.com\/catalogo\/"},{"@type":"ListItem","position":2,"name":"Cat\u00e1logo","item":"https:\/\/letrame.com\/catalogo\/"},{"@type":"ListItem","position":3,"name":"Reviviendo el pasado"}]},{"@type":"WebSite","@id":"https:\/\/letrame.com\/catalogo\/#website","url":"https:\/\/letrame.com\/catalogo\/","name":"Catalogo | Letrame Grupo Editorial","description":"","publisher":{"@id":"https:\/\/letrame.com\/catalogo\/#organization"},"potentialAction":[{"@type":"SearchAction","target":{"@type":"EntryPoint","urlTemplate":"https:\/\/letrame.com\/catalogo\/?s={search_term_string}"},"query-input":{"@type":"PropertyValueSpecification","valueRequired":true,"valueName":"search_term_string"}}],"inLanguage":"es"},{"@type":"Organization","@id":"https:\/\/letrame.com\/catalogo\/#organization","name":"Catalogo | Letrame Grupo Editorial","url":"https:\/\/letrame.com\/catalogo\/","logo":{"@type":"ImageObject","inLanguage":"es","@id":"https:\/\/letrame.com\/catalogo\/#\/schema\/logo\/image\/","url":"https:\/\/letrame.com\/catalogo\/wp-content\/uploads\/2024\/03\/logo2.webp","contentUrl":"https:\/\/letrame.com\/catalogo\/wp-content\/uploads\/2024\/03\/logo2.webp","width":394,"height":128,"caption":"Catalogo | Letrame Grupo Editorial"},"image":{"@id":"https:\/\/letrame.com\/catalogo\/#\/schema\/logo\/image\/"}}]}},"_links":{"self":[{"href":"https:\/\/letrame.com\/catalogo\/wp-json\/wp\/v2\/product\/99129","targetHints":{"allow":["GET"]}}],"collection":[{"href":"https:\/\/letrame.com\/catalogo\/wp-json\/wp\/v2\/product"}],"about":[{"href":"https:\/\/letrame.com\/catalogo\/wp-json\/wp\/v2\/types\/product"}],"replies":[{"embeddable":true,"href":"https:\/\/letrame.com\/catalogo\/wp-json\/wp\/v2\/comments?post=99129"}],"acf:post":[{"embeddable":true,"href":"https:\/\/letrame.com\/catalogo\/wp-json\/wp\/v2\/author_book\/74612"}],"wp:featuredmedia":[{"embeddable":true,"href":"https:\/\/letrame.com\/catalogo\/wp-json\/wp\/v2\/media\/99130"}],"wp:attachment":[{"href":"https:\/\/letrame.com\/catalogo\/wp-json\/wp\/v2\/media?parent=99129"}],"wp:term":[{"taxonomy":"libro","embeddable":true,"href":"https:\/\/letrame.com\/catalogo\/wp-json\/wp\/v2\/libro?post=99129"},{"taxonomy":"product_brand","embeddable":true,"href":"https:\/\/letrame.com\/catalogo\/wp-json\/wp\/v2\/product_brand?post=99129"},{"taxonomy":"product_cat","embeddable":true,"href":"https:\/\/letrame.com\/catalogo\/wp-json\/wp\/v2\/product_cat?post=99129"},{"taxonomy":"product_tag","embeddable":true,"href":"https:\/\/letrame.com\/catalogo\/wp-json\/wp\/v2\/product_tag?post=99129"}],"curies":[{"name":"wp","href":"https:\/\/api.w.org\/{rel}","templated":true}]}}