{"id":99127,"date":"2024-04-29T15:47:37","date_gmt":"2024-04-29T13:47:37","guid":{"rendered":"https:\/\/letrame.com\/catalogo\/producto\/mi-jardin-de-poesias\/"},"modified":"2024-04-29T15:48:00","modified_gmt":"2024-04-29T13:48:00","slug":"mi-jardin-de-poesias","status":"publish","type":"product","link":"https:\/\/letrame.com\/catalogo\/producto\/mi-jardin-de-poesias\/","title":{"rendered":"Mi jard\u00edn de poes\u00edas"},"content":{"rendered":"<p><strong>ISBN<\/strong>: 978-84-1144-838-3<\/p>\n<p><strong>T\u00edtulo<\/strong>: Mi jard\u00edn de poes\u00edas<br \/>\n<strong>Fecha<\/strong>: 2023<br \/>\n<strong>P\u00e1ginas<\/strong>: 330<\/p>\n<p><strong>SINOPSIS<\/strong><\/p>\n<p>Este poemario recopila un sinf\u00edn de poes\u00edas que he ido escribiendo en los \u00faltimos a\u00f1os. Es un intento de bailar con las palabras, un libro repleto de pensamientos en forma de poes\u00eda. En este libro muestro mi parte m\u00e1s art\u00edstica.<\/p>\n<p>&nbsp;<\/p>\n<p>Fui una mujer que tuvo que luchar mucho, fueron muchas las veces que ca\u00ed y tuve que sacar fuerzas para levantarme. Una vez que dej\u00e9 de tener fuerza en mis piernas, pens\u00e9 en utilizar la de mis manos y mi cerebro. Para olvidar mis tristezas y mis angustias cog\u00ed un bol\u00edgrafo, y me puse a escribir. La vida no es f\u00e1cil para nadie y la m\u00eda no iba a ser menos. Hubo un d\u00eda que marc\u00f3 mucho mi vida y fue en ese mismo instante en el que tom\u00e9 lo que ten\u00eda cerca, las recetas m\u00e9dicas, y me puse a escribir.<\/p>\n<p>&nbsp;<\/p>\n","protected":false},"excerpt":{"rendered":"<p><strong>ISBN<\/strong>: 978-84-1144-838-3<\/p>\n<p><strong>SINOPSIS<\/strong><\/p>\n<p>Este poemario recopila un sinf\u00edn de poes\u00edas que he ido escribiendo en los \u00faltimos a\u00f1os. Es un intento de bailar con las palabras, un libro repleto de pensamientos en forma de poes\u00eda. En este libro muestro mi parte m\u00e1s art\u00edstica.<\/p>\n<p>&nbsp;<\/p>\n<p>Fui una mujer que tuvo que luchar mucho, fueron muchas las veces que ca\u00ed y tuve que sacar fuerzas para levantarme. Una vez que dej\u00e9 de tener fuerza en mis piernas, pens\u00e9 en utilizar la de mis manos y mi cerebro. Para olvidar mis tristezas y mis angustias cog\u00ed un bol\u00edgrafo, y me puse a escribir. La vida no es f\u00e1cil para nadie y la m\u00eda no iba a ser menos. Hubo un d\u00eda que marc\u00f3 mucho mi vida y fue en ese mismo instante en el que tom\u00e9 lo que ten\u00eda cerca, las recetas m\u00e9dicas, y me puse a escribir.<\/p>\n<p>&nbsp;<\/p>\n","protected":false},"featured_media":99128,"comment_status":"closed","ping_status":"open","template":"","meta":{"_acf_changed":false},"libro":[],"product_brand":[],"product_cat":[26],"product_tag":[],"class_list":{"0":"post-99127","1":"product","2":"type-product","3":"status-publish","4":"has-post-thumbnail","6":"product_cat-sin-categoria","8":"first","9":"instock","10":"product-type-simple"},"acf":{"autor":[77566],"enlace_de_compra":""},"yoast_head":"<!-- This site is optimized with the Yoast SEO plugin v27.4 - https:\/\/yoast.com\/product\/yoast-seo-wordpress\/ -->\n<title>Mi jard\u00edn de poes\u00edas - Catalogo | Letrame Grupo Editorial<\/title>\n<meta name=\"robots\" content=\"index, follow, max-snippet:-1, max-image-preview:large, max-video-preview:-1\" \/>\n<link rel=\"canonical\" href=\"https:\/\/letrame.com\/catalogo\/producto\/mi-jardin-de-poesias\/\" \/>\n<meta property=\"og:locale\" content=\"es_ES\" \/>\n<meta property=\"og:type\" content=\"article\" \/>\n<meta property=\"og:title\" content=\"Mi jard\u00edn de poes\u00edas - Catalogo | Letrame Grupo Editorial\" \/>\n<meta property=\"og:description\" content=\"ISBN: 978-84-1144-838-3 SINOPSIS Este poemario recopila un sinf\u00edn de poes\u00edas que he ido escribiendo en los \u00faltimos a\u00f1os. Es un intento de bailar con las palabras, un libro repleto de pensamientos en forma de poes\u00eda. En este libro muestro mi parte m\u00e1s art\u00edstica. &nbsp; Fui una mujer que tuvo que luchar mucho, fueron muchas las veces que ca\u00ed y tuve que sacar fuerzas para levantarme. Una vez que dej\u00e9 de tener fuerza en mis piernas, pens\u00e9 en utilizar la de mis manos y mi cerebro. Para olvidar mis tristezas y mis angustias cog\u00ed un bol\u00edgrafo, y me puse a escribir. La vida no es f\u00e1cil para nadie y la m\u00eda no iba a ser menos. Hubo un d\u00eda que marc\u00f3 mucho mi vida y fue en ese mismo instante en el que tom\u00e9 lo que ten\u00eda cerca, las recetas m\u00e9dicas, y me puse a escribir. &nbsp;\" \/>\n<meta property=\"og:url\" content=\"https:\/\/letrame.com\/catalogo\/producto\/mi-jardin-de-poesias\/\" \/>\n<meta property=\"og:site_name\" content=\"Catalogo | Letrame Grupo Editorial\" \/>\n<meta property=\"article:modified_time\" content=\"2024-04-29T13:48:00+00:00\" \/>\n<meta property=\"og:image\" content=\"https:\/\/letrame.com\/catalogo\/wp-content\/uploads\/2024\/04\/webportada_mijardin_1629mm-compressed.jpg\" \/>\n\t<meta property=\"og:image:width\" content=\"1748\" \/>\n\t<meta property=\"og:image:height\" content=\"2480\" \/>\n\t<meta property=\"og:image:type\" content=\"image\/jpeg\" \/>\n<meta name=\"twitter:card\" content=\"summary_large_image\" \/>\n<meta name=\"twitter:label1\" content=\"Tiempo de lectura\" \/>\n\t<meta name=\"twitter:data1\" content=\"1 minuto\" \/>\n<script type=\"application\/ld+json\" class=\"yoast-schema-graph\">{\"@context\":\"https:\\\/\\\/schema.org\",\"@graph\":[{\"@type\":\"WebPage\",\"@id\":\"https:\\\/\\\/letrame.com\\\/catalogo\\\/producto\\\/mi-jardin-de-poesias\\\/\",\"url\":\"https:\\\/\\\/letrame.com\\\/catalogo\\\/producto\\\/mi-jardin-de-poesias\\\/\",\"name\":\"Mi jard\u00edn de poes\u00edas - Catalogo | Letrame Grupo Editorial\",\"isPartOf\":{\"@id\":\"https:\\\/\\\/letrame.com\\\/catalogo\\\/#website\"},\"primaryImageOfPage\":{\"@id\":\"https:\\\/\\\/letrame.com\\\/catalogo\\\/producto\\\/mi-jardin-de-poesias\\\/#primaryimage\"},\"image\":{\"@id\":\"https:\\\/\\\/letrame.com\\\/catalogo\\\/producto\\\/mi-jardin-de-poesias\\\/#primaryimage\"},\"thumbnailUrl\":\"https:\\\/\\\/letrame.com\\\/catalogo\\\/wp-content\\\/uploads\\\/2024\\\/04\\\/webportada_mijardin_1629mm-compressed.jpg\",\"datePublished\":\"2024-04-29T13:47:37+00:00\",\"dateModified\":\"2024-04-29T13:48:00+00:00\",\"breadcrumb\":{\"@id\":\"https:\\\/\\\/letrame.com\\\/catalogo\\\/producto\\\/mi-jardin-de-poesias\\\/#breadcrumb\"},\"inLanguage\":\"es\",\"potentialAction\":[{\"@type\":\"ReadAction\",\"target\":[\"https:\\\/\\\/letrame.com\\\/catalogo\\\/producto\\\/mi-jardin-de-poesias\\\/\"]}]},{\"@type\":\"ImageObject\",\"inLanguage\":\"es\",\"@id\":\"https:\\\/\\\/letrame.com\\\/catalogo\\\/producto\\\/mi-jardin-de-poesias\\\/#primaryimage\",\"url\":\"https:\\\/\\\/letrame.com\\\/catalogo\\\/wp-content\\\/uploads\\\/2024\\\/04\\\/webportada_mijardin_1629mm-compressed.jpg\",\"contentUrl\":\"https:\\\/\\\/letrame.com\\\/catalogo\\\/wp-content\\\/uploads\\\/2024\\\/04\\\/webportada_mijardin_1629mm-compressed.jpg\",\"width\":1748,\"height\":2480},{\"@type\":\"BreadcrumbList\",\"@id\":\"https:\\\/\\\/letrame.com\\\/catalogo\\\/producto\\\/mi-jardin-de-poesias\\\/#breadcrumb\",\"itemListElement\":[{\"@type\":\"ListItem\",\"position\":1,\"name\":\"Portada\",\"item\":\"https:\\\/\\\/letrame.com\\\/catalogo\\\/\"},{\"@type\":\"ListItem\",\"position\":2,\"name\":\"Cat\u00e1logo\",\"item\":\"https:\\\/\\\/letrame.com\\\/catalogo\\\/\"},{\"@type\":\"ListItem\",\"position\":3,\"name\":\"Mi jard\u00edn de poes\u00edas\"}]},{\"@type\":\"WebSite\",\"@id\":\"https:\\\/\\\/letrame.com\\\/catalogo\\\/#website\",\"url\":\"https:\\\/\\\/letrame.com\\\/catalogo\\\/\",\"name\":\"Catalogo | Letrame Grupo Editorial\",\"description\":\"\",\"publisher\":{\"@id\":\"https:\\\/\\\/letrame.com\\\/catalogo\\\/#organization\"},\"potentialAction\":[{\"@type\":\"SearchAction\",\"target\":{\"@type\":\"EntryPoint\",\"urlTemplate\":\"https:\\\/\\\/letrame.com\\\/catalogo\\\/?s={search_term_string}\"},\"query-input\":{\"@type\":\"PropertyValueSpecification\",\"valueRequired\":true,\"valueName\":\"search_term_string\"}}],\"inLanguage\":\"es\"},{\"@type\":\"Organization\",\"@id\":\"https:\\\/\\\/letrame.com\\\/catalogo\\\/#organization\",\"name\":\"Catalogo | Letrame Grupo Editorial\",\"url\":\"https:\\\/\\\/letrame.com\\\/catalogo\\\/\",\"logo\":{\"@type\":\"ImageObject\",\"inLanguage\":\"es\",\"@id\":\"https:\\\/\\\/letrame.com\\\/catalogo\\\/#\\\/schema\\\/logo\\\/image\\\/\",\"url\":\"https:\\\/\\\/letrame.com\\\/catalogo\\\/wp-content\\\/uploads\\\/2024\\\/03\\\/logo2.webp\",\"contentUrl\":\"https:\\\/\\\/letrame.com\\\/catalogo\\\/wp-content\\\/uploads\\\/2024\\\/03\\\/logo2.webp\",\"width\":394,\"height\":128,\"caption\":\"Catalogo | Letrame Grupo Editorial\"},\"image\":{\"@id\":\"https:\\\/\\\/letrame.com\\\/catalogo\\\/#\\\/schema\\\/logo\\\/image\\\/\"}}]}<\/script>\n<!-- \/ Yoast SEO plugin. -->","yoast_head_json":{"title":"Mi jard\u00edn de poes\u00edas - Catalogo | Letrame Grupo Editorial","robots":{"index":"index","follow":"follow","max-snippet":"max-snippet:-1","max-image-preview":"max-image-preview:large","max-video-preview":"max-video-preview:-1"},"canonical":"https:\/\/letrame.com\/catalogo\/producto\/mi-jardin-de-poesias\/","og_locale":"es_ES","og_type":"article","og_title":"Mi jard\u00edn de poes\u00edas - Catalogo | Letrame Grupo Editorial","og_description":"ISBN: 978-84-1144-838-3 SINOPSIS Este poemario recopila un sinf\u00edn de poes\u00edas que he ido escribiendo en los \u00faltimos a\u00f1os. Es un intento de bailar con las palabras, un libro repleto de pensamientos en forma de poes\u00eda. En este libro muestro mi parte m\u00e1s art\u00edstica. &nbsp; Fui una mujer que tuvo que luchar mucho, fueron muchas las veces que ca\u00ed y tuve que sacar fuerzas para levantarme. Una vez que dej\u00e9 de tener fuerza en mis piernas, pens\u00e9 en utilizar la de mis manos y mi cerebro. Para olvidar mis tristezas y mis angustias cog\u00ed un bol\u00edgrafo, y me puse a escribir. La vida no es f\u00e1cil para nadie y la m\u00eda no iba a ser menos. Hubo un d\u00eda que marc\u00f3 mucho mi vida y fue en ese mismo instante en el que tom\u00e9 lo que ten\u00eda cerca, las recetas m\u00e9dicas, y me puse a escribir. &nbsp;","og_url":"https:\/\/letrame.com\/catalogo\/producto\/mi-jardin-de-poesias\/","og_site_name":"Catalogo | Letrame Grupo Editorial","article_modified_time":"2024-04-29T13:48:00+00:00","og_image":[{"width":1748,"height":2480,"url":"https:\/\/letrame.com\/catalogo\/wp-content\/uploads\/2024\/04\/webportada_mijardin_1629mm-compressed.jpg","type":"image\/jpeg"}],"twitter_card":"summary_large_image","twitter_misc":{"Tiempo de lectura":"1 minuto"},"schema":{"@context":"https:\/\/schema.org","@graph":[{"@type":"WebPage","@id":"https:\/\/letrame.com\/catalogo\/producto\/mi-jardin-de-poesias\/","url":"https:\/\/letrame.com\/catalogo\/producto\/mi-jardin-de-poesias\/","name":"Mi jard\u00edn de poes\u00edas - Catalogo | Letrame Grupo Editorial","isPartOf":{"@id":"https:\/\/letrame.com\/catalogo\/#website"},"primaryImageOfPage":{"@id":"https:\/\/letrame.com\/catalogo\/producto\/mi-jardin-de-poesias\/#primaryimage"},"image":{"@id":"https:\/\/letrame.com\/catalogo\/producto\/mi-jardin-de-poesias\/#primaryimage"},"thumbnailUrl":"https:\/\/letrame.com\/catalogo\/wp-content\/uploads\/2024\/04\/webportada_mijardin_1629mm-compressed.jpg","datePublished":"2024-04-29T13:47:37+00:00","dateModified":"2024-04-29T13:48:00+00:00","breadcrumb":{"@id":"https:\/\/letrame.com\/catalogo\/producto\/mi-jardin-de-poesias\/#breadcrumb"},"inLanguage":"es","potentialAction":[{"@type":"ReadAction","target":["https:\/\/letrame.com\/catalogo\/producto\/mi-jardin-de-poesias\/"]}]},{"@type":"ImageObject","inLanguage":"es","@id":"https:\/\/letrame.com\/catalogo\/producto\/mi-jardin-de-poesias\/#primaryimage","url":"https:\/\/letrame.com\/catalogo\/wp-content\/uploads\/2024\/04\/webportada_mijardin_1629mm-compressed.jpg","contentUrl":"https:\/\/letrame.com\/catalogo\/wp-content\/uploads\/2024\/04\/webportada_mijardin_1629mm-compressed.jpg","width":1748,"height":2480},{"@type":"BreadcrumbList","@id":"https:\/\/letrame.com\/catalogo\/producto\/mi-jardin-de-poesias\/#breadcrumb","itemListElement":[{"@type":"ListItem","position":1,"name":"Portada","item":"https:\/\/letrame.com\/catalogo\/"},{"@type":"ListItem","position":2,"name":"Cat\u00e1logo","item":"https:\/\/letrame.com\/catalogo\/"},{"@type":"ListItem","position":3,"name":"Mi jard\u00edn de poes\u00edas"}]},{"@type":"WebSite","@id":"https:\/\/letrame.com\/catalogo\/#website","url":"https:\/\/letrame.com\/catalogo\/","name":"Catalogo | Letrame Grupo Editorial","description":"","publisher":{"@id":"https:\/\/letrame.com\/catalogo\/#organization"},"potentialAction":[{"@type":"SearchAction","target":{"@type":"EntryPoint","urlTemplate":"https:\/\/letrame.com\/catalogo\/?s={search_term_string}"},"query-input":{"@type":"PropertyValueSpecification","valueRequired":true,"valueName":"search_term_string"}}],"inLanguage":"es"},{"@type":"Organization","@id":"https:\/\/letrame.com\/catalogo\/#organization","name":"Catalogo | Letrame Grupo Editorial","url":"https:\/\/letrame.com\/catalogo\/","logo":{"@type":"ImageObject","inLanguage":"es","@id":"https:\/\/letrame.com\/catalogo\/#\/schema\/logo\/image\/","url":"https:\/\/letrame.com\/catalogo\/wp-content\/uploads\/2024\/03\/logo2.webp","contentUrl":"https:\/\/letrame.com\/catalogo\/wp-content\/uploads\/2024\/03\/logo2.webp","width":394,"height":128,"caption":"Catalogo | Letrame Grupo Editorial"},"image":{"@id":"https:\/\/letrame.com\/catalogo\/#\/schema\/logo\/image\/"}}]}},"_links":{"self":[{"href":"https:\/\/letrame.com\/catalogo\/wp-json\/wp\/v2\/product\/99127","targetHints":{"allow":["GET"]}}],"collection":[{"href":"https:\/\/letrame.com\/catalogo\/wp-json\/wp\/v2\/product"}],"about":[{"href":"https:\/\/letrame.com\/catalogo\/wp-json\/wp\/v2\/types\/product"}],"replies":[{"embeddable":true,"href":"https:\/\/letrame.com\/catalogo\/wp-json\/wp\/v2\/comments?post=99127"}],"acf:post":[{"embeddable":true,"href":"https:\/\/letrame.com\/catalogo\/wp-json\/wp\/v2\/author_book\/77566"}],"wp:featuredmedia":[{"embeddable":true,"href":"https:\/\/letrame.com\/catalogo\/wp-json\/wp\/v2\/media\/99128"}],"wp:attachment":[{"href":"https:\/\/letrame.com\/catalogo\/wp-json\/wp\/v2\/media?parent=99127"}],"wp:term":[{"taxonomy":"libro","embeddable":true,"href":"https:\/\/letrame.com\/catalogo\/wp-json\/wp\/v2\/libro?post=99127"},{"taxonomy":"product_brand","embeddable":true,"href":"https:\/\/letrame.com\/catalogo\/wp-json\/wp\/v2\/product_brand?post=99127"},{"taxonomy":"product_cat","embeddable":true,"href":"https:\/\/letrame.com\/catalogo\/wp-json\/wp\/v2\/product_cat?post=99127"},{"taxonomy":"product_tag","embeddable":true,"href":"https:\/\/letrame.com\/catalogo\/wp-json\/wp\/v2\/product_tag?post=99127"}],"curies":[{"name":"wp","href":"https:\/\/api.w.org\/{rel}","templated":true}]}}