{"id":99096,"date":"2024-04-29T15:44:30","date_gmt":"2024-04-29T13:44:30","guid":{"rendered":"https:\/\/letrame.com\/catalogo\/producto\/el-mejor-padre-que-un-hijo-puede-sonar\/"},"modified":"2024-04-29T15:44:33","modified_gmt":"2024-04-29T13:44:33","slug":"el-mejor-padre-que-un-hijo-puede-sonar","status":"publish","type":"product","link":"https:\/\/letrame.com\/catalogo\/producto\/el-mejor-padre-que-un-hijo-puede-sonar\/","title":{"rendered":"El mejor padre que un hijo puede so\u00f1ar"},"content":{"rendered":"<p><strong>ISBN<\/strong>: 978-84-1181-112-5<\/p>\n<p><strong>T\u00edtulo<\/strong>: El mejor padre que un hijo puede so\u00f1ar<\/p>\n<p><strong>Fecha<\/strong>: 2023<br \/>\n<strong>P\u00e1ginas<\/strong>: 106<\/p>\n<p><strong>SINOPSIS<\/strong><\/p>\n<p><strong>El mejor padre que un hijo puede so<\/strong><strong>\u00f1<\/strong><strong>ar<\/strong> es, de todas las obras del autor hasta la fecha, la m\u00e1s \u00edntima, la m\u00e1s personal. Retrata, con ternura y aflicci\u00f3n, a trav\u00e9s de una narrativa sensible y reflexiva, la p\u00e9rdida irreparable de su padre, el vac\u00edo existencial que representa su ausencia as\u00ed como el recuerdo imborrable y el legado imperecedero que deja tras su marcha, a trav\u00e9s de an\u00e9cdotas cotidianas y familiares. Es un tributo a la figura del padre, al padre querido, al padre admirado, al padre ya ausente pero comparenciente en todos los sentidos, un regreso a la infancia, a la memoria, al hogar y en definitiva, al sentido de la vida. Es, simplemente, la historia corriente y sencilla de un hijo que quiere a su padre y un padre que quiere a su hijo, una ofrenda al hombre irrepetible, extraordinario e inolvidable que ha dado la forma definitiva al recuerdo que seremos. Un libro para el mejor padre que un hijo puede so\u00f1ar.<\/p>\n","protected":false},"excerpt":{"rendered":"<p><strong>ISBN<\/strong>: 978-84-1181-112-5<\/p>\n<p><strong>SINOPSIS<\/strong><\/p>\n<p><strong>El mejor padre que un hijo puede so<\/strong><strong>\u00f1<\/strong><strong>ar<\/strong> es, de todas las obras del autor hasta la fecha, la m\u00e1s \u00edntima, la m\u00e1s personal. Retrata, con ternura y aflicci\u00f3n, a trav\u00e9s de una narrativa sensible y reflexiva, la p\u00e9rdida irreparable de su padre, el vac\u00edo existencial que representa su ausencia as\u00ed como el recuerdo imborrable y el legado imperecedero que deja tras su marcha, a trav\u00e9s de an\u00e9cdotas cotidianas y familiares. Es un tributo a la figura del padre, al padre querido, al padre admirado, al padre ya ausente pero comparenciente en todos los sentidos, un regreso a la infancia, a la memoria, al hogar y en definitiva, al sentido de la vida. Es, simplemente, la historia corriente y sencilla de un hijo que quiere a su padre y un padre que quiere a su hijo, una ofrenda al hombre irrepetible, extraordinario e inolvidable que ha dado la forma definitiva al recuerdo que seremos. Un libro para el mejor padre que un hijo puede so\u00f1ar.<\/p>\n","protected":false},"featured_media":99097,"comment_status":"closed","ping_status":"open","template":"","meta":{"_acf_changed":false},"libro":[],"product_brand":[],"product_cat":[23],"product_tag":[],"class_list":{"0":"post-99096","1":"product","2":"type-product","3":"status-publish","4":"has-post-thumbnail","6":"product_cat-ensayos","8":"first","9":"instock","10":"purchasable","11":"product-type-simple"},"acf":{"autor":[73818],"enlace_de_compra":"https:\/\/www.amazon.es\/mejor-padre-hijo-puede-so%C3%B1ar\/dp\/B0CJ4FJHC7"},"yoast_head":"<!-- This site is optimized with the Yoast SEO plugin v27.4 - https:\/\/yoast.com\/product\/yoast-seo-wordpress\/ -->\n<title>El mejor padre que un hijo puede so\u00f1ar - Catalogo | Letrame Grupo Editorial<\/title>\n<meta name=\"robots\" content=\"index, follow, max-snippet:-1, max-image-preview:large, max-video-preview:-1\" \/>\n<link rel=\"canonical\" href=\"https:\/\/letrame.com\/catalogo\/producto\/el-mejor-padre-que-un-hijo-puede-sonar\/\" \/>\n<meta property=\"og:locale\" content=\"es_ES\" \/>\n<meta property=\"og:type\" content=\"article\" \/>\n<meta property=\"og:title\" content=\"El mejor padre que un hijo puede so\u00f1ar - Catalogo | Letrame Grupo Editorial\" \/>\n<meta property=\"og:description\" content=\"ISBN: 978-84-1181-112-5 SINOPSIS El mejor padre que un hijo puede so\u00f1ar es, de todas las obras del autor hasta la fecha, la m\u00e1s \u00edntima, la m\u00e1s personal. Retrata, con ternura y aflicci\u00f3n, a trav\u00e9s de una narrativa sensible y reflexiva, la p\u00e9rdida irreparable de su padre, el vac\u00edo existencial que representa su ausencia as\u00ed como el recuerdo imborrable y el legado imperecedero que deja tras su marcha, a trav\u00e9s de an\u00e9cdotas cotidianas y familiares. Es un tributo a la figura del padre, al padre querido, al padre admirado, al padre ya ausente pero comparenciente en todos los sentidos, un regreso a la infancia, a la memoria, al hogar y en definitiva, al sentido de la vida. Es, simplemente, la historia corriente y sencilla de un hijo que quiere a su padre y un padre que quiere a su hijo, una ofrenda al hombre irrepetible, extraordinario e inolvidable que ha dado la forma definitiva al recuerdo que seremos. Un libro para el mejor padre que un hijo puede so\u00f1ar.\" \/>\n<meta property=\"og:url\" content=\"https:\/\/letrame.com\/catalogo\/producto\/el-mejor-padre-que-un-hijo-puede-sonar\/\" \/>\n<meta property=\"og:site_name\" content=\"Catalogo | Letrame Grupo Editorial\" \/>\n<meta property=\"article:modified_time\" content=\"2024-04-29T13:44:33+00:00\" \/>\n<meta property=\"og:image\" content=\"https:\/\/letrame.com\/catalogo\/wp-content\/uploads\/2024\/04\/webportada_elmejorpadre_658mm-compressed.jpg\" \/>\n\t<meta property=\"og:image:width\" content=\"1594\" \/>\n\t<meta property=\"og:image:height\" content=\"2480\" \/>\n\t<meta property=\"og:image:type\" content=\"image\/jpeg\" \/>\n<meta name=\"twitter:card\" content=\"summary_large_image\" \/>\n<meta name=\"twitter:label1\" content=\"Tiempo de lectura\" \/>\n\t<meta name=\"twitter:data1\" content=\"1 minuto\" \/>\n<script type=\"application\/ld+json\" class=\"yoast-schema-graph\">{\"@context\":\"https:\\\/\\\/schema.org\",\"@graph\":[{\"@type\":\"WebPage\",\"@id\":\"https:\\\/\\\/letrame.com\\\/catalogo\\\/producto\\\/el-mejor-padre-que-un-hijo-puede-sonar\\\/\",\"url\":\"https:\\\/\\\/letrame.com\\\/catalogo\\\/producto\\\/el-mejor-padre-que-un-hijo-puede-sonar\\\/\",\"name\":\"El mejor padre que un hijo puede so\u00f1ar - Catalogo | Letrame Grupo Editorial\",\"isPartOf\":{\"@id\":\"https:\\\/\\\/letrame.com\\\/catalogo\\\/#website\"},\"primaryImageOfPage\":{\"@id\":\"https:\\\/\\\/letrame.com\\\/catalogo\\\/producto\\\/el-mejor-padre-que-un-hijo-puede-sonar\\\/#primaryimage\"},\"image\":{\"@id\":\"https:\\\/\\\/letrame.com\\\/catalogo\\\/producto\\\/el-mejor-padre-que-un-hijo-puede-sonar\\\/#primaryimage\"},\"thumbnailUrl\":\"https:\\\/\\\/letrame.com\\\/catalogo\\\/wp-content\\\/uploads\\\/2024\\\/04\\\/webportada_elmejorpadre_658mm-compressed.jpg\",\"datePublished\":\"2024-04-29T13:44:30+00:00\",\"dateModified\":\"2024-04-29T13:44:33+00:00\",\"breadcrumb\":{\"@id\":\"https:\\\/\\\/letrame.com\\\/catalogo\\\/producto\\\/el-mejor-padre-que-un-hijo-puede-sonar\\\/#breadcrumb\"},\"inLanguage\":\"es\",\"potentialAction\":[{\"@type\":\"ReadAction\",\"target\":[\"https:\\\/\\\/letrame.com\\\/catalogo\\\/producto\\\/el-mejor-padre-que-un-hijo-puede-sonar\\\/\"]}]},{\"@type\":\"ImageObject\",\"inLanguage\":\"es\",\"@id\":\"https:\\\/\\\/letrame.com\\\/catalogo\\\/producto\\\/el-mejor-padre-que-un-hijo-puede-sonar\\\/#primaryimage\",\"url\":\"https:\\\/\\\/letrame.com\\\/catalogo\\\/wp-content\\\/uploads\\\/2024\\\/04\\\/webportada_elmejorpadre_658mm-compressed.jpg\",\"contentUrl\":\"https:\\\/\\\/letrame.com\\\/catalogo\\\/wp-content\\\/uploads\\\/2024\\\/04\\\/webportada_elmejorpadre_658mm-compressed.jpg\",\"width\":1594,\"height\":2480},{\"@type\":\"BreadcrumbList\",\"@id\":\"https:\\\/\\\/letrame.com\\\/catalogo\\\/producto\\\/el-mejor-padre-que-un-hijo-puede-sonar\\\/#breadcrumb\",\"itemListElement\":[{\"@type\":\"ListItem\",\"position\":1,\"name\":\"Portada\",\"item\":\"https:\\\/\\\/letrame.com\\\/catalogo\\\/\"},{\"@type\":\"ListItem\",\"position\":2,\"name\":\"Cat\u00e1logo\",\"item\":\"https:\\\/\\\/letrame.com\\\/catalogo\\\/\"},{\"@type\":\"ListItem\",\"position\":3,\"name\":\"El mejor padre que un hijo puede so\u00f1ar\"}]},{\"@type\":\"WebSite\",\"@id\":\"https:\\\/\\\/letrame.com\\\/catalogo\\\/#website\",\"url\":\"https:\\\/\\\/letrame.com\\\/catalogo\\\/\",\"name\":\"Catalogo | Letrame Grupo Editorial\",\"description\":\"\",\"publisher\":{\"@id\":\"https:\\\/\\\/letrame.com\\\/catalogo\\\/#organization\"},\"potentialAction\":[{\"@type\":\"SearchAction\",\"target\":{\"@type\":\"EntryPoint\",\"urlTemplate\":\"https:\\\/\\\/letrame.com\\\/catalogo\\\/?s={search_term_string}\"},\"query-input\":{\"@type\":\"PropertyValueSpecification\",\"valueRequired\":true,\"valueName\":\"search_term_string\"}}],\"inLanguage\":\"es\"},{\"@type\":\"Organization\",\"@id\":\"https:\\\/\\\/letrame.com\\\/catalogo\\\/#organization\",\"name\":\"Catalogo | Letrame Grupo Editorial\",\"url\":\"https:\\\/\\\/letrame.com\\\/catalogo\\\/\",\"logo\":{\"@type\":\"ImageObject\",\"inLanguage\":\"es\",\"@id\":\"https:\\\/\\\/letrame.com\\\/catalogo\\\/#\\\/schema\\\/logo\\\/image\\\/\",\"url\":\"https:\\\/\\\/letrame.com\\\/catalogo\\\/wp-content\\\/uploads\\\/2024\\\/03\\\/logo2.webp\",\"contentUrl\":\"https:\\\/\\\/letrame.com\\\/catalogo\\\/wp-content\\\/uploads\\\/2024\\\/03\\\/logo2.webp\",\"width\":394,\"height\":128,\"caption\":\"Catalogo | Letrame Grupo Editorial\"},\"image\":{\"@id\":\"https:\\\/\\\/letrame.com\\\/catalogo\\\/#\\\/schema\\\/logo\\\/image\\\/\"}}]}<\/script>\n<!-- \/ Yoast SEO plugin. -->","yoast_head_json":{"title":"El mejor padre que un hijo puede so\u00f1ar - Catalogo | Letrame Grupo Editorial","robots":{"index":"index","follow":"follow","max-snippet":"max-snippet:-1","max-image-preview":"max-image-preview:large","max-video-preview":"max-video-preview:-1"},"canonical":"https:\/\/letrame.com\/catalogo\/producto\/el-mejor-padre-que-un-hijo-puede-sonar\/","og_locale":"es_ES","og_type":"article","og_title":"El mejor padre que un hijo puede so\u00f1ar - Catalogo | Letrame Grupo Editorial","og_description":"ISBN: 978-84-1181-112-5 SINOPSIS El mejor padre que un hijo puede so\u00f1ar es, de todas las obras del autor hasta la fecha, la m\u00e1s \u00edntima, la m\u00e1s personal. Retrata, con ternura y aflicci\u00f3n, a trav\u00e9s de una narrativa sensible y reflexiva, la p\u00e9rdida irreparable de su padre, el vac\u00edo existencial que representa su ausencia as\u00ed como el recuerdo imborrable y el legado imperecedero que deja tras su marcha, a trav\u00e9s de an\u00e9cdotas cotidianas y familiares. Es un tributo a la figura del padre, al padre querido, al padre admirado, al padre ya ausente pero comparenciente en todos los sentidos, un regreso a la infancia, a la memoria, al hogar y en definitiva, al sentido de la vida. Es, simplemente, la historia corriente y sencilla de un hijo que quiere a su padre y un padre que quiere a su hijo, una ofrenda al hombre irrepetible, extraordinario e inolvidable que ha dado la forma definitiva al recuerdo que seremos. Un libro para el mejor padre que un hijo puede so\u00f1ar.","og_url":"https:\/\/letrame.com\/catalogo\/producto\/el-mejor-padre-que-un-hijo-puede-sonar\/","og_site_name":"Catalogo | Letrame Grupo Editorial","article_modified_time":"2024-04-29T13:44:33+00:00","og_image":[{"width":1594,"height":2480,"url":"https:\/\/letrame.com\/catalogo\/wp-content\/uploads\/2024\/04\/webportada_elmejorpadre_658mm-compressed.jpg","type":"image\/jpeg"}],"twitter_card":"summary_large_image","twitter_misc":{"Tiempo de lectura":"1 minuto"},"schema":{"@context":"https:\/\/schema.org","@graph":[{"@type":"WebPage","@id":"https:\/\/letrame.com\/catalogo\/producto\/el-mejor-padre-que-un-hijo-puede-sonar\/","url":"https:\/\/letrame.com\/catalogo\/producto\/el-mejor-padre-que-un-hijo-puede-sonar\/","name":"El mejor padre que un hijo puede so\u00f1ar - Catalogo | Letrame Grupo Editorial","isPartOf":{"@id":"https:\/\/letrame.com\/catalogo\/#website"},"primaryImageOfPage":{"@id":"https:\/\/letrame.com\/catalogo\/producto\/el-mejor-padre-que-un-hijo-puede-sonar\/#primaryimage"},"image":{"@id":"https:\/\/letrame.com\/catalogo\/producto\/el-mejor-padre-que-un-hijo-puede-sonar\/#primaryimage"},"thumbnailUrl":"https:\/\/letrame.com\/catalogo\/wp-content\/uploads\/2024\/04\/webportada_elmejorpadre_658mm-compressed.jpg","datePublished":"2024-04-29T13:44:30+00:00","dateModified":"2024-04-29T13:44:33+00:00","breadcrumb":{"@id":"https:\/\/letrame.com\/catalogo\/producto\/el-mejor-padre-que-un-hijo-puede-sonar\/#breadcrumb"},"inLanguage":"es","potentialAction":[{"@type":"ReadAction","target":["https:\/\/letrame.com\/catalogo\/producto\/el-mejor-padre-que-un-hijo-puede-sonar\/"]}]},{"@type":"ImageObject","inLanguage":"es","@id":"https:\/\/letrame.com\/catalogo\/producto\/el-mejor-padre-que-un-hijo-puede-sonar\/#primaryimage","url":"https:\/\/letrame.com\/catalogo\/wp-content\/uploads\/2024\/04\/webportada_elmejorpadre_658mm-compressed.jpg","contentUrl":"https:\/\/letrame.com\/catalogo\/wp-content\/uploads\/2024\/04\/webportada_elmejorpadre_658mm-compressed.jpg","width":1594,"height":2480},{"@type":"BreadcrumbList","@id":"https:\/\/letrame.com\/catalogo\/producto\/el-mejor-padre-que-un-hijo-puede-sonar\/#breadcrumb","itemListElement":[{"@type":"ListItem","position":1,"name":"Portada","item":"https:\/\/letrame.com\/catalogo\/"},{"@type":"ListItem","position":2,"name":"Cat\u00e1logo","item":"https:\/\/letrame.com\/catalogo\/"},{"@type":"ListItem","position":3,"name":"El mejor padre que un hijo puede so\u00f1ar"}]},{"@type":"WebSite","@id":"https:\/\/letrame.com\/catalogo\/#website","url":"https:\/\/letrame.com\/catalogo\/","name":"Catalogo | Letrame Grupo Editorial","description":"","publisher":{"@id":"https:\/\/letrame.com\/catalogo\/#organization"},"potentialAction":[{"@type":"SearchAction","target":{"@type":"EntryPoint","urlTemplate":"https:\/\/letrame.com\/catalogo\/?s={search_term_string}"},"query-input":{"@type":"PropertyValueSpecification","valueRequired":true,"valueName":"search_term_string"}}],"inLanguage":"es"},{"@type":"Organization","@id":"https:\/\/letrame.com\/catalogo\/#organization","name":"Catalogo | Letrame Grupo Editorial","url":"https:\/\/letrame.com\/catalogo\/","logo":{"@type":"ImageObject","inLanguage":"es","@id":"https:\/\/letrame.com\/catalogo\/#\/schema\/logo\/image\/","url":"https:\/\/letrame.com\/catalogo\/wp-content\/uploads\/2024\/03\/logo2.webp","contentUrl":"https:\/\/letrame.com\/catalogo\/wp-content\/uploads\/2024\/03\/logo2.webp","width":394,"height":128,"caption":"Catalogo | Letrame Grupo Editorial"},"image":{"@id":"https:\/\/letrame.com\/catalogo\/#\/schema\/logo\/image\/"}}]}},"_links":{"self":[{"href":"https:\/\/letrame.com\/catalogo\/wp-json\/wp\/v2\/product\/99096","targetHints":{"allow":["GET"]}}],"collection":[{"href":"https:\/\/letrame.com\/catalogo\/wp-json\/wp\/v2\/product"}],"about":[{"href":"https:\/\/letrame.com\/catalogo\/wp-json\/wp\/v2\/types\/product"}],"replies":[{"embeddable":true,"href":"https:\/\/letrame.com\/catalogo\/wp-json\/wp\/v2\/comments?post=99096"}],"acf:post":[{"embeddable":true,"href":"https:\/\/letrame.com\/catalogo\/wp-json\/wp\/v2\/author_book\/73818"}],"wp:featuredmedia":[{"embeddable":true,"href":"https:\/\/letrame.com\/catalogo\/wp-json\/wp\/v2\/media\/99097"}],"wp:attachment":[{"href":"https:\/\/letrame.com\/catalogo\/wp-json\/wp\/v2\/media?parent=99096"}],"wp:term":[{"taxonomy":"libro","embeddable":true,"href":"https:\/\/letrame.com\/catalogo\/wp-json\/wp\/v2\/libro?post=99096"},{"taxonomy":"product_brand","embeddable":true,"href":"https:\/\/letrame.com\/catalogo\/wp-json\/wp\/v2\/product_brand?post=99096"},{"taxonomy":"product_cat","embeddable":true,"href":"https:\/\/letrame.com\/catalogo\/wp-json\/wp\/v2\/product_cat?post=99096"},{"taxonomy":"product_tag","embeddable":true,"href":"https:\/\/letrame.com\/catalogo\/wp-json\/wp\/v2\/product_tag?post=99096"}],"curies":[{"name":"wp","href":"https:\/\/api.w.org\/{rel}","templated":true}]}}