{"id":99092,"date":"2024-04-29T15:43:51","date_gmt":"2024-04-29T13:43:51","guid":{"rendered":"https:\/\/letrame.com\/catalogo\/producto\/la-mejor-pelicula-del-mundo\/"},"modified":"2024-04-29T15:44:15","modified_gmt":"2024-04-29T13:44:15","slug":"la-mejor-pelicula-del-mundo","status":"publish","type":"product","link":"https:\/\/letrame.com\/catalogo\/producto\/la-mejor-pelicula-del-mundo\/","title":{"rendered":"La mejor pel\u00edcula del mundo"},"content":{"rendered":"<p><strong>ISBN<\/strong>: 978-84-1181-083-8<\/p>\n<p><strong>T\u00edtulo<\/strong>: La mejor pel\u00edcula del mundo<\/p>\n<p><strong>Fecha<\/strong>: 2023<br \/>\n<strong>P\u00e1ginas<\/strong>: 82<\/p>\n<p><strong>SINOPSIS<\/strong><\/p>\n<p>Este no es un libro de recetas de \u00e9xito, no te dir\u00e1 c\u00f3mo hacerte rico en 5 pasos, no te dir\u00e1 c\u00f3mo enamorar a la persona que est\u00e1 a tu izquierda y, sobre todo, este libro jam\u00e1s se atrever\u00eda a decirte c\u00f3mo \u00abdebes\u00bb vivir tu vida.<\/p>\n<p>Este libro bien podr\u00eda ser solo una charla entre amigos, tu amigo el autor simplemente comparte contigo sus reflexiones y observaciones sobre el mundo que nos rodea, las actitudes que en su punto de vista pueden influir para llevar una vida plena, los valores que considera b\u00e1sicos para promover relaciones saludables y, sobre todo, incentiva los actos de bondad y trata de que la amabilidad se vuelva viral.<\/p>\n<p>En este libro solo platicaremos de la mejor pel\u00edcula del mundo, es decir, tu vida; tu presentimiento te est\u00e1 diciendo la verdad en esta pel\u00edcula t\u00fa eres el h\u00e9roe, de eso no hay duda.<\/p>\n<p>En un mundo que puede llegar a ser un poco solitario el autor te muestra su visi\u00f3n en forma de un amigo o lo que es semejante, en forma de un libro.<\/p>\n","protected":false},"excerpt":{"rendered":"<p><strong>ISBN<\/strong>: 978-84-1181-083-8<\/p>\n<p><strong>SINOPSIS<\/strong><\/p>\n<p>Este no es un libro de recetas de \u00e9xito, no te dir\u00e1 c\u00f3mo hacerte rico en 5 pasos, no te dir\u00e1 c\u00f3mo enamorar a la persona que est\u00e1 a tu izquierda y, sobre todo, este libro jam\u00e1s se atrever\u00eda a decirte c\u00f3mo \u00abdebes\u00bb vivir tu vida.<\/p>\n<p>Este libro bien podr\u00eda ser solo una charla entre amigos, tu amigo el autor simplemente comparte contigo sus reflexiones y observaciones sobre el mundo que nos rodea, las actitudes que en su punto de vista pueden influir para llevar una vida plena, los valores que considera b\u00e1sicos para promover relaciones saludables y, sobre todo, incentiva los actos de bondad y trata de que la amabilidad se vuelva viral.<\/p>\n<p>En este libro solo platicaremos de la mejor pel\u00edcula del mundo, es decir, tu vida; tu presentimiento te est\u00e1 diciendo la verdad en esta pel\u00edcula t\u00fa eres el h\u00e9roe, de eso no hay duda.<\/p>\n<p>En un mundo que puede llegar a ser un poco solitario el autor te muestra su visi\u00f3n en forma de un amigo o lo que es semejante, en forma de un libro.<\/p>\n","protected":false},"featured_media":99093,"comment_status":"closed","ping_status":"open","template":"","meta":{"_acf_changed":false},"libro":[],"product_brand":[],"product_cat":[26],"product_tag":[],"class_list":{"0":"post-99092","1":"product","2":"type-product","3":"status-publish","4":"has-post-thumbnail","6":"product_cat-sin-categoria","8":"first","9":"instock","10":"product-type-simple"},"acf":{"autor":[77475],"enlace_de_compra":""},"yoast_head":"<!-- This site is optimized with the Yoast SEO plugin v27.4 - https:\/\/yoast.com\/product\/yoast-seo-wordpress\/ -->\n<title>La mejor pel\u00edcula del mundo - Catalogo | Letrame Grupo Editorial<\/title>\n<meta name=\"robots\" content=\"index, follow, max-snippet:-1, max-image-preview:large, max-video-preview:-1\" \/>\n<link rel=\"canonical\" href=\"https:\/\/letrame.com\/catalogo\/producto\/la-mejor-pelicula-del-mundo\/\" \/>\n<meta property=\"og:locale\" content=\"es_ES\" \/>\n<meta property=\"og:type\" content=\"article\" \/>\n<meta property=\"og:title\" content=\"La mejor pel\u00edcula del mundo - Catalogo | Letrame Grupo Editorial\" \/>\n<meta property=\"og:description\" content=\"ISBN: 978-84-1181-083-8 SINOPSIS Este no es un libro de recetas de \u00e9xito, no te dir\u00e1 c\u00f3mo hacerte rico en 5 pasos, no te dir\u00e1 c\u00f3mo enamorar a la persona que est\u00e1 a tu izquierda y, sobre todo, este libro jam\u00e1s se atrever\u00eda a decirte c\u00f3mo \u00abdebes\u00bb vivir tu vida. Este libro bien podr\u00eda ser solo una charla entre amigos, tu amigo el autor simplemente comparte contigo sus reflexiones y observaciones sobre el mundo que nos rodea, las actitudes que en su punto de vista pueden influir para llevar una vida plena, los valores que considera b\u00e1sicos para promover relaciones saludables y, sobre todo, incentiva los actos de bondad y trata de que la amabilidad se vuelva viral. En este libro solo platicaremos de la mejor pel\u00edcula del mundo, es decir, tu vida; tu presentimiento te est\u00e1 diciendo la verdad en esta pel\u00edcula t\u00fa eres el h\u00e9roe, de eso no hay duda. En un mundo que puede llegar a ser un poco solitario el autor te muestra su visi\u00f3n en forma de un amigo o lo que es semejante, en forma de un libro.\" \/>\n<meta property=\"og:url\" content=\"https:\/\/letrame.com\/catalogo\/producto\/la-mejor-pelicula-del-mundo\/\" \/>\n<meta property=\"og:site_name\" content=\"Catalogo | Letrame Grupo Editorial\" \/>\n<meta property=\"article:modified_time\" content=\"2024-04-29T13:44:15+00:00\" \/>\n<meta property=\"og:image\" content=\"https:\/\/letrame.com\/catalogo\/wp-content\/uploads\/2024\/04\/webportada_lamejorpelicula_485mm-compressed.jpg\" \/>\n\t<meta property=\"og:image:width\" content=\"1594\" \/>\n\t<meta property=\"og:image:height\" content=\"2303\" \/>\n\t<meta property=\"og:image:type\" content=\"image\/jpeg\" \/>\n<meta name=\"twitter:card\" content=\"summary_large_image\" \/>\n<meta name=\"twitter:label1\" content=\"Tiempo de lectura\" \/>\n\t<meta name=\"twitter:data1\" content=\"1 minuto\" \/>\n<script type=\"application\/ld+json\" class=\"yoast-schema-graph\">{\"@context\":\"https:\\\/\\\/schema.org\",\"@graph\":[{\"@type\":\"WebPage\",\"@id\":\"https:\\\/\\\/letrame.com\\\/catalogo\\\/producto\\\/la-mejor-pelicula-del-mundo\\\/\",\"url\":\"https:\\\/\\\/letrame.com\\\/catalogo\\\/producto\\\/la-mejor-pelicula-del-mundo\\\/\",\"name\":\"La mejor pel\u00edcula del mundo - Catalogo | Letrame Grupo Editorial\",\"isPartOf\":{\"@id\":\"https:\\\/\\\/letrame.com\\\/catalogo\\\/#website\"},\"primaryImageOfPage\":{\"@id\":\"https:\\\/\\\/letrame.com\\\/catalogo\\\/producto\\\/la-mejor-pelicula-del-mundo\\\/#primaryimage\"},\"image\":{\"@id\":\"https:\\\/\\\/letrame.com\\\/catalogo\\\/producto\\\/la-mejor-pelicula-del-mundo\\\/#primaryimage\"},\"thumbnailUrl\":\"https:\\\/\\\/letrame.com\\\/catalogo\\\/wp-content\\\/uploads\\\/2024\\\/04\\\/webportada_lamejorpelicula_485mm-compressed.jpg\",\"datePublished\":\"2024-04-29T13:43:51+00:00\",\"dateModified\":\"2024-04-29T13:44:15+00:00\",\"breadcrumb\":{\"@id\":\"https:\\\/\\\/letrame.com\\\/catalogo\\\/producto\\\/la-mejor-pelicula-del-mundo\\\/#breadcrumb\"},\"inLanguage\":\"es\",\"potentialAction\":[{\"@type\":\"ReadAction\",\"target\":[\"https:\\\/\\\/letrame.com\\\/catalogo\\\/producto\\\/la-mejor-pelicula-del-mundo\\\/\"]}]},{\"@type\":\"ImageObject\",\"inLanguage\":\"es\",\"@id\":\"https:\\\/\\\/letrame.com\\\/catalogo\\\/producto\\\/la-mejor-pelicula-del-mundo\\\/#primaryimage\",\"url\":\"https:\\\/\\\/letrame.com\\\/catalogo\\\/wp-content\\\/uploads\\\/2024\\\/04\\\/webportada_lamejorpelicula_485mm-compressed.jpg\",\"contentUrl\":\"https:\\\/\\\/letrame.com\\\/catalogo\\\/wp-content\\\/uploads\\\/2024\\\/04\\\/webportada_lamejorpelicula_485mm-compressed.jpg\",\"width\":1594,\"height\":2303},{\"@type\":\"BreadcrumbList\",\"@id\":\"https:\\\/\\\/letrame.com\\\/catalogo\\\/producto\\\/la-mejor-pelicula-del-mundo\\\/#breadcrumb\",\"itemListElement\":[{\"@type\":\"ListItem\",\"position\":1,\"name\":\"Portada\",\"item\":\"https:\\\/\\\/letrame.com\\\/catalogo\\\/\"},{\"@type\":\"ListItem\",\"position\":2,\"name\":\"Cat\u00e1logo\",\"item\":\"https:\\\/\\\/letrame.com\\\/catalogo\\\/\"},{\"@type\":\"ListItem\",\"position\":3,\"name\":\"La mejor pel\u00edcula del mundo\"}]},{\"@type\":\"WebSite\",\"@id\":\"https:\\\/\\\/letrame.com\\\/catalogo\\\/#website\",\"url\":\"https:\\\/\\\/letrame.com\\\/catalogo\\\/\",\"name\":\"Catalogo | Letrame Grupo Editorial\",\"description\":\"\",\"publisher\":{\"@id\":\"https:\\\/\\\/letrame.com\\\/catalogo\\\/#organization\"},\"potentialAction\":[{\"@type\":\"SearchAction\",\"target\":{\"@type\":\"EntryPoint\",\"urlTemplate\":\"https:\\\/\\\/letrame.com\\\/catalogo\\\/?s={search_term_string}\"},\"query-input\":{\"@type\":\"PropertyValueSpecification\",\"valueRequired\":true,\"valueName\":\"search_term_string\"}}],\"inLanguage\":\"es\"},{\"@type\":\"Organization\",\"@id\":\"https:\\\/\\\/letrame.com\\\/catalogo\\\/#organization\",\"name\":\"Catalogo | Letrame Grupo Editorial\",\"url\":\"https:\\\/\\\/letrame.com\\\/catalogo\\\/\",\"logo\":{\"@type\":\"ImageObject\",\"inLanguage\":\"es\",\"@id\":\"https:\\\/\\\/letrame.com\\\/catalogo\\\/#\\\/schema\\\/logo\\\/image\\\/\",\"url\":\"https:\\\/\\\/letrame.com\\\/catalogo\\\/wp-content\\\/uploads\\\/2024\\\/03\\\/logo2.webp\",\"contentUrl\":\"https:\\\/\\\/letrame.com\\\/catalogo\\\/wp-content\\\/uploads\\\/2024\\\/03\\\/logo2.webp\",\"width\":394,\"height\":128,\"caption\":\"Catalogo | Letrame Grupo Editorial\"},\"image\":{\"@id\":\"https:\\\/\\\/letrame.com\\\/catalogo\\\/#\\\/schema\\\/logo\\\/image\\\/\"}}]}<\/script>\n<!-- \/ Yoast SEO plugin. -->","yoast_head_json":{"title":"La mejor pel\u00edcula del mundo - Catalogo | Letrame Grupo Editorial","robots":{"index":"index","follow":"follow","max-snippet":"max-snippet:-1","max-image-preview":"max-image-preview:large","max-video-preview":"max-video-preview:-1"},"canonical":"https:\/\/letrame.com\/catalogo\/producto\/la-mejor-pelicula-del-mundo\/","og_locale":"es_ES","og_type":"article","og_title":"La mejor pel\u00edcula del mundo - Catalogo | Letrame Grupo Editorial","og_description":"ISBN: 978-84-1181-083-8 SINOPSIS Este no es un libro de recetas de \u00e9xito, no te dir\u00e1 c\u00f3mo hacerte rico en 5 pasos, no te dir\u00e1 c\u00f3mo enamorar a la persona que est\u00e1 a tu izquierda y, sobre todo, este libro jam\u00e1s se atrever\u00eda a decirte c\u00f3mo \u00abdebes\u00bb vivir tu vida. Este libro bien podr\u00eda ser solo una charla entre amigos, tu amigo el autor simplemente comparte contigo sus reflexiones y observaciones sobre el mundo que nos rodea, las actitudes que en su punto de vista pueden influir para llevar una vida plena, los valores que considera b\u00e1sicos para promover relaciones saludables y, sobre todo, incentiva los actos de bondad y trata de que la amabilidad se vuelva viral. En este libro solo platicaremos de la mejor pel\u00edcula del mundo, es decir, tu vida; tu presentimiento te est\u00e1 diciendo la verdad en esta pel\u00edcula t\u00fa eres el h\u00e9roe, de eso no hay duda. En un mundo que puede llegar a ser un poco solitario el autor te muestra su visi\u00f3n en forma de un amigo o lo que es semejante, en forma de un libro.","og_url":"https:\/\/letrame.com\/catalogo\/producto\/la-mejor-pelicula-del-mundo\/","og_site_name":"Catalogo | Letrame Grupo Editorial","article_modified_time":"2024-04-29T13:44:15+00:00","og_image":[{"width":1594,"height":2303,"url":"https:\/\/letrame.com\/catalogo\/wp-content\/uploads\/2024\/04\/webportada_lamejorpelicula_485mm-compressed.jpg","type":"image\/jpeg"}],"twitter_card":"summary_large_image","twitter_misc":{"Tiempo de lectura":"1 minuto"},"schema":{"@context":"https:\/\/schema.org","@graph":[{"@type":"WebPage","@id":"https:\/\/letrame.com\/catalogo\/producto\/la-mejor-pelicula-del-mundo\/","url":"https:\/\/letrame.com\/catalogo\/producto\/la-mejor-pelicula-del-mundo\/","name":"La mejor pel\u00edcula del mundo - Catalogo | Letrame Grupo Editorial","isPartOf":{"@id":"https:\/\/letrame.com\/catalogo\/#website"},"primaryImageOfPage":{"@id":"https:\/\/letrame.com\/catalogo\/producto\/la-mejor-pelicula-del-mundo\/#primaryimage"},"image":{"@id":"https:\/\/letrame.com\/catalogo\/producto\/la-mejor-pelicula-del-mundo\/#primaryimage"},"thumbnailUrl":"https:\/\/letrame.com\/catalogo\/wp-content\/uploads\/2024\/04\/webportada_lamejorpelicula_485mm-compressed.jpg","datePublished":"2024-04-29T13:43:51+00:00","dateModified":"2024-04-29T13:44:15+00:00","breadcrumb":{"@id":"https:\/\/letrame.com\/catalogo\/producto\/la-mejor-pelicula-del-mundo\/#breadcrumb"},"inLanguage":"es","potentialAction":[{"@type":"ReadAction","target":["https:\/\/letrame.com\/catalogo\/producto\/la-mejor-pelicula-del-mundo\/"]}]},{"@type":"ImageObject","inLanguage":"es","@id":"https:\/\/letrame.com\/catalogo\/producto\/la-mejor-pelicula-del-mundo\/#primaryimage","url":"https:\/\/letrame.com\/catalogo\/wp-content\/uploads\/2024\/04\/webportada_lamejorpelicula_485mm-compressed.jpg","contentUrl":"https:\/\/letrame.com\/catalogo\/wp-content\/uploads\/2024\/04\/webportada_lamejorpelicula_485mm-compressed.jpg","width":1594,"height":2303},{"@type":"BreadcrumbList","@id":"https:\/\/letrame.com\/catalogo\/producto\/la-mejor-pelicula-del-mundo\/#breadcrumb","itemListElement":[{"@type":"ListItem","position":1,"name":"Portada","item":"https:\/\/letrame.com\/catalogo\/"},{"@type":"ListItem","position":2,"name":"Cat\u00e1logo","item":"https:\/\/letrame.com\/catalogo\/"},{"@type":"ListItem","position":3,"name":"La mejor pel\u00edcula del mundo"}]},{"@type":"WebSite","@id":"https:\/\/letrame.com\/catalogo\/#website","url":"https:\/\/letrame.com\/catalogo\/","name":"Catalogo | Letrame Grupo Editorial","description":"","publisher":{"@id":"https:\/\/letrame.com\/catalogo\/#organization"},"potentialAction":[{"@type":"SearchAction","target":{"@type":"EntryPoint","urlTemplate":"https:\/\/letrame.com\/catalogo\/?s={search_term_string}"},"query-input":{"@type":"PropertyValueSpecification","valueRequired":true,"valueName":"search_term_string"}}],"inLanguage":"es"},{"@type":"Organization","@id":"https:\/\/letrame.com\/catalogo\/#organization","name":"Catalogo | Letrame Grupo Editorial","url":"https:\/\/letrame.com\/catalogo\/","logo":{"@type":"ImageObject","inLanguage":"es","@id":"https:\/\/letrame.com\/catalogo\/#\/schema\/logo\/image\/","url":"https:\/\/letrame.com\/catalogo\/wp-content\/uploads\/2024\/03\/logo2.webp","contentUrl":"https:\/\/letrame.com\/catalogo\/wp-content\/uploads\/2024\/03\/logo2.webp","width":394,"height":128,"caption":"Catalogo | Letrame Grupo Editorial"},"image":{"@id":"https:\/\/letrame.com\/catalogo\/#\/schema\/logo\/image\/"}}]}},"_links":{"self":[{"href":"https:\/\/letrame.com\/catalogo\/wp-json\/wp\/v2\/product\/99092","targetHints":{"allow":["GET"]}}],"collection":[{"href":"https:\/\/letrame.com\/catalogo\/wp-json\/wp\/v2\/product"}],"about":[{"href":"https:\/\/letrame.com\/catalogo\/wp-json\/wp\/v2\/types\/product"}],"replies":[{"embeddable":true,"href":"https:\/\/letrame.com\/catalogo\/wp-json\/wp\/v2\/comments?post=99092"}],"acf:post":[{"embeddable":true,"href":"https:\/\/letrame.com\/catalogo\/wp-json\/wp\/v2\/author_book\/77475"}],"wp:featuredmedia":[{"embeddable":true,"href":"https:\/\/letrame.com\/catalogo\/wp-json\/wp\/v2\/media\/99093"}],"wp:attachment":[{"href":"https:\/\/letrame.com\/catalogo\/wp-json\/wp\/v2\/media?parent=99092"}],"wp:term":[{"taxonomy":"libro","embeddable":true,"href":"https:\/\/letrame.com\/catalogo\/wp-json\/wp\/v2\/libro?post=99092"},{"taxonomy":"product_brand","embeddable":true,"href":"https:\/\/letrame.com\/catalogo\/wp-json\/wp\/v2\/product_brand?post=99092"},{"taxonomy":"product_cat","embeddable":true,"href":"https:\/\/letrame.com\/catalogo\/wp-json\/wp\/v2\/product_cat?post=99092"},{"taxonomy":"product_tag","embeddable":true,"href":"https:\/\/letrame.com\/catalogo\/wp-json\/wp\/v2\/product_tag?post=99092"}],"curies":[{"name":"wp","href":"https:\/\/api.w.org\/{rel}","templated":true}]}}