{"id":99087,"date":"2024-04-29T15:43:06","date_gmt":"2024-04-29T13:43:06","guid":{"rendered":"https:\/\/letrame.com\/catalogo\/producto\/por-un-punado-de-pesetas\/"},"modified":"2024-05-16T16:47:51","modified_gmt":"2024-05-16T14:47:51","slug":"por-un-punado-de-pesetas","status":"publish","type":"product","link":"https:\/\/letrame.com\/catalogo\/producto\/por-un-punado-de-pesetas\/","title":{"rendered":"Por un pu\u00f1ado de pesetas"},"content":{"rendered":"<p><strong>ISBN<\/strong>: 978-84-1181-058-6<\/p>\n<p><strong>T\u00edtulo<\/strong>: Por un pu\u00f1ado de pesetas<br \/>\n<strong>Fecha<\/strong>: 2023<br \/>\n<strong>P\u00e1ginas<\/strong>: 536<\/p>\n<p><strong>SINOPSIS<\/strong><\/p>\n<p>Silvestre, un ingeniero minero, acude a la Casa de Cultura de Ca\u00f1amero para dar una charla acerca del proyecto de investigaci\u00f3n que se va a realizar en el geoparque. A la salida, un joven intenta acabar con su vida, pero la r\u00e1pida actuaci\u00f3n de Jorge evita una tragedia. Dos d\u00edas despu\u00e9s, el cuerpo sin vida de Silvestre aparece en una calle del pueblo.<\/p>\n<p>Con Cosme al mando de la oficina inician una investigaci\u00f3n que los llevar\u00e1 hasta las minas de Logros\u00e1n. El nuevo caso tuvo su origen 70 a\u00f1os atr\u00e1s bajo las galer\u00edas de la Mina Costanaza. Cosme y Jorge tienen la misi\u00f3n de encontrar la conexi\u00f3n entre una serie de hechos que ocurrieron durante la Guerra Civil y el asesinato del ingeniero. Aunque contar\u00e1n con la ayuda de alguien inesperado.<\/p>\n","protected":false},"excerpt":{"rendered":"<p><strong>ISBN<\/strong>: 978-84-1181-058-6<\/p>\n<p><strong>SINOPSIS<\/strong><\/p>\n<p>Silvestre, un ingeniero minero, acude a la Casa de Cultura de Ca\u00f1amero para dar una charla acerca del proyecto de investigaci\u00f3n que se va a realizar en el geoparque. A la salida, un joven intenta acabar con su vida, pero la r\u00e1pida actuaci\u00f3n de Jorge evita una tragedia. Dos d\u00edas despu\u00e9s, el cuerpo sin vida de Silvestre aparece en una calle del pueblo.<\/p>\n<p>Con Cosme al mando de la oficina inician una investigaci\u00f3n que los llevar\u00e1 hasta las minas de Logros\u00e1n. El nuevo caso tuvo su origen 70 a\u00f1os atr\u00e1s bajo las galer\u00edas de la Mina Costanaza. Cosme y Jorge tienen la misi\u00f3n de encontrar la conexi\u00f3n entre una serie de hechos que ocurrieron durante la Guerra Civil y el asesinato del ingeniero. Aunque contar\u00e1n con la ayuda de alguien inesperado.<\/p>\n","protected":false},"featured_media":100435,"comment_status":"closed","ping_status":"closed","template":"","meta":{"_acf_changed":false},"libro":[],"product_brand":[],"product_cat":[26],"product_tag":[],"class_list":{"0":"post-99087","1":"product","2":"type-product","3":"status-publish","4":"has-post-thumbnail","6":"product_cat-sin-categoria","8":"first","9":"instock","10":"product-type-simple"},"acf":{"autor":[74418],"enlace_de_compra":""},"yoast_head":"<!-- This site is optimized with the Yoast SEO plugin v27.4 - https:\/\/yoast.com\/product\/yoast-seo-wordpress\/ -->\n<title>Por un pu\u00f1ado de pesetas - Catalogo | Letrame Grupo Editorial<\/title>\n<meta name=\"robots\" content=\"index, follow, max-snippet:-1, max-image-preview:large, max-video-preview:-1\" \/>\n<link rel=\"canonical\" href=\"https:\/\/letrame.com\/catalogo\/producto\/por-un-punado-de-pesetas\/\" \/>\n<meta property=\"og:locale\" content=\"es_ES\" \/>\n<meta property=\"og:type\" content=\"article\" \/>\n<meta property=\"og:title\" content=\"Por un pu\u00f1ado de pesetas - Catalogo | Letrame Grupo Editorial\" \/>\n<meta property=\"og:description\" content=\"ISBN: 978-84-1181-058-6  SINOPSIS  Silvestre, un ingeniero minero, acude a la Casa de Cultura de Ca\u00f1amero para dar una charla acerca del proyecto de investigaci\u00f3n que se va a realizar en el geoparque. A la salida, un joven intenta acabar con su vida, pero la r\u00e1pida actuaci\u00f3n de Jorge evita una tragedia. Dos d\u00edas despu\u00e9s, el cuerpo sin vida de Silvestre aparece en una calle del pueblo.  Con Cosme al mando de la oficina inician una investigaci\u00f3n que los llevar\u00e1 hasta las minas de Logros\u00e1n. El nuevo caso tuvo su origen 70 a\u00f1os atr\u00e1s bajo las galer\u00edas de la Mina Costanaza. Cosme y Jorge tienen la misi\u00f3n de encontrar la conexi\u00f3n entre una serie de hechos que ocurrieron durante la Guerra Civil y el asesinato del ingeniero. Aunque contar\u00e1n con la ayuda de alguien inesperado.\" \/>\n<meta property=\"og:url\" content=\"https:\/\/letrame.com\/catalogo\/producto\/por-un-punado-de-pesetas\/\" \/>\n<meta property=\"og:site_name\" content=\"Catalogo | Letrame Grupo Editorial\" \/>\n<meta property=\"article:modified_time\" content=\"2024-05-16T14:47:51+00:00\" \/>\n<meta property=\"og:image\" content=\"https:\/\/letrame.com\/catalogo\/wp-content\/uploads\/2024\/04\/webportada_porunpunado_258mm-compressed-scaled-1.webp\" \/>\n\t<meta property=\"og:image:width\" content=\"1746\" \/>\n\t<meta property=\"og:image:height\" content=\"2560\" \/>\n\t<meta property=\"og:image:type\" content=\"image\/webp\" \/>\n<meta name=\"twitter:card\" content=\"summary_large_image\" \/>\n<meta name=\"twitter:label1\" content=\"Tiempo de lectura\" \/>\n\t<meta name=\"twitter:data1\" content=\"1 minuto\" \/>\n<script type=\"application\/ld+json\" class=\"yoast-schema-graph\">{\"@context\":\"https:\\\/\\\/schema.org\",\"@graph\":[{\"@type\":\"WebPage\",\"@id\":\"https:\\\/\\\/letrame.com\\\/catalogo\\\/producto\\\/por-un-punado-de-pesetas\\\/\",\"url\":\"https:\\\/\\\/letrame.com\\\/catalogo\\\/producto\\\/por-un-punado-de-pesetas\\\/\",\"name\":\"Por un pu\u00f1ado de pesetas - Catalogo | Letrame Grupo Editorial\",\"isPartOf\":{\"@id\":\"https:\\\/\\\/letrame.com\\\/catalogo\\\/#website\"},\"primaryImageOfPage\":{\"@id\":\"https:\\\/\\\/letrame.com\\\/catalogo\\\/producto\\\/por-un-punado-de-pesetas\\\/#primaryimage\"},\"image\":{\"@id\":\"https:\\\/\\\/letrame.com\\\/catalogo\\\/producto\\\/por-un-punado-de-pesetas\\\/#primaryimage\"},\"thumbnailUrl\":\"https:\\\/\\\/letrame.com\\\/catalogo\\\/wp-content\\\/uploads\\\/2024\\\/04\\\/webportada_porunpunado_258mm-compressed-scaled-1.webp\",\"datePublished\":\"2024-04-29T13:43:06+00:00\",\"dateModified\":\"2024-05-16T14:47:51+00:00\",\"breadcrumb\":{\"@id\":\"https:\\\/\\\/letrame.com\\\/catalogo\\\/producto\\\/por-un-punado-de-pesetas\\\/#breadcrumb\"},\"inLanguage\":\"es\",\"potentialAction\":[{\"@type\":\"ReadAction\",\"target\":[\"https:\\\/\\\/letrame.com\\\/catalogo\\\/producto\\\/por-un-punado-de-pesetas\\\/\"]}]},{\"@type\":\"ImageObject\",\"inLanguage\":\"es\",\"@id\":\"https:\\\/\\\/letrame.com\\\/catalogo\\\/producto\\\/por-un-punado-de-pesetas\\\/#primaryimage\",\"url\":\"https:\\\/\\\/letrame.com\\\/catalogo\\\/wp-content\\\/uploads\\\/2024\\\/04\\\/webportada_porunpunado_258mm-compressed-scaled-1.webp\",\"contentUrl\":\"https:\\\/\\\/letrame.com\\\/catalogo\\\/wp-content\\\/uploads\\\/2024\\\/04\\\/webportada_porunpunado_258mm-compressed-scaled-1.webp\",\"width\":1746,\"height\":2560},{\"@type\":\"BreadcrumbList\",\"@id\":\"https:\\\/\\\/letrame.com\\\/catalogo\\\/producto\\\/por-un-punado-de-pesetas\\\/#breadcrumb\",\"itemListElement\":[{\"@type\":\"ListItem\",\"position\":1,\"name\":\"Portada\",\"item\":\"https:\\\/\\\/letrame.com\\\/catalogo\\\/\"},{\"@type\":\"ListItem\",\"position\":2,\"name\":\"Cat\u00e1logo\",\"item\":\"https:\\\/\\\/letrame.com\\\/catalogo\\\/\"},{\"@type\":\"ListItem\",\"position\":3,\"name\":\"Por un pu\u00f1ado de pesetas\"}]},{\"@type\":\"WebSite\",\"@id\":\"https:\\\/\\\/letrame.com\\\/catalogo\\\/#website\",\"url\":\"https:\\\/\\\/letrame.com\\\/catalogo\\\/\",\"name\":\"Catalogo | Letrame Grupo Editorial\",\"description\":\"\",\"publisher\":{\"@id\":\"https:\\\/\\\/letrame.com\\\/catalogo\\\/#organization\"},\"potentialAction\":[{\"@type\":\"SearchAction\",\"target\":{\"@type\":\"EntryPoint\",\"urlTemplate\":\"https:\\\/\\\/letrame.com\\\/catalogo\\\/?s={search_term_string}\"},\"query-input\":{\"@type\":\"PropertyValueSpecification\",\"valueRequired\":true,\"valueName\":\"search_term_string\"}}],\"inLanguage\":\"es\"},{\"@type\":\"Organization\",\"@id\":\"https:\\\/\\\/letrame.com\\\/catalogo\\\/#organization\",\"name\":\"Catalogo | Letrame Grupo Editorial\",\"url\":\"https:\\\/\\\/letrame.com\\\/catalogo\\\/\",\"logo\":{\"@type\":\"ImageObject\",\"inLanguage\":\"es\",\"@id\":\"https:\\\/\\\/letrame.com\\\/catalogo\\\/#\\\/schema\\\/logo\\\/image\\\/\",\"url\":\"https:\\\/\\\/letrame.com\\\/catalogo\\\/wp-content\\\/uploads\\\/2024\\\/03\\\/logo2.webp\",\"contentUrl\":\"https:\\\/\\\/letrame.com\\\/catalogo\\\/wp-content\\\/uploads\\\/2024\\\/03\\\/logo2.webp\",\"width\":394,\"height\":128,\"caption\":\"Catalogo | Letrame Grupo Editorial\"},\"image\":{\"@id\":\"https:\\\/\\\/letrame.com\\\/catalogo\\\/#\\\/schema\\\/logo\\\/image\\\/\"}}]}<\/script>\n<!-- \/ Yoast SEO plugin. -->","yoast_head_json":{"title":"Por un pu\u00f1ado de pesetas - Catalogo | Letrame Grupo Editorial","robots":{"index":"index","follow":"follow","max-snippet":"max-snippet:-1","max-image-preview":"max-image-preview:large","max-video-preview":"max-video-preview:-1"},"canonical":"https:\/\/letrame.com\/catalogo\/producto\/por-un-punado-de-pesetas\/","og_locale":"es_ES","og_type":"article","og_title":"Por un pu\u00f1ado de pesetas - Catalogo | Letrame Grupo Editorial","og_description":"ISBN: 978-84-1181-058-6  SINOPSIS  Silvestre, un ingeniero minero, acude a la Casa de Cultura de Ca\u00f1amero para dar una charla acerca del proyecto de investigaci\u00f3n que se va a realizar en el geoparque. A la salida, un joven intenta acabar con su vida, pero la r\u00e1pida actuaci\u00f3n de Jorge evita una tragedia. Dos d\u00edas despu\u00e9s, el cuerpo sin vida de Silvestre aparece en una calle del pueblo.  Con Cosme al mando de la oficina inician una investigaci\u00f3n que los llevar\u00e1 hasta las minas de Logros\u00e1n. El nuevo caso tuvo su origen 70 a\u00f1os atr\u00e1s bajo las galer\u00edas de la Mina Costanaza. Cosme y Jorge tienen la misi\u00f3n de encontrar la conexi\u00f3n entre una serie de hechos que ocurrieron durante la Guerra Civil y el asesinato del ingeniero. Aunque contar\u00e1n con la ayuda de alguien inesperado.","og_url":"https:\/\/letrame.com\/catalogo\/producto\/por-un-punado-de-pesetas\/","og_site_name":"Catalogo | Letrame Grupo Editorial","article_modified_time":"2024-05-16T14:47:51+00:00","og_image":[{"width":1746,"height":2560,"url":"https:\/\/letrame.com\/catalogo\/wp-content\/uploads\/2024\/04\/webportada_porunpunado_258mm-compressed-scaled-1.webp","type":"image\/webp"}],"twitter_card":"summary_large_image","twitter_misc":{"Tiempo de lectura":"1 minuto"},"schema":{"@context":"https:\/\/schema.org","@graph":[{"@type":"WebPage","@id":"https:\/\/letrame.com\/catalogo\/producto\/por-un-punado-de-pesetas\/","url":"https:\/\/letrame.com\/catalogo\/producto\/por-un-punado-de-pesetas\/","name":"Por un pu\u00f1ado de pesetas - Catalogo | Letrame Grupo Editorial","isPartOf":{"@id":"https:\/\/letrame.com\/catalogo\/#website"},"primaryImageOfPage":{"@id":"https:\/\/letrame.com\/catalogo\/producto\/por-un-punado-de-pesetas\/#primaryimage"},"image":{"@id":"https:\/\/letrame.com\/catalogo\/producto\/por-un-punado-de-pesetas\/#primaryimage"},"thumbnailUrl":"https:\/\/letrame.com\/catalogo\/wp-content\/uploads\/2024\/04\/webportada_porunpunado_258mm-compressed-scaled-1.webp","datePublished":"2024-04-29T13:43:06+00:00","dateModified":"2024-05-16T14:47:51+00:00","breadcrumb":{"@id":"https:\/\/letrame.com\/catalogo\/producto\/por-un-punado-de-pesetas\/#breadcrumb"},"inLanguage":"es","potentialAction":[{"@type":"ReadAction","target":["https:\/\/letrame.com\/catalogo\/producto\/por-un-punado-de-pesetas\/"]}]},{"@type":"ImageObject","inLanguage":"es","@id":"https:\/\/letrame.com\/catalogo\/producto\/por-un-punado-de-pesetas\/#primaryimage","url":"https:\/\/letrame.com\/catalogo\/wp-content\/uploads\/2024\/04\/webportada_porunpunado_258mm-compressed-scaled-1.webp","contentUrl":"https:\/\/letrame.com\/catalogo\/wp-content\/uploads\/2024\/04\/webportada_porunpunado_258mm-compressed-scaled-1.webp","width":1746,"height":2560},{"@type":"BreadcrumbList","@id":"https:\/\/letrame.com\/catalogo\/producto\/por-un-punado-de-pesetas\/#breadcrumb","itemListElement":[{"@type":"ListItem","position":1,"name":"Portada","item":"https:\/\/letrame.com\/catalogo\/"},{"@type":"ListItem","position":2,"name":"Cat\u00e1logo","item":"https:\/\/letrame.com\/catalogo\/"},{"@type":"ListItem","position":3,"name":"Por un pu\u00f1ado de pesetas"}]},{"@type":"WebSite","@id":"https:\/\/letrame.com\/catalogo\/#website","url":"https:\/\/letrame.com\/catalogo\/","name":"Catalogo | Letrame Grupo Editorial","description":"","publisher":{"@id":"https:\/\/letrame.com\/catalogo\/#organization"},"potentialAction":[{"@type":"SearchAction","target":{"@type":"EntryPoint","urlTemplate":"https:\/\/letrame.com\/catalogo\/?s={search_term_string}"},"query-input":{"@type":"PropertyValueSpecification","valueRequired":true,"valueName":"search_term_string"}}],"inLanguage":"es"},{"@type":"Organization","@id":"https:\/\/letrame.com\/catalogo\/#organization","name":"Catalogo | Letrame Grupo Editorial","url":"https:\/\/letrame.com\/catalogo\/","logo":{"@type":"ImageObject","inLanguage":"es","@id":"https:\/\/letrame.com\/catalogo\/#\/schema\/logo\/image\/","url":"https:\/\/letrame.com\/catalogo\/wp-content\/uploads\/2024\/03\/logo2.webp","contentUrl":"https:\/\/letrame.com\/catalogo\/wp-content\/uploads\/2024\/03\/logo2.webp","width":394,"height":128,"caption":"Catalogo | Letrame Grupo Editorial"},"image":{"@id":"https:\/\/letrame.com\/catalogo\/#\/schema\/logo\/image\/"}}]}},"_links":{"self":[{"href":"https:\/\/letrame.com\/catalogo\/wp-json\/wp\/v2\/product\/99087","targetHints":{"allow":["GET"]}}],"collection":[{"href":"https:\/\/letrame.com\/catalogo\/wp-json\/wp\/v2\/product"}],"about":[{"href":"https:\/\/letrame.com\/catalogo\/wp-json\/wp\/v2\/types\/product"}],"replies":[{"embeddable":true,"href":"https:\/\/letrame.com\/catalogo\/wp-json\/wp\/v2\/comments?post=99087"}],"acf:post":[{"embeddable":true,"href":"https:\/\/letrame.com\/catalogo\/wp-json\/wp\/v2\/author_book\/74418"}],"wp:featuredmedia":[{"embeddable":true,"href":"https:\/\/letrame.com\/catalogo\/wp-json\/wp\/v2\/media\/100435"}],"wp:attachment":[{"href":"https:\/\/letrame.com\/catalogo\/wp-json\/wp\/v2\/media?parent=99087"}],"wp:term":[{"taxonomy":"libro","embeddable":true,"href":"https:\/\/letrame.com\/catalogo\/wp-json\/wp\/v2\/libro?post=99087"},{"taxonomy":"product_brand","embeddable":true,"href":"https:\/\/letrame.com\/catalogo\/wp-json\/wp\/v2\/product_brand?post=99087"},{"taxonomy":"product_cat","embeddable":true,"href":"https:\/\/letrame.com\/catalogo\/wp-json\/wp\/v2\/product_cat?post=99087"},{"taxonomy":"product_tag","embeddable":true,"href":"https:\/\/letrame.com\/catalogo\/wp-json\/wp\/v2\/product_tag?post=99087"}],"curies":[{"name":"wp","href":"https:\/\/api.w.org\/{rel}","templated":true}]}}