{"id":99073,"date":"2024-04-29T15:42:01","date_gmt":"2024-04-29T13:42:01","guid":{"rendered":"https:\/\/letrame.com\/catalogo\/producto\/reflejos-de-mama\/"},"modified":"2024-04-29T15:42:01","modified_gmt":"2024-04-29T13:42:01","slug":"reflejos-de-mama","status":"publish","type":"product","link":"https:\/\/letrame.com\/catalogo\/producto\/reflejos-de-mama\/","title":{"rendered":"Reflejos de mam\u00e1"},"content":{"rendered":"<p><strong>ISBN<\/strong>: 978-84-1181-053-1<\/p>\n<p><strong>T\u00edtulo<\/strong>: <span data-sheets-value=\"{&quot;1&quot;:2,&quot;2&quot;:&quot;Reflejos de mam\u00e1&quot;}\" data-sheets-userformat=\"{&quot;2&quot;:515,&quot;3&quot;:{&quot;1&quot;:0},&quot;4&quot;:{&quot;1&quot;:2,&quot;2&quot;:14281427},&quot;12&quot;:0}\">Reflejos de mam\u00e1<\/span><br \/>\n<strong>Fecha<\/strong>: 2023<br \/>\n<strong>P\u00e1ginas<\/strong>: 138<\/p>\n<p><strong>SINOPSIS<\/strong><\/p>\n<p>La vida de Ang\u00e9lica Santos no fue f\u00e1cil. Nacida en un peque\u00f1o pueblo del Tolima a comienzos del siglo XX, Ang\u00e9lica era una criatura peque\u00f1a y fr\u00e1gil, de tez p\u00e1lida y cabello oscuro como la noche. Postrada en su cama, luchaba contra la enfermedad con la fuerza de su esp\u00edritu, anhelando descubrir los misterios que el mundo guardaba para ella. Luego de superar la enfermedad y a sus escasos 13 a\u00f1os, la ni\u00f1a enfrent\u00f3 una tragedia que cambi\u00f3 su vida para siempre. Su vida estuvo marcada por la oscuridad de este secreto doloroso, un misterio que solo ella conoc\u00eda y que la persegu\u00eda en cada uno de sus pasos. Por esto, Ang\u00e9lica decidi\u00f3 huir y dejar todo atr\u00e1s, forzada a tomar una dif\u00edcil decisi\u00f3n entre salvarse a s\u00ed misma o criar a su hija en un hogar abusivo.<\/p>\n<p>A medida que Ang\u00e9lica lucha por superar sus traumas, tambi\u00e9n se enfrenta a otro obst\u00e1culo: un amor cuyo destino estaba escrito en la imposibilidad, trazado por la distancia abismal entre dos mundos que nunca deb\u00edan encontrarse. A pesar de encontrar la felicidad en una familia adinerada, ella no puede olvidar su pasado, que le susurra \u00abvuelve\u00bb.<\/p>\n<p>En su novela, <em>Reflejos de Mam\u00e1<\/em>, Lucila S\u00e1nchez, la abuela poeta y so\u00f1adora, nos lleva en un viaje a trav\u00e9s de la vida de su madre y de todas las mujeres colombianas que han luchado contra la violencia de g\u00e9nero. A trav\u00e9s de sus palabras, se revela una historia de sacrificio y perseverancia que nos invita a reflexionar sobre el valor de la familia y el poder de la esperanza. Esta conmovedora novela nos ense\u00f1a que, a pesar de la adversidad, siempre hay una luz al final del t\u00fanel.<\/p>\n","protected":false},"excerpt":{"rendered":"<p><strong>ISBN<\/strong>: 978-84-1181-053-1<\/p>\n<p><strong>SINOPSIS<\/strong><\/p>\n<p>La vida de Ang\u00e9lica Santos no fue f\u00e1cil. Nacida en un peque\u00f1o pueblo del Tolima a comienzos del siglo XX, Ang\u00e9lica era una criatura peque\u00f1a y fr\u00e1gil, de tez p\u00e1lida y cabello oscuro como la noche. Postrada en su cama, luchaba contra la enfermedad con la fuerza de su esp\u00edritu, anhelando descubrir los misterios que el mundo guardaba para ella. Luego de superar la enfermedad y a sus escasos 13 a\u00f1os, la ni\u00f1a enfrent\u00f3 una tragedia que cambi\u00f3 su vida para siempre. Su vida estuvo marcada por la oscuridad de este secreto doloroso, un misterio que solo ella conoc\u00eda y que la persegu\u00eda en cada uno de sus pasos. Por esto, Ang\u00e9lica decidi\u00f3 huir y dejar todo atr\u00e1s, forzada a tomar una dif\u00edcil decisi\u00f3n entre salvarse a s\u00ed misma o criar a su hija en un hogar abusivo.<\/p>\n<p>A medida que Ang\u00e9lica lucha por superar sus traumas, tambi\u00e9n se enfrenta a otro obst\u00e1culo: un amor cuyo destino estaba escrito en la imposibilidad, trazado por la distancia abismal entre dos mundos que nunca deb\u00edan encontrarse. A pesar de encontrar la felicidad en una familia adinerada, ella no puede olvidar su pasado, que le susurra \u00abvuelve\u00bb.<\/p>\n<p>En su novela, <em>Reflejos de Mam\u00e1<\/em>, Lucila S\u00e1nchez, la abuela poeta y so\u00f1adora, nos lleva en un viaje a trav\u00e9s de la vida de su madre y de todas las mujeres colombianas que han luchado contra la violencia de g\u00e9nero. A trav\u00e9s de sus palabras, se revela una historia de sacrificio y perseverancia que nos invita a reflexionar sobre el valor de la familia y el poder de la esperanza. Esta conmovedora novela nos ense\u00f1a que, a pesar de la adversidad, siempre hay una luz al final del t\u00fanel.<\/p>\n","protected":false},"featured_media":99074,"comment_status":"closed","ping_status":"open","template":"","meta":{"_acf_changed":false},"libro":[],"product_brand":[],"product_cat":[26],"product_tag":[],"class_list":{"0":"post-99073","1":"product","2":"type-product","3":"status-publish","4":"has-post-thumbnail","6":"product_cat-sin-categoria","8":"first","9":"instock","10":"product-type-simple"},"acf":{"autor":[77456],"enlace_de_compra":"https:\/\/www.amazon.es\/Reflejos-mam%C3%A1-Lucila-S%C3%A1nchez\/dp\/8411810534\/"},"yoast_head":"<!-- This site is optimized with the Yoast SEO plugin v27.4 - https:\/\/yoast.com\/product\/yoast-seo-wordpress\/ -->\n<title>Reflejos de mam\u00e1 - Catalogo | Letrame Grupo Editorial<\/title>\n<meta name=\"robots\" content=\"index, follow, max-snippet:-1, max-image-preview:large, max-video-preview:-1\" \/>\n<link rel=\"canonical\" href=\"https:\/\/letrame.com\/catalogo\/producto\/reflejos-de-mama\/\" \/>\n<meta property=\"og:locale\" content=\"es_ES\" \/>\n<meta property=\"og:type\" content=\"article\" \/>\n<meta property=\"og:title\" content=\"Reflejos de mam\u00e1 - Catalogo | Letrame Grupo Editorial\" \/>\n<meta property=\"og:description\" content=\"ISBN: 978-84-1181-053-1 SINOPSIS La vida de Ang\u00e9lica Santos no fue f\u00e1cil. Nacida en un peque\u00f1o pueblo del Tolima a comienzos del siglo XX, Ang\u00e9lica era una criatura peque\u00f1a y fr\u00e1gil, de tez p\u00e1lida y cabello oscuro como la noche. Postrada en su cama, luchaba contra la enfermedad con la fuerza de su esp\u00edritu, anhelando descubrir los misterios que el mundo guardaba para ella. Luego de superar la enfermedad y a sus escasos 13 a\u00f1os, la ni\u00f1a enfrent\u00f3 una tragedia que cambi\u00f3 su vida para siempre. Su vida estuvo marcada por la oscuridad de este secreto doloroso, un misterio que solo ella conoc\u00eda y que la persegu\u00eda en cada uno de sus pasos. Por esto, Ang\u00e9lica decidi\u00f3 huir y dejar todo atr\u00e1s, forzada a tomar una dif\u00edcil decisi\u00f3n entre salvarse a s\u00ed misma o criar a su hija en un hogar abusivo. A medida que Ang\u00e9lica lucha por superar sus traumas, tambi\u00e9n se enfrenta a otro obst\u00e1culo: un amor cuyo destino estaba escrito en la imposibilidad, trazado por la distancia abismal entre dos mundos que nunca deb\u00edan encontrarse. A pesar de encontrar la felicidad en una familia adinerada, ella no puede olvidar su pasado, que le susurra \u00abvuelve\u00bb. En su novela, Reflejos de Mam\u00e1, Lucila S\u00e1nchez, la abuela poeta y so\u00f1adora, nos lleva en un viaje a trav\u00e9s de la vida de su madre y de todas las mujeres colombianas que han luchado contra la violencia de g\u00e9nero. A trav\u00e9s de sus palabras, se revela una historia de sacrificio y perseverancia que nos invita a reflexionar sobre el valor de la familia y el poder de la esperanza. Esta conmovedora novela nos ense\u00f1a que, a pesar de la adversidad, siempre hay una luz al final del t\u00fanel.\" \/>\n<meta property=\"og:url\" content=\"https:\/\/letrame.com\/catalogo\/producto\/reflejos-de-mama\/\" \/>\n<meta property=\"og:site_name\" content=\"Catalogo | Letrame Grupo Editorial\" \/>\n<meta property=\"og:image\" content=\"https:\/\/letrame.com\/catalogo\/wp-content\/uploads\/2024\/04\/webportada_reflejosdemama_744mm-1-compressed-scaled-1.jpg\" \/>\n\t<meta property=\"og:image:width\" content=\"1746\" \/>\n\t<meta property=\"og:image:height\" content=\"2560\" \/>\n\t<meta property=\"og:image:type\" content=\"image\/jpeg\" \/>\n<meta name=\"twitter:card\" content=\"summary_large_image\" \/>\n<meta name=\"twitter:label1\" content=\"Tiempo de lectura\" \/>\n\t<meta name=\"twitter:data1\" content=\"2 minutos\" \/>\n<script type=\"application\/ld+json\" class=\"yoast-schema-graph\">{\"@context\":\"https:\\\/\\\/schema.org\",\"@graph\":[{\"@type\":\"WebPage\",\"@id\":\"https:\\\/\\\/letrame.com\\\/catalogo\\\/producto\\\/reflejos-de-mama\\\/\",\"url\":\"https:\\\/\\\/letrame.com\\\/catalogo\\\/producto\\\/reflejos-de-mama\\\/\",\"name\":\"Reflejos de mam\u00e1 - Catalogo | Letrame Grupo Editorial\",\"isPartOf\":{\"@id\":\"https:\\\/\\\/letrame.com\\\/catalogo\\\/#website\"},\"primaryImageOfPage\":{\"@id\":\"https:\\\/\\\/letrame.com\\\/catalogo\\\/producto\\\/reflejos-de-mama\\\/#primaryimage\"},\"image\":{\"@id\":\"https:\\\/\\\/letrame.com\\\/catalogo\\\/producto\\\/reflejos-de-mama\\\/#primaryimage\"},\"thumbnailUrl\":\"https:\\\/\\\/letrame.com\\\/catalogo\\\/wp-content\\\/uploads\\\/2024\\\/04\\\/webportada_reflejosdemama_744mm-1-compressed-scaled-1.jpg\",\"datePublished\":\"2024-04-29T13:42:01+00:00\",\"breadcrumb\":{\"@id\":\"https:\\\/\\\/letrame.com\\\/catalogo\\\/producto\\\/reflejos-de-mama\\\/#breadcrumb\"},\"inLanguage\":\"es\",\"potentialAction\":[{\"@type\":\"ReadAction\",\"target\":[\"https:\\\/\\\/letrame.com\\\/catalogo\\\/producto\\\/reflejos-de-mama\\\/\"]}]},{\"@type\":\"ImageObject\",\"inLanguage\":\"es\",\"@id\":\"https:\\\/\\\/letrame.com\\\/catalogo\\\/producto\\\/reflejos-de-mama\\\/#primaryimage\",\"url\":\"https:\\\/\\\/letrame.com\\\/catalogo\\\/wp-content\\\/uploads\\\/2024\\\/04\\\/webportada_reflejosdemama_744mm-1-compressed-scaled-1.jpg\",\"contentUrl\":\"https:\\\/\\\/letrame.com\\\/catalogo\\\/wp-content\\\/uploads\\\/2024\\\/04\\\/webportada_reflejosdemama_744mm-1-compressed-scaled-1.jpg\",\"width\":1746,\"height\":2560},{\"@type\":\"BreadcrumbList\",\"@id\":\"https:\\\/\\\/letrame.com\\\/catalogo\\\/producto\\\/reflejos-de-mama\\\/#breadcrumb\",\"itemListElement\":[{\"@type\":\"ListItem\",\"position\":1,\"name\":\"Portada\",\"item\":\"https:\\\/\\\/letrame.com\\\/catalogo\\\/\"},{\"@type\":\"ListItem\",\"position\":2,\"name\":\"Cat\u00e1logo\",\"item\":\"https:\\\/\\\/letrame.com\\\/catalogo\\\/\"},{\"@type\":\"ListItem\",\"position\":3,\"name\":\"Reflejos de mam\u00e1\"}]},{\"@type\":\"WebSite\",\"@id\":\"https:\\\/\\\/letrame.com\\\/catalogo\\\/#website\",\"url\":\"https:\\\/\\\/letrame.com\\\/catalogo\\\/\",\"name\":\"Catalogo | Letrame Grupo Editorial\",\"description\":\"\",\"publisher\":{\"@id\":\"https:\\\/\\\/letrame.com\\\/catalogo\\\/#organization\"},\"potentialAction\":[{\"@type\":\"SearchAction\",\"target\":{\"@type\":\"EntryPoint\",\"urlTemplate\":\"https:\\\/\\\/letrame.com\\\/catalogo\\\/?s={search_term_string}\"},\"query-input\":{\"@type\":\"PropertyValueSpecification\",\"valueRequired\":true,\"valueName\":\"search_term_string\"}}],\"inLanguage\":\"es\"},{\"@type\":\"Organization\",\"@id\":\"https:\\\/\\\/letrame.com\\\/catalogo\\\/#organization\",\"name\":\"Catalogo | Letrame Grupo Editorial\",\"url\":\"https:\\\/\\\/letrame.com\\\/catalogo\\\/\",\"logo\":{\"@type\":\"ImageObject\",\"inLanguage\":\"es\",\"@id\":\"https:\\\/\\\/letrame.com\\\/catalogo\\\/#\\\/schema\\\/logo\\\/image\\\/\",\"url\":\"https:\\\/\\\/letrame.com\\\/catalogo\\\/wp-content\\\/uploads\\\/2024\\\/03\\\/logo2.webp\",\"contentUrl\":\"https:\\\/\\\/letrame.com\\\/catalogo\\\/wp-content\\\/uploads\\\/2024\\\/03\\\/logo2.webp\",\"width\":394,\"height\":128,\"caption\":\"Catalogo | Letrame Grupo Editorial\"},\"image\":{\"@id\":\"https:\\\/\\\/letrame.com\\\/catalogo\\\/#\\\/schema\\\/logo\\\/image\\\/\"}}]}<\/script>\n<!-- \/ Yoast SEO plugin. -->","yoast_head_json":{"title":"Reflejos de mam\u00e1 - Catalogo | Letrame Grupo Editorial","robots":{"index":"index","follow":"follow","max-snippet":"max-snippet:-1","max-image-preview":"max-image-preview:large","max-video-preview":"max-video-preview:-1"},"canonical":"https:\/\/letrame.com\/catalogo\/producto\/reflejos-de-mama\/","og_locale":"es_ES","og_type":"article","og_title":"Reflejos de mam\u00e1 - Catalogo | Letrame Grupo Editorial","og_description":"ISBN: 978-84-1181-053-1 SINOPSIS La vida de Ang\u00e9lica Santos no fue f\u00e1cil. Nacida en un peque\u00f1o pueblo del Tolima a comienzos del siglo XX, Ang\u00e9lica era una criatura peque\u00f1a y fr\u00e1gil, de tez p\u00e1lida y cabello oscuro como la noche. Postrada en su cama, luchaba contra la enfermedad con la fuerza de su esp\u00edritu, anhelando descubrir los misterios que el mundo guardaba para ella. Luego de superar la enfermedad y a sus escasos 13 a\u00f1os, la ni\u00f1a enfrent\u00f3 una tragedia que cambi\u00f3 su vida para siempre. Su vida estuvo marcada por la oscuridad de este secreto doloroso, un misterio que solo ella conoc\u00eda y que la persegu\u00eda en cada uno de sus pasos. Por esto, Ang\u00e9lica decidi\u00f3 huir y dejar todo atr\u00e1s, forzada a tomar una dif\u00edcil decisi\u00f3n entre salvarse a s\u00ed misma o criar a su hija en un hogar abusivo. A medida que Ang\u00e9lica lucha por superar sus traumas, tambi\u00e9n se enfrenta a otro obst\u00e1culo: un amor cuyo destino estaba escrito en la imposibilidad, trazado por la distancia abismal entre dos mundos que nunca deb\u00edan encontrarse. A pesar de encontrar la felicidad en una familia adinerada, ella no puede olvidar su pasado, que le susurra \u00abvuelve\u00bb. En su novela, Reflejos de Mam\u00e1, Lucila S\u00e1nchez, la abuela poeta y so\u00f1adora, nos lleva en un viaje a trav\u00e9s de la vida de su madre y de todas las mujeres colombianas que han luchado contra la violencia de g\u00e9nero. A trav\u00e9s de sus palabras, se revela una historia de sacrificio y perseverancia que nos invita a reflexionar sobre el valor de la familia y el poder de la esperanza. Esta conmovedora novela nos ense\u00f1a que, a pesar de la adversidad, siempre hay una luz al final del t\u00fanel.","og_url":"https:\/\/letrame.com\/catalogo\/producto\/reflejos-de-mama\/","og_site_name":"Catalogo | Letrame Grupo Editorial","og_image":[{"width":1746,"height":2560,"url":"https:\/\/letrame.com\/catalogo\/wp-content\/uploads\/2024\/04\/webportada_reflejosdemama_744mm-1-compressed-scaled-1.jpg","type":"image\/jpeg"}],"twitter_card":"summary_large_image","twitter_misc":{"Tiempo de lectura":"2 minutos"},"schema":{"@context":"https:\/\/schema.org","@graph":[{"@type":"WebPage","@id":"https:\/\/letrame.com\/catalogo\/producto\/reflejos-de-mama\/","url":"https:\/\/letrame.com\/catalogo\/producto\/reflejos-de-mama\/","name":"Reflejos de mam\u00e1 - Catalogo | Letrame Grupo Editorial","isPartOf":{"@id":"https:\/\/letrame.com\/catalogo\/#website"},"primaryImageOfPage":{"@id":"https:\/\/letrame.com\/catalogo\/producto\/reflejos-de-mama\/#primaryimage"},"image":{"@id":"https:\/\/letrame.com\/catalogo\/producto\/reflejos-de-mama\/#primaryimage"},"thumbnailUrl":"https:\/\/letrame.com\/catalogo\/wp-content\/uploads\/2024\/04\/webportada_reflejosdemama_744mm-1-compressed-scaled-1.jpg","datePublished":"2024-04-29T13:42:01+00:00","breadcrumb":{"@id":"https:\/\/letrame.com\/catalogo\/producto\/reflejos-de-mama\/#breadcrumb"},"inLanguage":"es","potentialAction":[{"@type":"ReadAction","target":["https:\/\/letrame.com\/catalogo\/producto\/reflejos-de-mama\/"]}]},{"@type":"ImageObject","inLanguage":"es","@id":"https:\/\/letrame.com\/catalogo\/producto\/reflejos-de-mama\/#primaryimage","url":"https:\/\/letrame.com\/catalogo\/wp-content\/uploads\/2024\/04\/webportada_reflejosdemama_744mm-1-compressed-scaled-1.jpg","contentUrl":"https:\/\/letrame.com\/catalogo\/wp-content\/uploads\/2024\/04\/webportada_reflejosdemama_744mm-1-compressed-scaled-1.jpg","width":1746,"height":2560},{"@type":"BreadcrumbList","@id":"https:\/\/letrame.com\/catalogo\/producto\/reflejos-de-mama\/#breadcrumb","itemListElement":[{"@type":"ListItem","position":1,"name":"Portada","item":"https:\/\/letrame.com\/catalogo\/"},{"@type":"ListItem","position":2,"name":"Cat\u00e1logo","item":"https:\/\/letrame.com\/catalogo\/"},{"@type":"ListItem","position":3,"name":"Reflejos de mam\u00e1"}]},{"@type":"WebSite","@id":"https:\/\/letrame.com\/catalogo\/#website","url":"https:\/\/letrame.com\/catalogo\/","name":"Catalogo | Letrame Grupo Editorial","description":"","publisher":{"@id":"https:\/\/letrame.com\/catalogo\/#organization"},"potentialAction":[{"@type":"SearchAction","target":{"@type":"EntryPoint","urlTemplate":"https:\/\/letrame.com\/catalogo\/?s={search_term_string}"},"query-input":{"@type":"PropertyValueSpecification","valueRequired":true,"valueName":"search_term_string"}}],"inLanguage":"es"},{"@type":"Organization","@id":"https:\/\/letrame.com\/catalogo\/#organization","name":"Catalogo | Letrame Grupo Editorial","url":"https:\/\/letrame.com\/catalogo\/","logo":{"@type":"ImageObject","inLanguage":"es","@id":"https:\/\/letrame.com\/catalogo\/#\/schema\/logo\/image\/","url":"https:\/\/letrame.com\/catalogo\/wp-content\/uploads\/2024\/03\/logo2.webp","contentUrl":"https:\/\/letrame.com\/catalogo\/wp-content\/uploads\/2024\/03\/logo2.webp","width":394,"height":128,"caption":"Catalogo | Letrame Grupo Editorial"},"image":{"@id":"https:\/\/letrame.com\/catalogo\/#\/schema\/logo\/image\/"}}]}},"_links":{"self":[{"href":"https:\/\/letrame.com\/catalogo\/wp-json\/wp\/v2\/product\/99073","targetHints":{"allow":["GET"]}}],"collection":[{"href":"https:\/\/letrame.com\/catalogo\/wp-json\/wp\/v2\/product"}],"about":[{"href":"https:\/\/letrame.com\/catalogo\/wp-json\/wp\/v2\/types\/product"}],"replies":[{"embeddable":true,"href":"https:\/\/letrame.com\/catalogo\/wp-json\/wp\/v2\/comments?post=99073"}],"acf:post":[{"embeddable":true,"href":"https:\/\/letrame.com\/catalogo\/wp-json\/wp\/v2\/author_book\/77456"}],"wp:featuredmedia":[{"embeddable":true,"href":"https:\/\/letrame.com\/catalogo\/wp-json\/wp\/v2\/media\/99074"}],"wp:attachment":[{"href":"https:\/\/letrame.com\/catalogo\/wp-json\/wp\/v2\/media?parent=99073"}],"wp:term":[{"taxonomy":"libro","embeddable":true,"href":"https:\/\/letrame.com\/catalogo\/wp-json\/wp\/v2\/libro?post=99073"},{"taxonomy":"product_brand","embeddable":true,"href":"https:\/\/letrame.com\/catalogo\/wp-json\/wp\/v2\/product_brand?post=99073"},{"taxonomy":"product_cat","embeddable":true,"href":"https:\/\/letrame.com\/catalogo\/wp-json\/wp\/v2\/product_cat?post=99073"},{"taxonomy":"product_tag","embeddable":true,"href":"https:\/\/letrame.com\/catalogo\/wp-json\/wp\/v2\/product_tag?post=99073"}],"curies":[{"name":"wp","href":"https:\/\/api.w.org\/{rel}","templated":true}]}}