{"id":99061,"date":"2024-04-29T15:40:52","date_gmt":"2024-04-29T13:40:52","guid":{"rendered":"https:\/\/letrame.com\/catalogo\/producto\/amistad-amor-y-sexo-en-el-vaciado-de-la-escuela-nacional\/"},"modified":"2024-04-29T15:40:53","modified_gmt":"2024-04-29T13:40:53","slug":"amistad-amor-y-sexo-en-el-vaciado-de-la-escuela-nacional","status":"publish","type":"product","link":"https:\/\/letrame.com\/catalogo\/producto\/amistad-amor-y-sexo-en-el-vaciado-de-la-escuela-nacional\/","title":{"rendered":"Amistad, amor y sexo en el vaciado de la escuela nacional"},"content":{"rendered":"<p><strong>ISBN<\/strong>: 978-84-1181-013-5<\/p>\n<p><strong>T\u00edtulo<\/strong>: Amistad, amor y sexo en el vaciado de la escuela nacional<br \/>\n<strong>Fecha<\/strong>: 2023<br \/>\n<strong>P\u00e1ginas<\/strong>: 280<\/p>\n<p><strong>SINOPSIS<\/strong><\/p>\n<p>\u00bfQu\u00e9 pasa cuando el sexo es negado y reprimido tanto en casa como en la escuela? \u00bfC\u00f3mo se pod\u00edan apa\u00f1ar estos adolescentes para aprender al tiempo que crec\u00edan sus deseos?<\/p>\n<p>Alfredo, profesor t\u00e9cnico retirado, nacido en el pueblo, y al tiempo en el que se desarrollan estos acontecimientos, nos cuenta en este libro una forma de vida que, aunque parezca lejana por los grandes cambios en el entorno rural, es de hace apenas unas d\u00e9cadas. A trav\u00e9s de unos ni\u00f1os y ni\u00f1as que cumpl\u00edan con la escolarizaci\u00f3n obligatoria, nos ir\u00e1 contando el d\u00eda a d\u00eda de estos y de todo su entorno.<\/p>\n<p>&nbsp;<\/p>\n","protected":false},"excerpt":{"rendered":"<p><strong>ISBN<\/strong>: 978-84-1181-013-5<\/p>\n<p><strong>T\u00edtulo<\/strong>: Amistad, amor y sexo en el vaciado de la escuela nacional<br \/>\n<strong>Fecha<\/strong>: 2023<br \/>\n<strong>P\u00e1ginas<\/strong>: 280<\/p>\n<p><strong>SINOPSIS<\/strong><\/p>\n<p>\u00bfQu\u00e9 pasa cuando el sexo es negado y reprimido tanto en casa como en la escuela? \u00bfC\u00f3mo se pod\u00edan apa\u00f1ar estos adolescentes para aprender al tiempo que crec\u00edan sus deseos?<\/p>\n<p>Alfredo, profesor t\u00e9cnico retirado, nacido en el pueblo, y al tiempo en el que se desarrollan estos acontecimientos, nos cuenta en este libro una forma de vida que, aunque parezca lejana por los grandes cambios en el entorno rural, es de hace apenas unas d\u00e9cadas. A trav\u00e9s de unos ni\u00f1os y ni\u00f1as que cumpl\u00edan con la escolarizaci\u00f3n obligatoria, nos ir\u00e1 contando el d\u00eda a d\u00eda de estos y de todo su entorno.<\/p>\n","protected":false},"featured_media":99062,"comment_status":"closed","ping_status":"open","template":"","meta":{"_acf_changed":false},"libro":[],"product_brand":[],"product_cat":[26],"product_tag":[],"class_list":{"0":"post-99061","1":"product","2":"type-product","3":"status-publish","4":"has-post-thumbnail","6":"product_cat-sin-categoria","8":"first","9":"instock","10":"product-type-simple"},"acf":{"autor":[77446],"enlace_de_compra":"https:\/\/www.amazon.es\/Amistad-amor-vaciado-escuela-nacional\/dp\/8411810135\/"},"yoast_head":"<!-- This site is optimized with the Yoast SEO plugin v26.6 - https:\/\/yoast.com\/wordpress\/plugins\/seo\/ -->\n<title>Amistad, amor y sexo en el vaciado de la escuela nacional - Catalogo | Letrame Grupo Editorial<\/title>\n<meta name=\"robots\" content=\"index, follow, max-snippet:-1, max-image-preview:large, max-video-preview:-1\" \/>\n<link rel=\"canonical\" href=\"https:\/\/letrame.com\/catalogo\/producto\/amistad-amor-y-sexo-en-el-vaciado-de-la-escuela-nacional\/\" \/>\n<meta property=\"og:locale\" content=\"es_ES\" \/>\n<meta property=\"og:type\" content=\"article\" \/>\n<meta property=\"og:title\" content=\"Amistad, amor y sexo en el vaciado de la escuela nacional - Catalogo | Letrame Grupo Editorial\" \/>\n<meta property=\"og:description\" content=\"ISBN: 978-84-1181-013-5 T\u00edtulo: Amistad, amor y sexo en el vaciado de la escuela nacional Fecha: 2023 P\u00e1ginas: 280 SINOPSIS \u00bfQu\u00e9 pasa cuando el sexo es negado y reprimido tanto en casa como en la escuela? \u00bfC\u00f3mo se pod\u00edan apa\u00f1ar estos adolescentes para aprender al tiempo que crec\u00edan sus deseos? Alfredo, profesor t\u00e9cnico retirado, nacido en el pueblo, y al tiempo en el que se desarrollan estos acontecimientos, nos cuenta en este libro una forma de vida que, aunque parezca lejana por los grandes cambios en el entorno rural, es de hace apenas unas d\u00e9cadas. A trav\u00e9s de unos ni\u00f1os y ni\u00f1as que cumpl\u00edan con la escolarizaci\u00f3n obligatoria, nos ir\u00e1 contando el d\u00eda a d\u00eda de estos y de todo su entorno.\" \/>\n<meta property=\"og:url\" content=\"https:\/\/letrame.com\/catalogo\/producto\/amistad-amor-y-sexo-en-el-vaciado-de-la-escuela-nacional\/\" \/>\n<meta property=\"og:site_name\" content=\"Catalogo | Letrame Grupo Editorial\" \/>\n<meta property=\"article:modified_time\" content=\"2024-04-29T13:40:53+00:00\" \/>\n<meta property=\"og:image\" content=\"https:\/\/letrame.com\/catalogo\/wp-content\/uploads\/2024\/04\/webportada_amistadamor_14mm-compressed-scaled-1.jpg\" \/>\n\t<meta property=\"og:image:width\" content=\"1746\" \/>\n\t<meta property=\"og:image:height\" content=\"2560\" \/>\n\t<meta property=\"og:image:type\" content=\"image\/jpeg\" \/>\n<meta name=\"twitter:card\" content=\"summary_large_image\" \/>\n<meta name=\"twitter:label1\" content=\"Tiempo de lectura\" \/>\n\t<meta name=\"twitter:data1\" content=\"1 minuto\" \/>\n<script type=\"application\/ld+json\" class=\"yoast-schema-graph\">{\"@context\":\"https:\/\/schema.org\",\"@graph\":[{\"@type\":\"WebPage\",\"@id\":\"https:\/\/letrame.com\/catalogo\/producto\/amistad-amor-y-sexo-en-el-vaciado-de-la-escuela-nacional\/\",\"url\":\"https:\/\/letrame.com\/catalogo\/producto\/amistad-amor-y-sexo-en-el-vaciado-de-la-escuela-nacional\/\",\"name\":\"Amistad, amor y sexo en el vaciado de la escuela nacional - Catalogo | Letrame Grupo Editorial\",\"isPartOf\":{\"@id\":\"https:\/\/letrame.com\/catalogo\/#website\"},\"primaryImageOfPage\":{\"@id\":\"https:\/\/letrame.com\/catalogo\/producto\/amistad-amor-y-sexo-en-el-vaciado-de-la-escuela-nacional\/#primaryimage\"},\"image\":{\"@id\":\"https:\/\/letrame.com\/catalogo\/producto\/amistad-amor-y-sexo-en-el-vaciado-de-la-escuela-nacional\/#primaryimage\"},\"thumbnailUrl\":\"https:\/\/letrame.com\/catalogo\/wp-content\/uploads\/2024\/04\/webportada_amistadamor_14mm-compressed-scaled-1.jpg\",\"datePublished\":\"2024-04-29T13:40:52+00:00\",\"dateModified\":\"2024-04-29T13:40:53+00:00\",\"breadcrumb\":{\"@id\":\"https:\/\/letrame.com\/catalogo\/producto\/amistad-amor-y-sexo-en-el-vaciado-de-la-escuela-nacional\/#breadcrumb\"},\"inLanguage\":\"es\",\"potentialAction\":[{\"@type\":\"ReadAction\",\"target\":[\"https:\/\/letrame.com\/catalogo\/producto\/amistad-amor-y-sexo-en-el-vaciado-de-la-escuela-nacional\/\"]}]},{\"@type\":\"ImageObject\",\"inLanguage\":\"es\",\"@id\":\"https:\/\/letrame.com\/catalogo\/producto\/amistad-amor-y-sexo-en-el-vaciado-de-la-escuela-nacional\/#primaryimage\",\"url\":\"https:\/\/letrame.com\/catalogo\/wp-content\/uploads\/2024\/04\/webportada_amistadamor_14mm-compressed-scaled-1.jpg\",\"contentUrl\":\"https:\/\/letrame.com\/catalogo\/wp-content\/uploads\/2024\/04\/webportada_amistadamor_14mm-compressed-scaled-1.jpg\",\"width\":1746,\"height\":2560},{\"@type\":\"BreadcrumbList\",\"@id\":\"https:\/\/letrame.com\/catalogo\/producto\/amistad-amor-y-sexo-en-el-vaciado-de-la-escuela-nacional\/#breadcrumb\",\"itemListElement\":[{\"@type\":\"ListItem\",\"position\":1,\"name\":\"Portada\",\"item\":\"https:\/\/letrame.com\/catalogo\/\"},{\"@type\":\"ListItem\",\"position\":2,\"name\":\"Cat\u00e1logo\",\"item\":\"https:\/\/letrame.com\/catalogo\/\"},{\"@type\":\"ListItem\",\"position\":3,\"name\":\"Amistad, amor y sexo en el vaciado de la escuela nacional\"}]},{\"@type\":\"WebSite\",\"@id\":\"https:\/\/letrame.com\/catalogo\/#website\",\"url\":\"https:\/\/letrame.com\/catalogo\/\",\"name\":\"Catalogo | Letrame Grupo Editorial\",\"description\":\"\",\"publisher\":{\"@id\":\"https:\/\/letrame.com\/catalogo\/#organization\"},\"potentialAction\":[{\"@type\":\"SearchAction\",\"target\":{\"@type\":\"EntryPoint\",\"urlTemplate\":\"https:\/\/letrame.com\/catalogo\/?s={search_term_string}\"},\"query-input\":{\"@type\":\"PropertyValueSpecification\",\"valueRequired\":true,\"valueName\":\"search_term_string\"}}],\"inLanguage\":\"es\"},{\"@type\":\"Organization\",\"@id\":\"https:\/\/letrame.com\/catalogo\/#organization\",\"name\":\"Catalogo | Letrame Grupo Editorial\",\"url\":\"https:\/\/letrame.com\/catalogo\/\",\"logo\":{\"@type\":\"ImageObject\",\"inLanguage\":\"es\",\"@id\":\"https:\/\/letrame.com\/catalogo\/#\/schema\/logo\/image\/\",\"url\":\"https:\/\/letrame.com\/catalogo\/wp-content\/uploads\/2024\/03\/logo2.webp\",\"contentUrl\":\"https:\/\/letrame.com\/catalogo\/wp-content\/uploads\/2024\/03\/logo2.webp\",\"width\":394,\"height\":128,\"caption\":\"Catalogo | Letrame Grupo Editorial\"},\"image\":{\"@id\":\"https:\/\/letrame.com\/catalogo\/#\/schema\/logo\/image\/\"}}]}<\/script>\n<!-- \/ Yoast SEO plugin. -->","yoast_head_json":{"title":"Amistad, amor y sexo en el vaciado de la escuela nacional - Catalogo | Letrame Grupo Editorial","robots":{"index":"index","follow":"follow","max-snippet":"max-snippet:-1","max-image-preview":"max-image-preview:large","max-video-preview":"max-video-preview:-1"},"canonical":"https:\/\/letrame.com\/catalogo\/producto\/amistad-amor-y-sexo-en-el-vaciado-de-la-escuela-nacional\/","og_locale":"es_ES","og_type":"article","og_title":"Amistad, amor y sexo en el vaciado de la escuela nacional - Catalogo | Letrame Grupo Editorial","og_description":"ISBN: 978-84-1181-013-5 T\u00edtulo: Amistad, amor y sexo en el vaciado de la escuela nacional Fecha: 2023 P\u00e1ginas: 280 SINOPSIS \u00bfQu\u00e9 pasa cuando el sexo es negado y reprimido tanto en casa como en la escuela? \u00bfC\u00f3mo se pod\u00edan apa\u00f1ar estos adolescentes para aprender al tiempo que crec\u00edan sus deseos? Alfredo, profesor t\u00e9cnico retirado, nacido en el pueblo, y al tiempo en el que se desarrollan estos acontecimientos, nos cuenta en este libro una forma de vida que, aunque parezca lejana por los grandes cambios en el entorno rural, es de hace apenas unas d\u00e9cadas. A trav\u00e9s de unos ni\u00f1os y ni\u00f1as que cumpl\u00edan con la escolarizaci\u00f3n obligatoria, nos ir\u00e1 contando el d\u00eda a d\u00eda de estos y de todo su entorno.","og_url":"https:\/\/letrame.com\/catalogo\/producto\/amistad-amor-y-sexo-en-el-vaciado-de-la-escuela-nacional\/","og_site_name":"Catalogo | Letrame Grupo Editorial","article_modified_time":"2024-04-29T13:40:53+00:00","og_image":[{"width":1746,"height":2560,"url":"https:\/\/letrame.com\/catalogo\/wp-content\/uploads\/2024\/04\/webportada_amistadamor_14mm-compressed-scaled-1.jpg","type":"image\/jpeg"}],"twitter_card":"summary_large_image","twitter_misc":{"Tiempo de lectura":"1 minuto"},"schema":{"@context":"https:\/\/schema.org","@graph":[{"@type":"WebPage","@id":"https:\/\/letrame.com\/catalogo\/producto\/amistad-amor-y-sexo-en-el-vaciado-de-la-escuela-nacional\/","url":"https:\/\/letrame.com\/catalogo\/producto\/amistad-amor-y-sexo-en-el-vaciado-de-la-escuela-nacional\/","name":"Amistad, amor y sexo en el vaciado de la escuela nacional - Catalogo | Letrame Grupo Editorial","isPartOf":{"@id":"https:\/\/letrame.com\/catalogo\/#website"},"primaryImageOfPage":{"@id":"https:\/\/letrame.com\/catalogo\/producto\/amistad-amor-y-sexo-en-el-vaciado-de-la-escuela-nacional\/#primaryimage"},"image":{"@id":"https:\/\/letrame.com\/catalogo\/producto\/amistad-amor-y-sexo-en-el-vaciado-de-la-escuela-nacional\/#primaryimage"},"thumbnailUrl":"https:\/\/letrame.com\/catalogo\/wp-content\/uploads\/2024\/04\/webportada_amistadamor_14mm-compressed-scaled-1.jpg","datePublished":"2024-04-29T13:40:52+00:00","dateModified":"2024-04-29T13:40:53+00:00","breadcrumb":{"@id":"https:\/\/letrame.com\/catalogo\/producto\/amistad-amor-y-sexo-en-el-vaciado-de-la-escuela-nacional\/#breadcrumb"},"inLanguage":"es","potentialAction":[{"@type":"ReadAction","target":["https:\/\/letrame.com\/catalogo\/producto\/amistad-amor-y-sexo-en-el-vaciado-de-la-escuela-nacional\/"]}]},{"@type":"ImageObject","inLanguage":"es","@id":"https:\/\/letrame.com\/catalogo\/producto\/amistad-amor-y-sexo-en-el-vaciado-de-la-escuela-nacional\/#primaryimage","url":"https:\/\/letrame.com\/catalogo\/wp-content\/uploads\/2024\/04\/webportada_amistadamor_14mm-compressed-scaled-1.jpg","contentUrl":"https:\/\/letrame.com\/catalogo\/wp-content\/uploads\/2024\/04\/webportada_amistadamor_14mm-compressed-scaled-1.jpg","width":1746,"height":2560},{"@type":"BreadcrumbList","@id":"https:\/\/letrame.com\/catalogo\/producto\/amistad-amor-y-sexo-en-el-vaciado-de-la-escuela-nacional\/#breadcrumb","itemListElement":[{"@type":"ListItem","position":1,"name":"Portada","item":"https:\/\/letrame.com\/catalogo\/"},{"@type":"ListItem","position":2,"name":"Cat\u00e1logo","item":"https:\/\/letrame.com\/catalogo\/"},{"@type":"ListItem","position":3,"name":"Amistad, amor y sexo en el vaciado de la escuela nacional"}]},{"@type":"WebSite","@id":"https:\/\/letrame.com\/catalogo\/#website","url":"https:\/\/letrame.com\/catalogo\/","name":"Catalogo | Letrame Grupo Editorial","description":"","publisher":{"@id":"https:\/\/letrame.com\/catalogo\/#organization"},"potentialAction":[{"@type":"SearchAction","target":{"@type":"EntryPoint","urlTemplate":"https:\/\/letrame.com\/catalogo\/?s={search_term_string}"},"query-input":{"@type":"PropertyValueSpecification","valueRequired":true,"valueName":"search_term_string"}}],"inLanguage":"es"},{"@type":"Organization","@id":"https:\/\/letrame.com\/catalogo\/#organization","name":"Catalogo | Letrame Grupo Editorial","url":"https:\/\/letrame.com\/catalogo\/","logo":{"@type":"ImageObject","inLanguage":"es","@id":"https:\/\/letrame.com\/catalogo\/#\/schema\/logo\/image\/","url":"https:\/\/letrame.com\/catalogo\/wp-content\/uploads\/2024\/03\/logo2.webp","contentUrl":"https:\/\/letrame.com\/catalogo\/wp-content\/uploads\/2024\/03\/logo2.webp","width":394,"height":128,"caption":"Catalogo | Letrame Grupo Editorial"},"image":{"@id":"https:\/\/letrame.com\/catalogo\/#\/schema\/logo\/image\/"}}]}},"_links":{"self":[{"href":"https:\/\/letrame.com\/catalogo\/wp-json\/wp\/v2\/product\/99061","targetHints":{"allow":["GET"]}}],"collection":[{"href":"https:\/\/letrame.com\/catalogo\/wp-json\/wp\/v2\/product"}],"about":[{"href":"https:\/\/letrame.com\/catalogo\/wp-json\/wp\/v2\/types\/product"}],"replies":[{"embeddable":true,"href":"https:\/\/letrame.com\/catalogo\/wp-json\/wp\/v2\/comments?post=99061"}],"acf:post":[{"embeddable":true,"href":"https:\/\/letrame.com\/catalogo\/wp-json\/wp\/v2\/author_book\/77446"}],"wp:featuredmedia":[{"embeddable":true,"href":"https:\/\/letrame.com\/catalogo\/wp-json\/wp\/v2\/media\/99062"}],"wp:attachment":[{"href":"https:\/\/letrame.com\/catalogo\/wp-json\/wp\/v2\/media?parent=99061"}],"wp:term":[{"taxonomy":"libro","embeddable":true,"href":"https:\/\/letrame.com\/catalogo\/wp-json\/wp\/v2\/libro?post=99061"},{"taxonomy":"product_brand","embeddable":true,"href":"https:\/\/letrame.com\/catalogo\/wp-json\/wp\/v2\/product_brand?post=99061"},{"taxonomy":"product_cat","embeddable":true,"href":"https:\/\/letrame.com\/catalogo\/wp-json\/wp\/v2\/product_cat?post=99061"},{"taxonomy":"product_tag","embeddable":true,"href":"https:\/\/letrame.com\/catalogo\/wp-json\/wp\/v2\/product_tag?post=99061"}],"curies":[{"name":"wp","href":"https:\/\/api.w.org\/{rel}","templated":true}]}}