{"id":99055,"date":"2024-04-29T15:40:23","date_gmt":"2024-04-29T13:40:23","guid":{"rendered":"https:\/\/letrame.com\/catalogo\/producto\/toda-el-agua-del-mar\/"},"modified":"2024-04-29T15:40:23","modified_gmt":"2024-04-29T13:40:23","slug":"toda-el-agua-del-mar","status":"publish","type":"product","link":"https:\/\/letrame.com\/catalogo\/producto\/toda-el-agua-del-mar\/","title":{"rendered":"Toda el agua del mar"},"content":{"rendered":"<p><strong>ISBN<\/strong>: 978-84-1181-005-0<\/p>\n<p><strong>T\u00edtulo<\/strong>: <span data-sheets-value=\"{&quot;1&quot;:2,&quot;2&quot;:&quot;Toda el agua del mar&quot;}\" data-sheets-userformat=\"{&quot;2&quot;:515,&quot;3&quot;:{&quot;1&quot;:0},&quot;4&quot;:{&quot;1&quot;:2,&quot;2&quot;:14281427},&quot;12&quot;:0}\">Toda el agua del mar<\/span><br \/>\n<strong>Fecha<\/strong>: 2023<br \/>\n<strong>P\u00e1ginas<\/strong>: 460<\/p>\n<p><strong>SINOPSIS<\/strong><\/p>\n<p>\u00c1ngela y Laura Saval son dos hermanas gemelas con una vida plena y feliz, pero un horrible accidente de tr\u00e1fico acaba con las vidas de \u00c1ngela y Luis, el padre de ellas.<\/p>\n<p>Isabel, su madre, con la que Laura nunca se ha llevado bien, se sume en una profunda depresi\u00f3n y el mundo de Laura, de la noche a la ma\u00f1ana, se rompe en mil pedazos.<\/p>\n<p>Con la ayuda incondicional de Candela y Mat\u00edas, sus abuelos paternos, su \u00edntima amiga Estela y su \u00abtata\u00bb de toda la vida, Gaby, Laura tendr\u00e1 que comenzar a reconstruir su vida, pero se ir\u00e1 dando cuenta de que nada es lo que parece y la pesadilla en la que est\u00e1 sumergida no ha hecho m\u00e1s que comenzar.<\/p>\n<p>Secretos familiares, mentiras, traiciones y enga\u00f1os acabar\u00e1n con la ingenuidad de Laura, llev\u00e1ndola hasta una peligrosa situaci\u00f3n que podr\u00eda costarle la vida o entrar en prisi\u00f3n.<\/p>\n<p>Drama, acci\u00f3n y misterio envuelven esta novela donde la protagonista tendr\u00e1 que reaccionar y luchar\u00a0 para salir del infierno; un infierno que se desarrolla entre Barcelona, Torre del Mar y Sitges.<\/p>\n","protected":false},"excerpt":{"rendered":"<p><strong>ISBN<\/strong>: 978-84-1181-005-0<\/p>\n<p><strong>SINOPSIS<\/strong><\/p>\n<p>\u00c1ngela y Laura Saval son dos hermanas gemelas con una vida plena y feliz, pero un horrible accidente de tr\u00e1fico acaba con las vidas de \u00c1ngela y Luis, el padre de ellas.<\/p>\n<p>Isabel, su madre, con la que Laura nunca se ha llevado bien, se sume en una profunda depresi\u00f3n y el mundo de Laura, de la noche a la ma\u00f1ana, se rompe en mil pedazos.<\/p>\n<p>Con la ayuda incondicional de Candela y Mat\u00edas, sus abuelos paternos, su \u00edntima amiga Estela y su \u00abtata\u00bb de toda la vida, Gaby, Laura tendr\u00e1 que comenzar a reconstruir su vida, pero se ir\u00e1 dando cuenta de que nada es lo que parece y la pesadilla en la que est\u00e1 sumergida no ha hecho m\u00e1s que comenzar.<\/p>\n<p>Secretos familiares, mentiras, traiciones y enga\u00f1os acabar\u00e1n con la ingenuidad de Laura, llev\u00e1ndola hasta una peligrosa situaci\u00f3n que podr\u00eda costarle la vida o entrar en prisi\u00f3n.<\/p>\n<p>Drama, acci\u00f3n y misterio envuelven esta novela donde la protagonista tendr\u00e1 que reaccionar y luchar\u00a0 para salir del infierno; un infierno que se desarrolla entre Barcelona, Torre del Mar y Sitges.<\/p>\n","protected":false},"featured_media":99056,"comment_status":"closed","ping_status":"open","template":"","meta":{"_acf_changed":false},"libro":[],"product_brand":[],"product_cat":[26],"product_tag":[],"class_list":{"0":"post-99055","1":"product","2":"type-product","3":"status-publish","4":"has-post-thumbnail","6":"product_cat-sin-categoria","8":"first","9":"instock","10":"product-type-simple"},"acf":{"autor":[77441],"enlace_de_compra":"https:\/\/www.amazon.es\/Toda-el-agua-del-mar\/dp\/8411810054\/"},"yoast_head":"<!-- This site is optimized with the Yoast SEO plugin v26.6 - https:\/\/yoast.com\/wordpress\/plugins\/seo\/ -->\n<title>Toda el agua del mar - Catalogo | Letrame Grupo Editorial<\/title>\n<meta name=\"robots\" content=\"index, follow, max-snippet:-1, max-image-preview:large, max-video-preview:-1\" \/>\n<link rel=\"canonical\" href=\"https:\/\/letrame.com\/catalogo\/producto\/toda-el-agua-del-mar\/\" \/>\n<meta property=\"og:locale\" content=\"es_ES\" \/>\n<meta property=\"og:type\" content=\"article\" \/>\n<meta property=\"og:title\" content=\"Toda el agua del mar - Catalogo | Letrame Grupo Editorial\" \/>\n<meta property=\"og:description\" content=\"ISBN: 978-84-1181-005-0 SINOPSIS \u00c1ngela y Laura Saval son dos hermanas gemelas con una vida plena y feliz, pero un horrible accidente de tr\u00e1fico acaba con las vidas de \u00c1ngela y Luis, el padre de ellas. Isabel, su madre, con la que Laura nunca se ha llevado bien, se sume en una profunda depresi\u00f3n y el mundo de Laura, de la noche a la ma\u00f1ana, se rompe en mil pedazos. Con la ayuda incondicional de Candela y Mat\u00edas, sus abuelos paternos, su \u00edntima amiga Estela y su \u00abtata\u00bb de toda la vida, Gaby, Laura tendr\u00e1 que comenzar a reconstruir su vida, pero se ir\u00e1 dando cuenta de que nada es lo que parece y la pesadilla en la que est\u00e1 sumergida no ha hecho m\u00e1s que comenzar. Secretos familiares, mentiras, traiciones y enga\u00f1os acabar\u00e1n con la ingenuidad de Laura, llev\u00e1ndola hasta una peligrosa situaci\u00f3n que podr\u00eda costarle la vida o entrar en prisi\u00f3n. Drama, acci\u00f3n y misterio envuelven esta novela donde la protagonista tendr\u00e1 que reaccionar y luchar\u00a0 para salir del infierno; un infierno que se desarrolla entre Barcelona, Torre del Mar y Sitges.\" \/>\n<meta property=\"og:url\" content=\"https:\/\/letrame.com\/catalogo\/producto\/toda-el-agua-del-mar\/\" \/>\n<meta property=\"og:site_name\" content=\"Catalogo | Letrame Grupo Editorial\" \/>\n<meta property=\"og:image\" content=\"https:\/\/letrame.com\/catalogo\/wp-content\/uploads\/2024\/04\/webportada_todaelaguadelmar_2228mm-compressed-scaled-1.jpg\" \/>\n\t<meta property=\"og:image:width\" content=\"1746\" \/>\n\t<meta property=\"og:image:height\" content=\"2560\" \/>\n\t<meta property=\"og:image:type\" content=\"image\/jpeg\" \/>\n<meta name=\"twitter:card\" content=\"summary_large_image\" \/>\n<meta name=\"twitter:label1\" content=\"Tiempo de lectura\" \/>\n\t<meta name=\"twitter:data1\" content=\"1 minuto\" \/>\n<script type=\"application\/ld+json\" class=\"yoast-schema-graph\">{\"@context\":\"https:\/\/schema.org\",\"@graph\":[{\"@type\":\"WebPage\",\"@id\":\"https:\/\/letrame.com\/catalogo\/producto\/toda-el-agua-del-mar\/\",\"url\":\"https:\/\/letrame.com\/catalogo\/producto\/toda-el-agua-del-mar\/\",\"name\":\"Toda el agua del mar - Catalogo | Letrame Grupo Editorial\",\"isPartOf\":{\"@id\":\"https:\/\/letrame.com\/catalogo\/#website\"},\"primaryImageOfPage\":{\"@id\":\"https:\/\/letrame.com\/catalogo\/producto\/toda-el-agua-del-mar\/#primaryimage\"},\"image\":{\"@id\":\"https:\/\/letrame.com\/catalogo\/producto\/toda-el-agua-del-mar\/#primaryimage\"},\"thumbnailUrl\":\"https:\/\/letrame.com\/catalogo\/wp-content\/uploads\/2024\/04\/webportada_todaelaguadelmar_2228mm-compressed-scaled-1.jpg\",\"datePublished\":\"2024-04-29T13:40:23+00:00\",\"breadcrumb\":{\"@id\":\"https:\/\/letrame.com\/catalogo\/producto\/toda-el-agua-del-mar\/#breadcrumb\"},\"inLanguage\":\"es\",\"potentialAction\":[{\"@type\":\"ReadAction\",\"target\":[\"https:\/\/letrame.com\/catalogo\/producto\/toda-el-agua-del-mar\/\"]}]},{\"@type\":\"ImageObject\",\"inLanguage\":\"es\",\"@id\":\"https:\/\/letrame.com\/catalogo\/producto\/toda-el-agua-del-mar\/#primaryimage\",\"url\":\"https:\/\/letrame.com\/catalogo\/wp-content\/uploads\/2024\/04\/webportada_todaelaguadelmar_2228mm-compressed-scaled-1.jpg\",\"contentUrl\":\"https:\/\/letrame.com\/catalogo\/wp-content\/uploads\/2024\/04\/webportada_todaelaguadelmar_2228mm-compressed-scaled-1.jpg\",\"width\":1746,\"height\":2560},{\"@type\":\"BreadcrumbList\",\"@id\":\"https:\/\/letrame.com\/catalogo\/producto\/toda-el-agua-del-mar\/#breadcrumb\",\"itemListElement\":[{\"@type\":\"ListItem\",\"position\":1,\"name\":\"Portada\",\"item\":\"https:\/\/letrame.com\/catalogo\/\"},{\"@type\":\"ListItem\",\"position\":2,\"name\":\"Cat\u00e1logo\",\"item\":\"https:\/\/letrame.com\/catalogo\/\"},{\"@type\":\"ListItem\",\"position\":3,\"name\":\"Toda el agua del mar\"}]},{\"@type\":\"WebSite\",\"@id\":\"https:\/\/letrame.com\/catalogo\/#website\",\"url\":\"https:\/\/letrame.com\/catalogo\/\",\"name\":\"Catalogo | Letrame Grupo Editorial\",\"description\":\"\",\"publisher\":{\"@id\":\"https:\/\/letrame.com\/catalogo\/#organization\"},\"potentialAction\":[{\"@type\":\"SearchAction\",\"target\":{\"@type\":\"EntryPoint\",\"urlTemplate\":\"https:\/\/letrame.com\/catalogo\/?s={search_term_string}\"},\"query-input\":{\"@type\":\"PropertyValueSpecification\",\"valueRequired\":true,\"valueName\":\"search_term_string\"}}],\"inLanguage\":\"es\"},{\"@type\":\"Organization\",\"@id\":\"https:\/\/letrame.com\/catalogo\/#organization\",\"name\":\"Catalogo | Letrame Grupo Editorial\",\"url\":\"https:\/\/letrame.com\/catalogo\/\",\"logo\":{\"@type\":\"ImageObject\",\"inLanguage\":\"es\",\"@id\":\"https:\/\/letrame.com\/catalogo\/#\/schema\/logo\/image\/\",\"url\":\"https:\/\/letrame.com\/catalogo\/wp-content\/uploads\/2024\/03\/logo2.webp\",\"contentUrl\":\"https:\/\/letrame.com\/catalogo\/wp-content\/uploads\/2024\/03\/logo2.webp\",\"width\":394,\"height\":128,\"caption\":\"Catalogo | Letrame Grupo Editorial\"},\"image\":{\"@id\":\"https:\/\/letrame.com\/catalogo\/#\/schema\/logo\/image\/\"}}]}<\/script>\n<!-- \/ Yoast SEO plugin. -->","yoast_head_json":{"title":"Toda el agua del mar - Catalogo | Letrame Grupo Editorial","robots":{"index":"index","follow":"follow","max-snippet":"max-snippet:-1","max-image-preview":"max-image-preview:large","max-video-preview":"max-video-preview:-1"},"canonical":"https:\/\/letrame.com\/catalogo\/producto\/toda-el-agua-del-mar\/","og_locale":"es_ES","og_type":"article","og_title":"Toda el agua del mar - Catalogo | Letrame Grupo Editorial","og_description":"ISBN: 978-84-1181-005-0 SINOPSIS \u00c1ngela y Laura Saval son dos hermanas gemelas con una vida plena y feliz, pero un horrible accidente de tr\u00e1fico acaba con las vidas de \u00c1ngela y Luis, el padre de ellas. Isabel, su madre, con la que Laura nunca se ha llevado bien, se sume en una profunda depresi\u00f3n y el mundo de Laura, de la noche a la ma\u00f1ana, se rompe en mil pedazos. Con la ayuda incondicional de Candela y Mat\u00edas, sus abuelos paternos, su \u00edntima amiga Estela y su \u00abtata\u00bb de toda la vida, Gaby, Laura tendr\u00e1 que comenzar a reconstruir su vida, pero se ir\u00e1 dando cuenta de que nada es lo que parece y la pesadilla en la que est\u00e1 sumergida no ha hecho m\u00e1s que comenzar. Secretos familiares, mentiras, traiciones y enga\u00f1os acabar\u00e1n con la ingenuidad de Laura, llev\u00e1ndola hasta una peligrosa situaci\u00f3n que podr\u00eda costarle la vida o entrar en prisi\u00f3n. Drama, acci\u00f3n y misterio envuelven esta novela donde la protagonista tendr\u00e1 que reaccionar y luchar\u00a0 para salir del infierno; un infierno que se desarrolla entre Barcelona, Torre del Mar y Sitges.","og_url":"https:\/\/letrame.com\/catalogo\/producto\/toda-el-agua-del-mar\/","og_site_name":"Catalogo | Letrame Grupo Editorial","og_image":[{"width":1746,"height":2560,"url":"https:\/\/letrame.com\/catalogo\/wp-content\/uploads\/2024\/04\/webportada_todaelaguadelmar_2228mm-compressed-scaled-1.jpg","type":"image\/jpeg"}],"twitter_card":"summary_large_image","twitter_misc":{"Tiempo de lectura":"1 minuto"},"schema":{"@context":"https:\/\/schema.org","@graph":[{"@type":"WebPage","@id":"https:\/\/letrame.com\/catalogo\/producto\/toda-el-agua-del-mar\/","url":"https:\/\/letrame.com\/catalogo\/producto\/toda-el-agua-del-mar\/","name":"Toda el agua del mar - Catalogo | Letrame Grupo Editorial","isPartOf":{"@id":"https:\/\/letrame.com\/catalogo\/#website"},"primaryImageOfPage":{"@id":"https:\/\/letrame.com\/catalogo\/producto\/toda-el-agua-del-mar\/#primaryimage"},"image":{"@id":"https:\/\/letrame.com\/catalogo\/producto\/toda-el-agua-del-mar\/#primaryimage"},"thumbnailUrl":"https:\/\/letrame.com\/catalogo\/wp-content\/uploads\/2024\/04\/webportada_todaelaguadelmar_2228mm-compressed-scaled-1.jpg","datePublished":"2024-04-29T13:40:23+00:00","breadcrumb":{"@id":"https:\/\/letrame.com\/catalogo\/producto\/toda-el-agua-del-mar\/#breadcrumb"},"inLanguage":"es","potentialAction":[{"@type":"ReadAction","target":["https:\/\/letrame.com\/catalogo\/producto\/toda-el-agua-del-mar\/"]}]},{"@type":"ImageObject","inLanguage":"es","@id":"https:\/\/letrame.com\/catalogo\/producto\/toda-el-agua-del-mar\/#primaryimage","url":"https:\/\/letrame.com\/catalogo\/wp-content\/uploads\/2024\/04\/webportada_todaelaguadelmar_2228mm-compressed-scaled-1.jpg","contentUrl":"https:\/\/letrame.com\/catalogo\/wp-content\/uploads\/2024\/04\/webportada_todaelaguadelmar_2228mm-compressed-scaled-1.jpg","width":1746,"height":2560},{"@type":"BreadcrumbList","@id":"https:\/\/letrame.com\/catalogo\/producto\/toda-el-agua-del-mar\/#breadcrumb","itemListElement":[{"@type":"ListItem","position":1,"name":"Portada","item":"https:\/\/letrame.com\/catalogo\/"},{"@type":"ListItem","position":2,"name":"Cat\u00e1logo","item":"https:\/\/letrame.com\/catalogo\/"},{"@type":"ListItem","position":3,"name":"Toda el agua del mar"}]},{"@type":"WebSite","@id":"https:\/\/letrame.com\/catalogo\/#website","url":"https:\/\/letrame.com\/catalogo\/","name":"Catalogo | Letrame Grupo Editorial","description":"","publisher":{"@id":"https:\/\/letrame.com\/catalogo\/#organization"},"potentialAction":[{"@type":"SearchAction","target":{"@type":"EntryPoint","urlTemplate":"https:\/\/letrame.com\/catalogo\/?s={search_term_string}"},"query-input":{"@type":"PropertyValueSpecification","valueRequired":true,"valueName":"search_term_string"}}],"inLanguage":"es"},{"@type":"Organization","@id":"https:\/\/letrame.com\/catalogo\/#organization","name":"Catalogo | Letrame Grupo Editorial","url":"https:\/\/letrame.com\/catalogo\/","logo":{"@type":"ImageObject","inLanguage":"es","@id":"https:\/\/letrame.com\/catalogo\/#\/schema\/logo\/image\/","url":"https:\/\/letrame.com\/catalogo\/wp-content\/uploads\/2024\/03\/logo2.webp","contentUrl":"https:\/\/letrame.com\/catalogo\/wp-content\/uploads\/2024\/03\/logo2.webp","width":394,"height":128,"caption":"Catalogo | Letrame Grupo Editorial"},"image":{"@id":"https:\/\/letrame.com\/catalogo\/#\/schema\/logo\/image\/"}}]}},"_links":{"self":[{"href":"https:\/\/letrame.com\/catalogo\/wp-json\/wp\/v2\/product\/99055","targetHints":{"allow":["GET"]}}],"collection":[{"href":"https:\/\/letrame.com\/catalogo\/wp-json\/wp\/v2\/product"}],"about":[{"href":"https:\/\/letrame.com\/catalogo\/wp-json\/wp\/v2\/types\/product"}],"replies":[{"embeddable":true,"href":"https:\/\/letrame.com\/catalogo\/wp-json\/wp\/v2\/comments?post=99055"}],"acf:post":[{"embeddable":true,"href":"https:\/\/letrame.com\/catalogo\/wp-json\/wp\/v2\/author_book\/77441"}],"wp:featuredmedia":[{"embeddable":true,"href":"https:\/\/letrame.com\/catalogo\/wp-json\/wp\/v2\/media\/99056"}],"wp:attachment":[{"href":"https:\/\/letrame.com\/catalogo\/wp-json\/wp\/v2\/media?parent=99055"}],"wp:term":[{"taxonomy":"libro","embeddable":true,"href":"https:\/\/letrame.com\/catalogo\/wp-json\/wp\/v2\/libro?post=99055"},{"taxonomy":"product_brand","embeddable":true,"href":"https:\/\/letrame.com\/catalogo\/wp-json\/wp\/v2\/product_brand?post=99055"},{"taxonomy":"product_cat","embeddable":true,"href":"https:\/\/letrame.com\/catalogo\/wp-json\/wp\/v2\/product_cat?post=99055"},{"taxonomy":"product_tag","embeddable":true,"href":"https:\/\/letrame.com\/catalogo\/wp-json\/wp\/v2\/product_tag?post=99055"}],"curies":[{"name":"wp","href":"https:\/\/api.w.org\/{rel}","templated":true}]}}