{"id":99052,"date":"2024-04-29T15:39:50","date_gmt":"2024-04-29T13:39:50","guid":{"rendered":"https:\/\/letrame.com\/catalogo\/producto\/aventuras-de-un-nino-indigo\/"},"modified":"2024-05-16T16:49:19","modified_gmt":"2024-05-16T14:49:19","slug":"aventuras-de-un-nino-indigo","status":"publish","type":"product","link":"https:\/\/letrame.com\/catalogo\/producto\/aventuras-de-un-nino-indigo\/","title":{"rendered":"Aventuras de un ni\u00f1o \u00edndigo"},"content":{"rendered":"<p><strong>ISBN<\/strong>: 978-84-1144-976-2<\/p>\n<p><strong>T\u00edtulo<\/strong>: <span data-sheets-value=\"{&quot;1&quot;:2,&quot;2&quot;:&quot;Aventuras de un ni\u00f1o \u00edndigo&quot;}\" data-sheets-userformat=\"{&quot;2&quot;:12803,&quot;3&quot;:{&quot;1&quot;:0},&quot;4&quot;:{&quot;1&quot;:2,&quot;2&quot;:14281427},&quot;12&quot;:0,&quot;15&quot;:&quot;Arial&quot;,&quot;16&quot;:10}\">Aventuras de un ni\u00f1o \u00edndigo<\/span><br \/>\n<strong>Fecha<\/strong>: 2023<br \/>\n<strong>P\u00e1ginas<\/strong>: 154<\/p>\n<p><strong>SINOPSIS<\/strong><\/p>\n<p>\u00abLa primera cerveza, hablar con alguien fuera del mundo carcelario o comer algo que no fuese el rancho de la prisi\u00f3n. Todo era como algo nuevo y extra\u00f1o\u00bb.<\/p>\n<p>La bendici\u00f3n o maldici\u00f3n de ver todo por primera vez, incluso despu\u00e9s de haber vivido parte de la vida. Este es un fragmento de la apasionante historia de Miguel \u00c1ngel Santos Mart\u00edn, un ni\u00f1o \u00edndigo que sabe que debe cumplir con su misi\u00f3n aqu\u00ed, entre nosotros, que no es otra que la de hacernos ver m\u00e1s all\u00e1 del horizonte impuesto.<\/p>\n<p>En este libro se describe la vida en una prisi\u00f3n del siglo XXI en Espa\u00f1a. Algo \u00fanico y novedoso en la literatura actual del pa\u00eds.<\/p>\n","protected":false},"excerpt":{"rendered":"<p><strong>ISBN<\/strong>: 978-84-1144-976-2<\/p>\n<p><strong>SINOPSIS<\/strong><\/p>\n<p>\u00abLa primera cerveza, hablar con alguien fuera del mundo carcelario o comer algo que no fuese el rancho de la prisi\u00f3n. Todo era como algo nuevo y extra\u00f1o\u00bb.<\/p>\n<p>La bendici\u00f3n o maldici\u00f3n de ver todo por primera vez, incluso despu\u00e9s de haber vivido parte de la vida. Este es un fragmento de la apasionante historia de Miguel \u00c1ngel Santos Mart\u00edn, un ni\u00f1o \u00edndigo que sabe que debe cumplir con su misi\u00f3n aqu\u00ed, entre nosotros, que no es otra que la de hacernos ver m\u00e1s all\u00e1 del horizonte impuesto.<\/p>\n<p>En este libro se describe la vida en una prisi\u00f3n del siglo XXI en Espa\u00f1a. Algo \u00fanico y novedoso en la literatura actual del pa\u00eds.<\/p>\n","protected":false},"featured_media":100438,"comment_status":"closed","ping_status":"closed","template":"","meta":{"_acf_changed":false},"libro":[],"product_brand":[],"product_cat":[26],"product_tag":[],"class_list":{"0":"post-99052","1":"product","2":"type-product","3":"status-publish","4":"has-post-thumbnail","6":"product_cat-sin-categoria","8":"first","9":"instock","10":"product-type-simple"},"acf":{"autor":[77438],"enlace_de_compra":"https:\/\/www.amazon.es\/Aventuras-%C3%ADndigo-Miguel-Santos-Mart%C3%ADn\/dp\/8411449769\/"},"yoast_head":"<!-- This site is optimized with the Yoast SEO plugin v26.6 - https:\/\/yoast.com\/wordpress\/plugins\/seo\/ -->\n<title>Aventuras de un ni\u00f1o \u00edndigo - Catalogo | Letrame Grupo Editorial<\/title>\n<meta name=\"robots\" content=\"index, follow, max-snippet:-1, max-image-preview:large, max-video-preview:-1\" \/>\n<link rel=\"canonical\" href=\"https:\/\/letrame.com\/catalogo\/producto\/aventuras-de-un-nino-indigo\/\" \/>\n<meta property=\"og:locale\" content=\"es_ES\" \/>\n<meta property=\"og:type\" content=\"article\" \/>\n<meta property=\"og:title\" content=\"Aventuras de un ni\u00f1o \u00edndigo - Catalogo | Letrame Grupo Editorial\" \/>\n<meta property=\"og:description\" content=\"ISBN: 978-84-1144-976-2  SINOPSIS  \u00abLa primera cerveza, hablar con alguien fuera del mundo carcelario o comer algo que no fuese el rancho de la prisi\u00f3n. Todo era como algo nuevo y extra\u00f1o\u00bb.  La bendici\u00f3n o maldici\u00f3n de ver todo por primera vez, incluso despu\u00e9s de haber vivido parte de la vida. Este es un fragmento de la apasionante historia de Miguel \u00c1ngel Santos Mart\u00edn, un ni\u00f1o \u00edndigo que sabe que debe cumplir con su misi\u00f3n aqu\u00ed, entre nosotros, que no es otra que la de hacernos ver m\u00e1s all\u00e1 del horizonte impuesto.  En este libro se describe la vida en una prisi\u00f3n del siglo XXI en Espa\u00f1a. Algo \u00fanico y novedoso en la literatura actual del pa\u00eds.\" \/>\n<meta property=\"og:url\" content=\"https:\/\/letrame.com\/catalogo\/producto\/aventuras-de-un-nino-indigo\/\" \/>\n<meta property=\"og:site_name\" content=\"Catalogo | Letrame Grupo Editorial\" \/>\n<meta property=\"article:modified_time\" content=\"2024-05-16T14:49:19+00:00\" \/>\n<meta property=\"og:image\" content=\"https:\/\/letrame.com\/catalogo\/wp-content\/uploads\/2024\/04\/web_portada_aventurasdeunninoindigo_817mm-1-compressed.webp\" \/>\n\t<meta property=\"og:image:width\" content=\"601\" \/>\n\t<meta property=\"og:image:height\" content=\"841\" \/>\n\t<meta property=\"og:image:type\" content=\"image\/webp\" \/>\n<meta name=\"twitter:card\" content=\"summary_large_image\" \/>\n<meta name=\"twitter:label1\" content=\"Tiempo de lectura\" \/>\n\t<meta name=\"twitter:data1\" content=\"1 minuto\" \/>\n<script type=\"application\/ld+json\" class=\"yoast-schema-graph\">{\"@context\":\"https:\/\/schema.org\",\"@graph\":[{\"@type\":\"WebPage\",\"@id\":\"https:\/\/letrame.com\/catalogo\/producto\/aventuras-de-un-nino-indigo\/\",\"url\":\"https:\/\/letrame.com\/catalogo\/producto\/aventuras-de-un-nino-indigo\/\",\"name\":\"Aventuras de un ni\u00f1o \u00edndigo - Catalogo | Letrame Grupo Editorial\",\"isPartOf\":{\"@id\":\"https:\/\/letrame.com\/catalogo\/#website\"},\"primaryImageOfPage\":{\"@id\":\"https:\/\/letrame.com\/catalogo\/producto\/aventuras-de-un-nino-indigo\/#primaryimage\"},\"image\":{\"@id\":\"https:\/\/letrame.com\/catalogo\/producto\/aventuras-de-un-nino-indigo\/#primaryimage\"},\"thumbnailUrl\":\"https:\/\/letrame.com\/catalogo\/wp-content\/uploads\/2024\/04\/web_portada_aventurasdeunninoindigo_817mm-1-compressed.webp\",\"datePublished\":\"2024-04-29T13:39:50+00:00\",\"dateModified\":\"2024-05-16T14:49:19+00:00\",\"breadcrumb\":{\"@id\":\"https:\/\/letrame.com\/catalogo\/producto\/aventuras-de-un-nino-indigo\/#breadcrumb\"},\"inLanguage\":\"es\",\"potentialAction\":[{\"@type\":\"ReadAction\",\"target\":[\"https:\/\/letrame.com\/catalogo\/producto\/aventuras-de-un-nino-indigo\/\"]}]},{\"@type\":\"ImageObject\",\"inLanguage\":\"es\",\"@id\":\"https:\/\/letrame.com\/catalogo\/producto\/aventuras-de-un-nino-indigo\/#primaryimage\",\"url\":\"https:\/\/letrame.com\/catalogo\/wp-content\/uploads\/2024\/04\/web_portada_aventurasdeunninoindigo_817mm-1-compressed.webp\",\"contentUrl\":\"https:\/\/letrame.com\/catalogo\/wp-content\/uploads\/2024\/04\/web_portada_aventurasdeunninoindigo_817mm-1-compressed.webp\",\"width\":601,\"height\":841},{\"@type\":\"BreadcrumbList\",\"@id\":\"https:\/\/letrame.com\/catalogo\/producto\/aventuras-de-un-nino-indigo\/#breadcrumb\",\"itemListElement\":[{\"@type\":\"ListItem\",\"position\":1,\"name\":\"Portada\",\"item\":\"https:\/\/letrame.com\/catalogo\/\"},{\"@type\":\"ListItem\",\"position\":2,\"name\":\"Cat\u00e1logo\",\"item\":\"https:\/\/letrame.com\/catalogo\/\"},{\"@type\":\"ListItem\",\"position\":3,\"name\":\"Aventuras de un ni\u00f1o \u00edndigo\"}]},{\"@type\":\"WebSite\",\"@id\":\"https:\/\/letrame.com\/catalogo\/#website\",\"url\":\"https:\/\/letrame.com\/catalogo\/\",\"name\":\"Catalogo | Letrame Grupo Editorial\",\"description\":\"\",\"publisher\":{\"@id\":\"https:\/\/letrame.com\/catalogo\/#organization\"},\"potentialAction\":[{\"@type\":\"SearchAction\",\"target\":{\"@type\":\"EntryPoint\",\"urlTemplate\":\"https:\/\/letrame.com\/catalogo\/?s={search_term_string}\"},\"query-input\":{\"@type\":\"PropertyValueSpecification\",\"valueRequired\":true,\"valueName\":\"search_term_string\"}}],\"inLanguage\":\"es\"},{\"@type\":\"Organization\",\"@id\":\"https:\/\/letrame.com\/catalogo\/#organization\",\"name\":\"Catalogo | Letrame Grupo Editorial\",\"url\":\"https:\/\/letrame.com\/catalogo\/\",\"logo\":{\"@type\":\"ImageObject\",\"inLanguage\":\"es\",\"@id\":\"https:\/\/letrame.com\/catalogo\/#\/schema\/logo\/image\/\",\"url\":\"https:\/\/letrame.com\/catalogo\/wp-content\/uploads\/2024\/03\/logo2.webp\",\"contentUrl\":\"https:\/\/letrame.com\/catalogo\/wp-content\/uploads\/2024\/03\/logo2.webp\",\"width\":394,\"height\":128,\"caption\":\"Catalogo | Letrame Grupo Editorial\"},\"image\":{\"@id\":\"https:\/\/letrame.com\/catalogo\/#\/schema\/logo\/image\/\"}}]}<\/script>\n<!-- \/ Yoast SEO plugin. -->","yoast_head_json":{"title":"Aventuras de un ni\u00f1o \u00edndigo - Catalogo | Letrame Grupo Editorial","robots":{"index":"index","follow":"follow","max-snippet":"max-snippet:-1","max-image-preview":"max-image-preview:large","max-video-preview":"max-video-preview:-1"},"canonical":"https:\/\/letrame.com\/catalogo\/producto\/aventuras-de-un-nino-indigo\/","og_locale":"es_ES","og_type":"article","og_title":"Aventuras de un ni\u00f1o \u00edndigo - Catalogo | Letrame Grupo Editorial","og_description":"ISBN: 978-84-1144-976-2  SINOPSIS  \u00abLa primera cerveza, hablar con alguien fuera del mundo carcelario o comer algo que no fuese el rancho de la prisi\u00f3n. Todo era como algo nuevo y extra\u00f1o\u00bb.  La bendici\u00f3n o maldici\u00f3n de ver todo por primera vez, incluso despu\u00e9s de haber vivido parte de la vida. Este es un fragmento de la apasionante historia de Miguel \u00c1ngel Santos Mart\u00edn, un ni\u00f1o \u00edndigo que sabe que debe cumplir con su misi\u00f3n aqu\u00ed, entre nosotros, que no es otra que la de hacernos ver m\u00e1s all\u00e1 del horizonte impuesto.  En este libro se describe la vida en una prisi\u00f3n del siglo XXI en Espa\u00f1a. Algo \u00fanico y novedoso en la literatura actual del pa\u00eds.","og_url":"https:\/\/letrame.com\/catalogo\/producto\/aventuras-de-un-nino-indigo\/","og_site_name":"Catalogo | Letrame Grupo Editorial","article_modified_time":"2024-05-16T14:49:19+00:00","og_image":[{"width":601,"height":841,"url":"https:\/\/letrame.com\/catalogo\/wp-content\/uploads\/2024\/04\/web_portada_aventurasdeunninoindigo_817mm-1-compressed.webp","type":"image\/webp"}],"twitter_card":"summary_large_image","twitter_misc":{"Tiempo de lectura":"1 minuto"},"schema":{"@context":"https:\/\/schema.org","@graph":[{"@type":"WebPage","@id":"https:\/\/letrame.com\/catalogo\/producto\/aventuras-de-un-nino-indigo\/","url":"https:\/\/letrame.com\/catalogo\/producto\/aventuras-de-un-nino-indigo\/","name":"Aventuras de un ni\u00f1o \u00edndigo - Catalogo | Letrame Grupo Editorial","isPartOf":{"@id":"https:\/\/letrame.com\/catalogo\/#website"},"primaryImageOfPage":{"@id":"https:\/\/letrame.com\/catalogo\/producto\/aventuras-de-un-nino-indigo\/#primaryimage"},"image":{"@id":"https:\/\/letrame.com\/catalogo\/producto\/aventuras-de-un-nino-indigo\/#primaryimage"},"thumbnailUrl":"https:\/\/letrame.com\/catalogo\/wp-content\/uploads\/2024\/04\/web_portada_aventurasdeunninoindigo_817mm-1-compressed.webp","datePublished":"2024-04-29T13:39:50+00:00","dateModified":"2024-05-16T14:49:19+00:00","breadcrumb":{"@id":"https:\/\/letrame.com\/catalogo\/producto\/aventuras-de-un-nino-indigo\/#breadcrumb"},"inLanguage":"es","potentialAction":[{"@type":"ReadAction","target":["https:\/\/letrame.com\/catalogo\/producto\/aventuras-de-un-nino-indigo\/"]}]},{"@type":"ImageObject","inLanguage":"es","@id":"https:\/\/letrame.com\/catalogo\/producto\/aventuras-de-un-nino-indigo\/#primaryimage","url":"https:\/\/letrame.com\/catalogo\/wp-content\/uploads\/2024\/04\/web_portada_aventurasdeunninoindigo_817mm-1-compressed.webp","contentUrl":"https:\/\/letrame.com\/catalogo\/wp-content\/uploads\/2024\/04\/web_portada_aventurasdeunninoindigo_817mm-1-compressed.webp","width":601,"height":841},{"@type":"BreadcrumbList","@id":"https:\/\/letrame.com\/catalogo\/producto\/aventuras-de-un-nino-indigo\/#breadcrumb","itemListElement":[{"@type":"ListItem","position":1,"name":"Portada","item":"https:\/\/letrame.com\/catalogo\/"},{"@type":"ListItem","position":2,"name":"Cat\u00e1logo","item":"https:\/\/letrame.com\/catalogo\/"},{"@type":"ListItem","position":3,"name":"Aventuras de un ni\u00f1o \u00edndigo"}]},{"@type":"WebSite","@id":"https:\/\/letrame.com\/catalogo\/#website","url":"https:\/\/letrame.com\/catalogo\/","name":"Catalogo | Letrame Grupo Editorial","description":"","publisher":{"@id":"https:\/\/letrame.com\/catalogo\/#organization"},"potentialAction":[{"@type":"SearchAction","target":{"@type":"EntryPoint","urlTemplate":"https:\/\/letrame.com\/catalogo\/?s={search_term_string}"},"query-input":{"@type":"PropertyValueSpecification","valueRequired":true,"valueName":"search_term_string"}}],"inLanguage":"es"},{"@type":"Organization","@id":"https:\/\/letrame.com\/catalogo\/#organization","name":"Catalogo | Letrame Grupo Editorial","url":"https:\/\/letrame.com\/catalogo\/","logo":{"@type":"ImageObject","inLanguage":"es","@id":"https:\/\/letrame.com\/catalogo\/#\/schema\/logo\/image\/","url":"https:\/\/letrame.com\/catalogo\/wp-content\/uploads\/2024\/03\/logo2.webp","contentUrl":"https:\/\/letrame.com\/catalogo\/wp-content\/uploads\/2024\/03\/logo2.webp","width":394,"height":128,"caption":"Catalogo | Letrame Grupo Editorial"},"image":{"@id":"https:\/\/letrame.com\/catalogo\/#\/schema\/logo\/image\/"}}]}},"_links":{"self":[{"href":"https:\/\/letrame.com\/catalogo\/wp-json\/wp\/v2\/product\/99052","targetHints":{"allow":["GET"]}}],"collection":[{"href":"https:\/\/letrame.com\/catalogo\/wp-json\/wp\/v2\/product"}],"about":[{"href":"https:\/\/letrame.com\/catalogo\/wp-json\/wp\/v2\/types\/product"}],"replies":[{"embeddable":true,"href":"https:\/\/letrame.com\/catalogo\/wp-json\/wp\/v2\/comments?post=99052"}],"acf:post":[{"embeddable":true,"href":"https:\/\/letrame.com\/catalogo\/wp-json\/wp\/v2\/author_book\/77438"}],"wp:featuredmedia":[{"embeddable":true,"href":"https:\/\/letrame.com\/catalogo\/wp-json\/wp\/v2\/media\/100438"}],"wp:attachment":[{"href":"https:\/\/letrame.com\/catalogo\/wp-json\/wp\/v2\/media?parent=99052"}],"wp:term":[{"taxonomy":"libro","embeddable":true,"href":"https:\/\/letrame.com\/catalogo\/wp-json\/wp\/v2\/libro?post=99052"},{"taxonomy":"product_brand","embeddable":true,"href":"https:\/\/letrame.com\/catalogo\/wp-json\/wp\/v2\/product_brand?post=99052"},{"taxonomy":"product_cat","embeddable":true,"href":"https:\/\/letrame.com\/catalogo\/wp-json\/wp\/v2\/product_cat?post=99052"},{"taxonomy":"product_tag","embeddable":true,"href":"https:\/\/letrame.com\/catalogo\/wp-json\/wp\/v2\/product_tag?post=99052"}],"curies":[{"name":"wp","href":"https:\/\/api.w.org\/{rel}","templated":true}]}}