{"id":99048,"date":"2024-04-29T15:39:15","date_gmt":"2024-04-29T13:39:15","guid":{"rendered":"https:\/\/letrame.com\/catalogo\/producto\/tomates-pan-y-chocolate\/"},"modified":"2024-07-29T09:39:16","modified_gmt":"2024-07-29T07:39:16","slug":"tomates-pan-y-chocolate","status":"publish","type":"product","link":"https:\/\/letrame.com\/catalogo\/producto\/tomates-pan-y-chocolate\/","title":{"rendered":"Tomates, pan y chocolate"},"content":{"rendered":"<p><strong>ISBN<\/strong>: 978-84-1181-037-1<\/p>\n<p><strong>T\u00edtulo<\/strong>: Tomates, pan y chocolate<br \/>\n<strong>Fecha<\/strong>: 2023<br \/>\n<strong>P\u00e1ginas<\/strong>: 62<\/p>\n<p><strong>SINOPSIS<\/strong><\/p>\n<p>Los tres relatos que conforman esta obra tienen como protagonistas a dos ni\u00f1as y a un ni\u00f1o, respectivamente, de diferentes \u00e9pocas y lugares, pero todos unidos en un objetivo com\u00fan: transmitir que en la vida hay miedos, pero tambi\u00e9n ilusiones y esperanzas.<\/p>\n<p>Aproximando las islas Canarias al resto de Espa\u00f1a, surge <em>Tomates, pan y chocolate<\/em> y, aunque concebidas como historias independientes, cada uno de los relatos mantiene un nexo: plantear una situaci\u00f3n que el personaje debe resolver, una situaci\u00f3n que lleva a la toma de decisiones.<\/p>\n<p>De esta manera, \u00abTomates\u00bb transcurre en el a\u00f1o 1942, en una sociedad que acaba de superar un conflicto b\u00e9lico, la guerra civil espa\u00f1ola, y en una isla del oc\u00e9ano Atl\u00e1ntico. La protagonista, Juana, una ni\u00f1a que desarrolla su d\u00eda a d\u00eda en una ciudad ba\u00f1ada por playas de arena dorada, hu\u00e9rfana de padre y muy unida a una madre que debe ir a trabajar todo el d\u00eda, llena la soledad acompa\u00f1\u00e1ndola de fantas\u00eda.<\/p>\n<p>\u00abPan\u00bb nos introduce en un paisaje verde y robusto de una Galicia de los a\u00f1os sesenta, en la que la vida de una ni\u00f1a de aldea discurre anclada a un pasado al que a\u00fan no ha llegado la luz el\u00e9ctrica. Marucha, que vive con su t\u00eda desde que su mam\u00e1 y su pap\u00e1 murieran en un grave accidente de coche, entabla un gran lazo de amistad con un peque\u00f1o cerdito al que ofrece pan como s\u00edmbolo de afecto.<\/p>\n<p>Finalmente, y situado en la actualidad, \u00abChocolate\u00bb nos lleva hasta un ni\u00f1o, Nuhazet, que adopta con responsabilidad un gatito, ofreci\u00e9ndose, el uno al otro, tranquilidad y seguridad. La historia, de esta manera, destaca la empat\u00eda de ver diferentes visiones de una misma situaci\u00f3n: la del gatito y la del ni\u00f1o.<\/p>\n<p>Aunque, en principio, estos relatos parecen orientados a una poblaci\u00f3n joven, por el desarrollo y tem\u00e1tica de los mismos, el razonamiento intimista y existencialista en el planteamiento de los hechos invita a las personas adultas a su lectura, ya que recoge principios para la reflexi\u00f3n.<\/p>\n<p>Por otro lado, la obra se presenta carente de ilustraciones, centr\u00e1ndose \u00fanicamente en la comunicaci\u00f3n del lenguaje escrito como camino para la libre imaginaci\u00f3n y el desarrollo de la creatividad, ofreciendo libertad para que, a trav\u00e9s exclusivamente de la lectura, nos sintamos protagonistas de los acontecimientos que van sucediendo en cada una de las historias, dentro del lugar y el tiempo en el que se desarrollan.<\/p>\n<p>La idea de la autora es prescindir de cualquier inducci\u00f3n externa, tal y como se concibe hoy en d\u00eda el mundo digital, cargado de im\u00e1genes preconcebidas y dadas. Induciendo la inventiva, \u00fanicamente, mediante las palabras.<\/p>\n<p>Otra caracter\u00edstica es el lenguaje empleado. Este fluye de forma natural, sin adaptaciones concretas, tal y como ocurrir\u00eda de forma cotidiana, bajo la premisa de que cualquier t\u00e9rmino o expresi\u00f3n es asimilado y comprendido en su contexto.<\/p>\n<p>&nbsp;<\/p>\n","protected":false},"excerpt":{"rendered":"<p><strong>ISBN<\/strong>: 978-84-1181-037-1<\/p>\n<p><strong>SINOPSIS<\/strong><\/p>\n<p>Los tres relatos que conforman esta obra tienen como protagonistas a dos ni\u00f1as y a un ni\u00f1o, respectivamente, de diferentes \u00e9pocas y lugares, pero todos unidos en un objetivo com\u00fan: transmitir que en la vida hay miedos, pero tambi\u00e9n ilusiones y esperanzas.<\/p>\n<p>Aproximando las islas Canarias al resto de Espa\u00f1a, surge <em>Tomates, pan y chocolate<\/em> y, aunque concebidas como historias independientes, cada uno de los relatos mantiene un nexo: plantear una situaci\u00f3n que el personaje debe resolver, una situaci\u00f3n que lleva a la toma de decisiones.<\/p>\n<p>De esta manera, \u00abTomates\u00bb transcurre en el a\u00f1o 1942, en una sociedad que acaba de superar un conflicto b\u00e9lico, la guerra civil espa\u00f1ola, y en una isla del oc\u00e9ano Atl\u00e1ntico. La protagonista, Juana, una ni\u00f1a que desarrolla su d\u00eda a d\u00eda en una ciudad ba\u00f1ada por playas de arena dorada, hu\u00e9rfana de padre y muy unida a una madre que debe ir a trabajar todo el d\u00eda, llena la soledad acompa\u00f1\u00e1ndola de fantas\u00eda.<\/p>\n<p>\u00abPan\u00bb nos introduce en un paisaje verde y robusto de una Galicia de los a\u00f1os sesenta, en la que la vida de una ni\u00f1a de aldea discurre anclada a un pasado al que a\u00fan no ha llegado la luz el\u00e9ctrica. Marucha, que vive con su t\u00eda desde que su mam\u00e1 y su pap\u00e1 murieran en un grave accidente de coche, entabla un gran lazo de amistad con un peque\u00f1o cerdito al que ofrece pan como s\u00edmbolo de afecto.<\/p>\n<p>Finalmente, y situado en la actualidad, \u00abChocolate\u00bb nos lleva hasta un ni\u00f1o, Nuhazet, que adopta con responsabilidad un gatito, ofreci\u00e9ndose, el uno al otro, tranquilidad y seguridad. La historia, de esta manera, destaca la empat\u00eda de ver diferentes visiones de una misma situaci\u00f3n: la del gatito y la del ni\u00f1o.<\/p>\n<p>Aunque, en principio, estos relatos parecen orientados a una poblaci\u00f3n joven, por el desarrollo y tem\u00e1tica de los mismos, el razonamiento intimista y existencialista en el planteamiento de los hechos invita a las personas adultas a su lectura, ya que recoge principios para la reflexi\u00f3n.<\/p>\n<p>Por otro lado, la obra se presenta carente de ilustraciones, centr\u00e1ndose \u00fanicamente en la comunicaci\u00f3n del lenguaje escrito como camino para la libre imaginaci\u00f3n y el desarrollo de la creatividad, ofreciendo libertad para que, a trav\u00e9s exclusivamente de la lectura, nos sintamos protagonistas de los acontecimientos que van sucediendo en cada una de las historias, dentro del lugar y el tiempo en el que se desarrollan.<\/p>\n<p>La idea de la autora es prescindir de cualquier inducci\u00f3n externa, tal y como se concibe hoy en d\u00eda el mundo digital, cargado de im\u00e1genes preconcebidas y dadas. Induciendo la inventiva, \u00fanicamente, mediante las palabras.<\/p>\n<p>Otra caracter\u00edstica es el lenguaje empleado. Este fluye de forma natural, sin adaptaciones concretas, tal y como ocurrir\u00eda de forma cotidiana, bajo la premisa de que cualquier t\u00e9rmino o expresi\u00f3n es asimilado y comprendido en su contexto.<\/p>\n","protected":false},"featured_media":99049,"comment_status":"closed","ping_status":"closed","template":"","meta":{"_acf_changed":false},"libro":[],"product_brand":[],"product_cat":[21],"product_tag":[],"class_list":{"0":"post-99048","1":"product","2":"type-product","3":"status-publish","4":"has-post-thumbnail","6":"product_cat-relato","8":"first","9":"instock","10":"product-type-simple"},"acf":{"autor":[77434],"enlace_de_compra":"https:\/\/www.amazon.es\/Tomates-pan-chocolate-Mar-Mirabal\/dp\/8411810372\/"},"yoast_head":"<!-- This site is optimized with the Yoast SEO plugin v27.4 - https:\/\/yoast.com\/product\/yoast-seo-wordpress\/ -->\n<title>Tomates, pan y chocolate - Catalogo | Letrame Grupo Editorial<\/title>\n<meta name=\"robots\" content=\"index, follow, max-snippet:-1, max-image-preview:large, max-video-preview:-1\" \/>\n<link rel=\"canonical\" href=\"https:\/\/letrame.com\/catalogo\/producto\/tomates-pan-y-chocolate\/\" \/>\n<meta property=\"og:locale\" content=\"es_ES\" \/>\n<meta property=\"og:type\" content=\"article\" \/>\n<meta property=\"og:title\" content=\"Tomates, pan y chocolate - Catalogo | Letrame Grupo Editorial\" \/>\n<meta property=\"og:description\" content=\"ISBN: 978-84-1181-037-1  SINOPSIS  Los tres relatos que conforman esta obra tienen como protagonistas a dos ni\u00f1as y a un ni\u00f1o, respectivamente, de diferentes \u00e9pocas y lugares, pero todos unidos en un objetivo com\u00fan: transmitir que en la vida hay miedos, pero tambi\u00e9n ilusiones y esperanzas.  Aproximando las islas Canarias al resto de Espa\u00f1a, surge Tomates, pan y chocolate y, aunque concebidas como historias independientes, cada uno de los relatos mantiene un nexo: plantear una situaci\u00f3n que el personaje debe resolver, una situaci\u00f3n que lleva a la toma de decisiones.  De esta manera, \u00abTomates\u00bb transcurre en el a\u00f1o 1942, en una sociedad que acaba de superar un conflicto b\u00e9lico, la guerra civil espa\u00f1ola, y en una isla del oc\u00e9ano Atl\u00e1ntico. La protagonista, Juana, una ni\u00f1a que desarrolla su d\u00eda a d\u00eda en una ciudad ba\u00f1ada por playas de arena dorada, hu\u00e9rfana de padre y muy unida a una madre que debe ir a trabajar todo el d\u00eda, llena la soledad acompa\u00f1\u00e1ndola de fantas\u00eda.  \u00abPan\u00bb nos introduce en un paisaje verde y robusto de una Galicia de los a\u00f1os sesenta, en la que la vida de una ni\u00f1a de aldea discurre anclada a un pasado al que a\u00fan no ha llegado la luz el\u00e9ctrica. Marucha, que vive con su t\u00eda desde que su mam\u00e1 y su pap\u00e1 murieran en un grave accidente de coche, entabla un gran lazo de amistad con un peque\u00f1o cerdito al que ofrece pan como s\u00edmbolo de afecto.  Finalmente, y situado en la actualidad, \u00abChocolate\u00bb nos lleva hasta un ni\u00f1o, Nuhazet, que adopta con responsabilidad un gatito, ofreci\u00e9ndose, el uno al otro, tranquilidad y seguridad. La historia, de esta manera, destaca la empat\u00eda de ver diferentes visiones de una misma situaci\u00f3n: la del gatito y la del ni\u00f1o.  Aunque, en principio, estos relatos parecen orientados a una poblaci\u00f3n joven, por el desarrollo y tem\u00e1tica de los mismos, el razonamiento intimista y existencialista en el planteamiento de los hechos invita a las personas adultas a su lectura, ya que recoge principios para la reflexi\u00f3n.  Por otro lado, la obra se presenta carente de ilustraciones, centr\u00e1ndose \u00fanicamente en la comunicaci\u00f3n del lenguaje escrito como camino para la libre imaginaci\u00f3n y el desarrollo de la creatividad, ofreciendo libertad para que, a trav\u00e9s exclusivamente de la lectura, nos sintamos protagonistas de los acontecimientos que van sucediendo en cada una de las historias, dentro del lugar y el tiempo en el que se desarrollan.  La idea de la autora es prescindir de cualquier inducci\u00f3n externa, tal y como se concibe hoy en d\u00eda el mundo digital, cargado de im\u00e1genes preconcebidas y dadas. Induciendo la inventiva, \u00fanicamente, mediante las palabras.  Otra caracter\u00edstica es el lenguaje empleado. Este fluye de forma natural, sin adaptaciones concretas, tal y como ocurrir\u00eda de forma cotidiana, bajo la premisa de que cualquier t\u00e9rmino o expresi\u00f3n es asimilado y comprendido en su contexto.\" \/>\n<meta property=\"og:url\" content=\"https:\/\/letrame.com\/catalogo\/producto\/tomates-pan-y-chocolate\/\" \/>\n<meta property=\"og:site_name\" content=\"Catalogo | Letrame Grupo Editorial\" \/>\n<meta property=\"article:modified_time\" content=\"2024-07-29T07:39:16+00:00\" \/>\n<meta property=\"og:image\" content=\"https:\/\/letrame.com\/catalogo\/wp-content\/uploads\/2024\/04\/webportada_tomatespan_4mm-compressed-scaled-1.jpg\" \/>\n\t<meta property=\"og:image:width\" content=\"1746\" \/>\n\t<meta property=\"og:image:height\" content=\"2560\" \/>\n\t<meta property=\"og:image:type\" content=\"image\/jpeg\" \/>\n<meta name=\"twitter:card\" content=\"summary_large_image\" \/>\n<meta name=\"twitter:label1\" content=\"Tiempo de lectura\" \/>\n\t<meta name=\"twitter:data1\" content=\"3 minutos\" \/>\n<script type=\"application\/ld+json\" class=\"yoast-schema-graph\">{\"@context\":\"https:\\\/\\\/schema.org\",\"@graph\":[{\"@type\":\"WebPage\",\"@id\":\"https:\\\/\\\/letrame.com\\\/catalogo\\\/producto\\\/tomates-pan-y-chocolate\\\/\",\"url\":\"https:\\\/\\\/letrame.com\\\/catalogo\\\/producto\\\/tomates-pan-y-chocolate\\\/\",\"name\":\"Tomates, pan y chocolate - Catalogo | Letrame Grupo Editorial\",\"isPartOf\":{\"@id\":\"https:\\\/\\\/letrame.com\\\/catalogo\\\/#website\"},\"primaryImageOfPage\":{\"@id\":\"https:\\\/\\\/letrame.com\\\/catalogo\\\/producto\\\/tomates-pan-y-chocolate\\\/#primaryimage\"},\"image\":{\"@id\":\"https:\\\/\\\/letrame.com\\\/catalogo\\\/producto\\\/tomates-pan-y-chocolate\\\/#primaryimage\"},\"thumbnailUrl\":\"https:\\\/\\\/letrame.com\\\/catalogo\\\/wp-content\\\/uploads\\\/2024\\\/04\\\/webportada_tomatespan_4mm-compressed-scaled-1.jpg\",\"datePublished\":\"2024-04-29T13:39:15+00:00\",\"dateModified\":\"2024-07-29T07:39:16+00:00\",\"breadcrumb\":{\"@id\":\"https:\\\/\\\/letrame.com\\\/catalogo\\\/producto\\\/tomates-pan-y-chocolate\\\/#breadcrumb\"},\"inLanguage\":\"es\",\"potentialAction\":[{\"@type\":\"ReadAction\",\"target\":[\"https:\\\/\\\/letrame.com\\\/catalogo\\\/producto\\\/tomates-pan-y-chocolate\\\/\"]}]},{\"@type\":\"ImageObject\",\"inLanguage\":\"es\",\"@id\":\"https:\\\/\\\/letrame.com\\\/catalogo\\\/producto\\\/tomates-pan-y-chocolate\\\/#primaryimage\",\"url\":\"https:\\\/\\\/letrame.com\\\/catalogo\\\/wp-content\\\/uploads\\\/2024\\\/04\\\/webportada_tomatespan_4mm-compressed-scaled-1.jpg\",\"contentUrl\":\"https:\\\/\\\/letrame.com\\\/catalogo\\\/wp-content\\\/uploads\\\/2024\\\/04\\\/webportada_tomatespan_4mm-compressed-scaled-1.jpg\",\"width\":1746,\"height\":2560},{\"@type\":\"BreadcrumbList\",\"@id\":\"https:\\\/\\\/letrame.com\\\/catalogo\\\/producto\\\/tomates-pan-y-chocolate\\\/#breadcrumb\",\"itemListElement\":[{\"@type\":\"ListItem\",\"position\":1,\"name\":\"Portada\",\"item\":\"https:\\\/\\\/letrame.com\\\/catalogo\\\/\"},{\"@type\":\"ListItem\",\"position\":2,\"name\":\"Cat\u00e1logo\",\"item\":\"https:\\\/\\\/letrame.com\\\/catalogo\\\/\"},{\"@type\":\"ListItem\",\"position\":3,\"name\":\"Tomates, pan y chocolate\"}]},{\"@type\":\"WebSite\",\"@id\":\"https:\\\/\\\/letrame.com\\\/catalogo\\\/#website\",\"url\":\"https:\\\/\\\/letrame.com\\\/catalogo\\\/\",\"name\":\"Catalogo | Letrame Grupo Editorial\",\"description\":\"\",\"publisher\":{\"@id\":\"https:\\\/\\\/letrame.com\\\/catalogo\\\/#organization\"},\"potentialAction\":[{\"@type\":\"SearchAction\",\"target\":{\"@type\":\"EntryPoint\",\"urlTemplate\":\"https:\\\/\\\/letrame.com\\\/catalogo\\\/?s={search_term_string}\"},\"query-input\":{\"@type\":\"PropertyValueSpecification\",\"valueRequired\":true,\"valueName\":\"search_term_string\"}}],\"inLanguage\":\"es\"},{\"@type\":\"Organization\",\"@id\":\"https:\\\/\\\/letrame.com\\\/catalogo\\\/#organization\",\"name\":\"Catalogo | Letrame Grupo Editorial\",\"url\":\"https:\\\/\\\/letrame.com\\\/catalogo\\\/\",\"logo\":{\"@type\":\"ImageObject\",\"inLanguage\":\"es\",\"@id\":\"https:\\\/\\\/letrame.com\\\/catalogo\\\/#\\\/schema\\\/logo\\\/image\\\/\",\"url\":\"https:\\\/\\\/letrame.com\\\/catalogo\\\/wp-content\\\/uploads\\\/2024\\\/03\\\/logo2.webp\",\"contentUrl\":\"https:\\\/\\\/letrame.com\\\/catalogo\\\/wp-content\\\/uploads\\\/2024\\\/03\\\/logo2.webp\",\"width\":394,\"height\":128,\"caption\":\"Catalogo | Letrame Grupo Editorial\"},\"image\":{\"@id\":\"https:\\\/\\\/letrame.com\\\/catalogo\\\/#\\\/schema\\\/logo\\\/image\\\/\"}}]}<\/script>\n<!-- \/ Yoast SEO plugin. -->","yoast_head_json":{"title":"Tomates, pan y chocolate - Catalogo | Letrame Grupo Editorial","robots":{"index":"index","follow":"follow","max-snippet":"max-snippet:-1","max-image-preview":"max-image-preview:large","max-video-preview":"max-video-preview:-1"},"canonical":"https:\/\/letrame.com\/catalogo\/producto\/tomates-pan-y-chocolate\/","og_locale":"es_ES","og_type":"article","og_title":"Tomates, pan y chocolate - Catalogo | Letrame Grupo Editorial","og_description":"ISBN: 978-84-1181-037-1  SINOPSIS  Los tres relatos que conforman esta obra tienen como protagonistas a dos ni\u00f1as y a un ni\u00f1o, respectivamente, de diferentes \u00e9pocas y lugares, pero todos unidos en un objetivo com\u00fan: transmitir que en la vida hay miedos, pero tambi\u00e9n ilusiones y esperanzas.  Aproximando las islas Canarias al resto de Espa\u00f1a, surge Tomates, pan y chocolate y, aunque concebidas como historias independientes, cada uno de los relatos mantiene un nexo: plantear una situaci\u00f3n que el personaje debe resolver, una situaci\u00f3n que lleva a la toma de decisiones.  De esta manera, \u00abTomates\u00bb transcurre en el a\u00f1o 1942, en una sociedad que acaba de superar un conflicto b\u00e9lico, la guerra civil espa\u00f1ola, y en una isla del oc\u00e9ano Atl\u00e1ntico. La protagonista, Juana, una ni\u00f1a que desarrolla su d\u00eda a d\u00eda en una ciudad ba\u00f1ada por playas de arena dorada, hu\u00e9rfana de padre y muy unida a una madre que debe ir a trabajar todo el d\u00eda, llena la soledad acompa\u00f1\u00e1ndola de fantas\u00eda.  \u00abPan\u00bb nos introduce en un paisaje verde y robusto de una Galicia de los a\u00f1os sesenta, en la que la vida de una ni\u00f1a de aldea discurre anclada a un pasado al que a\u00fan no ha llegado la luz el\u00e9ctrica. Marucha, que vive con su t\u00eda desde que su mam\u00e1 y su pap\u00e1 murieran en un grave accidente de coche, entabla un gran lazo de amistad con un peque\u00f1o cerdito al que ofrece pan como s\u00edmbolo de afecto.  Finalmente, y situado en la actualidad, \u00abChocolate\u00bb nos lleva hasta un ni\u00f1o, Nuhazet, que adopta con responsabilidad un gatito, ofreci\u00e9ndose, el uno al otro, tranquilidad y seguridad. La historia, de esta manera, destaca la empat\u00eda de ver diferentes visiones de una misma situaci\u00f3n: la del gatito y la del ni\u00f1o.  Aunque, en principio, estos relatos parecen orientados a una poblaci\u00f3n joven, por el desarrollo y tem\u00e1tica de los mismos, el razonamiento intimista y existencialista en el planteamiento de los hechos invita a las personas adultas a su lectura, ya que recoge principios para la reflexi\u00f3n.  Por otro lado, la obra se presenta carente de ilustraciones, centr\u00e1ndose \u00fanicamente en la comunicaci\u00f3n del lenguaje escrito como camino para la libre imaginaci\u00f3n y el desarrollo de la creatividad, ofreciendo libertad para que, a trav\u00e9s exclusivamente de la lectura, nos sintamos protagonistas de los acontecimientos que van sucediendo en cada una de las historias, dentro del lugar y el tiempo en el que se desarrollan.  La idea de la autora es prescindir de cualquier inducci\u00f3n externa, tal y como se concibe hoy en d\u00eda el mundo digital, cargado de im\u00e1genes preconcebidas y dadas. Induciendo la inventiva, \u00fanicamente, mediante las palabras.  Otra caracter\u00edstica es el lenguaje empleado. Este fluye de forma natural, sin adaptaciones concretas, tal y como ocurrir\u00eda de forma cotidiana, bajo la premisa de que cualquier t\u00e9rmino o expresi\u00f3n es asimilado y comprendido en su contexto.","og_url":"https:\/\/letrame.com\/catalogo\/producto\/tomates-pan-y-chocolate\/","og_site_name":"Catalogo | Letrame Grupo Editorial","article_modified_time":"2024-07-29T07:39:16+00:00","og_image":[{"width":1746,"height":2560,"url":"https:\/\/letrame.com\/catalogo\/wp-content\/uploads\/2024\/04\/webportada_tomatespan_4mm-compressed-scaled-1.jpg","type":"image\/jpeg"}],"twitter_card":"summary_large_image","twitter_misc":{"Tiempo de lectura":"3 minutos"},"schema":{"@context":"https:\/\/schema.org","@graph":[{"@type":"WebPage","@id":"https:\/\/letrame.com\/catalogo\/producto\/tomates-pan-y-chocolate\/","url":"https:\/\/letrame.com\/catalogo\/producto\/tomates-pan-y-chocolate\/","name":"Tomates, pan y chocolate - Catalogo | Letrame Grupo Editorial","isPartOf":{"@id":"https:\/\/letrame.com\/catalogo\/#website"},"primaryImageOfPage":{"@id":"https:\/\/letrame.com\/catalogo\/producto\/tomates-pan-y-chocolate\/#primaryimage"},"image":{"@id":"https:\/\/letrame.com\/catalogo\/producto\/tomates-pan-y-chocolate\/#primaryimage"},"thumbnailUrl":"https:\/\/letrame.com\/catalogo\/wp-content\/uploads\/2024\/04\/webportada_tomatespan_4mm-compressed-scaled-1.jpg","datePublished":"2024-04-29T13:39:15+00:00","dateModified":"2024-07-29T07:39:16+00:00","breadcrumb":{"@id":"https:\/\/letrame.com\/catalogo\/producto\/tomates-pan-y-chocolate\/#breadcrumb"},"inLanguage":"es","potentialAction":[{"@type":"ReadAction","target":["https:\/\/letrame.com\/catalogo\/producto\/tomates-pan-y-chocolate\/"]}]},{"@type":"ImageObject","inLanguage":"es","@id":"https:\/\/letrame.com\/catalogo\/producto\/tomates-pan-y-chocolate\/#primaryimage","url":"https:\/\/letrame.com\/catalogo\/wp-content\/uploads\/2024\/04\/webportada_tomatespan_4mm-compressed-scaled-1.jpg","contentUrl":"https:\/\/letrame.com\/catalogo\/wp-content\/uploads\/2024\/04\/webportada_tomatespan_4mm-compressed-scaled-1.jpg","width":1746,"height":2560},{"@type":"BreadcrumbList","@id":"https:\/\/letrame.com\/catalogo\/producto\/tomates-pan-y-chocolate\/#breadcrumb","itemListElement":[{"@type":"ListItem","position":1,"name":"Portada","item":"https:\/\/letrame.com\/catalogo\/"},{"@type":"ListItem","position":2,"name":"Cat\u00e1logo","item":"https:\/\/letrame.com\/catalogo\/"},{"@type":"ListItem","position":3,"name":"Tomates, pan y chocolate"}]},{"@type":"WebSite","@id":"https:\/\/letrame.com\/catalogo\/#website","url":"https:\/\/letrame.com\/catalogo\/","name":"Catalogo | Letrame Grupo Editorial","description":"","publisher":{"@id":"https:\/\/letrame.com\/catalogo\/#organization"},"potentialAction":[{"@type":"SearchAction","target":{"@type":"EntryPoint","urlTemplate":"https:\/\/letrame.com\/catalogo\/?s={search_term_string}"},"query-input":{"@type":"PropertyValueSpecification","valueRequired":true,"valueName":"search_term_string"}}],"inLanguage":"es"},{"@type":"Organization","@id":"https:\/\/letrame.com\/catalogo\/#organization","name":"Catalogo | Letrame Grupo Editorial","url":"https:\/\/letrame.com\/catalogo\/","logo":{"@type":"ImageObject","inLanguage":"es","@id":"https:\/\/letrame.com\/catalogo\/#\/schema\/logo\/image\/","url":"https:\/\/letrame.com\/catalogo\/wp-content\/uploads\/2024\/03\/logo2.webp","contentUrl":"https:\/\/letrame.com\/catalogo\/wp-content\/uploads\/2024\/03\/logo2.webp","width":394,"height":128,"caption":"Catalogo | Letrame Grupo Editorial"},"image":{"@id":"https:\/\/letrame.com\/catalogo\/#\/schema\/logo\/image\/"}}]}},"_links":{"self":[{"href":"https:\/\/letrame.com\/catalogo\/wp-json\/wp\/v2\/product\/99048","targetHints":{"allow":["GET"]}}],"collection":[{"href":"https:\/\/letrame.com\/catalogo\/wp-json\/wp\/v2\/product"}],"about":[{"href":"https:\/\/letrame.com\/catalogo\/wp-json\/wp\/v2\/types\/product"}],"replies":[{"embeddable":true,"href":"https:\/\/letrame.com\/catalogo\/wp-json\/wp\/v2\/comments?post=99048"}],"acf:post":[{"embeddable":true,"href":"https:\/\/letrame.com\/catalogo\/wp-json\/wp\/v2\/author_book\/77434"}],"wp:featuredmedia":[{"embeddable":true,"href":"https:\/\/letrame.com\/catalogo\/wp-json\/wp\/v2\/media\/99049"}],"wp:attachment":[{"href":"https:\/\/letrame.com\/catalogo\/wp-json\/wp\/v2\/media?parent=99048"}],"wp:term":[{"taxonomy":"libro","embeddable":true,"href":"https:\/\/letrame.com\/catalogo\/wp-json\/wp\/v2\/libro?post=99048"},{"taxonomy":"product_brand","embeddable":true,"href":"https:\/\/letrame.com\/catalogo\/wp-json\/wp\/v2\/product_brand?post=99048"},{"taxonomy":"product_cat","embeddable":true,"href":"https:\/\/letrame.com\/catalogo\/wp-json\/wp\/v2\/product_cat?post=99048"},{"taxonomy":"product_tag","embeddable":true,"href":"https:\/\/letrame.com\/catalogo\/wp-json\/wp\/v2\/product_tag?post=99048"}],"curies":[{"name":"wp","href":"https:\/\/api.w.org\/{rel}","templated":true}]}}