{"id":99040,"date":"2024-04-29T15:38:53","date_gmt":"2024-04-29T13:38:53","guid":{"rendered":"https:\/\/letrame.com\/catalogo\/producto\/bohemia-y-exoticos\/"},"modified":"2024-07-31T15:42:46","modified_gmt":"2024-07-31T13:42:46","slug":"bohemia-y-exoticos","status":"publish","type":"product","link":"https:\/\/letrame.com\/catalogo\/producto\/bohemia-y-exoticos\/","title":{"rendered":"Bohemia y ex\u00f3ticos"},"content":{"rendered":"<p><strong>ISBN<\/strong>: 978-84-1144-702-7<\/p>\n<p><strong>T\u00edtulo<\/strong>: <span data-sheets-value=\"{&quot;1&quot;:2,&quot;2&quot;:&quot;Bohemia y ex\u00f3ticos&quot;}\" data-sheets-userformat=\"{&quot;2&quot;:515,&quot;3&quot;:{&quot;1&quot;:0},&quot;4&quot;:{&quot;1&quot;:2,&quot;2&quot;:14281427},&quot;12&quot;:0}\">Bohemia y ex\u00f3ticos<\/span><br \/>\n<strong>Fecha<\/strong>: 2023<br \/>\n<strong>P\u00e1ginas<\/strong>: 274<\/p>\n<p><strong>SINOPSIS<\/strong><\/p>\n<p>La luna robaba<\/p>\n<p>destellos<\/p>\n<p>de aquella pulcra mirada.<\/p>\n<p>&nbsp;<\/p>\n<p>Apartaba enseguida la vista,<\/p>\n<p>recelosa<\/p>\n<p>de que la pillaran.<\/p>\n<p>&nbsp;<\/p>\n<p>Otro tanto de este juego<\/p>\n<p>hizo el mar,<\/p>\n<p>con un aura descarada,<\/p>\n<p>con poquita picard\u00eda<\/p>\n<p>y mucha bondad atada.<\/p>\n<p>****<\/p>\n<p>Mezcla de sal y dulce;<\/p>\n<p>el tesoro<\/p>\n<p>mejor escondido<\/p>\n<p>de alg\u00fan sult\u00e1n;<\/p>\n<p>el palacio de la Alhambra<\/p>\n<p>abandonado<\/p>\n<p>en tal esplendor floral;<\/p>\n<p>Pocahontas, que brilla descalza<\/p>\n<p>en ex\u00f3tico lugar.<\/p>\n<p>&nbsp;<\/p>\n<p>Las esencias del verano surgen a flor de piel, como un b\u00e1lsamo para el alma. Los d\u00edas y las noches de verano auguran mucha delicia y encanto, mucha bohemia y mucho ex\u00f3tico; solo es cuesti\u00f3n de permitirse la evasi\u00f3n y agradecerla.<\/p>\n","protected":false},"excerpt":{"rendered":"<p><strong>ISBN<\/strong>: 978-84-1144-702-7<\/p>\n<p><strong>SINOPSIS<\/strong><\/p>\n<p>La luna robaba<\/p>\n<p>destellos<\/p>\n<p>de aquella pulcra mirada.<\/p>\n<p>&nbsp;<\/p>\n<p>Apartaba enseguida la vista,<\/p>\n<p>recelosa<\/p>\n<p>de que la pillaran.<\/p>\n<p>&nbsp;<\/p>\n<p>Otro tanto de este juego<\/p>\n<p>hizo el mar,<\/p>\n<p>con un aura descarada,<\/p>\n<p>con poquita picard\u00eda<\/p>\n<p>y mucha bondad atada.<\/p>\n<p>****<\/p>\n<p>Mezcla de sal y dulce;<\/p>\n<p>el tesoro<\/p>\n<p>mejor escondido<\/p>\n<p>de alg\u00fan sult\u00e1n;<\/p>\n<p>el palacio de la Alhambra<\/p>\n<p>abandonado<\/p>\n<p>en tal esplendor floral;<\/p>\n<p>Pocahontas, que brilla descalza<\/p>\n<p>en ex\u00f3tico lugar.<\/p>\n<p>&nbsp;<\/p>\n<p>Las esencias del verano surgen a flor de piel, como un b\u00e1lsamo para el alma. Los d\u00edas y las noches de verano auguran mucha delicia y encanto, mucha bohemia y mucho ex\u00f3tico; solo es cuesti\u00f3n de permitirse la evasi\u00f3n y agradecerla.<\/p>\n","protected":false},"featured_media":99041,"comment_status":"closed","ping_status":"closed","template":"","meta":{"_acf_changed":false},"libro":[],"product_brand":[],"product_cat":[26],"product_tag":[],"class_list":{"0":"post-99040","1":"product","2":"type-product","3":"status-publish","4":"has-post-thumbnail","6":"product_cat-sin-categoria","8":"first","9":"instock","10":"product-type-simple"},"acf":{"autor":[76571],"enlace_de_compra":"https:\/\/www.fnac.es\/a10318616\/Eva-Cepeda-Bohemia-y-exoticos"},"yoast_head":"<!-- This site is optimized with the Yoast SEO plugin v27.4 - https:\/\/yoast.com\/product\/yoast-seo-wordpress\/ -->\n<title>Bohemia y ex\u00f3ticos - Catalogo | Letrame Grupo Editorial<\/title>\n<meta name=\"robots\" content=\"index, follow, max-snippet:-1, max-image-preview:large, max-video-preview:-1\" \/>\n<link rel=\"canonical\" href=\"https:\/\/letrame.com\/catalogo\/producto\/bohemia-y-exoticos\/\" \/>\n<meta property=\"og:locale\" content=\"es_ES\" \/>\n<meta property=\"og:type\" content=\"article\" \/>\n<meta property=\"og:title\" content=\"Bohemia y ex\u00f3ticos - Catalogo | Letrame Grupo Editorial\" \/>\n<meta property=\"og:description\" content=\"ISBN: 978-84-1144-702-7  SINOPSIS  La luna robaba  destellos  de aquella pulcra mirada.  &nbsp;  Apartaba enseguida la vista,  recelosa  de que la pillaran.  &nbsp;  Otro tanto de este juego  hizo el mar,  con un aura descarada,  con poquita picard\u00eda  y mucha bondad atada.  ****  Mezcla de sal y dulce;  el tesoro  mejor escondido  de alg\u00fan sult\u00e1n;  el palacio de la Alhambra  abandonado  en tal esplendor floral;  Pocahontas, que brilla descalza  en ex\u00f3tico lugar.  &nbsp;  Las esencias del verano surgen a flor de piel, como un b\u00e1lsamo para el alma. Los d\u00edas y las noches de verano auguran mucha delicia y encanto, mucha bohemia y mucho ex\u00f3tico; solo es cuesti\u00f3n de permitirse la evasi\u00f3n y agradecerla.\" \/>\n<meta property=\"og:url\" content=\"https:\/\/letrame.com\/catalogo\/producto\/bohemia-y-exoticos\/\" \/>\n<meta property=\"og:site_name\" content=\"Catalogo | Letrame Grupo Editorial\" \/>\n<meta property=\"article:modified_time\" content=\"2024-07-31T13:42:46+00:00\" \/>\n<meta property=\"og:image\" content=\"https:\/\/letrame.com\/catalogo\/wp-content\/uploads\/2024\/04\/WEBPORTADAbohemiayexoticos_1371mm-compressed.jpg\" \/>\n\t<meta property=\"og:image:width\" content=\"601\" \/>\n\t<meta property=\"og:image:height\" content=\"841\" \/>\n\t<meta property=\"og:image:type\" content=\"image\/jpeg\" \/>\n<meta name=\"twitter:card\" content=\"summary_large_image\" \/>\n<meta name=\"twitter:label1\" content=\"Tiempo de lectura\" \/>\n\t<meta name=\"twitter:data1\" content=\"1 minuto\" \/>\n<script type=\"application\/ld+json\" class=\"yoast-schema-graph\">{\"@context\":\"https:\\\/\\\/schema.org\",\"@graph\":[{\"@type\":\"WebPage\",\"@id\":\"https:\\\/\\\/letrame.com\\\/catalogo\\\/producto\\\/bohemia-y-exoticos\\\/\",\"url\":\"https:\\\/\\\/letrame.com\\\/catalogo\\\/producto\\\/bohemia-y-exoticos\\\/\",\"name\":\"Bohemia y ex\u00f3ticos - Catalogo | Letrame Grupo Editorial\",\"isPartOf\":{\"@id\":\"https:\\\/\\\/letrame.com\\\/catalogo\\\/#website\"},\"primaryImageOfPage\":{\"@id\":\"https:\\\/\\\/letrame.com\\\/catalogo\\\/producto\\\/bohemia-y-exoticos\\\/#primaryimage\"},\"image\":{\"@id\":\"https:\\\/\\\/letrame.com\\\/catalogo\\\/producto\\\/bohemia-y-exoticos\\\/#primaryimage\"},\"thumbnailUrl\":\"https:\\\/\\\/letrame.com\\\/catalogo\\\/wp-content\\\/uploads\\\/2024\\\/04\\\/WEBPORTADAbohemiayexoticos_1371mm-compressed.jpg\",\"datePublished\":\"2024-04-29T13:38:53+00:00\",\"dateModified\":\"2024-07-31T13:42:46+00:00\",\"breadcrumb\":{\"@id\":\"https:\\\/\\\/letrame.com\\\/catalogo\\\/producto\\\/bohemia-y-exoticos\\\/#breadcrumb\"},\"inLanguage\":\"es\",\"potentialAction\":[{\"@type\":\"ReadAction\",\"target\":[\"https:\\\/\\\/letrame.com\\\/catalogo\\\/producto\\\/bohemia-y-exoticos\\\/\"]}]},{\"@type\":\"ImageObject\",\"inLanguage\":\"es\",\"@id\":\"https:\\\/\\\/letrame.com\\\/catalogo\\\/producto\\\/bohemia-y-exoticos\\\/#primaryimage\",\"url\":\"https:\\\/\\\/letrame.com\\\/catalogo\\\/wp-content\\\/uploads\\\/2024\\\/04\\\/WEBPORTADAbohemiayexoticos_1371mm-compressed.jpg\",\"contentUrl\":\"https:\\\/\\\/letrame.com\\\/catalogo\\\/wp-content\\\/uploads\\\/2024\\\/04\\\/WEBPORTADAbohemiayexoticos_1371mm-compressed.jpg\",\"width\":601,\"height\":841},{\"@type\":\"BreadcrumbList\",\"@id\":\"https:\\\/\\\/letrame.com\\\/catalogo\\\/producto\\\/bohemia-y-exoticos\\\/#breadcrumb\",\"itemListElement\":[{\"@type\":\"ListItem\",\"position\":1,\"name\":\"Portada\",\"item\":\"https:\\\/\\\/letrame.com\\\/catalogo\\\/\"},{\"@type\":\"ListItem\",\"position\":2,\"name\":\"Cat\u00e1logo\",\"item\":\"https:\\\/\\\/letrame.com\\\/catalogo\\\/\"},{\"@type\":\"ListItem\",\"position\":3,\"name\":\"Bohemia y ex\u00f3ticos\"}]},{\"@type\":\"WebSite\",\"@id\":\"https:\\\/\\\/letrame.com\\\/catalogo\\\/#website\",\"url\":\"https:\\\/\\\/letrame.com\\\/catalogo\\\/\",\"name\":\"Catalogo | Letrame Grupo Editorial\",\"description\":\"\",\"publisher\":{\"@id\":\"https:\\\/\\\/letrame.com\\\/catalogo\\\/#organization\"},\"potentialAction\":[{\"@type\":\"SearchAction\",\"target\":{\"@type\":\"EntryPoint\",\"urlTemplate\":\"https:\\\/\\\/letrame.com\\\/catalogo\\\/?s={search_term_string}\"},\"query-input\":{\"@type\":\"PropertyValueSpecification\",\"valueRequired\":true,\"valueName\":\"search_term_string\"}}],\"inLanguage\":\"es\"},{\"@type\":\"Organization\",\"@id\":\"https:\\\/\\\/letrame.com\\\/catalogo\\\/#organization\",\"name\":\"Catalogo | Letrame Grupo Editorial\",\"url\":\"https:\\\/\\\/letrame.com\\\/catalogo\\\/\",\"logo\":{\"@type\":\"ImageObject\",\"inLanguage\":\"es\",\"@id\":\"https:\\\/\\\/letrame.com\\\/catalogo\\\/#\\\/schema\\\/logo\\\/image\\\/\",\"url\":\"https:\\\/\\\/letrame.com\\\/catalogo\\\/wp-content\\\/uploads\\\/2024\\\/03\\\/logo2.webp\",\"contentUrl\":\"https:\\\/\\\/letrame.com\\\/catalogo\\\/wp-content\\\/uploads\\\/2024\\\/03\\\/logo2.webp\",\"width\":394,\"height\":128,\"caption\":\"Catalogo | Letrame Grupo Editorial\"},\"image\":{\"@id\":\"https:\\\/\\\/letrame.com\\\/catalogo\\\/#\\\/schema\\\/logo\\\/image\\\/\"}}]}<\/script>\n<!-- \/ Yoast SEO plugin. -->","yoast_head_json":{"title":"Bohemia y ex\u00f3ticos - Catalogo | Letrame Grupo Editorial","robots":{"index":"index","follow":"follow","max-snippet":"max-snippet:-1","max-image-preview":"max-image-preview:large","max-video-preview":"max-video-preview:-1"},"canonical":"https:\/\/letrame.com\/catalogo\/producto\/bohemia-y-exoticos\/","og_locale":"es_ES","og_type":"article","og_title":"Bohemia y ex\u00f3ticos - Catalogo | Letrame Grupo Editorial","og_description":"ISBN: 978-84-1144-702-7  SINOPSIS  La luna robaba  destellos  de aquella pulcra mirada.  &nbsp;  Apartaba enseguida la vista,  recelosa  de que la pillaran.  &nbsp;  Otro tanto de este juego  hizo el mar,  con un aura descarada,  con poquita picard\u00eda  y mucha bondad atada.  ****  Mezcla de sal y dulce;  el tesoro  mejor escondido  de alg\u00fan sult\u00e1n;  el palacio de la Alhambra  abandonado  en tal esplendor floral;  Pocahontas, que brilla descalza  en ex\u00f3tico lugar.  &nbsp;  Las esencias del verano surgen a flor de piel, como un b\u00e1lsamo para el alma. Los d\u00edas y las noches de verano auguran mucha delicia y encanto, mucha bohemia y mucho ex\u00f3tico; solo es cuesti\u00f3n de permitirse la evasi\u00f3n y agradecerla.","og_url":"https:\/\/letrame.com\/catalogo\/producto\/bohemia-y-exoticos\/","og_site_name":"Catalogo | Letrame Grupo Editorial","article_modified_time":"2024-07-31T13:42:46+00:00","og_image":[{"width":601,"height":841,"url":"https:\/\/letrame.com\/catalogo\/wp-content\/uploads\/2024\/04\/WEBPORTADAbohemiayexoticos_1371mm-compressed.jpg","type":"image\/jpeg"}],"twitter_card":"summary_large_image","twitter_misc":{"Tiempo de lectura":"1 minuto"},"schema":{"@context":"https:\/\/schema.org","@graph":[{"@type":"WebPage","@id":"https:\/\/letrame.com\/catalogo\/producto\/bohemia-y-exoticos\/","url":"https:\/\/letrame.com\/catalogo\/producto\/bohemia-y-exoticos\/","name":"Bohemia y ex\u00f3ticos - Catalogo | Letrame Grupo Editorial","isPartOf":{"@id":"https:\/\/letrame.com\/catalogo\/#website"},"primaryImageOfPage":{"@id":"https:\/\/letrame.com\/catalogo\/producto\/bohemia-y-exoticos\/#primaryimage"},"image":{"@id":"https:\/\/letrame.com\/catalogo\/producto\/bohemia-y-exoticos\/#primaryimage"},"thumbnailUrl":"https:\/\/letrame.com\/catalogo\/wp-content\/uploads\/2024\/04\/WEBPORTADAbohemiayexoticos_1371mm-compressed.jpg","datePublished":"2024-04-29T13:38:53+00:00","dateModified":"2024-07-31T13:42:46+00:00","breadcrumb":{"@id":"https:\/\/letrame.com\/catalogo\/producto\/bohemia-y-exoticos\/#breadcrumb"},"inLanguage":"es","potentialAction":[{"@type":"ReadAction","target":["https:\/\/letrame.com\/catalogo\/producto\/bohemia-y-exoticos\/"]}]},{"@type":"ImageObject","inLanguage":"es","@id":"https:\/\/letrame.com\/catalogo\/producto\/bohemia-y-exoticos\/#primaryimage","url":"https:\/\/letrame.com\/catalogo\/wp-content\/uploads\/2024\/04\/WEBPORTADAbohemiayexoticos_1371mm-compressed.jpg","contentUrl":"https:\/\/letrame.com\/catalogo\/wp-content\/uploads\/2024\/04\/WEBPORTADAbohemiayexoticos_1371mm-compressed.jpg","width":601,"height":841},{"@type":"BreadcrumbList","@id":"https:\/\/letrame.com\/catalogo\/producto\/bohemia-y-exoticos\/#breadcrumb","itemListElement":[{"@type":"ListItem","position":1,"name":"Portada","item":"https:\/\/letrame.com\/catalogo\/"},{"@type":"ListItem","position":2,"name":"Cat\u00e1logo","item":"https:\/\/letrame.com\/catalogo\/"},{"@type":"ListItem","position":3,"name":"Bohemia y ex\u00f3ticos"}]},{"@type":"WebSite","@id":"https:\/\/letrame.com\/catalogo\/#website","url":"https:\/\/letrame.com\/catalogo\/","name":"Catalogo | Letrame Grupo Editorial","description":"","publisher":{"@id":"https:\/\/letrame.com\/catalogo\/#organization"},"potentialAction":[{"@type":"SearchAction","target":{"@type":"EntryPoint","urlTemplate":"https:\/\/letrame.com\/catalogo\/?s={search_term_string}"},"query-input":{"@type":"PropertyValueSpecification","valueRequired":true,"valueName":"search_term_string"}}],"inLanguage":"es"},{"@type":"Organization","@id":"https:\/\/letrame.com\/catalogo\/#organization","name":"Catalogo | Letrame Grupo Editorial","url":"https:\/\/letrame.com\/catalogo\/","logo":{"@type":"ImageObject","inLanguage":"es","@id":"https:\/\/letrame.com\/catalogo\/#\/schema\/logo\/image\/","url":"https:\/\/letrame.com\/catalogo\/wp-content\/uploads\/2024\/03\/logo2.webp","contentUrl":"https:\/\/letrame.com\/catalogo\/wp-content\/uploads\/2024\/03\/logo2.webp","width":394,"height":128,"caption":"Catalogo | Letrame Grupo Editorial"},"image":{"@id":"https:\/\/letrame.com\/catalogo\/#\/schema\/logo\/image\/"}}]}},"_links":{"self":[{"href":"https:\/\/letrame.com\/catalogo\/wp-json\/wp\/v2\/product\/99040","targetHints":{"allow":["GET"]}}],"collection":[{"href":"https:\/\/letrame.com\/catalogo\/wp-json\/wp\/v2\/product"}],"about":[{"href":"https:\/\/letrame.com\/catalogo\/wp-json\/wp\/v2\/types\/product"}],"replies":[{"embeddable":true,"href":"https:\/\/letrame.com\/catalogo\/wp-json\/wp\/v2\/comments?post=99040"}],"acf:post":[{"embeddable":true,"href":"https:\/\/letrame.com\/catalogo\/wp-json\/wp\/v2\/author_book\/76571"}],"wp:featuredmedia":[{"embeddable":true,"href":"https:\/\/letrame.com\/catalogo\/wp-json\/wp\/v2\/media\/99041"}],"wp:attachment":[{"href":"https:\/\/letrame.com\/catalogo\/wp-json\/wp\/v2\/media?parent=99040"}],"wp:term":[{"taxonomy":"libro","embeddable":true,"href":"https:\/\/letrame.com\/catalogo\/wp-json\/wp\/v2\/libro?post=99040"},{"taxonomy":"product_brand","embeddable":true,"href":"https:\/\/letrame.com\/catalogo\/wp-json\/wp\/v2\/product_brand?post=99040"},{"taxonomy":"product_cat","embeddable":true,"href":"https:\/\/letrame.com\/catalogo\/wp-json\/wp\/v2\/product_cat?post=99040"},{"taxonomy":"product_tag","embeddable":true,"href":"https:\/\/letrame.com\/catalogo\/wp-json\/wp\/v2\/product_tag?post=99040"}],"curies":[{"name":"wp","href":"https:\/\/api.w.org\/{rel}","templated":true}]}}