{"id":99036,"date":"2024-04-29T15:38:31","date_gmt":"2024-04-29T13:38:31","guid":{"rendered":"https:\/\/letrame.com\/catalogo\/producto\/todo-se-fue\/"},"modified":"2024-04-29T15:38:49","modified_gmt":"2024-04-29T13:38:49","slug":"todo-se-fue","status":"publish","type":"product","link":"https:\/\/letrame.com\/catalogo\/producto\/todo-se-fue\/","title":{"rendered":"Todo se fue"},"content":{"rendered":"<p><strong>ISBN<\/strong>: 978-84-1144-967-0<\/p>\n<p><strong>T\u00edtulo<\/strong>: <span data-sheets-value=\"{&quot;1&quot;:2,&quot;2&quot;:&quot;Todo se fue&quot;}\" data-sheets-userformat=\"{&quot;2&quot;:515,&quot;3&quot;:{&quot;1&quot;:0},&quot;4&quot;:{&quot;1&quot;:2,&quot;2&quot;:14281427},&quot;12&quot;:0}\">Todo se fue<\/span><br \/>\n<strong>Fecha<\/strong>: 2023<br \/>\n<strong>P\u00e1ginas<\/strong>: 462<\/p>\n<p><strong>SINOPSIS<\/strong><\/p>\n<p>Segovia, abril de 2018. V\u00edctor sale a recorrer su ciudad, que la tuvo que abandonar repentinamente treinta a\u00f1os atr\u00e1s, dejando familia, trabajo y amigos. Inesperadamente se encuentra con su gran amigo, el andaluz, Daniel, al que, por diversos motivos, de ninguna manera habr\u00eda esperado encontrar all\u00ed.<\/p>\n<p>V\u00edctor viene cargado de aventuras e historias que contar, pero para su sorpresa, la mayor\u00eda quedar\u00e1n en un segundo plano o en el tintero. Cuando ve el estado en el que se encuentra su amigo, que deber\u00eda de estar en su tierra natal, y conoce que ha permanecido en Segovia en toda su larga ausencia, motivado por un amor furtivo, apasionado y lleno de frenes\u00ed, V\u00edctor se ve obligado e intrigado por conocer la historia que hizo a Daniel quedarse y que ahora lo oprime.<\/p>\n<p>En la Residencia asistida para personas mayores, donde ambos trabajaban, y entre las gentes de Segovia muchos creen saber lo que ocurri\u00f3, pero realmente nadie conoce c\u00f3mo, ni lo que fue. V\u00edctor est\u00e1 decidido a conseguir que su amigo, Daniel, se abra a \u00e9l y se lo cuente, superando sus reticencias y afrontando algo, que intuye, que debi\u00f3 ser muy impactante en su vida y que no le ha dejado libre desde entonces. Daniel se rinde a la insistencia de V\u00edctor y a su necesidad de recordarlo. Pero no terminar\u00e1 de contarle la historia, su historia, completa.<\/p>\n<p>V\u00edctor necesitar\u00e1 ayuda de terceros para conseguir atar los cabos sueltos que dej\u00f3 Daniel, y solo as\u00ed conocer\u00e1 una historia plena de un amor necesariamente oculto, desenfrenado, de sexo y sensualidad extrema, de pasi\u00f3n sin l\u00edmites y que encierra un gran drama y tragedia.<\/p>\n<p>En un relato c\u00f3modo y fluido, sin utilizar un lenguaje rebuscado ni vulgar, en ocasiones muy descriptivo y en otras de un v\u00e9rtigo trepidante, el autor le introducir\u00e1 en el entorno y en la vida de los personajes, en sus sentimientos, y ser\u00e1 imposible que le sea indiferente. Le har\u00e1 sentir.<\/p>\n<p>Necesitar\u00e1 leer la p\u00e1gina siguiente\u2026 y la siguiente\u2026 Hasta el final.<\/p>\n","protected":false},"excerpt":{"rendered":"<p><strong>ISBN<\/strong>: 978-84-1144-967-0<\/p>\n<p><strong>SINOPSIS<\/strong><\/p>\n<p>Segovia, abril de 2018. V\u00edctor sale a recorrer su ciudad, que la tuvo que abandonar repentinamente treinta a\u00f1os atr\u00e1s, dejando familia, trabajo y amigos. Inesperadamente se encuentra con su gran amigo, el andaluz, Daniel, al que, por diversos motivos, de ninguna manera habr\u00eda esperado encontrar all\u00ed.<\/p>\n<p>V\u00edctor viene cargado de aventuras e historias que contar, pero para su sorpresa, la mayor\u00eda quedar\u00e1n en un segundo plano o en el tintero. Cuando ve el estado en el que se encuentra su amigo, que deber\u00eda de estar en su tierra natal, y conoce que ha permanecido en Segovia en toda su larga ausencia, motivado por un amor furtivo, apasionado y lleno de frenes\u00ed, V\u00edctor se ve obligado e intrigado por conocer la historia que hizo a Daniel quedarse y que ahora lo oprime.<\/p>\n<p>En la Residencia asistida para personas mayores, donde ambos trabajaban, y entre las gentes de Segovia muchos creen saber lo que ocurri\u00f3, pero realmente nadie conoce c\u00f3mo, ni lo que fue. V\u00edctor est\u00e1 decidido a conseguir que su amigo, Daniel, se abra a \u00e9l y se lo cuente, superando sus reticencias y afrontando algo, que intuye, que debi\u00f3 ser muy impactante en su vida y que no le ha dejado libre desde entonces. Daniel se rinde a la insistencia de V\u00edctor y a su necesidad de recordarlo. Pero no terminar\u00e1 de contarle la historia, su historia, completa.<\/p>\n<p>V\u00edctor necesitar\u00e1 ayuda de terceros para conseguir atar los cabos sueltos que dej\u00f3 Daniel, y solo as\u00ed conocer\u00e1 una historia plena de un amor necesariamente oculto, desenfrenado, de sexo y sensualidad extrema, de pasi\u00f3n sin l\u00edmites y que encierra un gran drama y tragedia.<\/p>\n<p>En un relato c\u00f3modo y fluido, sin utilizar un lenguaje rebuscado ni vulgar, en ocasiones muy descriptivo y en otras de un v\u00e9rtigo trepidante, el autor le introducir\u00e1 en el entorno y en la vida de los personajes, en sus sentimientos, y ser\u00e1 imposible que le sea indiferente. Le har\u00e1 sentir.<\/p>\n<p>Necesitar\u00e1 leer la p\u00e1gina siguiente\u2026 y la siguiente\u2026 Hasta el final.<\/p>\n","protected":false},"featured_media":99037,"comment_status":"closed","ping_status":"open","template":"","meta":{"_acf_changed":false},"libro":[],"product_brand":[],"product_cat":[26],"product_tag":[],"class_list":{"0":"post-99036","1":"product","2":"type-product","3":"status-publish","4":"has-post-thumbnail","6":"product_cat-sin-categoria","8":"first","9":"instock","10":"product-type-simple"},"acf":{"autor":[77425],"enlace_de_compra":"https:\/\/www.todosefue.com"},"yoast_head":"<!-- This site is optimized with the Yoast SEO plugin v26.6 - https:\/\/yoast.com\/wordpress\/plugins\/seo\/ -->\n<title>Todo se fue - Catalogo | Letrame Grupo Editorial<\/title>\n<meta name=\"robots\" content=\"index, follow, max-snippet:-1, max-image-preview:large, max-video-preview:-1\" \/>\n<link rel=\"canonical\" href=\"https:\/\/letrame.com\/catalogo\/producto\/todo-se-fue\/\" \/>\n<meta property=\"og:locale\" content=\"es_ES\" \/>\n<meta property=\"og:type\" content=\"article\" \/>\n<meta property=\"og:title\" content=\"Todo se fue - Catalogo | Letrame Grupo Editorial\" \/>\n<meta property=\"og:description\" content=\"ISBN: 978-84-1144-967-0 SINOPSIS Segovia, abril de 2018. V\u00edctor sale a recorrer su ciudad, que la tuvo que abandonar repentinamente treinta a\u00f1os atr\u00e1s, dejando familia, trabajo y amigos. Inesperadamente se encuentra con su gran amigo, el andaluz, Daniel, al que, por diversos motivos, de ninguna manera habr\u00eda esperado encontrar all\u00ed. V\u00edctor viene cargado de aventuras e historias que contar, pero para su sorpresa, la mayor\u00eda quedar\u00e1n en un segundo plano o en el tintero. Cuando ve el estado en el que se encuentra su amigo, que deber\u00eda de estar en su tierra natal, y conoce que ha permanecido en Segovia en toda su larga ausencia, motivado por un amor furtivo, apasionado y lleno de frenes\u00ed, V\u00edctor se ve obligado e intrigado por conocer la historia que hizo a Daniel quedarse y que ahora lo oprime. En la Residencia asistida para personas mayores, donde ambos trabajaban, y entre las gentes de Segovia muchos creen saber lo que ocurri\u00f3, pero realmente nadie conoce c\u00f3mo, ni lo que fue. V\u00edctor est\u00e1 decidido a conseguir que su amigo, Daniel, se abra a \u00e9l y se lo cuente, superando sus reticencias y afrontando algo, que intuye, que debi\u00f3 ser muy impactante en su vida y que no le ha dejado libre desde entonces. Daniel se rinde a la insistencia de V\u00edctor y a su necesidad de recordarlo. Pero no terminar\u00e1 de contarle la historia, su historia, completa. V\u00edctor necesitar\u00e1 ayuda de terceros para conseguir atar los cabos sueltos que dej\u00f3 Daniel, y solo as\u00ed conocer\u00e1 una historia plena de un amor necesariamente oculto, desenfrenado, de sexo y sensualidad extrema, de pasi\u00f3n sin l\u00edmites y que encierra un gran drama y tragedia. En un relato c\u00f3modo y fluido, sin utilizar un lenguaje rebuscado ni vulgar, en ocasiones muy descriptivo y en otras de un v\u00e9rtigo trepidante, el autor le introducir\u00e1 en el entorno y en la vida de los personajes, en sus sentimientos, y ser\u00e1 imposible que le sea indiferente. Le har\u00e1 sentir. Necesitar\u00e1 leer la p\u00e1gina siguiente\u2026 y la siguiente\u2026 Hasta el final.\" \/>\n<meta property=\"og:url\" content=\"https:\/\/letrame.com\/catalogo\/producto\/todo-se-fue\/\" \/>\n<meta property=\"og:site_name\" content=\"Catalogo | Letrame Grupo Editorial\" \/>\n<meta property=\"article:modified_time\" content=\"2024-04-29T13:38:49+00:00\" \/>\n<meta property=\"og:image\" content=\"https:\/\/letrame.com\/catalogo\/wp-content\/uploads\/2024\/04\/web_portada_todosefue_2238mm-compressed.jpg\" \/>\n\t<meta property=\"og:image:width\" content=\"601\" \/>\n\t<meta property=\"og:image:height\" content=\"841\" \/>\n\t<meta property=\"og:image:type\" content=\"image\/jpeg\" \/>\n<meta name=\"twitter:card\" content=\"summary_large_image\" \/>\n<meta name=\"twitter:label1\" content=\"Tiempo de lectura\" \/>\n\t<meta name=\"twitter:data1\" content=\"2 minutos\" \/>\n<script type=\"application\/ld+json\" class=\"yoast-schema-graph\">{\"@context\":\"https:\/\/schema.org\",\"@graph\":[{\"@type\":\"WebPage\",\"@id\":\"https:\/\/letrame.com\/catalogo\/producto\/todo-se-fue\/\",\"url\":\"https:\/\/letrame.com\/catalogo\/producto\/todo-se-fue\/\",\"name\":\"Todo se fue - Catalogo | Letrame Grupo Editorial\",\"isPartOf\":{\"@id\":\"https:\/\/letrame.com\/catalogo\/#website\"},\"primaryImageOfPage\":{\"@id\":\"https:\/\/letrame.com\/catalogo\/producto\/todo-se-fue\/#primaryimage\"},\"image\":{\"@id\":\"https:\/\/letrame.com\/catalogo\/producto\/todo-se-fue\/#primaryimage\"},\"thumbnailUrl\":\"https:\/\/letrame.com\/catalogo\/wp-content\/uploads\/2024\/04\/web_portada_todosefue_2238mm-compressed.jpg\",\"datePublished\":\"2024-04-29T13:38:31+00:00\",\"dateModified\":\"2024-04-29T13:38:49+00:00\",\"breadcrumb\":{\"@id\":\"https:\/\/letrame.com\/catalogo\/producto\/todo-se-fue\/#breadcrumb\"},\"inLanguage\":\"es\",\"potentialAction\":[{\"@type\":\"ReadAction\",\"target\":[\"https:\/\/letrame.com\/catalogo\/producto\/todo-se-fue\/\"]}]},{\"@type\":\"ImageObject\",\"inLanguage\":\"es\",\"@id\":\"https:\/\/letrame.com\/catalogo\/producto\/todo-se-fue\/#primaryimage\",\"url\":\"https:\/\/letrame.com\/catalogo\/wp-content\/uploads\/2024\/04\/web_portada_todosefue_2238mm-compressed.jpg\",\"contentUrl\":\"https:\/\/letrame.com\/catalogo\/wp-content\/uploads\/2024\/04\/web_portada_todosefue_2238mm-compressed.jpg\",\"width\":601,\"height\":841},{\"@type\":\"BreadcrumbList\",\"@id\":\"https:\/\/letrame.com\/catalogo\/producto\/todo-se-fue\/#breadcrumb\",\"itemListElement\":[{\"@type\":\"ListItem\",\"position\":1,\"name\":\"Portada\",\"item\":\"https:\/\/letrame.com\/catalogo\/\"},{\"@type\":\"ListItem\",\"position\":2,\"name\":\"Cat\u00e1logo\",\"item\":\"https:\/\/letrame.com\/catalogo\/\"},{\"@type\":\"ListItem\",\"position\":3,\"name\":\"Todo se fue\"}]},{\"@type\":\"WebSite\",\"@id\":\"https:\/\/letrame.com\/catalogo\/#website\",\"url\":\"https:\/\/letrame.com\/catalogo\/\",\"name\":\"Catalogo | Letrame Grupo Editorial\",\"description\":\"\",\"publisher\":{\"@id\":\"https:\/\/letrame.com\/catalogo\/#organization\"},\"potentialAction\":[{\"@type\":\"SearchAction\",\"target\":{\"@type\":\"EntryPoint\",\"urlTemplate\":\"https:\/\/letrame.com\/catalogo\/?s={search_term_string}\"},\"query-input\":{\"@type\":\"PropertyValueSpecification\",\"valueRequired\":true,\"valueName\":\"search_term_string\"}}],\"inLanguage\":\"es\"},{\"@type\":\"Organization\",\"@id\":\"https:\/\/letrame.com\/catalogo\/#organization\",\"name\":\"Catalogo | Letrame Grupo Editorial\",\"url\":\"https:\/\/letrame.com\/catalogo\/\",\"logo\":{\"@type\":\"ImageObject\",\"inLanguage\":\"es\",\"@id\":\"https:\/\/letrame.com\/catalogo\/#\/schema\/logo\/image\/\",\"url\":\"https:\/\/letrame.com\/catalogo\/wp-content\/uploads\/2024\/03\/logo2.webp\",\"contentUrl\":\"https:\/\/letrame.com\/catalogo\/wp-content\/uploads\/2024\/03\/logo2.webp\",\"width\":394,\"height\":128,\"caption\":\"Catalogo | Letrame Grupo Editorial\"},\"image\":{\"@id\":\"https:\/\/letrame.com\/catalogo\/#\/schema\/logo\/image\/\"}}]}<\/script>\n<!-- \/ Yoast SEO plugin. -->","yoast_head_json":{"title":"Todo se fue - Catalogo | Letrame Grupo Editorial","robots":{"index":"index","follow":"follow","max-snippet":"max-snippet:-1","max-image-preview":"max-image-preview:large","max-video-preview":"max-video-preview:-1"},"canonical":"https:\/\/letrame.com\/catalogo\/producto\/todo-se-fue\/","og_locale":"es_ES","og_type":"article","og_title":"Todo se fue - Catalogo | Letrame Grupo Editorial","og_description":"ISBN: 978-84-1144-967-0 SINOPSIS Segovia, abril de 2018. V\u00edctor sale a recorrer su ciudad, que la tuvo que abandonar repentinamente treinta a\u00f1os atr\u00e1s, dejando familia, trabajo y amigos. Inesperadamente se encuentra con su gran amigo, el andaluz, Daniel, al que, por diversos motivos, de ninguna manera habr\u00eda esperado encontrar all\u00ed. V\u00edctor viene cargado de aventuras e historias que contar, pero para su sorpresa, la mayor\u00eda quedar\u00e1n en un segundo plano o en el tintero. Cuando ve el estado en el que se encuentra su amigo, que deber\u00eda de estar en su tierra natal, y conoce que ha permanecido en Segovia en toda su larga ausencia, motivado por un amor furtivo, apasionado y lleno de frenes\u00ed, V\u00edctor se ve obligado e intrigado por conocer la historia que hizo a Daniel quedarse y que ahora lo oprime. En la Residencia asistida para personas mayores, donde ambos trabajaban, y entre las gentes de Segovia muchos creen saber lo que ocurri\u00f3, pero realmente nadie conoce c\u00f3mo, ni lo que fue. V\u00edctor est\u00e1 decidido a conseguir que su amigo, Daniel, se abra a \u00e9l y se lo cuente, superando sus reticencias y afrontando algo, que intuye, que debi\u00f3 ser muy impactante en su vida y que no le ha dejado libre desde entonces. Daniel se rinde a la insistencia de V\u00edctor y a su necesidad de recordarlo. Pero no terminar\u00e1 de contarle la historia, su historia, completa. V\u00edctor necesitar\u00e1 ayuda de terceros para conseguir atar los cabos sueltos que dej\u00f3 Daniel, y solo as\u00ed conocer\u00e1 una historia plena de un amor necesariamente oculto, desenfrenado, de sexo y sensualidad extrema, de pasi\u00f3n sin l\u00edmites y que encierra un gran drama y tragedia. En un relato c\u00f3modo y fluido, sin utilizar un lenguaje rebuscado ni vulgar, en ocasiones muy descriptivo y en otras de un v\u00e9rtigo trepidante, el autor le introducir\u00e1 en el entorno y en la vida de los personajes, en sus sentimientos, y ser\u00e1 imposible que le sea indiferente. Le har\u00e1 sentir. Necesitar\u00e1 leer la p\u00e1gina siguiente\u2026 y la siguiente\u2026 Hasta el final.","og_url":"https:\/\/letrame.com\/catalogo\/producto\/todo-se-fue\/","og_site_name":"Catalogo | Letrame Grupo Editorial","article_modified_time":"2024-04-29T13:38:49+00:00","og_image":[{"width":601,"height":841,"url":"https:\/\/letrame.com\/catalogo\/wp-content\/uploads\/2024\/04\/web_portada_todosefue_2238mm-compressed.jpg","type":"image\/jpeg"}],"twitter_card":"summary_large_image","twitter_misc":{"Tiempo de lectura":"2 minutos"},"schema":{"@context":"https:\/\/schema.org","@graph":[{"@type":"WebPage","@id":"https:\/\/letrame.com\/catalogo\/producto\/todo-se-fue\/","url":"https:\/\/letrame.com\/catalogo\/producto\/todo-se-fue\/","name":"Todo se fue - Catalogo | Letrame Grupo Editorial","isPartOf":{"@id":"https:\/\/letrame.com\/catalogo\/#website"},"primaryImageOfPage":{"@id":"https:\/\/letrame.com\/catalogo\/producto\/todo-se-fue\/#primaryimage"},"image":{"@id":"https:\/\/letrame.com\/catalogo\/producto\/todo-se-fue\/#primaryimage"},"thumbnailUrl":"https:\/\/letrame.com\/catalogo\/wp-content\/uploads\/2024\/04\/web_portada_todosefue_2238mm-compressed.jpg","datePublished":"2024-04-29T13:38:31+00:00","dateModified":"2024-04-29T13:38:49+00:00","breadcrumb":{"@id":"https:\/\/letrame.com\/catalogo\/producto\/todo-se-fue\/#breadcrumb"},"inLanguage":"es","potentialAction":[{"@type":"ReadAction","target":["https:\/\/letrame.com\/catalogo\/producto\/todo-se-fue\/"]}]},{"@type":"ImageObject","inLanguage":"es","@id":"https:\/\/letrame.com\/catalogo\/producto\/todo-se-fue\/#primaryimage","url":"https:\/\/letrame.com\/catalogo\/wp-content\/uploads\/2024\/04\/web_portada_todosefue_2238mm-compressed.jpg","contentUrl":"https:\/\/letrame.com\/catalogo\/wp-content\/uploads\/2024\/04\/web_portada_todosefue_2238mm-compressed.jpg","width":601,"height":841},{"@type":"BreadcrumbList","@id":"https:\/\/letrame.com\/catalogo\/producto\/todo-se-fue\/#breadcrumb","itemListElement":[{"@type":"ListItem","position":1,"name":"Portada","item":"https:\/\/letrame.com\/catalogo\/"},{"@type":"ListItem","position":2,"name":"Cat\u00e1logo","item":"https:\/\/letrame.com\/catalogo\/"},{"@type":"ListItem","position":3,"name":"Todo se fue"}]},{"@type":"WebSite","@id":"https:\/\/letrame.com\/catalogo\/#website","url":"https:\/\/letrame.com\/catalogo\/","name":"Catalogo | Letrame Grupo Editorial","description":"","publisher":{"@id":"https:\/\/letrame.com\/catalogo\/#organization"},"potentialAction":[{"@type":"SearchAction","target":{"@type":"EntryPoint","urlTemplate":"https:\/\/letrame.com\/catalogo\/?s={search_term_string}"},"query-input":{"@type":"PropertyValueSpecification","valueRequired":true,"valueName":"search_term_string"}}],"inLanguage":"es"},{"@type":"Organization","@id":"https:\/\/letrame.com\/catalogo\/#organization","name":"Catalogo | Letrame Grupo Editorial","url":"https:\/\/letrame.com\/catalogo\/","logo":{"@type":"ImageObject","inLanguage":"es","@id":"https:\/\/letrame.com\/catalogo\/#\/schema\/logo\/image\/","url":"https:\/\/letrame.com\/catalogo\/wp-content\/uploads\/2024\/03\/logo2.webp","contentUrl":"https:\/\/letrame.com\/catalogo\/wp-content\/uploads\/2024\/03\/logo2.webp","width":394,"height":128,"caption":"Catalogo | Letrame Grupo Editorial"},"image":{"@id":"https:\/\/letrame.com\/catalogo\/#\/schema\/logo\/image\/"}}]}},"_links":{"self":[{"href":"https:\/\/letrame.com\/catalogo\/wp-json\/wp\/v2\/product\/99036","targetHints":{"allow":["GET"]}}],"collection":[{"href":"https:\/\/letrame.com\/catalogo\/wp-json\/wp\/v2\/product"}],"about":[{"href":"https:\/\/letrame.com\/catalogo\/wp-json\/wp\/v2\/types\/product"}],"replies":[{"embeddable":true,"href":"https:\/\/letrame.com\/catalogo\/wp-json\/wp\/v2\/comments?post=99036"}],"acf:post":[{"embeddable":true,"href":"https:\/\/letrame.com\/catalogo\/wp-json\/wp\/v2\/author_book\/77425"}],"wp:featuredmedia":[{"embeddable":true,"href":"https:\/\/letrame.com\/catalogo\/wp-json\/wp\/v2\/media\/99037"}],"wp:attachment":[{"href":"https:\/\/letrame.com\/catalogo\/wp-json\/wp\/v2\/media?parent=99036"}],"wp:term":[{"taxonomy":"libro","embeddable":true,"href":"https:\/\/letrame.com\/catalogo\/wp-json\/wp\/v2\/libro?post=99036"},{"taxonomy":"product_brand","embeddable":true,"href":"https:\/\/letrame.com\/catalogo\/wp-json\/wp\/v2\/product_brand?post=99036"},{"taxonomy":"product_cat","embeddable":true,"href":"https:\/\/letrame.com\/catalogo\/wp-json\/wp\/v2\/product_cat?post=99036"},{"taxonomy":"product_tag","embeddable":true,"href":"https:\/\/letrame.com\/catalogo\/wp-json\/wp\/v2\/product_tag?post=99036"}],"curies":[{"name":"wp","href":"https:\/\/api.w.org\/{rel}","templated":true}]}}