{"id":99034,"date":"2024-04-29T15:38:31","date_gmt":"2024-04-29T13:38:31","guid":{"rendered":"https:\/\/letrame.com\/catalogo\/producto\/los-5-de-adelante-rugby-vida\/"},"modified":"2024-04-29T15:38:35","modified_gmt":"2024-04-29T13:38:35","slug":"los-5-de-adelante-rugby-vida","status":"publish","type":"product","link":"https:\/\/letrame.com\/catalogo\/producto\/los-5-de-adelante-rugby-vida\/","title":{"rendered":"Los 5 de Adelante \u2013 Rugby &#038; Vida"},"content":{"rendered":"<p><strong>ISBN<\/strong>: 978-84-1181-100-2<\/p>\n<p><strong>T\u00edtulo<\/strong>: Los 5 de Adelante \u2013 Rugby &amp; Vida<br \/>\n<strong>Fecha<\/strong>: 2023<br \/>\n<strong>P\u00e1ginas<\/strong>: 198<\/p>\n<p><strong>SINOPSIS<\/strong><\/p>\n<p>Diego Pacheco o Pache, como lo conocen los cercanos, nos introduce en el rugby a trav\u00e9s de su mirada y de las an\u00e9cdotas vividas junto a innumerables compa\u00f1eros de aventuras. Desde sus comienzos en el colegio La Salle Florida hasta su llegada al Hind\u00fa Club de Don Torcuato, su segundo hogar, donde descubri\u00f3 que este deporte era motor de cosas imposibles que con el paso del tiempo se transforman en una forma de vida que te ayuda a superar las adversidades que se nos presentan en nuestro d\u00eda a d\u00eda.<\/p>\n<p>A trav\u00e9s de sus an\u00e9cdotas y vivencias, Pache nos invita a disfrutar de un viaje a trav\u00e9s del tiempo junto a los mejores compa\u00f1eros de aventura posibles, aunque siempre protegidos bajo el ala de los grandes maestros que tuvieron desde muy j\u00f3venes, quienes les transmitieron y aun lo siguen haciendo, el valor de tener un club de rugby como refugio frente a los diferentes conflictos que nos enfrentamos a lo largo de nuestra vida.<\/p>\n<p>Esa forma de ver el rugby de una manera tan particular lo llevaron a entrenar numerosos equipos aqu\u00ed en Espa\u00f1a, pero siempre con el distintivo de lo que fue su aprendizaje en el lejano Don Torcuato. Un aut\u00e9ntico reto debido al diferente contexto que se encontr\u00f3 en el rugby espa\u00f1ol, algo que lo llevo a transformarse en un entrenador y educador particular, en cuanto al trato y reconocimiento de los cientos de jugadores que pasaron bajo sus \u00f3rdenes.<\/p>\n<p>Pache reconoce que ese es su m\u00e1ximo tesoro, algo imposible de medir debido al valor sentimental que esa inolvidable experiencia adquiere con el paso del tiempo.<\/p>\n<p>\u00abEl que entra al rugby a recibir, se equivoca\u2026<\/p>\n<p>Se da y luego se recibe un mont\u00f3n\u2026<\/p>\n<p>Sin esperarlo\u2026\u00bb.<\/p>\n","protected":false},"excerpt":{"rendered":"<p><strong>ISBN<\/strong>: 978-84-1181-100-2<\/p>\n<p><strong>SINOPSIS<\/strong><\/p>\n<p>Diego Pacheco o Pache, como lo conocen los cercanos, nos introduce en el rugby a trav\u00e9s de su mirada y de las an\u00e9cdotas vividas junto a innumerables compa\u00f1eros de aventuras. Desde sus comienzos en el colegio La Salle Florida hasta su llegada al Hind\u00fa Club de Don Torcuato, su segundo hogar, donde descubri\u00f3 que este deporte era motor de cosas imposibles que con el paso del tiempo se transforman en una forma de vida que te ayuda a superar las adversidades que se nos presentan en nuestro d\u00eda a d\u00eda.<\/p>\n<p>A trav\u00e9s de sus an\u00e9cdotas y vivencias, Pache nos invita a disfrutar de un viaje a trav\u00e9s del tiempo junto a los mejores compa\u00f1eros de aventura posibles, aunque siempre protegidos bajo el ala de los grandes maestros que tuvieron desde muy j\u00f3venes, quienes les transmitieron y aun lo siguen haciendo, el valor de tener un club de rugby como refugio frente a los diferentes conflictos que nos enfrentamos a lo largo de nuestra vida.<\/p>\n<p>Esa forma de ver el rugby de una manera tan particular lo llevaron a entrenar numerosos equipos aqu\u00ed en Espa\u00f1a, pero siempre con el distintivo de lo que fue su aprendizaje en el lejano Don Torcuato. Un aut\u00e9ntico reto debido al diferente contexto que se encontr\u00f3 en el rugby espa\u00f1ol, algo que lo llevo a transformarse en un entrenador y educador particular, en cuanto al trato y reconocimiento de los cientos de jugadores que pasaron bajo sus \u00f3rdenes.<\/p>\n<p>Pache reconoce que ese es su m\u00e1ximo tesoro, algo imposible de medir debido al valor sentimental que esa inolvidable experiencia adquiere con el paso del tiempo.<\/p>\n<p>\u00abEl que entra al rugby a recibir, se equivoca\u2026<\/p>\n<p>Se da y luego se recibe un mont\u00f3n\u2026<\/p>\n<p>Sin esperarlo\u2026\u00bb.<\/p>\n","protected":false},"featured_media":99035,"comment_status":"closed","ping_status":"open","template":"","meta":{"_acf_changed":false},"libro":[],"product_brand":[],"product_cat":[26],"product_tag":[],"class_list":{"0":"post-99034","1":"product","2":"type-product","3":"status-publish","4":"has-post-thumbnail","6":"product_cat-sin-categoria","8":"first","9":"instock","10":"product-type-simple"},"acf":{"autor":[77423],"enlace_de_compra":"https:\/\/www.amazon.es\/Los-Adelante-Rugby-Diego-Pacheco\/dp\/841181100X\/"},"yoast_head":"<!-- This site is optimized with the Yoast SEO plugin v27.4 - https:\/\/yoast.com\/product\/yoast-seo-wordpress\/ -->\n<title>Los 5 de Adelante \u2013 Rugby &amp; Vida - Catalogo | Letrame Grupo Editorial<\/title>\n<meta name=\"robots\" content=\"index, follow, max-snippet:-1, max-image-preview:large, max-video-preview:-1\" \/>\n<link rel=\"canonical\" href=\"https:\/\/letrame.com\/catalogo\/producto\/los-5-de-adelante-rugby-vida\/\" \/>\n<meta property=\"og:locale\" content=\"es_ES\" \/>\n<meta property=\"og:type\" content=\"article\" \/>\n<meta property=\"og:title\" content=\"Los 5 de Adelante \u2013 Rugby &amp; Vida - Catalogo | Letrame Grupo Editorial\" \/>\n<meta property=\"og:description\" content=\"ISBN: 978-84-1181-100-2 SINOPSIS Diego Pacheco o Pache, como lo conocen los cercanos, nos introduce en el rugby a trav\u00e9s de su mirada y de las an\u00e9cdotas vividas junto a innumerables compa\u00f1eros de aventuras. Desde sus comienzos en el colegio La Salle Florida hasta su llegada al Hind\u00fa Club de Don Torcuato, su segundo hogar, donde descubri\u00f3 que este deporte era motor de cosas imposibles que con el paso del tiempo se transforman en una forma de vida que te ayuda a superar las adversidades que se nos presentan en nuestro d\u00eda a d\u00eda. A trav\u00e9s de sus an\u00e9cdotas y vivencias, Pache nos invita a disfrutar de un viaje a trav\u00e9s del tiempo junto a los mejores compa\u00f1eros de aventura posibles, aunque siempre protegidos bajo el ala de los grandes maestros que tuvieron desde muy j\u00f3venes, quienes les transmitieron y aun lo siguen haciendo, el valor de tener un club de rugby como refugio frente a los diferentes conflictos que nos enfrentamos a lo largo de nuestra vida. Esa forma de ver el rugby de una manera tan particular lo llevaron a entrenar numerosos equipos aqu\u00ed en Espa\u00f1a, pero siempre con el distintivo de lo que fue su aprendizaje en el lejano Don Torcuato. Un aut\u00e9ntico reto debido al diferente contexto que se encontr\u00f3 en el rugby espa\u00f1ol, algo que lo llevo a transformarse en un entrenador y educador particular, en cuanto al trato y reconocimiento de los cientos de jugadores que pasaron bajo sus \u00f3rdenes. Pache reconoce que ese es su m\u00e1ximo tesoro, algo imposible de medir debido al valor sentimental que esa inolvidable experiencia adquiere con el paso del tiempo. \u00abEl que entra al rugby a recibir, se equivoca\u2026 Se da y luego se recibe un mont\u00f3n\u2026 Sin esperarlo\u2026\u00bb.\" \/>\n<meta property=\"og:url\" content=\"https:\/\/letrame.com\/catalogo\/producto\/los-5-de-adelante-rugby-vida\/\" \/>\n<meta property=\"og:site_name\" content=\"Catalogo | Letrame Grupo Editorial\" \/>\n<meta property=\"article:modified_time\" content=\"2024-04-29T13:38:35+00:00\" \/>\n<meta property=\"og:image\" content=\"https:\/\/letrame.com\/catalogo\/wp-content\/uploads\/2024\/04\/webportada_los5deadelante_568mm-compressed-scaled-1.jpg\" \/>\n\t<meta property=\"og:image:width\" content=\"1746\" \/>\n\t<meta property=\"og:image:height\" content=\"2560\" \/>\n\t<meta property=\"og:image:type\" content=\"image\/jpeg\" \/>\n<meta name=\"twitter:card\" content=\"summary_large_image\" \/>\n<meta name=\"twitter:label1\" content=\"Tiempo de lectura\" \/>\n\t<meta name=\"twitter:data1\" content=\"2 minutos\" \/>\n<script type=\"application\/ld+json\" class=\"yoast-schema-graph\">{\"@context\":\"https:\\\/\\\/schema.org\",\"@graph\":[{\"@type\":\"WebPage\",\"@id\":\"https:\\\/\\\/letrame.com\\\/catalogo\\\/producto\\\/los-5-de-adelante-rugby-vida\\\/\",\"url\":\"https:\\\/\\\/letrame.com\\\/catalogo\\\/producto\\\/los-5-de-adelante-rugby-vida\\\/\",\"name\":\"Los 5 de Adelante \u2013 Rugby & Vida - Catalogo | Letrame Grupo Editorial\",\"isPartOf\":{\"@id\":\"https:\\\/\\\/letrame.com\\\/catalogo\\\/#website\"},\"primaryImageOfPage\":{\"@id\":\"https:\\\/\\\/letrame.com\\\/catalogo\\\/producto\\\/los-5-de-adelante-rugby-vida\\\/#primaryimage\"},\"image\":{\"@id\":\"https:\\\/\\\/letrame.com\\\/catalogo\\\/producto\\\/los-5-de-adelante-rugby-vida\\\/#primaryimage\"},\"thumbnailUrl\":\"https:\\\/\\\/letrame.com\\\/catalogo\\\/wp-content\\\/uploads\\\/2024\\\/04\\\/webportada_los5deadelante_568mm-compressed-scaled-1.jpg\",\"datePublished\":\"2024-04-29T13:38:31+00:00\",\"dateModified\":\"2024-04-29T13:38:35+00:00\",\"breadcrumb\":{\"@id\":\"https:\\\/\\\/letrame.com\\\/catalogo\\\/producto\\\/los-5-de-adelante-rugby-vida\\\/#breadcrumb\"},\"inLanguage\":\"es\",\"potentialAction\":[{\"@type\":\"ReadAction\",\"target\":[\"https:\\\/\\\/letrame.com\\\/catalogo\\\/producto\\\/los-5-de-adelante-rugby-vida\\\/\"]}]},{\"@type\":\"ImageObject\",\"inLanguage\":\"es\",\"@id\":\"https:\\\/\\\/letrame.com\\\/catalogo\\\/producto\\\/los-5-de-adelante-rugby-vida\\\/#primaryimage\",\"url\":\"https:\\\/\\\/letrame.com\\\/catalogo\\\/wp-content\\\/uploads\\\/2024\\\/04\\\/webportada_los5deadelante_568mm-compressed-scaled-1.jpg\",\"contentUrl\":\"https:\\\/\\\/letrame.com\\\/catalogo\\\/wp-content\\\/uploads\\\/2024\\\/04\\\/webportada_los5deadelante_568mm-compressed-scaled-1.jpg\",\"width\":1746,\"height\":2560},{\"@type\":\"BreadcrumbList\",\"@id\":\"https:\\\/\\\/letrame.com\\\/catalogo\\\/producto\\\/los-5-de-adelante-rugby-vida\\\/#breadcrumb\",\"itemListElement\":[{\"@type\":\"ListItem\",\"position\":1,\"name\":\"Portada\",\"item\":\"https:\\\/\\\/letrame.com\\\/catalogo\\\/\"},{\"@type\":\"ListItem\",\"position\":2,\"name\":\"Cat\u00e1logo\",\"item\":\"https:\\\/\\\/letrame.com\\\/catalogo\\\/\"},{\"@type\":\"ListItem\",\"position\":3,\"name\":\"Los 5 de Adelante \u2013 Rugby &#038; Vida\"}]},{\"@type\":\"WebSite\",\"@id\":\"https:\\\/\\\/letrame.com\\\/catalogo\\\/#website\",\"url\":\"https:\\\/\\\/letrame.com\\\/catalogo\\\/\",\"name\":\"Catalogo | Letrame Grupo Editorial\",\"description\":\"\",\"publisher\":{\"@id\":\"https:\\\/\\\/letrame.com\\\/catalogo\\\/#organization\"},\"potentialAction\":[{\"@type\":\"SearchAction\",\"target\":{\"@type\":\"EntryPoint\",\"urlTemplate\":\"https:\\\/\\\/letrame.com\\\/catalogo\\\/?s={search_term_string}\"},\"query-input\":{\"@type\":\"PropertyValueSpecification\",\"valueRequired\":true,\"valueName\":\"search_term_string\"}}],\"inLanguage\":\"es\"},{\"@type\":\"Organization\",\"@id\":\"https:\\\/\\\/letrame.com\\\/catalogo\\\/#organization\",\"name\":\"Catalogo | Letrame Grupo Editorial\",\"url\":\"https:\\\/\\\/letrame.com\\\/catalogo\\\/\",\"logo\":{\"@type\":\"ImageObject\",\"inLanguage\":\"es\",\"@id\":\"https:\\\/\\\/letrame.com\\\/catalogo\\\/#\\\/schema\\\/logo\\\/image\\\/\",\"url\":\"https:\\\/\\\/letrame.com\\\/catalogo\\\/wp-content\\\/uploads\\\/2024\\\/03\\\/logo2.webp\",\"contentUrl\":\"https:\\\/\\\/letrame.com\\\/catalogo\\\/wp-content\\\/uploads\\\/2024\\\/03\\\/logo2.webp\",\"width\":394,\"height\":128,\"caption\":\"Catalogo | Letrame Grupo Editorial\"},\"image\":{\"@id\":\"https:\\\/\\\/letrame.com\\\/catalogo\\\/#\\\/schema\\\/logo\\\/image\\\/\"}}]}<\/script>\n<!-- \/ Yoast SEO plugin. -->","yoast_head_json":{"title":"Los 5 de Adelante \u2013 Rugby & Vida - Catalogo | Letrame Grupo Editorial","robots":{"index":"index","follow":"follow","max-snippet":"max-snippet:-1","max-image-preview":"max-image-preview:large","max-video-preview":"max-video-preview:-1"},"canonical":"https:\/\/letrame.com\/catalogo\/producto\/los-5-de-adelante-rugby-vida\/","og_locale":"es_ES","og_type":"article","og_title":"Los 5 de Adelante \u2013 Rugby & Vida - Catalogo | Letrame Grupo Editorial","og_description":"ISBN: 978-84-1181-100-2 SINOPSIS Diego Pacheco o Pache, como lo conocen los cercanos, nos introduce en el rugby a trav\u00e9s de su mirada y de las an\u00e9cdotas vividas junto a innumerables compa\u00f1eros de aventuras. Desde sus comienzos en el colegio La Salle Florida hasta su llegada al Hind\u00fa Club de Don Torcuato, su segundo hogar, donde descubri\u00f3 que este deporte era motor de cosas imposibles que con el paso del tiempo se transforman en una forma de vida que te ayuda a superar las adversidades que se nos presentan en nuestro d\u00eda a d\u00eda. A trav\u00e9s de sus an\u00e9cdotas y vivencias, Pache nos invita a disfrutar de un viaje a trav\u00e9s del tiempo junto a los mejores compa\u00f1eros de aventura posibles, aunque siempre protegidos bajo el ala de los grandes maestros que tuvieron desde muy j\u00f3venes, quienes les transmitieron y aun lo siguen haciendo, el valor de tener un club de rugby como refugio frente a los diferentes conflictos que nos enfrentamos a lo largo de nuestra vida. Esa forma de ver el rugby de una manera tan particular lo llevaron a entrenar numerosos equipos aqu\u00ed en Espa\u00f1a, pero siempre con el distintivo de lo que fue su aprendizaje en el lejano Don Torcuato. Un aut\u00e9ntico reto debido al diferente contexto que se encontr\u00f3 en el rugby espa\u00f1ol, algo que lo llevo a transformarse en un entrenador y educador particular, en cuanto al trato y reconocimiento de los cientos de jugadores que pasaron bajo sus \u00f3rdenes. Pache reconoce que ese es su m\u00e1ximo tesoro, algo imposible de medir debido al valor sentimental que esa inolvidable experiencia adquiere con el paso del tiempo. \u00abEl que entra al rugby a recibir, se equivoca\u2026 Se da y luego se recibe un mont\u00f3n\u2026 Sin esperarlo\u2026\u00bb.","og_url":"https:\/\/letrame.com\/catalogo\/producto\/los-5-de-adelante-rugby-vida\/","og_site_name":"Catalogo | Letrame Grupo Editorial","article_modified_time":"2024-04-29T13:38:35+00:00","og_image":[{"width":1746,"height":2560,"url":"https:\/\/letrame.com\/catalogo\/wp-content\/uploads\/2024\/04\/webportada_los5deadelante_568mm-compressed-scaled-1.jpg","type":"image\/jpeg"}],"twitter_card":"summary_large_image","twitter_misc":{"Tiempo de lectura":"2 minutos"},"schema":{"@context":"https:\/\/schema.org","@graph":[{"@type":"WebPage","@id":"https:\/\/letrame.com\/catalogo\/producto\/los-5-de-adelante-rugby-vida\/","url":"https:\/\/letrame.com\/catalogo\/producto\/los-5-de-adelante-rugby-vida\/","name":"Los 5 de Adelante \u2013 Rugby & Vida - Catalogo | Letrame Grupo Editorial","isPartOf":{"@id":"https:\/\/letrame.com\/catalogo\/#website"},"primaryImageOfPage":{"@id":"https:\/\/letrame.com\/catalogo\/producto\/los-5-de-adelante-rugby-vida\/#primaryimage"},"image":{"@id":"https:\/\/letrame.com\/catalogo\/producto\/los-5-de-adelante-rugby-vida\/#primaryimage"},"thumbnailUrl":"https:\/\/letrame.com\/catalogo\/wp-content\/uploads\/2024\/04\/webportada_los5deadelante_568mm-compressed-scaled-1.jpg","datePublished":"2024-04-29T13:38:31+00:00","dateModified":"2024-04-29T13:38:35+00:00","breadcrumb":{"@id":"https:\/\/letrame.com\/catalogo\/producto\/los-5-de-adelante-rugby-vida\/#breadcrumb"},"inLanguage":"es","potentialAction":[{"@type":"ReadAction","target":["https:\/\/letrame.com\/catalogo\/producto\/los-5-de-adelante-rugby-vida\/"]}]},{"@type":"ImageObject","inLanguage":"es","@id":"https:\/\/letrame.com\/catalogo\/producto\/los-5-de-adelante-rugby-vida\/#primaryimage","url":"https:\/\/letrame.com\/catalogo\/wp-content\/uploads\/2024\/04\/webportada_los5deadelante_568mm-compressed-scaled-1.jpg","contentUrl":"https:\/\/letrame.com\/catalogo\/wp-content\/uploads\/2024\/04\/webportada_los5deadelante_568mm-compressed-scaled-1.jpg","width":1746,"height":2560},{"@type":"BreadcrumbList","@id":"https:\/\/letrame.com\/catalogo\/producto\/los-5-de-adelante-rugby-vida\/#breadcrumb","itemListElement":[{"@type":"ListItem","position":1,"name":"Portada","item":"https:\/\/letrame.com\/catalogo\/"},{"@type":"ListItem","position":2,"name":"Cat\u00e1logo","item":"https:\/\/letrame.com\/catalogo\/"},{"@type":"ListItem","position":3,"name":"Los 5 de Adelante \u2013 Rugby &#038; Vida"}]},{"@type":"WebSite","@id":"https:\/\/letrame.com\/catalogo\/#website","url":"https:\/\/letrame.com\/catalogo\/","name":"Catalogo | Letrame Grupo Editorial","description":"","publisher":{"@id":"https:\/\/letrame.com\/catalogo\/#organization"},"potentialAction":[{"@type":"SearchAction","target":{"@type":"EntryPoint","urlTemplate":"https:\/\/letrame.com\/catalogo\/?s={search_term_string}"},"query-input":{"@type":"PropertyValueSpecification","valueRequired":true,"valueName":"search_term_string"}}],"inLanguage":"es"},{"@type":"Organization","@id":"https:\/\/letrame.com\/catalogo\/#organization","name":"Catalogo | Letrame Grupo Editorial","url":"https:\/\/letrame.com\/catalogo\/","logo":{"@type":"ImageObject","inLanguage":"es","@id":"https:\/\/letrame.com\/catalogo\/#\/schema\/logo\/image\/","url":"https:\/\/letrame.com\/catalogo\/wp-content\/uploads\/2024\/03\/logo2.webp","contentUrl":"https:\/\/letrame.com\/catalogo\/wp-content\/uploads\/2024\/03\/logo2.webp","width":394,"height":128,"caption":"Catalogo | Letrame Grupo Editorial"},"image":{"@id":"https:\/\/letrame.com\/catalogo\/#\/schema\/logo\/image\/"}}]}},"_links":{"self":[{"href":"https:\/\/letrame.com\/catalogo\/wp-json\/wp\/v2\/product\/99034","targetHints":{"allow":["GET"]}}],"collection":[{"href":"https:\/\/letrame.com\/catalogo\/wp-json\/wp\/v2\/product"}],"about":[{"href":"https:\/\/letrame.com\/catalogo\/wp-json\/wp\/v2\/types\/product"}],"replies":[{"embeddable":true,"href":"https:\/\/letrame.com\/catalogo\/wp-json\/wp\/v2\/comments?post=99034"}],"acf:post":[{"embeddable":true,"href":"https:\/\/letrame.com\/catalogo\/wp-json\/wp\/v2\/author_book\/77423"}],"wp:featuredmedia":[{"embeddable":true,"href":"https:\/\/letrame.com\/catalogo\/wp-json\/wp\/v2\/media\/99035"}],"wp:attachment":[{"href":"https:\/\/letrame.com\/catalogo\/wp-json\/wp\/v2\/media?parent=99034"}],"wp:term":[{"taxonomy":"libro","embeddable":true,"href":"https:\/\/letrame.com\/catalogo\/wp-json\/wp\/v2\/libro?post=99034"},{"taxonomy":"product_brand","embeddable":true,"href":"https:\/\/letrame.com\/catalogo\/wp-json\/wp\/v2\/product_brand?post=99034"},{"taxonomy":"product_cat","embeddable":true,"href":"https:\/\/letrame.com\/catalogo\/wp-json\/wp\/v2\/product_cat?post=99034"},{"taxonomy":"product_tag","embeddable":true,"href":"https:\/\/letrame.com\/catalogo\/wp-json\/wp\/v2\/product_tag?post=99034"}],"curies":[{"name":"wp","href":"https:\/\/api.w.org\/{rel}","templated":true}]}}