{"id":99032,"date":"2024-04-29T15:38:31","date_gmt":"2024-04-29T13:38:31","guid":{"rendered":"https:\/\/letrame.com\/catalogo\/producto\/subjetividad-transversal\/"},"modified":"2024-04-29T15:38:31","modified_gmt":"2024-04-29T13:38:31","slug":"subjetividad-transversal","status":"publish","type":"product","link":"https:\/\/letrame.com\/catalogo\/producto\/subjetividad-transversal\/","title":{"rendered":"Subjetividad transversal"},"content":{"rendered":"<p><strong>ISBN<\/strong>: 978-84-1144-653-2<\/p>\n<p><strong>T\u00edtulo<\/strong>: Subjetividad transversal<br \/>\n<strong>Fecha<\/strong>: 2022<br \/>\n<strong>P\u00e1ginas<\/strong>: 442<\/p>\n<p><strong>SINOPSIS<\/strong><\/p>\n<p>El presente libro pretende mostrar la capacidad de la subjetividad humana de abrir diversos mundos desde su capacidad constitutiva de sentido. Desde un concepto de realidad, tomado de Alfred Sch\u00fctz, \u00e9sta, la realidad, se define desde el sentido donado a la misma. Ahora bien, si hay un sentido de realidad constituyente de nuestra forma de estar en el mundo, tambi\u00e9n debe haber un sentido de posibilidad que asuma la capacidad del hombre de abrir nuevos \u00e1mbitos de significaci\u00f3n y, con ello, la virtualidad de vivir en otros mundos.<\/p>\n<p>De este modo, la introducci\u00f3n del actual ensayo, <em>Un mundo inhabitable o por debajo de las necesidades<\/em>, pretende partir del acontecimiento hist\u00f3rico de la <em>Shoa<\/em> para mostrar como la anulaci\u00f3n de toda posibilidad humana arranca tambi\u00e9n aquello que hace humano a un humano.<\/p>\n<p>Tras este acontecimiento se rastrea como el ser humano ha construido diversos mundos para mostrar su capacidad de significaci\u00f3n y creaci\u00f3n de mundos alternativos a aquel en el que desarrolla su existencia. Como ejemplo se ha analizado la potencialidad figurativa de la novela y el arte en aquella dimensi\u00f3n m\u00e1s on\u00edrica como es el surrealismo.<\/p>\n<p>Todo ello, con el fin de alcanzar un concepto de subjetividad suficientemente potente como para crear, desde la posibilidad y la neutralidad ontol\u00f3gica de la fenomenolog\u00eda, una reflexi\u00f3n sobre la identidad humana que le permita comprenderse como un \u201c<em>ser-entre-mundos<\/em>\u201d.<\/p>\n<p>&nbsp;<\/p>\n","protected":false},"excerpt":{"rendered":"<p><strong>ISBN<\/strong>: 978-84-1144-653-2<\/p>\n<p><strong>SINOPSIS<\/strong><\/p>\n<p>El presente libro pretende mostrar la capacidad de la subjetividad humana de abrir diversos mundos desde su capacidad constitutiva de sentido. Desde un concepto de realidad, tomado de Alfred Sch\u00fctz, \u00e9sta, la realidad, se define desde el sentido donado a la misma. Ahora bien, si hay un sentido de realidad constituyente de nuestra forma de estar en el mundo, tambi\u00e9n debe haber un sentido de posibilidad que asuma la capacidad del hombre de abrir nuevos \u00e1mbitos de significaci\u00f3n y, con ello, la virtualidad de vivir en otros mundos.<\/p>\n<p>De este modo, la introducci\u00f3n del actual ensayo, <em>Un mundo inhabitable o por debajo de las necesidades<\/em>, pretende partir del acontecimiento hist\u00f3rico de la <em>Shoa<\/em> para mostrar como la anulaci\u00f3n de toda posibilidad humana arranca tambi\u00e9n aquello que hace humano a un humano.<\/p>\n<p>Tras este acontecimiento se rastrea como el ser humano ha construido diversos mundos para mostrar su capacidad de significaci\u00f3n y creaci\u00f3n de mundos alternativos a aquel en el que desarrolla su existencia. Como ejemplo se ha analizado la potencialidad figurativa de la novela y el arte en aquella dimensi\u00f3n m\u00e1s on\u00edrica como es el surrealismo.<\/p>\n<p>Todo ello, con el fin de alcanzar un concepto de subjetividad suficientemente potente como para crear, desde la posibilidad y la neutralidad ontol\u00f3gica de la fenomenolog\u00eda, una reflexi\u00f3n sobre la identidad humana que le permita comprenderse como un \u201c<em>ser-entre-mundos<\/em>\u201d.<\/p>\n<p>&nbsp;<\/p>\n","protected":false},"featured_media":99033,"comment_status":"closed","ping_status":"open","template":"","meta":{"_acf_changed":false},"libro":[],"product_brand":[],"product_cat":[26],"product_tag":[],"class_list":{"0":"post-99032","1":"product","2":"type-product","3":"status-publish","4":"has-post-thumbnail","6":"product_cat-sin-categoria","8":"first","9":"instock","10":"product-type-simple"},"acf":{"autor":[77427],"enlace_de_compra":""},"yoast_head":"<!-- This site is optimized with the Yoast SEO plugin v26.6 - https:\/\/yoast.com\/wordpress\/plugins\/seo\/ -->\n<title>Subjetividad transversal - Catalogo | Letrame Grupo Editorial<\/title>\n<meta name=\"robots\" content=\"index, follow, max-snippet:-1, max-image-preview:large, max-video-preview:-1\" \/>\n<link rel=\"canonical\" href=\"https:\/\/letrame.com\/catalogo\/producto\/subjetividad-transversal\/\" \/>\n<meta property=\"og:locale\" content=\"es_ES\" \/>\n<meta property=\"og:type\" content=\"article\" \/>\n<meta property=\"og:title\" content=\"Subjetividad transversal - Catalogo | Letrame Grupo Editorial\" \/>\n<meta property=\"og:description\" content=\"ISBN: 978-84-1144-653-2 SINOPSIS El presente libro pretende mostrar la capacidad de la subjetividad humana de abrir diversos mundos desde su capacidad constitutiva de sentido. Desde un concepto de realidad, tomado de Alfred Sch\u00fctz, \u00e9sta, la realidad, se define desde el sentido donado a la misma. Ahora bien, si hay un sentido de realidad constituyente de nuestra forma de estar en el mundo, tambi\u00e9n debe haber un sentido de posibilidad que asuma la capacidad del hombre de abrir nuevos \u00e1mbitos de significaci\u00f3n y, con ello, la virtualidad de vivir en otros mundos. De este modo, la introducci\u00f3n del actual ensayo, Un mundo inhabitable o por debajo de las necesidades, pretende partir del acontecimiento hist\u00f3rico de la Shoa para mostrar como la anulaci\u00f3n de toda posibilidad humana arranca tambi\u00e9n aquello que hace humano a un humano. Tras este acontecimiento se rastrea como el ser humano ha construido diversos mundos para mostrar su capacidad de significaci\u00f3n y creaci\u00f3n de mundos alternativos a aquel en el que desarrolla su existencia. Como ejemplo se ha analizado la potencialidad figurativa de la novela y el arte en aquella dimensi\u00f3n m\u00e1s on\u00edrica como es el surrealismo. Todo ello, con el fin de alcanzar un concepto de subjetividad suficientemente potente como para crear, desde la posibilidad y la neutralidad ontol\u00f3gica de la fenomenolog\u00eda, una reflexi\u00f3n sobre la identidad humana que le permita comprenderse como un \u201cser-entre-mundos\u201d. &nbsp;\" \/>\n<meta property=\"og:url\" content=\"https:\/\/letrame.com\/catalogo\/producto\/subjetividad-transversal\/\" \/>\n<meta property=\"og:site_name\" content=\"Catalogo | Letrame Grupo Editorial\" \/>\n<meta property=\"og:image\" content=\"https:\/\/letrame.com\/catalogo\/wp-content\/uploads\/2024\/04\/web_subjetividadtransversal_2145mm-compressed.jpg\" \/>\n\t<meta property=\"og:image:width\" content=\"601\" \/>\n\t<meta property=\"og:image:height\" content=\"849\" \/>\n\t<meta property=\"og:image:type\" content=\"image\/jpeg\" \/>\n<meta name=\"twitter:card\" content=\"summary_large_image\" \/>\n<meta name=\"twitter:label1\" content=\"Tiempo de lectura\" \/>\n\t<meta name=\"twitter:data1\" content=\"1 minuto\" \/>\n<script type=\"application\/ld+json\" class=\"yoast-schema-graph\">{\"@context\":\"https:\/\/schema.org\",\"@graph\":[{\"@type\":\"WebPage\",\"@id\":\"https:\/\/letrame.com\/catalogo\/producto\/subjetividad-transversal\/\",\"url\":\"https:\/\/letrame.com\/catalogo\/producto\/subjetividad-transversal\/\",\"name\":\"Subjetividad transversal - Catalogo | Letrame Grupo Editorial\",\"isPartOf\":{\"@id\":\"https:\/\/letrame.com\/catalogo\/#website\"},\"primaryImageOfPage\":{\"@id\":\"https:\/\/letrame.com\/catalogo\/producto\/subjetividad-transversal\/#primaryimage\"},\"image\":{\"@id\":\"https:\/\/letrame.com\/catalogo\/producto\/subjetividad-transversal\/#primaryimage\"},\"thumbnailUrl\":\"https:\/\/letrame.com\/catalogo\/wp-content\/uploads\/2024\/04\/web_subjetividadtransversal_2145mm-compressed.jpg\",\"datePublished\":\"2024-04-29T13:38:31+00:00\",\"breadcrumb\":{\"@id\":\"https:\/\/letrame.com\/catalogo\/producto\/subjetividad-transversal\/#breadcrumb\"},\"inLanguage\":\"es\",\"potentialAction\":[{\"@type\":\"ReadAction\",\"target\":[\"https:\/\/letrame.com\/catalogo\/producto\/subjetividad-transversal\/\"]}]},{\"@type\":\"ImageObject\",\"inLanguage\":\"es\",\"@id\":\"https:\/\/letrame.com\/catalogo\/producto\/subjetividad-transversal\/#primaryimage\",\"url\":\"https:\/\/letrame.com\/catalogo\/wp-content\/uploads\/2024\/04\/web_subjetividadtransversal_2145mm-compressed.jpg\",\"contentUrl\":\"https:\/\/letrame.com\/catalogo\/wp-content\/uploads\/2024\/04\/web_subjetividadtransversal_2145mm-compressed.jpg\",\"width\":601,\"height\":849},{\"@type\":\"BreadcrumbList\",\"@id\":\"https:\/\/letrame.com\/catalogo\/producto\/subjetividad-transversal\/#breadcrumb\",\"itemListElement\":[{\"@type\":\"ListItem\",\"position\":1,\"name\":\"Portada\",\"item\":\"https:\/\/letrame.com\/catalogo\/\"},{\"@type\":\"ListItem\",\"position\":2,\"name\":\"Cat\u00e1logo\",\"item\":\"https:\/\/letrame.com\/catalogo\/\"},{\"@type\":\"ListItem\",\"position\":3,\"name\":\"Subjetividad transversal\"}]},{\"@type\":\"WebSite\",\"@id\":\"https:\/\/letrame.com\/catalogo\/#website\",\"url\":\"https:\/\/letrame.com\/catalogo\/\",\"name\":\"Catalogo | Letrame Grupo Editorial\",\"description\":\"\",\"publisher\":{\"@id\":\"https:\/\/letrame.com\/catalogo\/#organization\"},\"potentialAction\":[{\"@type\":\"SearchAction\",\"target\":{\"@type\":\"EntryPoint\",\"urlTemplate\":\"https:\/\/letrame.com\/catalogo\/?s={search_term_string}\"},\"query-input\":{\"@type\":\"PropertyValueSpecification\",\"valueRequired\":true,\"valueName\":\"search_term_string\"}}],\"inLanguage\":\"es\"},{\"@type\":\"Organization\",\"@id\":\"https:\/\/letrame.com\/catalogo\/#organization\",\"name\":\"Catalogo | Letrame Grupo Editorial\",\"url\":\"https:\/\/letrame.com\/catalogo\/\",\"logo\":{\"@type\":\"ImageObject\",\"inLanguage\":\"es\",\"@id\":\"https:\/\/letrame.com\/catalogo\/#\/schema\/logo\/image\/\",\"url\":\"https:\/\/letrame.com\/catalogo\/wp-content\/uploads\/2024\/03\/logo2.webp\",\"contentUrl\":\"https:\/\/letrame.com\/catalogo\/wp-content\/uploads\/2024\/03\/logo2.webp\",\"width\":394,\"height\":128,\"caption\":\"Catalogo | Letrame Grupo Editorial\"},\"image\":{\"@id\":\"https:\/\/letrame.com\/catalogo\/#\/schema\/logo\/image\/\"}}]}<\/script>\n<!-- \/ Yoast SEO plugin. -->","yoast_head_json":{"title":"Subjetividad transversal - Catalogo | Letrame Grupo Editorial","robots":{"index":"index","follow":"follow","max-snippet":"max-snippet:-1","max-image-preview":"max-image-preview:large","max-video-preview":"max-video-preview:-1"},"canonical":"https:\/\/letrame.com\/catalogo\/producto\/subjetividad-transversal\/","og_locale":"es_ES","og_type":"article","og_title":"Subjetividad transversal - Catalogo | Letrame Grupo Editorial","og_description":"ISBN: 978-84-1144-653-2 SINOPSIS El presente libro pretende mostrar la capacidad de la subjetividad humana de abrir diversos mundos desde su capacidad constitutiva de sentido. Desde un concepto de realidad, tomado de Alfred Sch\u00fctz, \u00e9sta, la realidad, se define desde el sentido donado a la misma. Ahora bien, si hay un sentido de realidad constituyente de nuestra forma de estar en el mundo, tambi\u00e9n debe haber un sentido de posibilidad que asuma la capacidad del hombre de abrir nuevos \u00e1mbitos de significaci\u00f3n y, con ello, la virtualidad de vivir en otros mundos. De este modo, la introducci\u00f3n del actual ensayo, Un mundo inhabitable o por debajo de las necesidades, pretende partir del acontecimiento hist\u00f3rico de la Shoa para mostrar como la anulaci\u00f3n de toda posibilidad humana arranca tambi\u00e9n aquello que hace humano a un humano. Tras este acontecimiento se rastrea como el ser humano ha construido diversos mundos para mostrar su capacidad de significaci\u00f3n y creaci\u00f3n de mundos alternativos a aquel en el que desarrolla su existencia. Como ejemplo se ha analizado la potencialidad figurativa de la novela y el arte en aquella dimensi\u00f3n m\u00e1s on\u00edrica como es el surrealismo. Todo ello, con el fin de alcanzar un concepto de subjetividad suficientemente potente como para crear, desde la posibilidad y la neutralidad ontol\u00f3gica de la fenomenolog\u00eda, una reflexi\u00f3n sobre la identidad humana que le permita comprenderse como un \u201cser-entre-mundos\u201d. &nbsp;","og_url":"https:\/\/letrame.com\/catalogo\/producto\/subjetividad-transversal\/","og_site_name":"Catalogo | Letrame Grupo Editorial","og_image":[{"width":601,"height":849,"url":"https:\/\/letrame.com\/catalogo\/wp-content\/uploads\/2024\/04\/web_subjetividadtransversal_2145mm-compressed.jpg","type":"image\/jpeg"}],"twitter_card":"summary_large_image","twitter_misc":{"Tiempo de lectura":"1 minuto"},"schema":{"@context":"https:\/\/schema.org","@graph":[{"@type":"WebPage","@id":"https:\/\/letrame.com\/catalogo\/producto\/subjetividad-transversal\/","url":"https:\/\/letrame.com\/catalogo\/producto\/subjetividad-transversal\/","name":"Subjetividad transversal - Catalogo | Letrame Grupo Editorial","isPartOf":{"@id":"https:\/\/letrame.com\/catalogo\/#website"},"primaryImageOfPage":{"@id":"https:\/\/letrame.com\/catalogo\/producto\/subjetividad-transversal\/#primaryimage"},"image":{"@id":"https:\/\/letrame.com\/catalogo\/producto\/subjetividad-transversal\/#primaryimage"},"thumbnailUrl":"https:\/\/letrame.com\/catalogo\/wp-content\/uploads\/2024\/04\/web_subjetividadtransversal_2145mm-compressed.jpg","datePublished":"2024-04-29T13:38:31+00:00","breadcrumb":{"@id":"https:\/\/letrame.com\/catalogo\/producto\/subjetividad-transversal\/#breadcrumb"},"inLanguage":"es","potentialAction":[{"@type":"ReadAction","target":["https:\/\/letrame.com\/catalogo\/producto\/subjetividad-transversal\/"]}]},{"@type":"ImageObject","inLanguage":"es","@id":"https:\/\/letrame.com\/catalogo\/producto\/subjetividad-transversal\/#primaryimage","url":"https:\/\/letrame.com\/catalogo\/wp-content\/uploads\/2024\/04\/web_subjetividadtransversal_2145mm-compressed.jpg","contentUrl":"https:\/\/letrame.com\/catalogo\/wp-content\/uploads\/2024\/04\/web_subjetividadtransversal_2145mm-compressed.jpg","width":601,"height":849},{"@type":"BreadcrumbList","@id":"https:\/\/letrame.com\/catalogo\/producto\/subjetividad-transversal\/#breadcrumb","itemListElement":[{"@type":"ListItem","position":1,"name":"Portada","item":"https:\/\/letrame.com\/catalogo\/"},{"@type":"ListItem","position":2,"name":"Cat\u00e1logo","item":"https:\/\/letrame.com\/catalogo\/"},{"@type":"ListItem","position":3,"name":"Subjetividad transversal"}]},{"@type":"WebSite","@id":"https:\/\/letrame.com\/catalogo\/#website","url":"https:\/\/letrame.com\/catalogo\/","name":"Catalogo | Letrame Grupo Editorial","description":"","publisher":{"@id":"https:\/\/letrame.com\/catalogo\/#organization"},"potentialAction":[{"@type":"SearchAction","target":{"@type":"EntryPoint","urlTemplate":"https:\/\/letrame.com\/catalogo\/?s={search_term_string}"},"query-input":{"@type":"PropertyValueSpecification","valueRequired":true,"valueName":"search_term_string"}}],"inLanguage":"es"},{"@type":"Organization","@id":"https:\/\/letrame.com\/catalogo\/#organization","name":"Catalogo | Letrame Grupo Editorial","url":"https:\/\/letrame.com\/catalogo\/","logo":{"@type":"ImageObject","inLanguage":"es","@id":"https:\/\/letrame.com\/catalogo\/#\/schema\/logo\/image\/","url":"https:\/\/letrame.com\/catalogo\/wp-content\/uploads\/2024\/03\/logo2.webp","contentUrl":"https:\/\/letrame.com\/catalogo\/wp-content\/uploads\/2024\/03\/logo2.webp","width":394,"height":128,"caption":"Catalogo | Letrame Grupo Editorial"},"image":{"@id":"https:\/\/letrame.com\/catalogo\/#\/schema\/logo\/image\/"}}]}},"_links":{"self":[{"href":"https:\/\/letrame.com\/catalogo\/wp-json\/wp\/v2\/product\/99032","targetHints":{"allow":["GET"]}}],"collection":[{"href":"https:\/\/letrame.com\/catalogo\/wp-json\/wp\/v2\/product"}],"about":[{"href":"https:\/\/letrame.com\/catalogo\/wp-json\/wp\/v2\/types\/product"}],"replies":[{"embeddable":true,"href":"https:\/\/letrame.com\/catalogo\/wp-json\/wp\/v2\/comments?post=99032"}],"acf:post":[{"embeddable":true,"href":"https:\/\/letrame.com\/catalogo\/wp-json\/wp\/v2\/author_book\/77427"}],"wp:featuredmedia":[{"embeddable":true,"href":"https:\/\/letrame.com\/catalogo\/wp-json\/wp\/v2\/media\/99033"}],"wp:attachment":[{"href":"https:\/\/letrame.com\/catalogo\/wp-json\/wp\/v2\/media?parent=99032"}],"wp:term":[{"taxonomy":"libro","embeddable":true,"href":"https:\/\/letrame.com\/catalogo\/wp-json\/wp\/v2\/libro?post=99032"},{"taxonomy":"product_brand","embeddable":true,"href":"https:\/\/letrame.com\/catalogo\/wp-json\/wp\/v2\/product_brand?post=99032"},{"taxonomy":"product_cat","embeddable":true,"href":"https:\/\/letrame.com\/catalogo\/wp-json\/wp\/v2\/product_cat?post=99032"},{"taxonomy":"product_tag","embeddable":true,"href":"https:\/\/letrame.com\/catalogo\/wp-json\/wp\/v2\/product_tag?post=99032"}],"curies":[{"name":"wp","href":"https:\/\/api.w.org\/{rel}","templated":true}]}}