{"id":99019,"date":"2024-04-29T15:36:57","date_gmt":"2024-04-29T13:36:57","guid":{"rendered":"https:\/\/letrame.com\/catalogo\/producto\/ramera-soberana\/"},"modified":"2024-04-29T15:37:27","modified_gmt":"2024-04-29T13:37:27","slug":"ramera-soberana","status":"publish","type":"product","link":"https:\/\/letrame.com\/catalogo\/producto\/ramera-soberana\/","title":{"rendered":"Ramera soberana"},"content":{"rendered":"<p><strong>ISBN<\/strong>: 978-84-1144-481-1<\/p>\n<p><strong>T\u00edtulo<\/strong>: Ramera soberana<br \/>\n<strong>Fecha<\/strong>: 2022<br \/>\n<strong>P\u00e1ginas<\/strong>: 282<\/p>\n<p><strong>SINOPSIS<\/strong><\/p>\n<p>Marozia de Spoleto, tambi\u00e9n llamada la Papisa, fue una de las nobles romanas m\u00e1s poderosas e inteligentes de su \u00e9poca.<\/p>\n<p>De la mano de este interesante personaje hist\u00f3rico conoceremos las intrigas del llamado siglo oscuro en la historia del papado, durante la primera mitad del siglo X. Desde que se convirtiera en la amante del papa Sergio III, Marozia domin\u00f3 la pol\u00edtica papal, influy\u00f3 en decisiones de gobierno e incluso orden\u00f3 la muerte de varios papas. A pesar de ello, es una mujer a menudo olvidada por la historia, ahora rescatada en <em>Ramera soberana<\/em> para seguir toda su historia personal sin juicios ni tapujos y conformar as\u00ed un viaje inolvidable al pasado.<\/p>\n","protected":false},"excerpt":{"rendered":"<p><strong>ISBN<\/strong>: 978-84-1144-481-1<\/p>\n<p><strong>SINOPSIS<\/strong><\/p>\n<p>Marozia de Spoleto, tambi\u00e9n llamada la Papisa, fue una de las nobles romanas m\u00e1s poderosas e inteligentes de su \u00e9poca.<\/p>\n<p>De la mano de este interesante personaje hist\u00f3rico conoceremos las intrigas del llamado siglo oscuro en la historia del papado, durante la primera mitad del siglo X. Desde que se convirtiera en la amante del papa Sergio III, Marozia domin\u00f3 la pol\u00edtica papal, influy\u00f3 en decisiones de gobierno e incluso orden\u00f3 la muerte de varios papas. A pesar de ello, es una mujer a menudo olvidada por la historia, ahora rescatada en <em>Ramera soberana<\/em> para seguir toda su historia personal sin juicios ni tapujos y conformar as\u00ed un viaje inolvidable al pasado.<\/p>\n","protected":false},"featured_media":99020,"comment_status":"closed","ping_status":"open","template":"","meta":{"_acf_changed":false},"libro":[],"product_brand":[],"product_cat":[26],"product_tag":[],"class_list":{"0":"post-99019","1":"product","2":"type-product","3":"status-publish","4":"has-post-thumbnail","6":"product_cat-sin-categoria","8":"first","9":"instock","10":"product-type-simple"},"acf":{"autor":[77410],"enlace_de_compra":""},"yoast_head":"<!-- This site is optimized with the Yoast SEO plugin v26.6 - https:\/\/yoast.com\/wordpress\/plugins\/seo\/ -->\n<title>Ramera soberana - Catalogo | Letrame Grupo Editorial<\/title>\n<meta name=\"robots\" content=\"index, follow, max-snippet:-1, max-image-preview:large, max-video-preview:-1\" \/>\n<link rel=\"canonical\" href=\"https:\/\/letrame.com\/catalogo\/producto\/ramera-soberana\/\" \/>\n<meta property=\"og:locale\" content=\"es_ES\" \/>\n<meta property=\"og:type\" content=\"article\" \/>\n<meta property=\"og:title\" content=\"Ramera soberana - Catalogo | Letrame Grupo Editorial\" \/>\n<meta property=\"og:description\" content=\"ISBN: 978-84-1144-481-1 SINOPSIS Marozia de Spoleto, tambi\u00e9n llamada la Papisa, fue una de las nobles romanas m\u00e1s poderosas e inteligentes de su \u00e9poca. De la mano de este interesante personaje hist\u00f3rico conoceremos las intrigas del llamado siglo oscuro en la historia del papado, durante la primera mitad del siglo X. Desde que se convirtiera en la amante del papa Sergio III, Marozia domin\u00f3 la pol\u00edtica papal, influy\u00f3 en decisiones de gobierno e incluso orden\u00f3 la muerte de varios papas. A pesar de ello, es una mujer a menudo olvidada por la historia, ahora rescatada en Ramera soberana para seguir toda su historia personal sin juicios ni tapujos y conformar as\u00ed un viaje inolvidable al pasado.\" \/>\n<meta property=\"og:url\" content=\"https:\/\/letrame.com\/catalogo\/producto\/ramera-soberana\/\" \/>\n<meta property=\"og:site_name\" content=\"Catalogo | Letrame Grupo Editorial\" \/>\n<meta property=\"article:modified_time\" content=\"2024-04-29T13:37:27+00:00\" \/>\n<meta property=\"og:image\" content=\"https:\/\/letrame.com\/catalogo\/wp-content\/uploads\/2024\/04\/redramerasoberana_141mm-compressed.jpg\" \/>\n\t<meta property=\"og:image:width\" content=\"601\" \/>\n\t<meta property=\"og:image:height\" content=\"881\" \/>\n\t<meta property=\"og:image:type\" content=\"image\/jpeg\" \/>\n<meta name=\"twitter:card\" content=\"summary_large_image\" \/>\n<meta name=\"twitter:label1\" content=\"Tiempo de lectura\" \/>\n\t<meta name=\"twitter:data1\" content=\"1 minuto\" \/>\n<script type=\"application\/ld+json\" class=\"yoast-schema-graph\">{\"@context\":\"https:\/\/schema.org\",\"@graph\":[{\"@type\":\"WebPage\",\"@id\":\"https:\/\/letrame.com\/catalogo\/producto\/ramera-soberana\/\",\"url\":\"https:\/\/letrame.com\/catalogo\/producto\/ramera-soberana\/\",\"name\":\"Ramera soberana - Catalogo | Letrame Grupo Editorial\",\"isPartOf\":{\"@id\":\"https:\/\/letrame.com\/catalogo\/#website\"},\"primaryImageOfPage\":{\"@id\":\"https:\/\/letrame.com\/catalogo\/producto\/ramera-soberana\/#primaryimage\"},\"image\":{\"@id\":\"https:\/\/letrame.com\/catalogo\/producto\/ramera-soberana\/#primaryimage\"},\"thumbnailUrl\":\"https:\/\/letrame.com\/catalogo\/wp-content\/uploads\/2024\/04\/redramerasoberana_141mm-compressed.jpg\",\"datePublished\":\"2024-04-29T13:36:57+00:00\",\"dateModified\":\"2024-04-29T13:37:27+00:00\",\"breadcrumb\":{\"@id\":\"https:\/\/letrame.com\/catalogo\/producto\/ramera-soberana\/#breadcrumb\"},\"inLanguage\":\"es\",\"potentialAction\":[{\"@type\":\"ReadAction\",\"target\":[\"https:\/\/letrame.com\/catalogo\/producto\/ramera-soberana\/\"]}]},{\"@type\":\"ImageObject\",\"inLanguage\":\"es\",\"@id\":\"https:\/\/letrame.com\/catalogo\/producto\/ramera-soberana\/#primaryimage\",\"url\":\"https:\/\/letrame.com\/catalogo\/wp-content\/uploads\/2024\/04\/redramerasoberana_141mm-compressed.jpg\",\"contentUrl\":\"https:\/\/letrame.com\/catalogo\/wp-content\/uploads\/2024\/04\/redramerasoberana_141mm-compressed.jpg\",\"width\":601,\"height\":881},{\"@type\":\"BreadcrumbList\",\"@id\":\"https:\/\/letrame.com\/catalogo\/producto\/ramera-soberana\/#breadcrumb\",\"itemListElement\":[{\"@type\":\"ListItem\",\"position\":1,\"name\":\"Portada\",\"item\":\"https:\/\/letrame.com\/catalogo\/\"},{\"@type\":\"ListItem\",\"position\":2,\"name\":\"Cat\u00e1logo\",\"item\":\"https:\/\/letrame.com\/catalogo\/\"},{\"@type\":\"ListItem\",\"position\":3,\"name\":\"Ramera soberana\"}]},{\"@type\":\"WebSite\",\"@id\":\"https:\/\/letrame.com\/catalogo\/#website\",\"url\":\"https:\/\/letrame.com\/catalogo\/\",\"name\":\"Catalogo | Letrame Grupo Editorial\",\"description\":\"\",\"publisher\":{\"@id\":\"https:\/\/letrame.com\/catalogo\/#organization\"},\"potentialAction\":[{\"@type\":\"SearchAction\",\"target\":{\"@type\":\"EntryPoint\",\"urlTemplate\":\"https:\/\/letrame.com\/catalogo\/?s={search_term_string}\"},\"query-input\":{\"@type\":\"PropertyValueSpecification\",\"valueRequired\":true,\"valueName\":\"search_term_string\"}}],\"inLanguage\":\"es\"},{\"@type\":\"Organization\",\"@id\":\"https:\/\/letrame.com\/catalogo\/#organization\",\"name\":\"Catalogo | Letrame Grupo Editorial\",\"url\":\"https:\/\/letrame.com\/catalogo\/\",\"logo\":{\"@type\":\"ImageObject\",\"inLanguage\":\"es\",\"@id\":\"https:\/\/letrame.com\/catalogo\/#\/schema\/logo\/image\/\",\"url\":\"https:\/\/letrame.com\/catalogo\/wp-content\/uploads\/2024\/03\/logo2.webp\",\"contentUrl\":\"https:\/\/letrame.com\/catalogo\/wp-content\/uploads\/2024\/03\/logo2.webp\",\"width\":394,\"height\":128,\"caption\":\"Catalogo | Letrame Grupo Editorial\"},\"image\":{\"@id\":\"https:\/\/letrame.com\/catalogo\/#\/schema\/logo\/image\/\"}}]}<\/script>\n<!-- \/ Yoast SEO plugin. -->","yoast_head_json":{"title":"Ramera soberana - Catalogo | Letrame Grupo Editorial","robots":{"index":"index","follow":"follow","max-snippet":"max-snippet:-1","max-image-preview":"max-image-preview:large","max-video-preview":"max-video-preview:-1"},"canonical":"https:\/\/letrame.com\/catalogo\/producto\/ramera-soberana\/","og_locale":"es_ES","og_type":"article","og_title":"Ramera soberana - Catalogo | Letrame Grupo Editorial","og_description":"ISBN: 978-84-1144-481-1 SINOPSIS Marozia de Spoleto, tambi\u00e9n llamada la Papisa, fue una de las nobles romanas m\u00e1s poderosas e inteligentes de su \u00e9poca. De la mano de este interesante personaje hist\u00f3rico conoceremos las intrigas del llamado siglo oscuro en la historia del papado, durante la primera mitad del siglo X. Desde que se convirtiera en la amante del papa Sergio III, Marozia domin\u00f3 la pol\u00edtica papal, influy\u00f3 en decisiones de gobierno e incluso orden\u00f3 la muerte de varios papas. A pesar de ello, es una mujer a menudo olvidada por la historia, ahora rescatada en Ramera soberana para seguir toda su historia personal sin juicios ni tapujos y conformar as\u00ed un viaje inolvidable al pasado.","og_url":"https:\/\/letrame.com\/catalogo\/producto\/ramera-soberana\/","og_site_name":"Catalogo | Letrame Grupo Editorial","article_modified_time":"2024-04-29T13:37:27+00:00","og_image":[{"width":601,"height":881,"url":"https:\/\/letrame.com\/catalogo\/wp-content\/uploads\/2024\/04\/redramerasoberana_141mm-compressed.jpg","type":"image\/jpeg"}],"twitter_card":"summary_large_image","twitter_misc":{"Tiempo de lectura":"1 minuto"},"schema":{"@context":"https:\/\/schema.org","@graph":[{"@type":"WebPage","@id":"https:\/\/letrame.com\/catalogo\/producto\/ramera-soberana\/","url":"https:\/\/letrame.com\/catalogo\/producto\/ramera-soberana\/","name":"Ramera soberana - Catalogo | Letrame Grupo Editorial","isPartOf":{"@id":"https:\/\/letrame.com\/catalogo\/#website"},"primaryImageOfPage":{"@id":"https:\/\/letrame.com\/catalogo\/producto\/ramera-soberana\/#primaryimage"},"image":{"@id":"https:\/\/letrame.com\/catalogo\/producto\/ramera-soberana\/#primaryimage"},"thumbnailUrl":"https:\/\/letrame.com\/catalogo\/wp-content\/uploads\/2024\/04\/redramerasoberana_141mm-compressed.jpg","datePublished":"2024-04-29T13:36:57+00:00","dateModified":"2024-04-29T13:37:27+00:00","breadcrumb":{"@id":"https:\/\/letrame.com\/catalogo\/producto\/ramera-soberana\/#breadcrumb"},"inLanguage":"es","potentialAction":[{"@type":"ReadAction","target":["https:\/\/letrame.com\/catalogo\/producto\/ramera-soberana\/"]}]},{"@type":"ImageObject","inLanguage":"es","@id":"https:\/\/letrame.com\/catalogo\/producto\/ramera-soberana\/#primaryimage","url":"https:\/\/letrame.com\/catalogo\/wp-content\/uploads\/2024\/04\/redramerasoberana_141mm-compressed.jpg","contentUrl":"https:\/\/letrame.com\/catalogo\/wp-content\/uploads\/2024\/04\/redramerasoberana_141mm-compressed.jpg","width":601,"height":881},{"@type":"BreadcrumbList","@id":"https:\/\/letrame.com\/catalogo\/producto\/ramera-soberana\/#breadcrumb","itemListElement":[{"@type":"ListItem","position":1,"name":"Portada","item":"https:\/\/letrame.com\/catalogo\/"},{"@type":"ListItem","position":2,"name":"Cat\u00e1logo","item":"https:\/\/letrame.com\/catalogo\/"},{"@type":"ListItem","position":3,"name":"Ramera soberana"}]},{"@type":"WebSite","@id":"https:\/\/letrame.com\/catalogo\/#website","url":"https:\/\/letrame.com\/catalogo\/","name":"Catalogo | Letrame Grupo Editorial","description":"","publisher":{"@id":"https:\/\/letrame.com\/catalogo\/#organization"},"potentialAction":[{"@type":"SearchAction","target":{"@type":"EntryPoint","urlTemplate":"https:\/\/letrame.com\/catalogo\/?s={search_term_string}"},"query-input":{"@type":"PropertyValueSpecification","valueRequired":true,"valueName":"search_term_string"}}],"inLanguage":"es"},{"@type":"Organization","@id":"https:\/\/letrame.com\/catalogo\/#organization","name":"Catalogo | Letrame Grupo Editorial","url":"https:\/\/letrame.com\/catalogo\/","logo":{"@type":"ImageObject","inLanguage":"es","@id":"https:\/\/letrame.com\/catalogo\/#\/schema\/logo\/image\/","url":"https:\/\/letrame.com\/catalogo\/wp-content\/uploads\/2024\/03\/logo2.webp","contentUrl":"https:\/\/letrame.com\/catalogo\/wp-content\/uploads\/2024\/03\/logo2.webp","width":394,"height":128,"caption":"Catalogo | Letrame Grupo Editorial"},"image":{"@id":"https:\/\/letrame.com\/catalogo\/#\/schema\/logo\/image\/"}}]}},"_links":{"self":[{"href":"https:\/\/letrame.com\/catalogo\/wp-json\/wp\/v2\/product\/99019","targetHints":{"allow":["GET"]}}],"collection":[{"href":"https:\/\/letrame.com\/catalogo\/wp-json\/wp\/v2\/product"}],"about":[{"href":"https:\/\/letrame.com\/catalogo\/wp-json\/wp\/v2\/types\/product"}],"replies":[{"embeddable":true,"href":"https:\/\/letrame.com\/catalogo\/wp-json\/wp\/v2\/comments?post=99019"}],"acf:post":[{"embeddable":true,"href":"https:\/\/letrame.com\/catalogo\/wp-json\/wp\/v2\/author_book\/77410"}],"wp:featuredmedia":[{"embeddable":true,"href":"https:\/\/letrame.com\/catalogo\/wp-json\/wp\/v2\/media\/99020"}],"wp:attachment":[{"href":"https:\/\/letrame.com\/catalogo\/wp-json\/wp\/v2\/media?parent=99019"}],"wp:term":[{"taxonomy":"libro","embeddable":true,"href":"https:\/\/letrame.com\/catalogo\/wp-json\/wp\/v2\/libro?post=99019"},{"taxonomy":"product_brand","embeddable":true,"href":"https:\/\/letrame.com\/catalogo\/wp-json\/wp\/v2\/product_brand?post=99019"},{"taxonomy":"product_cat","embeddable":true,"href":"https:\/\/letrame.com\/catalogo\/wp-json\/wp\/v2\/product_cat?post=99019"},{"taxonomy":"product_tag","embeddable":true,"href":"https:\/\/letrame.com\/catalogo\/wp-json\/wp\/v2\/product_tag?post=99019"}],"curies":[{"name":"wp","href":"https:\/\/api.w.org\/{rel}","templated":true}]}}