{"id":99011,"date":"2024-04-29T15:36:34","date_gmt":"2024-04-29T13:36:34","guid":{"rendered":"https:\/\/letrame.com\/catalogo\/producto\/el-ruido-presente-en-tiempos-pasados\/"},"modified":"2024-04-29T15:36:49","modified_gmt":"2024-04-29T13:36:49","slug":"el-ruido-presente-en-tiempos-pasados","status":"publish","type":"product","link":"https:\/\/letrame.com\/catalogo\/producto\/el-ruido-presente-en-tiempos-pasados\/","title":{"rendered":"El ruido presente en tiempos pasados"},"content":{"rendered":"<p><strong>ISBN<\/strong>: 978-84-1144-743-0<\/p>\n<p><strong>T\u00edtulo<\/strong>: El ruido presente en tiempos pasados<br \/>\n<strong>Fecha<\/strong>: 2023<br \/>\n<strong>P\u00e1ginas<\/strong>: 96<\/p>\n<p><strong>SINOPSIS<\/strong><\/p>\n<p>Una canci\u00f3n, una palabra dicha de cierta manera, un olor que nos es familiar\u2026 Poco hace falta para que el recuerdo se haga presente, nos golpee con fuerza y baje todas y cada una de nuestras defensas.<\/p>\n<p>En El ruido presente en tiempos pasados, Iv\u00e1n Manuel Rosdan vuelve a pasar por el coraz\u00f3n, el suyo, para disfrutar y padecer con lo que all\u00ed encuentra. Y nos extiende una invitaci\u00f3n a acompa\u00f1arle, para que luego hagamos lo propio con nuestros recuerdos.<\/p>\n<p>An\u00edmate a emprender este viaje. Te prometemos que no volver\u00e1s siendo la misma persona.<\/p>\n<p>&nbsp;<\/p>\n","protected":false},"excerpt":{"rendered":"<p><strong>ISBN<\/strong>: 978-84-1144-743-0<\/p>\n<p><strong>SINOPSIS<\/strong><\/p>\n<p>Una canci\u00f3n, una palabra dicha de cierta manera, un olor que nos es familiar\u2026 Poco hace falta para que el recuerdo se haga presente, nos golpee con fuerza y baje todas y cada una de nuestras defensas.<\/p>\n<p>En El ruido presente en tiempos pasados, Iv\u00e1n Manuel Rosdan vuelve a pasar por el coraz\u00f3n, el suyo, para disfrutar y padecer con lo que all\u00ed encuentra. Y nos extiende una invitaci\u00f3n a acompa\u00f1arle, para que luego hagamos lo propio con nuestros recuerdos.<\/p>\n<p>An\u00edmate a emprender este viaje. Te prometemos que no volver\u00e1s siendo la misma persona.<\/p>\n<p>&nbsp;<\/p>\n","protected":false},"featured_media":99012,"comment_status":"closed","ping_status":"open","template":"","meta":{"_acf_changed":false},"libro":[],"product_brand":[],"product_cat":[26],"product_tag":[],"class_list":{"0":"post-99011","1":"product","2":"type-product","3":"status-publish","4":"has-post-thumbnail","6":"product_cat-sin-categoria","8":"first","9":"instock","10":"product-type-simple"},"acf":{"autor":[77406],"enlace_de_compra":""},"yoast_head":"<!-- This site is optimized with the Yoast SEO plugin v26.6 - https:\/\/yoast.com\/wordpress\/plugins\/seo\/ -->\n<title>El ruido presente en tiempos pasados - Catalogo | Letrame Grupo Editorial<\/title>\n<meta name=\"robots\" content=\"index, follow, max-snippet:-1, max-image-preview:large, max-video-preview:-1\" \/>\n<link rel=\"canonical\" href=\"https:\/\/letrame.com\/catalogo\/producto\/el-ruido-presente-en-tiempos-pasados\/\" \/>\n<meta property=\"og:locale\" content=\"es_ES\" \/>\n<meta property=\"og:type\" content=\"article\" \/>\n<meta property=\"og:title\" content=\"El ruido presente en tiempos pasados - Catalogo | Letrame Grupo Editorial\" \/>\n<meta property=\"og:description\" content=\"ISBN: 978-84-1144-743-0 SINOPSIS Una canci\u00f3n, una palabra dicha de cierta manera, un olor que nos es familiar\u2026 Poco hace falta para que el recuerdo se haga presente, nos golpee con fuerza y baje todas y cada una de nuestras defensas. En El ruido presente en tiempos pasados, Iv\u00e1n Manuel Rosdan vuelve a pasar por el coraz\u00f3n, el suyo, para disfrutar y padecer con lo que all\u00ed encuentra. Y nos extiende una invitaci\u00f3n a acompa\u00f1arle, para que luego hagamos lo propio con nuestros recuerdos. An\u00edmate a emprender este viaje. Te prometemos que no volver\u00e1s siendo la misma persona. &nbsp;\" \/>\n<meta property=\"og:url\" content=\"https:\/\/letrame.com\/catalogo\/producto\/el-ruido-presente-en-tiempos-pasados\/\" \/>\n<meta property=\"og:site_name\" content=\"Catalogo | Letrame Grupo Editorial\" \/>\n<meta property=\"article:modified_time\" content=\"2024-04-29T13:36:49+00:00\" \/>\n<meta property=\"og:image\" content=\"https:\/\/letrame.com\/catalogo\/wp-content\/uploads\/2024\/04\/WEBPORTADAelruido_55mm-compressed.jpg\" \/>\n\t<meta property=\"og:image:width\" content=\"601\" \/>\n\t<meta property=\"og:image:height\" content=\"922\" \/>\n\t<meta property=\"og:image:type\" content=\"image\/jpeg\" \/>\n<meta name=\"twitter:card\" content=\"summary_large_image\" \/>\n<meta name=\"twitter:label1\" content=\"Tiempo de lectura\" \/>\n\t<meta name=\"twitter:data1\" content=\"1 minuto\" \/>\n<script type=\"application\/ld+json\" class=\"yoast-schema-graph\">{\"@context\":\"https:\/\/schema.org\",\"@graph\":[{\"@type\":\"WebPage\",\"@id\":\"https:\/\/letrame.com\/catalogo\/producto\/el-ruido-presente-en-tiempos-pasados\/\",\"url\":\"https:\/\/letrame.com\/catalogo\/producto\/el-ruido-presente-en-tiempos-pasados\/\",\"name\":\"El ruido presente en tiempos pasados - Catalogo | Letrame Grupo Editorial\",\"isPartOf\":{\"@id\":\"https:\/\/letrame.com\/catalogo\/#website\"},\"primaryImageOfPage\":{\"@id\":\"https:\/\/letrame.com\/catalogo\/producto\/el-ruido-presente-en-tiempos-pasados\/#primaryimage\"},\"image\":{\"@id\":\"https:\/\/letrame.com\/catalogo\/producto\/el-ruido-presente-en-tiempos-pasados\/#primaryimage\"},\"thumbnailUrl\":\"https:\/\/letrame.com\/catalogo\/wp-content\/uploads\/2024\/04\/WEBPORTADAelruido_55mm-compressed.jpg\",\"datePublished\":\"2024-04-29T13:36:34+00:00\",\"dateModified\":\"2024-04-29T13:36:49+00:00\",\"breadcrumb\":{\"@id\":\"https:\/\/letrame.com\/catalogo\/producto\/el-ruido-presente-en-tiempos-pasados\/#breadcrumb\"},\"inLanguage\":\"es\",\"potentialAction\":[{\"@type\":\"ReadAction\",\"target\":[\"https:\/\/letrame.com\/catalogo\/producto\/el-ruido-presente-en-tiempos-pasados\/\"]}]},{\"@type\":\"ImageObject\",\"inLanguage\":\"es\",\"@id\":\"https:\/\/letrame.com\/catalogo\/producto\/el-ruido-presente-en-tiempos-pasados\/#primaryimage\",\"url\":\"https:\/\/letrame.com\/catalogo\/wp-content\/uploads\/2024\/04\/WEBPORTADAelruido_55mm-compressed.jpg\",\"contentUrl\":\"https:\/\/letrame.com\/catalogo\/wp-content\/uploads\/2024\/04\/WEBPORTADAelruido_55mm-compressed.jpg\",\"width\":601,\"height\":922},{\"@type\":\"BreadcrumbList\",\"@id\":\"https:\/\/letrame.com\/catalogo\/producto\/el-ruido-presente-en-tiempos-pasados\/#breadcrumb\",\"itemListElement\":[{\"@type\":\"ListItem\",\"position\":1,\"name\":\"Portada\",\"item\":\"https:\/\/letrame.com\/catalogo\/\"},{\"@type\":\"ListItem\",\"position\":2,\"name\":\"Cat\u00e1logo\",\"item\":\"https:\/\/letrame.com\/catalogo\/\"},{\"@type\":\"ListItem\",\"position\":3,\"name\":\"El ruido presente en tiempos pasados\"}]},{\"@type\":\"WebSite\",\"@id\":\"https:\/\/letrame.com\/catalogo\/#website\",\"url\":\"https:\/\/letrame.com\/catalogo\/\",\"name\":\"Catalogo | Letrame Grupo Editorial\",\"description\":\"\",\"publisher\":{\"@id\":\"https:\/\/letrame.com\/catalogo\/#organization\"},\"potentialAction\":[{\"@type\":\"SearchAction\",\"target\":{\"@type\":\"EntryPoint\",\"urlTemplate\":\"https:\/\/letrame.com\/catalogo\/?s={search_term_string}\"},\"query-input\":{\"@type\":\"PropertyValueSpecification\",\"valueRequired\":true,\"valueName\":\"search_term_string\"}}],\"inLanguage\":\"es\"},{\"@type\":\"Organization\",\"@id\":\"https:\/\/letrame.com\/catalogo\/#organization\",\"name\":\"Catalogo | Letrame Grupo Editorial\",\"url\":\"https:\/\/letrame.com\/catalogo\/\",\"logo\":{\"@type\":\"ImageObject\",\"inLanguage\":\"es\",\"@id\":\"https:\/\/letrame.com\/catalogo\/#\/schema\/logo\/image\/\",\"url\":\"https:\/\/letrame.com\/catalogo\/wp-content\/uploads\/2024\/03\/logo2.webp\",\"contentUrl\":\"https:\/\/letrame.com\/catalogo\/wp-content\/uploads\/2024\/03\/logo2.webp\",\"width\":394,\"height\":128,\"caption\":\"Catalogo | Letrame Grupo Editorial\"},\"image\":{\"@id\":\"https:\/\/letrame.com\/catalogo\/#\/schema\/logo\/image\/\"}}]}<\/script>\n<!-- \/ Yoast SEO plugin. -->","yoast_head_json":{"title":"El ruido presente en tiempos pasados - Catalogo | Letrame Grupo Editorial","robots":{"index":"index","follow":"follow","max-snippet":"max-snippet:-1","max-image-preview":"max-image-preview:large","max-video-preview":"max-video-preview:-1"},"canonical":"https:\/\/letrame.com\/catalogo\/producto\/el-ruido-presente-en-tiempos-pasados\/","og_locale":"es_ES","og_type":"article","og_title":"El ruido presente en tiempos pasados - Catalogo | Letrame Grupo Editorial","og_description":"ISBN: 978-84-1144-743-0 SINOPSIS Una canci\u00f3n, una palabra dicha de cierta manera, un olor que nos es familiar\u2026 Poco hace falta para que el recuerdo se haga presente, nos golpee con fuerza y baje todas y cada una de nuestras defensas. En El ruido presente en tiempos pasados, Iv\u00e1n Manuel Rosdan vuelve a pasar por el coraz\u00f3n, el suyo, para disfrutar y padecer con lo que all\u00ed encuentra. Y nos extiende una invitaci\u00f3n a acompa\u00f1arle, para que luego hagamos lo propio con nuestros recuerdos. An\u00edmate a emprender este viaje. Te prometemos que no volver\u00e1s siendo la misma persona. &nbsp;","og_url":"https:\/\/letrame.com\/catalogo\/producto\/el-ruido-presente-en-tiempos-pasados\/","og_site_name":"Catalogo | Letrame Grupo Editorial","article_modified_time":"2024-04-29T13:36:49+00:00","og_image":[{"width":601,"height":922,"url":"https:\/\/letrame.com\/catalogo\/wp-content\/uploads\/2024\/04\/WEBPORTADAelruido_55mm-compressed.jpg","type":"image\/jpeg"}],"twitter_card":"summary_large_image","twitter_misc":{"Tiempo de lectura":"1 minuto"},"schema":{"@context":"https:\/\/schema.org","@graph":[{"@type":"WebPage","@id":"https:\/\/letrame.com\/catalogo\/producto\/el-ruido-presente-en-tiempos-pasados\/","url":"https:\/\/letrame.com\/catalogo\/producto\/el-ruido-presente-en-tiempos-pasados\/","name":"El ruido presente en tiempos pasados - Catalogo | Letrame Grupo Editorial","isPartOf":{"@id":"https:\/\/letrame.com\/catalogo\/#website"},"primaryImageOfPage":{"@id":"https:\/\/letrame.com\/catalogo\/producto\/el-ruido-presente-en-tiempos-pasados\/#primaryimage"},"image":{"@id":"https:\/\/letrame.com\/catalogo\/producto\/el-ruido-presente-en-tiempos-pasados\/#primaryimage"},"thumbnailUrl":"https:\/\/letrame.com\/catalogo\/wp-content\/uploads\/2024\/04\/WEBPORTADAelruido_55mm-compressed.jpg","datePublished":"2024-04-29T13:36:34+00:00","dateModified":"2024-04-29T13:36:49+00:00","breadcrumb":{"@id":"https:\/\/letrame.com\/catalogo\/producto\/el-ruido-presente-en-tiempos-pasados\/#breadcrumb"},"inLanguage":"es","potentialAction":[{"@type":"ReadAction","target":["https:\/\/letrame.com\/catalogo\/producto\/el-ruido-presente-en-tiempos-pasados\/"]}]},{"@type":"ImageObject","inLanguage":"es","@id":"https:\/\/letrame.com\/catalogo\/producto\/el-ruido-presente-en-tiempos-pasados\/#primaryimage","url":"https:\/\/letrame.com\/catalogo\/wp-content\/uploads\/2024\/04\/WEBPORTADAelruido_55mm-compressed.jpg","contentUrl":"https:\/\/letrame.com\/catalogo\/wp-content\/uploads\/2024\/04\/WEBPORTADAelruido_55mm-compressed.jpg","width":601,"height":922},{"@type":"BreadcrumbList","@id":"https:\/\/letrame.com\/catalogo\/producto\/el-ruido-presente-en-tiempos-pasados\/#breadcrumb","itemListElement":[{"@type":"ListItem","position":1,"name":"Portada","item":"https:\/\/letrame.com\/catalogo\/"},{"@type":"ListItem","position":2,"name":"Cat\u00e1logo","item":"https:\/\/letrame.com\/catalogo\/"},{"@type":"ListItem","position":3,"name":"El ruido presente en tiempos pasados"}]},{"@type":"WebSite","@id":"https:\/\/letrame.com\/catalogo\/#website","url":"https:\/\/letrame.com\/catalogo\/","name":"Catalogo | Letrame Grupo Editorial","description":"","publisher":{"@id":"https:\/\/letrame.com\/catalogo\/#organization"},"potentialAction":[{"@type":"SearchAction","target":{"@type":"EntryPoint","urlTemplate":"https:\/\/letrame.com\/catalogo\/?s={search_term_string}"},"query-input":{"@type":"PropertyValueSpecification","valueRequired":true,"valueName":"search_term_string"}}],"inLanguage":"es"},{"@type":"Organization","@id":"https:\/\/letrame.com\/catalogo\/#organization","name":"Catalogo | Letrame Grupo Editorial","url":"https:\/\/letrame.com\/catalogo\/","logo":{"@type":"ImageObject","inLanguage":"es","@id":"https:\/\/letrame.com\/catalogo\/#\/schema\/logo\/image\/","url":"https:\/\/letrame.com\/catalogo\/wp-content\/uploads\/2024\/03\/logo2.webp","contentUrl":"https:\/\/letrame.com\/catalogo\/wp-content\/uploads\/2024\/03\/logo2.webp","width":394,"height":128,"caption":"Catalogo | Letrame Grupo Editorial"},"image":{"@id":"https:\/\/letrame.com\/catalogo\/#\/schema\/logo\/image\/"}}]}},"_links":{"self":[{"href":"https:\/\/letrame.com\/catalogo\/wp-json\/wp\/v2\/product\/99011","targetHints":{"allow":["GET"]}}],"collection":[{"href":"https:\/\/letrame.com\/catalogo\/wp-json\/wp\/v2\/product"}],"about":[{"href":"https:\/\/letrame.com\/catalogo\/wp-json\/wp\/v2\/types\/product"}],"replies":[{"embeddable":true,"href":"https:\/\/letrame.com\/catalogo\/wp-json\/wp\/v2\/comments?post=99011"}],"acf:post":[{"embeddable":true,"href":"https:\/\/letrame.com\/catalogo\/wp-json\/wp\/v2\/author_book\/77406"}],"wp:featuredmedia":[{"embeddable":true,"href":"https:\/\/letrame.com\/catalogo\/wp-json\/wp\/v2\/media\/99012"}],"wp:attachment":[{"href":"https:\/\/letrame.com\/catalogo\/wp-json\/wp\/v2\/media?parent=99011"}],"wp:term":[{"taxonomy":"libro","embeddable":true,"href":"https:\/\/letrame.com\/catalogo\/wp-json\/wp\/v2\/libro?post=99011"},{"taxonomy":"product_brand","embeddable":true,"href":"https:\/\/letrame.com\/catalogo\/wp-json\/wp\/v2\/product_brand?post=99011"},{"taxonomy":"product_cat","embeddable":true,"href":"https:\/\/letrame.com\/catalogo\/wp-json\/wp\/v2\/product_cat?post=99011"},{"taxonomy":"product_tag","embeddable":true,"href":"https:\/\/letrame.com\/catalogo\/wp-json\/wp\/v2\/product_tag?post=99011"}],"curies":[{"name":"wp","href":"https:\/\/api.w.org\/{rel}","templated":true}]}}