{"id":99007,"date":"2024-04-29T15:36:12","date_gmt":"2024-04-29T13:36:12","guid":{"rendered":"https:\/\/letrame.com\/catalogo\/producto\/reflejo-de-recursos-humanos-en-sanidad\/"},"modified":"2024-04-29T15:36:31","modified_gmt":"2024-04-29T13:36:31","slug":"reflejo-de-recursos-humanos-en-sanidad","status":"publish","type":"product","link":"https:\/\/letrame.com\/catalogo\/producto\/reflejo-de-recursos-humanos-en-sanidad\/","title":{"rendered":"Reflejo de Recursos Humanos en Sanidad"},"content":{"rendered":"<p><strong>ISBN<\/strong>: 978-84-1144-927-4<\/p>\n<p><strong>T\u00edtulo<\/strong>: Reflejo de Recursos Humanos en Sanidad<br \/>\n<strong>Fecha<\/strong>: 2023<br \/>\n<strong>P\u00e1ginas<\/strong>: 615<\/p>\n<p><strong>SINOPSIS<\/strong><\/p>\n<p>El autor, a trav\u00e9s del relato de su trayectoria profesional, pretende hacer part\u00edcipe al lector de su pasi\u00f3n por los recursos humanos, pero tambi\u00e9n de las dificultades que aparecen en el \u00e1mbito p\u00fablico sanitario cuando interfieren aspectos externos que van m\u00e1s all\u00e1 de las decisiones puramente t\u00e9cnicas. Con una visi\u00f3n cr\u00edtica y constructiva de la actual pol\u00edtica de recursos humanos, el libro nos acerca a cuestiones tan importantes como la planificaci\u00f3n, las relaciones personales, las relaciones sindicales, la necesidad de reestructurar y redistribuir, el pacto de estado y el consenso, el papel que juegan otros agentes, la suficiencia financiera\u2026 Este libro va dirigido a los gestores de recursos humanos, sobre todo a los nuevos gestores, con la intenci\u00f3n de que pueda orientarlos en la toma de decisiones y propuestas encaminadas a mejorar la gesti\u00f3n de los recursos humanos del Sistema Sanitario. La obra refleja el largo viaje recorrido por el autor a trav\u00e9s de la evoluci\u00f3n normativa y las conquistas experimentadas por los profesionales del \u00e1mbito sanitario.<\/p>\n<p>&nbsp;<\/p>\n","protected":false},"excerpt":{"rendered":"<p><strong>ISBN<\/strong>: 978-84-1144-927-4<\/p>\n<p><strong>SINOPSIS<\/strong><\/p>\n<p>El autor, a trav\u00e9s del relato de su trayectoria profesional, pretende hacer part\u00edcipe al lector de su pasi\u00f3n por los recursos humanos, pero tambi\u00e9n de las dificultades que aparecen en el \u00e1mbito p\u00fablico sanitario cuando interfieren aspectos externos que van m\u00e1s all\u00e1 de las decisiones puramente t\u00e9cnicas. Con una visi\u00f3n cr\u00edtica y constructiva de la actual pol\u00edtica de recursos humanos, el libro nos acerca a cuestiones tan importantes como la planificaci\u00f3n, las relaciones personales, las relaciones sindicales, la necesidad de reestructurar y redistribuir, el pacto de estado y el consenso, el papel que juegan otros agentes, la suficiencia financiera\u2026 Este libro va dirigido a los gestores de recursos humanos, sobre todo a los nuevos gestores, con la intenci\u00f3n de que pueda orientarlos en la toma de decisiones y propuestas encaminadas a mejorar la gesti\u00f3n de los recursos humanos del Sistema Sanitario. La obra refleja el largo viaje recorrido por el autor a trav\u00e9s de la evoluci\u00f3n normativa y las conquistas experimentadas por los profesionales del \u00e1mbito sanitario.<\/p>\n","protected":false},"featured_media":99008,"comment_status":"closed","ping_status":"open","template":"","meta":{"_acf_changed":false},"libro":[],"product_brand":[],"product_cat":[16],"product_tag":[],"class_list":{"0":"post-99007","1":"product","2":"type-product","3":"status-publish","4":"has-post-thumbnail","6":"product_cat-novela","8":"first","9":"instock","10":"product-type-simple"},"acf":{"autor":[77403],"enlace_de_compra":"https:\/\/www.amazon.es\/Reflejos-recursos-humanos-sanidad-Novela\/dp\/8411449270\/"},"yoast_head":"<!-- This site is optimized with the Yoast SEO plugin v26.6 - https:\/\/yoast.com\/wordpress\/plugins\/seo\/ -->\n<title>Reflejo de Recursos Humanos en Sanidad - Catalogo | Letrame Grupo Editorial<\/title>\n<meta name=\"robots\" content=\"index, follow, max-snippet:-1, max-image-preview:large, max-video-preview:-1\" \/>\n<link rel=\"canonical\" href=\"https:\/\/letrame.com\/catalogo\/producto\/reflejo-de-recursos-humanos-en-sanidad\/\" \/>\n<meta property=\"og:locale\" content=\"es_ES\" \/>\n<meta property=\"og:type\" content=\"article\" \/>\n<meta property=\"og:title\" content=\"Reflejo de Recursos Humanos en Sanidad - Catalogo | Letrame Grupo Editorial\" \/>\n<meta property=\"og:description\" content=\"ISBN: 978-84-1144-927-4 SINOPSIS El autor, a trav\u00e9s del relato de su trayectoria profesional, pretende hacer part\u00edcipe al lector de su pasi\u00f3n por los recursos humanos, pero tambi\u00e9n de las dificultades que aparecen en el \u00e1mbito p\u00fablico sanitario cuando interfieren aspectos externos que van m\u00e1s all\u00e1 de las decisiones puramente t\u00e9cnicas. Con una visi\u00f3n cr\u00edtica y constructiva de la actual pol\u00edtica de recursos humanos, el libro nos acerca a cuestiones tan importantes como la planificaci\u00f3n, las relaciones personales, las relaciones sindicales, la necesidad de reestructurar y redistribuir, el pacto de estado y el consenso, el papel que juegan otros agentes, la suficiencia financiera\u2026 Este libro va dirigido a los gestores de recursos humanos, sobre todo a los nuevos gestores, con la intenci\u00f3n de que pueda orientarlos en la toma de decisiones y propuestas encaminadas a mejorar la gesti\u00f3n de los recursos humanos del Sistema Sanitario. La obra refleja el largo viaje recorrido por el autor a trav\u00e9s de la evoluci\u00f3n normativa y las conquistas experimentadas por los profesionales del \u00e1mbito sanitario.\" \/>\n<meta property=\"og:url\" content=\"https:\/\/letrame.com\/catalogo\/producto\/reflejo-de-recursos-humanos-en-sanidad\/\" \/>\n<meta property=\"og:site_name\" content=\"Catalogo | Letrame Grupo Editorial\" \/>\n<meta property=\"article:modified_time\" content=\"2024-04-29T13:36:31+00:00\" \/>\n<meta property=\"og:image\" content=\"https:\/\/letrame.com\/catalogo\/wp-content\/uploads\/2024\/04\/web_portada_reflejosderecuros_2943mm-compressed.jpg\" \/>\n\t<meta property=\"og:image:width\" content=\"601\" \/>\n\t<meta property=\"og:image:height\" content=\"849\" \/>\n\t<meta property=\"og:image:type\" content=\"image\/jpeg\" \/>\n<meta name=\"twitter:card\" content=\"summary_large_image\" \/>\n<meta name=\"twitter:label1\" content=\"Tiempo de lectura\" \/>\n\t<meta name=\"twitter:data1\" content=\"1 minuto\" \/>\n<script type=\"application\/ld+json\" class=\"yoast-schema-graph\">{\"@context\":\"https:\/\/schema.org\",\"@graph\":[{\"@type\":\"WebPage\",\"@id\":\"https:\/\/letrame.com\/catalogo\/producto\/reflejo-de-recursos-humanos-en-sanidad\/\",\"url\":\"https:\/\/letrame.com\/catalogo\/producto\/reflejo-de-recursos-humanos-en-sanidad\/\",\"name\":\"Reflejo de Recursos Humanos en Sanidad - Catalogo | Letrame Grupo Editorial\",\"isPartOf\":{\"@id\":\"https:\/\/letrame.com\/catalogo\/#website\"},\"primaryImageOfPage\":{\"@id\":\"https:\/\/letrame.com\/catalogo\/producto\/reflejo-de-recursos-humanos-en-sanidad\/#primaryimage\"},\"image\":{\"@id\":\"https:\/\/letrame.com\/catalogo\/producto\/reflejo-de-recursos-humanos-en-sanidad\/#primaryimage\"},\"thumbnailUrl\":\"https:\/\/letrame.com\/catalogo\/wp-content\/uploads\/2024\/04\/web_portada_reflejosderecuros_2943mm-compressed.jpg\",\"datePublished\":\"2024-04-29T13:36:12+00:00\",\"dateModified\":\"2024-04-29T13:36:31+00:00\",\"breadcrumb\":{\"@id\":\"https:\/\/letrame.com\/catalogo\/producto\/reflejo-de-recursos-humanos-en-sanidad\/#breadcrumb\"},\"inLanguage\":\"es\",\"potentialAction\":[{\"@type\":\"ReadAction\",\"target\":[\"https:\/\/letrame.com\/catalogo\/producto\/reflejo-de-recursos-humanos-en-sanidad\/\"]}]},{\"@type\":\"ImageObject\",\"inLanguage\":\"es\",\"@id\":\"https:\/\/letrame.com\/catalogo\/producto\/reflejo-de-recursos-humanos-en-sanidad\/#primaryimage\",\"url\":\"https:\/\/letrame.com\/catalogo\/wp-content\/uploads\/2024\/04\/web_portada_reflejosderecuros_2943mm-compressed.jpg\",\"contentUrl\":\"https:\/\/letrame.com\/catalogo\/wp-content\/uploads\/2024\/04\/web_portada_reflejosderecuros_2943mm-compressed.jpg\",\"width\":601,\"height\":849},{\"@type\":\"BreadcrumbList\",\"@id\":\"https:\/\/letrame.com\/catalogo\/producto\/reflejo-de-recursos-humanos-en-sanidad\/#breadcrumb\",\"itemListElement\":[{\"@type\":\"ListItem\",\"position\":1,\"name\":\"Portada\",\"item\":\"https:\/\/letrame.com\/catalogo\/\"},{\"@type\":\"ListItem\",\"position\":2,\"name\":\"Cat\u00e1logo\",\"item\":\"https:\/\/letrame.com\/catalogo\/\"},{\"@type\":\"ListItem\",\"position\":3,\"name\":\"Reflejo de Recursos Humanos en Sanidad\"}]},{\"@type\":\"WebSite\",\"@id\":\"https:\/\/letrame.com\/catalogo\/#website\",\"url\":\"https:\/\/letrame.com\/catalogo\/\",\"name\":\"Catalogo | Letrame Grupo Editorial\",\"description\":\"\",\"publisher\":{\"@id\":\"https:\/\/letrame.com\/catalogo\/#organization\"},\"potentialAction\":[{\"@type\":\"SearchAction\",\"target\":{\"@type\":\"EntryPoint\",\"urlTemplate\":\"https:\/\/letrame.com\/catalogo\/?s={search_term_string}\"},\"query-input\":{\"@type\":\"PropertyValueSpecification\",\"valueRequired\":true,\"valueName\":\"search_term_string\"}}],\"inLanguage\":\"es\"},{\"@type\":\"Organization\",\"@id\":\"https:\/\/letrame.com\/catalogo\/#organization\",\"name\":\"Catalogo | Letrame Grupo Editorial\",\"url\":\"https:\/\/letrame.com\/catalogo\/\",\"logo\":{\"@type\":\"ImageObject\",\"inLanguage\":\"es\",\"@id\":\"https:\/\/letrame.com\/catalogo\/#\/schema\/logo\/image\/\",\"url\":\"https:\/\/letrame.com\/catalogo\/wp-content\/uploads\/2024\/03\/logo2.webp\",\"contentUrl\":\"https:\/\/letrame.com\/catalogo\/wp-content\/uploads\/2024\/03\/logo2.webp\",\"width\":394,\"height\":128,\"caption\":\"Catalogo | Letrame Grupo Editorial\"},\"image\":{\"@id\":\"https:\/\/letrame.com\/catalogo\/#\/schema\/logo\/image\/\"}}]}<\/script>\n<!-- \/ Yoast SEO plugin. -->","yoast_head_json":{"title":"Reflejo de Recursos Humanos en Sanidad - Catalogo | Letrame Grupo Editorial","robots":{"index":"index","follow":"follow","max-snippet":"max-snippet:-1","max-image-preview":"max-image-preview:large","max-video-preview":"max-video-preview:-1"},"canonical":"https:\/\/letrame.com\/catalogo\/producto\/reflejo-de-recursos-humanos-en-sanidad\/","og_locale":"es_ES","og_type":"article","og_title":"Reflejo de Recursos Humanos en Sanidad - Catalogo | Letrame Grupo Editorial","og_description":"ISBN: 978-84-1144-927-4 SINOPSIS El autor, a trav\u00e9s del relato de su trayectoria profesional, pretende hacer part\u00edcipe al lector de su pasi\u00f3n por los recursos humanos, pero tambi\u00e9n de las dificultades que aparecen en el \u00e1mbito p\u00fablico sanitario cuando interfieren aspectos externos que van m\u00e1s all\u00e1 de las decisiones puramente t\u00e9cnicas. Con una visi\u00f3n cr\u00edtica y constructiva de la actual pol\u00edtica de recursos humanos, el libro nos acerca a cuestiones tan importantes como la planificaci\u00f3n, las relaciones personales, las relaciones sindicales, la necesidad de reestructurar y redistribuir, el pacto de estado y el consenso, el papel que juegan otros agentes, la suficiencia financiera\u2026 Este libro va dirigido a los gestores de recursos humanos, sobre todo a los nuevos gestores, con la intenci\u00f3n de que pueda orientarlos en la toma de decisiones y propuestas encaminadas a mejorar la gesti\u00f3n de los recursos humanos del Sistema Sanitario. La obra refleja el largo viaje recorrido por el autor a trav\u00e9s de la evoluci\u00f3n normativa y las conquistas experimentadas por los profesionales del \u00e1mbito sanitario.","og_url":"https:\/\/letrame.com\/catalogo\/producto\/reflejo-de-recursos-humanos-en-sanidad\/","og_site_name":"Catalogo | Letrame Grupo Editorial","article_modified_time":"2024-04-29T13:36:31+00:00","og_image":[{"width":601,"height":849,"url":"https:\/\/letrame.com\/catalogo\/wp-content\/uploads\/2024\/04\/web_portada_reflejosderecuros_2943mm-compressed.jpg","type":"image\/jpeg"}],"twitter_card":"summary_large_image","twitter_misc":{"Tiempo de lectura":"1 minuto"},"schema":{"@context":"https:\/\/schema.org","@graph":[{"@type":"WebPage","@id":"https:\/\/letrame.com\/catalogo\/producto\/reflejo-de-recursos-humanos-en-sanidad\/","url":"https:\/\/letrame.com\/catalogo\/producto\/reflejo-de-recursos-humanos-en-sanidad\/","name":"Reflejo de Recursos Humanos en Sanidad - Catalogo | Letrame Grupo Editorial","isPartOf":{"@id":"https:\/\/letrame.com\/catalogo\/#website"},"primaryImageOfPage":{"@id":"https:\/\/letrame.com\/catalogo\/producto\/reflejo-de-recursos-humanos-en-sanidad\/#primaryimage"},"image":{"@id":"https:\/\/letrame.com\/catalogo\/producto\/reflejo-de-recursos-humanos-en-sanidad\/#primaryimage"},"thumbnailUrl":"https:\/\/letrame.com\/catalogo\/wp-content\/uploads\/2024\/04\/web_portada_reflejosderecuros_2943mm-compressed.jpg","datePublished":"2024-04-29T13:36:12+00:00","dateModified":"2024-04-29T13:36:31+00:00","breadcrumb":{"@id":"https:\/\/letrame.com\/catalogo\/producto\/reflejo-de-recursos-humanos-en-sanidad\/#breadcrumb"},"inLanguage":"es","potentialAction":[{"@type":"ReadAction","target":["https:\/\/letrame.com\/catalogo\/producto\/reflejo-de-recursos-humanos-en-sanidad\/"]}]},{"@type":"ImageObject","inLanguage":"es","@id":"https:\/\/letrame.com\/catalogo\/producto\/reflejo-de-recursos-humanos-en-sanidad\/#primaryimage","url":"https:\/\/letrame.com\/catalogo\/wp-content\/uploads\/2024\/04\/web_portada_reflejosderecuros_2943mm-compressed.jpg","contentUrl":"https:\/\/letrame.com\/catalogo\/wp-content\/uploads\/2024\/04\/web_portada_reflejosderecuros_2943mm-compressed.jpg","width":601,"height":849},{"@type":"BreadcrumbList","@id":"https:\/\/letrame.com\/catalogo\/producto\/reflejo-de-recursos-humanos-en-sanidad\/#breadcrumb","itemListElement":[{"@type":"ListItem","position":1,"name":"Portada","item":"https:\/\/letrame.com\/catalogo\/"},{"@type":"ListItem","position":2,"name":"Cat\u00e1logo","item":"https:\/\/letrame.com\/catalogo\/"},{"@type":"ListItem","position":3,"name":"Reflejo de Recursos Humanos en Sanidad"}]},{"@type":"WebSite","@id":"https:\/\/letrame.com\/catalogo\/#website","url":"https:\/\/letrame.com\/catalogo\/","name":"Catalogo | Letrame Grupo Editorial","description":"","publisher":{"@id":"https:\/\/letrame.com\/catalogo\/#organization"},"potentialAction":[{"@type":"SearchAction","target":{"@type":"EntryPoint","urlTemplate":"https:\/\/letrame.com\/catalogo\/?s={search_term_string}"},"query-input":{"@type":"PropertyValueSpecification","valueRequired":true,"valueName":"search_term_string"}}],"inLanguage":"es"},{"@type":"Organization","@id":"https:\/\/letrame.com\/catalogo\/#organization","name":"Catalogo | Letrame Grupo Editorial","url":"https:\/\/letrame.com\/catalogo\/","logo":{"@type":"ImageObject","inLanguage":"es","@id":"https:\/\/letrame.com\/catalogo\/#\/schema\/logo\/image\/","url":"https:\/\/letrame.com\/catalogo\/wp-content\/uploads\/2024\/03\/logo2.webp","contentUrl":"https:\/\/letrame.com\/catalogo\/wp-content\/uploads\/2024\/03\/logo2.webp","width":394,"height":128,"caption":"Catalogo | Letrame Grupo Editorial"},"image":{"@id":"https:\/\/letrame.com\/catalogo\/#\/schema\/logo\/image\/"}}]}},"_links":{"self":[{"href":"https:\/\/letrame.com\/catalogo\/wp-json\/wp\/v2\/product\/99007","targetHints":{"allow":["GET"]}}],"collection":[{"href":"https:\/\/letrame.com\/catalogo\/wp-json\/wp\/v2\/product"}],"about":[{"href":"https:\/\/letrame.com\/catalogo\/wp-json\/wp\/v2\/types\/product"}],"replies":[{"embeddable":true,"href":"https:\/\/letrame.com\/catalogo\/wp-json\/wp\/v2\/comments?post=99007"}],"acf:post":[{"embeddable":true,"href":"https:\/\/letrame.com\/catalogo\/wp-json\/wp\/v2\/author_book\/77403"}],"wp:featuredmedia":[{"embeddable":true,"href":"https:\/\/letrame.com\/catalogo\/wp-json\/wp\/v2\/media\/99008"}],"wp:attachment":[{"href":"https:\/\/letrame.com\/catalogo\/wp-json\/wp\/v2\/media?parent=99007"}],"wp:term":[{"taxonomy":"libro","embeddable":true,"href":"https:\/\/letrame.com\/catalogo\/wp-json\/wp\/v2\/libro?post=99007"},{"taxonomy":"product_brand","embeddable":true,"href":"https:\/\/letrame.com\/catalogo\/wp-json\/wp\/v2\/product_brand?post=99007"},{"taxonomy":"product_cat","embeddable":true,"href":"https:\/\/letrame.com\/catalogo\/wp-json\/wp\/v2\/product_cat?post=99007"},{"taxonomy":"product_tag","embeddable":true,"href":"https:\/\/letrame.com\/catalogo\/wp-json\/wp\/v2\/product_tag?post=99007"}],"curies":[{"name":"wp","href":"https:\/\/api.w.org\/{rel}","templated":true}]}}