{"id":99005,"date":"2024-04-29T15:36:12","date_gmt":"2024-04-29T13:36:12","guid":{"rendered":"https:\/\/letrame.com\/catalogo\/producto\/un-perro-muerto-en-la-orilla\/"},"modified":"2024-04-29T15:36:28","modified_gmt":"2024-04-29T13:36:28","slug":"un-perro-muerto-en-la-orilla","status":"publish","type":"product","link":"https:\/\/letrame.com\/catalogo\/producto\/un-perro-muerto-en-la-orilla\/","title":{"rendered":"Un perro muerto en la orilla"},"content":{"rendered":"<p><strong>ISBN<\/strong>: 978-84-1144-918-2<\/p>\n<p><strong>T\u00edtulo<\/strong>: Un perro muerto en la orilla<br \/>\n<strong>Fecha<\/strong>: 2023<br \/>\n<strong>P\u00e1ginas<\/strong>: 172<\/p>\n<p><strong>SINOPSIS<\/strong><\/p>\n<p>Ciudad Ju\u00e1rez, entre 2013 y 2017. Los taxistas del Sitio Moridero (Pocamadre, Zebul\u00f3n, Elvispresli, El Cuacua y Blasillo) contin\u00faan viviendo la ciudad y sobreviviendo en los d\u00edas de interregno, despu\u00e9s de los a\u00f1os de la Furia, los a\u00f1os de guerra contra el narco. Hasta el Papa Francisco quiere visitar Ciudad Ju\u00e1rez, conocida como La Bestia. La urbe parece haber regresado a la antigua paz y normalidad que anta\u00f1o dominaba las calles, pero s\u00f3lo en apariencia: en barriadas y parajes remotos, en rincones imprevistos y plazas p\u00fablicas, la muerte sigue cobr\u00e1ndose sus v\u00edctimas inocentes, a veces s\u00f3lo culpables de seguir vivas. En la presente obra, estos taxistas de Ciudad Ju\u00e1rez libran sus pen\u00faltimas batallas: contra la nostalgia y la muerte, contra el tiempo que todo lo consume, contra la incertidumbre de ver pasar los d\u00edas mientras libran sus luchas cotidianas y malviven al volante para ganar unos pesos. En las historias que atraviesan las vidas de estos taxistas aparecen el papa Francisco y John Wayne; un inocente salva la vida en Ju\u00e1rez para morir en N\u00e1poles; las jaur\u00edas de perros salvajes imponen justicia donde la ley no llega; los criminales siguen viviendo una vida de pr\u00edncipes en un reino de siervos; y, en definitiva, la democracia no m\u00e1s que es un perro muerto en la orilla del camino desde la vieja N\u00e1poles en Italia hasta Ciudad Ju\u00e1rez en el norte mexicano.<\/p>\n","protected":false},"excerpt":{"rendered":"<p><strong>ISBN<\/strong>: 978-84-1144-918-2<\/p>\n<p><strong>SINOPSIS<\/strong><\/p>\n<p>Ciudad Ju\u00e1rez, entre 2013 y 2017. Los taxistas del Sitio Moridero (Pocamadre, Zebul\u00f3n, Elvispresli, El Cuacua y Blasillo) contin\u00faan viviendo la ciudad y sobreviviendo en los d\u00edas de interregno, despu\u00e9s de los a\u00f1os de la Furia, los a\u00f1os de guerra contra el narco. Hasta el Papa Francisco quiere visitar Ciudad Ju\u00e1rez, conocida como La Bestia. La urbe parece haber regresado a la antigua paz y normalidad que anta\u00f1o dominaba las calles, pero s\u00f3lo en apariencia: en barriadas y parajes remotos, en rincones imprevistos y plazas p\u00fablicas, la muerte sigue cobr\u00e1ndose sus v\u00edctimas inocentes, a veces s\u00f3lo culpables de seguir vivas. En la presente obra, estos taxistas de Ciudad Ju\u00e1rez libran sus pen\u00faltimas batallas: contra la nostalgia y la muerte, contra el tiempo que todo lo consume, contra la incertidumbre de ver pasar los d\u00edas mientras libran sus luchas cotidianas y malviven al volante para ganar unos pesos. En las historias que atraviesan las vidas de estos taxistas aparecen el papa Francisco y John Wayne; un inocente salva la vida en Ju\u00e1rez para morir en N\u00e1poles; las jaur\u00edas de perros salvajes imponen justicia donde la ley no llega; los criminales siguen viviendo una vida de pr\u00edncipes en un reino de siervos; y, en definitiva, la democracia no m\u00e1s que es un perro muerto en la orilla del camino desde la vieja N\u00e1poles en Italia hasta Ciudad Ju\u00e1rez en el norte mexicano.<\/p>\n","protected":false},"featured_media":99006,"comment_status":"closed","ping_status":"open","template":"","meta":{"_acf_changed":false},"libro":[],"product_brand":[],"product_cat":[26],"product_tag":[],"class_list":{"0":"post-99005","1":"product","2":"type-product","3":"status-publish","4":"has-post-thumbnail","6":"product_cat-sin-categoria","8":"first","9":"instock","10":"product-type-simple"},"acf":{"autor":[77401],"enlace_de_compra":"https:\/\/www.amazon.es\/perro-muerto-orilla-del-camino\/dp\/8411449181"},"yoast_head":"<!-- This site is optimized with the Yoast SEO plugin v27.4 - https:\/\/yoast.com\/product\/yoast-seo-wordpress\/ -->\n<title>Un perro muerto en la orilla - Catalogo | Letrame Grupo Editorial<\/title>\n<meta name=\"robots\" content=\"index, follow, max-snippet:-1, max-image-preview:large, max-video-preview:-1\" \/>\n<link rel=\"canonical\" href=\"https:\/\/letrame.com\/catalogo\/producto\/un-perro-muerto-en-la-orilla\/\" \/>\n<meta property=\"og:locale\" content=\"es_ES\" \/>\n<meta property=\"og:type\" content=\"article\" \/>\n<meta property=\"og:title\" content=\"Un perro muerto en la orilla - Catalogo | Letrame Grupo Editorial\" \/>\n<meta property=\"og:description\" content=\"ISBN: 978-84-1144-918-2 SINOPSIS Ciudad Ju\u00e1rez, entre 2013 y 2017. Los taxistas del Sitio Moridero (Pocamadre, Zebul\u00f3n, Elvispresli, El Cuacua y Blasillo) contin\u00faan viviendo la ciudad y sobreviviendo en los d\u00edas de interregno, despu\u00e9s de los a\u00f1os de la Furia, los a\u00f1os de guerra contra el narco. Hasta el Papa Francisco quiere visitar Ciudad Ju\u00e1rez, conocida como La Bestia. La urbe parece haber regresado a la antigua paz y normalidad que anta\u00f1o dominaba las calles, pero s\u00f3lo en apariencia: en barriadas y parajes remotos, en rincones imprevistos y plazas p\u00fablicas, la muerte sigue cobr\u00e1ndose sus v\u00edctimas inocentes, a veces s\u00f3lo culpables de seguir vivas. En la presente obra, estos taxistas de Ciudad Ju\u00e1rez libran sus pen\u00faltimas batallas: contra la nostalgia y la muerte, contra el tiempo que todo lo consume, contra la incertidumbre de ver pasar los d\u00edas mientras libran sus luchas cotidianas y malviven al volante para ganar unos pesos. En las historias que atraviesan las vidas de estos taxistas aparecen el papa Francisco y John Wayne; un inocente salva la vida en Ju\u00e1rez para morir en N\u00e1poles; las jaur\u00edas de perros salvajes imponen justicia donde la ley no llega; los criminales siguen viviendo una vida de pr\u00edncipes en un reino de siervos; y, en definitiva, la democracia no m\u00e1s que es un perro muerto en la orilla del camino desde la vieja N\u00e1poles en Italia hasta Ciudad Ju\u00e1rez en el norte mexicano.\" \/>\n<meta property=\"og:url\" content=\"https:\/\/letrame.com\/catalogo\/producto\/un-perro-muerto-en-la-orilla\/\" \/>\n<meta property=\"og:site_name\" content=\"Catalogo | Letrame Grupo Editorial\" \/>\n<meta property=\"article:modified_time\" content=\"2024-04-29T13:36:28+00:00\" \/>\n<meta property=\"og:image\" content=\"https:\/\/letrame.com\/catalogo\/wp-content\/uploads\/2024\/04\/web_portada_unperromuerto_9mm-compressed.jpg\" \/>\n\t<meta property=\"og:image:width\" content=\"601\" \/>\n\t<meta property=\"og:image:height\" content=\"881\" \/>\n\t<meta property=\"og:image:type\" content=\"image\/jpeg\" \/>\n<meta name=\"twitter:card\" content=\"summary_large_image\" \/>\n<meta name=\"twitter:label1\" content=\"Tiempo de lectura\" \/>\n\t<meta name=\"twitter:data1\" content=\"1 minuto\" \/>\n<script type=\"application\/ld+json\" class=\"yoast-schema-graph\">{\"@context\":\"https:\\\/\\\/schema.org\",\"@graph\":[{\"@type\":\"WebPage\",\"@id\":\"https:\\\/\\\/letrame.com\\\/catalogo\\\/producto\\\/un-perro-muerto-en-la-orilla\\\/\",\"url\":\"https:\\\/\\\/letrame.com\\\/catalogo\\\/producto\\\/un-perro-muerto-en-la-orilla\\\/\",\"name\":\"Un perro muerto en la orilla - Catalogo | Letrame Grupo Editorial\",\"isPartOf\":{\"@id\":\"https:\\\/\\\/letrame.com\\\/catalogo\\\/#website\"},\"primaryImageOfPage\":{\"@id\":\"https:\\\/\\\/letrame.com\\\/catalogo\\\/producto\\\/un-perro-muerto-en-la-orilla\\\/#primaryimage\"},\"image\":{\"@id\":\"https:\\\/\\\/letrame.com\\\/catalogo\\\/producto\\\/un-perro-muerto-en-la-orilla\\\/#primaryimage\"},\"thumbnailUrl\":\"https:\\\/\\\/letrame.com\\\/catalogo\\\/wp-content\\\/uploads\\\/2024\\\/04\\\/web_portada_unperromuerto_9mm-compressed.jpg\",\"datePublished\":\"2024-04-29T13:36:12+00:00\",\"dateModified\":\"2024-04-29T13:36:28+00:00\",\"breadcrumb\":{\"@id\":\"https:\\\/\\\/letrame.com\\\/catalogo\\\/producto\\\/un-perro-muerto-en-la-orilla\\\/#breadcrumb\"},\"inLanguage\":\"es\",\"potentialAction\":[{\"@type\":\"ReadAction\",\"target\":[\"https:\\\/\\\/letrame.com\\\/catalogo\\\/producto\\\/un-perro-muerto-en-la-orilla\\\/\"]}]},{\"@type\":\"ImageObject\",\"inLanguage\":\"es\",\"@id\":\"https:\\\/\\\/letrame.com\\\/catalogo\\\/producto\\\/un-perro-muerto-en-la-orilla\\\/#primaryimage\",\"url\":\"https:\\\/\\\/letrame.com\\\/catalogo\\\/wp-content\\\/uploads\\\/2024\\\/04\\\/web_portada_unperromuerto_9mm-compressed.jpg\",\"contentUrl\":\"https:\\\/\\\/letrame.com\\\/catalogo\\\/wp-content\\\/uploads\\\/2024\\\/04\\\/web_portada_unperromuerto_9mm-compressed.jpg\",\"width\":601,\"height\":881},{\"@type\":\"BreadcrumbList\",\"@id\":\"https:\\\/\\\/letrame.com\\\/catalogo\\\/producto\\\/un-perro-muerto-en-la-orilla\\\/#breadcrumb\",\"itemListElement\":[{\"@type\":\"ListItem\",\"position\":1,\"name\":\"Portada\",\"item\":\"https:\\\/\\\/letrame.com\\\/catalogo\\\/\"},{\"@type\":\"ListItem\",\"position\":2,\"name\":\"Cat\u00e1logo\",\"item\":\"https:\\\/\\\/letrame.com\\\/catalogo\\\/\"},{\"@type\":\"ListItem\",\"position\":3,\"name\":\"Un perro muerto en la orilla\"}]},{\"@type\":\"WebSite\",\"@id\":\"https:\\\/\\\/letrame.com\\\/catalogo\\\/#website\",\"url\":\"https:\\\/\\\/letrame.com\\\/catalogo\\\/\",\"name\":\"Catalogo | Letrame Grupo Editorial\",\"description\":\"\",\"publisher\":{\"@id\":\"https:\\\/\\\/letrame.com\\\/catalogo\\\/#organization\"},\"potentialAction\":[{\"@type\":\"SearchAction\",\"target\":{\"@type\":\"EntryPoint\",\"urlTemplate\":\"https:\\\/\\\/letrame.com\\\/catalogo\\\/?s={search_term_string}\"},\"query-input\":{\"@type\":\"PropertyValueSpecification\",\"valueRequired\":true,\"valueName\":\"search_term_string\"}}],\"inLanguage\":\"es\"},{\"@type\":\"Organization\",\"@id\":\"https:\\\/\\\/letrame.com\\\/catalogo\\\/#organization\",\"name\":\"Catalogo | Letrame Grupo Editorial\",\"url\":\"https:\\\/\\\/letrame.com\\\/catalogo\\\/\",\"logo\":{\"@type\":\"ImageObject\",\"inLanguage\":\"es\",\"@id\":\"https:\\\/\\\/letrame.com\\\/catalogo\\\/#\\\/schema\\\/logo\\\/image\\\/\",\"url\":\"https:\\\/\\\/letrame.com\\\/catalogo\\\/wp-content\\\/uploads\\\/2024\\\/03\\\/logo2.webp\",\"contentUrl\":\"https:\\\/\\\/letrame.com\\\/catalogo\\\/wp-content\\\/uploads\\\/2024\\\/03\\\/logo2.webp\",\"width\":394,\"height\":128,\"caption\":\"Catalogo | Letrame Grupo Editorial\"},\"image\":{\"@id\":\"https:\\\/\\\/letrame.com\\\/catalogo\\\/#\\\/schema\\\/logo\\\/image\\\/\"}}]}<\/script>\n<!-- \/ Yoast SEO plugin. -->","yoast_head_json":{"title":"Un perro muerto en la orilla - Catalogo | Letrame Grupo Editorial","robots":{"index":"index","follow":"follow","max-snippet":"max-snippet:-1","max-image-preview":"max-image-preview:large","max-video-preview":"max-video-preview:-1"},"canonical":"https:\/\/letrame.com\/catalogo\/producto\/un-perro-muerto-en-la-orilla\/","og_locale":"es_ES","og_type":"article","og_title":"Un perro muerto en la orilla - Catalogo | Letrame Grupo Editorial","og_description":"ISBN: 978-84-1144-918-2 SINOPSIS Ciudad Ju\u00e1rez, entre 2013 y 2017. Los taxistas del Sitio Moridero (Pocamadre, Zebul\u00f3n, Elvispresli, El Cuacua y Blasillo) contin\u00faan viviendo la ciudad y sobreviviendo en los d\u00edas de interregno, despu\u00e9s de los a\u00f1os de la Furia, los a\u00f1os de guerra contra el narco. Hasta el Papa Francisco quiere visitar Ciudad Ju\u00e1rez, conocida como La Bestia. La urbe parece haber regresado a la antigua paz y normalidad que anta\u00f1o dominaba las calles, pero s\u00f3lo en apariencia: en barriadas y parajes remotos, en rincones imprevistos y plazas p\u00fablicas, la muerte sigue cobr\u00e1ndose sus v\u00edctimas inocentes, a veces s\u00f3lo culpables de seguir vivas. En la presente obra, estos taxistas de Ciudad Ju\u00e1rez libran sus pen\u00faltimas batallas: contra la nostalgia y la muerte, contra el tiempo que todo lo consume, contra la incertidumbre de ver pasar los d\u00edas mientras libran sus luchas cotidianas y malviven al volante para ganar unos pesos. En las historias que atraviesan las vidas de estos taxistas aparecen el papa Francisco y John Wayne; un inocente salva la vida en Ju\u00e1rez para morir en N\u00e1poles; las jaur\u00edas de perros salvajes imponen justicia donde la ley no llega; los criminales siguen viviendo una vida de pr\u00edncipes en un reino de siervos; y, en definitiva, la democracia no m\u00e1s que es un perro muerto en la orilla del camino desde la vieja N\u00e1poles en Italia hasta Ciudad Ju\u00e1rez en el norte mexicano.","og_url":"https:\/\/letrame.com\/catalogo\/producto\/un-perro-muerto-en-la-orilla\/","og_site_name":"Catalogo | Letrame Grupo Editorial","article_modified_time":"2024-04-29T13:36:28+00:00","og_image":[{"width":601,"height":881,"url":"https:\/\/letrame.com\/catalogo\/wp-content\/uploads\/2024\/04\/web_portada_unperromuerto_9mm-compressed.jpg","type":"image\/jpeg"}],"twitter_card":"summary_large_image","twitter_misc":{"Tiempo de lectura":"1 minuto"},"schema":{"@context":"https:\/\/schema.org","@graph":[{"@type":"WebPage","@id":"https:\/\/letrame.com\/catalogo\/producto\/un-perro-muerto-en-la-orilla\/","url":"https:\/\/letrame.com\/catalogo\/producto\/un-perro-muerto-en-la-orilla\/","name":"Un perro muerto en la orilla - Catalogo | Letrame Grupo Editorial","isPartOf":{"@id":"https:\/\/letrame.com\/catalogo\/#website"},"primaryImageOfPage":{"@id":"https:\/\/letrame.com\/catalogo\/producto\/un-perro-muerto-en-la-orilla\/#primaryimage"},"image":{"@id":"https:\/\/letrame.com\/catalogo\/producto\/un-perro-muerto-en-la-orilla\/#primaryimage"},"thumbnailUrl":"https:\/\/letrame.com\/catalogo\/wp-content\/uploads\/2024\/04\/web_portada_unperromuerto_9mm-compressed.jpg","datePublished":"2024-04-29T13:36:12+00:00","dateModified":"2024-04-29T13:36:28+00:00","breadcrumb":{"@id":"https:\/\/letrame.com\/catalogo\/producto\/un-perro-muerto-en-la-orilla\/#breadcrumb"},"inLanguage":"es","potentialAction":[{"@type":"ReadAction","target":["https:\/\/letrame.com\/catalogo\/producto\/un-perro-muerto-en-la-orilla\/"]}]},{"@type":"ImageObject","inLanguage":"es","@id":"https:\/\/letrame.com\/catalogo\/producto\/un-perro-muerto-en-la-orilla\/#primaryimage","url":"https:\/\/letrame.com\/catalogo\/wp-content\/uploads\/2024\/04\/web_portada_unperromuerto_9mm-compressed.jpg","contentUrl":"https:\/\/letrame.com\/catalogo\/wp-content\/uploads\/2024\/04\/web_portada_unperromuerto_9mm-compressed.jpg","width":601,"height":881},{"@type":"BreadcrumbList","@id":"https:\/\/letrame.com\/catalogo\/producto\/un-perro-muerto-en-la-orilla\/#breadcrumb","itemListElement":[{"@type":"ListItem","position":1,"name":"Portada","item":"https:\/\/letrame.com\/catalogo\/"},{"@type":"ListItem","position":2,"name":"Cat\u00e1logo","item":"https:\/\/letrame.com\/catalogo\/"},{"@type":"ListItem","position":3,"name":"Un perro muerto en la orilla"}]},{"@type":"WebSite","@id":"https:\/\/letrame.com\/catalogo\/#website","url":"https:\/\/letrame.com\/catalogo\/","name":"Catalogo | Letrame Grupo Editorial","description":"","publisher":{"@id":"https:\/\/letrame.com\/catalogo\/#organization"},"potentialAction":[{"@type":"SearchAction","target":{"@type":"EntryPoint","urlTemplate":"https:\/\/letrame.com\/catalogo\/?s={search_term_string}"},"query-input":{"@type":"PropertyValueSpecification","valueRequired":true,"valueName":"search_term_string"}}],"inLanguage":"es"},{"@type":"Organization","@id":"https:\/\/letrame.com\/catalogo\/#organization","name":"Catalogo | Letrame Grupo Editorial","url":"https:\/\/letrame.com\/catalogo\/","logo":{"@type":"ImageObject","inLanguage":"es","@id":"https:\/\/letrame.com\/catalogo\/#\/schema\/logo\/image\/","url":"https:\/\/letrame.com\/catalogo\/wp-content\/uploads\/2024\/03\/logo2.webp","contentUrl":"https:\/\/letrame.com\/catalogo\/wp-content\/uploads\/2024\/03\/logo2.webp","width":394,"height":128,"caption":"Catalogo | Letrame Grupo Editorial"},"image":{"@id":"https:\/\/letrame.com\/catalogo\/#\/schema\/logo\/image\/"}}]}},"_links":{"self":[{"href":"https:\/\/letrame.com\/catalogo\/wp-json\/wp\/v2\/product\/99005","targetHints":{"allow":["GET"]}}],"collection":[{"href":"https:\/\/letrame.com\/catalogo\/wp-json\/wp\/v2\/product"}],"about":[{"href":"https:\/\/letrame.com\/catalogo\/wp-json\/wp\/v2\/types\/product"}],"replies":[{"embeddable":true,"href":"https:\/\/letrame.com\/catalogo\/wp-json\/wp\/v2\/comments?post=99005"}],"acf:post":[{"embeddable":true,"href":"https:\/\/letrame.com\/catalogo\/wp-json\/wp\/v2\/author_book\/77401"}],"wp:featuredmedia":[{"embeddable":true,"href":"https:\/\/letrame.com\/catalogo\/wp-json\/wp\/v2\/media\/99006"}],"wp:attachment":[{"href":"https:\/\/letrame.com\/catalogo\/wp-json\/wp\/v2\/media?parent=99005"}],"wp:term":[{"taxonomy":"libro","embeddable":true,"href":"https:\/\/letrame.com\/catalogo\/wp-json\/wp\/v2\/libro?post=99005"},{"taxonomy":"product_brand","embeddable":true,"href":"https:\/\/letrame.com\/catalogo\/wp-json\/wp\/v2\/product_brand?post=99005"},{"taxonomy":"product_cat","embeddable":true,"href":"https:\/\/letrame.com\/catalogo\/wp-json\/wp\/v2\/product_cat?post=99005"},{"taxonomy":"product_tag","embeddable":true,"href":"https:\/\/letrame.com\/catalogo\/wp-json\/wp\/v2\/product_tag?post=99005"}],"curies":[{"name":"wp","href":"https:\/\/api.w.org\/{rel}","templated":true}]}}