{"id":98995,"date":"2024-04-29T15:34:58","date_gmt":"2024-04-29T13:34:58","guid":{"rendered":"https:\/\/letrame.com\/catalogo\/producto\/a-los-que-avivaron-el-fuego\/"},"modified":"2024-04-29T15:35:33","modified_gmt":"2024-04-29T13:35:33","slug":"a-los-que-avivaron-el-fuego","status":"publish","type":"product","link":"https:\/\/letrame.com\/catalogo\/producto\/a-los-que-avivaron-el-fuego\/","title":{"rendered":"A los que avivaron el fuego"},"content":{"rendered":"<p><strong>ISBN<\/strong>: 978-84-1144-981-6<\/p>\n<p><strong>T\u00edtulo<\/strong>: A los que avivaron el fuego<br \/>\n<strong>Fecha<\/strong>: 2023<br \/>\n<strong>P\u00e1ginas<\/strong>: 122<\/p>\n<p><strong>SINOPSIS<\/strong><\/p>\n<p>\u00abEstoy orgulloso de ti\u00bb, me dijiste.<\/p>\n<p>\u00abNo s\u00e9 qu\u00e9 siento\u00a0cuando te miro sin querer\u00bb.<\/p>\n<p>\u00abEl futuro es incierto. El\u00a0presente ef\u00edmero.\u00a0Y el pasado, venenoso\u00bb.<\/p>\n<p>\u00bfAlguna vez has sentido un calor dentro de ti? \u00bfHas dejado que alguien descubra el fuego de tu interior?<\/p>\n<p><em>A LOS QUE AVIVARON EL FUEGO<\/em>\u00a0es una serie de dedicatorias a todas las personas que me\u00a0hicieron, de una forma u otra, crecer, que crearon en m\u00ed una chispa y no fueron\u00a0conscientes de que se propag\u00f3 hasta incendiarme por dentro. Pero ese fuego, que\u00a0hasta ahora ha quemado, se ha convertido en una medalla. Esas llamas ahora son\u00a0calor, compa\u00f1\u00eda y aprendizaje, un s\u00edmbolo directo de todo lo que define a<\/p>\n<p>Nachet como persona.<\/p>\n<p>A trav\u00e9s de odas, eleg\u00edas y poemas sin\u00a0sentido, este poemario es un homenaje a todos aquellos que encendieron la\u00a0cerilla y la lanzaron por mi garganta.<\/p>\n","protected":false},"excerpt":{"rendered":"<p><strong>ISBN<\/strong>: 978-84-1144-981-6<\/p>\n<p><strong>SINOPSIS<\/strong><\/p>\n<p>\u00abEstoy orgulloso de ti\u00bb, me dijiste.<\/p>\n<p>\u00abNo s\u00e9 qu\u00e9 siento\u00a0cuando te miro sin querer\u00bb.<\/p>\n<p>\u00abEl futuro es incierto. El\u00a0presente ef\u00edmero.\u00a0Y el pasado, venenoso\u00bb.<\/p>\n<p>\u00bfAlguna vez has sentido un calor dentro de ti? \u00bfHas dejado que alguien descubra el fuego de tu interior?<\/p>\n<p><em>A LOS QUE AVIVARON EL FUEGO<\/em>\u00a0es una serie de dedicatorias a todas las personas que me\u00a0hicieron, de una forma u otra, crecer, que crearon en m\u00ed una chispa y no fueron\u00a0conscientes de que se propag\u00f3 hasta incendiarme por dentro. Pero ese fuego, que\u00a0hasta ahora ha quemado, se ha convertido en una medalla. Esas llamas ahora son\u00a0calor, compa\u00f1\u00eda y aprendizaje, un s\u00edmbolo directo de todo lo que define a<\/p>\n<p>Nachet como persona.<\/p>\n<p>A trav\u00e9s de odas, eleg\u00edas y poemas sin\u00a0sentido, este poemario es un homenaje a todos aquellos que encendieron la\u00a0cerilla y la lanzaron por mi garganta.<\/p>\n","protected":false},"featured_media":98996,"comment_status":"closed","ping_status":"open","template":"","meta":{"_acf_changed":false},"libro":[],"product_brand":[],"product_cat":[16],"product_tag":[],"class_list":{"0":"post-98995","1":"product","2":"type-product","3":"status-publish","4":"has-post-thumbnail","6":"product_cat-novela","8":"first","9":"instock","10":"product-type-simple"},"acf":{"autor":[77391],"enlace_de_compra":"https:\/\/www.amazon.es\/los-que-avivaron-fuego-Novela\/dp\/8411449815"},"yoast_head":"<!-- This site is optimized with the Yoast SEO plugin v27.4 - https:\/\/yoast.com\/product\/yoast-seo-wordpress\/ -->\n<title>A los que avivaron el fuego - Catalogo | Letrame Grupo Editorial<\/title>\n<meta name=\"robots\" content=\"index, follow, max-snippet:-1, max-image-preview:large, max-video-preview:-1\" \/>\n<link rel=\"canonical\" href=\"https:\/\/letrame.com\/catalogo\/producto\/a-los-que-avivaron-el-fuego\/\" \/>\n<meta property=\"og:locale\" content=\"es_ES\" \/>\n<meta property=\"og:type\" content=\"article\" \/>\n<meta property=\"og:title\" content=\"A los que avivaron el fuego - Catalogo | Letrame Grupo Editorial\" \/>\n<meta property=\"og:description\" content=\"ISBN: 978-84-1144-981-6 SINOPSIS \u00abEstoy orgulloso de ti\u00bb, me dijiste. \u00abNo s\u00e9 qu\u00e9 siento\u00a0cuando te miro sin querer\u00bb. \u00abEl futuro es incierto. El\u00a0presente ef\u00edmero.\u00a0Y el pasado, venenoso\u00bb. \u00bfAlguna vez has sentido un calor dentro de ti? \u00bfHas dejado que alguien descubra el fuego de tu interior? A LOS QUE AVIVARON EL FUEGO\u00a0es una serie de dedicatorias a todas las personas que me\u00a0hicieron, de una forma u otra, crecer, que crearon en m\u00ed una chispa y no fueron\u00a0conscientes de que se propag\u00f3 hasta incendiarme por dentro. Pero ese fuego, que\u00a0hasta ahora ha quemado, se ha convertido en una medalla. Esas llamas ahora son\u00a0calor, compa\u00f1\u00eda y aprendizaje, un s\u00edmbolo directo de todo lo que define a Nachet como persona. A trav\u00e9s de odas, eleg\u00edas y poemas sin\u00a0sentido, este poemario es un homenaje a todos aquellos que encendieron la\u00a0cerilla y la lanzaron por mi garganta.\" \/>\n<meta property=\"og:url\" content=\"https:\/\/letrame.com\/catalogo\/producto\/a-los-que-avivaron-el-fuego\/\" \/>\n<meta property=\"og:site_name\" content=\"Catalogo | Letrame Grupo Editorial\" \/>\n<meta property=\"article:modified_time\" content=\"2024-04-29T13:35:33+00:00\" \/>\n<meta property=\"og:image\" content=\"https:\/\/letrame.com\/catalogo\/wp-content\/uploads\/2024\/04\/webportada_alosqueavivaron_67mm-compressed-scaled-1.jpg\" \/>\n\t<meta property=\"og:image:width\" content=\"1746\" \/>\n\t<meta property=\"og:image:height\" content=\"2560\" \/>\n\t<meta property=\"og:image:type\" content=\"image\/jpeg\" \/>\n<meta name=\"twitter:card\" content=\"summary_large_image\" \/>\n<meta name=\"twitter:label1\" content=\"Tiempo de lectura\" \/>\n\t<meta name=\"twitter:data1\" content=\"1 minuto\" \/>\n<script type=\"application\/ld+json\" class=\"yoast-schema-graph\">{\"@context\":\"https:\\\/\\\/schema.org\",\"@graph\":[{\"@type\":\"WebPage\",\"@id\":\"https:\\\/\\\/letrame.com\\\/catalogo\\\/producto\\\/a-los-que-avivaron-el-fuego\\\/\",\"url\":\"https:\\\/\\\/letrame.com\\\/catalogo\\\/producto\\\/a-los-que-avivaron-el-fuego\\\/\",\"name\":\"A los que avivaron el fuego - Catalogo | Letrame Grupo Editorial\",\"isPartOf\":{\"@id\":\"https:\\\/\\\/letrame.com\\\/catalogo\\\/#website\"},\"primaryImageOfPage\":{\"@id\":\"https:\\\/\\\/letrame.com\\\/catalogo\\\/producto\\\/a-los-que-avivaron-el-fuego\\\/#primaryimage\"},\"image\":{\"@id\":\"https:\\\/\\\/letrame.com\\\/catalogo\\\/producto\\\/a-los-que-avivaron-el-fuego\\\/#primaryimage\"},\"thumbnailUrl\":\"https:\\\/\\\/letrame.com\\\/catalogo\\\/wp-content\\\/uploads\\\/2024\\\/04\\\/webportada_alosqueavivaron_67mm-compressed-scaled-1.jpg\",\"datePublished\":\"2024-04-29T13:34:58+00:00\",\"dateModified\":\"2024-04-29T13:35:33+00:00\",\"breadcrumb\":{\"@id\":\"https:\\\/\\\/letrame.com\\\/catalogo\\\/producto\\\/a-los-que-avivaron-el-fuego\\\/#breadcrumb\"},\"inLanguage\":\"es\",\"potentialAction\":[{\"@type\":\"ReadAction\",\"target\":[\"https:\\\/\\\/letrame.com\\\/catalogo\\\/producto\\\/a-los-que-avivaron-el-fuego\\\/\"]}]},{\"@type\":\"ImageObject\",\"inLanguage\":\"es\",\"@id\":\"https:\\\/\\\/letrame.com\\\/catalogo\\\/producto\\\/a-los-que-avivaron-el-fuego\\\/#primaryimage\",\"url\":\"https:\\\/\\\/letrame.com\\\/catalogo\\\/wp-content\\\/uploads\\\/2024\\\/04\\\/webportada_alosqueavivaron_67mm-compressed-scaled-1.jpg\",\"contentUrl\":\"https:\\\/\\\/letrame.com\\\/catalogo\\\/wp-content\\\/uploads\\\/2024\\\/04\\\/webportada_alosqueavivaron_67mm-compressed-scaled-1.jpg\",\"width\":1746,\"height\":2560},{\"@type\":\"BreadcrumbList\",\"@id\":\"https:\\\/\\\/letrame.com\\\/catalogo\\\/producto\\\/a-los-que-avivaron-el-fuego\\\/#breadcrumb\",\"itemListElement\":[{\"@type\":\"ListItem\",\"position\":1,\"name\":\"Portada\",\"item\":\"https:\\\/\\\/letrame.com\\\/catalogo\\\/\"},{\"@type\":\"ListItem\",\"position\":2,\"name\":\"Cat\u00e1logo\",\"item\":\"https:\\\/\\\/letrame.com\\\/catalogo\\\/\"},{\"@type\":\"ListItem\",\"position\":3,\"name\":\"A los que avivaron el fuego\"}]},{\"@type\":\"WebSite\",\"@id\":\"https:\\\/\\\/letrame.com\\\/catalogo\\\/#website\",\"url\":\"https:\\\/\\\/letrame.com\\\/catalogo\\\/\",\"name\":\"Catalogo | Letrame Grupo Editorial\",\"description\":\"\",\"publisher\":{\"@id\":\"https:\\\/\\\/letrame.com\\\/catalogo\\\/#organization\"},\"potentialAction\":[{\"@type\":\"SearchAction\",\"target\":{\"@type\":\"EntryPoint\",\"urlTemplate\":\"https:\\\/\\\/letrame.com\\\/catalogo\\\/?s={search_term_string}\"},\"query-input\":{\"@type\":\"PropertyValueSpecification\",\"valueRequired\":true,\"valueName\":\"search_term_string\"}}],\"inLanguage\":\"es\"},{\"@type\":\"Organization\",\"@id\":\"https:\\\/\\\/letrame.com\\\/catalogo\\\/#organization\",\"name\":\"Catalogo | Letrame Grupo Editorial\",\"url\":\"https:\\\/\\\/letrame.com\\\/catalogo\\\/\",\"logo\":{\"@type\":\"ImageObject\",\"inLanguage\":\"es\",\"@id\":\"https:\\\/\\\/letrame.com\\\/catalogo\\\/#\\\/schema\\\/logo\\\/image\\\/\",\"url\":\"https:\\\/\\\/letrame.com\\\/catalogo\\\/wp-content\\\/uploads\\\/2024\\\/03\\\/logo2.webp\",\"contentUrl\":\"https:\\\/\\\/letrame.com\\\/catalogo\\\/wp-content\\\/uploads\\\/2024\\\/03\\\/logo2.webp\",\"width\":394,\"height\":128,\"caption\":\"Catalogo | Letrame Grupo Editorial\"},\"image\":{\"@id\":\"https:\\\/\\\/letrame.com\\\/catalogo\\\/#\\\/schema\\\/logo\\\/image\\\/\"}}]}<\/script>\n<!-- \/ Yoast SEO plugin. -->","yoast_head_json":{"title":"A los que avivaron el fuego - Catalogo | Letrame Grupo Editorial","robots":{"index":"index","follow":"follow","max-snippet":"max-snippet:-1","max-image-preview":"max-image-preview:large","max-video-preview":"max-video-preview:-1"},"canonical":"https:\/\/letrame.com\/catalogo\/producto\/a-los-que-avivaron-el-fuego\/","og_locale":"es_ES","og_type":"article","og_title":"A los que avivaron el fuego - Catalogo | Letrame Grupo Editorial","og_description":"ISBN: 978-84-1144-981-6 SINOPSIS \u00abEstoy orgulloso de ti\u00bb, me dijiste. \u00abNo s\u00e9 qu\u00e9 siento\u00a0cuando te miro sin querer\u00bb. \u00abEl futuro es incierto. El\u00a0presente ef\u00edmero.\u00a0Y el pasado, venenoso\u00bb. \u00bfAlguna vez has sentido un calor dentro de ti? \u00bfHas dejado que alguien descubra el fuego de tu interior? A LOS QUE AVIVARON EL FUEGO\u00a0es una serie de dedicatorias a todas las personas que me\u00a0hicieron, de una forma u otra, crecer, que crearon en m\u00ed una chispa y no fueron\u00a0conscientes de que se propag\u00f3 hasta incendiarme por dentro. Pero ese fuego, que\u00a0hasta ahora ha quemado, se ha convertido en una medalla. Esas llamas ahora son\u00a0calor, compa\u00f1\u00eda y aprendizaje, un s\u00edmbolo directo de todo lo que define a Nachet como persona. A trav\u00e9s de odas, eleg\u00edas y poemas sin\u00a0sentido, este poemario es un homenaje a todos aquellos que encendieron la\u00a0cerilla y la lanzaron por mi garganta.","og_url":"https:\/\/letrame.com\/catalogo\/producto\/a-los-que-avivaron-el-fuego\/","og_site_name":"Catalogo | Letrame Grupo Editorial","article_modified_time":"2024-04-29T13:35:33+00:00","og_image":[{"width":1746,"height":2560,"url":"https:\/\/letrame.com\/catalogo\/wp-content\/uploads\/2024\/04\/webportada_alosqueavivaron_67mm-compressed-scaled-1.jpg","type":"image\/jpeg"}],"twitter_card":"summary_large_image","twitter_misc":{"Tiempo de lectura":"1 minuto"},"schema":{"@context":"https:\/\/schema.org","@graph":[{"@type":"WebPage","@id":"https:\/\/letrame.com\/catalogo\/producto\/a-los-que-avivaron-el-fuego\/","url":"https:\/\/letrame.com\/catalogo\/producto\/a-los-que-avivaron-el-fuego\/","name":"A los que avivaron el fuego - Catalogo | Letrame Grupo Editorial","isPartOf":{"@id":"https:\/\/letrame.com\/catalogo\/#website"},"primaryImageOfPage":{"@id":"https:\/\/letrame.com\/catalogo\/producto\/a-los-que-avivaron-el-fuego\/#primaryimage"},"image":{"@id":"https:\/\/letrame.com\/catalogo\/producto\/a-los-que-avivaron-el-fuego\/#primaryimage"},"thumbnailUrl":"https:\/\/letrame.com\/catalogo\/wp-content\/uploads\/2024\/04\/webportada_alosqueavivaron_67mm-compressed-scaled-1.jpg","datePublished":"2024-04-29T13:34:58+00:00","dateModified":"2024-04-29T13:35:33+00:00","breadcrumb":{"@id":"https:\/\/letrame.com\/catalogo\/producto\/a-los-que-avivaron-el-fuego\/#breadcrumb"},"inLanguage":"es","potentialAction":[{"@type":"ReadAction","target":["https:\/\/letrame.com\/catalogo\/producto\/a-los-que-avivaron-el-fuego\/"]}]},{"@type":"ImageObject","inLanguage":"es","@id":"https:\/\/letrame.com\/catalogo\/producto\/a-los-que-avivaron-el-fuego\/#primaryimage","url":"https:\/\/letrame.com\/catalogo\/wp-content\/uploads\/2024\/04\/webportada_alosqueavivaron_67mm-compressed-scaled-1.jpg","contentUrl":"https:\/\/letrame.com\/catalogo\/wp-content\/uploads\/2024\/04\/webportada_alosqueavivaron_67mm-compressed-scaled-1.jpg","width":1746,"height":2560},{"@type":"BreadcrumbList","@id":"https:\/\/letrame.com\/catalogo\/producto\/a-los-que-avivaron-el-fuego\/#breadcrumb","itemListElement":[{"@type":"ListItem","position":1,"name":"Portada","item":"https:\/\/letrame.com\/catalogo\/"},{"@type":"ListItem","position":2,"name":"Cat\u00e1logo","item":"https:\/\/letrame.com\/catalogo\/"},{"@type":"ListItem","position":3,"name":"A los que avivaron el fuego"}]},{"@type":"WebSite","@id":"https:\/\/letrame.com\/catalogo\/#website","url":"https:\/\/letrame.com\/catalogo\/","name":"Catalogo | Letrame Grupo Editorial","description":"","publisher":{"@id":"https:\/\/letrame.com\/catalogo\/#organization"},"potentialAction":[{"@type":"SearchAction","target":{"@type":"EntryPoint","urlTemplate":"https:\/\/letrame.com\/catalogo\/?s={search_term_string}"},"query-input":{"@type":"PropertyValueSpecification","valueRequired":true,"valueName":"search_term_string"}}],"inLanguage":"es"},{"@type":"Organization","@id":"https:\/\/letrame.com\/catalogo\/#organization","name":"Catalogo | Letrame Grupo Editorial","url":"https:\/\/letrame.com\/catalogo\/","logo":{"@type":"ImageObject","inLanguage":"es","@id":"https:\/\/letrame.com\/catalogo\/#\/schema\/logo\/image\/","url":"https:\/\/letrame.com\/catalogo\/wp-content\/uploads\/2024\/03\/logo2.webp","contentUrl":"https:\/\/letrame.com\/catalogo\/wp-content\/uploads\/2024\/03\/logo2.webp","width":394,"height":128,"caption":"Catalogo | Letrame Grupo Editorial"},"image":{"@id":"https:\/\/letrame.com\/catalogo\/#\/schema\/logo\/image\/"}}]}},"_links":{"self":[{"href":"https:\/\/letrame.com\/catalogo\/wp-json\/wp\/v2\/product\/98995","targetHints":{"allow":["GET"]}}],"collection":[{"href":"https:\/\/letrame.com\/catalogo\/wp-json\/wp\/v2\/product"}],"about":[{"href":"https:\/\/letrame.com\/catalogo\/wp-json\/wp\/v2\/types\/product"}],"replies":[{"embeddable":true,"href":"https:\/\/letrame.com\/catalogo\/wp-json\/wp\/v2\/comments?post=98995"}],"acf:post":[{"embeddable":true,"href":"https:\/\/letrame.com\/catalogo\/wp-json\/wp\/v2\/author_book\/77391"}],"wp:featuredmedia":[{"embeddable":true,"href":"https:\/\/letrame.com\/catalogo\/wp-json\/wp\/v2\/media\/98996"}],"wp:attachment":[{"href":"https:\/\/letrame.com\/catalogo\/wp-json\/wp\/v2\/media?parent=98995"}],"wp:term":[{"taxonomy":"libro","embeddable":true,"href":"https:\/\/letrame.com\/catalogo\/wp-json\/wp\/v2\/libro?post=98995"},{"taxonomy":"product_brand","embeddable":true,"href":"https:\/\/letrame.com\/catalogo\/wp-json\/wp\/v2\/product_brand?post=98995"},{"taxonomy":"product_cat","embeddable":true,"href":"https:\/\/letrame.com\/catalogo\/wp-json\/wp\/v2\/product_cat?post=98995"},{"taxonomy":"product_tag","embeddable":true,"href":"https:\/\/letrame.com\/catalogo\/wp-json\/wp\/v2\/product_tag?post=98995"}],"curies":[{"name":"wp","href":"https:\/\/api.w.org\/{rel}","templated":true}]}}