{"id":98980,"date":"2024-04-29T15:34:04","date_gmt":"2024-04-29T13:34:04","guid":{"rendered":"https:\/\/letrame.com\/catalogo\/producto\/el-poder-esta-en-ti\/"},"modified":"2024-04-29T15:34:04","modified_gmt":"2024-04-29T13:34:04","slug":"el-poder-esta-en-ti","status":"publish","type":"product","link":"https:\/\/letrame.com\/catalogo\/producto\/el-poder-esta-en-ti\/","title":{"rendered":"El poder est\u00e1 en ti"},"content":{"rendered":"<p><strong>ISBN<\/strong>: 978-84-1144-775-1<\/p>\n<p><strong>T\u00edtulo<\/strong>: El poder est\u00e1 en ti<br \/>\n<strong>Fecha<\/strong>: 2023<br \/>\n<strong>P\u00e1ginas<\/strong>: 228<\/p>\n<p><strong>SINOPSIS<\/strong><\/p>\n<p>Esta es la historia de una muchacha humilde, que en una vida hostil y a pesar de su corta edad, tuvo que aprender a afrontarla, a\u00a0 pesar de que la vida le jug\u00f3 malas pasadas. Fueron precisamente estas quienes la ense\u00f1aron. Su amor propio fue el que la impuls\u00f3 a continuar para conocer su prop\u00f3sito y poder encontrarse consigo misma. Tantas veces me ca\u00ed y en todas me levant\u00e9, me derrotaron, pero luego entend\u00ed que el ser derrotada no significaba que hubiera perdido. Recuerdo que alguien una vez me dijo: \u00ab\u00bfQuieres ver lo que nunca has visto? Entonces haz lo que nunca has hecho\u00bb. Esas palabras se grabaron tan dentro de m\u00ed que desde ese momento decid\u00ed ser intransigente. Toda meta nace de un sue\u00f1o, pero si no se pone por escrito y con planes establecidos, pues solo ser\u00e1n eso&#8230; \u00a1sue\u00f1os! Y fue por ese motivo que jam\u00e1s dej\u00e9 de so\u00f1ar. Hay diferentes tipos de llaves que nos llevan a cumplir esos sue\u00f1os y dos de ellas me funcionaron y me ayudaron a mantenerme.<\/p>\n<p>Al leer este libro, mi deseo es que te sirva de herramienta para fortalecer tu esp\u00edritu, que sea de inspiraci\u00f3n y ayuda para dejar atr\u00e1s todo aquello que alg\u00fan d\u00eda te da\u00f1\u00f3 o que todav\u00eda te sigue atormentando.<\/p>\n","protected":false},"excerpt":{"rendered":"<p><strong>ISBN<\/strong>: 978-84-1144-775-1<\/p>\n<p><strong>SINOPSIS<\/strong><\/p>\n<p>Esta es la historia de una muchacha humilde, que en una vida hostil y a pesar de su corta edad, tuvo que aprender a afrontarla, a\u00a0 pesar de que la vida le jug\u00f3 malas pasadas. Fueron precisamente estas quienes la ense\u00f1aron. Su amor propio fue el que la impuls\u00f3 a continuar para conocer su prop\u00f3sito y poder encontrarse consigo misma. Tantas veces me ca\u00ed y en todas me levant\u00e9, me derrotaron, pero luego entend\u00ed que el ser derrotada no significaba que hubiera perdido. Recuerdo que alguien una vez me dijo: \u00ab\u00bfQuieres ver lo que nunca has visto? Entonces haz lo que nunca has hecho\u00bb. Esas palabras se grabaron tan dentro de m\u00ed que desde ese momento decid\u00ed ser intransigente. Toda meta nace de un sue\u00f1o, pero si no se pone por escrito y con planes establecidos, pues solo ser\u00e1n eso&#8230; \u00a1sue\u00f1os! Y fue por ese motivo que jam\u00e1s dej\u00e9 de so\u00f1ar. Hay diferentes tipos de llaves que nos llevan a cumplir esos sue\u00f1os y dos de ellas me funcionaron y me ayudaron a mantenerme.<\/p>\n<p>Al leer este libro, mi deseo es que te sirva de herramienta para fortalecer tu esp\u00edritu, que sea de inspiraci\u00f3n y ayuda para dejar atr\u00e1s todo aquello que alg\u00fan d\u00eda te da\u00f1\u00f3 o que todav\u00eda te sigue atormentando.<\/p>\n","protected":false},"featured_media":98981,"comment_status":"closed","ping_status":"open","template":"","meta":{"_acf_changed":false},"libro":[],"product_brand":[],"product_cat":[16],"product_tag":[],"class_list":{"0":"post-98980","1":"product","2":"type-product","3":"status-publish","4":"has-post-thumbnail","6":"product_cat-novela","8":"first","9":"instock","10":"product-type-simple"},"acf":{"autor":[77377],"enlace_de_compra":"https:\/\/www.amazon.es\/El-poder-est%C3%A1-Yanira-Perdig%C3%B3n\/dp\/8411447758\/"},"yoast_head":"<!-- This site is optimized with the Yoast SEO plugin v26.6 - https:\/\/yoast.com\/wordpress\/plugins\/seo\/ -->\n<title>El poder est\u00e1 en ti - Catalogo | Letrame Grupo Editorial<\/title>\n<meta name=\"robots\" content=\"index, follow, max-snippet:-1, max-image-preview:large, max-video-preview:-1\" \/>\n<link rel=\"canonical\" href=\"https:\/\/letrame.com\/catalogo\/producto\/el-poder-esta-en-ti\/\" \/>\n<meta property=\"og:locale\" content=\"es_ES\" \/>\n<meta property=\"og:type\" content=\"article\" \/>\n<meta property=\"og:title\" content=\"El poder est\u00e1 en ti - Catalogo | Letrame Grupo Editorial\" \/>\n<meta property=\"og:description\" content=\"ISBN: 978-84-1144-775-1 SINOPSIS Esta es la historia de una muchacha humilde, que en una vida hostil y a pesar de su corta edad, tuvo que aprender a afrontarla, a\u00a0 pesar de que la vida le jug\u00f3 malas pasadas. Fueron precisamente estas quienes la ense\u00f1aron. Su amor propio fue el que la impuls\u00f3 a continuar para conocer su prop\u00f3sito y poder encontrarse consigo misma. Tantas veces me ca\u00ed y en todas me levant\u00e9, me derrotaron, pero luego entend\u00ed que el ser derrotada no significaba que hubiera perdido. Recuerdo que alguien una vez me dijo: \u00ab\u00bfQuieres ver lo que nunca has visto? Entonces haz lo que nunca has hecho\u00bb. Esas palabras se grabaron tan dentro de m\u00ed que desde ese momento decid\u00ed ser intransigente. Toda meta nace de un sue\u00f1o, pero si no se pone por escrito y con planes establecidos, pues solo ser\u00e1n eso... \u00a1sue\u00f1os! Y fue por ese motivo que jam\u00e1s dej\u00e9 de so\u00f1ar. Hay diferentes tipos de llaves que nos llevan a cumplir esos sue\u00f1os y dos de ellas me funcionaron y me ayudaron a mantenerme. Al leer este libro, mi deseo es que te sirva de herramienta para fortalecer tu esp\u00edritu, que sea de inspiraci\u00f3n y ayuda para dejar atr\u00e1s todo aquello que alg\u00fan d\u00eda te da\u00f1\u00f3 o que todav\u00eda te sigue atormentando.\" \/>\n<meta property=\"og:url\" content=\"https:\/\/letrame.com\/catalogo\/producto\/el-poder-esta-en-ti\/\" \/>\n<meta property=\"og:site_name\" content=\"Catalogo | Letrame Grupo Editorial\" \/>\n<meta property=\"og:image\" content=\"https:\/\/letrame.com\/catalogo\/wp-content\/uploads\/2024\/04\/webportada_elpoderestaenti_116mm-compressed-scaled-1.jpg\" \/>\n\t<meta property=\"og:image:width\" content=\"1746\" \/>\n\t<meta property=\"og:image:height\" content=\"2560\" \/>\n\t<meta property=\"og:image:type\" content=\"image\/jpeg\" \/>\n<meta name=\"twitter:card\" content=\"summary_large_image\" \/>\n<meta name=\"twitter:label1\" content=\"Tiempo de lectura\" \/>\n\t<meta name=\"twitter:data1\" content=\"1 minuto\" \/>\n<script type=\"application\/ld+json\" class=\"yoast-schema-graph\">{\"@context\":\"https:\/\/schema.org\",\"@graph\":[{\"@type\":\"WebPage\",\"@id\":\"https:\/\/letrame.com\/catalogo\/producto\/el-poder-esta-en-ti\/\",\"url\":\"https:\/\/letrame.com\/catalogo\/producto\/el-poder-esta-en-ti\/\",\"name\":\"El poder est\u00e1 en ti - Catalogo | Letrame Grupo Editorial\",\"isPartOf\":{\"@id\":\"https:\/\/letrame.com\/catalogo\/#website\"},\"primaryImageOfPage\":{\"@id\":\"https:\/\/letrame.com\/catalogo\/producto\/el-poder-esta-en-ti\/#primaryimage\"},\"image\":{\"@id\":\"https:\/\/letrame.com\/catalogo\/producto\/el-poder-esta-en-ti\/#primaryimage\"},\"thumbnailUrl\":\"https:\/\/letrame.com\/catalogo\/wp-content\/uploads\/2024\/04\/webportada_elpoderestaenti_116mm-compressed-scaled-1.jpg\",\"datePublished\":\"2024-04-29T13:34:04+00:00\",\"breadcrumb\":{\"@id\":\"https:\/\/letrame.com\/catalogo\/producto\/el-poder-esta-en-ti\/#breadcrumb\"},\"inLanguage\":\"es\",\"potentialAction\":[{\"@type\":\"ReadAction\",\"target\":[\"https:\/\/letrame.com\/catalogo\/producto\/el-poder-esta-en-ti\/\"]}]},{\"@type\":\"ImageObject\",\"inLanguage\":\"es\",\"@id\":\"https:\/\/letrame.com\/catalogo\/producto\/el-poder-esta-en-ti\/#primaryimage\",\"url\":\"https:\/\/letrame.com\/catalogo\/wp-content\/uploads\/2024\/04\/webportada_elpoderestaenti_116mm-compressed-scaled-1.jpg\",\"contentUrl\":\"https:\/\/letrame.com\/catalogo\/wp-content\/uploads\/2024\/04\/webportada_elpoderestaenti_116mm-compressed-scaled-1.jpg\",\"width\":1746,\"height\":2560},{\"@type\":\"BreadcrumbList\",\"@id\":\"https:\/\/letrame.com\/catalogo\/producto\/el-poder-esta-en-ti\/#breadcrumb\",\"itemListElement\":[{\"@type\":\"ListItem\",\"position\":1,\"name\":\"Portada\",\"item\":\"https:\/\/letrame.com\/catalogo\/\"},{\"@type\":\"ListItem\",\"position\":2,\"name\":\"Cat\u00e1logo\",\"item\":\"https:\/\/letrame.com\/catalogo\/\"},{\"@type\":\"ListItem\",\"position\":3,\"name\":\"El poder est\u00e1 en ti\"}]},{\"@type\":\"WebSite\",\"@id\":\"https:\/\/letrame.com\/catalogo\/#website\",\"url\":\"https:\/\/letrame.com\/catalogo\/\",\"name\":\"Catalogo | Letrame Grupo Editorial\",\"description\":\"\",\"publisher\":{\"@id\":\"https:\/\/letrame.com\/catalogo\/#organization\"},\"potentialAction\":[{\"@type\":\"SearchAction\",\"target\":{\"@type\":\"EntryPoint\",\"urlTemplate\":\"https:\/\/letrame.com\/catalogo\/?s={search_term_string}\"},\"query-input\":{\"@type\":\"PropertyValueSpecification\",\"valueRequired\":true,\"valueName\":\"search_term_string\"}}],\"inLanguage\":\"es\"},{\"@type\":\"Organization\",\"@id\":\"https:\/\/letrame.com\/catalogo\/#organization\",\"name\":\"Catalogo | Letrame Grupo Editorial\",\"url\":\"https:\/\/letrame.com\/catalogo\/\",\"logo\":{\"@type\":\"ImageObject\",\"inLanguage\":\"es\",\"@id\":\"https:\/\/letrame.com\/catalogo\/#\/schema\/logo\/image\/\",\"url\":\"https:\/\/letrame.com\/catalogo\/wp-content\/uploads\/2024\/03\/logo2.webp\",\"contentUrl\":\"https:\/\/letrame.com\/catalogo\/wp-content\/uploads\/2024\/03\/logo2.webp\",\"width\":394,\"height\":128,\"caption\":\"Catalogo | Letrame Grupo Editorial\"},\"image\":{\"@id\":\"https:\/\/letrame.com\/catalogo\/#\/schema\/logo\/image\/\"}}]}<\/script>\n<!-- \/ Yoast SEO plugin. -->","yoast_head_json":{"title":"El poder est\u00e1 en ti - Catalogo | Letrame Grupo Editorial","robots":{"index":"index","follow":"follow","max-snippet":"max-snippet:-1","max-image-preview":"max-image-preview:large","max-video-preview":"max-video-preview:-1"},"canonical":"https:\/\/letrame.com\/catalogo\/producto\/el-poder-esta-en-ti\/","og_locale":"es_ES","og_type":"article","og_title":"El poder est\u00e1 en ti - Catalogo | Letrame Grupo Editorial","og_description":"ISBN: 978-84-1144-775-1 SINOPSIS Esta es la historia de una muchacha humilde, que en una vida hostil y a pesar de su corta edad, tuvo que aprender a afrontarla, a\u00a0 pesar de que la vida le jug\u00f3 malas pasadas. Fueron precisamente estas quienes la ense\u00f1aron. Su amor propio fue el que la impuls\u00f3 a continuar para conocer su prop\u00f3sito y poder encontrarse consigo misma. Tantas veces me ca\u00ed y en todas me levant\u00e9, me derrotaron, pero luego entend\u00ed que el ser derrotada no significaba que hubiera perdido. Recuerdo que alguien una vez me dijo: \u00ab\u00bfQuieres ver lo que nunca has visto? Entonces haz lo que nunca has hecho\u00bb. Esas palabras se grabaron tan dentro de m\u00ed que desde ese momento decid\u00ed ser intransigente. Toda meta nace de un sue\u00f1o, pero si no se pone por escrito y con planes establecidos, pues solo ser\u00e1n eso... \u00a1sue\u00f1os! Y fue por ese motivo que jam\u00e1s dej\u00e9 de so\u00f1ar. Hay diferentes tipos de llaves que nos llevan a cumplir esos sue\u00f1os y dos de ellas me funcionaron y me ayudaron a mantenerme. Al leer este libro, mi deseo es que te sirva de herramienta para fortalecer tu esp\u00edritu, que sea de inspiraci\u00f3n y ayuda para dejar atr\u00e1s todo aquello que alg\u00fan d\u00eda te da\u00f1\u00f3 o que todav\u00eda te sigue atormentando.","og_url":"https:\/\/letrame.com\/catalogo\/producto\/el-poder-esta-en-ti\/","og_site_name":"Catalogo | Letrame Grupo Editorial","og_image":[{"width":1746,"height":2560,"url":"https:\/\/letrame.com\/catalogo\/wp-content\/uploads\/2024\/04\/webportada_elpoderestaenti_116mm-compressed-scaled-1.jpg","type":"image\/jpeg"}],"twitter_card":"summary_large_image","twitter_misc":{"Tiempo de lectura":"1 minuto"},"schema":{"@context":"https:\/\/schema.org","@graph":[{"@type":"WebPage","@id":"https:\/\/letrame.com\/catalogo\/producto\/el-poder-esta-en-ti\/","url":"https:\/\/letrame.com\/catalogo\/producto\/el-poder-esta-en-ti\/","name":"El poder est\u00e1 en ti - Catalogo | Letrame Grupo Editorial","isPartOf":{"@id":"https:\/\/letrame.com\/catalogo\/#website"},"primaryImageOfPage":{"@id":"https:\/\/letrame.com\/catalogo\/producto\/el-poder-esta-en-ti\/#primaryimage"},"image":{"@id":"https:\/\/letrame.com\/catalogo\/producto\/el-poder-esta-en-ti\/#primaryimage"},"thumbnailUrl":"https:\/\/letrame.com\/catalogo\/wp-content\/uploads\/2024\/04\/webportada_elpoderestaenti_116mm-compressed-scaled-1.jpg","datePublished":"2024-04-29T13:34:04+00:00","breadcrumb":{"@id":"https:\/\/letrame.com\/catalogo\/producto\/el-poder-esta-en-ti\/#breadcrumb"},"inLanguage":"es","potentialAction":[{"@type":"ReadAction","target":["https:\/\/letrame.com\/catalogo\/producto\/el-poder-esta-en-ti\/"]}]},{"@type":"ImageObject","inLanguage":"es","@id":"https:\/\/letrame.com\/catalogo\/producto\/el-poder-esta-en-ti\/#primaryimage","url":"https:\/\/letrame.com\/catalogo\/wp-content\/uploads\/2024\/04\/webportada_elpoderestaenti_116mm-compressed-scaled-1.jpg","contentUrl":"https:\/\/letrame.com\/catalogo\/wp-content\/uploads\/2024\/04\/webportada_elpoderestaenti_116mm-compressed-scaled-1.jpg","width":1746,"height":2560},{"@type":"BreadcrumbList","@id":"https:\/\/letrame.com\/catalogo\/producto\/el-poder-esta-en-ti\/#breadcrumb","itemListElement":[{"@type":"ListItem","position":1,"name":"Portada","item":"https:\/\/letrame.com\/catalogo\/"},{"@type":"ListItem","position":2,"name":"Cat\u00e1logo","item":"https:\/\/letrame.com\/catalogo\/"},{"@type":"ListItem","position":3,"name":"El poder est\u00e1 en ti"}]},{"@type":"WebSite","@id":"https:\/\/letrame.com\/catalogo\/#website","url":"https:\/\/letrame.com\/catalogo\/","name":"Catalogo | Letrame Grupo Editorial","description":"","publisher":{"@id":"https:\/\/letrame.com\/catalogo\/#organization"},"potentialAction":[{"@type":"SearchAction","target":{"@type":"EntryPoint","urlTemplate":"https:\/\/letrame.com\/catalogo\/?s={search_term_string}"},"query-input":{"@type":"PropertyValueSpecification","valueRequired":true,"valueName":"search_term_string"}}],"inLanguage":"es"},{"@type":"Organization","@id":"https:\/\/letrame.com\/catalogo\/#organization","name":"Catalogo | Letrame Grupo Editorial","url":"https:\/\/letrame.com\/catalogo\/","logo":{"@type":"ImageObject","inLanguage":"es","@id":"https:\/\/letrame.com\/catalogo\/#\/schema\/logo\/image\/","url":"https:\/\/letrame.com\/catalogo\/wp-content\/uploads\/2024\/03\/logo2.webp","contentUrl":"https:\/\/letrame.com\/catalogo\/wp-content\/uploads\/2024\/03\/logo2.webp","width":394,"height":128,"caption":"Catalogo | Letrame Grupo Editorial"},"image":{"@id":"https:\/\/letrame.com\/catalogo\/#\/schema\/logo\/image\/"}}]}},"_links":{"self":[{"href":"https:\/\/letrame.com\/catalogo\/wp-json\/wp\/v2\/product\/98980","targetHints":{"allow":["GET"]}}],"collection":[{"href":"https:\/\/letrame.com\/catalogo\/wp-json\/wp\/v2\/product"}],"about":[{"href":"https:\/\/letrame.com\/catalogo\/wp-json\/wp\/v2\/types\/product"}],"replies":[{"embeddable":true,"href":"https:\/\/letrame.com\/catalogo\/wp-json\/wp\/v2\/comments?post=98980"}],"acf:post":[{"embeddable":true,"href":"https:\/\/letrame.com\/catalogo\/wp-json\/wp\/v2\/author_book\/77377"}],"wp:featuredmedia":[{"embeddable":true,"href":"https:\/\/letrame.com\/catalogo\/wp-json\/wp\/v2\/media\/98981"}],"wp:attachment":[{"href":"https:\/\/letrame.com\/catalogo\/wp-json\/wp\/v2\/media?parent=98980"}],"wp:term":[{"taxonomy":"libro","embeddable":true,"href":"https:\/\/letrame.com\/catalogo\/wp-json\/wp\/v2\/libro?post=98980"},{"taxonomy":"product_brand","embeddable":true,"href":"https:\/\/letrame.com\/catalogo\/wp-json\/wp\/v2\/product_brand?post=98980"},{"taxonomy":"product_cat","embeddable":true,"href":"https:\/\/letrame.com\/catalogo\/wp-json\/wp\/v2\/product_cat?post=98980"},{"taxonomy":"product_tag","embeddable":true,"href":"https:\/\/letrame.com\/catalogo\/wp-json\/wp\/v2\/product_tag?post=98980"}],"curies":[{"name":"wp","href":"https:\/\/api.w.org\/{rel}","templated":true}]}}