{"id":98960,"date":"2024-04-29T15:31:09","date_gmt":"2024-04-29T13:31:09","guid":{"rendered":"https:\/\/letrame.com\/catalogo\/producto\/sentada-sobre-las-cenizas-de-una-vida\/"},"modified":"2024-04-29T15:31:09","modified_gmt":"2024-04-29T13:31:09","slug":"sentada-sobre-las-cenizas-de-una-vida","status":"publish","type":"product","link":"https:\/\/letrame.com\/catalogo\/producto\/sentada-sobre-las-cenizas-de-una-vida\/","title":{"rendered":"Sentada sobre las cenizas de una vida"},"content":{"rendered":"<p><strong>ISBN<\/strong>: 978-84-1181-012-8<\/p>\n<p><strong>T\u00edtulo<\/strong>: <span data-sheets-value=\"{&quot;1&quot;:2,&quot;2&quot;:&quot;Sentada sobre las cenizas de una vida&quot;}\" data-sheets-userformat=\"{&quot;2&quot;:515,&quot;3&quot;:{&quot;1&quot;:0},&quot;4&quot;:{&quot;1&quot;:2,&quot;2&quot;:14281427},&quot;12&quot;:0}\">Sentada sobre las cenizas de una vida<\/span><br \/>\n<strong>Fecha<\/strong>: 2023<br \/>\n<strong>P\u00e1ginas<\/strong>: 150<\/p>\n<p><strong>SINOPSIS<\/strong><\/p>\n<p>Se\u00f1or. Ay\u00fadame a que me importe al principio lo que me importe al final.<\/p>\n<p>Una mujer de fe, no tiene marcha atr\u00e1s.<\/p>\n<p>Yo s\u00e9 que Dios puede levantar a cualquiera. Cualquiera otro para el trabajo. Pero yo era obstinada en ir con El. (M.C.S.B)<\/p>\n<p>Quiz\u00e1s seas un ama de casa, un empleado en el mercado, un polic\u00eda, una maestra, un estudiante, una secretaria, un cocinero, un mensajero, un pastor, un ejecutivo, una ingeniera, un electricista, etc. M\u00edrate al espejo. La gran Comisi\u00f3n es para ti.<\/p>\n<p>Si crees en Jes\u00fas. Dios est\u00e1 preparando una plataforma para ti. En donde tendr\u00e1s a tu p\u00fablico. Grande o peque\u00f1o. Desde un alma perdida hasta miles de vidas desesperadas. No importa. El mensaje es el mismo. Si conoces a Jes\u00fas lo sabes tan bien como yo. Estamos corriendo a zancadas ahora. Aqu\u00ed est\u00e1 la estafeta (mensaje). T\u00f3mala y corre tu carrera. \u00bfPuedes ver el d\u00eda de la cosecha? La llama de avivamiento est\u00e1 encendida. Desde un hemisferio hasta el otro. Cristo est\u00e1 siendo conocido por todo el mundo. \u00c9l es nuestro mensaje. La Presencia del Esp\u00edritu Santo puede levantarse como un gran tsunami para desbordar. Yo lo creo. Atr\u00e9vete a creerlo tambi\u00e9n.<\/p>\n<p>He servido en iglesias, compartiendo la Palabra y ense\u00f1ando tanto a ni\u00f1os, j\u00f3venes y adultos.<\/p>\n<p>Trabajando y llevando el mensaje a hogares de ancianos, y actualmente soy parte de una fundaci\u00f3n que va en servicio de ni\u00f1os y familias vulnerables; Y Coordinadora de Salvando las dos vidas.<\/p>\n<p>Estudios: Bachiller en Teolog\u00eda, Educaci\u00f3n diferencial, Diplomado en Traducci\u00f3n y Alfabetizaci\u00f3n; Ministerio Transcultural; Entrenamiento Misionero Avanzado; Evangelismo y obra Misionera; Actualmente realizando un diplomado en Consejer\u00eda Cristiana (Depresi\u00f3n, Agotamiento emocional, Divorcio, Luto, Adicciones, Aborto, Abuso).<\/p>\n<p>Sirviendo en la Iglesia local, Y en Puertas Abiertas.<\/p>\n<p>Con Proyectos Misioneros de ir a Espa\u00f1a y Turqu\u00eda.<\/p>\n","protected":false},"excerpt":{"rendered":"<p><strong>ISBN<\/strong>: 978-84-1181-012-8<\/p>\n<p><strong>SINOPSIS<\/strong><\/p>\n<p>Se\u00f1or. Ay\u00fadame a que me importe al principio lo que me importe al final.<\/p>\n<p>Una mujer de fe, no tiene marcha atr\u00e1s.<\/p>\n<p>Yo s\u00e9 que Dios puede levantar a cualquiera. Cualquiera otro para el trabajo. Pero yo era obstinada en ir con El. (M.C.S.B)<\/p>\n<p>Quiz\u00e1s seas un ama de casa, un empleado en el mercado, un polic\u00eda, una maestra, un estudiante, una secretaria, un cocinero, un mensajero, un pastor, un ejecutivo, una ingeniera, un electricista, etc. M\u00edrate al espejo. La gran Comisi\u00f3n es para ti.<\/p>\n<p>Si crees en Jes\u00fas. Dios est\u00e1 preparando una plataforma para ti. En donde tendr\u00e1s a tu p\u00fablico. Grande o peque\u00f1o. Desde un alma perdida hasta miles de vidas desesperadas. No importa. El mensaje es el mismo. Si conoces a Jes\u00fas lo sabes tan bien como yo. Estamos corriendo a zancadas ahora. Aqu\u00ed est\u00e1 la estafeta (mensaje). T\u00f3mala y corre tu carrera. \u00bfPuedes ver el d\u00eda de la cosecha? La llama de avivamiento est\u00e1 encendida. Desde un hemisferio hasta el otro. Cristo est\u00e1 siendo conocido por todo el mundo. \u00c9l es nuestro mensaje. La Presencia del Esp\u00edritu Santo puede levantarse como un gran tsunami para desbordar. Yo lo creo. Atr\u00e9vete a creerlo tambi\u00e9n.<\/p>\n<p>He servido en iglesias, compartiendo la Palabra y ense\u00f1ando tanto a ni\u00f1os, j\u00f3venes y adultos.<\/p>\n<p>Trabajando y llevando el mensaje a hogares de ancianos, y actualmente soy parte de una fundaci\u00f3n que va en servicio de ni\u00f1os y familias vulnerables; Y Coordinadora de Salvando las dos vidas.<\/p>\n<p>Estudios: Bachiller en Teolog\u00eda, Educaci\u00f3n diferencial, Diplomado en Traducci\u00f3n y Alfabetizaci\u00f3n; Ministerio Transcultural; Entrenamiento Misionero Avanzado; Evangelismo y obra Misionera; Actualmente realizando un diplomado en Consejer\u00eda Cristiana (Depresi\u00f3n, Agotamiento emocional, Divorcio, Luto, Adicciones, Aborto, Abuso).<\/p>\n<p>Sirviendo en la Iglesia local, Y en Puertas Abiertas.<\/p>\n<p>Con Proyectos Misioneros de ir a Espa\u00f1a y Turqu\u00eda.<\/p>\n","protected":false},"featured_media":98961,"comment_status":"closed","ping_status":"open","template":"","meta":{"_acf_changed":false},"libro":[],"product_brand":[],"product_cat":[26],"product_tag":[],"class_list":{"0":"post-98960","1":"product","2":"type-product","3":"status-publish","4":"has-post-thumbnail","6":"product_cat-sin-categoria","8":"first","9":"instock","10":"product-type-simple"},"acf":{"autor":[77358],"enlace_de_compra":"https:\/\/www.amazon.es\/Sentada-sobre-las-cenizas-vida\/dp\/8411810127\/"},"yoast_head":"<!-- This site is optimized with the Yoast SEO plugin v27.4 - https:\/\/yoast.com\/product\/yoast-seo-wordpress\/ -->\n<title>Sentada sobre las cenizas de una vida - Catalogo | Letrame Grupo Editorial<\/title>\n<meta name=\"robots\" content=\"index, follow, max-snippet:-1, max-image-preview:large, max-video-preview:-1\" \/>\n<link rel=\"canonical\" href=\"https:\/\/letrame.com\/catalogo\/producto\/sentada-sobre-las-cenizas-de-una-vida\/\" \/>\n<meta property=\"og:locale\" content=\"es_ES\" \/>\n<meta property=\"og:type\" content=\"article\" \/>\n<meta property=\"og:title\" content=\"Sentada sobre las cenizas de una vida - Catalogo | Letrame Grupo Editorial\" \/>\n<meta property=\"og:description\" content=\"ISBN: 978-84-1181-012-8 SINOPSIS Se\u00f1or. Ay\u00fadame a que me importe al principio lo que me importe al final. Una mujer de fe, no tiene marcha atr\u00e1s. Yo s\u00e9 que Dios puede levantar a cualquiera. Cualquiera otro para el trabajo. Pero yo era obstinada en ir con El. (M.C.S.B) Quiz\u00e1s seas un ama de casa, un empleado en el mercado, un polic\u00eda, una maestra, un estudiante, una secretaria, un cocinero, un mensajero, un pastor, un ejecutivo, una ingeniera, un electricista, etc. M\u00edrate al espejo. La gran Comisi\u00f3n es para ti. Si crees en Jes\u00fas. Dios est\u00e1 preparando una plataforma para ti. En donde tendr\u00e1s a tu p\u00fablico. Grande o peque\u00f1o. Desde un alma perdida hasta miles de vidas desesperadas. No importa. El mensaje es el mismo. Si conoces a Jes\u00fas lo sabes tan bien como yo. Estamos corriendo a zancadas ahora. Aqu\u00ed est\u00e1 la estafeta (mensaje). T\u00f3mala y corre tu carrera. \u00bfPuedes ver el d\u00eda de la cosecha? La llama de avivamiento est\u00e1 encendida. Desde un hemisferio hasta el otro. Cristo est\u00e1 siendo conocido por todo el mundo. \u00c9l es nuestro mensaje. La Presencia del Esp\u00edritu Santo puede levantarse como un gran tsunami para desbordar. Yo lo creo. Atr\u00e9vete a creerlo tambi\u00e9n. He servido en iglesias, compartiendo la Palabra y ense\u00f1ando tanto a ni\u00f1os, j\u00f3venes y adultos. Trabajando y llevando el mensaje a hogares de ancianos, y actualmente soy parte de una fundaci\u00f3n que va en servicio de ni\u00f1os y familias vulnerables; Y Coordinadora de Salvando las dos vidas. Estudios: Bachiller en Teolog\u00eda, Educaci\u00f3n diferencial, Diplomado en Traducci\u00f3n y Alfabetizaci\u00f3n; Ministerio Transcultural; Entrenamiento Misionero Avanzado; Evangelismo y obra Misionera; Actualmente realizando un diplomado en Consejer\u00eda Cristiana (Depresi\u00f3n, Agotamiento emocional, Divorcio, Luto, Adicciones, Aborto, Abuso). Sirviendo en la Iglesia local, Y en Puertas Abiertas. Con Proyectos Misioneros de ir a Espa\u00f1a y Turqu\u00eda.\" \/>\n<meta property=\"og:url\" content=\"https:\/\/letrame.com\/catalogo\/producto\/sentada-sobre-las-cenizas-de-una-vida\/\" \/>\n<meta property=\"og:site_name\" content=\"Catalogo | Letrame Grupo Editorial\" \/>\n<meta property=\"og:image\" content=\"https:\/\/letrame.com\/catalogo\/wp-content\/uploads\/2024\/04\/webportada_sentadasobrelascenizas_799-compressed.jpg\" \/>\n\t<meta property=\"og:image:width\" content=\"1748\" \/>\n\t<meta property=\"og:image:height\" content=\"2480\" \/>\n\t<meta property=\"og:image:type\" content=\"image\/jpeg\" \/>\n<meta name=\"twitter:card\" content=\"summary_large_image\" \/>\n<meta name=\"twitter:label1\" content=\"Tiempo de lectura\" \/>\n\t<meta name=\"twitter:data1\" content=\"2 minutos\" \/>\n<script type=\"application\/ld+json\" class=\"yoast-schema-graph\">{\"@context\":\"https:\\\/\\\/schema.org\",\"@graph\":[{\"@type\":\"WebPage\",\"@id\":\"https:\\\/\\\/letrame.com\\\/catalogo\\\/producto\\\/sentada-sobre-las-cenizas-de-una-vida\\\/\",\"url\":\"https:\\\/\\\/letrame.com\\\/catalogo\\\/producto\\\/sentada-sobre-las-cenizas-de-una-vida\\\/\",\"name\":\"Sentada sobre las cenizas de una vida - Catalogo | Letrame Grupo Editorial\",\"isPartOf\":{\"@id\":\"https:\\\/\\\/letrame.com\\\/catalogo\\\/#website\"},\"primaryImageOfPage\":{\"@id\":\"https:\\\/\\\/letrame.com\\\/catalogo\\\/producto\\\/sentada-sobre-las-cenizas-de-una-vida\\\/#primaryimage\"},\"image\":{\"@id\":\"https:\\\/\\\/letrame.com\\\/catalogo\\\/producto\\\/sentada-sobre-las-cenizas-de-una-vida\\\/#primaryimage\"},\"thumbnailUrl\":\"https:\\\/\\\/letrame.com\\\/catalogo\\\/wp-content\\\/uploads\\\/2024\\\/04\\\/webportada_sentadasobrelascenizas_799-compressed.jpg\",\"datePublished\":\"2024-04-29T13:31:09+00:00\",\"breadcrumb\":{\"@id\":\"https:\\\/\\\/letrame.com\\\/catalogo\\\/producto\\\/sentada-sobre-las-cenizas-de-una-vida\\\/#breadcrumb\"},\"inLanguage\":\"es\",\"potentialAction\":[{\"@type\":\"ReadAction\",\"target\":[\"https:\\\/\\\/letrame.com\\\/catalogo\\\/producto\\\/sentada-sobre-las-cenizas-de-una-vida\\\/\"]}]},{\"@type\":\"ImageObject\",\"inLanguage\":\"es\",\"@id\":\"https:\\\/\\\/letrame.com\\\/catalogo\\\/producto\\\/sentada-sobre-las-cenizas-de-una-vida\\\/#primaryimage\",\"url\":\"https:\\\/\\\/letrame.com\\\/catalogo\\\/wp-content\\\/uploads\\\/2024\\\/04\\\/webportada_sentadasobrelascenizas_799-compressed.jpg\",\"contentUrl\":\"https:\\\/\\\/letrame.com\\\/catalogo\\\/wp-content\\\/uploads\\\/2024\\\/04\\\/webportada_sentadasobrelascenizas_799-compressed.jpg\",\"width\":1748,\"height\":2480},{\"@type\":\"BreadcrumbList\",\"@id\":\"https:\\\/\\\/letrame.com\\\/catalogo\\\/producto\\\/sentada-sobre-las-cenizas-de-una-vida\\\/#breadcrumb\",\"itemListElement\":[{\"@type\":\"ListItem\",\"position\":1,\"name\":\"Portada\",\"item\":\"https:\\\/\\\/letrame.com\\\/catalogo\\\/\"},{\"@type\":\"ListItem\",\"position\":2,\"name\":\"Cat\u00e1logo\",\"item\":\"https:\\\/\\\/letrame.com\\\/catalogo\\\/\"},{\"@type\":\"ListItem\",\"position\":3,\"name\":\"Sentada sobre las cenizas de una vida\"}]},{\"@type\":\"WebSite\",\"@id\":\"https:\\\/\\\/letrame.com\\\/catalogo\\\/#website\",\"url\":\"https:\\\/\\\/letrame.com\\\/catalogo\\\/\",\"name\":\"Catalogo | Letrame Grupo Editorial\",\"description\":\"\",\"publisher\":{\"@id\":\"https:\\\/\\\/letrame.com\\\/catalogo\\\/#organization\"},\"potentialAction\":[{\"@type\":\"SearchAction\",\"target\":{\"@type\":\"EntryPoint\",\"urlTemplate\":\"https:\\\/\\\/letrame.com\\\/catalogo\\\/?s={search_term_string}\"},\"query-input\":{\"@type\":\"PropertyValueSpecification\",\"valueRequired\":true,\"valueName\":\"search_term_string\"}}],\"inLanguage\":\"es\"},{\"@type\":\"Organization\",\"@id\":\"https:\\\/\\\/letrame.com\\\/catalogo\\\/#organization\",\"name\":\"Catalogo | Letrame Grupo Editorial\",\"url\":\"https:\\\/\\\/letrame.com\\\/catalogo\\\/\",\"logo\":{\"@type\":\"ImageObject\",\"inLanguage\":\"es\",\"@id\":\"https:\\\/\\\/letrame.com\\\/catalogo\\\/#\\\/schema\\\/logo\\\/image\\\/\",\"url\":\"https:\\\/\\\/letrame.com\\\/catalogo\\\/wp-content\\\/uploads\\\/2024\\\/03\\\/logo2.webp\",\"contentUrl\":\"https:\\\/\\\/letrame.com\\\/catalogo\\\/wp-content\\\/uploads\\\/2024\\\/03\\\/logo2.webp\",\"width\":394,\"height\":128,\"caption\":\"Catalogo | Letrame Grupo Editorial\"},\"image\":{\"@id\":\"https:\\\/\\\/letrame.com\\\/catalogo\\\/#\\\/schema\\\/logo\\\/image\\\/\"}}]}<\/script>\n<!-- \/ Yoast SEO plugin. -->","yoast_head_json":{"title":"Sentada sobre las cenizas de una vida - Catalogo | Letrame Grupo Editorial","robots":{"index":"index","follow":"follow","max-snippet":"max-snippet:-1","max-image-preview":"max-image-preview:large","max-video-preview":"max-video-preview:-1"},"canonical":"https:\/\/letrame.com\/catalogo\/producto\/sentada-sobre-las-cenizas-de-una-vida\/","og_locale":"es_ES","og_type":"article","og_title":"Sentada sobre las cenizas de una vida - Catalogo | Letrame Grupo Editorial","og_description":"ISBN: 978-84-1181-012-8 SINOPSIS Se\u00f1or. Ay\u00fadame a que me importe al principio lo que me importe al final. Una mujer de fe, no tiene marcha atr\u00e1s. Yo s\u00e9 que Dios puede levantar a cualquiera. Cualquiera otro para el trabajo. Pero yo era obstinada en ir con El. (M.C.S.B) Quiz\u00e1s seas un ama de casa, un empleado en el mercado, un polic\u00eda, una maestra, un estudiante, una secretaria, un cocinero, un mensajero, un pastor, un ejecutivo, una ingeniera, un electricista, etc. M\u00edrate al espejo. La gran Comisi\u00f3n es para ti. Si crees en Jes\u00fas. Dios est\u00e1 preparando una plataforma para ti. En donde tendr\u00e1s a tu p\u00fablico. Grande o peque\u00f1o. Desde un alma perdida hasta miles de vidas desesperadas. No importa. El mensaje es el mismo. Si conoces a Jes\u00fas lo sabes tan bien como yo. Estamos corriendo a zancadas ahora. Aqu\u00ed est\u00e1 la estafeta (mensaje). T\u00f3mala y corre tu carrera. \u00bfPuedes ver el d\u00eda de la cosecha? La llama de avivamiento est\u00e1 encendida. Desde un hemisferio hasta el otro. Cristo est\u00e1 siendo conocido por todo el mundo. \u00c9l es nuestro mensaje. La Presencia del Esp\u00edritu Santo puede levantarse como un gran tsunami para desbordar. Yo lo creo. Atr\u00e9vete a creerlo tambi\u00e9n. He servido en iglesias, compartiendo la Palabra y ense\u00f1ando tanto a ni\u00f1os, j\u00f3venes y adultos. Trabajando y llevando el mensaje a hogares de ancianos, y actualmente soy parte de una fundaci\u00f3n que va en servicio de ni\u00f1os y familias vulnerables; Y Coordinadora de Salvando las dos vidas. Estudios: Bachiller en Teolog\u00eda, Educaci\u00f3n diferencial, Diplomado en Traducci\u00f3n y Alfabetizaci\u00f3n; Ministerio Transcultural; Entrenamiento Misionero Avanzado; Evangelismo y obra Misionera; Actualmente realizando un diplomado en Consejer\u00eda Cristiana (Depresi\u00f3n, Agotamiento emocional, Divorcio, Luto, Adicciones, Aborto, Abuso). Sirviendo en la Iglesia local, Y en Puertas Abiertas. Con Proyectos Misioneros de ir a Espa\u00f1a y Turqu\u00eda.","og_url":"https:\/\/letrame.com\/catalogo\/producto\/sentada-sobre-las-cenizas-de-una-vida\/","og_site_name":"Catalogo | Letrame Grupo Editorial","og_image":[{"width":1748,"height":2480,"url":"https:\/\/letrame.com\/catalogo\/wp-content\/uploads\/2024\/04\/webportada_sentadasobrelascenizas_799-compressed.jpg","type":"image\/jpeg"}],"twitter_card":"summary_large_image","twitter_misc":{"Tiempo de lectura":"2 minutos"},"schema":{"@context":"https:\/\/schema.org","@graph":[{"@type":"WebPage","@id":"https:\/\/letrame.com\/catalogo\/producto\/sentada-sobre-las-cenizas-de-una-vida\/","url":"https:\/\/letrame.com\/catalogo\/producto\/sentada-sobre-las-cenizas-de-una-vida\/","name":"Sentada sobre las cenizas de una vida - Catalogo | Letrame Grupo Editorial","isPartOf":{"@id":"https:\/\/letrame.com\/catalogo\/#website"},"primaryImageOfPage":{"@id":"https:\/\/letrame.com\/catalogo\/producto\/sentada-sobre-las-cenizas-de-una-vida\/#primaryimage"},"image":{"@id":"https:\/\/letrame.com\/catalogo\/producto\/sentada-sobre-las-cenizas-de-una-vida\/#primaryimage"},"thumbnailUrl":"https:\/\/letrame.com\/catalogo\/wp-content\/uploads\/2024\/04\/webportada_sentadasobrelascenizas_799-compressed.jpg","datePublished":"2024-04-29T13:31:09+00:00","breadcrumb":{"@id":"https:\/\/letrame.com\/catalogo\/producto\/sentada-sobre-las-cenizas-de-una-vida\/#breadcrumb"},"inLanguage":"es","potentialAction":[{"@type":"ReadAction","target":["https:\/\/letrame.com\/catalogo\/producto\/sentada-sobre-las-cenizas-de-una-vida\/"]}]},{"@type":"ImageObject","inLanguage":"es","@id":"https:\/\/letrame.com\/catalogo\/producto\/sentada-sobre-las-cenizas-de-una-vida\/#primaryimage","url":"https:\/\/letrame.com\/catalogo\/wp-content\/uploads\/2024\/04\/webportada_sentadasobrelascenizas_799-compressed.jpg","contentUrl":"https:\/\/letrame.com\/catalogo\/wp-content\/uploads\/2024\/04\/webportada_sentadasobrelascenizas_799-compressed.jpg","width":1748,"height":2480},{"@type":"BreadcrumbList","@id":"https:\/\/letrame.com\/catalogo\/producto\/sentada-sobre-las-cenizas-de-una-vida\/#breadcrumb","itemListElement":[{"@type":"ListItem","position":1,"name":"Portada","item":"https:\/\/letrame.com\/catalogo\/"},{"@type":"ListItem","position":2,"name":"Cat\u00e1logo","item":"https:\/\/letrame.com\/catalogo\/"},{"@type":"ListItem","position":3,"name":"Sentada sobre las cenizas de una vida"}]},{"@type":"WebSite","@id":"https:\/\/letrame.com\/catalogo\/#website","url":"https:\/\/letrame.com\/catalogo\/","name":"Catalogo | Letrame Grupo Editorial","description":"","publisher":{"@id":"https:\/\/letrame.com\/catalogo\/#organization"},"potentialAction":[{"@type":"SearchAction","target":{"@type":"EntryPoint","urlTemplate":"https:\/\/letrame.com\/catalogo\/?s={search_term_string}"},"query-input":{"@type":"PropertyValueSpecification","valueRequired":true,"valueName":"search_term_string"}}],"inLanguage":"es"},{"@type":"Organization","@id":"https:\/\/letrame.com\/catalogo\/#organization","name":"Catalogo | Letrame Grupo Editorial","url":"https:\/\/letrame.com\/catalogo\/","logo":{"@type":"ImageObject","inLanguage":"es","@id":"https:\/\/letrame.com\/catalogo\/#\/schema\/logo\/image\/","url":"https:\/\/letrame.com\/catalogo\/wp-content\/uploads\/2024\/03\/logo2.webp","contentUrl":"https:\/\/letrame.com\/catalogo\/wp-content\/uploads\/2024\/03\/logo2.webp","width":394,"height":128,"caption":"Catalogo | Letrame Grupo Editorial"},"image":{"@id":"https:\/\/letrame.com\/catalogo\/#\/schema\/logo\/image\/"}}]}},"_links":{"self":[{"href":"https:\/\/letrame.com\/catalogo\/wp-json\/wp\/v2\/product\/98960","targetHints":{"allow":["GET"]}}],"collection":[{"href":"https:\/\/letrame.com\/catalogo\/wp-json\/wp\/v2\/product"}],"about":[{"href":"https:\/\/letrame.com\/catalogo\/wp-json\/wp\/v2\/types\/product"}],"replies":[{"embeddable":true,"href":"https:\/\/letrame.com\/catalogo\/wp-json\/wp\/v2\/comments?post=98960"}],"acf:post":[{"embeddable":true,"href":"https:\/\/letrame.com\/catalogo\/wp-json\/wp\/v2\/author_book\/77358"}],"wp:featuredmedia":[{"embeddable":true,"href":"https:\/\/letrame.com\/catalogo\/wp-json\/wp\/v2\/media\/98961"}],"wp:attachment":[{"href":"https:\/\/letrame.com\/catalogo\/wp-json\/wp\/v2\/media?parent=98960"}],"wp:term":[{"taxonomy":"libro","embeddable":true,"href":"https:\/\/letrame.com\/catalogo\/wp-json\/wp\/v2\/libro?post=98960"},{"taxonomy":"product_brand","embeddable":true,"href":"https:\/\/letrame.com\/catalogo\/wp-json\/wp\/v2\/product_brand?post=98960"},{"taxonomy":"product_cat","embeddable":true,"href":"https:\/\/letrame.com\/catalogo\/wp-json\/wp\/v2\/product_cat?post=98960"},{"taxonomy":"product_tag","embeddable":true,"href":"https:\/\/letrame.com\/catalogo\/wp-json\/wp\/v2\/product_tag?post=98960"}],"curies":[{"name":"wp","href":"https:\/\/api.w.org\/{rel}","templated":true}]}}