{"id":98956,"date":"2024-04-29T15:30:44","date_gmt":"2024-04-29T13:30:44","guid":{"rendered":"https:\/\/letrame.com\/catalogo\/producto\/emociones-a-flor-de-piel\/"},"modified":"2024-04-29T15:30:47","modified_gmt":"2024-04-29T13:30:47","slug":"emociones-a-flor-de-piel","status":"publish","type":"product","link":"https:\/\/letrame.com\/catalogo\/producto\/emociones-a-flor-de-piel\/","title":{"rendered":"Emociones a flor de piel"},"content":{"rendered":"<p><strong>ISBN: <\/strong>978-84-1144-978-6<\/p>\n<p><strong>T\u00edtulo: <\/strong>Emociones a flor de piel<strong><br \/>\nFecha:<\/strong> 2023<strong><br \/>\nP\u00e1ginas: <\/strong>128<\/p>\n<p><strong>SINOPSIS<\/strong><\/p>\n<p>\u00bfPuedes encontrarte a ti mismo en plena naturaleza, observando el mar, las estrellas y las flores que adornan los jardines? \u00bfEs posible plasmar las emociones interiores en versos a flor de piel?<\/p>\n<p>&nbsp;<\/p>\n<p>En esta obra la autora evoca todo un mundo emocional que nos lleva a conectar con nuestro yo m\u00e1s profundo, hacernos reflexionar e intentar establecer unas nuevas relaciones m\u00e1s respetuosas con nuestro entorno natural, as\u00ed como social para la mejora de nuestra condici\u00f3n humana.<\/p>\n<p>&nbsp;<\/p>\n<p>El dulce sonido de las olas del mar, el rugido ensordecedor del viento entre los \u00e1rboles, las estrellas del cielo y la luna que alumbran las sombras de la noche oscura, el estallido de colores de los p\u00e9talos de las flores y su dulce olor, todo esto se puede sentir leyendo los apasionados versos de esta obra.<\/p>\n<p>&nbsp;<\/p>\n<p>Despu\u00e9s de ahondar en el mundo interior, la obra se completa con el car\u00e1cter social de\u00a0 una encendida defensa de la infancia, v\u00edctima de la injusticia de la sociedad que excluye desde peque\u00f1os a ni\u00f1os por su pobreza, por sus capacidades o por su origen \u00e9tnico. Todos hemos sido ni\u00f1os alguna vez, aunque no lo recordemos en nuestra vida de adultos y finaliza la obra con un hermoso testamento lleno de esperanza, de libertad, de sencillez, de trascendencia a lo eterno con la confianza puesta en el Dios cristiano.<\/p>\n<p>&nbsp;<\/p>\n<p>Este libro no dejar\u00e1 indiferente a las personas poseedoras de un rico mundo emocional que se sientan conectadas con la naturaleza, el mar, las estrellas y el amor.<\/p>\n<p>&nbsp;<\/p>\n","protected":false},"excerpt":{"rendered":"<p><strong>ISBN: <\/strong>978-84-1144-978-6<\/p>\n<p><strong>SINOPSIS<\/strong><\/p>\n<p>\u00bfPuedes encontrarte a ti mismo en plena naturaleza, observando el mar, las estrellas y las flores que adornan los jardines? \u00bfEs posible plasmar las emociones interiores en versos a flor de piel?<\/p>\n<p>&nbsp;<\/p>\n<p>En esta obra la autora evoca todo un mundo emocional que nos lleva a conectar con nuestro yo m\u00e1s profundo, hacernos reflexionar e intentar establecer unas nuevas relaciones m\u00e1s respetuosas con nuestro entorno natural, as\u00ed como social para la mejora de nuestra condici\u00f3n humana.<\/p>\n<p>&nbsp;<\/p>\n<p>El dulce sonido de las olas del mar, el rugido ensordecedor del viento entre los \u00e1rboles, las estrellas del cielo y la luna que alumbran las sombras de la noche oscura, el estallido de colores de los p\u00e9talos de las flores y su dulce olor, todo esto se puede sentir leyendo los apasionados versos de esta obra.<\/p>\n<p>&nbsp;<\/p>\n<p>Despu\u00e9s de ahondar en el mundo interior, la obra se completa con el car\u00e1cter social de\u00a0 una encendida defensa de la infancia, v\u00edctima de la injusticia de la sociedad que excluye desde peque\u00f1os a ni\u00f1os por su pobreza, por sus capacidades o por su origen \u00e9tnico. Todos hemos sido ni\u00f1os alguna vez, aunque no lo recordemos en nuestra vida de adultos y finaliza la obra con un hermoso testamento lleno de esperanza, de libertad, de sencillez, de trascendencia a lo eterno con la confianza puesta en el Dios cristiano.<\/p>\n<p>&nbsp;<\/p>\n<p>Este libro no dejar\u00e1 indiferente a las personas poseedoras de un rico mundo emocional que se sientan conectadas con la naturaleza, el mar, las estrellas y el amor.<\/p>\n","protected":false},"featured_media":98957,"comment_status":"closed","ping_status":"open","template":"","meta":{"_acf_changed":false},"libro":[],"product_brand":[],"product_cat":[16],"product_tag":[],"class_list":{"0":"post-98956","1":"product","2":"type-product","3":"status-publish","4":"has-post-thumbnail","6":"product_cat-novela","8":"first","9":"instock","10":"product-type-simple"},"acf":{"autor":[77357],"enlace_de_compra":"https:\/\/www.amazon.es\/Emociones-flor-piel-1-Novela\/dp\/8411449785\/"},"yoast_head":"<!-- This site is optimized with the Yoast SEO plugin v26.6 - https:\/\/yoast.com\/wordpress\/plugins\/seo\/ -->\n<title>Emociones a flor de piel - Catalogo | Letrame Grupo Editorial<\/title>\n<meta name=\"robots\" content=\"index, follow, max-snippet:-1, max-image-preview:large, max-video-preview:-1\" \/>\n<link rel=\"canonical\" href=\"https:\/\/letrame.com\/catalogo\/producto\/emociones-a-flor-de-piel\/\" \/>\n<meta property=\"og:locale\" content=\"es_ES\" \/>\n<meta property=\"og:type\" content=\"article\" \/>\n<meta property=\"og:title\" content=\"Emociones a flor de piel - Catalogo | Letrame Grupo Editorial\" \/>\n<meta property=\"og:description\" content=\"ISBN: 978-84-1144-978-6 SINOPSIS \u00bfPuedes encontrarte a ti mismo en plena naturaleza, observando el mar, las estrellas y las flores que adornan los jardines? \u00bfEs posible plasmar las emociones interiores en versos a flor de piel? &nbsp; En esta obra la autora evoca todo un mundo emocional que nos lleva a conectar con nuestro yo m\u00e1s profundo, hacernos reflexionar e intentar establecer unas nuevas relaciones m\u00e1s respetuosas con nuestro entorno natural, as\u00ed como social para la mejora de nuestra condici\u00f3n humana. &nbsp; El dulce sonido de las olas del mar, el rugido ensordecedor del viento entre los \u00e1rboles, las estrellas del cielo y la luna que alumbran las sombras de la noche oscura, el estallido de colores de los p\u00e9talos de las flores y su dulce olor, todo esto se puede sentir leyendo los apasionados versos de esta obra. &nbsp; Despu\u00e9s de ahondar en el mundo interior, la obra se completa con el car\u00e1cter social de\u00a0 una encendida defensa de la infancia, v\u00edctima de la injusticia de la sociedad que excluye desde peque\u00f1os a ni\u00f1os por su pobreza, por sus capacidades o por su origen \u00e9tnico. Todos hemos sido ni\u00f1os alguna vez, aunque no lo recordemos en nuestra vida de adultos y finaliza la obra con un hermoso testamento lleno de esperanza, de libertad, de sencillez, de trascendencia a lo eterno con la confianza puesta en el Dios cristiano. &nbsp; Este libro no dejar\u00e1 indiferente a las personas poseedoras de un rico mundo emocional que se sientan conectadas con la naturaleza, el mar, las estrellas y el amor.\" \/>\n<meta property=\"og:url\" content=\"https:\/\/letrame.com\/catalogo\/producto\/emociones-a-flor-de-piel\/\" \/>\n<meta property=\"og:site_name\" content=\"Catalogo | Letrame Grupo Editorial\" \/>\n<meta property=\"article:modified_time\" content=\"2024-04-29T13:30:47+00:00\" \/>\n<meta property=\"og:image\" content=\"https:\/\/letrame.com\/catalogo\/wp-content\/uploads\/2024\/04\/webportada_emocionesaflor_7mm-compressed-1.jpg\" \/>\n\t<meta property=\"og:image:width\" content=\"1748\" \/>\n\t<meta property=\"og:image:height\" content=\"2480\" \/>\n\t<meta property=\"og:image:type\" content=\"image\/jpeg\" \/>\n<meta name=\"twitter:card\" content=\"summary_large_image\" \/>\n<meta name=\"twitter:label1\" content=\"Tiempo de lectura\" \/>\n\t<meta name=\"twitter:data1\" content=\"1 minuto\" \/>\n<script type=\"application\/ld+json\" class=\"yoast-schema-graph\">{\"@context\":\"https:\/\/schema.org\",\"@graph\":[{\"@type\":\"WebPage\",\"@id\":\"https:\/\/letrame.com\/catalogo\/producto\/emociones-a-flor-de-piel\/\",\"url\":\"https:\/\/letrame.com\/catalogo\/producto\/emociones-a-flor-de-piel\/\",\"name\":\"Emociones a flor de piel - Catalogo | Letrame Grupo Editorial\",\"isPartOf\":{\"@id\":\"https:\/\/letrame.com\/catalogo\/#website\"},\"primaryImageOfPage\":{\"@id\":\"https:\/\/letrame.com\/catalogo\/producto\/emociones-a-flor-de-piel\/#primaryimage\"},\"image\":{\"@id\":\"https:\/\/letrame.com\/catalogo\/producto\/emociones-a-flor-de-piel\/#primaryimage\"},\"thumbnailUrl\":\"https:\/\/letrame.com\/catalogo\/wp-content\/uploads\/2024\/04\/webportada_emocionesaflor_7mm-compressed-1.jpg\",\"datePublished\":\"2024-04-29T13:30:44+00:00\",\"dateModified\":\"2024-04-29T13:30:47+00:00\",\"breadcrumb\":{\"@id\":\"https:\/\/letrame.com\/catalogo\/producto\/emociones-a-flor-de-piel\/#breadcrumb\"},\"inLanguage\":\"es\",\"potentialAction\":[{\"@type\":\"ReadAction\",\"target\":[\"https:\/\/letrame.com\/catalogo\/producto\/emociones-a-flor-de-piel\/\"]}]},{\"@type\":\"ImageObject\",\"inLanguage\":\"es\",\"@id\":\"https:\/\/letrame.com\/catalogo\/producto\/emociones-a-flor-de-piel\/#primaryimage\",\"url\":\"https:\/\/letrame.com\/catalogo\/wp-content\/uploads\/2024\/04\/webportada_emocionesaflor_7mm-compressed-1.jpg\",\"contentUrl\":\"https:\/\/letrame.com\/catalogo\/wp-content\/uploads\/2024\/04\/webportada_emocionesaflor_7mm-compressed-1.jpg\",\"width\":1748,\"height\":2480},{\"@type\":\"BreadcrumbList\",\"@id\":\"https:\/\/letrame.com\/catalogo\/producto\/emociones-a-flor-de-piel\/#breadcrumb\",\"itemListElement\":[{\"@type\":\"ListItem\",\"position\":1,\"name\":\"Portada\",\"item\":\"https:\/\/letrame.com\/catalogo\/\"},{\"@type\":\"ListItem\",\"position\":2,\"name\":\"Cat\u00e1logo\",\"item\":\"https:\/\/letrame.com\/catalogo\/\"},{\"@type\":\"ListItem\",\"position\":3,\"name\":\"Emociones a flor de piel\"}]},{\"@type\":\"WebSite\",\"@id\":\"https:\/\/letrame.com\/catalogo\/#website\",\"url\":\"https:\/\/letrame.com\/catalogo\/\",\"name\":\"Catalogo | Letrame Grupo Editorial\",\"description\":\"\",\"publisher\":{\"@id\":\"https:\/\/letrame.com\/catalogo\/#organization\"},\"potentialAction\":[{\"@type\":\"SearchAction\",\"target\":{\"@type\":\"EntryPoint\",\"urlTemplate\":\"https:\/\/letrame.com\/catalogo\/?s={search_term_string}\"},\"query-input\":{\"@type\":\"PropertyValueSpecification\",\"valueRequired\":true,\"valueName\":\"search_term_string\"}}],\"inLanguage\":\"es\"},{\"@type\":\"Organization\",\"@id\":\"https:\/\/letrame.com\/catalogo\/#organization\",\"name\":\"Catalogo | Letrame Grupo Editorial\",\"url\":\"https:\/\/letrame.com\/catalogo\/\",\"logo\":{\"@type\":\"ImageObject\",\"inLanguage\":\"es\",\"@id\":\"https:\/\/letrame.com\/catalogo\/#\/schema\/logo\/image\/\",\"url\":\"https:\/\/letrame.com\/catalogo\/wp-content\/uploads\/2024\/03\/logo2.webp\",\"contentUrl\":\"https:\/\/letrame.com\/catalogo\/wp-content\/uploads\/2024\/03\/logo2.webp\",\"width\":394,\"height\":128,\"caption\":\"Catalogo | Letrame Grupo Editorial\"},\"image\":{\"@id\":\"https:\/\/letrame.com\/catalogo\/#\/schema\/logo\/image\/\"}}]}<\/script>\n<!-- \/ Yoast SEO plugin. -->","yoast_head_json":{"title":"Emociones a flor de piel - Catalogo | Letrame Grupo Editorial","robots":{"index":"index","follow":"follow","max-snippet":"max-snippet:-1","max-image-preview":"max-image-preview:large","max-video-preview":"max-video-preview:-1"},"canonical":"https:\/\/letrame.com\/catalogo\/producto\/emociones-a-flor-de-piel\/","og_locale":"es_ES","og_type":"article","og_title":"Emociones a flor de piel - Catalogo | Letrame Grupo Editorial","og_description":"ISBN: 978-84-1144-978-6 SINOPSIS \u00bfPuedes encontrarte a ti mismo en plena naturaleza, observando el mar, las estrellas y las flores que adornan los jardines? \u00bfEs posible plasmar las emociones interiores en versos a flor de piel? &nbsp; En esta obra la autora evoca todo un mundo emocional que nos lleva a conectar con nuestro yo m\u00e1s profundo, hacernos reflexionar e intentar establecer unas nuevas relaciones m\u00e1s respetuosas con nuestro entorno natural, as\u00ed como social para la mejora de nuestra condici\u00f3n humana. &nbsp; El dulce sonido de las olas del mar, el rugido ensordecedor del viento entre los \u00e1rboles, las estrellas del cielo y la luna que alumbran las sombras de la noche oscura, el estallido de colores de los p\u00e9talos de las flores y su dulce olor, todo esto se puede sentir leyendo los apasionados versos de esta obra. &nbsp; Despu\u00e9s de ahondar en el mundo interior, la obra se completa con el car\u00e1cter social de\u00a0 una encendida defensa de la infancia, v\u00edctima de la injusticia de la sociedad que excluye desde peque\u00f1os a ni\u00f1os por su pobreza, por sus capacidades o por su origen \u00e9tnico. Todos hemos sido ni\u00f1os alguna vez, aunque no lo recordemos en nuestra vida de adultos y finaliza la obra con un hermoso testamento lleno de esperanza, de libertad, de sencillez, de trascendencia a lo eterno con la confianza puesta en el Dios cristiano. &nbsp; Este libro no dejar\u00e1 indiferente a las personas poseedoras de un rico mundo emocional que se sientan conectadas con la naturaleza, el mar, las estrellas y el amor.","og_url":"https:\/\/letrame.com\/catalogo\/producto\/emociones-a-flor-de-piel\/","og_site_name":"Catalogo | Letrame Grupo Editorial","article_modified_time":"2024-04-29T13:30:47+00:00","og_image":[{"width":1748,"height":2480,"url":"https:\/\/letrame.com\/catalogo\/wp-content\/uploads\/2024\/04\/webportada_emocionesaflor_7mm-compressed-1.jpg","type":"image\/jpeg"}],"twitter_card":"summary_large_image","twitter_misc":{"Tiempo de lectura":"1 minuto"},"schema":{"@context":"https:\/\/schema.org","@graph":[{"@type":"WebPage","@id":"https:\/\/letrame.com\/catalogo\/producto\/emociones-a-flor-de-piel\/","url":"https:\/\/letrame.com\/catalogo\/producto\/emociones-a-flor-de-piel\/","name":"Emociones a flor de piel - Catalogo | Letrame Grupo Editorial","isPartOf":{"@id":"https:\/\/letrame.com\/catalogo\/#website"},"primaryImageOfPage":{"@id":"https:\/\/letrame.com\/catalogo\/producto\/emociones-a-flor-de-piel\/#primaryimage"},"image":{"@id":"https:\/\/letrame.com\/catalogo\/producto\/emociones-a-flor-de-piel\/#primaryimage"},"thumbnailUrl":"https:\/\/letrame.com\/catalogo\/wp-content\/uploads\/2024\/04\/webportada_emocionesaflor_7mm-compressed-1.jpg","datePublished":"2024-04-29T13:30:44+00:00","dateModified":"2024-04-29T13:30:47+00:00","breadcrumb":{"@id":"https:\/\/letrame.com\/catalogo\/producto\/emociones-a-flor-de-piel\/#breadcrumb"},"inLanguage":"es","potentialAction":[{"@type":"ReadAction","target":["https:\/\/letrame.com\/catalogo\/producto\/emociones-a-flor-de-piel\/"]}]},{"@type":"ImageObject","inLanguage":"es","@id":"https:\/\/letrame.com\/catalogo\/producto\/emociones-a-flor-de-piel\/#primaryimage","url":"https:\/\/letrame.com\/catalogo\/wp-content\/uploads\/2024\/04\/webportada_emocionesaflor_7mm-compressed-1.jpg","contentUrl":"https:\/\/letrame.com\/catalogo\/wp-content\/uploads\/2024\/04\/webportada_emocionesaflor_7mm-compressed-1.jpg","width":1748,"height":2480},{"@type":"BreadcrumbList","@id":"https:\/\/letrame.com\/catalogo\/producto\/emociones-a-flor-de-piel\/#breadcrumb","itemListElement":[{"@type":"ListItem","position":1,"name":"Portada","item":"https:\/\/letrame.com\/catalogo\/"},{"@type":"ListItem","position":2,"name":"Cat\u00e1logo","item":"https:\/\/letrame.com\/catalogo\/"},{"@type":"ListItem","position":3,"name":"Emociones a flor de piel"}]},{"@type":"WebSite","@id":"https:\/\/letrame.com\/catalogo\/#website","url":"https:\/\/letrame.com\/catalogo\/","name":"Catalogo | Letrame Grupo Editorial","description":"","publisher":{"@id":"https:\/\/letrame.com\/catalogo\/#organization"},"potentialAction":[{"@type":"SearchAction","target":{"@type":"EntryPoint","urlTemplate":"https:\/\/letrame.com\/catalogo\/?s={search_term_string}"},"query-input":{"@type":"PropertyValueSpecification","valueRequired":true,"valueName":"search_term_string"}}],"inLanguage":"es"},{"@type":"Organization","@id":"https:\/\/letrame.com\/catalogo\/#organization","name":"Catalogo | Letrame Grupo Editorial","url":"https:\/\/letrame.com\/catalogo\/","logo":{"@type":"ImageObject","inLanguage":"es","@id":"https:\/\/letrame.com\/catalogo\/#\/schema\/logo\/image\/","url":"https:\/\/letrame.com\/catalogo\/wp-content\/uploads\/2024\/03\/logo2.webp","contentUrl":"https:\/\/letrame.com\/catalogo\/wp-content\/uploads\/2024\/03\/logo2.webp","width":394,"height":128,"caption":"Catalogo | Letrame Grupo Editorial"},"image":{"@id":"https:\/\/letrame.com\/catalogo\/#\/schema\/logo\/image\/"}}]}},"_links":{"self":[{"href":"https:\/\/letrame.com\/catalogo\/wp-json\/wp\/v2\/product\/98956","targetHints":{"allow":["GET"]}}],"collection":[{"href":"https:\/\/letrame.com\/catalogo\/wp-json\/wp\/v2\/product"}],"about":[{"href":"https:\/\/letrame.com\/catalogo\/wp-json\/wp\/v2\/types\/product"}],"replies":[{"embeddable":true,"href":"https:\/\/letrame.com\/catalogo\/wp-json\/wp\/v2\/comments?post=98956"}],"acf:post":[{"embeddable":true,"href":"https:\/\/letrame.com\/catalogo\/wp-json\/wp\/v2\/author_book\/77357"}],"wp:featuredmedia":[{"embeddable":true,"href":"https:\/\/letrame.com\/catalogo\/wp-json\/wp\/v2\/media\/98957"}],"wp:attachment":[{"href":"https:\/\/letrame.com\/catalogo\/wp-json\/wp\/v2\/media?parent=98956"}],"wp:term":[{"taxonomy":"libro","embeddable":true,"href":"https:\/\/letrame.com\/catalogo\/wp-json\/wp\/v2\/libro?post=98956"},{"taxonomy":"product_brand","embeddable":true,"href":"https:\/\/letrame.com\/catalogo\/wp-json\/wp\/v2\/product_brand?post=98956"},{"taxonomy":"product_cat","embeddable":true,"href":"https:\/\/letrame.com\/catalogo\/wp-json\/wp\/v2\/product_cat?post=98956"},{"taxonomy":"product_tag","embeddable":true,"href":"https:\/\/letrame.com\/catalogo\/wp-json\/wp\/v2\/product_tag?post=98956"}],"curies":[{"name":"wp","href":"https:\/\/api.w.org\/{rel}","templated":true}]}}