{"id":98950,"date":"2024-04-29T15:30:06","date_gmt":"2024-04-29T13:30:06","guid":{"rendered":"https:\/\/letrame.com\/catalogo\/producto\/liberada-en-puerto-la-sal\/"},"modified":"2024-04-29T15:30:23","modified_gmt":"2024-04-29T13:30:23","slug":"liberada-en-puerto-la-sal","status":"publish","type":"product","link":"https:\/\/letrame.com\/catalogo\/producto\/liberada-en-puerto-la-sal\/","title":{"rendered":"LIBERADA en Puerto La Sal"},"content":{"rendered":"<p><strong>ISBN<\/strong>: 978-84-1144-831-4<\/p>\n<p><strong>T\u00edtulo<\/strong>: LIBERADA en Puerto La Sal Liberada<br \/>\n<strong>Fecha<\/strong>: 2023<br \/>\n<strong>P\u00e1ginas<\/strong>: 288<\/p>\n<p><strong>SINOPSIS<\/strong><\/p>\n<p>Agotada de un mal querer hu\u00ed a Puerto La Sal.<br \/>\nMe dej\u00e9 arrastrar en su espiral de entender el mundo.<br \/>\nRomp\u00ed en las distancias cortas y me liber\u00e9 de toda una vida.<\/p>\n<p>Viv\u00eda en autom\u00e1tico y de forma autom\u00e1tica se fue apagando mi vida. Una vida donde el amor no conoc\u00eda de l\u00edmites y donde yo era su personaje secundario, de esos que aparecen una vez cada veinte p\u00e1ginas.<\/p>\n<p>Logr\u00e9 saltar al vac\u00edo.<br \/>\nAmar sin cicatrices.<br \/>\nY que surgiese esa sincera sonrisa que<br \/>\nte producen las cosas bonitas.<\/p>\n<p>Arr\u00e9glate tan r\u00e1pido como puedas. Solo tienes un minuto.<\/p>\n<p>La ciudad est\u00e1 en penumbra. Solo resiste el parpadeo de las luces que iluminan sutilmente desde los extremos y los faros de aquellos coches que se lanzan atravesando la calle. Est\u00e1 llegando el verano, y con ello los cientos de turistas que inundan de punta a punta el paseo mar\u00edtimo.<\/p>\n<p>\u00bfEst\u00e1s?<\/p>\n<div>\n<p>Ag\u00e1rrame fuerte que te vienes conmigo.<\/p>\n<div>\n<div class=\"gmail_signature\" dir=\"ltr\" data-smartmail=\"gmail_signature\">\n<div dir=\"ltr\">\n<div>\n<div dir=\"ltr\">\n<div>\n<div dir=\"ltr\">\n<div dir=\"ltr\">\n<div dir=\"ltr\">\n<div dir=\"ltr\">\n<div dir=\"ltr\">\n<div dir=\"ltr\"><\/div>\n<\/div>\n<\/div>\n<\/div>\n<\/div>\n<\/div>\n<\/div>\n<\/div>\n<\/div>\n<\/div>\n<\/div>\n<\/div>\n<\/div>\n","protected":false},"excerpt":{"rendered":"<p><strong>ISBN<\/strong>: 978-84-1144-831-4<\/p>\n<p><strong>SINOPSIS<\/strong><\/p>\n<p>Agotada de un mal querer hu\u00ed a Puerto La Sal.<br \/>\nMe dej\u00e9 arrastrar en su espiral de entender el mundo.<br \/>\nRomp\u00ed en las distancias cortas y me liber\u00e9 de toda una vida.<\/p>\n<p>Viv\u00eda en autom\u00e1tico y de forma autom\u00e1tica se fue apagando mi vida. Una vida donde el amor no conoc\u00eda de l\u00edmites y donde yo era su personaje secundario, de esos que aparecen una vez cada veinte p\u00e1ginas.<\/p>\n<p>Logr\u00e9 saltar al vac\u00edo.<br \/>\nAmar sin cicatrices.<br \/>\nY que surgiese esa sincera sonrisa que<br \/>\nte producen las cosas bonitas.<\/p>\n<p>Arr\u00e9glate tan r\u00e1pido como puedas. Solo tienes un minuto.<\/p>\n<p>La ciudad est\u00e1 en penumbra. Solo resiste el parpadeo de las luces que iluminan sutilmente desde los extremos y los faros de aquellos coches que se lanzan atravesando la calle. Est\u00e1 llegando el verano, y con ello los cientos de turistas que inundan de punta a punta el paseo mar\u00edtimo.<\/p>\n<p>\u00bfEst\u00e1s?<\/p>\n<div>\n<p>Ag\u00e1rrame fuerte que te vienes conmigo.<\/p>\n","protected":false},"featured_media":98951,"comment_status":"closed","ping_status":"open","template":"","meta":{"_acf_changed":false},"libro":[],"product_brand":[],"product_cat":[26],"product_tag":[],"class_list":{"0":"post-98950","1":"product","2":"type-product","3":"status-publish","4":"has-post-thumbnail","6":"product_cat-sin-categoria","8":"first","9":"instock","10":"product-type-simple"},"acf":{"autor":[77352],"enlace_de_compra":"https:\/\/www.amazon.com\/-\/es\/David-Clemente-ebook\/dp\/B0C9V55K8P\/"},"yoast_head":"<!-- This site is optimized with the Yoast SEO plugin v27.4 - https:\/\/yoast.com\/product\/yoast-seo-wordpress\/ -->\n<title>LIBERADA en Puerto La Sal - Catalogo | Letrame Grupo Editorial<\/title>\n<meta name=\"robots\" content=\"index, follow, max-snippet:-1, max-image-preview:large, max-video-preview:-1\" \/>\n<link rel=\"canonical\" href=\"https:\/\/letrame.com\/catalogo\/producto\/liberada-en-puerto-la-sal\/\" \/>\n<meta property=\"og:locale\" content=\"es_ES\" \/>\n<meta property=\"og:type\" content=\"article\" \/>\n<meta property=\"og:title\" content=\"LIBERADA en Puerto La Sal - Catalogo | Letrame Grupo Editorial\" \/>\n<meta property=\"og:description\" content=\"ISBN: 978-84-1144-831-4 SINOPSIS Agotada de un mal querer hu\u00ed a Puerto La Sal. Me dej\u00e9 arrastrar en su espiral de entender el mundo. Romp\u00ed en las distancias cortas y me liber\u00e9 de toda una vida. Viv\u00eda en autom\u00e1tico y de forma autom\u00e1tica se fue apagando mi vida. Una vida donde el amor no conoc\u00eda de l\u00edmites y donde yo era su personaje secundario, de esos que aparecen una vez cada veinte p\u00e1ginas. Logr\u00e9 saltar al vac\u00edo. Amar sin cicatrices. Y que surgiese esa sincera sonrisa que te producen las cosas bonitas. Arr\u00e9glate tan r\u00e1pido como puedas. Solo tienes un minuto. La ciudad est\u00e1 en penumbra. Solo resiste el parpadeo de las luces que iluminan sutilmente desde los extremos y los faros de aquellos coches que se lanzan atravesando la calle. Est\u00e1 llegando el verano, y con ello los cientos de turistas que inundan de punta a punta el paseo mar\u00edtimo. \u00bfEst\u00e1s?  Ag\u00e1rrame fuerte que te vienes conmigo.\" \/>\n<meta property=\"og:url\" content=\"https:\/\/letrame.com\/catalogo\/producto\/liberada-en-puerto-la-sal\/\" \/>\n<meta property=\"og:site_name\" content=\"Catalogo | Letrame Grupo Editorial\" \/>\n<meta property=\"article:modified_time\" content=\"2024-04-29T13:30:23+00:00\" \/>\n<meta property=\"og:image\" content=\"https:\/\/letrame.com\/catalogo\/wp-content\/uploads\/2024\/04\/webportada_liberadaenpuerto_1435mm-compressed-1-scaled-1.jpg\" \/>\n\t<meta property=\"og:image:width\" content=\"1746\" \/>\n\t<meta property=\"og:image:height\" content=\"2560\" \/>\n\t<meta property=\"og:image:type\" content=\"image\/jpeg\" \/>\n<meta name=\"twitter:card\" content=\"summary_large_image\" \/>\n<meta name=\"twitter:label1\" content=\"Tiempo de lectura\" \/>\n\t<meta name=\"twitter:data1\" content=\"1 minuto\" \/>\n<script type=\"application\/ld+json\" class=\"yoast-schema-graph\">{\"@context\":\"https:\\\/\\\/schema.org\",\"@graph\":[{\"@type\":\"WebPage\",\"@id\":\"https:\\\/\\\/letrame.com\\\/catalogo\\\/producto\\\/liberada-en-puerto-la-sal\\\/\",\"url\":\"https:\\\/\\\/letrame.com\\\/catalogo\\\/producto\\\/liberada-en-puerto-la-sal\\\/\",\"name\":\"LIBERADA en Puerto La Sal - Catalogo | Letrame Grupo Editorial\",\"isPartOf\":{\"@id\":\"https:\\\/\\\/letrame.com\\\/catalogo\\\/#website\"},\"primaryImageOfPage\":{\"@id\":\"https:\\\/\\\/letrame.com\\\/catalogo\\\/producto\\\/liberada-en-puerto-la-sal\\\/#primaryimage\"},\"image\":{\"@id\":\"https:\\\/\\\/letrame.com\\\/catalogo\\\/producto\\\/liberada-en-puerto-la-sal\\\/#primaryimage\"},\"thumbnailUrl\":\"https:\\\/\\\/letrame.com\\\/catalogo\\\/wp-content\\\/uploads\\\/2024\\\/04\\\/webportada_liberadaenpuerto_1435mm-compressed-1-scaled-1.jpg\",\"datePublished\":\"2024-04-29T13:30:06+00:00\",\"dateModified\":\"2024-04-29T13:30:23+00:00\",\"breadcrumb\":{\"@id\":\"https:\\\/\\\/letrame.com\\\/catalogo\\\/producto\\\/liberada-en-puerto-la-sal\\\/#breadcrumb\"},\"inLanguage\":\"es\",\"potentialAction\":[{\"@type\":\"ReadAction\",\"target\":[\"https:\\\/\\\/letrame.com\\\/catalogo\\\/producto\\\/liberada-en-puerto-la-sal\\\/\"]}]},{\"@type\":\"ImageObject\",\"inLanguage\":\"es\",\"@id\":\"https:\\\/\\\/letrame.com\\\/catalogo\\\/producto\\\/liberada-en-puerto-la-sal\\\/#primaryimage\",\"url\":\"https:\\\/\\\/letrame.com\\\/catalogo\\\/wp-content\\\/uploads\\\/2024\\\/04\\\/webportada_liberadaenpuerto_1435mm-compressed-1-scaled-1.jpg\",\"contentUrl\":\"https:\\\/\\\/letrame.com\\\/catalogo\\\/wp-content\\\/uploads\\\/2024\\\/04\\\/webportada_liberadaenpuerto_1435mm-compressed-1-scaled-1.jpg\",\"width\":1746,\"height\":2560},{\"@type\":\"BreadcrumbList\",\"@id\":\"https:\\\/\\\/letrame.com\\\/catalogo\\\/producto\\\/liberada-en-puerto-la-sal\\\/#breadcrumb\",\"itemListElement\":[{\"@type\":\"ListItem\",\"position\":1,\"name\":\"Portada\",\"item\":\"https:\\\/\\\/letrame.com\\\/catalogo\\\/\"},{\"@type\":\"ListItem\",\"position\":2,\"name\":\"Cat\u00e1logo\",\"item\":\"https:\\\/\\\/letrame.com\\\/catalogo\\\/\"},{\"@type\":\"ListItem\",\"position\":3,\"name\":\"LIBERADA en Puerto La Sal\"}]},{\"@type\":\"WebSite\",\"@id\":\"https:\\\/\\\/letrame.com\\\/catalogo\\\/#website\",\"url\":\"https:\\\/\\\/letrame.com\\\/catalogo\\\/\",\"name\":\"Catalogo | Letrame Grupo Editorial\",\"description\":\"\",\"publisher\":{\"@id\":\"https:\\\/\\\/letrame.com\\\/catalogo\\\/#organization\"},\"potentialAction\":[{\"@type\":\"SearchAction\",\"target\":{\"@type\":\"EntryPoint\",\"urlTemplate\":\"https:\\\/\\\/letrame.com\\\/catalogo\\\/?s={search_term_string}\"},\"query-input\":{\"@type\":\"PropertyValueSpecification\",\"valueRequired\":true,\"valueName\":\"search_term_string\"}}],\"inLanguage\":\"es\"},{\"@type\":\"Organization\",\"@id\":\"https:\\\/\\\/letrame.com\\\/catalogo\\\/#organization\",\"name\":\"Catalogo | Letrame Grupo Editorial\",\"url\":\"https:\\\/\\\/letrame.com\\\/catalogo\\\/\",\"logo\":{\"@type\":\"ImageObject\",\"inLanguage\":\"es\",\"@id\":\"https:\\\/\\\/letrame.com\\\/catalogo\\\/#\\\/schema\\\/logo\\\/image\\\/\",\"url\":\"https:\\\/\\\/letrame.com\\\/catalogo\\\/wp-content\\\/uploads\\\/2024\\\/03\\\/logo2.webp\",\"contentUrl\":\"https:\\\/\\\/letrame.com\\\/catalogo\\\/wp-content\\\/uploads\\\/2024\\\/03\\\/logo2.webp\",\"width\":394,\"height\":128,\"caption\":\"Catalogo | Letrame Grupo Editorial\"},\"image\":{\"@id\":\"https:\\\/\\\/letrame.com\\\/catalogo\\\/#\\\/schema\\\/logo\\\/image\\\/\"}}]}<\/script>\n<!-- \/ Yoast SEO plugin. -->","yoast_head_json":{"title":"LIBERADA en Puerto La Sal - Catalogo | Letrame Grupo Editorial","robots":{"index":"index","follow":"follow","max-snippet":"max-snippet:-1","max-image-preview":"max-image-preview:large","max-video-preview":"max-video-preview:-1"},"canonical":"https:\/\/letrame.com\/catalogo\/producto\/liberada-en-puerto-la-sal\/","og_locale":"es_ES","og_type":"article","og_title":"LIBERADA en Puerto La Sal - Catalogo | Letrame Grupo Editorial","og_description":"ISBN: 978-84-1144-831-4 SINOPSIS Agotada de un mal querer hu\u00ed a Puerto La Sal. Me dej\u00e9 arrastrar en su espiral de entender el mundo. Romp\u00ed en las distancias cortas y me liber\u00e9 de toda una vida. Viv\u00eda en autom\u00e1tico y de forma autom\u00e1tica se fue apagando mi vida. Una vida donde el amor no conoc\u00eda de l\u00edmites y donde yo era su personaje secundario, de esos que aparecen una vez cada veinte p\u00e1ginas. Logr\u00e9 saltar al vac\u00edo. Amar sin cicatrices. Y que surgiese esa sincera sonrisa que te producen las cosas bonitas. Arr\u00e9glate tan r\u00e1pido como puedas. Solo tienes un minuto. La ciudad est\u00e1 en penumbra. Solo resiste el parpadeo de las luces que iluminan sutilmente desde los extremos y los faros de aquellos coches que se lanzan atravesando la calle. Est\u00e1 llegando el verano, y con ello los cientos de turistas que inundan de punta a punta el paseo mar\u00edtimo. \u00bfEst\u00e1s?  Ag\u00e1rrame fuerte que te vienes conmigo.","og_url":"https:\/\/letrame.com\/catalogo\/producto\/liberada-en-puerto-la-sal\/","og_site_name":"Catalogo | Letrame Grupo Editorial","article_modified_time":"2024-04-29T13:30:23+00:00","og_image":[{"width":1746,"height":2560,"url":"https:\/\/letrame.com\/catalogo\/wp-content\/uploads\/2024\/04\/webportada_liberadaenpuerto_1435mm-compressed-1-scaled-1.jpg","type":"image\/jpeg"}],"twitter_card":"summary_large_image","twitter_misc":{"Tiempo de lectura":"1 minuto"},"schema":{"@context":"https:\/\/schema.org","@graph":[{"@type":"WebPage","@id":"https:\/\/letrame.com\/catalogo\/producto\/liberada-en-puerto-la-sal\/","url":"https:\/\/letrame.com\/catalogo\/producto\/liberada-en-puerto-la-sal\/","name":"LIBERADA en Puerto La Sal - Catalogo | Letrame Grupo Editorial","isPartOf":{"@id":"https:\/\/letrame.com\/catalogo\/#website"},"primaryImageOfPage":{"@id":"https:\/\/letrame.com\/catalogo\/producto\/liberada-en-puerto-la-sal\/#primaryimage"},"image":{"@id":"https:\/\/letrame.com\/catalogo\/producto\/liberada-en-puerto-la-sal\/#primaryimage"},"thumbnailUrl":"https:\/\/letrame.com\/catalogo\/wp-content\/uploads\/2024\/04\/webportada_liberadaenpuerto_1435mm-compressed-1-scaled-1.jpg","datePublished":"2024-04-29T13:30:06+00:00","dateModified":"2024-04-29T13:30:23+00:00","breadcrumb":{"@id":"https:\/\/letrame.com\/catalogo\/producto\/liberada-en-puerto-la-sal\/#breadcrumb"},"inLanguage":"es","potentialAction":[{"@type":"ReadAction","target":["https:\/\/letrame.com\/catalogo\/producto\/liberada-en-puerto-la-sal\/"]}]},{"@type":"ImageObject","inLanguage":"es","@id":"https:\/\/letrame.com\/catalogo\/producto\/liberada-en-puerto-la-sal\/#primaryimage","url":"https:\/\/letrame.com\/catalogo\/wp-content\/uploads\/2024\/04\/webportada_liberadaenpuerto_1435mm-compressed-1-scaled-1.jpg","contentUrl":"https:\/\/letrame.com\/catalogo\/wp-content\/uploads\/2024\/04\/webportada_liberadaenpuerto_1435mm-compressed-1-scaled-1.jpg","width":1746,"height":2560},{"@type":"BreadcrumbList","@id":"https:\/\/letrame.com\/catalogo\/producto\/liberada-en-puerto-la-sal\/#breadcrumb","itemListElement":[{"@type":"ListItem","position":1,"name":"Portada","item":"https:\/\/letrame.com\/catalogo\/"},{"@type":"ListItem","position":2,"name":"Cat\u00e1logo","item":"https:\/\/letrame.com\/catalogo\/"},{"@type":"ListItem","position":3,"name":"LIBERADA en Puerto La Sal"}]},{"@type":"WebSite","@id":"https:\/\/letrame.com\/catalogo\/#website","url":"https:\/\/letrame.com\/catalogo\/","name":"Catalogo | Letrame Grupo Editorial","description":"","publisher":{"@id":"https:\/\/letrame.com\/catalogo\/#organization"},"potentialAction":[{"@type":"SearchAction","target":{"@type":"EntryPoint","urlTemplate":"https:\/\/letrame.com\/catalogo\/?s={search_term_string}"},"query-input":{"@type":"PropertyValueSpecification","valueRequired":true,"valueName":"search_term_string"}}],"inLanguage":"es"},{"@type":"Organization","@id":"https:\/\/letrame.com\/catalogo\/#organization","name":"Catalogo | Letrame Grupo Editorial","url":"https:\/\/letrame.com\/catalogo\/","logo":{"@type":"ImageObject","inLanguage":"es","@id":"https:\/\/letrame.com\/catalogo\/#\/schema\/logo\/image\/","url":"https:\/\/letrame.com\/catalogo\/wp-content\/uploads\/2024\/03\/logo2.webp","contentUrl":"https:\/\/letrame.com\/catalogo\/wp-content\/uploads\/2024\/03\/logo2.webp","width":394,"height":128,"caption":"Catalogo | Letrame Grupo Editorial"},"image":{"@id":"https:\/\/letrame.com\/catalogo\/#\/schema\/logo\/image\/"}}]}},"_links":{"self":[{"href":"https:\/\/letrame.com\/catalogo\/wp-json\/wp\/v2\/product\/98950","targetHints":{"allow":["GET"]}}],"collection":[{"href":"https:\/\/letrame.com\/catalogo\/wp-json\/wp\/v2\/product"}],"about":[{"href":"https:\/\/letrame.com\/catalogo\/wp-json\/wp\/v2\/types\/product"}],"replies":[{"embeddable":true,"href":"https:\/\/letrame.com\/catalogo\/wp-json\/wp\/v2\/comments?post=98950"}],"acf:post":[{"embeddable":true,"href":"https:\/\/letrame.com\/catalogo\/wp-json\/wp\/v2\/author_book\/77352"}],"wp:featuredmedia":[{"embeddable":true,"href":"https:\/\/letrame.com\/catalogo\/wp-json\/wp\/v2\/media\/98951"}],"wp:attachment":[{"href":"https:\/\/letrame.com\/catalogo\/wp-json\/wp\/v2\/media?parent=98950"}],"wp:term":[{"taxonomy":"libro","embeddable":true,"href":"https:\/\/letrame.com\/catalogo\/wp-json\/wp\/v2\/libro?post=98950"},{"taxonomy":"product_brand","embeddable":true,"href":"https:\/\/letrame.com\/catalogo\/wp-json\/wp\/v2\/product_brand?post=98950"},{"taxonomy":"product_cat","embeddable":true,"href":"https:\/\/letrame.com\/catalogo\/wp-json\/wp\/v2\/product_cat?post=98950"},{"taxonomy":"product_tag","embeddable":true,"href":"https:\/\/letrame.com\/catalogo\/wp-json\/wp\/v2\/product_tag?post=98950"}],"curies":[{"name":"wp","href":"https:\/\/api.w.org\/{rel}","templated":true}]}}