{"id":98944,"date":"2024-04-29T15:29:34","date_gmt":"2024-04-29T13:29:34","guid":{"rendered":"https:\/\/letrame.com\/catalogo\/producto\/frenesi-de-cuentos\/"},"modified":"2024-04-29T15:29:37","modified_gmt":"2024-04-29T13:29:37","slug":"frenesi-de-cuentos","status":"publish","type":"product","link":"https:\/\/letrame.com\/catalogo\/producto\/frenesi-de-cuentos\/","title":{"rendered":"Frenes\u00ed de cuentos"},"content":{"rendered":"<p><strong>ISBN<\/strong>: 978-84-1181-000-5<\/p>\n<p><strong>T\u00edtulo<\/strong>: <span data-sheets-value=\"{&quot;1&quot;:2,&quot;2&quot;:&quot;Frenes\u00ed de cuentos&quot;}\" data-sheets-userformat=\"{&quot;2&quot;:515,&quot;3&quot;:{&quot;1&quot;:0},&quot;4&quot;:{&quot;1&quot;:2,&quot;2&quot;:14281427},&quot;12&quot;:0}\">Frenes\u00ed de cuentos<\/span><br \/>\n<strong>Fecha<\/strong>: 2023<br \/>\n<strong>P\u00e1ginas<\/strong>: 130<\/p>\n<p><strong>SINOPSIS<\/strong><\/p>\n<p>En estos 25 cuentos encontrar\u00e1s historias que van desde lo s\u00f3rdido y grotesco de nuestra realidad hasta lo fant\u00e1stico y sublime.\u00a0\u00a0Se encuentran aqu\u00ed historias cotidianas que recogen desde la mirada de un caminante nocturno y lo que encuentra en una fr\u00eda ciudad capital, hasta la ansiedad y la angustia de aquel que espera ser liberado de sus prisiones f\u00edsicas y mentales. Tambi\u00e9n podr\u00e1s encontrar algunos relatos de ciencia ficci\u00f3n sobre estrellas enamoradas o te topar\u00e1s con los \u00e1ngeles y los demonios compitiendo por corromper nuestras almas.\u00a0\u00a0Algunos de estos relatos retoman la violencia vivida en los \u00faltimos a\u00f1os del siglo 20 y otras recogen la visi\u00f3n del autor sobre c\u00f3mo sentimientos profundos como el amor pueden degenerar en el instinto homicida y las pasiones m\u00e1s bajas del ser humano. Utilizando un lenguaje a veces irreverente y provocativo el autor ha buscado que el lector logre conectar no solo con los personajes de las historias sino con lo m\u00e1s profundo de sus sentimientos y pensamientos, que en ocasiones podr\u00e1n mezclarse con los suyos. Este compendio muestra historias creadas por la mente de un hombre que ama la literatura y busca conectar con el lector a trav\u00e9s de sus cuentos. Son historias cortas que calan en lo m\u00e1s hondo y que siguen acompa\u00f1\u00e1ndote a\u00fan despu\u00e9s de finalizada su lectura.<\/p>\n","protected":false},"excerpt":{"rendered":"<p><strong>ISBN<\/strong>: 978-84-1181-000-5<\/p>\n<p><strong>SINOPSIS<\/strong><\/p>\n<p>En estos 25 cuentos encontrar\u00e1s historias que van desde lo s\u00f3rdido y grotesco de nuestra realidad hasta lo fant\u00e1stico y sublime.\u00a0\u00a0Se encuentran aqu\u00ed historias cotidianas que recogen desde la mirada de un caminante nocturno y lo que encuentra en una fr\u00eda ciudad capital, hasta la ansiedad y la angustia de aquel que espera ser liberado de sus prisiones f\u00edsicas y mentales. Tambi\u00e9n podr\u00e1s encontrar algunos relatos de ciencia ficci\u00f3n sobre estrellas enamoradas o te topar\u00e1s con los \u00e1ngeles y los demonios compitiendo por corromper nuestras almas.\u00a0\u00a0Algunos de estos relatos retoman la violencia vivida en los \u00faltimos a\u00f1os del siglo 20 y otras recogen la visi\u00f3n del autor sobre c\u00f3mo sentimientos profundos como el amor pueden degenerar en el instinto homicida y las pasiones m\u00e1s bajas del ser humano. Utilizando un lenguaje a veces irreverente y provocativo el autor ha buscado que el lector logre conectar no solo con los personajes de las historias sino con lo m\u00e1s profundo de sus sentimientos y pensamientos, que en ocasiones podr\u00e1n mezclarse con los suyos. Este compendio muestra historias creadas por la mente de un hombre que ama la literatura y busca conectar con el lector a trav\u00e9s de sus cuentos. Son historias cortas que calan en lo m\u00e1s hondo y que siguen acompa\u00f1\u00e1ndote a\u00fan despu\u00e9s de finalizada su lectura.<\/p>\n","protected":false},"featured_media":98945,"comment_status":"closed","ping_status":"open","template":"","meta":{"_acf_changed":false},"libro":[],"product_brand":[],"product_cat":[33],"product_tag":[],"class_list":{"0":"post-98944","1":"product","2":"type-product","3":"status-publish","4":"has-post-thumbnail","6":"product_cat-cuento","8":"first","9":"instock","10":"product-type-simple"},"acf":{"autor":[77347],"enlace_de_compra":"https:\/\/www.amazon.es\/Frenes%C3%AD-cuentos-Carlos-Osorio-G%C3%B3mez\/dp\/8411810003\/"},"yoast_head":"<!-- This site is optimized with the Yoast SEO plugin v27.4 - https:\/\/yoast.com\/product\/yoast-seo-wordpress\/ -->\n<title>Frenes\u00ed de cuentos - Catalogo | Letrame Grupo Editorial<\/title>\n<meta name=\"robots\" content=\"index, follow, max-snippet:-1, max-image-preview:large, max-video-preview:-1\" \/>\n<link rel=\"canonical\" href=\"https:\/\/letrame.com\/catalogo\/producto\/frenesi-de-cuentos\/\" \/>\n<meta property=\"og:locale\" content=\"es_ES\" \/>\n<meta property=\"og:type\" content=\"article\" \/>\n<meta property=\"og:title\" content=\"Frenes\u00ed de cuentos - Catalogo | Letrame Grupo Editorial\" \/>\n<meta property=\"og:description\" content=\"ISBN: 978-84-1181-000-5 SINOPSIS En estos 25 cuentos encontrar\u00e1s historias que van desde lo s\u00f3rdido y grotesco de nuestra realidad hasta lo fant\u00e1stico y sublime.\u00a0\u00a0Se encuentran aqu\u00ed historias cotidianas que recogen desde la mirada de un caminante nocturno y lo que encuentra en una fr\u00eda ciudad capital, hasta la ansiedad y la angustia de aquel que espera ser liberado de sus prisiones f\u00edsicas y mentales. Tambi\u00e9n podr\u00e1s encontrar algunos relatos de ciencia ficci\u00f3n sobre estrellas enamoradas o te topar\u00e1s con los \u00e1ngeles y los demonios compitiendo por corromper nuestras almas.\u00a0\u00a0Algunos de estos relatos retoman la violencia vivida en los \u00faltimos a\u00f1os del siglo 20 y otras recogen la visi\u00f3n del autor sobre c\u00f3mo sentimientos profundos como el amor pueden degenerar en el instinto homicida y las pasiones m\u00e1s bajas del ser humano. Utilizando un lenguaje a veces irreverente y provocativo el autor ha buscado que el lector logre conectar no solo con los personajes de las historias sino con lo m\u00e1s profundo de sus sentimientos y pensamientos, que en ocasiones podr\u00e1n mezclarse con los suyos. Este compendio muestra historias creadas por la mente de un hombre que ama la literatura y busca conectar con el lector a trav\u00e9s de sus cuentos. Son historias cortas que calan en lo m\u00e1s hondo y que siguen acompa\u00f1\u00e1ndote a\u00fan despu\u00e9s de finalizada su lectura.\" \/>\n<meta property=\"og:url\" content=\"https:\/\/letrame.com\/catalogo\/producto\/frenesi-de-cuentos\/\" \/>\n<meta property=\"og:site_name\" content=\"Catalogo | Letrame Grupo Editorial\" \/>\n<meta property=\"article:modified_time\" content=\"2024-04-29T13:29:37+00:00\" \/>\n<meta property=\"og:image\" content=\"https:\/\/letrame.com\/catalogo\/wp-content\/uploads\/2024\/04\/webportada_frenesidecuentos_707mm-1-compressed.jpg\" \/>\n\t<meta property=\"og:image:width\" content=\"1748\" \/>\n\t<meta property=\"og:image:height\" content=\"2480\" \/>\n\t<meta property=\"og:image:type\" content=\"image\/jpeg\" \/>\n<meta name=\"twitter:card\" content=\"summary_large_image\" \/>\n<meta name=\"twitter:label1\" content=\"Tiempo de lectura\" \/>\n\t<meta name=\"twitter:data1\" content=\"1 minuto\" \/>\n<script type=\"application\/ld+json\" class=\"yoast-schema-graph\">{\"@context\":\"https:\\\/\\\/schema.org\",\"@graph\":[{\"@type\":\"WebPage\",\"@id\":\"https:\\\/\\\/letrame.com\\\/catalogo\\\/producto\\\/frenesi-de-cuentos\\\/\",\"url\":\"https:\\\/\\\/letrame.com\\\/catalogo\\\/producto\\\/frenesi-de-cuentos\\\/\",\"name\":\"Frenes\u00ed de cuentos - Catalogo | Letrame Grupo Editorial\",\"isPartOf\":{\"@id\":\"https:\\\/\\\/letrame.com\\\/catalogo\\\/#website\"},\"primaryImageOfPage\":{\"@id\":\"https:\\\/\\\/letrame.com\\\/catalogo\\\/producto\\\/frenesi-de-cuentos\\\/#primaryimage\"},\"image\":{\"@id\":\"https:\\\/\\\/letrame.com\\\/catalogo\\\/producto\\\/frenesi-de-cuentos\\\/#primaryimage\"},\"thumbnailUrl\":\"https:\\\/\\\/letrame.com\\\/catalogo\\\/wp-content\\\/uploads\\\/2024\\\/04\\\/webportada_frenesidecuentos_707mm-1-compressed.jpg\",\"datePublished\":\"2024-04-29T13:29:34+00:00\",\"dateModified\":\"2024-04-29T13:29:37+00:00\",\"breadcrumb\":{\"@id\":\"https:\\\/\\\/letrame.com\\\/catalogo\\\/producto\\\/frenesi-de-cuentos\\\/#breadcrumb\"},\"inLanguage\":\"es\",\"potentialAction\":[{\"@type\":\"ReadAction\",\"target\":[\"https:\\\/\\\/letrame.com\\\/catalogo\\\/producto\\\/frenesi-de-cuentos\\\/\"]}]},{\"@type\":\"ImageObject\",\"inLanguage\":\"es\",\"@id\":\"https:\\\/\\\/letrame.com\\\/catalogo\\\/producto\\\/frenesi-de-cuentos\\\/#primaryimage\",\"url\":\"https:\\\/\\\/letrame.com\\\/catalogo\\\/wp-content\\\/uploads\\\/2024\\\/04\\\/webportada_frenesidecuentos_707mm-1-compressed.jpg\",\"contentUrl\":\"https:\\\/\\\/letrame.com\\\/catalogo\\\/wp-content\\\/uploads\\\/2024\\\/04\\\/webportada_frenesidecuentos_707mm-1-compressed.jpg\",\"width\":1748,\"height\":2480},{\"@type\":\"BreadcrumbList\",\"@id\":\"https:\\\/\\\/letrame.com\\\/catalogo\\\/producto\\\/frenesi-de-cuentos\\\/#breadcrumb\",\"itemListElement\":[{\"@type\":\"ListItem\",\"position\":1,\"name\":\"Portada\",\"item\":\"https:\\\/\\\/letrame.com\\\/catalogo\\\/\"},{\"@type\":\"ListItem\",\"position\":2,\"name\":\"Cat\u00e1logo\",\"item\":\"https:\\\/\\\/letrame.com\\\/catalogo\\\/\"},{\"@type\":\"ListItem\",\"position\":3,\"name\":\"Frenes\u00ed de cuentos\"}]},{\"@type\":\"WebSite\",\"@id\":\"https:\\\/\\\/letrame.com\\\/catalogo\\\/#website\",\"url\":\"https:\\\/\\\/letrame.com\\\/catalogo\\\/\",\"name\":\"Catalogo | Letrame Grupo Editorial\",\"description\":\"\",\"publisher\":{\"@id\":\"https:\\\/\\\/letrame.com\\\/catalogo\\\/#organization\"},\"potentialAction\":[{\"@type\":\"SearchAction\",\"target\":{\"@type\":\"EntryPoint\",\"urlTemplate\":\"https:\\\/\\\/letrame.com\\\/catalogo\\\/?s={search_term_string}\"},\"query-input\":{\"@type\":\"PropertyValueSpecification\",\"valueRequired\":true,\"valueName\":\"search_term_string\"}}],\"inLanguage\":\"es\"},{\"@type\":\"Organization\",\"@id\":\"https:\\\/\\\/letrame.com\\\/catalogo\\\/#organization\",\"name\":\"Catalogo | Letrame Grupo Editorial\",\"url\":\"https:\\\/\\\/letrame.com\\\/catalogo\\\/\",\"logo\":{\"@type\":\"ImageObject\",\"inLanguage\":\"es\",\"@id\":\"https:\\\/\\\/letrame.com\\\/catalogo\\\/#\\\/schema\\\/logo\\\/image\\\/\",\"url\":\"https:\\\/\\\/letrame.com\\\/catalogo\\\/wp-content\\\/uploads\\\/2024\\\/03\\\/logo2.webp\",\"contentUrl\":\"https:\\\/\\\/letrame.com\\\/catalogo\\\/wp-content\\\/uploads\\\/2024\\\/03\\\/logo2.webp\",\"width\":394,\"height\":128,\"caption\":\"Catalogo | Letrame Grupo Editorial\"},\"image\":{\"@id\":\"https:\\\/\\\/letrame.com\\\/catalogo\\\/#\\\/schema\\\/logo\\\/image\\\/\"}}]}<\/script>\n<!-- \/ Yoast SEO plugin. -->","yoast_head_json":{"title":"Frenes\u00ed de cuentos - Catalogo | Letrame Grupo Editorial","robots":{"index":"index","follow":"follow","max-snippet":"max-snippet:-1","max-image-preview":"max-image-preview:large","max-video-preview":"max-video-preview:-1"},"canonical":"https:\/\/letrame.com\/catalogo\/producto\/frenesi-de-cuentos\/","og_locale":"es_ES","og_type":"article","og_title":"Frenes\u00ed de cuentos - Catalogo | Letrame Grupo Editorial","og_description":"ISBN: 978-84-1181-000-5 SINOPSIS En estos 25 cuentos encontrar\u00e1s historias que van desde lo s\u00f3rdido y grotesco de nuestra realidad hasta lo fant\u00e1stico y sublime.\u00a0\u00a0Se encuentran aqu\u00ed historias cotidianas que recogen desde la mirada de un caminante nocturno y lo que encuentra en una fr\u00eda ciudad capital, hasta la ansiedad y la angustia de aquel que espera ser liberado de sus prisiones f\u00edsicas y mentales. Tambi\u00e9n podr\u00e1s encontrar algunos relatos de ciencia ficci\u00f3n sobre estrellas enamoradas o te topar\u00e1s con los \u00e1ngeles y los demonios compitiendo por corromper nuestras almas.\u00a0\u00a0Algunos de estos relatos retoman la violencia vivida en los \u00faltimos a\u00f1os del siglo 20 y otras recogen la visi\u00f3n del autor sobre c\u00f3mo sentimientos profundos como el amor pueden degenerar en el instinto homicida y las pasiones m\u00e1s bajas del ser humano. Utilizando un lenguaje a veces irreverente y provocativo el autor ha buscado que el lector logre conectar no solo con los personajes de las historias sino con lo m\u00e1s profundo de sus sentimientos y pensamientos, que en ocasiones podr\u00e1n mezclarse con los suyos. Este compendio muestra historias creadas por la mente de un hombre que ama la literatura y busca conectar con el lector a trav\u00e9s de sus cuentos. Son historias cortas que calan en lo m\u00e1s hondo y que siguen acompa\u00f1\u00e1ndote a\u00fan despu\u00e9s de finalizada su lectura.","og_url":"https:\/\/letrame.com\/catalogo\/producto\/frenesi-de-cuentos\/","og_site_name":"Catalogo | Letrame Grupo Editorial","article_modified_time":"2024-04-29T13:29:37+00:00","og_image":[{"width":1748,"height":2480,"url":"https:\/\/letrame.com\/catalogo\/wp-content\/uploads\/2024\/04\/webportada_frenesidecuentos_707mm-1-compressed.jpg","type":"image\/jpeg"}],"twitter_card":"summary_large_image","twitter_misc":{"Tiempo de lectura":"1 minuto"},"schema":{"@context":"https:\/\/schema.org","@graph":[{"@type":"WebPage","@id":"https:\/\/letrame.com\/catalogo\/producto\/frenesi-de-cuentos\/","url":"https:\/\/letrame.com\/catalogo\/producto\/frenesi-de-cuentos\/","name":"Frenes\u00ed de cuentos - Catalogo | Letrame Grupo Editorial","isPartOf":{"@id":"https:\/\/letrame.com\/catalogo\/#website"},"primaryImageOfPage":{"@id":"https:\/\/letrame.com\/catalogo\/producto\/frenesi-de-cuentos\/#primaryimage"},"image":{"@id":"https:\/\/letrame.com\/catalogo\/producto\/frenesi-de-cuentos\/#primaryimage"},"thumbnailUrl":"https:\/\/letrame.com\/catalogo\/wp-content\/uploads\/2024\/04\/webportada_frenesidecuentos_707mm-1-compressed.jpg","datePublished":"2024-04-29T13:29:34+00:00","dateModified":"2024-04-29T13:29:37+00:00","breadcrumb":{"@id":"https:\/\/letrame.com\/catalogo\/producto\/frenesi-de-cuentos\/#breadcrumb"},"inLanguage":"es","potentialAction":[{"@type":"ReadAction","target":["https:\/\/letrame.com\/catalogo\/producto\/frenesi-de-cuentos\/"]}]},{"@type":"ImageObject","inLanguage":"es","@id":"https:\/\/letrame.com\/catalogo\/producto\/frenesi-de-cuentos\/#primaryimage","url":"https:\/\/letrame.com\/catalogo\/wp-content\/uploads\/2024\/04\/webportada_frenesidecuentos_707mm-1-compressed.jpg","contentUrl":"https:\/\/letrame.com\/catalogo\/wp-content\/uploads\/2024\/04\/webportada_frenesidecuentos_707mm-1-compressed.jpg","width":1748,"height":2480},{"@type":"BreadcrumbList","@id":"https:\/\/letrame.com\/catalogo\/producto\/frenesi-de-cuentos\/#breadcrumb","itemListElement":[{"@type":"ListItem","position":1,"name":"Portada","item":"https:\/\/letrame.com\/catalogo\/"},{"@type":"ListItem","position":2,"name":"Cat\u00e1logo","item":"https:\/\/letrame.com\/catalogo\/"},{"@type":"ListItem","position":3,"name":"Frenes\u00ed de cuentos"}]},{"@type":"WebSite","@id":"https:\/\/letrame.com\/catalogo\/#website","url":"https:\/\/letrame.com\/catalogo\/","name":"Catalogo | Letrame Grupo Editorial","description":"","publisher":{"@id":"https:\/\/letrame.com\/catalogo\/#organization"},"potentialAction":[{"@type":"SearchAction","target":{"@type":"EntryPoint","urlTemplate":"https:\/\/letrame.com\/catalogo\/?s={search_term_string}"},"query-input":{"@type":"PropertyValueSpecification","valueRequired":true,"valueName":"search_term_string"}}],"inLanguage":"es"},{"@type":"Organization","@id":"https:\/\/letrame.com\/catalogo\/#organization","name":"Catalogo | Letrame Grupo Editorial","url":"https:\/\/letrame.com\/catalogo\/","logo":{"@type":"ImageObject","inLanguage":"es","@id":"https:\/\/letrame.com\/catalogo\/#\/schema\/logo\/image\/","url":"https:\/\/letrame.com\/catalogo\/wp-content\/uploads\/2024\/03\/logo2.webp","contentUrl":"https:\/\/letrame.com\/catalogo\/wp-content\/uploads\/2024\/03\/logo2.webp","width":394,"height":128,"caption":"Catalogo | Letrame Grupo Editorial"},"image":{"@id":"https:\/\/letrame.com\/catalogo\/#\/schema\/logo\/image\/"}}]}},"_links":{"self":[{"href":"https:\/\/letrame.com\/catalogo\/wp-json\/wp\/v2\/product\/98944","targetHints":{"allow":["GET"]}}],"collection":[{"href":"https:\/\/letrame.com\/catalogo\/wp-json\/wp\/v2\/product"}],"about":[{"href":"https:\/\/letrame.com\/catalogo\/wp-json\/wp\/v2\/types\/product"}],"replies":[{"embeddable":true,"href":"https:\/\/letrame.com\/catalogo\/wp-json\/wp\/v2\/comments?post=98944"}],"acf:post":[{"embeddable":true,"href":"https:\/\/letrame.com\/catalogo\/wp-json\/wp\/v2\/author_book\/77347"}],"wp:featuredmedia":[{"embeddable":true,"href":"https:\/\/letrame.com\/catalogo\/wp-json\/wp\/v2\/media\/98945"}],"wp:attachment":[{"href":"https:\/\/letrame.com\/catalogo\/wp-json\/wp\/v2\/media?parent=98944"}],"wp:term":[{"taxonomy":"libro","embeddable":true,"href":"https:\/\/letrame.com\/catalogo\/wp-json\/wp\/v2\/libro?post=98944"},{"taxonomy":"product_brand","embeddable":true,"href":"https:\/\/letrame.com\/catalogo\/wp-json\/wp\/v2\/product_brand?post=98944"},{"taxonomy":"product_cat","embeddable":true,"href":"https:\/\/letrame.com\/catalogo\/wp-json\/wp\/v2\/product_cat?post=98944"},{"taxonomy":"product_tag","embeddable":true,"href":"https:\/\/letrame.com\/catalogo\/wp-json\/wp\/v2\/product_tag?post=98944"}],"curies":[{"name":"wp","href":"https:\/\/api.w.org\/{rel}","templated":true}]}}