{"id":98938,"date":"2024-04-29T15:29:24","date_gmt":"2024-04-29T13:29:24","guid":{"rendered":"https:\/\/letrame.com\/catalogo\/producto\/subsuelo\/"},"modified":"2024-04-29T15:29:27","modified_gmt":"2024-04-29T13:29:27","slug":"subsuelo","status":"publish","type":"product","link":"https:\/\/letrame.com\/catalogo\/producto\/subsuelo\/","title":{"rendered":"Subsuelo"},"content":{"rendered":"<p><strong>ISBN<\/strong>: 978-84-1144-801-7<\/p>\n<p><strong>T\u00edtulo<\/strong>: <span data-sheets-value=\"{&quot;1&quot;:2,&quot;2&quot;:&quot;Subsuelo&quot;}\" data-sheets-userformat=\"{&quot;2&quot;:515,&quot;3&quot;:{&quot;1&quot;:0},&quot;4&quot;:{&quot;1&quot;:2,&quot;2&quot;:14281427},&quot;12&quot;:0}\">Subsuelo<\/span><br \/>\n<strong>Fecha<\/strong>: 2023<br \/>\n<strong>P\u00e1ginas<\/strong>: 228<\/p>\n<p><strong>SINOPSIS<\/strong><\/p>\n<p>Con SUBSUELO, la segunda entrega de SUELOS, se pretende volver de nuevo a hacer una introspecci\u00f3n de lo que nos rodea. El suelo mantiene nuestros pies, pero a la vez, este suelo es mantenido por algo. Es una continuaci\u00f3n de la primera entrega con \u00e1nimos de profundizar m\u00e1s.<\/p>\n<p>Historia, filosof\u00eda, sarcasmo y poes\u00eda se unen en este segundo trabajo, para mirar un poco m\u00e1s all\u00e1, mientras caminamos. Para ver cosas, que tal vez, no queramos mirar, o tal vez no nos guste. Pero siempre estamos a tiempo de cambiar la manera en la que caminamos.<\/p>\n<p>Encontraremos alguna inc\u00f3gnita que qued\u00f3 pendiente en la primera entrega y que, el lector, podr\u00e1 acabar de observar y ahondar en la reflexi\u00f3n que se pretend\u00eda llevar a cabo, para al fin, sacar sus propias conclusiones. Esta obra posee tambi\u00e9n un esp\u00edritu m\u00e1s cr\u00edtico que la anterior entrega.<\/p>\n<p>SUBSUELO quiere que vayamos, una vez m\u00e1s, al fondo de nuestra mente y nuestra alma, donde nos encontramos cara a cara con uno mismo. \u00bfQui\u00e9n somos cuando nadie est\u00e1 mirando? \u00bfSomos como deseamos ser? \u00bfD\u00f3nde est\u00e1 la respuesta? Tal vez, en el subsuelo.\u00a0 En el tuyo.<\/p>\n<p>&nbsp;<\/p>\n<p>&nbsp;<\/p>\n<p>&nbsp;<\/p>\n","protected":false},"excerpt":{"rendered":"<p><strong>ISBN<\/strong>: 978-84-1144-801-7<\/p>\n<p><strong>SINOPSIS<\/strong><\/p>\n<p>Con SUBSUELO, la segunda entrega de SUELOS, se pretende volver de nuevo a hacer una introspecci\u00f3n de lo que nos rodea. El suelo mantiene nuestros pies, pero a la vez, este suelo es mantenido por algo. Es una continuaci\u00f3n de la primera entrega con \u00e1nimos de profundizar m\u00e1s.<\/p>\n<p>Historia, filosof\u00eda, sarcasmo y poes\u00eda se unen en este segundo trabajo, para mirar un poco m\u00e1s all\u00e1, mientras caminamos. Para ver cosas, que tal vez, no queramos mirar, o tal vez no nos guste. Pero siempre estamos a tiempo de cambiar la manera en la que caminamos.<\/p>\n<p>Encontraremos alguna inc\u00f3gnita que qued\u00f3 pendiente en la primera entrega y que, el lector, podr\u00e1 acabar de observar y ahondar en la reflexi\u00f3n que se pretend\u00eda llevar a cabo, para al fin, sacar sus propias conclusiones. Esta obra posee tambi\u00e9n un esp\u00edritu m\u00e1s cr\u00edtico que la anterior entrega.<\/p>\n<p>SUBSUELO quiere que vayamos, una vez m\u00e1s, al fondo de nuestra mente y nuestra alma, donde nos encontramos cara a cara con uno mismo. \u00bfQui\u00e9n somos cuando nadie est\u00e1 mirando? \u00bfSomos como deseamos ser? \u00bfD\u00f3nde est\u00e1 la respuesta? Tal vez, en el subsuelo.\u00a0 En el tuyo.<\/p>\n","protected":false},"featured_media":98939,"comment_status":"closed","ping_status":"open","template":"","meta":{"_acf_changed":false},"libro":[],"product_brand":[],"product_cat":[26],"product_tag":[],"class_list":{"0":"post-98938","1":"product","2":"type-product","3":"status-publish","4":"has-post-thumbnail","6":"product_cat-sin-categoria","8":"first","9":"instock","10":"product-type-simple"},"acf":{"autor":[76709],"enlace_de_compra":"https:\/\/www.amazon.es\/Subsuelo-Suelos-Volumen-John-Caballero\/dp\/8411448010\/"},"yoast_head":"<!-- This site is optimized with the Yoast SEO plugin v26.6 - https:\/\/yoast.com\/wordpress\/plugins\/seo\/ -->\n<title>Subsuelo - Catalogo | Letrame Grupo Editorial<\/title>\n<meta name=\"robots\" content=\"index, follow, max-snippet:-1, max-image-preview:large, max-video-preview:-1\" \/>\n<link rel=\"canonical\" href=\"https:\/\/letrame.com\/catalogo\/producto\/subsuelo\/\" \/>\n<meta property=\"og:locale\" content=\"es_ES\" \/>\n<meta property=\"og:type\" content=\"article\" \/>\n<meta property=\"og:title\" content=\"Subsuelo - Catalogo | Letrame Grupo Editorial\" \/>\n<meta property=\"og:description\" content=\"ISBN: 978-84-1144-801-7 SINOPSIS Con SUBSUELO, la segunda entrega de SUELOS, se pretende volver de nuevo a hacer una introspecci\u00f3n de lo que nos rodea. El suelo mantiene nuestros pies, pero a la vez, este suelo es mantenido por algo. Es una continuaci\u00f3n de la primera entrega con \u00e1nimos de profundizar m\u00e1s. Historia, filosof\u00eda, sarcasmo y poes\u00eda se unen en este segundo trabajo, para mirar un poco m\u00e1s all\u00e1, mientras caminamos. Para ver cosas, que tal vez, no queramos mirar, o tal vez no nos guste. Pero siempre estamos a tiempo de cambiar la manera en la que caminamos. Encontraremos alguna inc\u00f3gnita que qued\u00f3 pendiente en la primera entrega y que, el lector, podr\u00e1 acabar de observar y ahondar en la reflexi\u00f3n que se pretend\u00eda llevar a cabo, para al fin, sacar sus propias conclusiones. Esta obra posee tambi\u00e9n un esp\u00edritu m\u00e1s cr\u00edtico que la anterior entrega. SUBSUELO quiere que vayamos, una vez m\u00e1s, al fondo de nuestra mente y nuestra alma, donde nos encontramos cara a cara con uno mismo. \u00bfQui\u00e9n somos cuando nadie est\u00e1 mirando? \u00bfSomos como deseamos ser? \u00bfD\u00f3nde est\u00e1 la respuesta? Tal vez, en el subsuelo.\u00a0 En el tuyo.\" \/>\n<meta property=\"og:url\" content=\"https:\/\/letrame.com\/catalogo\/producto\/subsuelo\/\" \/>\n<meta property=\"og:site_name\" content=\"Catalogo | Letrame Grupo Editorial\" \/>\n<meta property=\"article:modified_time\" content=\"2024-04-29T13:29:27+00:00\" \/>\n<meta property=\"og:image\" content=\"https:\/\/letrame.com\/catalogo\/wp-content\/uploads\/2024\/04\/web_portadasubsuelo_12mm-compressed.jpg\" \/>\n\t<meta property=\"og:image:width\" content=\"601\" \/>\n\t<meta property=\"og:image:height\" content=\"849\" \/>\n\t<meta property=\"og:image:type\" content=\"image\/jpeg\" \/>\n<meta name=\"twitter:card\" content=\"summary_large_image\" \/>\n<meta name=\"twitter:label1\" content=\"Tiempo de lectura\" \/>\n\t<meta name=\"twitter:data1\" content=\"1 minuto\" \/>\n<script type=\"application\/ld+json\" class=\"yoast-schema-graph\">{\"@context\":\"https:\/\/schema.org\",\"@graph\":[{\"@type\":\"WebPage\",\"@id\":\"https:\/\/letrame.com\/catalogo\/producto\/subsuelo\/\",\"url\":\"https:\/\/letrame.com\/catalogo\/producto\/subsuelo\/\",\"name\":\"Subsuelo - Catalogo | Letrame Grupo Editorial\",\"isPartOf\":{\"@id\":\"https:\/\/letrame.com\/catalogo\/#website\"},\"primaryImageOfPage\":{\"@id\":\"https:\/\/letrame.com\/catalogo\/producto\/subsuelo\/#primaryimage\"},\"image\":{\"@id\":\"https:\/\/letrame.com\/catalogo\/producto\/subsuelo\/#primaryimage\"},\"thumbnailUrl\":\"https:\/\/letrame.com\/catalogo\/wp-content\/uploads\/2024\/04\/web_portadasubsuelo_12mm-compressed.jpg\",\"datePublished\":\"2024-04-29T13:29:24+00:00\",\"dateModified\":\"2024-04-29T13:29:27+00:00\",\"breadcrumb\":{\"@id\":\"https:\/\/letrame.com\/catalogo\/producto\/subsuelo\/#breadcrumb\"},\"inLanguage\":\"es\",\"potentialAction\":[{\"@type\":\"ReadAction\",\"target\":[\"https:\/\/letrame.com\/catalogo\/producto\/subsuelo\/\"]}]},{\"@type\":\"ImageObject\",\"inLanguage\":\"es\",\"@id\":\"https:\/\/letrame.com\/catalogo\/producto\/subsuelo\/#primaryimage\",\"url\":\"https:\/\/letrame.com\/catalogo\/wp-content\/uploads\/2024\/04\/web_portadasubsuelo_12mm-compressed.jpg\",\"contentUrl\":\"https:\/\/letrame.com\/catalogo\/wp-content\/uploads\/2024\/04\/web_portadasubsuelo_12mm-compressed.jpg\",\"width\":601,\"height\":849},{\"@type\":\"BreadcrumbList\",\"@id\":\"https:\/\/letrame.com\/catalogo\/producto\/subsuelo\/#breadcrumb\",\"itemListElement\":[{\"@type\":\"ListItem\",\"position\":1,\"name\":\"Portada\",\"item\":\"https:\/\/letrame.com\/catalogo\/\"},{\"@type\":\"ListItem\",\"position\":2,\"name\":\"Cat\u00e1logo\",\"item\":\"https:\/\/letrame.com\/catalogo\/\"},{\"@type\":\"ListItem\",\"position\":3,\"name\":\"Subsuelo\"}]},{\"@type\":\"WebSite\",\"@id\":\"https:\/\/letrame.com\/catalogo\/#website\",\"url\":\"https:\/\/letrame.com\/catalogo\/\",\"name\":\"Catalogo | Letrame Grupo Editorial\",\"description\":\"\",\"publisher\":{\"@id\":\"https:\/\/letrame.com\/catalogo\/#organization\"},\"potentialAction\":[{\"@type\":\"SearchAction\",\"target\":{\"@type\":\"EntryPoint\",\"urlTemplate\":\"https:\/\/letrame.com\/catalogo\/?s={search_term_string}\"},\"query-input\":{\"@type\":\"PropertyValueSpecification\",\"valueRequired\":true,\"valueName\":\"search_term_string\"}}],\"inLanguage\":\"es\"},{\"@type\":\"Organization\",\"@id\":\"https:\/\/letrame.com\/catalogo\/#organization\",\"name\":\"Catalogo | Letrame Grupo Editorial\",\"url\":\"https:\/\/letrame.com\/catalogo\/\",\"logo\":{\"@type\":\"ImageObject\",\"inLanguage\":\"es\",\"@id\":\"https:\/\/letrame.com\/catalogo\/#\/schema\/logo\/image\/\",\"url\":\"https:\/\/letrame.com\/catalogo\/wp-content\/uploads\/2024\/03\/logo2.webp\",\"contentUrl\":\"https:\/\/letrame.com\/catalogo\/wp-content\/uploads\/2024\/03\/logo2.webp\",\"width\":394,\"height\":128,\"caption\":\"Catalogo | Letrame Grupo Editorial\"},\"image\":{\"@id\":\"https:\/\/letrame.com\/catalogo\/#\/schema\/logo\/image\/\"}}]}<\/script>\n<!-- \/ Yoast SEO plugin. -->","yoast_head_json":{"title":"Subsuelo - Catalogo | Letrame Grupo Editorial","robots":{"index":"index","follow":"follow","max-snippet":"max-snippet:-1","max-image-preview":"max-image-preview:large","max-video-preview":"max-video-preview:-1"},"canonical":"https:\/\/letrame.com\/catalogo\/producto\/subsuelo\/","og_locale":"es_ES","og_type":"article","og_title":"Subsuelo - Catalogo | Letrame Grupo Editorial","og_description":"ISBN: 978-84-1144-801-7 SINOPSIS Con SUBSUELO, la segunda entrega de SUELOS, se pretende volver de nuevo a hacer una introspecci\u00f3n de lo que nos rodea. El suelo mantiene nuestros pies, pero a la vez, este suelo es mantenido por algo. Es una continuaci\u00f3n de la primera entrega con \u00e1nimos de profundizar m\u00e1s. Historia, filosof\u00eda, sarcasmo y poes\u00eda se unen en este segundo trabajo, para mirar un poco m\u00e1s all\u00e1, mientras caminamos. Para ver cosas, que tal vez, no queramos mirar, o tal vez no nos guste. Pero siempre estamos a tiempo de cambiar la manera en la que caminamos. Encontraremos alguna inc\u00f3gnita que qued\u00f3 pendiente en la primera entrega y que, el lector, podr\u00e1 acabar de observar y ahondar en la reflexi\u00f3n que se pretend\u00eda llevar a cabo, para al fin, sacar sus propias conclusiones. Esta obra posee tambi\u00e9n un esp\u00edritu m\u00e1s cr\u00edtico que la anterior entrega. SUBSUELO quiere que vayamos, una vez m\u00e1s, al fondo de nuestra mente y nuestra alma, donde nos encontramos cara a cara con uno mismo. \u00bfQui\u00e9n somos cuando nadie est\u00e1 mirando? \u00bfSomos como deseamos ser? \u00bfD\u00f3nde est\u00e1 la respuesta? Tal vez, en el subsuelo.\u00a0 En el tuyo.","og_url":"https:\/\/letrame.com\/catalogo\/producto\/subsuelo\/","og_site_name":"Catalogo | Letrame Grupo Editorial","article_modified_time":"2024-04-29T13:29:27+00:00","og_image":[{"width":601,"height":849,"url":"https:\/\/letrame.com\/catalogo\/wp-content\/uploads\/2024\/04\/web_portadasubsuelo_12mm-compressed.jpg","type":"image\/jpeg"}],"twitter_card":"summary_large_image","twitter_misc":{"Tiempo de lectura":"1 minuto"},"schema":{"@context":"https:\/\/schema.org","@graph":[{"@type":"WebPage","@id":"https:\/\/letrame.com\/catalogo\/producto\/subsuelo\/","url":"https:\/\/letrame.com\/catalogo\/producto\/subsuelo\/","name":"Subsuelo - Catalogo | Letrame Grupo Editorial","isPartOf":{"@id":"https:\/\/letrame.com\/catalogo\/#website"},"primaryImageOfPage":{"@id":"https:\/\/letrame.com\/catalogo\/producto\/subsuelo\/#primaryimage"},"image":{"@id":"https:\/\/letrame.com\/catalogo\/producto\/subsuelo\/#primaryimage"},"thumbnailUrl":"https:\/\/letrame.com\/catalogo\/wp-content\/uploads\/2024\/04\/web_portadasubsuelo_12mm-compressed.jpg","datePublished":"2024-04-29T13:29:24+00:00","dateModified":"2024-04-29T13:29:27+00:00","breadcrumb":{"@id":"https:\/\/letrame.com\/catalogo\/producto\/subsuelo\/#breadcrumb"},"inLanguage":"es","potentialAction":[{"@type":"ReadAction","target":["https:\/\/letrame.com\/catalogo\/producto\/subsuelo\/"]}]},{"@type":"ImageObject","inLanguage":"es","@id":"https:\/\/letrame.com\/catalogo\/producto\/subsuelo\/#primaryimage","url":"https:\/\/letrame.com\/catalogo\/wp-content\/uploads\/2024\/04\/web_portadasubsuelo_12mm-compressed.jpg","contentUrl":"https:\/\/letrame.com\/catalogo\/wp-content\/uploads\/2024\/04\/web_portadasubsuelo_12mm-compressed.jpg","width":601,"height":849},{"@type":"BreadcrumbList","@id":"https:\/\/letrame.com\/catalogo\/producto\/subsuelo\/#breadcrumb","itemListElement":[{"@type":"ListItem","position":1,"name":"Portada","item":"https:\/\/letrame.com\/catalogo\/"},{"@type":"ListItem","position":2,"name":"Cat\u00e1logo","item":"https:\/\/letrame.com\/catalogo\/"},{"@type":"ListItem","position":3,"name":"Subsuelo"}]},{"@type":"WebSite","@id":"https:\/\/letrame.com\/catalogo\/#website","url":"https:\/\/letrame.com\/catalogo\/","name":"Catalogo | Letrame Grupo Editorial","description":"","publisher":{"@id":"https:\/\/letrame.com\/catalogo\/#organization"},"potentialAction":[{"@type":"SearchAction","target":{"@type":"EntryPoint","urlTemplate":"https:\/\/letrame.com\/catalogo\/?s={search_term_string}"},"query-input":{"@type":"PropertyValueSpecification","valueRequired":true,"valueName":"search_term_string"}}],"inLanguage":"es"},{"@type":"Organization","@id":"https:\/\/letrame.com\/catalogo\/#organization","name":"Catalogo | Letrame Grupo Editorial","url":"https:\/\/letrame.com\/catalogo\/","logo":{"@type":"ImageObject","inLanguage":"es","@id":"https:\/\/letrame.com\/catalogo\/#\/schema\/logo\/image\/","url":"https:\/\/letrame.com\/catalogo\/wp-content\/uploads\/2024\/03\/logo2.webp","contentUrl":"https:\/\/letrame.com\/catalogo\/wp-content\/uploads\/2024\/03\/logo2.webp","width":394,"height":128,"caption":"Catalogo | Letrame Grupo Editorial"},"image":{"@id":"https:\/\/letrame.com\/catalogo\/#\/schema\/logo\/image\/"}}]}},"_links":{"self":[{"href":"https:\/\/letrame.com\/catalogo\/wp-json\/wp\/v2\/product\/98938","targetHints":{"allow":["GET"]}}],"collection":[{"href":"https:\/\/letrame.com\/catalogo\/wp-json\/wp\/v2\/product"}],"about":[{"href":"https:\/\/letrame.com\/catalogo\/wp-json\/wp\/v2\/types\/product"}],"replies":[{"embeddable":true,"href":"https:\/\/letrame.com\/catalogo\/wp-json\/wp\/v2\/comments?post=98938"}],"acf:post":[{"embeddable":true,"href":"https:\/\/letrame.com\/catalogo\/wp-json\/wp\/v2\/author_book\/76709"}],"wp:featuredmedia":[{"embeddable":true,"href":"https:\/\/letrame.com\/catalogo\/wp-json\/wp\/v2\/media\/98939"}],"wp:attachment":[{"href":"https:\/\/letrame.com\/catalogo\/wp-json\/wp\/v2\/media?parent=98938"}],"wp:term":[{"taxonomy":"libro","embeddable":true,"href":"https:\/\/letrame.com\/catalogo\/wp-json\/wp\/v2\/libro?post=98938"},{"taxonomy":"product_brand","embeddable":true,"href":"https:\/\/letrame.com\/catalogo\/wp-json\/wp\/v2\/product_brand?post=98938"},{"taxonomy":"product_cat","embeddable":true,"href":"https:\/\/letrame.com\/catalogo\/wp-json\/wp\/v2\/product_cat?post=98938"},{"taxonomy":"product_tag","embeddable":true,"href":"https:\/\/letrame.com\/catalogo\/wp-json\/wp\/v2\/product_tag?post=98938"}],"curies":[{"name":"wp","href":"https:\/\/api.w.org\/{rel}","templated":true}]}}