{"id":98932,"date":"2024-04-29T15:29:14","date_gmt":"2024-04-29T13:29:14","guid":{"rendered":"https:\/\/letrame.com\/catalogo\/producto\/el-murcielago-que-no-sabia-fumar\/"},"modified":"2024-08-01T14:53:41","modified_gmt":"2024-08-01T12:53:41","slug":"el-murcielago-que-no-sabia-fumar","status":"publish","type":"product","link":"https:\/\/letrame.com\/catalogo\/producto\/el-murcielago-que-no-sabia-fumar\/","title":{"rendered":"El murci\u00e9lago que no sab\u00eda fumar"},"content":{"rendered":"<p><strong>ISBN<\/strong>: 978-84-1144-941-0<\/p>\n<p><strong>T\u00edtulo<\/strong>: El murci\u00e9lago que no sab\u00eda fumar<br \/>\n<strong>Fecha<\/strong>: 2023<br \/>\n<strong>P\u00e1ginas<\/strong>: 224<\/p>\n<p><strong>SINOPSIS<\/strong><\/p>\n<p>El murci\u00e9lago que no sab\u00eda fumar es un libro de seis relatos sin aparente nexo com\u00fan entre ellos. En el titulado \u00abDeber\u00bb la acci\u00f3n transcurre entre una Barcelona prepand\u00e9mica y Altafulla, una peque\u00f1a ciudad del litoral tarragon\u00e9s. Nada presagiaba entonces la invasi\u00f3n de Ucrania ni lo que les iba a pasar a los personajes rusos que pueblan esta narraci\u00f3n.<\/p>\n<p>\u00abCoaster\u00bb y \u00abCoaster, el final\u00bb son relatos de ciencia ficci\u00f3n en los que Sam Bell y Brocelianda habitan una dist\u00f3pica Rep\u00fablica catalana despu\u00e9s de las Guerras Clim\u00e1ticas. El exoplaneta Tros juega un papel importante en la historia.<\/p>\n<p>En el titulado \u00abEncuesta\u00bb los hechos van y vienen desde la Cuba de los a\u00f1os sesenta a la Espa\u00f1a de nuestros d\u00edas.<\/p>\n<p>Tambi\u00e9n hay espacio para el humor agridulce en \u00abLa maldici\u00f3n de Muriel\u00bb y sus apariciones fantasmag\u00f3ricas en La Rambla barcelonesa.<\/p>\n<p>La ternura preside una historia de adolescencia en \u00abD\u00edas de playa\u00bb, cuya acci\u00f3n transcurre en la salvaje Mari\u00f1a lucense de los a\u00f1os sesenta.<\/p>\n<p>Espero que lo disfruten.<\/p>\n<p>&nbsp;<\/p>\n","protected":false},"excerpt":{"rendered":"<p><strong>ISBN<\/strong>: 978-84-1144-941-0<\/p>\n<p><strong>SINOPSIS<\/strong><\/p>\n<p>El murci\u00e9lago que no sab\u00eda fumar es un libro de seis relatos sin aparente nexo com\u00fan entre ellos. En el titulado \u00abDeber\u00bb la acci\u00f3n transcurre entre una Barcelona prepand\u00e9mica y Altafulla, una peque\u00f1a ciudad del litoral tarragon\u00e9s. Nada presagiaba entonces la invasi\u00f3n de Ucrania ni lo que les iba a pasar a los personajes rusos que pueblan esta narraci\u00f3n.<\/p>\n<p>\u00abCoaster\u00bb y \u00abCoaster, el final\u00bb son relatos de ciencia ficci\u00f3n en los que Sam Bell y Brocelianda habitan una dist\u00f3pica Rep\u00fablica catalana despu\u00e9s de las Guerras Clim\u00e1ticas. El exoplaneta Tros juega un papel importante en la historia.<\/p>\n<p>En el titulado \u00abEncuesta\u00bb los hechos van y vienen desde la Cuba de los a\u00f1os sesenta a la Espa\u00f1a de nuestros d\u00edas.<\/p>\n<p>Tambi\u00e9n hay espacio para el humor agridulce en \u00abLa maldici\u00f3n de Muriel\u00bb y sus apariciones fantasmag\u00f3ricas en La Rambla barcelonesa.<\/p>\n<p>La ternura preside una historia de adolescencia en \u00abD\u00edas de playa\u00bb, cuya acci\u00f3n transcurre en la salvaje Mari\u00f1a lucense de los a\u00f1os sesenta.<\/p>\n<p>Espero que lo disfruten.<\/p>\n","protected":false},"featured_media":98933,"comment_status":"closed","ping_status":"closed","template":"","meta":{"_acf_changed":false},"libro":[],"product_brand":[],"product_cat":[26],"product_tag":[],"class_list":{"0":"post-98932","1":"product","2":"type-product","3":"status-publish","4":"has-post-thumbnail","6":"product_cat-sin-categoria","8":"first","9":"instock","10":"product-type-simple"},"acf":{"autor":[77338],"enlace_de_compra":"https:\/\/www.amazon.es\/El-murci%C3%A9lago-que-sab%C3%ADa-fumar\/dp\/8411449416\/"},"yoast_head":"<!-- This site is optimized with the Yoast SEO plugin v26.6 - https:\/\/yoast.com\/wordpress\/plugins\/seo\/ -->\n<title>El murci\u00e9lago que no sab\u00eda fumar - Catalogo | Letrame Grupo Editorial<\/title>\n<meta name=\"robots\" content=\"index, follow, max-snippet:-1, max-image-preview:large, max-video-preview:-1\" \/>\n<link rel=\"canonical\" href=\"https:\/\/letrame.com\/catalogo\/producto\/el-murcielago-que-no-sabia-fumar\/\" \/>\n<meta property=\"og:locale\" content=\"es_ES\" \/>\n<meta property=\"og:type\" content=\"article\" \/>\n<meta property=\"og:title\" content=\"El murci\u00e9lago que no sab\u00eda fumar - Catalogo | Letrame Grupo Editorial\" \/>\n<meta property=\"og:description\" content=\"ISBN: 978-84-1144-941-0  SINOPSIS  El murci\u00e9lago que no sab\u00eda fumar es un libro de seis relatos sin aparente nexo com\u00fan entre ellos. En el titulado \u00abDeber\u00bb la acci\u00f3n transcurre entre una Barcelona prepand\u00e9mica y Altafulla, una peque\u00f1a ciudad del litoral tarragon\u00e9s. Nada presagiaba entonces la invasi\u00f3n de Ucrania ni lo que les iba a pasar a los personajes rusos que pueblan esta narraci\u00f3n.  \u00abCoaster\u00bb y \u00abCoaster, el final\u00bb son relatos de ciencia ficci\u00f3n en los que Sam Bell y Brocelianda habitan una dist\u00f3pica Rep\u00fablica catalana despu\u00e9s de las Guerras Clim\u00e1ticas. El exoplaneta Tros juega un papel importante en la historia.  En el titulado \u00abEncuesta\u00bb los hechos van y vienen desde la Cuba de los a\u00f1os sesenta a la Espa\u00f1a de nuestros d\u00edas.  Tambi\u00e9n hay espacio para el humor agridulce en \u00abLa maldici\u00f3n de Muriel\u00bb y sus apariciones fantasmag\u00f3ricas en La Rambla barcelonesa.  La ternura preside una historia de adolescencia en \u00abD\u00edas de playa\u00bb, cuya acci\u00f3n transcurre en la salvaje Mari\u00f1a lucense de los a\u00f1os sesenta.  Espero que lo disfruten.\" \/>\n<meta property=\"og:url\" content=\"https:\/\/letrame.com\/catalogo\/producto\/el-murcielago-que-no-sabia-fumar\/\" \/>\n<meta property=\"og:site_name\" content=\"Catalogo | Letrame Grupo Editorial\" \/>\n<meta property=\"article:modified_time\" content=\"2024-08-01T12:53:41+00:00\" \/>\n<meta property=\"og:image\" content=\"https:\/\/letrame.com\/catalogo\/wp-content\/uploads\/2024\/04\/web_portadaelmurcielago_114mm-compressed.jpg\" \/>\n\t<meta property=\"og:image:width\" content=\"601\" \/>\n\t<meta property=\"og:image:height\" content=\"881\" \/>\n\t<meta property=\"og:image:type\" content=\"image\/jpeg\" \/>\n<meta name=\"twitter:card\" content=\"summary_large_image\" \/>\n<meta name=\"twitter:label1\" content=\"Tiempo de lectura\" \/>\n\t<meta name=\"twitter:data1\" content=\"2 minutos\" \/>\n<script type=\"application\/ld+json\" class=\"yoast-schema-graph\">{\"@context\":\"https:\/\/schema.org\",\"@graph\":[{\"@type\":\"WebPage\",\"@id\":\"https:\/\/letrame.com\/catalogo\/producto\/el-murcielago-que-no-sabia-fumar\/\",\"url\":\"https:\/\/letrame.com\/catalogo\/producto\/el-murcielago-que-no-sabia-fumar\/\",\"name\":\"El murci\u00e9lago que no sab\u00eda fumar - Catalogo | Letrame Grupo Editorial\",\"isPartOf\":{\"@id\":\"https:\/\/letrame.com\/catalogo\/#website\"},\"primaryImageOfPage\":{\"@id\":\"https:\/\/letrame.com\/catalogo\/producto\/el-murcielago-que-no-sabia-fumar\/#primaryimage\"},\"image\":{\"@id\":\"https:\/\/letrame.com\/catalogo\/producto\/el-murcielago-que-no-sabia-fumar\/#primaryimage\"},\"thumbnailUrl\":\"https:\/\/letrame.com\/catalogo\/wp-content\/uploads\/2024\/04\/web_portadaelmurcielago_114mm-compressed.jpg\",\"datePublished\":\"2024-04-29T13:29:14+00:00\",\"dateModified\":\"2024-08-01T12:53:41+00:00\",\"breadcrumb\":{\"@id\":\"https:\/\/letrame.com\/catalogo\/producto\/el-murcielago-que-no-sabia-fumar\/#breadcrumb\"},\"inLanguage\":\"es\",\"potentialAction\":[{\"@type\":\"ReadAction\",\"target\":[\"https:\/\/letrame.com\/catalogo\/producto\/el-murcielago-que-no-sabia-fumar\/\"]}]},{\"@type\":\"ImageObject\",\"inLanguage\":\"es\",\"@id\":\"https:\/\/letrame.com\/catalogo\/producto\/el-murcielago-que-no-sabia-fumar\/#primaryimage\",\"url\":\"https:\/\/letrame.com\/catalogo\/wp-content\/uploads\/2024\/04\/web_portadaelmurcielago_114mm-compressed.jpg\",\"contentUrl\":\"https:\/\/letrame.com\/catalogo\/wp-content\/uploads\/2024\/04\/web_portadaelmurcielago_114mm-compressed.jpg\",\"width\":601,\"height\":881},{\"@type\":\"BreadcrumbList\",\"@id\":\"https:\/\/letrame.com\/catalogo\/producto\/el-murcielago-que-no-sabia-fumar\/#breadcrumb\",\"itemListElement\":[{\"@type\":\"ListItem\",\"position\":1,\"name\":\"Portada\",\"item\":\"https:\/\/letrame.com\/catalogo\/\"},{\"@type\":\"ListItem\",\"position\":2,\"name\":\"Cat\u00e1logo\",\"item\":\"https:\/\/letrame.com\/catalogo\/\"},{\"@type\":\"ListItem\",\"position\":3,\"name\":\"El murci\u00e9lago que no sab\u00eda fumar\"}]},{\"@type\":\"WebSite\",\"@id\":\"https:\/\/letrame.com\/catalogo\/#website\",\"url\":\"https:\/\/letrame.com\/catalogo\/\",\"name\":\"Catalogo | Letrame Grupo Editorial\",\"description\":\"\",\"publisher\":{\"@id\":\"https:\/\/letrame.com\/catalogo\/#organization\"},\"potentialAction\":[{\"@type\":\"SearchAction\",\"target\":{\"@type\":\"EntryPoint\",\"urlTemplate\":\"https:\/\/letrame.com\/catalogo\/?s={search_term_string}\"},\"query-input\":{\"@type\":\"PropertyValueSpecification\",\"valueRequired\":true,\"valueName\":\"search_term_string\"}}],\"inLanguage\":\"es\"},{\"@type\":\"Organization\",\"@id\":\"https:\/\/letrame.com\/catalogo\/#organization\",\"name\":\"Catalogo | Letrame Grupo Editorial\",\"url\":\"https:\/\/letrame.com\/catalogo\/\",\"logo\":{\"@type\":\"ImageObject\",\"inLanguage\":\"es\",\"@id\":\"https:\/\/letrame.com\/catalogo\/#\/schema\/logo\/image\/\",\"url\":\"https:\/\/letrame.com\/catalogo\/wp-content\/uploads\/2024\/03\/logo2.webp\",\"contentUrl\":\"https:\/\/letrame.com\/catalogo\/wp-content\/uploads\/2024\/03\/logo2.webp\",\"width\":394,\"height\":128,\"caption\":\"Catalogo | Letrame Grupo Editorial\"},\"image\":{\"@id\":\"https:\/\/letrame.com\/catalogo\/#\/schema\/logo\/image\/\"}}]}<\/script>\n<!-- \/ Yoast SEO plugin. -->","yoast_head_json":{"title":"El murci\u00e9lago que no sab\u00eda fumar - Catalogo | Letrame Grupo Editorial","robots":{"index":"index","follow":"follow","max-snippet":"max-snippet:-1","max-image-preview":"max-image-preview:large","max-video-preview":"max-video-preview:-1"},"canonical":"https:\/\/letrame.com\/catalogo\/producto\/el-murcielago-que-no-sabia-fumar\/","og_locale":"es_ES","og_type":"article","og_title":"El murci\u00e9lago que no sab\u00eda fumar - Catalogo | Letrame Grupo Editorial","og_description":"ISBN: 978-84-1144-941-0  SINOPSIS  El murci\u00e9lago que no sab\u00eda fumar es un libro de seis relatos sin aparente nexo com\u00fan entre ellos. En el titulado \u00abDeber\u00bb la acci\u00f3n transcurre entre una Barcelona prepand\u00e9mica y Altafulla, una peque\u00f1a ciudad del litoral tarragon\u00e9s. Nada presagiaba entonces la invasi\u00f3n de Ucrania ni lo que les iba a pasar a los personajes rusos que pueblan esta narraci\u00f3n.  \u00abCoaster\u00bb y \u00abCoaster, el final\u00bb son relatos de ciencia ficci\u00f3n en los que Sam Bell y Brocelianda habitan una dist\u00f3pica Rep\u00fablica catalana despu\u00e9s de las Guerras Clim\u00e1ticas. El exoplaneta Tros juega un papel importante en la historia.  En el titulado \u00abEncuesta\u00bb los hechos van y vienen desde la Cuba de los a\u00f1os sesenta a la Espa\u00f1a de nuestros d\u00edas.  Tambi\u00e9n hay espacio para el humor agridulce en \u00abLa maldici\u00f3n de Muriel\u00bb y sus apariciones fantasmag\u00f3ricas en La Rambla barcelonesa.  La ternura preside una historia de adolescencia en \u00abD\u00edas de playa\u00bb, cuya acci\u00f3n transcurre en la salvaje Mari\u00f1a lucense de los a\u00f1os sesenta.  Espero que lo disfruten.","og_url":"https:\/\/letrame.com\/catalogo\/producto\/el-murcielago-que-no-sabia-fumar\/","og_site_name":"Catalogo | Letrame Grupo Editorial","article_modified_time":"2024-08-01T12:53:41+00:00","og_image":[{"width":601,"height":881,"url":"https:\/\/letrame.com\/catalogo\/wp-content\/uploads\/2024\/04\/web_portadaelmurcielago_114mm-compressed.jpg","type":"image\/jpeg"}],"twitter_card":"summary_large_image","twitter_misc":{"Tiempo de lectura":"2 minutos"},"schema":{"@context":"https:\/\/schema.org","@graph":[{"@type":"WebPage","@id":"https:\/\/letrame.com\/catalogo\/producto\/el-murcielago-que-no-sabia-fumar\/","url":"https:\/\/letrame.com\/catalogo\/producto\/el-murcielago-que-no-sabia-fumar\/","name":"El murci\u00e9lago que no sab\u00eda fumar - Catalogo | Letrame Grupo Editorial","isPartOf":{"@id":"https:\/\/letrame.com\/catalogo\/#website"},"primaryImageOfPage":{"@id":"https:\/\/letrame.com\/catalogo\/producto\/el-murcielago-que-no-sabia-fumar\/#primaryimage"},"image":{"@id":"https:\/\/letrame.com\/catalogo\/producto\/el-murcielago-que-no-sabia-fumar\/#primaryimage"},"thumbnailUrl":"https:\/\/letrame.com\/catalogo\/wp-content\/uploads\/2024\/04\/web_portadaelmurcielago_114mm-compressed.jpg","datePublished":"2024-04-29T13:29:14+00:00","dateModified":"2024-08-01T12:53:41+00:00","breadcrumb":{"@id":"https:\/\/letrame.com\/catalogo\/producto\/el-murcielago-que-no-sabia-fumar\/#breadcrumb"},"inLanguage":"es","potentialAction":[{"@type":"ReadAction","target":["https:\/\/letrame.com\/catalogo\/producto\/el-murcielago-que-no-sabia-fumar\/"]}]},{"@type":"ImageObject","inLanguage":"es","@id":"https:\/\/letrame.com\/catalogo\/producto\/el-murcielago-que-no-sabia-fumar\/#primaryimage","url":"https:\/\/letrame.com\/catalogo\/wp-content\/uploads\/2024\/04\/web_portadaelmurcielago_114mm-compressed.jpg","contentUrl":"https:\/\/letrame.com\/catalogo\/wp-content\/uploads\/2024\/04\/web_portadaelmurcielago_114mm-compressed.jpg","width":601,"height":881},{"@type":"BreadcrumbList","@id":"https:\/\/letrame.com\/catalogo\/producto\/el-murcielago-que-no-sabia-fumar\/#breadcrumb","itemListElement":[{"@type":"ListItem","position":1,"name":"Portada","item":"https:\/\/letrame.com\/catalogo\/"},{"@type":"ListItem","position":2,"name":"Cat\u00e1logo","item":"https:\/\/letrame.com\/catalogo\/"},{"@type":"ListItem","position":3,"name":"El murci\u00e9lago que no sab\u00eda fumar"}]},{"@type":"WebSite","@id":"https:\/\/letrame.com\/catalogo\/#website","url":"https:\/\/letrame.com\/catalogo\/","name":"Catalogo | Letrame Grupo Editorial","description":"","publisher":{"@id":"https:\/\/letrame.com\/catalogo\/#organization"},"potentialAction":[{"@type":"SearchAction","target":{"@type":"EntryPoint","urlTemplate":"https:\/\/letrame.com\/catalogo\/?s={search_term_string}"},"query-input":{"@type":"PropertyValueSpecification","valueRequired":true,"valueName":"search_term_string"}}],"inLanguage":"es"},{"@type":"Organization","@id":"https:\/\/letrame.com\/catalogo\/#organization","name":"Catalogo | Letrame Grupo Editorial","url":"https:\/\/letrame.com\/catalogo\/","logo":{"@type":"ImageObject","inLanguage":"es","@id":"https:\/\/letrame.com\/catalogo\/#\/schema\/logo\/image\/","url":"https:\/\/letrame.com\/catalogo\/wp-content\/uploads\/2024\/03\/logo2.webp","contentUrl":"https:\/\/letrame.com\/catalogo\/wp-content\/uploads\/2024\/03\/logo2.webp","width":394,"height":128,"caption":"Catalogo | Letrame Grupo Editorial"},"image":{"@id":"https:\/\/letrame.com\/catalogo\/#\/schema\/logo\/image\/"}}]}},"_links":{"self":[{"href":"https:\/\/letrame.com\/catalogo\/wp-json\/wp\/v2\/product\/98932","targetHints":{"allow":["GET"]}}],"collection":[{"href":"https:\/\/letrame.com\/catalogo\/wp-json\/wp\/v2\/product"}],"about":[{"href":"https:\/\/letrame.com\/catalogo\/wp-json\/wp\/v2\/types\/product"}],"replies":[{"embeddable":true,"href":"https:\/\/letrame.com\/catalogo\/wp-json\/wp\/v2\/comments?post=98932"}],"acf:post":[{"embeddable":true,"href":"https:\/\/letrame.com\/catalogo\/wp-json\/wp\/v2\/author_book\/77338"}],"wp:featuredmedia":[{"embeddable":true,"href":"https:\/\/letrame.com\/catalogo\/wp-json\/wp\/v2\/media\/98933"}],"wp:attachment":[{"href":"https:\/\/letrame.com\/catalogo\/wp-json\/wp\/v2\/media?parent=98932"}],"wp:term":[{"taxonomy":"libro","embeddable":true,"href":"https:\/\/letrame.com\/catalogo\/wp-json\/wp\/v2\/libro?post=98932"},{"taxonomy":"product_brand","embeddable":true,"href":"https:\/\/letrame.com\/catalogo\/wp-json\/wp\/v2\/product_brand?post=98932"},{"taxonomy":"product_cat","embeddable":true,"href":"https:\/\/letrame.com\/catalogo\/wp-json\/wp\/v2\/product_cat?post=98932"},{"taxonomy":"product_tag","embeddable":true,"href":"https:\/\/letrame.com\/catalogo\/wp-json\/wp\/v2\/product_tag?post=98932"}],"curies":[{"name":"wp","href":"https:\/\/api.w.org\/{rel}","templated":true}]}}