{"id":98911,"date":"2024-04-29T15:27:56","date_gmt":"2024-04-29T13:27:56","guid":{"rendered":"https:\/\/letrame.com\/catalogo\/producto\/las-fantasticas-aventuras-de-domitila-y-el-senor-atilio\/"},"modified":"2024-04-29T15:28:14","modified_gmt":"2024-04-29T13:28:14","slug":"las-fantasticas-aventuras-de-domitila-y-el-senor-atilio","status":"publish","type":"product","link":"https:\/\/letrame.com\/catalogo\/producto\/las-fantasticas-aventuras-de-domitila-y-el-senor-atilio\/","title":{"rendered":"Las fant\u00e1sticas aventuras de Domitila y el se\u00f1or Atilio"},"content":{"rendered":"<p><strong>ISBN<\/strong>: 978-84-1144-977-9<\/p>\n<p><strong>T\u00edtulo<\/strong>: Las fant\u00e1sticas aventuras de Domitila y el se\u00f1or Atilio<\/p>\n<p><strong>Fecha<\/strong>: 2023<br \/>\n<strong>P\u00e1ginas<\/strong>: 170<\/p>\n<p><strong>SINOPSIS<\/strong><\/p>\n<p>Domitila\u00a0es la maravillosa protagonista de esta fant\u00e1stica\u00a0historia. Tras recibir una serie de se\u00f1ales misteriosas,\u00a0es llamada a emprender un incre\u00edble viaje hacia lo desconocido.<br \/>\nLa peque\u00f1a e intr\u00e9pida ni\u00f1a deber\u00e1\u00a0demostrar toda su valent\u00eda y arrojo en su intento por descubrir los secretos\u00a0que se ocultan m\u00e1s all\u00e1 del mundo ordinario. \u00bfLograr\u00e1 Domitila convertirse en la hero\u00edna de esta colosal y m\u00e1gica aventura?<\/p>\n<p>&nbsp;<\/p>\n<p>&nbsp;<\/p>\n","protected":false},"excerpt":{"rendered":"<p><strong>ISBN<\/strong>: 978-84-1144-977-9<\/p>\n<p><strong>SINOPSIS<\/strong><\/p>\n<p>Domitila\u00a0es la maravillosa protagonista de esta fant\u00e1stica\u00a0historia. Tras recibir una serie de se\u00f1ales misteriosas,\u00a0es llamada a emprender un incre\u00edble viaje hacia lo desconocido.<br \/>\nLa peque\u00f1a e intr\u00e9pida ni\u00f1a deber\u00e1\u00a0demostrar toda su valent\u00eda y arrojo en su intento por descubrir los secretos\u00a0que se ocultan m\u00e1s all\u00e1 del mundo ordinario. \u00bfLograr\u00e1 Domitila convertirse en la hero\u00edna de esta colosal y m\u00e1gica aventura?<\/p>\n","protected":false},"featured_media":98912,"comment_status":"closed","ping_status":"open","template":"","meta":{"_acf_changed":false},"libro":[],"product_brand":[],"product_cat":[16],"product_tag":[],"class_list":{"0":"post-98911","1":"product","2":"type-product","3":"status-publish","4":"has-post-thumbnail","6":"product_cat-novela","8":"first","9":"instock","10":"product-type-simple"},"acf":{"autor":[77319],"enlace_de_compra":"https:\/\/www.amazon.es\/fant%C3%A1sticas-aventuras-Domitila-se%C3%B1or-Atilio\/dp\/8411449777"},"yoast_head":"<!-- This site is optimized with the Yoast SEO plugin v26.6 - https:\/\/yoast.com\/wordpress\/plugins\/seo\/ -->\n<title>Las fant\u00e1sticas aventuras de Domitila y el se\u00f1or Atilio - Catalogo | Letrame Grupo Editorial<\/title>\n<meta name=\"robots\" content=\"index, follow, max-snippet:-1, max-image-preview:large, max-video-preview:-1\" \/>\n<link rel=\"canonical\" href=\"https:\/\/letrame.com\/catalogo\/producto\/las-fantasticas-aventuras-de-domitila-y-el-senor-atilio\/\" \/>\n<meta property=\"og:locale\" content=\"es_ES\" \/>\n<meta property=\"og:type\" content=\"article\" \/>\n<meta property=\"og:title\" content=\"Las fant\u00e1sticas aventuras de Domitila y el se\u00f1or Atilio - Catalogo | Letrame Grupo Editorial\" \/>\n<meta property=\"og:description\" content=\"ISBN: 978-84-1144-977-9 SINOPSIS Domitila\u00a0es la maravillosa protagonista de esta fant\u00e1stica\u00a0historia. Tras recibir una serie de se\u00f1ales misteriosas,\u00a0es llamada a emprender un incre\u00edble viaje hacia lo desconocido. La peque\u00f1a e intr\u00e9pida ni\u00f1a deber\u00e1\u00a0demostrar toda su valent\u00eda y arrojo en su intento por descubrir los secretos\u00a0que se ocultan m\u00e1s all\u00e1 del mundo ordinario. \u00bfLograr\u00e1 Domitila convertirse en la hero\u00edna de esta colosal y m\u00e1gica aventura?\" \/>\n<meta property=\"og:url\" content=\"https:\/\/letrame.com\/catalogo\/producto\/las-fantasticas-aventuras-de-domitila-y-el-senor-atilio\/\" \/>\n<meta property=\"og:site_name\" content=\"Catalogo | Letrame Grupo Editorial\" \/>\n<meta property=\"article:modified_time\" content=\"2024-04-29T13:28:14+00:00\" \/>\n<meta property=\"og:image\" content=\"https:\/\/letrame.com\/catalogo\/wp-content\/uploads\/2024\/04\/webportada_lasfantasticasaventuras_882mm-compressed.jpg\" \/>\n\t<meta property=\"og:image:width\" content=\"1748\" \/>\n\t<meta property=\"og:image:height\" content=\"2480\" \/>\n\t<meta property=\"og:image:type\" content=\"image\/jpeg\" \/>\n<meta name=\"twitter:card\" content=\"summary_large_image\" \/>\n<script type=\"application\/ld+json\" class=\"yoast-schema-graph\">{\"@context\":\"https:\/\/schema.org\",\"@graph\":[{\"@type\":\"WebPage\",\"@id\":\"https:\/\/letrame.com\/catalogo\/producto\/las-fantasticas-aventuras-de-domitila-y-el-senor-atilio\/\",\"url\":\"https:\/\/letrame.com\/catalogo\/producto\/las-fantasticas-aventuras-de-domitila-y-el-senor-atilio\/\",\"name\":\"Las fant\u00e1sticas aventuras de Domitila y el se\u00f1or Atilio - Catalogo | Letrame Grupo Editorial\",\"isPartOf\":{\"@id\":\"https:\/\/letrame.com\/catalogo\/#website\"},\"primaryImageOfPage\":{\"@id\":\"https:\/\/letrame.com\/catalogo\/producto\/las-fantasticas-aventuras-de-domitila-y-el-senor-atilio\/#primaryimage\"},\"image\":{\"@id\":\"https:\/\/letrame.com\/catalogo\/producto\/las-fantasticas-aventuras-de-domitila-y-el-senor-atilio\/#primaryimage\"},\"thumbnailUrl\":\"https:\/\/letrame.com\/catalogo\/wp-content\/uploads\/2024\/04\/webportada_lasfantasticasaventuras_882mm-compressed.jpg\",\"datePublished\":\"2024-04-29T13:27:56+00:00\",\"dateModified\":\"2024-04-29T13:28:14+00:00\",\"breadcrumb\":{\"@id\":\"https:\/\/letrame.com\/catalogo\/producto\/las-fantasticas-aventuras-de-domitila-y-el-senor-atilio\/#breadcrumb\"},\"inLanguage\":\"es\",\"potentialAction\":[{\"@type\":\"ReadAction\",\"target\":[\"https:\/\/letrame.com\/catalogo\/producto\/las-fantasticas-aventuras-de-domitila-y-el-senor-atilio\/\"]}]},{\"@type\":\"ImageObject\",\"inLanguage\":\"es\",\"@id\":\"https:\/\/letrame.com\/catalogo\/producto\/las-fantasticas-aventuras-de-domitila-y-el-senor-atilio\/#primaryimage\",\"url\":\"https:\/\/letrame.com\/catalogo\/wp-content\/uploads\/2024\/04\/webportada_lasfantasticasaventuras_882mm-compressed.jpg\",\"contentUrl\":\"https:\/\/letrame.com\/catalogo\/wp-content\/uploads\/2024\/04\/webportada_lasfantasticasaventuras_882mm-compressed.jpg\",\"width\":1748,\"height\":2480},{\"@type\":\"BreadcrumbList\",\"@id\":\"https:\/\/letrame.com\/catalogo\/producto\/las-fantasticas-aventuras-de-domitila-y-el-senor-atilio\/#breadcrumb\",\"itemListElement\":[{\"@type\":\"ListItem\",\"position\":1,\"name\":\"Portada\",\"item\":\"https:\/\/letrame.com\/catalogo\/\"},{\"@type\":\"ListItem\",\"position\":2,\"name\":\"Cat\u00e1logo\",\"item\":\"https:\/\/letrame.com\/catalogo\/\"},{\"@type\":\"ListItem\",\"position\":3,\"name\":\"Las fant\u00e1sticas aventuras de Domitila y el se\u00f1or Atilio\"}]},{\"@type\":\"WebSite\",\"@id\":\"https:\/\/letrame.com\/catalogo\/#website\",\"url\":\"https:\/\/letrame.com\/catalogo\/\",\"name\":\"Catalogo | Letrame Grupo Editorial\",\"description\":\"\",\"publisher\":{\"@id\":\"https:\/\/letrame.com\/catalogo\/#organization\"},\"potentialAction\":[{\"@type\":\"SearchAction\",\"target\":{\"@type\":\"EntryPoint\",\"urlTemplate\":\"https:\/\/letrame.com\/catalogo\/?s={search_term_string}\"},\"query-input\":{\"@type\":\"PropertyValueSpecification\",\"valueRequired\":true,\"valueName\":\"search_term_string\"}}],\"inLanguage\":\"es\"},{\"@type\":\"Organization\",\"@id\":\"https:\/\/letrame.com\/catalogo\/#organization\",\"name\":\"Catalogo | Letrame Grupo Editorial\",\"url\":\"https:\/\/letrame.com\/catalogo\/\",\"logo\":{\"@type\":\"ImageObject\",\"inLanguage\":\"es\",\"@id\":\"https:\/\/letrame.com\/catalogo\/#\/schema\/logo\/image\/\",\"url\":\"https:\/\/letrame.com\/catalogo\/wp-content\/uploads\/2024\/03\/logo2.webp\",\"contentUrl\":\"https:\/\/letrame.com\/catalogo\/wp-content\/uploads\/2024\/03\/logo2.webp\",\"width\":394,\"height\":128,\"caption\":\"Catalogo | Letrame Grupo Editorial\"},\"image\":{\"@id\":\"https:\/\/letrame.com\/catalogo\/#\/schema\/logo\/image\/\"}}]}<\/script>\n<!-- \/ Yoast SEO plugin. -->","yoast_head_json":{"title":"Las fant\u00e1sticas aventuras de Domitila y el se\u00f1or Atilio - Catalogo | Letrame Grupo Editorial","robots":{"index":"index","follow":"follow","max-snippet":"max-snippet:-1","max-image-preview":"max-image-preview:large","max-video-preview":"max-video-preview:-1"},"canonical":"https:\/\/letrame.com\/catalogo\/producto\/las-fantasticas-aventuras-de-domitila-y-el-senor-atilio\/","og_locale":"es_ES","og_type":"article","og_title":"Las fant\u00e1sticas aventuras de Domitila y el se\u00f1or Atilio - Catalogo | Letrame Grupo Editorial","og_description":"ISBN: 978-84-1144-977-9 SINOPSIS Domitila\u00a0es la maravillosa protagonista de esta fant\u00e1stica\u00a0historia. Tras recibir una serie de se\u00f1ales misteriosas,\u00a0es llamada a emprender un incre\u00edble viaje hacia lo desconocido. La peque\u00f1a e intr\u00e9pida ni\u00f1a deber\u00e1\u00a0demostrar toda su valent\u00eda y arrojo en su intento por descubrir los secretos\u00a0que se ocultan m\u00e1s all\u00e1 del mundo ordinario. \u00bfLograr\u00e1 Domitila convertirse en la hero\u00edna de esta colosal y m\u00e1gica aventura?","og_url":"https:\/\/letrame.com\/catalogo\/producto\/las-fantasticas-aventuras-de-domitila-y-el-senor-atilio\/","og_site_name":"Catalogo | Letrame Grupo Editorial","article_modified_time":"2024-04-29T13:28:14+00:00","og_image":[{"width":1748,"height":2480,"url":"https:\/\/letrame.com\/catalogo\/wp-content\/uploads\/2024\/04\/webportada_lasfantasticasaventuras_882mm-compressed.jpg","type":"image\/jpeg"}],"twitter_card":"summary_large_image","schema":{"@context":"https:\/\/schema.org","@graph":[{"@type":"WebPage","@id":"https:\/\/letrame.com\/catalogo\/producto\/las-fantasticas-aventuras-de-domitila-y-el-senor-atilio\/","url":"https:\/\/letrame.com\/catalogo\/producto\/las-fantasticas-aventuras-de-domitila-y-el-senor-atilio\/","name":"Las fant\u00e1sticas aventuras de Domitila y el se\u00f1or Atilio - Catalogo | Letrame Grupo Editorial","isPartOf":{"@id":"https:\/\/letrame.com\/catalogo\/#website"},"primaryImageOfPage":{"@id":"https:\/\/letrame.com\/catalogo\/producto\/las-fantasticas-aventuras-de-domitila-y-el-senor-atilio\/#primaryimage"},"image":{"@id":"https:\/\/letrame.com\/catalogo\/producto\/las-fantasticas-aventuras-de-domitila-y-el-senor-atilio\/#primaryimage"},"thumbnailUrl":"https:\/\/letrame.com\/catalogo\/wp-content\/uploads\/2024\/04\/webportada_lasfantasticasaventuras_882mm-compressed.jpg","datePublished":"2024-04-29T13:27:56+00:00","dateModified":"2024-04-29T13:28:14+00:00","breadcrumb":{"@id":"https:\/\/letrame.com\/catalogo\/producto\/las-fantasticas-aventuras-de-domitila-y-el-senor-atilio\/#breadcrumb"},"inLanguage":"es","potentialAction":[{"@type":"ReadAction","target":["https:\/\/letrame.com\/catalogo\/producto\/las-fantasticas-aventuras-de-domitila-y-el-senor-atilio\/"]}]},{"@type":"ImageObject","inLanguage":"es","@id":"https:\/\/letrame.com\/catalogo\/producto\/las-fantasticas-aventuras-de-domitila-y-el-senor-atilio\/#primaryimage","url":"https:\/\/letrame.com\/catalogo\/wp-content\/uploads\/2024\/04\/webportada_lasfantasticasaventuras_882mm-compressed.jpg","contentUrl":"https:\/\/letrame.com\/catalogo\/wp-content\/uploads\/2024\/04\/webportada_lasfantasticasaventuras_882mm-compressed.jpg","width":1748,"height":2480},{"@type":"BreadcrumbList","@id":"https:\/\/letrame.com\/catalogo\/producto\/las-fantasticas-aventuras-de-domitila-y-el-senor-atilio\/#breadcrumb","itemListElement":[{"@type":"ListItem","position":1,"name":"Portada","item":"https:\/\/letrame.com\/catalogo\/"},{"@type":"ListItem","position":2,"name":"Cat\u00e1logo","item":"https:\/\/letrame.com\/catalogo\/"},{"@type":"ListItem","position":3,"name":"Las fant\u00e1sticas aventuras de Domitila y el se\u00f1or Atilio"}]},{"@type":"WebSite","@id":"https:\/\/letrame.com\/catalogo\/#website","url":"https:\/\/letrame.com\/catalogo\/","name":"Catalogo | Letrame Grupo Editorial","description":"","publisher":{"@id":"https:\/\/letrame.com\/catalogo\/#organization"},"potentialAction":[{"@type":"SearchAction","target":{"@type":"EntryPoint","urlTemplate":"https:\/\/letrame.com\/catalogo\/?s={search_term_string}"},"query-input":{"@type":"PropertyValueSpecification","valueRequired":true,"valueName":"search_term_string"}}],"inLanguage":"es"},{"@type":"Organization","@id":"https:\/\/letrame.com\/catalogo\/#organization","name":"Catalogo | Letrame Grupo Editorial","url":"https:\/\/letrame.com\/catalogo\/","logo":{"@type":"ImageObject","inLanguage":"es","@id":"https:\/\/letrame.com\/catalogo\/#\/schema\/logo\/image\/","url":"https:\/\/letrame.com\/catalogo\/wp-content\/uploads\/2024\/03\/logo2.webp","contentUrl":"https:\/\/letrame.com\/catalogo\/wp-content\/uploads\/2024\/03\/logo2.webp","width":394,"height":128,"caption":"Catalogo | Letrame Grupo Editorial"},"image":{"@id":"https:\/\/letrame.com\/catalogo\/#\/schema\/logo\/image\/"}}]}},"_links":{"self":[{"href":"https:\/\/letrame.com\/catalogo\/wp-json\/wp\/v2\/product\/98911","targetHints":{"allow":["GET"]}}],"collection":[{"href":"https:\/\/letrame.com\/catalogo\/wp-json\/wp\/v2\/product"}],"about":[{"href":"https:\/\/letrame.com\/catalogo\/wp-json\/wp\/v2\/types\/product"}],"replies":[{"embeddable":true,"href":"https:\/\/letrame.com\/catalogo\/wp-json\/wp\/v2\/comments?post=98911"}],"acf:post":[{"embeddable":true,"href":"https:\/\/letrame.com\/catalogo\/wp-json\/wp\/v2\/author_book\/77319"}],"wp:featuredmedia":[{"embeddable":true,"href":"https:\/\/letrame.com\/catalogo\/wp-json\/wp\/v2\/media\/98912"}],"wp:attachment":[{"href":"https:\/\/letrame.com\/catalogo\/wp-json\/wp\/v2\/media?parent=98911"}],"wp:term":[{"taxonomy":"libro","embeddable":true,"href":"https:\/\/letrame.com\/catalogo\/wp-json\/wp\/v2\/libro?post=98911"},{"taxonomy":"product_brand","embeddable":true,"href":"https:\/\/letrame.com\/catalogo\/wp-json\/wp\/v2\/product_brand?post=98911"},{"taxonomy":"product_cat","embeddable":true,"href":"https:\/\/letrame.com\/catalogo\/wp-json\/wp\/v2\/product_cat?post=98911"},{"taxonomy":"product_tag","embeddable":true,"href":"https:\/\/letrame.com\/catalogo\/wp-json\/wp\/v2\/product_tag?post=98911"}],"curies":[{"name":"wp","href":"https:\/\/api.w.org\/{rel}","templated":true}]}}