{"id":98899,"date":"2024-04-29T15:27:35","date_gmt":"2024-04-29T13:27:35","guid":{"rendered":"https:\/\/letrame.com\/catalogo\/producto\/el-bosque-rojo\/"},"modified":"2024-04-29T15:27:41","modified_gmt":"2024-04-29T13:27:41","slug":"el-bosque-rojo","status":"publish","type":"product","link":"https:\/\/letrame.com\/catalogo\/producto\/el-bosque-rojo\/","title":{"rendered":"El bosque rojo"},"content":{"rendered":"<p><strong>ISBN<\/strong>: 978-84-1144-726-3<\/p>\n<p><strong>T\u00edtulo<\/strong>: El bosque rojo<br \/>\n<strong>Fecha<\/strong>: 2023<br \/>\n<strong>P\u00e1ginas<\/strong>: 166<\/p>\n<p><strong>SINOPSIS<\/strong><\/p>\n<p>RedWillow es, aparentemente, el t\u00edpico pueblo que nadie conoce, que solo aparece en los mapas por casualidad, tan apartado de la sociedad que las leyendas y mitos fantasiosos son m\u00e1s frecuentes que la gente mayor yendo a misa un domingo, y otros mitos que dan tanto miedo, que ni siquiera los m\u00e1s valientes se atreven a enfrentar. Tranquilo, sosegado, sin nada que esconder. O eso es lo que, desde fuera, podemos apreciar. Pero cualquier persona que habite en ese lugar sabe que los extra\u00f1os ruidos y los sospechosos sucesos no son solo mitos. Todo esto procede del bosque por el cual se bautiz\u00f3 al pueblo, RedWillow. El bosque de los misterios, desapariciones y cr\u00edmenes sin resolver. Parec\u00eda que las personas hu\u00edan de \u00e9l, aunque estuvieran literalmente rodeados por este, hasta que un nuevo misterio revuelve al pueblo. Especialmente a Scarlett, una pelirroja que ser\u00e1 capaz de hurgar en lo m\u00e1s oscuro para esclarecer los misterios de RedWillow.<\/p>\n<p>&nbsp;<\/p>\n","protected":false},"excerpt":{"rendered":"<p><strong>ISBN<\/strong>: 978-84-1144-726-3<\/p>\n<p><strong>SINOPSIS<\/strong><\/p>\n<p>RedWillow es, aparentemente, el t\u00edpico pueblo que nadie conoce, que solo aparece en los mapas por casualidad, tan apartado de la sociedad que las leyendas y mitos fantasiosos son m\u00e1s frecuentes que la gente mayor yendo a misa un domingo, y otros mitos que dan tanto miedo, que ni siquiera los m\u00e1s valientes se atreven a enfrentar. Tranquilo, sosegado, sin nada que esconder. O eso es lo que, desde fuera, podemos apreciar. Pero cualquier persona que habite en ese lugar sabe que los extra\u00f1os ruidos y los sospechosos sucesos no son solo mitos. Todo esto procede del bosque por el cual se bautiz\u00f3 al pueblo, RedWillow. El bosque de los misterios, desapariciones y cr\u00edmenes sin resolver. Parec\u00eda que las personas hu\u00edan de \u00e9l, aunque estuvieran literalmente rodeados por este, hasta que un nuevo misterio revuelve al pueblo. Especialmente a Scarlett, una pelirroja que ser\u00e1 capaz de hurgar en lo m\u00e1s oscuro para esclarecer los misterios de RedWillow.<\/p>\n","protected":false},"featured_media":98900,"comment_status":"closed","ping_status":"open","template":"","meta":{"_acf_changed":false},"libro":[],"product_brand":[],"product_cat":[26],"product_tag":[],"class_list":{"0":"post-98899","1":"product","2":"type-product","3":"status-publish","4":"has-post-thumbnail","6":"product_cat-sin-categoria","8":"first","9":"instock","10":"product-type-simple"},"acf":{"autor":[77309],"enlace_de_compra":"https:\/\/www.amazon.es\/El-bosque-rojo-Sabela-Veloso\/dp\/841144726X\/"},"yoast_head":"<!-- This site is optimized with the Yoast SEO plugin v26.6 - https:\/\/yoast.com\/wordpress\/plugins\/seo\/ -->\n<title>El bosque rojo - Catalogo | Letrame Grupo Editorial<\/title>\n<meta name=\"robots\" content=\"index, follow, max-snippet:-1, max-image-preview:large, max-video-preview:-1\" \/>\n<link rel=\"canonical\" href=\"https:\/\/letrame.com\/catalogo\/producto\/el-bosque-rojo\/\" \/>\n<meta property=\"og:locale\" content=\"es_ES\" \/>\n<meta property=\"og:type\" content=\"article\" \/>\n<meta property=\"og:title\" content=\"El bosque rojo - Catalogo | Letrame Grupo Editorial\" \/>\n<meta property=\"og:description\" content=\"ISBN: 978-84-1144-726-3 SINOPSIS RedWillow es, aparentemente, el t\u00edpico pueblo que nadie conoce, que solo aparece en los mapas por casualidad, tan apartado de la sociedad que las leyendas y mitos fantasiosos son m\u00e1s frecuentes que la gente mayor yendo a misa un domingo, y otros mitos que dan tanto miedo, que ni siquiera los m\u00e1s valientes se atreven a enfrentar. Tranquilo, sosegado, sin nada que esconder. O eso es lo que, desde fuera, podemos apreciar. Pero cualquier persona que habite en ese lugar sabe que los extra\u00f1os ruidos y los sospechosos sucesos no son solo mitos. Todo esto procede del bosque por el cual se bautiz\u00f3 al pueblo, RedWillow. El bosque de los misterios, desapariciones y cr\u00edmenes sin resolver. Parec\u00eda que las personas hu\u00edan de \u00e9l, aunque estuvieran literalmente rodeados por este, hasta que un nuevo misterio revuelve al pueblo. Especialmente a Scarlett, una pelirroja que ser\u00e1 capaz de hurgar en lo m\u00e1s oscuro para esclarecer los misterios de RedWillow.\" \/>\n<meta property=\"og:url\" content=\"https:\/\/letrame.com\/catalogo\/producto\/el-bosque-rojo\/\" \/>\n<meta property=\"og:site_name\" content=\"Catalogo | Letrame Grupo Editorial\" \/>\n<meta property=\"article:modified_time\" content=\"2024-04-29T13:27:41+00:00\" \/>\n<meta property=\"og:image\" content=\"https:\/\/letrame.com\/catalogo\/wp-content\/uploads\/2024\/04\/web_portada_elbosquerojo_876mm-1-compressed.jpg\" \/>\n\t<meta property=\"og:image:width\" content=\"601\" \/>\n\t<meta property=\"og:image:height\" content=\"881\" \/>\n\t<meta property=\"og:image:type\" content=\"image\/jpeg\" \/>\n<meta name=\"twitter:card\" content=\"summary_large_image\" \/>\n<meta name=\"twitter:label1\" content=\"Tiempo de lectura\" \/>\n\t<meta name=\"twitter:data1\" content=\"1 minuto\" \/>\n<script type=\"application\/ld+json\" class=\"yoast-schema-graph\">{\"@context\":\"https:\/\/schema.org\",\"@graph\":[{\"@type\":\"WebPage\",\"@id\":\"https:\/\/letrame.com\/catalogo\/producto\/el-bosque-rojo\/\",\"url\":\"https:\/\/letrame.com\/catalogo\/producto\/el-bosque-rojo\/\",\"name\":\"El bosque rojo - Catalogo | Letrame Grupo Editorial\",\"isPartOf\":{\"@id\":\"https:\/\/letrame.com\/catalogo\/#website\"},\"primaryImageOfPage\":{\"@id\":\"https:\/\/letrame.com\/catalogo\/producto\/el-bosque-rojo\/#primaryimage\"},\"image\":{\"@id\":\"https:\/\/letrame.com\/catalogo\/producto\/el-bosque-rojo\/#primaryimage\"},\"thumbnailUrl\":\"https:\/\/letrame.com\/catalogo\/wp-content\/uploads\/2024\/04\/web_portada_elbosquerojo_876mm-1-compressed.jpg\",\"datePublished\":\"2024-04-29T13:27:35+00:00\",\"dateModified\":\"2024-04-29T13:27:41+00:00\",\"breadcrumb\":{\"@id\":\"https:\/\/letrame.com\/catalogo\/producto\/el-bosque-rojo\/#breadcrumb\"},\"inLanguage\":\"es\",\"potentialAction\":[{\"@type\":\"ReadAction\",\"target\":[\"https:\/\/letrame.com\/catalogo\/producto\/el-bosque-rojo\/\"]}]},{\"@type\":\"ImageObject\",\"inLanguage\":\"es\",\"@id\":\"https:\/\/letrame.com\/catalogo\/producto\/el-bosque-rojo\/#primaryimage\",\"url\":\"https:\/\/letrame.com\/catalogo\/wp-content\/uploads\/2024\/04\/web_portada_elbosquerojo_876mm-1-compressed.jpg\",\"contentUrl\":\"https:\/\/letrame.com\/catalogo\/wp-content\/uploads\/2024\/04\/web_portada_elbosquerojo_876mm-1-compressed.jpg\",\"width\":601,\"height\":881},{\"@type\":\"BreadcrumbList\",\"@id\":\"https:\/\/letrame.com\/catalogo\/producto\/el-bosque-rojo\/#breadcrumb\",\"itemListElement\":[{\"@type\":\"ListItem\",\"position\":1,\"name\":\"Portada\",\"item\":\"https:\/\/letrame.com\/catalogo\/\"},{\"@type\":\"ListItem\",\"position\":2,\"name\":\"Cat\u00e1logo\",\"item\":\"https:\/\/letrame.com\/catalogo\/\"},{\"@type\":\"ListItem\",\"position\":3,\"name\":\"El bosque rojo\"}]},{\"@type\":\"WebSite\",\"@id\":\"https:\/\/letrame.com\/catalogo\/#website\",\"url\":\"https:\/\/letrame.com\/catalogo\/\",\"name\":\"Catalogo | Letrame Grupo Editorial\",\"description\":\"\",\"publisher\":{\"@id\":\"https:\/\/letrame.com\/catalogo\/#organization\"},\"potentialAction\":[{\"@type\":\"SearchAction\",\"target\":{\"@type\":\"EntryPoint\",\"urlTemplate\":\"https:\/\/letrame.com\/catalogo\/?s={search_term_string}\"},\"query-input\":{\"@type\":\"PropertyValueSpecification\",\"valueRequired\":true,\"valueName\":\"search_term_string\"}}],\"inLanguage\":\"es\"},{\"@type\":\"Organization\",\"@id\":\"https:\/\/letrame.com\/catalogo\/#organization\",\"name\":\"Catalogo | Letrame Grupo Editorial\",\"url\":\"https:\/\/letrame.com\/catalogo\/\",\"logo\":{\"@type\":\"ImageObject\",\"inLanguage\":\"es\",\"@id\":\"https:\/\/letrame.com\/catalogo\/#\/schema\/logo\/image\/\",\"url\":\"https:\/\/letrame.com\/catalogo\/wp-content\/uploads\/2024\/03\/logo2.webp\",\"contentUrl\":\"https:\/\/letrame.com\/catalogo\/wp-content\/uploads\/2024\/03\/logo2.webp\",\"width\":394,\"height\":128,\"caption\":\"Catalogo | Letrame Grupo Editorial\"},\"image\":{\"@id\":\"https:\/\/letrame.com\/catalogo\/#\/schema\/logo\/image\/\"}}]}<\/script>\n<!-- \/ Yoast SEO plugin. -->","yoast_head_json":{"title":"El bosque rojo - Catalogo | Letrame Grupo Editorial","robots":{"index":"index","follow":"follow","max-snippet":"max-snippet:-1","max-image-preview":"max-image-preview:large","max-video-preview":"max-video-preview:-1"},"canonical":"https:\/\/letrame.com\/catalogo\/producto\/el-bosque-rojo\/","og_locale":"es_ES","og_type":"article","og_title":"El bosque rojo - Catalogo | Letrame Grupo Editorial","og_description":"ISBN: 978-84-1144-726-3 SINOPSIS RedWillow es, aparentemente, el t\u00edpico pueblo que nadie conoce, que solo aparece en los mapas por casualidad, tan apartado de la sociedad que las leyendas y mitos fantasiosos son m\u00e1s frecuentes que la gente mayor yendo a misa un domingo, y otros mitos que dan tanto miedo, que ni siquiera los m\u00e1s valientes se atreven a enfrentar. Tranquilo, sosegado, sin nada que esconder. O eso es lo que, desde fuera, podemos apreciar. Pero cualquier persona que habite en ese lugar sabe que los extra\u00f1os ruidos y los sospechosos sucesos no son solo mitos. Todo esto procede del bosque por el cual se bautiz\u00f3 al pueblo, RedWillow. El bosque de los misterios, desapariciones y cr\u00edmenes sin resolver. Parec\u00eda que las personas hu\u00edan de \u00e9l, aunque estuvieran literalmente rodeados por este, hasta que un nuevo misterio revuelve al pueblo. Especialmente a Scarlett, una pelirroja que ser\u00e1 capaz de hurgar en lo m\u00e1s oscuro para esclarecer los misterios de RedWillow.","og_url":"https:\/\/letrame.com\/catalogo\/producto\/el-bosque-rojo\/","og_site_name":"Catalogo | Letrame Grupo Editorial","article_modified_time":"2024-04-29T13:27:41+00:00","og_image":[{"width":601,"height":881,"url":"https:\/\/letrame.com\/catalogo\/wp-content\/uploads\/2024\/04\/web_portada_elbosquerojo_876mm-1-compressed.jpg","type":"image\/jpeg"}],"twitter_card":"summary_large_image","twitter_misc":{"Tiempo de lectura":"1 minuto"},"schema":{"@context":"https:\/\/schema.org","@graph":[{"@type":"WebPage","@id":"https:\/\/letrame.com\/catalogo\/producto\/el-bosque-rojo\/","url":"https:\/\/letrame.com\/catalogo\/producto\/el-bosque-rojo\/","name":"El bosque rojo - Catalogo | Letrame Grupo Editorial","isPartOf":{"@id":"https:\/\/letrame.com\/catalogo\/#website"},"primaryImageOfPage":{"@id":"https:\/\/letrame.com\/catalogo\/producto\/el-bosque-rojo\/#primaryimage"},"image":{"@id":"https:\/\/letrame.com\/catalogo\/producto\/el-bosque-rojo\/#primaryimage"},"thumbnailUrl":"https:\/\/letrame.com\/catalogo\/wp-content\/uploads\/2024\/04\/web_portada_elbosquerojo_876mm-1-compressed.jpg","datePublished":"2024-04-29T13:27:35+00:00","dateModified":"2024-04-29T13:27:41+00:00","breadcrumb":{"@id":"https:\/\/letrame.com\/catalogo\/producto\/el-bosque-rojo\/#breadcrumb"},"inLanguage":"es","potentialAction":[{"@type":"ReadAction","target":["https:\/\/letrame.com\/catalogo\/producto\/el-bosque-rojo\/"]}]},{"@type":"ImageObject","inLanguage":"es","@id":"https:\/\/letrame.com\/catalogo\/producto\/el-bosque-rojo\/#primaryimage","url":"https:\/\/letrame.com\/catalogo\/wp-content\/uploads\/2024\/04\/web_portada_elbosquerojo_876mm-1-compressed.jpg","contentUrl":"https:\/\/letrame.com\/catalogo\/wp-content\/uploads\/2024\/04\/web_portada_elbosquerojo_876mm-1-compressed.jpg","width":601,"height":881},{"@type":"BreadcrumbList","@id":"https:\/\/letrame.com\/catalogo\/producto\/el-bosque-rojo\/#breadcrumb","itemListElement":[{"@type":"ListItem","position":1,"name":"Portada","item":"https:\/\/letrame.com\/catalogo\/"},{"@type":"ListItem","position":2,"name":"Cat\u00e1logo","item":"https:\/\/letrame.com\/catalogo\/"},{"@type":"ListItem","position":3,"name":"El bosque rojo"}]},{"@type":"WebSite","@id":"https:\/\/letrame.com\/catalogo\/#website","url":"https:\/\/letrame.com\/catalogo\/","name":"Catalogo | Letrame Grupo Editorial","description":"","publisher":{"@id":"https:\/\/letrame.com\/catalogo\/#organization"},"potentialAction":[{"@type":"SearchAction","target":{"@type":"EntryPoint","urlTemplate":"https:\/\/letrame.com\/catalogo\/?s={search_term_string}"},"query-input":{"@type":"PropertyValueSpecification","valueRequired":true,"valueName":"search_term_string"}}],"inLanguage":"es"},{"@type":"Organization","@id":"https:\/\/letrame.com\/catalogo\/#organization","name":"Catalogo | Letrame Grupo Editorial","url":"https:\/\/letrame.com\/catalogo\/","logo":{"@type":"ImageObject","inLanguage":"es","@id":"https:\/\/letrame.com\/catalogo\/#\/schema\/logo\/image\/","url":"https:\/\/letrame.com\/catalogo\/wp-content\/uploads\/2024\/03\/logo2.webp","contentUrl":"https:\/\/letrame.com\/catalogo\/wp-content\/uploads\/2024\/03\/logo2.webp","width":394,"height":128,"caption":"Catalogo | Letrame Grupo Editorial"},"image":{"@id":"https:\/\/letrame.com\/catalogo\/#\/schema\/logo\/image\/"}}]}},"_links":{"self":[{"href":"https:\/\/letrame.com\/catalogo\/wp-json\/wp\/v2\/product\/98899","targetHints":{"allow":["GET"]}}],"collection":[{"href":"https:\/\/letrame.com\/catalogo\/wp-json\/wp\/v2\/product"}],"about":[{"href":"https:\/\/letrame.com\/catalogo\/wp-json\/wp\/v2\/types\/product"}],"replies":[{"embeddable":true,"href":"https:\/\/letrame.com\/catalogo\/wp-json\/wp\/v2\/comments?post=98899"}],"acf:post":[{"embeddable":true,"href":"https:\/\/letrame.com\/catalogo\/wp-json\/wp\/v2\/author_book\/77309"}],"wp:featuredmedia":[{"embeddable":true,"href":"https:\/\/letrame.com\/catalogo\/wp-json\/wp\/v2\/media\/98900"}],"wp:attachment":[{"href":"https:\/\/letrame.com\/catalogo\/wp-json\/wp\/v2\/media?parent=98899"}],"wp:term":[{"taxonomy":"libro","embeddable":true,"href":"https:\/\/letrame.com\/catalogo\/wp-json\/wp\/v2\/libro?post=98899"},{"taxonomy":"product_brand","embeddable":true,"href":"https:\/\/letrame.com\/catalogo\/wp-json\/wp\/v2\/product_brand?post=98899"},{"taxonomy":"product_cat","embeddable":true,"href":"https:\/\/letrame.com\/catalogo\/wp-json\/wp\/v2\/product_cat?post=98899"},{"taxonomy":"product_tag","embeddable":true,"href":"https:\/\/letrame.com\/catalogo\/wp-json\/wp\/v2\/product_tag?post=98899"}],"curies":[{"name":"wp","href":"https:\/\/api.w.org\/{rel}","templated":true}]}}