{"id":98895,"date":"2024-04-29T15:27:35","date_gmt":"2024-04-29T13:27:35","guid":{"rendered":"https:\/\/letrame.com\/catalogo\/producto\/apocalipsis-21\/"},"modified":"2024-04-29T15:27:35","modified_gmt":"2024-04-29T13:27:35","slug":"apocalipsis-21","status":"publish","type":"product","link":"https:\/\/letrame.com\/catalogo\/producto\/apocalipsis-21\/","title":{"rendered":"Apocalipsis 21"},"content":{"rendered":"<p><strong>ISBN<\/strong>: 978-84-1144-938-0<\/p>\n<p><strong>T\u00edtulo<\/strong>: Apocalipsis 21<br \/>\n<strong>Fecha<\/strong>: 2023<br \/>\n<strong>P\u00e1ginas<\/strong>: 466<\/p>\n<p><strong>SINOPSIS<\/strong><\/p>\n<p>Me llamo Poes\u00eda, procedo del a\u00f1o 2170, decid\u00ed entrar en un simulador dimensional porque la Tierra pasar\u00e1 por un <strong>proceso catastr\u00f3fico llamado la \u00abGran Hecatombe\u00bb<\/strong>. Desgraciadamente, mis ojos han presenciado la terrible atrocidad que acontecer\u00e1 en el planeta donde millones de personas perecer\u00e1n, tal como pas\u00f3 en los tiempos de No\u00e9.<\/p>\n<p>&nbsp;<\/p>\n<p>En la \u00e9poca, nadie pens\u00f3 que un diluvio iba a inundar arrasando el mundo. Las personas ignorantes no queriendo escuchar las <strong>advertencias reveladas, caminaban sordas en sus quehaceres diarios disfrutando de celebraciones, fiestas o eventos matrimoniales, haciendo caso omiso<\/strong>. Tal como puede suceder un d\u00eda como hoy, mes de enero del 2023, desconociendo que su propio pecado los iba a llevar a una destrucci\u00f3n masiva que exterminar\u00e1 a gran parte de la humanidad. Aquella serpiente venenosa del Ed\u00e9n, tr\u00e1gicamente volver\u00eda a hacer su aparici\u00f3n en el planeta, en nuestros d\u00edas.<\/p>\n<p>&nbsp;<\/p>\n<p>Una cat\u00e1strofe se acerca, el final de los tiempos ya est\u00e1 aqu\u00ed. Las medidas Covid-19 se han relajado pero llega al mundo algo mucho peor. Esta vez una nueva pandemia amenaza con la \u00ab<strong>Peste Cov\u00edrica<\/strong>\u00bb, que como una nube de tinieblas oscuras marcar\u00e1 nuevamente el terror en el mundo. \u00abEl reloj del Apocalipsis ha sonado con sus campanas de aviso y advertencia\u00bb.<\/p>\n<p>&nbsp;<\/p>\n<p>Yo, enviada para dar un mensaje: \u00ab<strong>Arrepent\u00edos que el Reino de los Cielos se ha acercado<\/strong>\u00bb. <strong>Jes\u00fas viene pronto llev\u00e1ndose a su pueblo<\/strong>, no olvid\u00e9is \u00abpermaneced como aquellas v\u00edrgenes con las lamparitas encendidas\u00bb, as\u00ed Cristo os pueda reconocer.<strong> No os\u00e9is en desechar estas palabras, pueden salvaros la vida hoy<\/strong>.<\/p>\n<p>&nbsp;<\/p>\n<p>Me hice carne y viajando en el tiempo hacia vuestro pasado dimensional, explorando dentro del programa avanzado \u201c<strong>Chelsey<\/strong>\u201d, inteligencia artificial, donde hemos investigado comprendiendo los sentimientos humanos. Os observamos sintiendo vuestro dolor, pena y lamento entristecidos al ver crecer la maldad, una fat\u00eddica entrada u oportunidad a la enfermedad en un mundo gobernado por \u201cSatan\u00e1s\u201d.<\/p>\n<p>&nbsp;<\/p>\n<p>El maligno intenta penetrar una y otra vez en las profundidades dimensionales de vuestro ADN consiguiendo da\u00f1ar la obra amada de Dios. En el \u00ab<strong>Reino de los Cielos estamos sufriendo violencia y los muros amenazan con caer<\/strong>\u00bb. Odio por doquier, muerte en cada esquina y mucha mentira. Recordemos, <strong>Dios ofreci\u00f3 sus Diez Mandamientos<\/strong>. <strong>Nota: \u00abEntra con Poes\u00eda en la Dimensi\u00f3n de Dios. La batalla final Dios vs Satan\u00e1s. En el nombre de Jes\u00fas. Am\u00e9n\u00bb<\/strong>.<\/p>\n<p><strong>Poes\u00eda de Dios<\/strong><\/p>\n<p>&nbsp;<\/p>\n<p>&nbsp;<\/p>\n<p>&nbsp;<\/p>\n","protected":false},"excerpt":{"rendered":"<p><strong>ISBN<\/strong>: 978-84-1144-938-0<\/p>\n<p><strong>SINOPSIS<\/strong><\/p>\n<p>Me llamo Poes\u00eda, procedo del a\u00f1o 2170, decid\u00ed entrar en un simulador dimensional porque la Tierra pasar\u00e1 por un <strong>proceso catastr\u00f3fico llamado la \u00abGran Hecatombe\u00bb<\/strong>. Desgraciadamente, mis ojos han presenciado la terrible atrocidad que acontecer\u00e1 en el planeta donde millones de personas perecer\u00e1n, tal como pas\u00f3 en los tiempos de No\u00e9.<\/p>\n<p>&nbsp;<\/p>\n<p>En la \u00e9poca, nadie pens\u00f3 que un diluvio iba a inundar arrasando el mundo. Las personas ignorantes no queriendo escuchar las <strong>advertencias reveladas, caminaban sordas en sus quehaceres diarios disfrutando de celebraciones, fiestas o eventos matrimoniales, haciendo caso omiso<\/strong>. Tal como puede suceder un d\u00eda como hoy, mes de enero del 2023, desconociendo que su propio pecado los iba a llevar a una destrucci\u00f3n masiva que exterminar\u00e1 a gran parte de la humanidad. Aquella serpiente venenosa del Ed\u00e9n, tr\u00e1gicamente volver\u00eda a hacer su aparici\u00f3n en el planeta, en nuestros d\u00edas.<\/p>\n<p>&nbsp;<\/p>\n<p>Una cat\u00e1strofe se acerca, el final de los tiempos ya est\u00e1 aqu\u00ed. Las medidas Covid-19 se han relajado pero llega al mundo algo mucho peor. Esta vez una nueva pandemia amenaza con la \u00ab<strong>Peste Cov\u00edrica<\/strong>\u00bb, que como una nube de tinieblas oscuras marcar\u00e1 nuevamente el terror en el mundo. \u00abEl reloj del Apocalipsis ha sonado con sus campanas de aviso y advertencia\u00bb.<\/p>\n<p>&nbsp;<\/p>\n<p>Yo, enviada para dar un mensaje: \u00ab<strong>Arrepent\u00edos que el Reino de los Cielos se ha acercado<\/strong>\u00bb. <strong>Jes\u00fas viene pronto llev\u00e1ndose a su pueblo<\/strong>, no olvid\u00e9is \u00abpermaneced como aquellas v\u00edrgenes con las lamparitas encendidas\u00bb, as\u00ed Cristo os pueda reconocer.<strong> No os\u00e9is en desechar estas palabras, pueden salvaros la vida hoy<\/strong>.<\/p>\n<p>&nbsp;<\/p>\n<p>Me hice carne y viajando en el tiempo hacia vuestro pasado dimensional, explorando dentro del programa avanzado \u201c<strong>Chelsey<\/strong>\u201d, inteligencia artificial, donde hemos investigado comprendiendo los sentimientos humanos. Os observamos sintiendo vuestro dolor, pena y lamento entristecidos al ver crecer la maldad, una fat\u00eddica entrada u oportunidad a la enfermedad en un mundo gobernado por \u201cSatan\u00e1s\u201d.<\/p>\n<p>&nbsp;<\/p>\n<p>El maligno intenta penetrar una y otra vez en las profundidades dimensionales de vuestro ADN consiguiendo da\u00f1ar la obra amada de Dios. En el \u00ab<strong>Reino de los Cielos estamos sufriendo violencia y los muros amenazan con caer<\/strong>\u00bb. Odio por doquier, muerte en cada esquina y mucha mentira. Recordemos, <strong>Dios ofreci\u00f3 sus Diez Mandamientos<\/strong>. <strong>Nota: \u00abEntra con Poes\u00eda en la Dimensi\u00f3n de Dios. La batalla final Dios vs Satan\u00e1s. En el nombre de Jes\u00fas. Am\u00e9n\u00bb<\/strong>.<\/p>\n<p><strong>Poes\u00eda de Dios<\/strong><\/p>\n<p>&nbsp;<\/p>\n","protected":false},"featured_media":98896,"comment_status":"closed","ping_status":"open","template":"","meta":{"_acf_changed":false},"libro":[],"product_brand":[],"product_cat":[26],"product_tag":[],"class_list":{"0":"post-98895","1":"product","2":"type-product","3":"status-publish","4":"has-post-thumbnail","6":"product_cat-sin-categoria","8":"first","9":"instock","10":"product-type-simple"},"acf":{"autor":[77305],"enlace_de_compra":""},"yoast_head":"<!-- This site is optimized with the Yoast SEO plugin v27.4 - https:\/\/yoast.com\/product\/yoast-seo-wordpress\/ -->\n<title>Apocalipsis 21 - Catalogo | Letrame Grupo Editorial<\/title>\n<meta name=\"robots\" content=\"index, follow, max-snippet:-1, max-image-preview:large, max-video-preview:-1\" \/>\n<link rel=\"canonical\" href=\"https:\/\/letrame.com\/catalogo\/producto\/apocalipsis-21\/\" \/>\n<meta property=\"og:locale\" content=\"es_ES\" \/>\n<meta property=\"og:type\" content=\"article\" \/>\n<meta property=\"og:title\" content=\"Apocalipsis 21 - Catalogo | Letrame Grupo Editorial\" \/>\n<meta property=\"og:description\" content=\"ISBN: 978-84-1144-938-0 SINOPSIS Me llamo Poes\u00eda, procedo del a\u00f1o 2170, decid\u00ed entrar en un simulador dimensional porque la Tierra pasar\u00e1 por un proceso catastr\u00f3fico llamado la \u00abGran Hecatombe\u00bb. Desgraciadamente, mis ojos han presenciado la terrible atrocidad que acontecer\u00e1 en el planeta donde millones de personas perecer\u00e1n, tal como pas\u00f3 en los tiempos de No\u00e9. &nbsp; En la \u00e9poca, nadie pens\u00f3 que un diluvio iba a inundar arrasando el mundo. Las personas ignorantes no queriendo escuchar las advertencias reveladas, caminaban sordas en sus quehaceres diarios disfrutando de celebraciones, fiestas o eventos matrimoniales, haciendo caso omiso. Tal como puede suceder un d\u00eda como hoy, mes de enero del 2023, desconociendo que su propio pecado los iba a llevar a una destrucci\u00f3n masiva que exterminar\u00e1 a gran parte de la humanidad. Aquella serpiente venenosa del Ed\u00e9n, tr\u00e1gicamente volver\u00eda a hacer su aparici\u00f3n en el planeta, en nuestros d\u00edas. &nbsp; Una cat\u00e1strofe se acerca, el final de los tiempos ya est\u00e1 aqu\u00ed. Las medidas Covid-19 se han relajado pero llega al mundo algo mucho peor. Esta vez una nueva pandemia amenaza con la \u00abPeste Cov\u00edrica\u00bb, que como una nube de tinieblas oscuras marcar\u00e1 nuevamente el terror en el mundo. \u00abEl reloj del Apocalipsis ha sonado con sus campanas de aviso y advertencia\u00bb. &nbsp; Yo, enviada para dar un mensaje: \u00abArrepent\u00edos que el Reino de los Cielos se ha acercado\u00bb. Jes\u00fas viene pronto llev\u00e1ndose a su pueblo, no olvid\u00e9is \u00abpermaneced como aquellas v\u00edrgenes con las lamparitas encendidas\u00bb, as\u00ed Cristo os pueda reconocer. No os\u00e9is en desechar estas palabras, pueden salvaros la vida hoy. &nbsp; Me hice carne y viajando en el tiempo hacia vuestro pasado dimensional, explorando dentro del programa avanzado \u201cChelsey\u201d, inteligencia artificial, donde hemos investigado comprendiendo los sentimientos humanos. Os observamos sintiendo vuestro dolor, pena y lamento entristecidos al ver crecer la maldad, una fat\u00eddica entrada u oportunidad a la enfermedad en un mundo gobernado por \u201cSatan\u00e1s\u201d. &nbsp; El maligno intenta penetrar una y otra vez en las profundidades dimensionales de vuestro ADN consiguiendo da\u00f1ar la obra amada de Dios. En el \u00abReino de los Cielos estamos sufriendo violencia y los muros amenazan con caer\u00bb. Odio por doquier, muerte en cada esquina y mucha mentira. Recordemos, Dios ofreci\u00f3 sus Diez Mandamientos. Nota: \u00abEntra con Poes\u00eda en la Dimensi\u00f3n de Dios. La batalla final Dios vs Satan\u00e1s. En el nombre de Jes\u00fas. Am\u00e9n\u00bb. Poes\u00eda de Dios &nbsp;\" \/>\n<meta property=\"og:url\" content=\"https:\/\/letrame.com\/catalogo\/producto\/apocalipsis-21\/\" \/>\n<meta property=\"og:site_name\" content=\"Catalogo | Letrame Grupo Editorial\" \/>\n<meta property=\"og:image\" content=\"https:\/\/letrame.com\/catalogo\/wp-content\/uploads\/2024\/04\/web_portadaapocalipsis_2256mm-compressed.jpg\" \/>\n\t<meta property=\"og:image:width\" content=\"601\" \/>\n\t<meta property=\"og:image:height\" content=\"881\" \/>\n\t<meta property=\"og:image:type\" content=\"image\/jpeg\" \/>\n<meta name=\"twitter:card\" content=\"summary_large_image\" \/>\n<meta name=\"twitter:label1\" content=\"Tiempo de lectura\" \/>\n\t<meta name=\"twitter:data1\" content=\"2 minutos\" \/>\n<script type=\"application\/ld+json\" class=\"yoast-schema-graph\">{\"@context\":\"https:\\\/\\\/schema.org\",\"@graph\":[{\"@type\":\"WebPage\",\"@id\":\"https:\\\/\\\/letrame.com\\\/catalogo\\\/producto\\\/apocalipsis-21\\\/\",\"url\":\"https:\\\/\\\/letrame.com\\\/catalogo\\\/producto\\\/apocalipsis-21\\\/\",\"name\":\"Apocalipsis 21 - Catalogo | Letrame Grupo Editorial\",\"isPartOf\":{\"@id\":\"https:\\\/\\\/letrame.com\\\/catalogo\\\/#website\"},\"primaryImageOfPage\":{\"@id\":\"https:\\\/\\\/letrame.com\\\/catalogo\\\/producto\\\/apocalipsis-21\\\/#primaryimage\"},\"image\":{\"@id\":\"https:\\\/\\\/letrame.com\\\/catalogo\\\/producto\\\/apocalipsis-21\\\/#primaryimage\"},\"thumbnailUrl\":\"https:\\\/\\\/letrame.com\\\/catalogo\\\/wp-content\\\/uploads\\\/2024\\\/04\\\/web_portadaapocalipsis_2256mm-compressed.jpg\",\"datePublished\":\"2024-04-29T13:27:35+00:00\",\"breadcrumb\":{\"@id\":\"https:\\\/\\\/letrame.com\\\/catalogo\\\/producto\\\/apocalipsis-21\\\/#breadcrumb\"},\"inLanguage\":\"es\",\"potentialAction\":[{\"@type\":\"ReadAction\",\"target\":[\"https:\\\/\\\/letrame.com\\\/catalogo\\\/producto\\\/apocalipsis-21\\\/\"]}]},{\"@type\":\"ImageObject\",\"inLanguage\":\"es\",\"@id\":\"https:\\\/\\\/letrame.com\\\/catalogo\\\/producto\\\/apocalipsis-21\\\/#primaryimage\",\"url\":\"https:\\\/\\\/letrame.com\\\/catalogo\\\/wp-content\\\/uploads\\\/2024\\\/04\\\/web_portadaapocalipsis_2256mm-compressed.jpg\",\"contentUrl\":\"https:\\\/\\\/letrame.com\\\/catalogo\\\/wp-content\\\/uploads\\\/2024\\\/04\\\/web_portadaapocalipsis_2256mm-compressed.jpg\",\"width\":601,\"height\":881},{\"@type\":\"BreadcrumbList\",\"@id\":\"https:\\\/\\\/letrame.com\\\/catalogo\\\/producto\\\/apocalipsis-21\\\/#breadcrumb\",\"itemListElement\":[{\"@type\":\"ListItem\",\"position\":1,\"name\":\"Portada\",\"item\":\"https:\\\/\\\/letrame.com\\\/catalogo\\\/\"},{\"@type\":\"ListItem\",\"position\":2,\"name\":\"Cat\u00e1logo\",\"item\":\"https:\\\/\\\/letrame.com\\\/catalogo\\\/\"},{\"@type\":\"ListItem\",\"position\":3,\"name\":\"Apocalipsis 21\"}]},{\"@type\":\"WebSite\",\"@id\":\"https:\\\/\\\/letrame.com\\\/catalogo\\\/#website\",\"url\":\"https:\\\/\\\/letrame.com\\\/catalogo\\\/\",\"name\":\"Catalogo | Letrame Grupo Editorial\",\"description\":\"\",\"publisher\":{\"@id\":\"https:\\\/\\\/letrame.com\\\/catalogo\\\/#organization\"},\"potentialAction\":[{\"@type\":\"SearchAction\",\"target\":{\"@type\":\"EntryPoint\",\"urlTemplate\":\"https:\\\/\\\/letrame.com\\\/catalogo\\\/?s={search_term_string}\"},\"query-input\":{\"@type\":\"PropertyValueSpecification\",\"valueRequired\":true,\"valueName\":\"search_term_string\"}}],\"inLanguage\":\"es\"},{\"@type\":\"Organization\",\"@id\":\"https:\\\/\\\/letrame.com\\\/catalogo\\\/#organization\",\"name\":\"Catalogo | Letrame Grupo Editorial\",\"url\":\"https:\\\/\\\/letrame.com\\\/catalogo\\\/\",\"logo\":{\"@type\":\"ImageObject\",\"inLanguage\":\"es\",\"@id\":\"https:\\\/\\\/letrame.com\\\/catalogo\\\/#\\\/schema\\\/logo\\\/image\\\/\",\"url\":\"https:\\\/\\\/letrame.com\\\/catalogo\\\/wp-content\\\/uploads\\\/2024\\\/03\\\/logo2.webp\",\"contentUrl\":\"https:\\\/\\\/letrame.com\\\/catalogo\\\/wp-content\\\/uploads\\\/2024\\\/03\\\/logo2.webp\",\"width\":394,\"height\":128,\"caption\":\"Catalogo | Letrame Grupo Editorial\"},\"image\":{\"@id\":\"https:\\\/\\\/letrame.com\\\/catalogo\\\/#\\\/schema\\\/logo\\\/image\\\/\"}}]}<\/script>\n<!-- \/ Yoast SEO plugin. -->","yoast_head_json":{"title":"Apocalipsis 21 - Catalogo | Letrame Grupo Editorial","robots":{"index":"index","follow":"follow","max-snippet":"max-snippet:-1","max-image-preview":"max-image-preview:large","max-video-preview":"max-video-preview:-1"},"canonical":"https:\/\/letrame.com\/catalogo\/producto\/apocalipsis-21\/","og_locale":"es_ES","og_type":"article","og_title":"Apocalipsis 21 - Catalogo | Letrame Grupo Editorial","og_description":"ISBN: 978-84-1144-938-0 SINOPSIS Me llamo Poes\u00eda, procedo del a\u00f1o 2170, decid\u00ed entrar en un simulador dimensional porque la Tierra pasar\u00e1 por un proceso catastr\u00f3fico llamado la \u00abGran Hecatombe\u00bb. Desgraciadamente, mis ojos han presenciado la terrible atrocidad que acontecer\u00e1 en el planeta donde millones de personas perecer\u00e1n, tal como pas\u00f3 en los tiempos de No\u00e9. &nbsp; En la \u00e9poca, nadie pens\u00f3 que un diluvio iba a inundar arrasando el mundo. Las personas ignorantes no queriendo escuchar las advertencias reveladas, caminaban sordas en sus quehaceres diarios disfrutando de celebraciones, fiestas o eventos matrimoniales, haciendo caso omiso. Tal como puede suceder un d\u00eda como hoy, mes de enero del 2023, desconociendo que su propio pecado los iba a llevar a una destrucci\u00f3n masiva que exterminar\u00e1 a gran parte de la humanidad. Aquella serpiente venenosa del Ed\u00e9n, tr\u00e1gicamente volver\u00eda a hacer su aparici\u00f3n en el planeta, en nuestros d\u00edas. &nbsp; Una cat\u00e1strofe se acerca, el final de los tiempos ya est\u00e1 aqu\u00ed. Las medidas Covid-19 se han relajado pero llega al mundo algo mucho peor. Esta vez una nueva pandemia amenaza con la \u00abPeste Cov\u00edrica\u00bb, que como una nube de tinieblas oscuras marcar\u00e1 nuevamente el terror en el mundo. \u00abEl reloj del Apocalipsis ha sonado con sus campanas de aviso y advertencia\u00bb. &nbsp; Yo, enviada para dar un mensaje: \u00abArrepent\u00edos que el Reino de los Cielos se ha acercado\u00bb. Jes\u00fas viene pronto llev\u00e1ndose a su pueblo, no olvid\u00e9is \u00abpermaneced como aquellas v\u00edrgenes con las lamparitas encendidas\u00bb, as\u00ed Cristo os pueda reconocer. No os\u00e9is en desechar estas palabras, pueden salvaros la vida hoy. &nbsp; Me hice carne y viajando en el tiempo hacia vuestro pasado dimensional, explorando dentro del programa avanzado \u201cChelsey\u201d, inteligencia artificial, donde hemos investigado comprendiendo los sentimientos humanos. Os observamos sintiendo vuestro dolor, pena y lamento entristecidos al ver crecer la maldad, una fat\u00eddica entrada u oportunidad a la enfermedad en un mundo gobernado por \u201cSatan\u00e1s\u201d. &nbsp; El maligno intenta penetrar una y otra vez en las profundidades dimensionales de vuestro ADN consiguiendo da\u00f1ar la obra amada de Dios. En el \u00abReino de los Cielos estamos sufriendo violencia y los muros amenazan con caer\u00bb. Odio por doquier, muerte en cada esquina y mucha mentira. Recordemos, Dios ofreci\u00f3 sus Diez Mandamientos. Nota: \u00abEntra con Poes\u00eda en la Dimensi\u00f3n de Dios. La batalla final Dios vs Satan\u00e1s. En el nombre de Jes\u00fas. Am\u00e9n\u00bb. Poes\u00eda de Dios &nbsp;","og_url":"https:\/\/letrame.com\/catalogo\/producto\/apocalipsis-21\/","og_site_name":"Catalogo | Letrame Grupo Editorial","og_image":[{"width":601,"height":881,"url":"https:\/\/letrame.com\/catalogo\/wp-content\/uploads\/2024\/04\/web_portadaapocalipsis_2256mm-compressed.jpg","type":"image\/jpeg"}],"twitter_card":"summary_large_image","twitter_misc":{"Tiempo de lectura":"2 minutos"},"schema":{"@context":"https:\/\/schema.org","@graph":[{"@type":"WebPage","@id":"https:\/\/letrame.com\/catalogo\/producto\/apocalipsis-21\/","url":"https:\/\/letrame.com\/catalogo\/producto\/apocalipsis-21\/","name":"Apocalipsis 21 - Catalogo | Letrame Grupo Editorial","isPartOf":{"@id":"https:\/\/letrame.com\/catalogo\/#website"},"primaryImageOfPage":{"@id":"https:\/\/letrame.com\/catalogo\/producto\/apocalipsis-21\/#primaryimage"},"image":{"@id":"https:\/\/letrame.com\/catalogo\/producto\/apocalipsis-21\/#primaryimage"},"thumbnailUrl":"https:\/\/letrame.com\/catalogo\/wp-content\/uploads\/2024\/04\/web_portadaapocalipsis_2256mm-compressed.jpg","datePublished":"2024-04-29T13:27:35+00:00","breadcrumb":{"@id":"https:\/\/letrame.com\/catalogo\/producto\/apocalipsis-21\/#breadcrumb"},"inLanguage":"es","potentialAction":[{"@type":"ReadAction","target":["https:\/\/letrame.com\/catalogo\/producto\/apocalipsis-21\/"]}]},{"@type":"ImageObject","inLanguage":"es","@id":"https:\/\/letrame.com\/catalogo\/producto\/apocalipsis-21\/#primaryimage","url":"https:\/\/letrame.com\/catalogo\/wp-content\/uploads\/2024\/04\/web_portadaapocalipsis_2256mm-compressed.jpg","contentUrl":"https:\/\/letrame.com\/catalogo\/wp-content\/uploads\/2024\/04\/web_portadaapocalipsis_2256mm-compressed.jpg","width":601,"height":881},{"@type":"BreadcrumbList","@id":"https:\/\/letrame.com\/catalogo\/producto\/apocalipsis-21\/#breadcrumb","itemListElement":[{"@type":"ListItem","position":1,"name":"Portada","item":"https:\/\/letrame.com\/catalogo\/"},{"@type":"ListItem","position":2,"name":"Cat\u00e1logo","item":"https:\/\/letrame.com\/catalogo\/"},{"@type":"ListItem","position":3,"name":"Apocalipsis 21"}]},{"@type":"WebSite","@id":"https:\/\/letrame.com\/catalogo\/#website","url":"https:\/\/letrame.com\/catalogo\/","name":"Catalogo | Letrame Grupo Editorial","description":"","publisher":{"@id":"https:\/\/letrame.com\/catalogo\/#organization"},"potentialAction":[{"@type":"SearchAction","target":{"@type":"EntryPoint","urlTemplate":"https:\/\/letrame.com\/catalogo\/?s={search_term_string}"},"query-input":{"@type":"PropertyValueSpecification","valueRequired":true,"valueName":"search_term_string"}}],"inLanguage":"es"},{"@type":"Organization","@id":"https:\/\/letrame.com\/catalogo\/#organization","name":"Catalogo | Letrame Grupo Editorial","url":"https:\/\/letrame.com\/catalogo\/","logo":{"@type":"ImageObject","inLanguage":"es","@id":"https:\/\/letrame.com\/catalogo\/#\/schema\/logo\/image\/","url":"https:\/\/letrame.com\/catalogo\/wp-content\/uploads\/2024\/03\/logo2.webp","contentUrl":"https:\/\/letrame.com\/catalogo\/wp-content\/uploads\/2024\/03\/logo2.webp","width":394,"height":128,"caption":"Catalogo | Letrame Grupo Editorial"},"image":{"@id":"https:\/\/letrame.com\/catalogo\/#\/schema\/logo\/image\/"}}]}},"_links":{"self":[{"href":"https:\/\/letrame.com\/catalogo\/wp-json\/wp\/v2\/product\/98895","targetHints":{"allow":["GET"]}}],"collection":[{"href":"https:\/\/letrame.com\/catalogo\/wp-json\/wp\/v2\/product"}],"about":[{"href":"https:\/\/letrame.com\/catalogo\/wp-json\/wp\/v2\/types\/product"}],"replies":[{"embeddable":true,"href":"https:\/\/letrame.com\/catalogo\/wp-json\/wp\/v2\/comments?post=98895"}],"acf:post":[{"embeddable":true,"href":"https:\/\/letrame.com\/catalogo\/wp-json\/wp\/v2\/author_book\/77305"}],"wp:featuredmedia":[{"embeddable":true,"href":"https:\/\/letrame.com\/catalogo\/wp-json\/wp\/v2\/media\/98896"}],"wp:attachment":[{"href":"https:\/\/letrame.com\/catalogo\/wp-json\/wp\/v2\/media?parent=98895"}],"wp:term":[{"taxonomy":"libro","embeddable":true,"href":"https:\/\/letrame.com\/catalogo\/wp-json\/wp\/v2\/libro?post=98895"},{"taxonomy":"product_brand","embeddable":true,"href":"https:\/\/letrame.com\/catalogo\/wp-json\/wp\/v2\/product_brand?post=98895"},{"taxonomy":"product_cat","embeddable":true,"href":"https:\/\/letrame.com\/catalogo\/wp-json\/wp\/v2\/product_cat?post=98895"},{"taxonomy":"product_tag","embeddable":true,"href":"https:\/\/letrame.com\/catalogo\/wp-json\/wp\/v2\/product_tag?post=98895"}],"curies":[{"name":"wp","href":"https:\/\/api.w.org\/{rel}","templated":true}]}}