{"id":98893,"date":"2024-04-29T15:27:25","date_gmt":"2024-04-29T13:27:25","guid":{"rendered":"https:\/\/letrame.com\/catalogo\/producto\/dame-todo-lo-que-tengo\/"},"modified":"2024-07-25T09:44:53","modified_gmt":"2024-07-25T07:44:53","slug":"dame-todo-lo-que-tengo","status":"publish","type":"product","link":"https:\/\/letrame.com\/catalogo\/producto\/dame-todo-lo-que-tengo\/","title":{"rendered":"Dame todo lo que tengo"},"content":{"rendered":"<p><strong>ISBN<\/strong>: 978-84-1144-856-7<\/p>\n<p><strong>T\u00edtulo<\/strong>: Dame todo lo que tengo<br \/>\n<strong>Fecha<\/strong>: 2023<br \/>\n<strong>P\u00e1ginas<\/strong>: 148<\/p>\n<p><strong>SINOPSIS<\/strong><\/p>\n<p>Muji y el Cuervo han vuelto aposta a su barrio. En Arganzuela empezaron a realizar sus colaboraciones culturales punk y \u00e1cratas y han decidido retomar lo suyo all\u00ed y hacer justicia al innombrable y antinarcisista no arte. Tambi\u00e9n Abel creci\u00f3 en Arganzuela, antes de mudarse con sus padres a Chamber\u00ed, entornos ambos que cree que no ha llegado a conocer realmente. La historia de su familia paterna comenz\u00f3 con la llegada de sus abuelos a una infravivienda situada en lo alto de un edificio de la calle Santa Isabel. Los padres de Abel forman parte de la \u00e9lite pol\u00edtica e intelectual de Madrid en la sombra y \u00e9l siente que eso le ha dado algunas ventajas, pero tambi\u00e9n lo ha anestesiado.<\/p>\n<p>Un \u00e1tico de la calle Santa Isabel es el punto Usted est\u00e1 aqu\u00ed que ha elegido para su vida Sandra, una poeta y aceleradora de startups que escribe en la plataforma social Reddit reflexiones sobre s\u00ed misma, sus trabajos, sus citas y la libertad que se puede permitir. En un banco del barrio de Salamanca, Ros, simpatizante de la extrema derecha a su manera, se busca de forma an\u00e1loga en palabras, en su caso en las de las notas que escribe en su m\u00f3vil y que inspiran las letras de su proyecto de m\u00fasica trap.<\/p>\n<p>&nbsp;<\/p>\n<p>Carlos y Txus se conocen de toda la vida, pero nunca han tenido una conversaci\u00f3n de verdad hasta que coinciden en el banco de un parque de su barrio ultraperif\u00e9rico del distrito de Hortaleza. Uno es periodista cultural y el otro un m\u00fasico punk exyonqui. Conversan y se reencuentran con su pasado relativamente com\u00fan, muy distinto para uno y otro.<\/p>\n<p>&nbsp;<\/p>\n<p>Estos son algunos de los personajes de un libro inclasificable, un texto de narrativa contempor\u00e1nea libre que puede definirse o indefinirse como una novela que se rompe y se rehace a s\u00ed misma en relatos interrelacionados tem\u00e1tica y psicogeogr\u00e1ficamente. En esta obra no se entrecruzan quienes se manifiestan en ella, sino sus visiones de lo que ha pasado recientemente y est\u00e1 pasando ahora en el puzle de Madrid. La mediocridad, el cansancio moral asumido o rechazado por las clases medias actuales, las libertades de las que se compone la libertad, la influencia de las subculturas en el sentido com\u00fan, las vinculaciones locales e hiperlocales de los ciudadanos o la participaci\u00f3n de diferentes individuos en el mercado de la personalidad son algunos de los asuntos que aparecen y desaparecen en una obra arriesgada, intensa y \u00e1gil, escrita en el lenguaje coloquial de sus protagonistas con sus giros propios y sus giros contagiados.<\/p>\n","protected":false},"excerpt":{"rendered":"<p><strong>ISBN<\/strong>: 978-84-1144-856-7<\/p>\n<p><strong>SINOPSIS<\/strong><\/p>\n<p>Muji y el Cuervo han vuelto aposta a su barrio. En Arganzuela empezaron a realizar sus colaboraciones culturales punk y \u00e1cratas y han decidido retomar lo suyo all\u00ed y hacer justicia al innombrable y antinarcisista no arte. Tambi\u00e9n Abel creci\u00f3 en Arganzuela, antes de mudarse con sus padres a Chamber\u00ed, entornos ambos que cree que no ha llegado a conocer realmente. La historia de su familia paterna comenz\u00f3 con la llegada de sus abuelos a una infravivienda situada en lo alto de un edificio de la calle Santa Isabel. Los padres de Abel forman parte de la \u00e9lite pol\u00edtica e intelectual de Madrid en la sombra y \u00e9l siente que eso le ha dado algunas ventajas, pero tambi\u00e9n lo ha anestesiado.<\/p>\n<p>&nbsp;<\/p>\n","protected":false},"featured_media":98894,"comment_status":"closed","ping_status":"closed","template":"","meta":{"_acf_changed":false},"libro":[],"product_brand":[],"product_cat":[26],"product_tag":[],"class_list":{"0":"post-98893","1":"product","2":"type-product","3":"status-publish","4":"has-post-thumbnail","6":"product_cat-sin-categoria","8":"first","9":"instock","10":"purchasable","11":"product-type-simple"},"acf":{"autor":[77304],"enlace_de_compra":""},"yoast_head":"<!-- This site is optimized with the Yoast SEO plugin v26.6 - https:\/\/yoast.com\/wordpress\/plugins\/seo\/ -->\n<title>Dame todo lo que tengo - Catalogo | Letrame Grupo Editorial<\/title>\n<meta name=\"robots\" content=\"index, follow, max-snippet:-1, max-image-preview:large, max-video-preview:-1\" \/>\n<link rel=\"canonical\" href=\"https:\/\/letrame.com\/catalogo\/producto\/dame-todo-lo-que-tengo\/\" \/>\n<meta property=\"og:locale\" content=\"es_ES\" \/>\n<meta property=\"og:type\" content=\"article\" \/>\n<meta property=\"og:title\" content=\"Dame todo lo que tengo - Catalogo | Letrame Grupo Editorial\" \/>\n<meta property=\"og:description\" content=\"ISBN: 978-84-1144-856-7  SINOPSIS  Muji y el Cuervo han vuelto aposta a su barrio. En Arganzuela empezaron a realizar sus colaboraciones culturales punk y \u00e1cratas y han decidido retomar lo suyo all\u00ed y hacer justicia al innombrable y antinarcisista no arte. Tambi\u00e9n Abel creci\u00f3 en Arganzuela, antes de mudarse con sus padres a Chamber\u00ed, entornos ambos que cree que no ha llegado a conocer realmente. La historia de su familia paterna comenz\u00f3 con la llegada de sus abuelos a una infravivienda situada en lo alto de un edificio de la calle Santa Isabel. Los padres de Abel forman parte de la \u00e9lite pol\u00edtica e intelectual de Madrid en la sombra y \u00e9l siente que eso le ha dado algunas ventajas, pero tambi\u00e9n lo ha anestesiado.  &nbsp;\" \/>\n<meta property=\"og:url\" content=\"https:\/\/letrame.com\/catalogo\/producto\/dame-todo-lo-que-tengo\/\" \/>\n<meta property=\"og:site_name\" content=\"Catalogo | Letrame Grupo Editorial\" \/>\n<meta property=\"article:modified_time\" content=\"2024-07-25T07:44:53+00:00\" \/>\n<meta property=\"og:image\" content=\"https:\/\/letrame.com\/catalogo\/wp-content\/uploads\/2024\/04\/webportadadametodoloquetengo_79mm-compressed.jpg\" \/>\n\t<meta property=\"og:image:width\" content=\"601\" \/>\n\t<meta property=\"og:image:height\" content=\"881\" \/>\n\t<meta property=\"og:image:type\" content=\"image\/jpeg\" \/>\n<meta name=\"twitter:card\" content=\"summary_large_image\" \/>\n<meta name=\"twitter:label1\" content=\"Tiempo de lectura\" \/>\n\t<meta name=\"twitter:data1\" content=\"3 minutos\" \/>\n<script type=\"application\/ld+json\" class=\"yoast-schema-graph\">{\"@context\":\"https:\/\/schema.org\",\"@graph\":[{\"@type\":\"WebPage\",\"@id\":\"https:\/\/letrame.com\/catalogo\/producto\/dame-todo-lo-que-tengo\/\",\"url\":\"https:\/\/letrame.com\/catalogo\/producto\/dame-todo-lo-que-tengo\/\",\"name\":\"Dame todo lo que tengo - Catalogo | Letrame Grupo Editorial\",\"isPartOf\":{\"@id\":\"https:\/\/letrame.com\/catalogo\/#website\"},\"primaryImageOfPage\":{\"@id\":\"https:\/\/letrame.com\/catalogo\/producto\/dame-todo-lo-que-tengo\/#primaryimage\"},\"image\":{\"@id\":\"https:\/\/letrame.com\/catalogo\/producto\/dame-todo-lo-que-tengo\/#primaryimage\"},\"thumbnailUrl\":\"https:\/\/letrame.com\/catalogo\/wp-content\/uploads\/2024\/04\/webportadadametodoloquetengo_79mm-compressed.jpg\",\"datePublished\":\"2024-04-29T13:27:25+00:00\",\"dateModified\":\"2024-07-25T07:44:53+00:00\",\"breadcrumb\":{\"@id\":\"https:\/\/letrame.com\/catalogo\/producto\/dame-todo-lo-que-tengo\/#breadcrumb\"},\"inLanguage\":\"es\",\"potentialAction\":[{\"@type\":\"ReadAction\",\"target\":[\"https:\/\/letrame.com\/catalogo\/producto\/dame-todo-lo-que-tengo\/\"]}]},{\"@type\":\"ImageObject\",\"inLanguage\":\"es\",\"@id\":\"https:\/\/letrame.com\/catalogo\/producto\/dame-todo-lo-que-tengo\/#primaryimage\",\"url\":\"https:\/\/letrame.com\/catalogo\/wp-content\/uploads\/2024\/04\/webportadadametodoloquetengo_79mm-compressed.jpg\",\"contentUrl\":\"https:\/\/letrame.com\/catalogo\/wp-content\/uploads\/2024\/04\/webportadadametodoloquetengo_79mm-compressed.jpg\",\"width\":601,\"height\":881},{\"@type\":\"BreadcrumbList\",\"@id\":\"https:\/\/letrame.com\/catalogo\/producto\/dame-todo-lo-que-tengo\/#breadcrumb\",\"itemListElement\":[{\"@type\":\"ListItem\",\"position\":1,\"name\":\"Portada\",\"item\":\"https:\/\/letrame.com\/catalogo\/\"},{\"@type\":\"ListItem\",\"position\":2,\"name\":\"Cat\u00e1logo\",\"item\":\"https:\/\/letrame.com\/catalogo\/\"},{\"@type\":\"ListItem\",\"position\":3,\"name\":\"Dame todo lo que tengo\"}]},{\"@type\":\"WebSite\",\"@id\":\"https:\/\/letrame.com\/catalogo\/#website\",\"url\":\"https:\/\/letrame.com\/catalogo\/\",\"name\":\"Catalogo | Letrame Grupo Editorial\",\"description\":\"\",\"publisher\":{\"@id\":\"https:\/\/letrame.com\/catalogo\/#organization\"},\"potentialAction\":[{\"@type\":\"SearchAction\",\"target\":{\"@type\":\"EntryPoint\",\"urlTemplate\":\"https:\/\/letrame.com\/catalogo\/?s={search_term_string}\"},\"query-input\":{\"@type\":\"PropertyValueSpecification\",\"valueRequired\":true,\"valueName\":\"search_term_string\"}}],\"inLanguage\":\"es\"},{\"@type\":\"Organization\",\"@id\":\"https:\/\/letrame.com\/catalogo\/#organization\",\"name\":\"Catalogo | Letrame Grupo Editorial\",\"url\":\"https:\/\/letrame.com\/catalogo\/\",\"logo\":{\"@type\":\"ImageObject\",\"inLanguage\":\"es\",\"@id\":\"https:\/\/letrame.com\/catalogo\/#\/schema\/logo\/image\/\",\"url\":\"https:\/\/letrame.com\/catalogo\/wp-content\/uploads\/2024\/03\/logo2.webp\",\"contentUrl\":\"https:\/\/letrame.com\/catalogo\/wp-content\/uploads\/2024\/03\/logo2.webp\",\"width\":394,\"height\":128,\"caption\":\"Catalogo | Letrame Grupo Editorial\"},\"image\":{\"@id\":\"https:\/\/letrame.com\/catalogo\/#\/schema\/logo\/image\/\"}}]}<\/script>\n<!-- \/ Yoast SEO plugin. -->","yoast_head_json":{"title":"Dame todo lo que tengo - Catalogo | Letrame Grupo Editorial","robots":{"index":"index","follow":"follow","max-snippet":"max-snippet:-1","max-image-preview":"max-image-preview:large","max-video-preview":"max-video-preview:-1"},"canonical":"https:\/\/letrame.com\/catalogo\/producto\/dame-todo-lo-que-tengo\/","og_locale":"es_ES","og_type":"article","og_title":"Dame todo lo que tengo - Catalogo | Letrame Grupo Editorial","og_description":"ISBN: 978-84-1144-856-7  SINOPSIS  Muji y el Cuervo han vuelto aposta a su barrio. En Arganzuela empezaron a realizar sus colaboraciones culturales punk y \u00e1cratas y han decidido retomar lo suyo all\u00ed y hacer justicia al innombrable y antinarcisista no arte. Tambi\u00e9n Abel creci\u00f3 en Arganzuela, antes de mudarse con sus padres a Chamber\u00ed, entornos ambos que cree que no ha llegado a conocer realmente. La historia de su familia paterna comenz\u00f3 con la llegada de sus abuelos a una infravivienda situada en lo alto de un edificio de la calle Santa Isabel. Los padres de Abel forman parte de la \u00e9lite pol\u00edtica e intelectual de Madrid en la sombra y \u00e9l siente que eso le ha dado algunas ventajas, pero tambi\u00e9n lo ha anestesiado.  &nbsp;","og_url":"https:\/\/letrame.com\/catalogo\/producto\/dame-todo-lo-que-tengo\/","og_site_name":"Catalogo | Letrame Grupo Editorial","article_modified_time":"2024-07-25T07:44:53+00:00","og_image":[{"width":601,"height":881,"url":"https:\/\/letrame.com\/catalogo\/wp-content\/uploads\/2024\/04\/webportadadametodoloquetengo_79mm-compressed.jpg","type":"image\/jpeg"}],"twitter_card":"summary_large_image","twitter_misc":{"Tiempo de lectura":"3 minutos"},"schema":{"@context":"https:\/\/schema.org","@graph":[{"@type":"WebPage","@id":"https:\/\/letrame.com\/catalogo\/producto\/dame-todo-lo-que-tengo\/","url":"https:\/\/letrame.com\/catalogo\/producto\/dame-todo-lo-que-tengo\/","name":"Dame todo lo que tengo - Catalogo | Letrame Grupo Editorial","isPartOf":{"@id":"https:\/\/letrame.com\/catalogo\/#website"},"primaryImageOfPage":{"@id":"https:\/\/letrame.com\/catalogo\/producto\/dame-todo-lo-que-tengo\/#primaryimage"},"image":{"@id":"https:\/\/letrame.com\/catalogo\/producto\/dame-todo-lo-que-tengo\/#primaryimage"},"thumbnailUrl":"https:\/\/letrame.com\/catalogo\/wp-content\/uploads\/2024\/04\/webportadadametodoloquetengo_79mm-compressed.jpg","datePublished":"2024-04-29T13:27:25+00:00","dateModified":"2024-07-25T07:44:53+00:00","breadcrumb":{"@id":"https:\/\/letrame.com\/catalogo\/producto\/dame-todo-lo-que-tengo\/#breadcrumb"},"inLanguage":"es","potentialAction":[{"@type":"ReadAction","target":["https:\/\/letrame.com\/catalogo\/producto\/dame-todo-lo-que-tengo\/"]}]},{"@type":"ImageObject","inLanguage":"es","@id":"https:\/\/letrame.com\/catalogo\/producto\/dame-todo-lo-que-tengo\/#primaryimage","url":"https:\/\/letrame.com\/catalogo\/wp-content\/uploads\/2024\/04\/webportadadametodoloquetengo_79mm-compressed.jpg","contentUrl":"https:\/\/letrame.com\/catalogo\/wp-content\/uploads\/2024\/04\/webportadadametodoloquetengo_79mm-compressed.jpg","width":601,"height":881},{"@type":"BreadcrumbList","@id":"https:\/\/letrame.com\/catalogo\/producto\/dame-todo-lo-que-tengo\/#breadcrumb","itemListElement":[{"@type":"ListItem","position":1,"name":"Portada","item":"https:\/\/letrame.com\/catalogo\/"},{"@type":"ListItem","position":2,"name":"Cat\u00e1logo","item":"https:\/\/letrame.com\/catalogo\/"},{"@type":"ListItem","position":3,"name":"Dame todo lo que tengo"}]},{"@type":"WebSite","@id":"https:\/\/letrame.com\/catalogo\/#website","url":"https:\/\/letrame.com\/catalogo\/","name":"Catalogo | Letrame Grupo Editorial","description":"","publisher":{"@id":"https:\/\/letrame.com\/catalogo\/#organization"},"potentialAction":[{"@type":"SearchAction","target":{"@type":"EntryPoint","urlTemplate":"https:\/\/letrame.com\/catalogo\/?s={search_term_string}"},"query-input":{"@type":"PropertyValueSpecification","valueRequired":true,"valueName":"search_term_string"}}],"inLanguage":"es"},{"@type":"Organization","@id":"https:\/\/letrame.com\/catalogo\/#organization","name":"Catalogo | Letrame Grupo Editorial","url":"https:\/\/letrame.com\/catalogo\/","logo":{"@type":"ImageObject","inLanguage":"es","@id":"https:\/\/letrame.com\/catalogo\/#\/schema\/logo\/image\/","url":"https:\/\/letrame.com\/catalogo\/wp-content\/uploads\/2024\/03\/logo2.webp","contentUrl":"https:\/\/letrame.com\/catalogo\/wp-content\/uploads\/2024\/03\/logo2.webp","width":394,"height":128,"caption":"Catalogo | Letrame Grupo Editorial"},"image":{"@id":"https:\/\/letrame.com\/catalogo\/#\/schema\/logo\/image\/"}}]}},"_links":{"self":[{"href":"https:\/\/letrame.com\/catalogo\/wp-json\/wp\/v2\/product\/98893","targetHints":{"allow":["GET"]}}],"collection":[{"href":"https:\/\/letrame.com\/catalogo\/wp-json\/wp\/v2\/product"}],"about":[{"href":"https:\/\/letrame.com\/catalogo\/wp-json\/wp\/v2\/types\/product"}],"replies":[{"embeddable":true,"href":"https:\/\/letrame.com\/catalogo\/wp-json\/wp\/v2\/comments?post=98893"}],"acf:post":[{"embeddable":true,"href":"https:\/\/letrame.com\/catalogo\/wp-json\/wp\/v2\/author_book\/77304"}],"wp:featuredmedia":[{"embeddable":true,"href":"https:\/\/letrame.com\/catalogo\/wp-json\/wp\/v2\/media\/98894"}],"wp:attachment":[{"href":"https:\/\/letrame.com\/catalogo\/wp-json\/wp\/v2\/media?parent=98893"}],"wp:term":[{"taxonomy":"libro","embeddable":true,"href":"https:\/\/letrame.com\/catalogo\/wp-json\/wp\/v2\/libro?post=98893"},{"taxonomy":"product_brand","embeddable":true,"href":"https:\/\/letrame.com\/catalogo\/wp-json\/wp\/v2\/product_brand?post=98893"},{"taxonomy":"product_cat","embeddable":true,"href":"https:\/\/letrame.com\/catalogo\/wp-json\/wp\/v2\/product_cat?post=98893"},{"taxonomy":"product_tag","embeddable":true,"href":"https:\/\/letrame.com\/catalogo\/wp-json\/wp\/v2\/product_tag?post=98893"}],"curies":[{"name":"wp","href":"https:\/\/api.w.org\/{rel}","templated":true}]}}