{"id":98889,"date":"2024-04-29T15:27:25","date_gmt":"2024-04-29T13:27:25","guid":{"rendered":"https:\/\/letrame.com\/catalogo\/producto\/rastros-y-huellas-en-las-fronteras-de-la-psicoterapia-sistemica-tomo-ii\/"},"modified":"2024-04-29T15:27:25","modified_gmt":"2024-04-29T13:27:25","slug":"rastros-y-huellas-en-las-fronteras-de-la-psicoterapia-sistemica-tomo-ii","status":"publish","type":"product","link":"https:\/\/letrame.com\/catalogo\/producto\/rastros-y-huellas-en-las-fronteras-de-la-psicoterapia-sistemica-tomo-ii\/","title":{"rendered":"RASTROS Y HUELLAS EN LAS FRONTERAS DE LA PSICOTERAPIA SIST\u00c9MICA Tomo II"},"content":{"rendered":"<p><strong>ISBN<\/strong>: 978-84-1144-791-1<\/p>\n<p><strong>T\u00edtulo<\/strong>: RASTROS Y HUELLAS EN LAS FRONTERAS DE LA PSICOTERAPIA SIST\u00c9MICA Tomo II<br \/>\n<strong>Fecha<\/strong>: 2023<br \/>\n<strong>P\u00e1ginas<\/strong>: 378<\/p>\n<p><strong>SINOPSIS<\/strong><\/p>\n<p>Rastros y huellas en las fronteras de la psicoterapia sist\u00e9mica es el fruto del trabajo cl\u00ednico y formativo del autor. Esta obra est\u00e1 compuesta por la recopilaci\u00f3n de las publicaciones que ha realizado entre los a\u00f1os 1996 y 2022.<\/p>\n<p>Este segundo volumen, subtitulado Huellas, incluye todos los art\u00edculos de tem\u00e1tica cl\u00ednica publicados por el autor en el periodo citado, y que se encuentran desperdigados en diferentes revistas especializadas o como cap\u00edtulos de obras colectivas. Por lo tanto, las Huellas a las que hace referencia el t\u00edtulo son se\u00f1ales que permiten conocer c\u00f3mo el autor entiende la psicoterapia y la intervenci\u00f3n psicosocial, visualizando su desarrollo profesional a lo largo de los a\u00f1os y, c\u00f3mo no, subrayando sus filias y fobias. Pueden verse reflejadas sus preferencias, ya sea en torno al pensamiento filos\u00f3fico, \u00e9tico o epistemol\u00f3gico, ya sea en torno a la teor\u00eda o la praxis de la psicoterapia; sus enojos, su vehemente defensa de algunas posiciones o su justificado rechazo de otras.<\/p>\n<p>A pesar de definirse como psicoterapeuta sist\u00e9mico; porque el marco sist\u00e9mico-relacional es el lugar donde dice sentirse m\u00e1s c\u00f3modo, defiende que esta posici\u00f3n de comodidad conceptual no est\u00e1 re\u00f1ida con su inter\u00e9s por transitar otros espacios, donde confluyen inevitablemente ideas diversas y planteamientos contradictorios. De ah\u00ed que manifieste que le gusta cultivar una posici\u00f3n liminar, habitar en zonas fronterizas, porque son los lugares donde se facilita el surgimiento y mantenimiento de posiciones cr\u00edticas, antit\u00e9ticas y desprejuiciadas. Son esas zonas de incertidumbre natural, que en algunos momentos le inquietaron, las que a la postre se convirtieron en el m\u00e1s f\u00e9rtil terreno donde cuestionar y romper concepciones y \u00abverdades\u00bb establecidas. Dice el autor: \u00abLa ventaja de lo fronterizo consiste en hacernos vivir obligados a conciliar, confluir e integrar distintos criterios, distintas lenguas, diferentes concepciones del mundo. Lo f\u00e9rtil est\u00e1 inscrito en la obligada interconexi\u00f3n, en la inevitable integraci\u00f3n de las diferencias\u00bb.<\/p>\n<p>Por esto, las Huellas a las que se refiere el t\u00edtulo han surgido en las fronteras de la psicoterapia sist\u00e9mica, en los l\u00edmites conceptuales entre diferentes abordajes terap\u00e9uticos, entre lo sist\u00e9mico y el psicoan\u00e1lisis; presentes en muchos de sus textos. Nos permite habitar un espacio de confluencias entre lo social, lo filos\u00f3fico, lo antropol\u00f3gico y lo psicol\u00f3gico, amplificando nuestro pensamiento y nuestra mirada, permiti\u00e9ndonos abandonar terrenos caducos e invit\u00e1ndonos al riesgo de experimentar la incertidumbre natural que supone transitar espacios inciertos, para as\u00ed pensarnos de otras formas, desde otros prismas, en ese terreno de nadie y de todos donde surgen nuevas posibilidades, otras visiones de lo que vivimos y de quienes somos.<\/p>\n<p>&nbsp;<\/p>\n","protected":false},"excerpt":{"rendered":"<p><strong>ISBN<\/strong>: 978-84-1144-791-1<\/p>\n<p><strong>SINOPSIS<\/strong><\/p>\n<p>Rastros y huellas en las fronteras de la psicoterapia sist\u00e9mica es el fruto del trabajo cl\u00ednico y formativo del autor. Esta obra est\u00e1 compuesta por la recopilaci\u00f3n de las publicaciones que ha realizado entre los a\u00f1os 1996 y 2022.<\/p>\n<p>Este segundo volumen, subtitulado Huellas, incluye todos los art\u00edculos de tem\u00e1tica cl\u00ednica publicados por el autor en el periodo citado, y que se encuentran desperdigados en diferentes revistas especializadas o como cap\u00edtulos de obras colectivas. Por lo tanto, las Huellas a las que hace referencia el t\u00edtulo son se\u00f1ales que permiten conocer c\u00f3mo el autor entiende la psicoterapia y la intervenci\u00f3n psicosocial, visualizando su desarrollo profesional a lo largo de los a\u00f1os y, c\u00f3mo no, subrayando sus filias y fobias. Pueden verse reflejadas sus preferencias, ya sea en torno al pensamiento filos\u00f3fico, \u00e9tico o epistemol\u00f3gico, ya sea en torno a la teor\u00eda o la praxis de la psicoterapia; sus enojos, su vehemente defensa de algunas posiciones o su justificado rechazo de otras.<\/p>\n<p>A pesar de definirse como psicoterapeuta sist\u00e9mico; porque el marco sist\u00e9mico-relacional es el lugar donde dice sentirse m\u00e1s c\u00f3modo, defiende que esta posici\u00f3n de comodidad conceptual no est\u00e1 re\u00f1ida con su inter\u00e9s por transitar otros espacios, donde confluyen inevitablemente ideas diversas y planteamientos contradictorios. De ah\u00ed que manifieste que le gusta cultivar una posici\u00f3n liminar, habitar en zonas fronterizas, porque son los lugares donde se facilita el surgimiento y mantenimiento de posiciones cr\u00edticas, antit\u00e9ticas y desprejuiciadas. Son esas zonas de incertidumbre natural, que en algunos momentos le inquietaron, las que a la postre se convirtieron en el m\u00e1s f\u00e9rtil terreno donde cuestionar y romper concepciones y \u00abverdades\u00bb establecidas. Dice el autor: \u00abLa ventaja de lo fronterizo consiste en hacernos vivir obligados a conciliar, confluir e integrar distintos criterios, distintas lenguas, diferentes concepciones del mundo. Lo f\u00e9rtil est\u00e1 inscrito en la obligada interconexi\u00f3n, en la inevitable integraci\u00f3n de las diferencias\u00bb.<\/p>\n<p>Por esto, las Huellas a las que se refiere el t\u00edtulo han surgido en las fronteras de la psicoterapia sist\u00e9mica, en los l\u00edmites conceptuales entre diferentes abordajes terap\u00e9uticos, entre lo sist\u00e9mico y el psicoan\u00e1lisis; presentes en muchos de sus textos. Nos permite habitar un espacio de confluencias entre lo social, lo filos\u00f3fico, lo antropol\u00f3gico y lo psicol\u00f3gico, amplificando nuestro pensamiento y nuestra mirada, permiti\u00e9ndonos abandonar terrenos caducos e invit\u00e1ndonos al riesgo de experimentar la incertidumbre natural que supone transitar espacios inciertos, para as\u00ed pensarnos de otras formas, desde otros prismas, en ese terreno de nadie y de todos donde surgen nuevas posibilidades, otras visiones de lo que vivimos y de quienes somos.<\/p>\n<p>&nbsp;<\/p>\n","protected":false},"featured_media":98890,"comment_status":"closed","ping_status":"open","template":"","meta":{"_acf_changed":false},"libro":[],"product_brand":[],"product_cat":[26],"product_tag":[],"class_list":{"0":"post-98889","1":"product","2":"type-product","3":"status-publish","4":"has-post-thumbnail","6":"product_cat-sin-categoria","8":"first","9":"instock","10":"product-type-simple"},"acf":{"autor":[72855],"enlace_de_compra":""},"yoast_head":"<!-- This site is optimized with the Yoast SEO plugin v26.6 - https:\/\/yoast.com\/wordpress\/plugins\/seo\/ -->\n<title>RASTROS Y HUELLAS EN LAS FRONTERAS DE LA PSICOTERAPIA SIST\u00c9MICA Tomo II - Catalogo | Letrame Grupo Editorial<\/title>\n<meta name=\"robots\" content=\"index, follow, max-snippet:-1, max-image-preview:large, max-video-preview:-1\" \/>\n<link rel=\"canonical\" href=\"https:\/\/letrame.com\/catalogo\/producto\/rastros-y-huellas-en-las-fronteras-de-la-psicoterapia-sistemica-tomo-ii\/\" \/>\n<meta property=\"og:locale\" content=\"es_ES\" \/>\n<meta property=\"og:type\" content=\"article\" \/>\n<meta property=\"og:title\" content=\"RASTROS Y HUELLAS EN LAS FRONTERAS DE LA PSICOTERAPIA SIST\u00c9MICA Tomo II - Catalogo | Letrame Grupo Editorial\" \/>\n<meta property=\"og:description\" content=\"ISBN: 978-84-1144-791-1 SINOPSIS Rastros y huellas en las fronteras de la psicoterapia sist\u00e9mica es el fruto del trabajo cl\u00ednico y formativo del autor. Esta obra est\u00e1 compuesta por la recopilaci\u00f3n de las publicaciones que ha realizado entre los a\u00f1os 1996 y 2022. Este segundo volumen, subtitulado Huellas, incluye todos los art\u00edculos de tem\u00e1tica cl\u00ednica publicados por el autor en el periodo citado, y que se encuentran desperdigados en diferentes revistas especializadas o como cap\u00edtulos de obras colectivas. Por lo tanto, las Huellas a las que hace referencia el t\u00edtulo son se\u00f1ales que permiten conocer c\u00f3mo el autor entiende la psicoterapia y la intervenci\u00f3n psicosocial, visualizando su desarrollo profesional a lo largo de los a\u00f1os y, c\u00f3mo no, subrayando sus filias y fobias. Pueden verse reflejadas sus preferencias, ya sea en torno al pensamiento filos\u00f3fico, \u00e9tico o epistemol\u00f3gico, ya sea en torno a la teor\u00eda o la praxis de la psicoterapia; sus enojos, su vehemente defensa de algunas posiciones o su justificado rechazo de otras. A pesar de definirse como psicoterapeuta sist\u00e9mico; porque el marco sist\u00e9mico-relacional es el lugar donde dice sentirse m\u00e1s c\u00f3modo, defiende que esta posici\u00f3n de comodidad conceptual no est\u00e1 re\u00f1ida con su inter\u00e9s por transitar otros espacios, donde confluyen inevitablemente ideas diversas y planteamientos contradictorios. De ah\u00ed que manifieste que le gusta cultivar una posici\u00f3n liminar, habitar en zonas fronterizas, porque son los lugares donde se facilita el surgimiento y mantenimiento de posiciones cr\u00edticas, antit\u00e9ticas y desprejuiciadas. Son esas zonas de incertidumbre natural, que en algunos momentos le inquietaron, las que a la postre se convirtieron en el m\u00e1s f\u00e9rtil terreno donde cuestionar y romper concepciones y \u00abverdades\u00bb establecidas. Dice el autor: \u00abLa ventaja de lo fronterizo consiste en hacernos vivir obligados a conciliar, confluir e integrar distintos criterios, distintas lenguas, diferentes concepciones del mundo. Lo f\u00e9rtil est\u00e1 inscrito en la obligada interconexi\u00f3n, en la inevitable integraci\u00f3n de las diferencias\u00bb. Por esto, las Huellas a las que se refiere el t\u00edtulo han surgido en las fronteras de la psicoterapia sist\u00e9mica, en los l\u00edmites conceptuales entre diferentes abordajes terap\u00e9uticos, entre lo sist\u00e9mico y el psicoan\u00e1lisis; presentes en muchos de sus textos. Nos permite habitar un espacio de confluencias entre lo social, lo filos\u00f3fico, lo antropol\u00f3gico y lo psicol\u00f3gico, amplificando nuestro pensamiento y nuestra mirada, permiti\u00e9ndonos abandonar terrenos caducos e invit\u00e1ndonos al riesgo de experimentar la incertidumbre natural que supone transitar espacios inciertos, para as\u00ed pensarnos de otras formas, desde otros prismas, en ese terreno de nadie y de todos donde surgen nuevas posibilidades, otras visiones de lo que vivimos y de quienes somos. &nbsp;\" \/>\n<meta property=\"og:url\" content=\"https:\/\/letrame.com\/catalogo\/producto\/rastros-y-huellas-en-las-fronteras-de-la-psicoterapia-sistemica-tomo-ii\/\" \/>\n<meta property=\"og:site_name\" content=\"Catalogo | Letrame Grupo Editorial\" \/>\n<meta property=\"og:image\" content=\"https:\/\/letrame.com\/catalogo\/wp-content\/uploads\/2024\/04\/web_portadarastrosyhuellasII_185mm-compressed.jpg\" \/>\n\t<meta property=\"og:image:width\" content=\"601\" \/>\n\t<meta property=\"og:image:height\" content=\"849\" \/>\n\t<meta property=\"og:image:type\" content=\"image\/jpeg\" \/>\n<meta name=\"twitter:card\" content=\"summary_large_image\" \/>\n<meta name=\"twitter:label1\" content=\"Tiempo de lectura\" \/>\n\t<meta name=\"twitter:data1\" content=\"2 minutos\" \/>\n<script type=\"application\/ld+json\" class=\"yoast-schema-graph\">{\"@context\":\"https:\/\/schema.org\",\"@graph\":[{\"@type\":\"WebPage\",\"@id\":\"https:\/\/letrame.com\/catalogo\/producto\/rastros-y-huellas-en-las-fronteras-de-la-psicoterapia-sistemica-tomo-ii\/\",\"url\":\"https:\/\/letrame.com\/catalogo\/producto\/rastros-y-huellas-en-las-fronteras-de-la-psicoterapia-sistemica-tomo-ii\/\",\"name\":\"RASTROS Y HUELLAS EN LAS FRONTERAS DE LA PSICOTERAPIA SIST\u00c9MICA Tomo II - Catalogo | Letrame Grupo Editorial\",\"isPartOf\":{\"@id\":\"https:\/\/letrame.com\/catalogo\/#website\"},\"primaryImageOfPage\":{\"@id\":\"https:\/\/letrame.com\/catalogo\/producto\/rastros-y-huellas-en-las-fronteras-de-la-psicoterapia-sistemica-tomo-ii\/#primaryimage\"},\"image\":{\"@id\":\"https:\/\/letrame.com\/catalogo\/producto\/rastros-y-huellas-en-las-fronteras-de-la-psicoterapia-sistemica-tomo-ii\/#primaryimage\"},\"thumbnailUrl\":\"https:\/\/letrame.com\/catalogo\/wp-content\/uploads\/2024\/04\/web_portadarastrosyhuellasII_185mm-compressed.jpg\",\"datePublished\":\"2024-04-29T13:27:25+00:00\",\"breadcrumb\":{\"@id\":\"https:\/\/letrame.com\/catalogo\/producto\/rastros-y-huellas-en-las-fronteras-de-la-psicoterapia-sistemica-tomo-ii\/#breadcrumb\"},\"inLanguage\":\"es\",\"potentialAction\":[{\"@type\":\"ReadAction\",\"target\":[\"https:\/\/letrame.com\/catalogo\/producto\/rastros-y-huellas-en-las-fronteras-de-la-psicoterapia-sistemica-tomo-ii\/\"]}]},{\"@type\":\"ImageObject\",\"inLanguage\":\"es\",\"@id\":\"https:\/\/letrame.com\/catalogo\/producto\/rastros-y-huellas-en-las-fronteras-de-la-psicoterapia-sistemica-tomo-ii\/#primaryimage\",\"url\":\"https:\/\/letrame.com\/catalogo\/wp-content\/uploads\/2024\/04\/web_portadarastrosyhuellasII_185mm-compressed.jpg\",\"contentUrl\":\"https:\/\/letrame.com\/catalogo\/wp-content\/uploads\/2024\/04\/web_portadarastrosyhuellasII_185mm-compressed.jpg\",\"width\":601,\"height\":849},{\"@type\":\"BreadcrumbList\",\"@id\":\"https:\/\/letrame.com\/catalogo\/producto\/rastros-y-huellas-en-las-fronteras-de-la-psicoterapia-sistemica-tomo-ii\/#breadcrumb\",\"itemListElement\":[{\"@type\":\"ListItem\",\"position\":1,\"name\":\"Portada\",\"item\":\"https:\/\/letrame.com\/catalogo\/\"},{\"@type\":\"ListItem\",\"position\":2,\"name\":\"Cat\u00e1logo\",\"item\":\"https:\/\/letrame.com\/catalogo\/\"},{\"@type\":\"ListItem\",\"position\":3,\"name\":\"RASTROS Y HUELLAS EN LAS FRONTERAS DE LA PSICOTERAPIA SIST\u00c9MICA Tomo II\"}]},{\"@type\":\"WebSite\",\"@id\":\"https:\/\/letrame.com\/catalogo\/#website\",\"url\":\"https:\/\/letrame.com\/catalogo\/\",\"name\":\"Catalogo | Letrame Grupo Editorial\",\"description\":\"\",\"publisher\":{\"@id\":\"https:\/\/letrame.com\/catalogo\/#organization\"},\"potentialAction\":[{\"@type\":\"SearchAction\",\"target\":{\"@type\":\"EntryPoint\",\"urlTemplate\":\"https:\/\/letrame.com\/catalogo\/?s={search_term_string}\"},\"query-input\":{\"@type\":\"PropertyValueSpecification\",\"valueRequired\":true,\"valueName\":\"search_term_string\"}}],\"inLanguage\":\"es\"},{\"@type\":\"Organization\",\"@id\":\"https:\/\/letrame.com\/catalogo\/#organization\",\"name\":\"Catalogo | Letrame Grupo Editorial\",\"url\":\"https:\/\/letrame.com\/catalogo\/\",\"logo\":{\"@type\":\"ImageObject\",\"inLanguage\":\"es\",\"@id\":\"https:\/\/letrame.com\/catalogo\/#\/schema\/logo\/image\/\",\"url\":\"https:\/\/letrame.com\/catalogo\/wp-content\/uploads\/2024\/03\/logo2.webp\",\"contentUrl\":\"https:\/\/letrame.com\/catalogo\/wp-content\/uploads\/2024\/03\/logo2.webp\",\"width\":394,\"height\":128,\"caption\":\"Catalogo | Letrame Grupo Editorial\"},\"image\":{\"@id\":\"https:\/\/letrame.com\/catalogo\/#\/schema\/logo\/image\/\"}}]}<\/script>\n<!-- \/ Yoast SEO plugin. -->","yoast_head_json":{"title":"RASTROS Y HUELLAS EN LAS FRONTERAS DE LA PSICOTERAPIA SIST\u00c9MICA Tomo II - Catalogo | Letrame Grupo Editorial","robots":{"index":"index","follow":"follow","max-snippet":"max-snippet:-1","max-image-preview":"max-image-preview:large","max-video-preview":"max-video-preview:-1"},"canonical":"https:\/\/letrame.com\/catalogo\/producto\/rastros-y-huellas-en-las-fronteras-de-la-psicoterapia-sistemica-tomo-ii\/","og_locale":"es_ES","og_type":"article","og_title":"RASTROS Y HUELLAS EN LAS FRONTERAS DE LA PSICOTERAPIA SIST\u00c9MICA Tomo II - Catalogo | Letrame Grupo Editorial","og_description":"ISBN: 978-84-1144-791-1 SINOPSIS Rastros y huellas en las fronteras de la psicoterapia sist\u00e9mica es el fruto del trabajo cl\u00ednico y formativo del autor. Esta obra est\u00e1 compuesta por la recopilaci\u00f3n de las publicaciones que ha realizado entre los a\u00f1os 1996 y 2022. Este segundo volumen, subtitulado Huellas, incluye todos los art\u00edculos de tem\u00e1tica cl\u00ednica publicados por el autor en el periodo citado, y que se encuentran desperdigados en diferentes revistas especializadas o como cap\u00edtulos de obras colectivas. Por lo tanto, las Huellas a las que hace referencia el t\u00edtulo son se\u00f1ales que permiten conocer c\u00f3mo el autor entiende la psicoterapia y la intervenci\u00f3n psicosocial, visualizando su desarrollo profesional a lo largo de los a\u00f1os y, c\u00f3mo no, subrayando sus filias y fobias. Pueden verse reflejadas sus preferencias, ya sea en torno al pensamiento filos\u00f3fico, \u00e9tico o epistemol\u00f3gico, ya sea en torno a la teor\u00eda o la praxis de la psicoterapia; sus enojos, su vehemente defensa de algunas posiciones o su justificado rechazo de otras. A pesar de definirse como psicoterapeuta sist\u00e9mico; porque el marco sist\u00e9mico-relacional es el lugar donde dice sentirse m\u00e1s c\u00f3modo, defiende que esta posici\u00f3n de comodidad conceptual no est\u00e1 re\u00f1ida con su inter\u00e9s por transitar otros espacios, donde confluyen inevitablemente ideas diversas y planteamientos contradictorios. De ah\u00ed que manifieste que le gusta cultivar una posici\u00f3n liminar, habitar en zonas fronterizas, porque son los lugares donde se facilita el surgimiento y mantenimiento de posiciones cr\u00edticas, antit\u00e9ticas y desprejuiciadas. Son esas zonas de incertidumbre natural, que en algunos momentos le inquietaron, las que a la postre se convirtieron en el m\u00e1s f\u00e9rtil terreno donde cuestionar y romper concepciones y \u00abverdades\u00bb establecidas. Dice el autor: \u00abLa ventaja de lo fronterizo consiste en hacernos vivir obligados a conciliar, confluir e integrar distintos criterios, distintas lenguas, diferentes concepciones del mundo. Lo f\u00e9rtil est\u00e1 inscrito en la obligada interconexi\u00f3n, en la inevitable integraci\u00f3n de las diferencias\u00bb. Por esto, las Huellas a las que se refiere el t\u00edtulo han surgido en las fronteras de la psicoterapia sist\u00e9mica, en los l\u00edmites conceptuales entre diferentes abordajes terap\u00e9uticos, entre lo sist\u00e9mico y el psicoan\u00e1lisis; presentes en muchos de sus textos. Nos permite habitar un espacio de confluencias entre lo social, lo filos\u00f3fico, lo antropol\u00f3gico y lo psicol\u00f3gico, amplificando nuestro pensamiento y nuestra mirada, permiti\u00e9ndonos abandonar terrenos caducos e invit\u00e1ndonos al riesgo de experimentar la incertidumbre natural que supone transitar espacios inciertos, para as\u00ed pensarnos de otras formas, desde otros prismas, en ese terreno de nadie y de todos donde surgen nuevas posibilidades, otras visiones de lo que vivimos y de quienes somos. &nbsp;","og_url":"https:\/\/letrame.com\/catalogo\/producto\/rastros-y-huellas-en-las-fronteras-de-la-psicoterapia-sistemica-tomo-ii\/","og_site_name":"Catalogo | Letrame Grupo Editorial","og_image":[{"width":601,"height":849,"url":"https:\/\/letrame.com\/catalogo\/wp-content\/uploads\/2024\/04\/web_portadarastrosyhuellasII_185mm-compressed.jpg","type":"image\/jpeg"}],"twitter_card":"summary_large_image","twitter_misc":{"Tiempo de lectura":"2 minutos"},"schema":{"@context":"https:\/\/schema.org","@graph":[{"@type":"WebPage","@id":"https:\/\/letrame.com\/catalogo\/producto\/rastros-y-huellas-en-las-fronteras-de-la-psicoterapia-sistemica-tomo-ii\/","url":"https:\/\/letrame.com\/catalogo\/producto\/rastros-y-huellas-en-las-fronteras-de-la-psicoterapia-sistemica-tomo-ii\/","name":"RASTROS Y HUELLAS EN LAS FRONTERAS DE LA PSICOTERAPIA SIST\u00c9MICA Tomo II - Catalogo | Letrame Grupo Editorial","isPartOf":{"@id":"https:\/\/letrame.com\/catalogo\/#website"},"primaryImageOfPage":{"@id":"https:\/\/letrame.com\/catalogo\/producto\/rastros-y-huellas-en-las-fronteras-de-la-psicoterapia-sistemica-tomo-ii\/#primaryimage"},"image":{"@id":"https:\/\/letrame.com\/catalogo\/producto\/rastros-y-huellas-en-las-fronteras-de-la-psicoterapia-sistemica-tomo-ii\/#primaryimage"},"thumbnailUrl":"https:\/\/letrame.com\/catalogo\/wp-content\/uploads\/2024\/04\/web_portadarastrosyhuellasII_185mm-compressed.jpg","datePublished":"2024-04-29T13:27:25+00:00","breadcrumb":{"@id":"https:\/\/letrame.com\/catalogo\/producto\/rastros-y-huellas-en-las-fronteras-de-la-psicoterapia-sistemica-tomo-ii\/#breadcrumb"},"inLanguage":"es","potentialAction":[{"@type":"ReadAction","target":["https:\/\/letrame.com\/catalogo\/producto\/rastros-y-huellas-en-las-fronteras-de-la-psicoterapia-sistemica-tomo-ii\/"]}]},{"@type":"ImageObject","inLanguage":"es","@id":"https:\/\/letrame.com\/catalogo\/producto\/rastros-y-huellas-en-las-fronteras-de-la-psicoterapia-sistemica-tomo-ii\/#primaryimage","url":"https:\/\/letrame.com\/catalogo\/wp-content\/uploads\/2024\/04\/web_portadarastrosyhuellasII_185mm-compressed.jpg","contentUrl":"https:\/\/letrame.com\/catalogo\/wp-content\/uploads\/2024\/04\/web_portadarastrosyhuellasII_185mm-compressed.jpg","width":601,"height":849},{"@type":"BreadcrumbList","@id":"https:\/\/letrame.com\/catalogo\/producto\/rastros-y-huellas-en-las-fronteras-de-la-psicoterapia-sistemica-tomo-ii\/#breadcrumb","itemListElement":[{"@type":"ListItem","position":1,"name":"Portada","item":"https:\/\/letrame.com\/catalogo\/"},{"@type":"ListItem","position":2,"name":"Cat\u00e1logo","item":"https:\/\/letrame.com\/catalogo\/"},{"@type":"ListItem","position":3,"name":"RASTROS Y HUELLAS EN LAS FRONTERAS DE LA PSICOTERAPIA SIST\u00c9MICA Tomo II"}]},{"@type":"WebSite","@id":"https:\/\/letrame.com\/catalogo\/#website","url":"https:\/\/letrame.com\/catalogo\/","name":"Catalogo | Letrame Grupo Editorial","description":"","publisher":{"@id":"https:\/\/letrame.com\/catalogo\/#organization"},"potentialAction":[{"@type":"SearchAction","target":{"@type":"EntryPoint","urlTemplate":"https:\/\/letrame.com\/catalogo\/?s={search_term_string}"},"query-input":{"@type":"PropertyValueSpecification","valueRequired":true,"valueName":"search_term_string"}}],"inLanguage":"es"},{"@type":"Organization","@id":"https:\/\/letrame.com\/catalogo\/#organization","name":"Catalogo | Letrame Grupo Editorial","url":"https:\/\/letrame.com\/catalogo\/","logo":{"@type":"ImageObject","inLanguage":"es","@id":"https:\/\/letrame.com\/catalogo\/#\/schema\/logo\/image\/","url":"https:\/\/letrame.com\/catalogo\/wp-content\/uploads\/2024\/03\/logo2.webp","contentUrl":"https:\/\/letrame.com\/catalogo\/wp-content\/uploads\/2024\/03\/logo2.webp","width":394,"height":128,"caption":"Catalogo | Letrame Grupo Editorial"},"image":{"@id":"https:\/\/letrame.com\/catalogo\/#\/schema\/logo\/image\/"}}]}},"_links":{"self":[{"href":"https:\/\/letrame.com\/catalogo\/wp-json\/wp\/v2\/product\/98889","targetHints":{"allow":["GET"]}}],"collection":[{"href":"https:\/\/letrame.com\/catalogo\/wp-json\/wp\/v2\/product"}],"about":[{"href":"https:\/\/letrame.com\/catalogo\/wp-json\/wp\/v2\/types\/product"}],"replies":[{"embeddable":true,"href":"https:\/\/letrame.com\/catalogo\/wp-json\/wp\/v2\/comments?post=98889"}],"acf:post":[{"embeddable":true,"href":"https:\/\/letrame.com\/catalogo\/wp-json\/wp\/v2\/author_book\/72855"}],"wp:featuredmedia":[{"embeddable":true,"href":"https:\/\/letrame.com\/catalogo\/wp-json\/wp\/v2\/media\/98890"}],"wp:attachment":[{"href":"https:\/\/letrame.com\/catalogo\/wp-json\/wp\/v2\/media?parent=98889"}],"wp:term":[{"taxonomy":"libro","embeddable":true,"href":"https:\/\/letrame.com\/catalogo\/wp-json\/wp\/v2\/libro?post=98889"},{"taxonomy":"product_brand","embeddable":true,"href":"https:\/\/letrame.com\/catalogo\/wp-json\/wp\/v2\/product_brand?post=98889"},{"taxonomy":"product_cat","embeddable":true,"href":"https:\/\/letrame.com\/catalogo\/wp-json\/wp\/v2\/product_cat?post=98889"},{"taxonomy":"product_tag","embeddable":true,"href":"https:\/\/letrame.com\/catalogo\/wp-json\/wp\/v2\/product_tag?post=98889"}],"curies":[{"name":"wp","href":"https:\/\/api.w.org\/{rel}","templated":true}]}}