{"id":98885,"date":"2024-04-29T15:27:14","date_gmt":"2024-04-29T13:27:14","guid":{"rendered":"https:\/\/letrame.com\/catalogo\/producto\/volver-del-mas-alla\/"},"modified":"2024-04-29T15:27:18","modified_gmt":"2024-04-29T13:27:18","slug":"volver-del-mas-alla","status":"publish","type":"product","link":"https:\/\/letrame.com\/catalogo\/producto\/volver-del-mas-alla\/","title":{"rendered":"Volver del m\u00e1s all\u00e1"},"content":{"rendered":"<p><strong>ISBN<\/strong>: 978-84-1144-971-7<\/p>\n<p><strong>T\u00edtulo<\/strong>: Volver del m\u00e1s all\u00e1<br \/>\n<strong>Fecha<\/strong>: 2023<br \/>\n<strong>P\u00e1ginas<\/strong>: 236<\/p>\n<p><strong>SINOPSIS<\/strong><\/p>\n<p>Miguel \u00c1ngel Le\u00f3n Abarca (Daido Shugen) nos narra en esta sorprendente obra, <em>Volver del M\u00e1s All\u00e1<\/em>, su experiencia propia y la de otras muchas personas an\u00f3nimas en relaci\u00f3n a un asunto del que nunca ha podido despegarse el ser humano a lo largo de toda su historia, porque forma parte de su identidad: \u00bfQu\u00e9 hay despu\u00e9s de la muerte?<\/p>\n<p>Daido Shugen aborda las ECM, es decir, las experiencias cercanas a la muerte que miles de personas han vivido, lo sepan o no, lo reconozcan o no, y las hagan p\u00fablicas o no; y lo que tales experiencias les han provocado, una vez han regresado. Y todo lo que ello implica. Y, con las experiencias cercanas a la muerte que en esta obra se explican, se aproxima con la misma profundidad a lo que realmente nos preocupa y en ocasiones nos atosiga: \u00bfHay vida despu\u00e9s de la muerte? \u00bfQu\u00e9 tipo de vida hay despu\u00e9s de la muerte? \u00bfSe puede volver del M\u00e1s All\u00e1? \u00bfExiste Dios? Y, si existe, \u00bfc\u00f3mo es?<\/p>\n<p>Daido Shugen no solo divaga sobre una cuesti\u00f3n trascendental y trascendente, sino que nos narra y aporta hechos concretos que no dejar\u00e1n indiferente al lector. Y, en muchos casos y por unas u otras razones, este se ver\u00e1 reflejado en ellos. Pero Daido Shugen no pretende convencer a nadie. Es su testimonio. Y que cada cual piense lo que considere.<\/p>\n","protected":false},"excerpt":{"rendered":"<p><strong>ISBN<\/strong>: 978-84-1144-971-7<\/p>\n<p><strong>SINOPSIS<\/strong><\/p>\n<p>Miguel \u00c1ngel Le\u00f3n Abarca (Daido Shugen) nos narra en esta sorprendente obra, <em>Volver del M\u00e1s All\u00e1<\/em>, su experiencia propia y la de otras muchas personas an\u00f3nimas en relaci\u00f3n a un asunto del que nunca ha podido despegarse el ser humano a lo largo de toda su historia, porque forma parte de su identidad: \u00bfQu\u00e9 hay despu\u00e9s de la muerte?<\/p>\n<p>Daido Shugen aborda las ECM, es decir, las experiencias cercanas a la muerte que miles de personas han vivido, lo sepan o no, lo reconozcan o no, y las hagan p\u00fablicas o no; y lo que tales experiencias les han provocado, una vez han regresado. Y todo lo que ello implica. Y, con las experiencias cercanas a la muerte que en esta obra se explican, se aproxima con la misma profundidad a lo que realmente nos preocupa y en ocasiones nos atosiga: \u00bfHay vida despu\u00e9s de la muerte? \u00bfQu\u00e9 tipo de vida hay despu\u00e9s de la muerte? \u00bfSe puede volver del M\u00e1s All\u00e1? \u00bfExiste Dios? Y, si existe, \u00bfc\u00f3mo es?<\/p>\n<p>Daido Shugen no solo divaga sobre una cuesti\u00f3n trascendental y trascendente, sino que nos narra y aporta hechos concretos que no dejar\u00e1n indiferente al lector. Y, en muchos casos y por unas u otras razones, este se ver\u00e1 reflejado en ellos. Pero Daido Shugen no pretende convencer a nadie. Es su testimonio. Y que cada cual piense lo que considere.<\/p>\n","protected":false},"featured_media":98886,"comment_status":"closed","ping_status":"open","template":"","meta":{"_acf_changed":false},"libro":[],"product_brand":[],"product_cat":[26],"product_tag":[],"class_list":{"0":"post-98885","1":"product","2":"type-product","3":"status-publish","4":"has-post-thumbnail","6":"product_cat-sin-categoria","8":"first","9":"instock","10":"product-type-simple"},"acf":{"autor":[77298],"enlace_de_compra":"https:\/\/www.amazon.es\/Volver-del-m%C3%A1s-all%C3%A1-Novela\/dp\/8411449718"},"yoast_head":"<!-- This site is optimized with the Yoast SEO plugin v26.6 - https:\/\/yoast.com\/wordpress\/plugins\/seo\/ -->\n<title>Volver del m\u00e1s all\u00e1 - Catalogo | Letrame Grupo Editorial<\/title>\n<meta name=\"robots\" content=\"index, follow, max-snippet:-1, max-image-preview:large, max-video-preview:-1\" \/>\n<link rel=\"canonical\" href=\"https:\/\/letrame.com\/catalogo\/producto\/volver-del-mas-alla\/\" \/>\n<meta property=\"og:locale\" content=\"es_ES\" \/>\n<meta property=\"og:type\" content=\"article\" \/>\n<meta property=\"og:title\" content=\"Volver del m\u00e1s all\u00e1 - Catalogo | Letrame Grupo Editorial\" \/>\n<meta property=\"og:description\" content=\"ISBN: 978-84-1144-971-7 SINOPSIS Miguel \u00c1ngel Le\u00f3n Abarca (Daido Shugen) nos narra en esta sorprendente obra, Volver del M\u00e1s All\u00e1, su experiencia propia y la de otras muchas personas an\u00f3nimas en relaci\u00f3n a un asunto del que nunca ha podido despegarse el ser humano a lo largo de toda su historia, porque forma parte de su identidad: \u00bfQu\u00e9 hay despu\u00e9s de la muerte? Daido Shugen aborda las ECM, es decir, las experiencias cercanas a la muerte que miles de personas han vivido, lo sepan o no, lo reconozcan o no, y las hagan p\u00fablicas o no; y lo que tales experiencias les han provocado, una vez han regresado. Y todo lo que ello implica. Y, con las experiencias cercanas a la muerte que en esta obra se explican, se aproxima con la misma profundidad a lo que realmente nos preocupa y en ocasiones nos atosiga: \u00bfHay vida despu\u00e9s de la muerte? \u00bfQu\u00e9 tipo de vida hay despu\u00e9s de la muerte? \u00bfSe puede volver del M\u00e1s All\u00e1? \u00bfExiste Dios? Y, si existe, \u00bfc\u00f3mo es? Daido Shugen no solo divaga sobre una cuesti\u00f3n trascendental y trascendente, sino que nos narra y aporta hechos concretos que no dejar\u00e1n indiferente al lector. Y, en muchos casos y por unas u otras razones, este se ver\u00e1 reflejado en ellos. Pero Daido Shugen no pretende convencer a nadie. Es su testimonio. Y que cada cual piense lo que considere.\" \/>\n<meta property=\"og:url\" content=\"https:\/\/letrame.com\/catalogo\/producto\/volver-del-mas-alla\/\" \/>\n<meta property=\"og:site_name\" content=\"Catalogo | Letrame Grupo Editorial\" \/>\n<meta property=\"article:modified_time\" content=\"2024-04-29T13:27:18+00:00\" \/>\n<meta property=\"og:image\" content=\"https:\/\/letrame.com\/catalogo\/wp-content\/uploads\/2024\/04\/web_portada_volverdelmasalla_1333mm-compressed.jpg\" \/>\n\t<meta property=\"og:image:width\" content=\"601\" \/>\n\t<meta property=\"og:image:height\" content=\"881\" \/>\n\t<meta property=\"og:image:type\" content=\"image\/jpeg\" \/>\n<meta name=\"twitter:card\" content=\"summary_large_image\" \/>\n<meta name=\"twitter:label1\" content=\"Tiempo de lectura\" \/>\n\t<meta name=\"twitter:data1\" content=\"1 minuto\" \/>\n<script type=\"application\/ld+json\" class=\"yoast-schema-graph\">{\"@context\":\"https:\/\/schema.org\",\"@graph\":[{\"@type\":\"WebPage\",\"@id\":\"https:\/\/letrame.com\/catalogo\/producto\/volver-del-mas-alla\/\",\"url\":\"https:\/\/letrame.com\/catalogo\/producto\/volver-del-mas-alla\/\",\"name\":\"Volver del m\u00e1s all\u00e1 - Catalogo | Letrame Grupo Editorial\",\"isPartOf\":{\"@id\":\"https:\/\/letrame.com\/catalogo\/#website\"},\"primaryImageOfPage\":{\"@id\":\"https:\/\/letrame.com\/catalogo\/producto\/volver-del-mas-alla\/#primaryimage\"},\"image\":{\"@id\":\"https:\/\/letrame.com\/catalogo\/producto\/volver-del-mas-alla\/#primaryimage\"},\"thumbnailUrl\":\"https:\/\/letrame.com\/catalogo\/wp-content\/uploads\/2024\/04\/web_portada_volverdelmasalla_1333mm-compressed.jpg\",\"datePublished\":\"2024-04-29T13:27:14+00:00\",\"dateModified\":\"2024-04-29T13:27:18+00:00\",\"breadcrumb\":{\"@id\":\"https:\/\/letrame.com\/catalogo\/producto\/volver-del-mas-alla\/#breadcrumb\"},\"inLanguage\":\"es\",\"potentialAction\":[{\"@type\":\"ReadAction\",\"target\":[\"https:\/\/letrame.com\/catalogo\/producto\/volver-del-mas-alla\/\"]}]},{\"@type\":\"ImageObject\",\"inLanguage\":\"es\",\"@id\":\"https:\/\/letrame.com\/catalogo\/producto\/volver-del-mas-alla\/#primaryimage\",\"url\":\"https:\/\/letrame.com\/catalogo\/wp-content\/uploads\/2024\/04\/web_portada_volverdelmasalla_1333mm-compressed.jpg\",\"contentUrl\":\"https:\/\/letrame.com\/catalogo\/wp-content\/uploads\/2024\/04\/web_portada_volverdelmasalla_1333mm-compressed.jpg\",\"width\":601,\"height\":881},{\"@type\":\"BreadcrumbList\",\"@id\":\"https:\/\/letrame.com\/catalogo\/producto\/volver-del-mas-alla\/#breadcrumb\",\"itemListElement\":[{\"@type\":\"ListItem\",\"position\":1,\"name\":\"Portada\",\"item\":\"https:\/\/letrame.com\/catalogo\/\"},{\"@type\":\"ListItem\",\"position\":2,\"name\":\"Cat\u00e1logo\",\"item\":\"https:\/\/letrame.com\/catalogo\/\"},{\"@type\":\"ListItem\",\"position\":3,\"name\":\"Volver del m\u00e1s all\u00e1\"}]},{\"@type\":\"WebSite\",\"@id\":\"https:\/\/letrame.com\/catalogo\/#website\",\"url\":\"https:\/\/letrame.com\/catalogo\/\",\"name\":\"Catalogo | Letrame Grupo Editorial\",\"description\":\"\",\"publisher\":{\"@id\":\"https:\/\/letrame.com\/catalogo\/#organization\"},\"potentialAction\":[{\"@type\":\"SearchAction\",\"target\":{\"@type\":\"EntryPoint\",\"urlTemplate\":\"https:\/\/letrame.com\/catalogo\/?s={search_term_string}\"},\"query-input\":{\"@type\":\"PropertyValueSpecification\",\"valueRequired\":true,\"valueName\":\"search_term_string\"}}],\"inLanguage\":\"es\"},{\"@type\":\"Organization\",\"@id\":\"https:\/\/letrame.com\/catalogo\/#organization\",\"name\":\"Catalogo | Letrame Grupo Editorial\",\"url\":\"https:\/\/letrame.com\/catalogo\/\",\"logo\":{\"@type\":\"ImageObject\",\"inLanguage\":\"es\",\"@id\":\"https:\/\/letrame.com\/catalogo\/#\/schema\/logo\/image\/\",\"url\":\"https:\/\/letrame.com\/catalogo\/wp-content\/uploads\/2024\/03\/logo2.webp\",\"contentUrl\":\"https:\/\/letrame.com\/catalogo\/wp-content\/uploads\/2024\/03\/logo2.webp\",\"width\":394,\"height\":128,\"caption\":\"Catalogo | Letrame Grupo Editorial\"},\"image\":{\"@id\":\"https:\/\/letrame.com\/catalogo\/#\/schema\/logo\/image\/\"}}]}<\/script>\n<!-- \/ Yoast SEO plugin. -->","yoast_head_json":{"title":"Volver del m\u00e1s all\u00e1 - Catalogo | Letrame Grupo Editorial","robots":{"index":"index","follow":"follow","max-snippet":"max-snippet:-1","max-image-preview":"max-image-preview:large","max-video-preview":"max-video-preview:-1"},"canonical":"https:\/\/letrame.com\/catalogo\/producto\/volver-del-mas-alla\/","og_locale":"es_ES","og_type":"article","og_title":"Volver del m\u00e1s all\u00e1 - Catalogo | Letrame Grupo Editorial","og_description":"ISBN: 978-84-1144-971-7 SINOPSIS Miguel \u00c1ngel Le\u00f3n Abarca (Daido Shugen) nos narra en esta sorprendente obra, Volver del M\u00e1s All\u00e1, su experiencia propia y la de otras muchas personas an\u00f3nimas en relaci\u00f3n a un asunto del que nunca ha podido despegarse el ser humano a lo largo de toda su historia, porque forma parte de su identidad: \u00bfQu\u00e9 hay despu\u00e9s de la muerte? Daido Shugen aborda las ECM, es decir, las experiencias cercanas a la muerte que miles de personas han vivido, lo sepan o no, lo reconozcan o no, y las hagan p\u00fablicas o no; y lo que tales experiencias les han provocado, una vez han regresado. Y todo lo que ello implica. Y, con las experiencias cercanas a la muerte que en esta obra se explican, se aproxima con la misma profundidad a lo que realmente nos preocupa y en ocasiones nos atosiga: \u00bfHay vida despu\u00e9s de la muerte? \u00bfQu\u00e9 tipo de vida hay despu\u00e9s de la muerte? \u00bfSe puede volver del M\u00e1s All\u00e1? \u00bfExiste Dios? Y, si existe, \u00bfc\u00f3mo es? Daido Shugen no solo divaga sobre una cuesti\u00f3n trascendental y trascendente, sino que nos narra y aporta hechos concretos que no dejar\u00e1n indiferente al lector. Y, en muchos casos y por unas u otras razones, este se ver\u00e1 reflejado en ellos. Pero Daido Shugen no pretende convencer a nadie. Es su testimonio. Y que cada cual piense lo que considere.","og_url":"https:\/\/letrame.com\/catalogo\/producto\/volver-del-mas-alla\/","og_site_name":"Catalogo | Letrame Grupo Editorial","article_modified_time":"2024-04-29T13:27:18+00:00","og_image":[{"width":601,"height":881,"url":"https:\/\/letrame.com\/catalogo\/wp-content\/uploads\/2024\/04\/web_portada_volverdelmasalla_1333mm-compressed.jpg","type":"image\/jpeg"}],"twitter_card":"summary_large_image","twitter_misc":{"Tiempo de lectura":"1 minuto"},"schema":{"@context":"https:\/\/schema.org","@graph":[{"@type":"WebPage","@id":"https:\/\/letrame.com\/catalogo\/producto\/volver-del-mas-alla\/","url":"https:\/\/letrame.com\/catalogo\/producto\/volver-del-mas-alla\/","name":"Volver del m\u00e1s all\u00e1 - Catalogo | Letrame Grupo Editorial","isPartOf":{"@id":"https:\/\/letrame.com\/catalogo\/#website"},"primaryImageOfPage":{"@id":"https:\/\/letrame.com\/catalogo\/producto\/volver-del-mas-alla\/#primaryimage"},"image":{"@id":"https:\/\/letrame.com\/catalogo\/producto\/volver-del-mas-alla\/#primaryimage"},"thumbnailUrl":"https:\/\/letrame.com\/catalogo\/wp-content\/uploads\/2024\/04\/web_portada_volverdelmasalla_1333mm-compressed.jpg","datePublished":"2024-04-29T13:27:14+00:00","dateModified":"2024-04-29T13:27:18+00:00","breadcrumb":{"@id":"https:\/\/letrame.com\/catalogo\/producto\/volver-del-mas-alla\/#breadcrumb"},"inLanguage":"es","potentialAction":[{"@type":"ReadAction","target":["https:\/\/letrame.com\/catalogo\/producto\/volver-del-mas-alla\/"]}]},{"@type":"ImageObject","inLanguage":"es","@id":"https:\/\/letrame.com\/catalogo\/producto\/volver-del-mas-alla\/#primaryimage","url":"https:\/\/letrame.com\/catalogo\/wp-content\/uploads\/2024\/04\/web_portada_volverdelmasalla_1333mm-compressed.jpg","contentUrl":"https:\/\/letrame.com\/catalogo\/wp-content\/uploads\/2024\/04\/web_portada_volverdelmasalla_1333mm-compressed.jpg","width":601,"height":881},{"@type":"BreadcrumbList","@id":"https:\/\/letrame.com\/catalogo\/producto\/volver-del-mas-alla\/#breadcrumb","itemListElement":[{"@type":"ListItem","position":1,"name":"Portada","item":"https:\/\/letrame.com\/catalogo\/"},{"@type":"ListItem","position":2,"name":"Cat\u00e1logo","item":"https:\/\/letrame.com\/catalogo\/"},{"@type":"ListItem","position":3,"name":"Volver del m\u00e1s all\u00e1"}]},{"@type":"WebSite","@id":"https:\/\/letrame.com\/catalogo\/#website","url":"https:\/\/letrame.com\/catalogo\/","name":"Catalogo | Letrame Grupo Editorial","description":"","publisher":{"@id":"https:\/\/letrame.com\/catalogo\/#organization"},"potentialAction":[{"@type":"SearchAction","target":{"@type":"EntryPoint","urlTemplate":"https:\/\/letrame.com\/catalogo\/?s={search_term_string}"},"query-input":{"@type":"PropertyValueSpecification","valueRequired":true,"valueName":"search_term_string"}}],"inLanguage":"es"},{"@type":"Organization","@id":"https:\/\/letrame.com\/catalogo\/#organization","name":"Catalogo | Letrame Grupo Editorial","url":"https:\/\/letrame.com\/catalogo\/","logo":{"@type":"ImageObject","inLanguage":"es","@id":"https:\/\/letrame.com\/catalogo\/#\/schema\/logo\/image\/","url":"https:\/\/letrame.com\/catalogo\/wp-content\/uploads\/2024\/03\/logo2.webp","contentUrl":"https:\/\/letrame.com\/catalogo\/wp-content\/uploads\/2024\/03\/logo2.webp","width":394,"height":128,"caption":"Catalogo | Letrame Grupo Editorial"},"image":{"@id":"https:\/\/letrame.com\/catalogo\/#\/schema\/logo\/image\/"}}]}},"_links":{"self":[{"href":"https:\/\/letrame.com\/catalogo\/wp-json\/wp\/v2\/product\/98885","targetHints":{"allow":["GET"]}}],"collection":[{"href":"https:\/\/letrame.com\/catalogo\/wp-json\/wp\/v2\/product"}],"about":[{"href":"https:\/\/letrame.com\/catalogo\/wp-json\/wp\/v2\/types\/product"}],"replies":[{"embeddable":true,"href":"https:\/\/letrame.com\/catalogo\/wp-json\/wp\/v2\/comments?post=98885"}],"acf:post":[{"embeddable":true,"href":"https:\/\/letrame.com\/catalogo\/wp-json\/wp\/v2\/author_book\/77298"}],"wp:featuredmedia":[{"embeddable":true,"href":"https:\/\/letrame.com\/catalogo\/wp-json\/wp\/v2\/media\/98886"}],"wp:attachment":[{"href":"https:\/\/letrame.com\/catalogo\/wp-json\/wp\/v2\/media?parent=98885"}],"wp:term":[{"taxonomy":"libro","embeddable":true,"href":"https:\/\/letrame.com\/catalogo\/wp-json\/wp\/v2\/libro?post=98885"},{"taxonomy":"product_brand","embeddable":true,"href":"https:\/\/letrame.com\/catalogo\/wp-json\/wp\/v2\/product_brand?post=98885"},{"taxonomy":"product_cat","embeddable":true,"href":"https:\/\/letrame.com\/catalogo\/wp-json\/wp\/v2\/product_cat?post=98885"},{"taxonomy":"product_tag","embeddable":true,"href":"https:\/\/letrame.com\/catalogo\/wp-json\/wp\/v2\/product_tag?post=98885"}],"curies":[{"name":"wp","href":"https:\/\/api.w.org\/{rel}","templated":true}]}}