{"id":98883,"date":"2024-04-29T15:27:14","date_gmt":"2024-04-29T13:27:14","guid":{"rendered":"https:\/\/letrame.com\/catalogo\/producto\/viviendo-sin-ti\/"},"modified":"2024-04-29T15:27:15","modified_gmt":"2024-04-29T13:27:15","slug":"viviendo-sin-ti","status":"publish","type":"product","link":"https:\/\/letrame.com\/catalogo\/producto\/viviendo-sin-ti\/","title":{"rendered":"Viviendo sin ti"},"content":{"rendered":"<p><strong>ISBN<\/strong>: 978-84-1144-998-4<\/p>\n<p><strong>T\u00edtulo<\/strong>: Viviendo sin ti<br \/>\n<strong>Fecha<\/strong>: 2023<br \/>\n<strong>P\u00e1ginas<\/strong>: 210<\/p>\n<p><strong>SINOPSIS<\/strong><\/p>\n<p>Una biograf\u00eda sin miedo que lleva al interior de toda una vida, para revivir sin temor todos los acontecimientos que marcaron un antes y un despu\u00e9s en mi vida.<\/p>\n<p>Los diferentes surcos en mi coraz\u00f3n han hecho de m\u00ed una capa de fortaleza impenetrable pero capaz de afrontar la vida con amor y pasi\u00f3n.<\/p>\n<p>La vida me ha hablado muchas veces, y entender lo que me dec\u00eda me ha servido para afrontar todas y cada una de las situaciones de mi vida, el budismo ha sido la herramienta que me ha hecho cargarme de amor y paciencia.<\/p>\n<p>Aqu\u00ed explico toda una vida desde que tengo consciencia hasta este 2023 en el que he tenido que dar un cambio de 180 grados a mi vida, el segundo que doy en menos de dos a\u00f1os. Hago un repaso a todos mis ciclos y explico mis experiencias laborales en los Mossos d\u2019Esquadra que ha sido un conjunto de palos en las ruedas y un techo de cristal y suelos resbaladizos desde el a\u00f1o 2012, todo esto lo intento desquebrajar en este libro.<\/p>\n<p>&nbsp;<\/p>\n","protected":false},"excerpt":{"rendered":"<p><strong>ISBN<\/strong>: 978-84-1144-998-4<\/p>\n<p><strong>SINOPSIS<\/strong><\/p>\n<p>Una biograf\u00eda sin miedo que lleva al interior de toda una vida, para revivir sin temor todos los acontecimientos que marcaron un antes y un despu\u00e9s en mi vida.<\/p>\n<p>Los diferentes surcos en mi coraz\u00f3n han hecho de m\u00ed una capa de fortaleza impenetrable pero capaz de afrontar la vida con amor y pasi\u00f3n.<\/p>\n<p>La vida me ha hablado muchas veces, y entender lo que me dec\u00eda me ha servido para afrontar todas y cada una de las situaciones de mi vida, el budismo ha sido la herramienta que me ha hecho cargarme de amor y paciencia.<\/p>\n<p>Aqu\u00ed explico toda una vida desde que tengo consciencia hasta este 2023 en el que he tenido que dar un cambio de 180 grados a mi vida, el segundo que doy en menos de dos a\u00f1os. Hago un repaso a todos mis ciclos y explico mis experiencias laborales en los Mossos d\u2019Esquadra que ha sido un conjunto de palos en las ruedas y un techo de cristal y suelos resbaladizos desde el a\u00f1o 2012, todo esto lo intento desquebrajar en este libro.<\/p>\n","protected":false},"featured_media":98884,"comment_status":"closed","ping_status":"open","template":"","meta":{"_acf_changed":false},"libro":[],"product_brand":[],"product_cat":[26],"product_tag":[],"class_list":{"0":"post-98883","1":"product","2":"type-product","3":"status-publish","4":"has-post-thumbnail","6":"product_cat-sin-categoria","8":"first","9":"instock","10":"product-type-simple"},"acf":{"autor":[77296],"enlace_de_compra":"https:\/\/www.amazon.es\/Viviendo-sin-sue%C3%B1es-vida-sue%C3%B1o\/dp\/841144998X\/"},"yoast_head":"<!-- This site is optimized with the Yoast SEO plugin v27.4 - https:\/\/yoast.com\/product\/yoast-seo-wordpress\/ -->\n<title>Viviendo sin ti - Catalogo | Letrame Grupo Editorial<\/title>\n<meta name=\"robots\" content=\"index, follow, max-snippet:-1, max-image-preview:large, max-video-preview:-1\" \/>\n<link rel=\"canonical\" href=\"https:\/\/letrame.com\/catalogo\/producto\/viviendo-sin-ti\/\" \/>\n<meta property=\"og:locale\" content=\"es_ES\" \/>\n<meta property=\"og:type\" content=\"article\" \/>\n<meta property=\"og:title\" content=\"Viviendo sin ti - Catalogo | Letrame Grupo Editorial\" \/>\n<meta property=\"og:description\" content=\"ISBN: 978-84-1144-998-4 SINOPSIS Una biograf\u00eda sin miedo que lleva al interior de toda una vida, para revivir sin temor todos los acontecimientos que marcaron un antes y un despu\u00e9s en mi vida. Los diferentes surcos en mi coraz\u00f3n han hecho de m\u00ed una capa de fortaleza impenetrable pero capaz de afrontar la vida con amor y pasi\u00f3n. La vida me ha hablado muchas veces, y entender lo que me dec\u00eda me ha servido para afrontar todas y cada una de las situaciones de mi vida, el budismo ha sido la herramienta que me ha hecho cargarme de amor y paciencia. Aqu\u00ed explico toda una vida desde que tengo consciencia hasta este 2023 en el que he tenido que dar un cambio de 180 grados a mi vida, el segundo que doy en menos de dos a\u00f1os. Hago un repaso a todos mis ciclos y explico mis experiencias laborales en los Mossos d\u2019Esquadra que ha sido un conjunto de palos en las ruedas y un techo de cristal y suelos resbaladizos desde el a\u00f1o 2012, todo esto lo intento desquebrajar en este libro.\" \/>\n<meta property=\"og:url\" content=\"https:\/\/letrame.com\/catalogo\/producto\/viviendo-sin-ti\/\" \/>\n<meta property=\"og:site_name\" content=\"Catalogo | Letrame Grupo Editorial\" \/>\n<meta property=\"article:modified_time\" content=\"2024-04-29T13:27:15+00:00\" \/>\n<meta property=\"og:image\" content=\"https:\/\/letrame.com\/catalogo\/wp-content\/uploads\/2024\/04\/web_portadaviviendosinti_1076mm-compressed.jpg\" \/>\n\t<meta property=\"og:image:width\" content=\"601\" \/>\n\t<meta property=\"og:image:height\" content=\"881\" \/>\n\t<meta property=\"og:image:type\" content=\"image\/jpeg\" \/>\n<meta name=\"twitter:card\" content=\"summary_large_image\" \/>\n<meta name=\"twitter:label1\" content=\"Tiempo de lectura\" \/>\n\t<meta name=\"twitter:data1\" content=\"1 minuto\" \/>\n<script type=\"application\/ld+json\" class=\"yoast-schema-graph\">{\"@context\":\"https:\\\/\\\/schema.org\",\"@graph\":[{\"@type\":\"WebPage\",\"@id\":\"https:\\\/\\\/letrame.com\\\/catalogo\\\/producto\\\/viviendo-sin-ti\\\/\",\"url\":\"https:\\\/\\\/letrame.com\\\/catalogo\\\/producto\\\/viviendo-sin-ti\\\/\",\"name\":\"Viviendo sin ti - Catalogo | Letrame Grupo Editorial\",\"isPartOf\":{\"@id\":\"https:\\\/\\\/letrame.com\\\/catalogo\\\/#website\"},\"primaryImageOfPage\":{\"@id\":\"https:\\\/\\\/letrame.com\\\/catalogo\\\/producto\\\/viviendo-sin-ti\\\/#primaryimage\"},\"image\":{\"@id\":\"https:\\\/\\\/letrame.com\\\/catalogo\\\/producto\\\/viviendo-sin-ti\\\/#primaryimage\"},\"thumbnailUrl\":\"https:\\\/\\\/letrame.com\\\/catalogo\\\/wp-content\\\/uploads\\\/2024\\\/04\\\/web_portadaviviendosinti_1076mm-compressed.jpg\",\"datePublished\":\"2024-04-29T13:27:14+00:00\",\"dateModified\":\"2024-04-29T13:27:15+00:00\",\"breadcrumb\":{\"@id\":\"https:\\\/\\\/letrame.com\\\/catalogo\\\/producto\\\/viviendo-sin-ti\\\/#breadcrumb\"},\"inLanguage\":\"es\",\"potentialAction\":[{\"@type\":\"ReadAction\",\"target\":[\"https:\\\/\\\/letrame.com\\\/catalogo\\\/producto\\\/viviendo-sin-ti\\\/\"]}]},{\"@type\":\"ImageObject\",\"inLanguage\":\"es\",\"@id\":\"https:\\\/\\\/letrame.com\\\/catalogo\\\/producto\\\/viviendo-sin-ti\\\/#primaryimage\",\"url\":\"https:\\\/\\\/letrame.com\\\/catalogo\\\/wp-content\\\/uploads\\\/2024\\\/04\\\/web_portadaviviendosinti_1076mm-compressed.jpg\",\"contentUrl\":\"https:\\\/\\\/letrame.com\\\/catalogo\\\/wp-content\\\/uploads\\\/2024\\\/04\\\/web_portadaviviendosinti_1076mm-compressed.jpg\",\"width\":601,\"height\":881},{\"@type\":\"BreadcrumbList\",\"@id\":\"https:\\\/\\\/letrame.com\\\/catalogo\\\/producto\\\/viviendo-sin-ti\\\/#breadcrumb\",\"itemListElement\":[{\"@type\":\"ListItem\",\"position\":1,\"name\":\"Portada\",\"item\":\"https:\\\/\\\/letrame.com\\\/catalogo\\\/\"},{\"@type\":\"ListItem\",\"position\":2,\"name\":\"Cat\u00e1logo\",\"item\":\"https:\\\/\\\/letrame.com\\\/catalogo\\\/\"},{\"@type\":\"ListItem\",\"position\":3,\"name\":\"Viviendo sin ti\"}]},{\"@type\":\"WebSite\",\"@id\":\"https:\\\/\\\/letrame.com\\\/catalogo\\\/#website\",\"url\":\"https:\\\/\\\/letrame.com\\\/catalogo\\\/\",\"name\":\"Catalogo | Letrame Grupo Editorial\",\"description\":\"\",\"publisher\":{\"@id\":\"https:\\\/\\\/letrame.com\\\/catalogo\\\/#organization\"},\"potentialAction\":[{\"@type\":\"SearchAction\",\"target\":{\"@type\":\"EntryPoint\",\"urlTemplate\":\"https:\\\/\\\/letrame.com\\\/catalogo\\\/?s={search_term_string}\"},\"query-input\":{\"@type\":\"PropertyValueSpecification\",\"valueRequired\":true,\"valueName\":\"search_term_string\"}}],\"inLanguage\":\"es\"},{\"@type\":\"Organization\",\"@id\":\"https:\\\/\\\/letrame.com\\\/catalogo\\\/#organization\",\"name\":\"Catalogo | Letrame Grupo Editorial\",\"url\":\"https:\\\/\\\/letrame.com\\\/catalogo\\\/\",\"logo\":{\"@type\":\"ImageObject\",\"inLanguage\":\"es\",\"@id\":\"https:\\\/\\\/letrame.com\\\/catalogo\\\/#\\\/schema\\\/logo\\\/image\\\/\",\"url\":\"https:\\\/\\\/letrame.com\\\/catalogo\\\/wp-content\\\/uploads\\\/2024\\\/03\\\/logo2.webp\",\"contentUrl\":\"https:\\\/\\\/letrame.com\\\/catalogo\\\/wp-content\\\/uploads\\\/2024\\\/03\\\/logo2.webp\",\"width\":394,\"height\":128,\"caption\":\"Catalogo | Letrame Grupo Editorial\"},\"image\":{\"@id\":\"https:\\\/\\\/letrame.com\\\/catalogo\\\/#\\\/schema\\\/logo\\\/image\\\/\"}}]}<\/script>\n<!-- \/ Yoast SEO plugin. -->","yoast_head_json":{"title":"Viviendo sin ti - Catalogo | Letrame Grupo Editorial","robots":{"index":"index","follow":"follow","max-snippet":"max-snippet:-1","max-image-preview":"max-image-preview:large","max-video-preview":"max-video-preview:-1"},"canonical":"https:\/\/letrame.com\/catalogo\/producto\/viviendo-sin-ti\/","og_locale":"es_ES","og_type":"article","og_title":"Viviendo sin ti - Catalogo | Letrame Grupo Editorial","og_description":"ISBN: 978-84-1144-998-4 SINOPSIS Una biograf\u00eda sin miedo que lleva al interior de toda una vida, para revivir sin temor todos los acontecimientos que marcaron un antes y un despu\u00e9s en mi vida. Los diferentes surcos en mi coraz\u00f3n han hecho de m\u00ed una capa de fortaleza impenetrable pero capaz de afrontar la vida con amor y pasi\u00f3n. La vida me ha hablado muchas veces, y entender lo que me dec\u00eda me ha servido para afrontar todas y cada una de las situaciones de mi vida, el budismo ha sido la herramienta que me ha hecho cargarme de amor y paciencia. Aqu\u00ed explico toda una vida desde que tengo consciencia hasta este 2023 en el que he tenido que dar un cambio de 180 grados a mi vida, el segundo que doy en menos de dos a\u00f1os. Hago un repaso a todos mis ciclos y explico mis experiencias laborales en los Mossos d\u2019Esquadra que ha sido un conjunto de palos en las ruedas y un techo de cristal y suelos resbaladizos desde el a\u00f1o 2012, todo esto lo intento desquebrajar en este libro.","og_url":"https:\/\/letrame.com\/catalogo\/producto\/viviendo-sin-ti\/","og_site_name":"Catalogo | Letrame Grupo Editorial","article_modified_time":"2024-04-29T13:27:15+00:00","og_image":[{"width":601,"height":881,"url":"https:\/\/letrame.com\/catalogo\/wp-content\/uploads\/2024\/04\/web_portadaviviendosinti_1076mm-compressed.jpg","type":"image\/jpeg"}],"twitter_card":"summary_large_image","twitter_misc":{"Tiempo de lectura":"1 minuto"},"schema":{"@context":"https:\/\/schema.org","@graph":[{"@type":"WebPage","@id":"https:\/\/letrame.com\/catalogo\/producto\/viviendo-sin-ti\/","url":"https:\/\/letrame.com\/catalogo\/producto\/viviendo-sin-ti\/","name":"Viviendo sin ti - Catalogo | Letrame Grupo Editorial","isPartOf":{"@id":"https:\/\/letrame.com\/catalogo\/#website"},"primaryImageOfPage":{"@id":"https:\/\/letrame.com\/catalogo\/producto\/viviendo-sin-ti\/#primaryimage"},"image":{"@id":"https:\/\/letrame.com\/catalogo\/producto\/viviendo-sin-ti\/#primaryimage"},"thumbnailUrl":"https:\/\/letrame.com\/catalogo\/wp-content\/uploads\/2024\/04\/web_portadaviviendosinti_1076mm-compressed.jpg","datePublished":"2024-04-29T13:27:14+00:00","dateModified":"2024-04-29T13:27:15+00:00","breadcrumb":{"@id":"https:\/\/letrame.com\/catalogo\/producto\/viviendo-sin-ti\/#breadcrumb"},"inLanguage":"es","potentialAction":[{"@type":"ReadAction","target":["https:\/\/letrame.com\/catalogo\/producto\/viviendo-sin-ti\/"]}]},{"@type":"ImageObject","inLanguage":"es","@id":"https:\/\/letrame.com\/catalogo\/producto\/viviendo-sin-ti\/#primaryimage","url":"https:\/\/letrame.com\/catalogo\/wp-content\/uploads\/2024\/04\/web_portadaviviendosinti_1076mm-compressed.jpg","contentUrl":"https:\/\/letrame.com\/catalogo\/wp-content\/uploads\/2024\/04\/web_portadaviviendosinti_1076mm-compressed.jpg","width":601,"height":881},{"@type":"BreadcrumbList","@id":"https:\/\/letrame.com\/catalogo\/producto\/viviendo-sin-ti\/#breadcrumb","itemListElement":[{"@type":"ListItem","position":1,"name":"Portada","item":"https:\/\/letrame.com\/catalogo\/"},{"@type":"ListItem","position":2,"name":"Cat\u00e1logo","item":"https:\/\/letrame.com\/catalogo\/"},{"@type":"ListItem","position":3,"name":"Viviendo sin ti"}]},{"@type":"WebSite","@id":"https:\/\/letrame.com\/catalogo\/#website","url":"https:\/\/letrame.com\/catalogo\/","name":"Catalogo | Letrame Grupo Editorial","description":"","publisher":{"@id":"https:\/\/letrame.com\/catalogo\/#organization"},"potentialAction":[{"@type":"SearchAction","target":{"@type":"EntryPoint","urlTemplate":"https:\/\/letrame.com\/catalogo\/?s={search_term_string}"},"query-input":{"@type":"PropertyValueSpecification","valueRequired":true,"valueName":"search_term_string"}}],"inLanguage":"es"},{"@type":"Organization","@id":"https:\/\/letrame.com\/catalogo\/#organization","name":"Catalogo | Letrame Grupo Editorial","url":"https:\/\/letrame.com\/catalogo\/","logo":{"@type":"ImageObject","inLanguage":"es","@id":"https:\/\/letrame.com\/catalogo\/#\/schema\/logo\/image\/","url":"https:\/\/letrame.com\/catalogo\/wp-content\/uploads\/2024\/03\/logo2.webp","contentUrl":"https:\/\/letrame.com\/catalogo\/wp-content\/uploads\/2024\/03\/logo2.webp","width":394,"height":128,"caption":"Catalogo | Letrame Grupo Editorial"},"image":{"@id":"https:\/\/letrame.com\/catalogo\/#\/schema\/logo\/image\/"}}]}},"_links":{"self":[{"href":"https:\/\/letrame.com\/catalogo\/wp-json\/wp\/v2\/product\/98883","targetHints":{"allow":["GET"]}}],"collection":[{"href":"https:\/\/letrame.com\/catalogo\/wp-json\/wp\/v2\/product"}],"about":[{"href":"https:\/\/letrame.com\/catalogo\/wp-json\/wp\/v2\/types\/product"}],"replies":[{"embeddable":true,"href":"https:\/\/letrame.com\/catalogo\/wp-json\/wp\/v2\/comments?post=98883"}],"acf:post":[{"embeddable":true,"href":"https:\/\/letrame.com\/catalogo\/wp-json\/wp\/v2\/author_book\/77296"}],"wp:featuredmedia":[{"embeddable":true,"href":"https:\/\/letrame.com\/catalogo\/wp-json\/wp\/v2\/media\/98884"}],"wp:attachment":[{"href":"https:\/\/letrame.com\/catalogo\/wp-json\/wp\/v2\/media?parent=98883"}],"wp:term":[{"taxonomy":"libro","embeddable":true,"href":"https:\/\/letrame.com\/catalogo\/wp-json\/wp\/v2\/libro?post=98883"},{"taxonomy":"product_brand","embeddable":true,"href":"https:\/\/letrame.com\/catalogo\/wp-json\/wp\/v2\/product_brand?post=98883"},{"taxonomy":"product_cat","embeddable":true,"href":"https:\/\/letrame.com\/catalogo\/wp-json\/wp\/v2\/product_cat?post=98883"},{"taxonomy":"product_tag","embeddable":true,"href":"https:\/\/letrame.com\/catalogo\/wp-json\/wp\/v2\/product_tag?post=98883"}],"curies":[{"name":"wp","href":"https:\/\/api.w.org\/{rel}","templated":true}]}}