{"id":98881,"date":"2024-04-29T15:27:03","date_gmt":"2024-04-29T13:27:03","guid":{"rendered":"https:\/\/letrame.com\/catalogo\/producto\/inciensos-de-amor\/"},"modified":"2024-04-29T15:27:11","modified_gmt":"2024-04-29T13:27:11","slug":"inciensos-de-amor","status":"publish","type":"product","link":"https:\/\/letrame.com\/catalogo\/producto\/inciensos-de-amor\/","title":{"rendered":"Inciensos de amor"},"content":{"rendered":"<p><strong>ISBN<\/strong>: 978-84-1144-800-0<\/p>\n<p><strong>T\u00edtulo<\/strong>: <span data-sheets-value=\"{&quot;1&quot;:2,&quot;2&quot;:&quot;Inciensos de amor&quot;}\" data-sheets-userformat=\"{&quot;2&quot;:515,&quot;3&quot;:{&quot;1&quot;:0},&quot;4&quot;:{&quot;1&quot;:2,&quot;2&quot;:14281427},&quot;12&quot;:0}\">Inciensos de amor<\/span><br \/>\n<strong>Fecha<\/strong>: 2023<br \/>\n<strong>P\u00e1ginas<\/strong>: 208<\/p>\n<p><strong>SINOPSIS<\/strong><\/p>\n<p>Este libro est\u00e1 dedicado a personas que anhelen paz, felicidad y prosperidad en todos los aspectos de su vida espiritual, sentimental y material. El saber perfecto de este mundo que nos rodea es la clave para no seguir siendo esclavos del sistema perverso global.\u00a0 La edificaci\u00f3n, guianza y transformaci\u00f3n de la vida de los seres humanos, llevando a las almas a un nivel elevado de conciencia hacia la verdad del <em><u>amor universal de Jesucristo nuestro Dios,<\/u> <\/em>es el objetivo real de <em>Inciensos de Amor. <\/em><\/p>\n<p>El Dios que expongo en este libro es el creador del universo y de toda la tierra. Fue el Supremo Hacedor quien dio vida a las constelaciones, al ser humano, a la naturaleza y a las leyes; y tiene el control de toda ciencia y riquezas del mundo. Este Ser llamado Jesucristo, Hijo nacido de Mar\u00eda y del Esp\u00edritu Santo, hizo un pacto con Dios y se hizo carne para ponerse en el nivel de vida del ser humano. Pagando as\u00ed nuestros pecados con su sangre en la cruz del calvario. Resucit\u00f3 con el poder de su gloria de entre los muertos. Vive, se manifiesta y habla al ser humano por los siglos de los siglos.<\/p>\n","protected":false},"excerpt":{"rendered":"<p><strong>ISBN<\/strong>: 978-84-1144-800-0<\/p>\n<p><strong>SINOPSIS<\/strong><\/p>\n<p>Este libro est\u00e1 dedicado a personas que anhelen paz, felicidad y prosperidad en todos los aspectos de su vida espiritual, sentimental y material. El saber perfecto de este mundo que nos rodea es la clave para no seguir siendo esclavos del sistema perverso global.\u00a0 La edificaci\u00f3n, guianza y transformaci\u00f3n de la vida de los seres humanos, llevando a las almas a un nivel elevado de conciencia hacia la verdad del <em><u>amor universal de Jesucristo nuestro Dios,<\/u> <\/em>es el objetivo real de <em>Inciensos de Amor. <\/em><\/p>\n<p>El Dios que expongo en este libro es el creador del universo y de toda la tierra. Fue el Supremo Hacedor quien dio vida a las constelaciones, al ser humano, a la naturaleza y a las leyes; y tiene el control de toda ciencia y riquezas del mundo. Este Ser llamado Jesucristo, Hijo nacido de Mar\u00eda y del Esp\u00edritu Santo, hizo un pacto con Dios y se hizo carne para ponerse en el nivel de vida del ser humano. Pagando as\u00ed nuestros pecados con su sangre en la cruz del calvario. Resucit\u00f3 con el poder de su gloria de entre los muertos. Vive, se manifiesta y habla al ser humano por los siglos de los siglos.<\/p>\n","protected":false},"featured_media":98882,"comment_status":"closed","ping_status":"open","template":"","meta":{"_acf_changed":false},"libro":[],"product_brand":[],"product_cat":[26],"product_tag":[],"class_list":{"0":"post-98881","1":"product","2":"type-product","3":"status-publish","4":"has-post-thumbnail","6":"product_cat-sin-categoria","8":"first","9":"instock","10":"purchasable","11":"product-type-simple"},"acf":{"autor":[77294],"enlace_de_compra":""},"yoast_head":"<!-- This site is optimized with the Yoast SEO plugin v27.4 - https:\/\/yoast.com\/product\/yoast-seo-wordpress\/ -->\n<title>Inciensos de amor - Catalogo | Letrame Grupo Editorial<\/title>\n<meta name=\"robots\" content=\"index, follow, max-snippet:-1, max-image-preview:large, max-video-preview:-1\" \/>\n<link rel=\"canonical\" href=\"https:\/\/letrame.com\/catalogo\/producto\/inciensos-de-amor\/\" \/>\n<meta property=\"og:locale\" content=\"es_ES\" \/>\n<meta property=\"og:type\" content=\"article\" \/>\n<meta property=\"og:title\" content=\"Inciensos de amor - Catalogo | Letrame Grupo Editorial\" \/>\n<meta property=\"og:description\" content=\"ISBN: 978-84-1144-800-0 SINOPSIS Este libro est\u00e1 dedicado a personas que anhelen paz, felicidad y prosperidad en todos los aspectos de su vida espiritual, sentimental y material. El saber perfecto de este mundo que nos rodea es la clave para no seguir siendo esclavos del sistema perverso global.\u00a0 La edificaci\u00f3n, guianza y transformaci\u00f3n de la vida de los seres humanos, llevando a las almas a un nivel elevado de conciencia hacia la verdad del amor universal de Jesucristo nuestro Dios, es el objetivo real de Inciensos de Amor.  El Dios que expongo en este libro es el creador del universo y de toda la tierra. Fue el Supremo Hacedor quien dio vida a las constelaciones, al ser humano, a la naturaleza y a las leyes; y tiene el control de toda ciencia y riquezas del mundo. Este Ser llamado Jesucristo, Hijo nacido de Mar\u00eda y del Esp\u00edritu Santo, hizo un pacto con Dios y se hizo carne para ponerse en el nivel de vida del ser humano. Pagando as\u00ed nuestros pecados con su sangre en la cruz del calvario. Resucit\u00f3 con el poder de su gloria de entre los muertos. Vive, se manifiesta y habla al ser humano por los siglos de los siglos.\" \/>\n<meta property=\"og:url\" content=\"https:\/\/letrame.com\/catalogo\/producto\/inciensos-de-amor\/\" \/>\n<meta property=\"og:site_name\" content=\"Catalogo | Letrame Grupo Editorial\" \/>\n<meta property=\"article:modified_time\" content=\"2024-04-29T13:27:11+00:00\" \/>\n<meta property=\"og:image\" content=\"https:\/\/letrame.com\/catalogo\/wp-content\/uploads\/2024\/04\/web_portadaInciensosdeamor_1066mm-compressed.jpg\" \/>\n\t<meta property=\"og:image:width\" content=\"601\" \/>\n\t<meta property=\"og:image:height\" content=\"881\" \/>\n\t<meta property=\"og:image:type\" content=\"image\/jpeg\" \/>\n<meta name=\"twitter:card\" content=\"summary_large_image\" \/>\n<meta name=\"twitter:label1\" content=\"Tiempo de lectura\" \/>\n\t<meta name=\"twitter:data1\" content=\"1 minuto\" \/>\n<script type=\"application\/ld+json\" class=\"yoast-schema-graph\">{\"@context\":\"https:\\\/\\\/schema.org\",\"@graph\":[{\"@type\":\"WebPage\",\"@id\":\"https:\\\/\\\/letrame.com\\\/catalogo\\\/producto\\\/inciensos-de-amor\\\/\",\"url\":\"https:\\\/\\\/letrame.com\\\/catalogo\\\/producto\\\/inciensos-de-amor\\\/\",\"name\":\"Inciensos de amor - Catalogo | Letrame Grupo Editorial\",\"isPartOf\":{\"@id\":\"https:\\\/\\\/letrame.com\\\/catalogo\\\/#website\"},\"primaryImageOfPage\":{\"@id\":\"https:\\\/\\\/letrame.com\\\/catalogo\\\/producto\\\/inciensos-de-amor\\\/#primaryimage\"},\"image\":{\"@id\":\"https:\\\/\\\/letrame.com\\\/catalogo\\\/producto\\\/inciensos-de-amor\\\/#primaryimage\"},\"thumbnailUrl\":\"https:\\\/\\\/letrame.com\\\/catalogo\\\/wp-content\\\/uploads\\\/2024\\\/04\\\/web_portadaInciensosdeamor_1066mm-compressed.jpg\",\"datePublished\":\"2024-04-29T13:27:03+00:00\",\"dateModified\":\"2024-04-29T13:27:11+00:00\",\"breadcrumb\":{\"@id\":\"https:\\\/\\\/letrame.com\\\/catalogo\\\/producto\\\/inciensos-de-amor\\\/#breadcrumb\"},\"inLanguage\":\"es\",\"potentialAction\":[{\"@type\":\"ReadAction\",\"target\":[\"https:\\\/\\\/letrame.com\\\/catalogo\\\/producto\\\/inciensos-de-amor\\\/\"]}]},{\"@type\":\"ImageObject\",\"inLanguage\":\"es\",\"@id\":\"https:\\\/\\\/letrame.com\\\/catalogo\\\/producto\\\/inciensos-de-amor\\\/#primaryimage\",\"url\":\"https:\\\/\\\/letrame.com\\\/catalogo\\\/wp-content\\\/uploads\\\/2024\\\/04\\\/web_portadaInciensosdeamor_1066mm-compressed.jpg\",\"contentUrl\":\"https:\\\/\\\/letrame.com\\\/catalogo\\\/wp-content\\\/uploads\\\/2024\\\/04\\\/web_portadaInciensosdeamor_1066mm-compressed.jpg\",\"width\":601,\"height\":881},{\"@type\":\"BreadcrumbList\",\"@id\":\"https:\\\/\\\/letrame.com\\\/catalogo\\\/producto\\\/inciensos-de-amor\\\/#breadcrumb\",\"itemListElement\":[{\"@type\":\"ListItem\",\"position\":1,\"name\":\"Portada\",\"item\":\"https:\\\/\\\/letrame.com\\\/catalogo\\\/\"},{\"@type\":\"ListItem\",\"position\":2,\"name\":\"Cat\u00e1logo\",\"item\":\"https:\\\/\\\/letrame.com\\\/catalogo\\\/\"},{\"@type\":\"ListItem\",\"position\":3,\"name\":\"Inciensos de amor\"}]},{\"@type\":\"WebSite\",\"@id\":\"https:\\\/\\\/letrame.com\\\/catalogo\\\/#website\",\"url\":\"https:\\\/\\\/letrame.com\\\/catalogo\\\/\",\"name\":\"Catalogo | Letrame Grupo Editorial\",\"description\":\"\",\"publisher\":{\"@id\":\"https:\\\/\\\/letrame.com\\\/catalogo\\\/#organization\"},\"potentialAction\":[{\"@type\":\"SearchAction\",\"target\":{\"@type\":\"EntryPoint\",\"urlTemplate\":\"https:\\\/\\\/letrame.com\\\/catalogo\\\/?s={search_term_string}\"},\"query-input\":{\"@type\":\"PropertyValueSpecification\",\"valueRequired\":true,\"valueName\":\"search_term_string\"}}],\"inLanguage\":\"es\"},{\"@type\":\"Organization\",\"@id\":\"https:\\\/\\\/letrame.com\\\/catalogo\\\/#organization\",\"name\":\"Catalogo | Letrame Grupo Editorial\",\"url\":\"https:\\\/\\\/letrame.com\\\/catalogo\\\/\",\"logo\":{\"@type\":\"ImageObject\",\"inLanguage\":\"es\",\"@id\":\"https:\\\/\\\/letrame.com\\\/catalogo\\\/#\\\/schema\\\/logo\\\/image\\\/\",\"url\":\"https:\\\/\\\/letrame.com\\\/catalogo\\\/wp-content\\\/uploads\\\/2024\\\/03\\\/logo2.webp\",\"contentUrl\":\"https:\\\/\\\/letrame.com\\\/catalogo\\\/wp-content\\\/uploads\\\/2024\\\/03\\\/logo2.webp\",\"width\":394,\"height\":128,\"caption\":\"Catalogo | Letrame Grupo Editorial\"},\"image\":{\"@id\":\"https:\\\/\\\/letrame.com\\\/catalogo\\\/#\\\/schema\\\/logo\\\/image\\\/\"}}]}<\/script>\n<!-- \/ Yoast SEO plugin. -->","yoast_head_json":{"title":"Inciensos de amor - Catalogo | Letrame Grupo Editorial","robots":{"index":"index","follow":"follow","max-snippet":"max-snippet:-1","max-image-preview":"max-image-preview:large","max-video-preview":"max-video-preview:-1"},"canonical":"https:\/\/letrame.com\/catalogo\/producto\/inciensos-de-amor\/","og_locale":"es_ES","og_type":"article","og_title":"Inciensos de amor - Catalogo | Letrame Grupo Editorial","og_description":"ISBN: 978-84-1144-800-0 SINOPSIS Este libro est\u00e1 dedicado a personas que anhelen paz, felicidad y prosperidad en todos los aspectos de su vida espiritual, sentimental y material. El saber perfecto de este mundo que nos rodea es la clave para no seguir siendo esclavos del sistema perverso global.\u00a0 La edificaci\u00f3n, guianza y transformaci\u00f3n de la vida de los seres humanos, llevando a las almas a un nivel elevado de conciencia hacia la verdad del amor universal de Jesucristo nuestro Dios, es el objetivo real de Inciensos de Amor.  El Dios que expongo en este libro es el creador del universo y de toda la tierra. Fue el Supremo Hacedor quien dio vida a las constelaciones, al ser humano, a la naturaleza y a las leyes; y tiene el control de toda ciencia y riquezas del mundo. Este Ser llamado Jesucristo, Hijo nacido de Mar\u00eda y del Esp\u00edritu Santo, hizo un pacto con Dios y se hizo carne para ponerse en el nivel de vida del ser humano. Pagando as\u00ed nuestros pecados con su sangre en la cruz del calvario. Resucit\u00f3 con el poder de su gloria de entre los muertos. Vive, se manifiesta y habla al ser humano por los siglos de los siglos.","og_url":"https:\/\/letrame.com\/catalogo\/producto\/inciensos-de-amor\/","og_site_name":"Catalogo | Letrame Grupo Editorial","article_modified_time":"2024-04-29T13:27:11+00:00","og_image":[{"width":601,"height":881,"url":"https:\/\/letrame.com\/catalogo\/wp-content\/uploads\/2024\/04\/web_portadaInciensosdeamor_1066mm-compressed.jpg","type":"image\/jpeg"}],"twitter_card":"summary_large_image","twitter_misc":{"Tiempo de lectura":"1 minuto"},"schema":{"@context":"https:\/\/schema.org","@graph":[{"@type":"WebPage","@id":"https:\/\/letrame.com\/catalogo\/producto\/inciensos-de-amor\/","url":"https:\/\/letrame.com\/catalogo\/producto\/inciensos-de-amor\/","name":"Inciensos de amor - Catalogo | Letrame Grupo Editorial","isPartOf":{"@id":"https:\/\/letrame.com\/catalogo\/#website"},"primaryImageOfPage":{"@id":"https:\/\/letrame.com\/catalogo\/producto\/inciensos-de-amor\/#primaryimage"},"image":{"@id":"https:\/\/letrame.com\/catalogo\/producto\/inciensos-de-amor\/#primaryimage"},"thumbnailUrl":"https:\/\/letrame.com\/catalogo\/wp-content\/uploads\/2024\/04\/web_portadaInciensosdeamor_1066mm-compressed.jpg","datePublished":"2024-04-29T13:27:03+00:00","dateModified":"2024-04-29T13:27:11+00:00","breadcrumb":{"@id":"https:\/\/letrame.com\/catalogo\/producto\/inciensos-de-amor\/#breadcrumb"},"inLanguage":"es","potentialAction":[{"@type":"ReadAction","target":["https:\/\/letrame.com\/catalogo\/producto\/inciensos-de-amor\/"]}]},{"@type":"ImageObject","inLanguage":"es","@id":"https:\/\/letrame.com\/catalogo\/producto\/inciensos-de-amor\/#primaryimage","url":"https:\/\/letrame.com\/catalogo\/wp-content\/uploads\/2024\/04\/web_portadaInciensosdeamor_1066mm-compressed.jpg","contentUrl":"https:\/\/letrame.com\/catalogo\/wp-content\/uploads\/2024\/04\/web_portadaInciensosdeamor_1066mm-compressed.jpg","width":601,"height":881},{"@type":"BreadcrumbList","@id":"https:\/\/letrame.com\/catalogo\/producto\/inciensos-de-amor\/#breadcrumb","itemListElement":[{"@type":"ListItem","position":1,"name":"Portada","item":"https:\/\/letrame.com\/catalogo\/"},{"@type":"ListItem","position":2,"name":"Cat\u00e1logo","item":"https:\/\/letrame.com\/catalogo\/"},{"@type":"ListItem","position":3,"name":"Inciensos de amor"}]},{"@type":"WebSite","@id":"https:\/\/letrame.com\/catalogo\/#website","url":"https:\/\/letrame.com\/catalogo\/","name":"Catalogo | Letrame Grupo Editorial","description":"","publisher":{"@id":"https:\/\/letrame.com\/catalogo\/#organization"},"potentialAction":[{"@type":"SearchAction","target":{"@type":"EntryPoint","urlTemplate":"https:\/\/letrame.com\/catalogo\/?s={search_term_string}"},"query-input":{"@type":"PropertyValueSpecification","valueRequired":true,"valueName":"search_term_string"}}],"inLanguage":"es"},{"@type":"Organization","@id":"https:\/\/letrame.com\/catalogo\/#organization","name":"Catalogo | Letrame Grupo Editorial","url":"https:\/\/letrame.com\/catalogo\/","logo":{"@type":"ImageObject","inLanguage":"es","@id":"https:\/\/letrame.com\/catalogo\/#\/schema\/logo\/image\/","url":"https:\/\/letrame.com\/catalogo\/wp-content\/uploads\/2024\/03\/logo2.webp","contentUrl":"https:\/\/letrame.com\/catalogo\/wp-content\/uploads\/2024\/03\/logo2.webp","width":394,"height":128,"caption":"Catalogo | Letrame Grupo Editorial"},"image":{"@id":"https:\/\/letrame.com\/catalogo\/#\/schema\/logo\/image\/"}}]}},"_links":{"self":[{"href":"https:\/\/letrame.com\/catalogo\/wp-json\/wp\/v2\/product\/98881","targetHints":{"allow":["GET"]}}],"collection":[{"href":"https:\/\/letrame.com\/catalogo\/wp-json\/wp\/v2\/product"}],"about":[{"href":"https:\/\/letrame.com\/catalogo\/wp-json\/wp\/v2\/types\/product"}],"replies":[{"embeddable":true,"href":"https:\/\/letrame.com\/catalogo\/wp-json\/wp\/v2\/comments?post=98881"}],"acf:post":[{"embeddable":true,"href":"https:\/\/letrame.com\/catalogo\/wp-json\/wp\/v2\/author_book\/77294"}],"wp:featuredmedia":[{"embeddable":true,"href":"https:\/\/letrame.com\/catalogo\/wp-json\/wp\/v2\/media\/98882"}],"wp:attachment":[{"href":"https:\/\/letrame.com\/catalogo\/wp-json\/wp\/v2\/media?parent=98881"}],"wp:term":[{"taxonomy":"libro","embeddable":true,"href":"https:\/\/letrame.com\/catalogo\/wp-json\/wp\/v2\/libro?post=98881"},{"taxonomy":"product_brand","embeddable":true,"href":"https:\/\/letrame.com\/catalogo\/wp-json\/wp\/v2\/product_brand?post=98881"},{"taxonomy":"product_cat","embeddable":true,"href":"https:\/\/letrame.com\/catalogo\/wp-json\/wp\/v2\/product_cat?post=98881"},{"taxonomy":"product_tag","embeddable":true,"href":"https:\/\/letrame.com\/catalogo\/wp-json\/wp\/v2\/product_tag?post=98881"}],"curies":[{"name":"wp","href":"https:\/\/api.w.org\/{rel}","templated":true}]}}