{"id":98875,"date":"2024-04-29T15:26:53","date_gmt":"2024-04-29T13:26:53","guid":{"rendered":"https:\/\/letrame.com\/catalogo\/producto\/seguridad-analisis-de-riesgo-y-control-de-accesos\/"},"modified":"2024-04-29T15:26:59","modified_gmt":"2024-04-29T13:26:59","slug":"seguridad-analisis-de-riesgo-y-control-de-accesos","status":"publish","type":"product","link":"https:\/\/letrame.com\/catalogo\/producto\/seguridad-analisis-de-riesgo-y-control-de-accesos\/","title":{"rendered":"Seguridad, Analisis de Riesgo y Control de Accesos"},"content":{"rendered":"<p><strong>ISBN<\/strong>: 978-84-1144-930-4<\/p>\n<p><strong>T\u00edtulo<\/strong>: <span data-sheets-value=\"{&quot;1&quot;:2,&quot;2&quot;:&quot;Seguridad, Analisis de Riesgo y Control de Accesos&quot;}\" data-sheets-userformat=\"{&quot;2&quot;:515,&quot;3&quot;:{&quot;1&quot;:0},&quot;4&quot;:{&quot;1&quot;:2,&quot;2&quot;:14281427},&quot;12&quot;:0}\">Seguridad, Analisis de Riesgo y Control de Accesos<\/span><br \/>\n<strong>Fecha<\/strong>: 2023<br \/>\n<strong>P\u00e1ginas<\/strong>: 72<\/p>\n<p><strong>SINOPSIS<\/strong><\/p>\n<p>\u00a1Robo hist\u00f3rico! Comando armado se lleva 20 contendedores con oro y plata en Manzanillo, por Elizabeth Ibal de fecha 12 de junio de 2022, para el diario <em>El Occidental<\/em> (Jalisco, M\u00e9xico). Asesinan a presunto trabajador de aduanas sobre la carretera M\u00e9xico-Tulalcingo, por Juan Manuel Camacho de fecha\u00a0 19 de mayo de 2022, para el diario <em>Milenio<\/em> (M\u00e9xico). Usan drones para Robar en Sonterra, por Waldo Maya de fecha 28 de noviembre de 2022, para el <em>Diario de Quer\u00e9taro<\/em> (M\u00e9xico).<\/p>\n<p>Aunque parecen titulares que ver\u00edamos en pel\u00edculas de acci\u00f3n, son hechos reales que acontecieron en diferentes puntos de M\u00e9xico y que afectan tanto a empresas, empleados de gobierno y personas comunes como t\u00fa o yo, estas situaciones nos obligan a plantearnos, \u00bfde qu\u00e9 manera podemos hacer frente a estas situaciones que nos producen un estado de inseguridad?<\/p>\n<p>Perm\u00edteme compartir mi experiencia y llevarte en viaje a trav\u00e9s de este libro para conocer el funcionamiento de las c\u00e9lulas delictivas y comprender de una manera sencilla los est\u00e1ndares internacionales de seguridad que podemos implementar de forma simple en nuestro d\u00eda a d\u00eda evitando situaciones que pongan en riesgo nuestra seguridad personal, la de nuestra familia, patrimonio y\/o empresas.<\/p>\n","protected":false},"excerpt":{"rendered":"<p><strong>ISBN<\/strong>: 978-84-1144-930-4<\/p>\n<p><strong>SINOPSIS<\/strong><\/p>\n<p>\u00a1Robo hist\u00f3rico! Comando armado se lleva 20 contendedores con oro y plata en Manzanillo, por Elizabeth Ibal de fecha 12 de junio de 2022, para el diario <em>El Occidental<\/em> (Jalisco, M\u00e9xico). Asesinan a presunto trabajador de aduanas sobre la carretera M\u00e9xico-Tulalcingo, por Juan Manuel Camacho de fecha\u00a0 19 de mayo de 2022, para el diario <em>Milenio<\/em> (M\u00e9xico). Usan drones para Robar en Sonterra, por Waldo Maya de fecha 28 de noviembre de 2022, para el <em>Diario de Quer\u00e9taro<\/em> (M\u00e9xico).<\/p>\n<p>Aunque parecen titulares que ver\u00edamos en pel\u00edculas de acci\u00f3n, son hechos reales que acontecieron en diferentes puntos de M\u00e9xico y que afectan tanto a empresas, empleados de gobierno y personas comunes como t\u00fa o yo, estas situaciones nos obligan a plantearnos, \u00bfde qu\u00e9 manera podemos hacer frente a estas situaciones que nos producen un estado de inseguridad?<\/p>\n<p>Perm\u00edteme compartir mi experiencia y llevarte en viaje a trav\u00e9s de este libro para conocer el funcionamiento de las c\u00e9lulas delictivas y comprender de una manera sencilla los est\u00e1ndares internacionales de seguridad que podemos implementar de forma simple en nuestro d\u00eda a d\u00eda evitando situaciones que pongan en riesgo nuestra seguridad personal, la de nuestra familia, patrimonio y\/o empresas.<\/p>\n","protected":false},"featured_media":98876,"comment_status":"closed","ping_status":"open","template":"","meta":{"_acf_changed":false},"libro":[],"product_brand":[],"product_cat":[26],"product_tag":[],"class_list":{"0":"post-98875","1":"product","2":"type-product","3":"status-publish","4":"has-post-thumbnail","6":"product_cat-sin-categoria","8":"first","9":"instock","10":"product-type-simple"},"acf":{"autor":[77289],"enlace_de_compra":""},"yoast_head":"<!-- This site is optimized with the Yoast SEO plugin v26.6 - https:\/\/yoast.com\/wordpress\/plugins\/seo\/ -->\n<title>Seguridad, Analisis de Riesgo y Control de Accesos - Catalogo | Letrame Grupo Editorial<\/title>\n<meta name=\"robots\" content=\"index, follow, max-snippet:-1, max-image-preview:large, max-video-preview:-1\" \/>\n<link rel=\"canonical\" href=\"https:\/\/letrame.com\/catalogo\/producto\/seguridad-analisis-de-riesgo-y-control-de-accesos\/\" \/>\n<meta property=\"og:locale\" content=\"es_ES\" \/>\n<meta property=\"og:type\" content=\"article\" \/>\n<meta property=\"og:title\" content=\"Seguridad, Analisis de Riesgo y Control de Accesos - Catalogo | Letrame Grupo Editorial\" \/>\n<meta property=\"og:description\" content=\"ISBN: 978-84-1144-930-4 SINOPSIS \u00a1Robo hist\u00f3rico! Comando armado se lleva 20 contendedores con oro y plata en Manzanillo, por Elizabeth Ibal de fecha 12 de junio de 2022, para el diario El Occidental (Jalisco, M\u00e9xico). Asesinan a presunto trabajador de aduanas sobre la carretera M\u00e9xico-Tulalcingo, por Juan Manuel Camacho de fecha\u00a0 19 de mayo de 2022, para el diario Milenio (M\u00e9xico). Usan drones para Robar en Sonterra, por Waldo Maya de fecha 28 de noviembre de 2022, para el Diario de Quer\u00e9taro (M\u00e9xico). Aunque parecen titulares que ver\u00edamos en pel\u00edculas de acci\u00f3n, son hechos reales que acontecieron en diferentes puntos de M\u00e9xico y que afectan tanto a empresas, empleados de gobierno y personas comunes como t\u00fa o yo, estas situaciones nos obligan a plantearnos, \u00bfde qu\u00e9 manera podemos hacer frente a estas situaciones que nos producen un estado de inseguridad? Perm\u00edteme compartir mi experiencia y llevarte en viaje a trav\u00e9s de este libro para conocer el funcionamiento de las c\u00e9lulas delictivas y comprender de una manera sencilla los est\u00e1ndares internacionales de seguridad que podemos implementar de forma simple en nuestro d\u00eda a d\u00eda evitando situaciones que pongan en riesgo nuestra seguridad personal, la de nuestra familia, patrimonio y\/o empresas.\" \/>\n<meta property=\"og:url\" content=\"https:\/\/letrame.com\/catalogo\/producto\/seguridad-analisis-de-riesgo-y-control-de-accesos\/\" \/>\n<meta property=\"og:site_name\" content=\"Catalogo | Letrame Grupo Editorial\" \/>\n<meta property=\"article:modified_time\" content=\"2024-04-29T13:26:59+00:00\" \/>\n<meta property=\"og:image\" content=\"https:\/\/letrame.com\/catalogo\/wp-content\/uploads\/2024\/04\/web_portada_seguridadanalisis_486mm-compressed.jpg\" \/>\n\t<meta property=\"og:image:width\" content=\"601\" \/>\n\t<meta property=\"og:image:height\" content=\"881\" \/>\n\t<meta property=\"og:image:type\" content=\"image\/jpeg\" \/>\n<meta name=\"twitter:card\" content=\"summary_large_image\" \/>\n<meta name=\"twitter:label1\" content=\"Tiempo de lectura\" \/>\n\t<meta name=\"twitter:data1\" content=\"1 minuto\" \/>\n<script type=\"application\/ld+json\" class=\"yoast-schema-graph\">{\"@context\":\"https:\/\/schema.org\",\"@graph\":[{\"@type\":\"WebPage\",\"@id\":\"https:\/\/letrame.com\/catalogo\/producto\/seguridad-analisis-de-riesgo-y-control-de-accesos\/\",\"url\":\"https:\/\/letrame.com\/catalogo\/producto\/seguridad-analisis-de-riesgo-y-control-de-accesos\/\",\"name\":\"Seguridad, Analisis de Riesgo y Control de Accesos - Catalogo | Letrame Grupo Editorial\",\"isPartOf\":{\"@id\":\"https:\/\/letrame.com\/catalogo\/#website\"},\"primaryImageOfPage\":{\"@id\":\"https:\/\/letrame.com\/catalogo\/producto\/seguridad-analisis-de-riesgo-y-control-de-accesos\/#primaryimage\"},\"image\":{\"@id\":\"https:\/\/letrame.com\/catalogo\/producto\/seguridad-analisis-de-riesgo-y-control-de-accesos\/#primaryimage\"},\"thumbnailUrl\":\"https:\/\/letrame.com\/catalogo\/wp-content\/uploads\/2024\/04\/web_portada_seguridadanalisis_486mm-compressed.jpg\",\"datePublished\":\"2024-04-29T13:26:53+00:00\",\"dateModified\":\"2024-04-29T13:26:59+00:00\",\"breadcrumb\":{\"@id\":\"https:\/\/letrame.com\/catalogo\/producto\/seguridad-analisis-de-riesgo-y-control-de-accesos\/#breadcrumb\"},\"inLanguage\":\"es\",\"potentialAction\":[{\"@type\":\"ReadAction\",\"target\":[\"https:\/\/letrame.com\/catalogo\/producto\/seguridad-analisis-de-riesgo-y-control-de-accesos\/\"]}]},{\"@type\":\"ImageObject\",\"inLanguage\":\"es\",\"@id\":\"https:\/\/letrame.com\/catalogo\/producto\/seguridad-analisis-de-riesgo-y-control-de-accesos\/#primaryimage\",\"url\":\"https:\/\/letrame.com\/catalogo\/wp-content\/uploads\/2024\/04\/web_portada_seguridadanalisis_486mm-compressed.jpg\",\"contentUrl\":\"https:\/\/letrame.com\/catalogo\/wp-content\/uploads\/2024\/04\/web_portada_seguridadanalisis_486mm-compressed.jpg\",\"width\":601,\"height\":881},{\"@type\":\"BreadcrumbList\",\"@id\":\"https:\/\/letrame.com\/catalogo\/producto\/seguridad-analisis-de-riesgo-y-control-de-accesos\/#breadcrumb\",\"itemListElement\":[{\"@type\":\"ListItem\",\"position\":1,\"name\":\"Portada\",\"item\":\"https:\/\/letrame.com\/catalogo\/\"},{\"@type\":\"ListItem\",\"position\":2,\"name\":\"Cat\u00e1logo\",\"item\":\"https:\/\/letrame.com\/catalogo\/\"},{\"@type\":\"ListItem\",\"position\":3,\"name\":\"Seguridad, Analisis de Riesgo y Control de Accesos\"}]},{\"@type\":\"WebSite\",\"@id\":\"https:\/\/letrame.com\/catalogo\/#website\",\"url\":\"https:\/\/letrame.com\/catalogo\/\",\"name\":\"Catalogo | Letrame Grupo Editorial\",\"description\":\"\",\"publisher\":{\"@id\":\"https:\/\/letrame.com\/catalogo\/#organization\"},\"potentialAction\":[{\"@type\":\"SearchAction\",\"target\":{\"@type\":\"EntryPoint\",\"urlTemplate\":\"https:\/\/letrame.com\/catalogo\/?s={search_term_string}\"},\"query-input\":{\"@type\":\"PropertyValueSpecification\",\"valueRequired\":true,\"valueName\":\"search_term_string\"}}],\"inLanguage\":\"es\"},{\"@type\":\"Organization\",\"@id\":\"https:\/\/letrame.com\/catalogo\/#organization\",\"name\":\"Catalogo | Letrame Grupo Editorial\",\"url\":\"https:\/\/letrame.com\/catalogo\/\",\"logo\":{\"@type\":\"ImageObject\",\"inLanguage\":\"es\",\"@id\":\"https:\/\/letrame.com\/catalogo\/#\/schema\/logo\/image\/\",\"url\":\"https:\/\/letrame.com\/catalogo\/wp-content\/uploads\/2024\/03\/logo2.webp\",\"contentUrl\":\"https:\/\/letrame.com\/catalogo\/wp-content\/uploads\/2024\/03\/logo2.webp\",\"width\":394,\"height\":128,\"caption\":\"Catalogo | Letrame Grupo Editorial\"},\"image\":{\"@id\":\"https:\/\/letrame.com\/catalogo\/#\/schema\/logo\/image\/\"}}]}<\/script>\n<!-- \/ Yoast SEO plugin. -->","yoast_head_json":{"title":"Seguridad, Analisis de Riesgo y Control de Accesos - Catalogo | Letrame Grupo Editorial","robots":{"index":"index","follow":"follow","max-snippet":"max-snippet:-1","max-image-preview":"max-image-preview:large","max-video-preview":"max-video-preview:-1"},"canonical":"https:\/\/letrame.com\/catalogo\/producto\/seguridad-analisis-de-riesgo-y-control-de-accesos\/","og_locale":"es_ES","og_type":"article","og_title":"Seguridad, Analisis de Riesgo y Control de Accesos - Catalogo | Letrame Grupo Editorial","og_description":"ISBN: 978-84-1144-930-4 SINOPSIS \u00a1Robo hist\u00f3rico! Comando armado se lleva 20 contendedores con oro y plata en Manzanillo, por Elizabeth Ibal de fecha 12 de junio de 2022, para el diario El Occidental (Jalisco, M\u00e9xico). Asesinan a presunto trabajador de aduanas sobre la carretera M\u00e9xico-Tulalcingo, por Juan Manuel Camacho de fecha\u00a0 19 de mayo de 2022, para el diario Milenio (M\u00e9xico). Usan drones para Robar en Sonterra, por Waldo Maya de fecha 28 de noviembre de 2022, para el Diario de Quer\u00e9taro (M\u00e9xico). Aunque parecen titulares que ver\u00edamos en pel\u00edculas de acci\u00f3n, son hechos reales que acontecieron en diferentes puntos de M\u00e9xico y que afectan tanto a empresas, empleados de gobierno y personas comunes como t\u00fa o yo, estas situaciones nos obligan a plantearnos, \u00bfde qu\u00e9 manera podemos hacer frente a estas situaciones que nos producen un estado de inseguridad? Perm\u00edteme compartir mi experiencia y llevarte en viaje a trav\u00e9s de este libro para conocer el funcionamiento de las c\u00e9lulas delictivas y comprender de una manera sencilla los est\u00e1ndares internacionales de seguridad que podemos implementar de forma simple en nuestro d\u00eda a d\u00eda evitando situaciones que pongan en riesgo nuestra seguridad personal, la de nuestra familia, patrimonio y\/o empresas.","og_url":"https:\/\/letrame.com\/catalogo\/producto\/seguridad-analisis-de-riesgo-y-control-de-accesos\/","og_site_name":"Catalogo | Letrame Grupo Editorial","article_modified_time":"2024-04-29T13:26:59+00:00","og_image":[{"width":601,"height":881,"url":"https:\/\/letrame.com\/catalogo\/wp-content\/uploads\/2024\/04\/web_portada_seguridadanalisis_486mm-compressed.jpg","type":"image\/jpeg"}],"twitter_card":"summary_large_image","twitter_misc":{"Tiempo de lectura":"1 minuto"},"schema":{"@context":"https:\/\/schema.org","@graph":[{"@type":"WebPage","@id":"https:\/\/letrame.com\/catalogo\/producto\/seguridad-analisis-de-riesgo-y-control-de-accesos\/","url":"https:\/\/letrame.com\/catalogo\/producto\/seguridad-analisis-de-riesgo-y-control-de-accesos\/","name":"Seguridad, Analisis de Riesgo y Control de Accesos - Catalogo | Letrame Grupo Editorial","isPartOf":{"@id":"https:\/\/letrame.com\/catalogo\/#website"},"primaryImageOfPage":{"@id":"https:\/\/letrame.com\/catalogo\/producto\/seguridad-analisis-de-riesgo-y-control-de-accesos\/#primaryimage"},"image":{"@id":"https:\/\/letrame.com\/catalogo\/producto\/seguridad-analisis-de-riesgo-y-control-de-accesos\/#primaryimage"},"thumbnailUrl":"https:\/\/letrame.com\/catalogo\/wp-content\/uploads\/2024\/04\/web_portada_seguridadanalisis_486mm-compressed.jpg","datePublished":"2024-04-29T13:26:53+00:00","dateModified":"2024-04-29T13:26:59+00:00","breadcrumb":{"@id":"https:\/\/letrame.com\/catalogo\/producto\/seguridad-analisis-de-riesgo-y-control-de-accesos\/#breadcrumb"},"inLanguage":"es","potentialAction":[{"@type":"ReadAction","target":["https:\/\/letrame.com\/catalogo\/producto\/seguridad-analisis-de-riesgo-y-control-de-accesos\/"]}]},{"@type":"ImageObject","inLanguage":"es","@id":"https:\/\/letrame.com\/catalogo\/producto\/seguridad-analisis-de-riesgo-y-control-de-accesos\/#primaryimage","url":"https:\/\/letrame.com\/catalogo\/wp-content\/uploads\/2024\/04\/web_portada_seguridadanalisis_486mm-compressed.jpg","contentUrl":"https:\/\/letrame.com\/catalogo\/wp-content\/uploads\/2024\/04\/web_portada_seguridadanalisis_486mm-compressed.jpg","width":601,"height":881},{"@type":"BreadcrumbList","@id":"https:\/\/letrame.com\/catalogo\/producto\/seguridad-analisis-de-riesgo-y-control-de-accesos\/#breadcrumb","itemListElement":[{"@type":"ListItem","position":1,"name":"Portada","item":"https:\/\/letrame.com\/catalogo\/"},{"@type":"ListItem","position":2,"name":"Cat\u00e1logo","item":"https:\/\/letrame.com\/catalogo\/"},{"@type":"ListItem","position":3,"name":"Seguridad, Analisis de Riesgo y Control de Accesos"}]},{"@type":"WebSite","@id":"https:\/\/letrame.com\/catalogo\/#website","url":"https:\/\/letrame.com\/catalogo\/","name":"Catalogo | Letrame Grupo Editorial","description":"","publisher":{"@id":"https:\/\/letrame.com\/catalogo\/#organization"},"potentialAction":[{"@type":"SearchAction","target":{"@type":"EntryPoint","urlTemplate":"https:\/\/letrame.com\/catalogo\/?s={search_term_string}"},"query-input":{"@type":"PropertyValueSpecification","valueRequired":true,"valueName":"search_term_string"}}],"inLanguage":"es"},{"@type":"Organization","@id":"https:\/\/letrame.com\/catalogo\/#organization","name":"Catalogo | Letrame Grupo Editorial","url":"https:\/\/letrame.com\/catalogo\/","logo":{"@type":"ImageObject","inLanguage":"es","@id":"https:\/\/letrame.com\/catalogo\/#\/schema\/logo\/image\/","url":"https:\/\/letrame.com\/catalogo\/wp-content\/uploads\/2024\/03\/logo2.webp","contentUrl":"https:\/\/letrame.com\/catalogo\/wp-content\/uploads\/2024\/03\/logo2.webp","width":394,"height":128,"caption":"Catalogo | Letrame Grupo Editorial"},"image":{"@id":"https:\/\/letrame.com\/catalogo\/#\/schema\/logo\/image\/"}}]}},"_links":{"self":[{"href":"https:\/\/letrame.com\/catalogo\/wp-json\/wp\/v2\/product\/98875","targetHints":{"allow":["GET"]}}],"collection":[{"href":"https:\/\/letrame.com\/catalogo\/wp-json\/wp\/v2\/product"}],"about":[{"href":"https:\/\/letrame.com\/catalogo\/wp-json\/wp\/v2\/types\/product"}],"replies":[{"embeddable":true,"href":"https:\/\/letrame.com\/catalogo\/wp-json\/wp\/v2\/comments?post=98875"}],"acf:post":[{"embeddable":true,"href":"https:\/\/letrame.com\/catalogo\/wp-json\/wp\/v2\/author_book\/77289"}],"wp:featuredmedia":[{"embeddable":true,"href":"https:\/\/letrame.com\/catalogo\/wp-json\/wp\/v2\/media\/98876"}],"wp:attachment":[{"href":"https:\/\/letrame.com\/catalogo\/wp-json\/wp\/v2\/media?parent=98875"}],"wp:term":[{"taxonomy":"libro","embeddable":true,"href":"https:\/\/letrame.com\/catalogo\/wp-json\/wp\/v2\/libro?post=98875"},{"taxonomy":"product_brand","embeddable":true,"href":"https:\/\/letrame.com\/catalogo\/wp-json\/wp\/v2\/product_brand?post=98875"},{"taxonomy":"product_cat","embeddable":true,"href":"https:\/\/letrame.com\/catalogo\/wp-json\/wp\/v2\/product_cat?post=98875"},{"taxonomy":"product_tag","embeddable":true,"href":"https:\/\/letrame.com\/catalogo\/wp-json\/wp\/v2\/product_tag?post=98875"}],"curies":[{"name":"wp","href":"https:\/\/api.w.org\/{rel}","templated":true}]}}