{"id":98867,"date":"2024-04-29T15:26:32","date_gmt":"2024-04-29T13:26:32","guid":{"rendered":"https:\/\/letrame.com\/catalogo\/producto\/sirenas-en-azul-cautiverio\/"},"modified":"2024-04-29T15:26:46","modified_gmt":"2024-04-29T13:26:46","slug":"sirenas-en-azul-cautiverio","status":"publish","type":"product","link":"https:\/\/letrame.com\/catalogo\/producto\/sirenas-en-azul-cautiverio\/","title":{"rendered":"Sirenas en azul cautiverio"},"content":{"rendered":"<p><strong>ISBN<\/strong>: 978-84-1144-823-9<\/p>\n<p><strong>T\u00edtulo<\/strong>: Sirenas en azul cautiverio<br \/>\n<strong>Fecha<\/strong>: 2023<br \/>\n<strong>P\u00e1ginas<\/strong>: 340<\/p>\n<p><strong>SINOPSIS<\/strong><\/p>\n<p>Como todos los a\u00f1os, Alexander Lerner viaja a Veracruz, M\u00e9xico, a pasar el verano con su familia. Sin embargo, este verano no va a transcurrir como los anteriores; de hecho, consecuencia de una serie de sorprendentes acontecimientos y descubrimientos le cambiar\u00e1 la vida para siempre.<\/p>\n<p>En el vuelo que lo lleva a su destino, Alexander conoce a Paula, una chica que no es quien parece ser y de la que, sin embargo, termina enamor\u00e1ndose. Adem\u00e1s, descubre en la Torre Lerner, donde habita su familia y donde \u00e9l habitualmente se aloja, la habitaci\u00f3n 602, un caracter\u00edstico espacio donde aparentemente no vive nadie, pero parece esconder un secreto. El pasado juega con el presente situ\u00e1ndolo en la celebraci\u00f3n de sus veinticinco a\u00f1os, fecha que coincide con el evento altruista a beneficio de una fundaci\u00f3n de autismo y el conveniente cobro de un fideicomiso que desatar\u00e1 una serie de sucesos misteriosos, impregnados de interrogantes y acertijos, fechas entrelazadas, v\u00ednculos familiares, intriga, decepci\u00f3n, amistad y un amor tan fuerte que superar\u00e1 los impredecibles e inevitables obst\u00e1culos.<\/p>\n<p>La vida puede sorprenderle, especialmente cuando casi nada es lo que inicialmente parece. Alexander no es quien supuestamente es y, junto con sus amigos V\u00edctor y Santiago, deber\u00e1 desandar un camino para conocer su verdadero pasado, descubrirse a s\u00ed mismo y, a la vez, a su inusitada familia; de paso y quiz\u00e1s lo m\u00e1s importante, luchar por el amor de sus seres queridos. La historia se\u00f1ala la escultura de una sirena como eje central con la finalidad de hipnotizar con todos sus atributos al lector, quien seguramente la liberar\u00e1 de su largo, impositivo y cruel cautiverio.<\/p>\n","protected":false},"excerpt":{"rendered":"<p><strong>ISBN<\/strong>: 978-84-1144-823-9<\/p>\n<p><strong>SINOPSIS<\/strong><\/p>\n<p>Como todos los a\u00f1os, Alexander Lerner viaja a Veracruz, M\u00e9xico, a pasar el verano con su familia. Sin embargo, este verano no va a transcurrir como los anteriores; de hecho, consecuencia de una serie de sorprendentes acontecimientos y descubrimientos le cambiar\u00e1 la vida para siempre.<\/p>\n<p>En el vuelo que lo lleva a su destino, Alexander conoce a Paula, una chica que no es quien parece ser y de la que, sin embargo, termina enamor\u00e1ndose. Adem\u00e1s, descubre en la Torre Lerner, donde habita su familia y donde \u00e9l habitualmente se aloja, la habitaci\u00f3n 602, un caracter\u00edstico espacio donde aparentemente no vive nadie, pero parece esconder un secreto. El pasado juega con el presente situ\u00e1ndolo en la celebraci\u00f3n de sus veinticinco a\u00f1os, fecha que coincide con el evento altruista a beneficio de una fundaci\u00f3n de autismo y el conveniente cobro de un fideicomiso que desatar\u00e1 una serie de sucesos misteriosos, impregnados de interrogantes y acertijos, fechas entrelazadas, v\u00ednculos familiares, intriga, decepci\u00f3n, amistad y un amor tan fuerte que superar\u00e1 los impredecibles e inevitables obst\u00e1culos.<\/p>\n<p>La vida puede sorprenderle, especialmente cuando casi nada es lo que inicialmente parece. Alexander no es quien supuestamente es y, junto con sus amigos V\u00edctor y Santiago, deber\u00e1 desandar un camino para conocer su verdadero pasado, descubrirse a s\u00ed mismo y, a la vez, a su inusitada familia; de paso y quiz\u00e1s lo m\u00e1s importante, luchar por el amor de sus seres queridos. La historia se\u00f1ala la escultura de una sirena como eje central con la finalidad de hipnotizar con todos sus atributos al lector, quien seguramente la liberar\u00e1 de su largo, impositivo y cruel cautiverio.<\/p>\n","protected":false},"featured_media":98868,"comment_status":"closed","ping_status":"open","template":"","meta":{"_acf_changed":false},"libro":[],"product_brand":[],"product_cat":[57],"product_tag":[],"class_list":{"0":"post-98867","1":"product","2":"type-product","3":"status-publish","4":"has-post-thumbnail","6":"product_cat-suspenso","8":"first","9":"instock","10":"purchasable","11":"product-type-simple"},"acf":{"autor":[77281],"enlace_de_compra":""},"yoast_head":"<!-- This site is optimized with the Yoast SEO plugin v27.4 - https:\/\/yoast.com\/product\/yoast-seo-wordpress\/ -->\n<title>Sirenas en azul cautiverio - Catalogo | Letrame Grupo Editorial<\/title>\n<meta name=\"robots\" content=\"index, follow, max-snippet:-1, max-image-preview:large, max-video-preview:-1\" \/>\n<link rel=\"canonical\" href=\"https:\/\/letrame.com\/catalogo\/producto\/sirenas-en-azul-cautiverio\/\" \/>\n<meta property=\"og:locale\" content=\"es_ES\" \/>\n<meta property=\"og:type\" content=\"article\" \/>\n<meta property=\"og:title\" content=\"Sirenas en azul cautiverio - Catalogo | Letrame Grupo Editorial\" \/>\n<meta property=\"og:description\" content=\"ISBN: 978-84-1144-823-9 SINOPSIS Como todos los a\u00f1os, Alexander Lerner viaja a Veracruz, M\u00e9xico, a pasar el verano con su familia. Sin embargo, este verano no va a transcurrir como los anteriores; de hecho, consecuencia de una serie de sorprendentes acontecimientos y descubrimientos le cambiar\u00e1 la vida para siempre. En el vuelo que lo lleva a su destino, Alexander conoce a Paula, una chica que no es quien parece ser y de la que, sin embargo, termina enamor\u00e1ndose. Adem\u00e1s, descubre en la Torre Lerner, donde habita su familia y donde \u00e9l habitualmente se aloja, la habitaci\u00f3n 602, un caracter\u00edstico espacio donde aparentemente no vive nadie, pero parece esconder un secreto. El pasado juega con el presente situ\u00e1ndolo en la celebraci\u00f3n de sus veinticinco a\u00f1os, fecha que coincide con el evento altruista a beneficio de una fundaci\u00f3n de autismo y el conveniente cobro de un fideicomiso que desatar\u00e1 una serie de sucesos misteriosos, impregnados de interrogantes y acertijos, fechas entrelazadas, v\u00ednculos familiares, intriga, decepci\u00f3n, amistad y un amor tan fuerte que superar\u00e1 los impredecibles e inevitables obst\u00e1culos. La vida puede sorprenderle, especialmente cuando casi nada es lo que inicialmente parece. Alexander no es quien supuestamente es y, junto con sus amigos V\u00edctor y Santiago, deber\u00e1 desandar un camino para conocer su verdadero pasado, descubrirse a s\u00ed mismo y, a la vez, a su inusitada familia; de paso y quiz\u00e1s lo m\u00e1s importante, luchar por el amor de sus seres queridos. La historia se\u00f1ala la escultura de una sirena como eje central con la finalidad de hipnotizar con todos sus atributos al lector, quien seguramente la liberar\u00e1 de su largo, impositivo y cruel cautiverio.\" \/>\n<meta property=\"og:url\" content=\"https:\/\/letrame.com\/catalogo\/producto\/sirenas-en-azul-cautiverio\/\" \/>\n<meta property=\"og:site_name\" content=\"Catalogo | Letrame Grupo Editorial\" \/>\n<meta property=\"article:modified_time\" content=\"2024-04-29T13:26:46+00:00\" \/>\n<meta property=\"og:image\" content=\"https:\/\/letrame.com\/catalogo\/wp-content\/uploads\/2024\/04\/webportadasirenasdeazul_1675mm-compressed.jpg\" \/>\n\t<meta property=\"og:image:width\" content=\"601\" \/>\n\t<meta property=\"og:image:height\" content=\"881\" \/>\n\t<meta property=\"og:image:type\" content=\"image\/jpeg\" \/>\n<meta name=\"twitter:card\" content=\"summary_large_image\" \/>\n<meta name=\"twitter:label1\" content=\"Tiempo de lectura\" \/>\n\t<meta name=\"twitter:data1\" content=\"1 minuto\" \/>\n<script type=\"application\/ld+json\" class=\"yoast-schema-graph\">{\"@context\":\"https:\\\/\\\/schema.org\",\"@graph\":[{\"@type\":\"WebPage\",\"@id\":\"https:\\\/\\\/letrame.com\\\/catalogo\\\/producto\\\/sirenas-en-azul-cautiverio\\\/\",\"url\":\"https:\\\/\\\/letrame.com\\\/catalogo\\\/producto\\\/sirenas-en-azul-cautiverio\\\/\",\"name\":\"Sirenas en azul cautiverio - Catalogo | Letrame Grupo Editorial\",\"isPartOf\":{\"@id\":\"https:\\\/\\\/letrame.com\\\/catalogo\\\/#website\"},\"primaryImageOfPage\":{\"@id\":\"https:\\\/\\\/letrame.com\\\/catalogo\\\/producto\\\/sirenas-en-azul-cautiverio\\\/#primaryimage\"},\"image\":{\"@id\":\"https:\\\/\\\/letrame.com\\\/catalogo\\\/producto\\\/sirenas-en-azul-cautiverio\\\/#primaryimage\"},\"thumbnailUrl\":\"https:\\\/\\\/letrame.com\\\/catalogo\\\/wp-content\\\/uploads\\\/2024\\\/04\\\/webportadasirenasdeazul_1675mm-compressed.jpg\",\"datePublished\":\"2024-04-29T13:26:32+00:00\",\"dateModified\":\"2024-04-29T13:26:46+00:00\",\"breadcrumb\":{\"@id\":\"https:\\\/\\\/letrame.com\\\/catalogo\\\/producto\\\/sirenas-en-azul-cautiverio\\\/#breadcrumb\"},\"inLanguage\":\"es\",\"potentialAction\":[{\"@type\":\"ReadAction\",\"target\":[\"https:\\\/\\\/letrame.com\\\/catalogo\\\/producto\\\/sirenas-en-azul-cautiverio\\\/\"]}]},{\"@type\":\"ImageObject\",\"inLanguage\":\"es\",\"@id\":\"https:\\\/\\\/letrame.com\\\/catalogo\\\/producto\\\/sirenas-en-azul-cautiverio\\\/#primaryimage\",\"url\":\"https:\\\/\\\/letrame.com\\\/catalogo\\\/wp-content\\\/uploads\\\/2024\\\/04\\\/webportadasirenasdeazul_1675mm-compressed.jpg\",\"contentUrl\":\"https:\\\/\\\/letrame.com\\\/catalogo\\\/wp-content\\\/uploads\\\/2024\\\/04\\\/webportadasirenasdeazul_1675mm-compressed.jpg\",\"width\":601,\"height\":881},{\"@type\":\"BreadcrumbList\",\"@id\":\"https:\\\/\\\/letrame.com\\\/catalogo\\\/producto\\\/sirenas-en-azul-cautiverio\\\/#breadcrumb\",\"itemListElement\":[{\"@type\":\"ListItem\",\"position\":1,\"name\":\"Portada\",\"item\":\"https:\\\/\\\/letrame.com\\\/catalogo\\\/\"},{\"@type\":\"ListItem\",\"position\":2,\"name\":\"Cat\u00e1logo\",\"item\":\"https:\\\/\\\/letrame.com\\\/catalogo\\\/\"},{\"@type\":\"ListItem\",\"position\":3,\"name\":\"Sirenas en azul cautiverio\"}]},{\"@type\":\"WebSite\",\"@id\":\"https:\\\/\\\/letrame.com\\\/catalogo\\\/#website\",\"url\":\"https:\\\/\\\/letrame.com\\\/catalogo\\\/\",\"name\":\"Catalogo | Letrame Grupo Editorial\",\"description\":\"\",\"publisher\":{\"@id\":\"https:\\\/\\\/letrame.com\\\/catalogo\\\/#organization\"},\"potentialAction\":[{\"@type\":\"SearchAction\",\"target\":{\"@type\":\"EntryPoint\",\"urlTemplate\":\"https:\\\/\\\/letrame.com\\\/catalogo\\\/?s={search_term_string}\"},\"query-input\":{\"@type\":\"PropertyValueSpecification\",\"valueRequired\":true,\"valueName\":\"search_term_string\"}}],\"inLanguage\":\"es\"},{\"@type\":\"Organization\",\"@id\":\"https:\\\/\\\/letrame.com\\\/catalogo\\\/#organization\",\"name\":\"Catalogo | Letrame Grupo Editorial\",\"url\":\"https:\\\/\\\/letrame.com\\\/catalogo\\\/\",\"logo\":{\"@type\":\"ImageObject\",\"inLanguage\":\"es\",\"@id\":\"https:\\\/\\\/letrame.com\\\/catalogo\\\/#\\\/schema\\\/logo\\\/image\\\/\",\"url\":\"https:\\\/\\\/letrame.com\\\/catalogo\\\/wp-content\\\/uploads\\\/2024\\\/03\\\/logo2.webp\",\"contentUrl\":\"https:\\\/\\\/letrame.com\\\/catalogo\\\/wp-content\\\/uploads\\\/2024\\\/03\\\/logo2.webp\",\"width\":394,\"height\":128,\"caption\":\"Catalogo | Letrame Grupo Editorial\"},\"image\":{\"@id\":\"https:\\\/\\\/letrame.com\\\/catalogo\\\/#\\\/schema\\\/logo\\\/image\\\/\"}}]}<\/script>\n<!-- \/ Yoast SEO plugin. -->","yoast_head_json":{"title":"Sirenas en azul cautiverio - Catalogo | Letrame Grupo Editorial","robots":{"index":"index","follow":"follow","max-snippet":"max-snippet:-1","max-image-preview":"max-image-preview:large","max-video-preview":"max-video-preview:-1"},"canonical":"https:\/\/letrame.com\/catalogo\/producto\/sirenas-en-azul-cautiverio\/","og_locale":"es_ES","og_type":"article","og_title":"Sirenas en azul cautiverio - Catalogo | Letrame Grupo Editorial","og_description":"ISBN: 978-84-1144-823-9 SINOPSIS Como todos los a\u00f1os, Alexander Lerner viaja a Veracruz, M\u00e9xico, a pasar el verano con su familia. Sin embargo, este verano no va a transcurrir como los anteriores; de hecho, consecuencia de una serie de sorprendentes acontecimientos y descubrimientos le cambiar\u00e1 la vida para siempre. En el vuelo que lo lleva a su destino, Alexander conoce a Paula, una chica que no es quien parece ser y de la que, sin embargo, termina enamor\u00e1ndose. Adem\u00e1s, descubre en la Torre Lerner, donde habita su familia y donde \u00e9l habitualmente se aloja, la habitaci\u00f3n 602, un caracter\u00edstico espacio donde aparentemente no vive nadie, pero parece esconder un secreto. El pasado juega con el presente situ\u00e1ndolo en la celebraci\u00f3n de sus veinticinco a\u00f1os, fecha que coincide con el evento altruista a beneficio de una fundaci\u00f3n de autismo y el conveniente cobro de un fideicomiso que desatar\u00e1 una serie de sucesos misteriosos, impregnados de interrogantes y acertijos, fechas entrelazadas, v\u00ednculos familiares, intriga, decepci\u00f3n, amistad y un amor tan fuerte que superar\u00e1 los impredecibles e inevitables obst\u00e1culos. La vida puede sorprenderle, especialmente cuando casi nada es lo que inicialmente parece. Alexander no es quien supuestamente es y, junto con sus amigos V\u00edctor y Santiago, deber\u00e1 desandar un camino para conocer su verdadero pasado, descubrirse a s\u00ed mismo y, a la vez, a su inusitada familia; de paso y quiz\u00e1s lo m\u00e1s importante, luchar por el amor de sus seres queridos. La historia se\u00f1ala la escultura de una sirena como eje central con la finalidad de hipnotizar con todos sus atributos al lector, quien seguramente la liberar\u00e1 de su largo, impositivo y cruel cautiverio.","og_url":"https:\/\/letrame.com\/catalogo\/producto\/sirenas-en-azul-cautiverio\/","og_site_name":"Catalogo | Letrame Grupo Editorial","article_modified_time":"2024-04-29T13:26:46+00:00","og_image":[{"width":601,"height":881,"url":"https:\/\/letrame.com\/catalogo\/wp-content\/uploads\/2024\/04\/webportadasirenasdeazul_1675mm-compressed.jpg","type":"image\/jpeg"}],"twitter_card":"summary_large_image","twitter_misc":{"Tiempo de lectura":"1 minuto"},"schema":{"@context":"https:\/\/schema.org","@graph":[{"@type":"WebPage","@id":"https:\/\/letrame.com\/catalogo\/producto\/sirenas-en-azul-cautiverio\/","url":"https:\/\/letrame.com\/catalogo\/producto\/sirenas-en-azul-cautiverio\/","name":"Sirenas en azul cautiverio - Catalogo | Letrame Grupo Editorial","isPartOf":{"@id":"https:\/\/letrame.com\/catalogo\/#website"},"primaryImageOfPage":{"@id":"https:\/\/letrame.com\/catalogo\/producto\/sirenas-en-azul-cautiverio\/#primaryimage"},"image":{"@id":"https:\/\/letrame.com\/catalogo\/producto\/sirenas-en-azul-cautiverio\/#primaryimage"},"thumbnailUrl":"https:\/\/letrame.com\/catalogo\/wp-content\/uploads\/2024\/04\/webportadasirenasdeazul_1675mm-compressed.jpg","datePublished":"2024-04-29T13:26:32+00:00","dateModified":"2024-04-29T13:26:46+00:00","breadcrumb":{"@id":"https:\/\/letrame.com\/catalogo\/producto\/sirenas-en-azul-cautiverio\/#breadcrumb"},"inLanguage":"es","potentialAction":[{"@type":"ReadAction","target":["https:\/\/letrame.com\/catalogo\/producto\/sirenas-en-azul-cautiverio\/"]}]},{"@type":"ImageObject","inLanguage":"es","@id":"https:\/\/letrame.com\/catalogo\/producto\/sirenas-en-azul-cautiverio\/#primaryimage","url":"https:\/\/letrame.com\/catalogo\/wp-content\/uploads\/2024\/04\/webportadasirenasdeazul_1675mm-compressed.jpg","contentUrl":"https:\/\/letrame.com\/catalogo\/wp-content\/uploads\/2024\/04\/webportadasirenasdeazul_1675mm-compressed.jpg","width":601,"height":881},{"@type":"BreadcrumbList","@id":"https:\/\/letrame.com\/catalogo\/producto\/sirenas-en-azul-cautiverio\/#breadcrumb","itemListElement":[{"@type":"ListItem","position":1,"name":"Portada","item":"https:\/\/letrame.com\/catalogo\/"},{"@type":"ListItem","position":2,"name":"Cat\u00e1logo","item":"https:\/\/letrame.com\/catalogo\/"},{"@type":"ListItem","position":3,"name":"Sirenas en azul cautiverio"}]},{"@type":"WebSite","@id":"https:\/\/letrame.com\/catalogo\/#website","url":"https:\/\/letrame.com\/catalogo\/","name":"Catalogo | Letrame Grupo Editorial","description":"","publisher":{"@id":"https:\/\/letrame.com\/catalogo\/#organization"},"potentialAction":[{"@type":"SearchAction","target":{"@type":"EntryPoint","urlTemplate":"https:\/\/letrame.com\/catalogo\/?s={search_term_string}"},"query-input":{"@type":"PropertyValueSpecification","valueRequired":true,"valueName":"search_term_string"}}],"inLanguage":"es"},{"@type":"Organization","@id":"https:\/\/letrame.com\/catalogo\/#organization","name":"Catalogo | Letrame Grupo Editorial","url":"https:\/\/letrame.com\/catalogo\/","logo":{"@type":"ImageObject","inLanguage":"es","@id":"https:\/\/letrame.com\/catalogo\/#\/schema\/logo\/image\/","url":"https:\/\/letrame.com\/catalogo\/wp-content\/uploads\/2024\/03\/logo2.webp","contentUrl":"https:\/\/letrame.com\/catalogo\/wp-content\/uploads\/2024\/03\/logo2.webp","width":394,"height":128,"caption":"Catalogo | Letrame Grupo Editorial"},"image":{"@id":"https:\/\/letrame.com\/catalogo\/#\/schema\/logo\/image\/"}}]}},"_links":{"self":[{"href":"https:\/\/letrame.com\/catalogo\/wp-json\/wp\/v2\/product\/98867","targetHints":{"allow":["GET"]}}],"collection":[{"href":"https:\/\/letrame.com\/catalogo\/wp-json\/wp\/v2\/product"}],"about":[{"href":"https:\/\/letrame.com\/catalogo\/wp-json\/wp\/v2\/types\/product"}],"replies":[{"embeddable":true,"href":"https:\/\/letrame.com\/catalogo\/wp-json\/wp\/v2\/comments?post=98867"}],"acf:post":[{"embeddable":true,"href":"https:\/\/letrame.com\/catalogo\/wp-json\/wp\/v2\/author_book\/77281"}],"wp:featuredmedia":[{"embeddable":true,"href":"https:\/\/letrame.com\/catalogo\/wp-json\/wp\/v2\/media\/98868"}],"wp:attachment":[{"href":"https:\/\/letrame.com\/catalogo\/wp-json\/wp\/v2\/media?parent=98867"}],"wp:term":[{"taxonomy":"libro","embeddable":true,"href":"https:\/\/letrame.com\/catalogo\/wp-json\/wp\/v2\/libro?post=98867"},{"taxonomy":"product_brand","embeddable":true,"href":"https:\/\/letrame.com\/catalogo\/wp-json\/wp\/v2\/product_brand?post=98867"},{"taxonomy":"product_cat","embeddable":true,"href":"https:\/\/letrame.com\/catalogo\/wp-json\/wp\/v2\/product_cat?post=98867"},{"taxonomy":"product_tag","embeddable":true,"href":"https:\/\/letrame.com\/catalogo\/wp-json\/wp\/v2\/product_tag?post=98867"}],"curies":[{"name":"wp","href":"https:\/\/api.w.org\/{rel}","templated":true}]}}