{"id":98865,"date":"2024-04-29T15:26:32","date_gmt":"2024-04-29T13:26:32","guid":{"rendered":"https:\/\/letrame.com\/catalogo\/producto\/apuntes-sobre-el-eneagrama\/"},"modified":"2024-04-29T15:26:32","modified_gmt":"2024-04-29T13:26:32","slug":"apuntes-sobre-el-eneagrama","status":"publish","type":"product","link":"https:\/\/letrame.com\/catalogo\/producto\/apuntes-sobre-el-eneagrama\/","title":{"rendered":"Apuntes sobre el\u00a0ENEAGRAMA"},"content":{"rendered":"<p><strong>ISBN<\/strong>: 978-84-1144-415-6<\/p>\n<p><strong>T\u00edtulo<\/strong>: <span data-sheets-value=\"{&quot;1&quot;:2,&quot;2&quot;:&quot;Apuntes&quot;}\" data-sheets-userformat=\"{&quot;2&quot;:515,&quot;3&quot;:{&quot;1&quot;:0},&quot;4&quot;:{&quot;1&quot;:2,&quot;2&quot;:14281427},&quot;12&quot;:0}\">Apuntes sobre el\u00a0ENEAGRAMA<\/span><br \/>\n<strong>Fecha<\/strong>: 2022<br \/>\n<strong>P\u00e1ginas<\/strong>: 270<\/p>\n<p><strong>SINOPSIS<\/strong><\/p>\n<p>M\u00aa Milagro Zamora imparti\u00f3 durante m\u00e1s de 20 a\u00f1os Cursos de Conocimiento Interior a trav\u00e9s del m\u00e9todo denominado Eneagrama.<\/p>\n<p>Para los m\u00e1s interesados en este mismo estudio se organizaron lo que se dio en llamar \u00abEncuentros\u00bb y en los que se trataron detenidamente temas como Inconsciente, Amor\u2026<\/p>\n<p>Sus estudios universitarios le facilitaron la comprensi\u00f3n y exposici\u00f3n del origen de las pasiones expresados en la filosof\u00eda griega y trasplantado el estudio de las pasiones de forma personal a trav\u00e9s de la sabidur\u00eda del Eneagrama.<\/p>\n<p>Y considerando siempre que la dedicaci\u00f3n que impon\u00eda su exposici\u00f3n pod\u00eda ser una ayuda psicol\u00f3gica y espiritual.<\/p>\n<p>M\u00aa Milagro edit\u00f3 un peque\u00f1o libro titulado <em>Somos diferentes<\/em> para ni\u00f1os y adolescentes, a los que previamente hab\u00eda introducido en conceptos b\u00e1sicos de Eneagrama.<\/p>\n","protected":false},"excerpt":{"rendered":"<p><strong>ISBN<\/strong>: 978-84-1144-415-6<\/p>\n<p><strong>SINOPSIS<\/strong><\/p>\n<p>M\u00aa Milagro Zamora imparti\u00f3 durante m\u00e1s de 20 a\u00f1os Cursos de Conocimiento Interior a trav\u00e9s del m\u00e9todo denominado Eneagrama.<\/p>\n<p>Para los m\u00e1s interesados en este mismo estudio se organizaron lo que se dio en llamar \u00abEncuentros\u00bb y en los que se trataron detenidamente temas como Inconsciente, Amor\u2026<\/p>\n<p>Sus estudios universitarios le facilitaron la comprensi\u00f3n y exposici\u00f3n del origen de las pasiones expresados en la filosof\u00eda griega y trasplantado el estudio de las pasiones de forma personal a trav\u00e9s de la sabidur\u00eda del Eneagrama.<\/p>\n<p>Y considerando siempre que la dedicaci\u00f3n que impon\u00eda su exposici\u00f3n pod\u00eda ser una ayuda psicol\u00f3gica y espiritual.<\/p>\n<p>M\u00aa Milagro edit\u00f3 un peque\u00f1o libro titulado <em>Somos diferentes<\/em> para ni\u00f1os y adolescentes, a los que previamente hab\u00eda introducido en conceptos b\u00e1sicos de Eneagrama.<\/p>\n","protected":false},"featured_media":98866,"comment_status":"closed","ping_status":"open","template":"","meta":{"_acf_changed":false},"libro":[],"product_brand":[],"product_cat":[26],"product_tag":[],"class_list":{"0":"post-98865","1":"product","2":"type-product","3":"status-publish","4":"has-post-thumbnail","6":"product_cat-sin-categoria","8":"first","9":"instock","10":"product-type-simple"},"acf":{"autor":[77280],"enlace_de_compra":""},"yoast_head":"<!-- This site is optimized with the Yoast SEO plugin v26.6 - https:\/\/yoast.com\/wordpress\/plugins\/seo\/ -->\n<title>Apuntes sobre el\u00a0ENEAGRAMA - Catalogo | Letrame Grupo Editorial<\/title>\n<meta name=\"robots\" content=\"index, follow, max-snippet:-1, max-image-preview:large, max-video-preview:-1\" \/>\n<link rel=\"canonical\" href=\"https:\/\/letrame.com\/catalogo\/producto\/apuntes-sobre-el-eneagrama\/\" \/>\n<meta property=\"og:locale\" content=\"es_ES\" \/>\n<meta property=\"og:type\" content=\"article\" \/>\n<meta property=\"og:title\" content=\"Apuntes sobre el\u00a0ENEAGRAMA - Catalogo | Letrame Grupo Editorial\" \/>\n<meta property=\"og:description\" content=\"ISBN: 978-84-1144-415-6 SINOPSIS M\u00aa Milagro Zamora imparti\u00f3 durante m\u00e1s de 20 a\u00f1os Cursos de Conocimiento Interior a trav\u00e9s del m\u00e9todo denominado Eneagrama. Para los m\u00e1s interesados en este mismo estudio se organizaron lo que se dio en llamar \u00abEncuentros\u00bb y en los que se trataron detenidamente temas como Inconsciente, Amor\u2026 Sus estudios universitarios le facilitaron la comprensi\u00f3n y exposici\u00f3n del origen de las pasiones expresados en la filosof\u00eda griega y trasplantado el estudio de las pasiones de forma personal a trav\u00e9s de la sabidur\u00eda del Eneagrama. Y considerando siempre que la dedicaci\u00f3n que impon\u00eda su exposici\u00f3n pod\u00eda ser una ayuda psicol\u00f3gica y espiritual. M\u00aa Milagro edit\u00f3 un peque\u00f1o libro titulado Somos diferentes para ni\u00f1os y adolescentes, a los que previamente hab\u00eda introducido en conceptos b\u00e1sicos de Eneagrama.\" \/>\n<meta property=\"og:url\" content=\"https:\/\/letrame.com\/catalogo\/producto\/apuntes-sobre-el-eneagrama\/\" \/>\n<meta property=\"og:site_name\" content=\"Catalogo | Letrame Grupo Editorial\" \/>\n<meta property=\"og:image\" content=\"https:\/\/letrame.com\/catalogo\/wp-content\/uploads\/2024\/04\/webportada_apuntes_1528mm-compressed-scaled-1.jpg\" \/>\n\t<meta property=\"og:image:width\" content=\"1746\" \/>\n\t<meta property=\"og:image:height\" content=\"2560\" \/>\n\t<meta property=\"og:image:type\" content=\"image\/jpeg\" \/>\n<meta name=\"twitter:card\" content=\"summary_large_image\" \/>\n<meta name=\"twitter:label1\" content=\"Tiempo de lectura\" \/>\n\t<meta name=\"twitter:data1\" content=\"1 minuto\" \/>\n<script type=\"application\/ld+json\" class=\"yoast-schema-graph\">{\"@context\":\"https:\/\/schema.org\",\"@graph\":[{\"@type\":\"WebPage\",\"@id\":\"https:\/\/letrame.com\/catalogo\/producto\/apuntes-sobre-el-eneagrama\/\",\"url\":\"https:\/\/letrame.com\/catalogo\/producto\/apuntes-sobre-el-eneagrama\/\",\"name\":\"Apuntes sobre el\u00a0ENEAGRAMA - Catalogo | Letrame Grupo Editorial\",\"isPartOf\":{\"@id\":\"https:\/\/letrame.com\/catalogo\/#website\"},\"primaryImageOfPage\":{\"@id\":\"https:\/\/letrame.com\/catalogo\/producto\/apuntes-sobre-el-eneagrama\/#primaryimage\"},\"image\":{\"@id\":\"https:\/\/letrame.com\/catalogo\/producto\/apuntes-sobre-el-eneagrama\/#primaryimage\"},\"thumbnailUrl\":\"https:\/\/letrame.com\/catalogo\/wp-content\/uploads\/2024\/04\/webportada_apuntes_1528mm-compressed-scaled-1.jpg\",\"datePublished\":\"2024-04-29T13:26:32+00:00\",\"breadcrumb\":{\"@id\":\"https:\/\/letrame.com\/catalogo\/producto\/apuntes-sobre-el-eneagrama\/#breadcrumb\"},\"inLanguage\":\"es\",\"potentialAction\":[{\"@type\":\"ReadAction\",\"target\":[\"https:\/\/letrame.com\/catalogo\/producto\/apuntes-sobre-el-eneagrama\/\"]}]},{\"@type\":\"ImageObject\",\"inLanguage\":\"es\",\"@id\":\"https:\/\/letrame.com\/catalogo\/producto\/apuntes-sobre-el-eneagrama\/#primaryimage\",\"url\":\"https:\/\/letrame.com\/catalogo\/wp-content\/uploads\/2024\/04\/webportada_apuntes_1528mm-compressed-scaled-1.jpg\",\"contentUrl\":\"https:\/\/letrame.com\/catalogo\/wp-content\/uploads\/2024\/04\/webportada_apuntes_1528mm-compressed-scaled-1.jpg\",\"width\":1746,\"height\":2560},{\"@type\":\"BreadcrumbList\",\"@id\":\"https:\/\/letrame.com\/catalogo\/producto\/apuntes-sobre-el-eneagrama\/#breadcrumb\",\"itemListElement\":[{\"@type\":\"ListItem\",\"position\":1,\"name\":\"Portada\",\"item\":\"https:\/\/letrame.com\/catalogo\/\"},{\"@type\":\"ListItem\",\"position\":2,\"name\":\"Cat\u00e1logo\",\"item\":\"https:\/\/letrame.com\/catalogo\/\"},{\"@type\":\"ListItem\",\"position\":3,\"name\":\"Apuntes sobre el\u00a0ENEAGRAMA\"}]},{\"@type\":\"WebSite\",\"@id\":\"https:\/\/letrame.com\/catalogo\/#website\",\"url\":\"https:\/\/letrame.com\/catalogo\/\",\"name\":\"Catalogo | Letrame Grupo Editorial\",\"description\":\"\",\"publisher\":{\"@id\":\"https:\/\/letrame.com\/catalogo\/#organization\"},\"potentialAction\":[{\"@type\":\"SearchAction\",\"target\":{\"@type\":\"EntryPoint\",\"urlTemplate\":\"https:\/\/letrame.com\/catalogo\/?s={search_term_string}\"},\"query-input\":{\"@type\":\"PropertyValueSpecification\",\"valueRequired\":true,\"valueName\":\"search_term_string\"}}],\"inLanguage\":\"es\"},{\"@type\":\"Organization\",\"@id\":\"https:\/\/letrame.com\/catalogo\/#organization\",\"name\":\"Catalogo | Letrame Grupo Editorial\",\"url\":\"https:\/\/letrame.com\/catalogo\/\",\"logo\":{\"@type\":\"ImageObject\",\"inLanguage\":\"es\",\"@id\":\"https:\/\/letrame.com\/catalogo\/#\/schema\/logo\/image\/\",\"url\":\"https:\/\/letrame.com\/catalogo\/wp-content\/uploads\/2024\/03\/logo2.webp\",\"contentUrl\":\"https:\/\/letrame.com\/catalogo\/wp-content\/uploads\/2024\/03\/logo2.webp\",\"width\":394,\"height\":128,\"caption\":\"Catalogo | Letrame Grupo Editorial\"},\"image\":{\"@id\":\"https:\/\/letrame.com\/catalogo\/#\/schema\/logo\/image\/\"}}]}<\/script>\n<!-- \/ Yoast SEO plugin. -->","yoast_head_json":{"title":"Apuntes sobre el\u00a0ENEAGRAMA - Catalogo | Letrame Grupo Editorial","robots":{"index":"index","follow":"follow","max-snippet":"max-snippet:-1","max-image-preview":"max-image-preview:large","max-video-preview":"max-video-preview:-1"},"canonical":"https:\/\/letrame.com\/catalogo\/producto\/apuntes-sobre-el-eneagrama\/","og_locale":"es_ES","og_type":"article","og_title":"Apuntes sobre el\u00a0ENEAGRAMA - Catalogo | Letrame Grupo Editorial","og_description":"ISBN: 978-84-1144-415-6 SINOPSIS M\u00aa Milagro Zamora imparti\u00f3 durante m\u00e1s de 20 a\u00f1os Cursos de Conocimiento Interior a trav\u00e9s del m\u00e9todo denominado Eneagrama. Para los m\u00e1s interesados en este mismo estudio se organizaron lo que se dio en llamar \u00abEncuentros\u00bb y en los que se trataron detenidamente temas como Inconsciente, Amor\u2026 Sus estudios universitarios le facilitaron la comprensi\u00f3n y exposici\u00f3n del origen de las pasiones expresados en la filosof\u00eda griega y trasplantado el estudio de las pasiones de forma personal a trav\u00e9s de la sabidur\u00eda del Eneagrama. Y considerando siempre que la dedicaci\u00f3n que impon\u00eda su exposici\u00f3n pod\u00eda ser una ayuda psicol\u00f3gica y espiritual. M\u00aa Milagro edit\u00f3 un peque\u00f1o libro titulado Somos diferentes para ni\u00f1os y adolescentes, a los que previamente hab\u00eda introducido en conceptos b\u00e1sicos de Eneagrama.","og_url":"https:\/\/letrame.com\/catalogo\/producto\/apuntes-sobre-el-eneagrama\/","og_site_name":"Catalogo | Letrame Grupo Editorial","og_image":[{"width":1746,"height":2560,"url":"https:\/\/letrame.com\/catalogo\/wp-content\/uploads\/2024\/04\/webportada_apuntes_1528mm-compressed-scaled-1.jpg","type":"image\/jpeg"}],"twitter_card":"summary_large_image","twitter_misc":{"Tiempo de lectura":"1 minuto"},"schema":{"@context":"https:\/\/schema.org","@graph":[{"@type":"WebPage","@id":"https:\/\/letrame.com\/catalogo\/producto\/apuntes-sobre-el-eneagrama\/","url":"https:\/\/letrame.com\/catalogo\/producto\/apuntes-sobre-el-eneagrama\/","name":"Apuntes sobre el\u00a0ENEAGRAMA - Catalogo | Letrame Grupo Editorial","isPartOf":{"@id":"https:\/\/letrame.com\/catalogo\/#website"},"primaryImageOfPage":{"@id":"https:\/\/letrame.com\/catalogo\/producto\/apuntes-sobre-el-eneagrama\/#primaryimage"},"image":{"@id":"https:\/\/letrame.com\/catalogo\/producto\/apuntes-sobre-el-eneagrama\/#primaryimage"},"thumbnailUrl":"https:\/\/letrame.com\/catalogo\/wp-content\/uploads\/2024\/04\/webportada_apuntes_1528mm-compressed-scaled-1.jpg","datePublished":"2024-04-29T13:26:32+00:00","breadcrumb":{"@id":"https:\/\/letrame.com\/catalogo\/producto\/apuntes-sobre-el-eneagrama\/#breadcrumb"},"inLanguage":"es","potentialAction":[{"@type":"ReadAction","target":["https:\/\/letrame.com\/catalogo\/producto\/apuntes-sobre-el-eneagrama\/"]}]},{"@type":"ImageObject","inLanguage":"es","@id":"https:\/\/letrame.com\/catalogo\/producto\/apuntes-sobre-el-eneagrama\/#primaryimage","url":"https:\/\/letrame.com\/catalogo\/wp-content\/uploads\/2024\/04\/webportada_apuntes_1528mm-compressed-scaled-1.jpg","contentUrl":"https:\/\/letrame.com\/catalogo\/wp-content\/uploads\/2024\/04\/webportada_apuntes_1528mm-compressed-scaled-1.jpg","width":1746,"height":2560},{"@type":"BreadcrumbList","@id":"https:\/\/letrame.com\/catalogo\/producto\/apuntes-sobre-el-eneagrama\/#breadcrumb","itemListElement":[{"@type":"ListItem","position":1,"name":"Portada","item":"https:\/\/letrame.com\/catalogo\/"},{"@type":"ListItem","position":2,"name":"Cat\u00e1logo","item":"https:\/\/letrame.com\/catalogo\/"},{"@type":"ListItem","position":3,"name":"Apuntes sobre el\u00a0ENEAGRAMA"}]},{"@type":"WebSite","@id":"https:\/\/letrame.com\/catalogo\/#website","url":"https:\/\/letrame.com\/catalogo\/","name":"Catalogo | Letrame Grupo Editorial","description":"","publisher":{"@id":"https:\/\/letrame.com\/catalogo\/#organization"},"potentialAction":[{"@type":"SearchAction","target":{"@type":"EntryPoint","urlTemplate":"https:\/\/letrame.com\/catalogo\/?s={search_term_string}"},"query-input":{"@type":"PropertyValueSpecification","valueRequired":true,"valueName":"search_term_string"}}],"inLanguage":"es"},{"@type":"Organization","@id":"https:\/\/letrame.com\/catalogo\/#organization","name":"Catalogo | Letrame Grupo Editorial","url":"https:\/\/letrame.com\/catalogo\/","logo":{"@type":"ImageObject","inLanguage":"es","@id":"https:\/\/letrame.com\/catalogo\/#\/schema\/logo\/image\/","url":"https:\/\/letrame.com\/catalogo\/wp-content\/uploads\/2024\/03\/logo2.webp","contentUrl":"https:\/\/letrame.com\/catalogo\/wp-content\/uploads\/2024\/03\/logo2.webp","width":394,"height":128,"caption":"Catalogo | Letrame Grupo Editorial"},"image":{"@id":"https:\/\/letrame.com\/catalogo\/#\/schema\/logo\/image\/"}}]}},"_links":{"self":[{"href":"https:\/\/letrame.com\/catalogo\/wp-json\/wp\/v2\/product\/98865","targetHints":{"allow":["GET"]}}],"collection":[{"href":"https:\/\/letrame.com\/catalogo\/wp-json\/wp\/v2\/product"}],"about":[{"href":"https:\/\/letrame.com\/catalogo\/wp-json\/wp\/v2\/types\/product"}],"replies":[{"embeddable":true,"href":"https:\/\/letrame.com\/catalogo\/wp-json\/wp\/v2\/comments?post=98865"}],"acf:post":[{"embeddable":true,"href":"https:\/\/letrame.com\/catalogo\/wp-json\/wp\/v2\/author_book\/77280"}],"wp:featuredmedia":[{"embeddable":true,"href":"https:\/\/letrame.com\/catalogo\/wp-json\/wp\/v2\/media\/98866"}],"wp:attachment":[{"href":"https:\/\/letrame.com\/catalogo\/wp-json\/wp\/v2\/media?parent=98865"}],"wp:term":[{"taxonomy":"libro","embeddable":true,"href":"https:\/\/letrame.com\/catalogo\/wp-json\/wp\/v2\/libro?post=98865"},{"taxonomy":"product_brand","embeddable":true,"href":"https:\/\/letrame.com\/catalogo\/wp-json\/wp\/v2\/product_brand?post=98865"},{"taxonomy":"product_cat","embeddable":true,"href":"https:\/\/letrame.com\/catalogo\/wp-json\/wp\/v2\/product_cat?post=98865"},{"taxonomy":"product_tag","embeddable":true,"href":"https:\/\/letrame.com\/catalogo\/wp-json\/wp\/v2\/product_tag?post=98865"}],"curies":[{"name":"wp","href":"https:\/\/api.w.org\/{rel}","templated":true}]}}