{"id":98852,"date":"2024-04-29T15:25:47","date_gmt":"2024-04-29T13:25:47","guid":{"rendered":"https:\/\/letrame.com\/catalogo\/producto\/alianze\/"},"modified":"2024-04-29T15:25:54","modified_gmt":"2024-04-29T13:25:54","slug":"alianze","status":"publish","type":"product","link":"https:\/\/letrame.com\/catalogo\/producto\/alianze\/","title":{"rendered":"Alianze"},"content":{"rendered":"<p><strong>ISBN<\/strong>: 978-84-1144-803-1<\/p>\n<p><strong>T\u00edtulo<\/strong>: Alianze<br \/>\n<strong>Fecha<\/strong>: 2023<br \/>\n<strong>P\u00e1ginas<\/strong>: 462<\/p>\n<p><strong>SINOPSIS<\/strong><\/p>\n<p>Muchos son los enigmas que rodean el momento exacto en que ambas especies cruzamos nuestros senderos para continuar recorriendo la historia en mutua y estrecha compa\u00f1\u00eda. Han pasado muchos siglos, sin embargo a\u00fan faltan por responder preguntas como si no ser\u00edan los propios <em>perros<\/em> los que se autodomesticaron, o incluso si fueron ellos quienes, en cierto modo, domesticaron al <em>Sapiens<\/em>. De lo que no hay la menor duda es que la relaci\u00f3n entre humanos y perros, es una de las m\u00e1s determinantes de la biolog\u00eda y de la historia natural. El autor ofrece informaci\u00f3n objetiva que, lejos de sentar c\u00e1tedra, provoca, incita y hace part\u00edcipes a los lectores, pactando que sean ellos y ellas quienes lleguen a algunas hip\u00f3tesis o particulares conclusiones finales.<\/p>\n<p>Esta obra consigue combinar la divulgaci\u00f3n, usando un lenguaje accesible y un tono estimulante, con la narrativa de unos deliciosos relatos <em>ad hoc<\/em>, que permiten recorrer las particularidades que defin\u00edan nuestra relaci\u00f3n con los perros en cada uno de los momentos m\u00e1s significativos de la historia humana.\u00a0 Entre sus p\u00e1ginas, te sumerges en un viaje por el tiempo donde te asomas a sucesos reales que marcaron la vida de nuestros antepasados, conoces a personajes c\u00e9lebres y a menudo llegas a reconocer la personalidad de tu propio perro\/a reflejada en los que aparecen en las narraciones.<\/p>\n<p>Antes de continuar pregunt\u00e9monos algo: \u00bfEn qu\u00e9 porcentaje crees que debemos nuestra propia existencia tal y como la conocemos a los perros?<\/p>\n","protected":false},"excerpt":{"rendered":"<p><strong>ISBN<\/strong>: 978-84-1144-803-1<\/p>\n<p><strong>SINOPSIS<\/strong><\/p>\n<p>Muchos son los enigmas que rodean el momento exacto en que ambas especies cruzamos nuestros senderos para continuar recorriendo la historia en mutua y estrecha compa\u00f1\u00eda. Han pasado muchos siglos, sin embargo a\u00fan faltan por responder preguntas como si no ser\u00edan los propios <em>perros<\/em> los que se autodomesticaron, o incluso si fueron ellos quienes, en cierto modo, domesticaron al <em>Sapiens<\/em>. De lo que no hay la menor duda es que la relaci\u00f3n entre humanos y perros, es una de las m\u00e1s determinantes de la biolog\u00eda y de la historia natural. El autor ofrece informaci\u00f3n objetiva que, lejos de sentar c\u00e1tedra, provoca, incita y hace part\u00edcipes a los lectores, pactando que sean ellos y ellas quienes lleguen a algunas hip\u00f3tesis o particulares conclusiones finales.<\/p>\n<p>Esta obra consigue combinar la divulgaci\u00f3n, usando un lenguaje accesible y un tono estimulante, con la narrativa de unos deliciosos relatos <em>ad hoc<\/em>, que permiten recorrer las particularidades que defin\u00edan nuestra relaci\u00f3n con los perros en cada uno de los momentos m\u00e1s significativos de la historia humana.\u00a0 Entre sus p\u00e1ginas, te sumerges en un viaje por el tiempo donde te asomas a sucesos reales que marcaron la vida de nuestros antepasados, conoces a personajes c\u00e9lebres y a menudo llegas a reconocer la personalidad de tu propio perro\/a reflejada en los que aparecen en las narraciones.<\/p>\n<p>Antes de continuar pregunt\u00e9monos algo: \u00bfEn qu\u00e9 porcentaje crees que debemos nuestra propia existencia tal y como la conocemos a los perros?<\/p>\n","protected":false},"featured_media":98853,"comment_status":"closed","ping_status":"open","template":"","meta":{"_acf_changed":false},"libro":[],"product_brand":[],"product_cat":[26],"product_tag":[],"class_list":{"0":"post-98852","1":"product","2":"type-product","3":"status-publish","4":"has-post-thumbnail","6":"product_cat-sin-categoria","8":"first","9":"instock","10":"product-type-simple"},"acf":{"autor":[77265],"enlace_de_compra":"https:\/\/www.amazon.es\/Alianze-01-Antropolog%C3%ADa-y-sociolog%C3%ADa\/dp\/8411448037\/"},"yoast_head":"<!-- This site is optimized with the Yoast SEO plugin v27.4 - https:\/\/yoast.com\/product\/yoast-seo-wordpress\/ -->\n<title>Alianze - Catalogo | Letrame Grupo Editorial<\/title>\n<meta name=\"robots\" content=\"index, follow, max-snippet:-1, max-image-preview:large, max-video-preview:-1\" \/>\n<link rel=\"canonical\" href=\"https:\/\/letrame.com\/catalogo\/producto\/alianze\/\" \/>\n<meta property=\"og:locale\" content=\"es_ES\" \/>\n<meta property=\"og:type\" content=\"article\" \/>\n<meta property=\"og:title\" content=\"Alianze - Catalogo | Letrame Grupo Editorial\" \/>\n<meta property=\"og:description\" content=\"ISBN: 978-84-1144-803-1 SINOPSIS Muchos son los enigmas que rodean el momento exacto en que ambas especies cruzamos nuestros senderos para continuar recorriendo la historia en mutua y estrecha compa\u00f1\u00eda. Han pasado muchos siglos, sin embargo a\u00fan faltan por responder preguntas como si no ser\u00edan los propios perros los que se autodomesticaron, o incluso si fueron ellos quienes, en cierto modo, domesticaron al Sapiens. De lo que no hay la menor duda es que la relaci\u00f3n entre humanos y perros, es una de las m\u00e1s determinantes de la biolog\u00eda y de la historia natural. El autor ofrece informaci\u00f3n objetiva que, lejos de sentar c\u00e1tedra, provoca, incita y hace part\u00edcipes a los lectores, pactando que sean ellos y ellas quienes lleguen a algunas hip\u00f3tesis o particulares conclusiones finales. Esta obra consigue combinar la divulgaci\u00f3n, usando un lenguaje accesible y un tono estimulante, con la narrativa de unos deliciosos relatos ad hoc, que permiten recorrer las particularidades que defin\u00edan nuestra relaci\u00f3n con los perros en cada uno de los momentos m\u00e1s significativos de la historia humana.\u00a0 Entre sus p\u00e1ginas, te sumerges en un viaje por el tiempo donde te asomas a sucesos reales que marcaron la vida de nuestros antepasados, conoces a personajes c\u00e9lebres y a menudo llegas a reconocer la personalidad de tu propio perro\/a reflejada en los que aparecen en las narraciones. Antes de continuar pregunt\u00e9monos algo: \u00bfEn qu\u00e9 porcentaje crees que debemos nuestra propia existencia tal y como la conocemos a los perros?\" \/>\n<meta property=\"og:url\" content=\"https:\/\/letrame.com\/catalogo\/producto\/alianze\/\" \/>\n<meta property=\"og:site_name\" content=\"Catalogo | Letrame Grupo Editorial\" \/>\n<meta property=\"article:modified_time\" content=\"2024-04-29T13:25:54+00:00\" \/>\n<meta property=\"og:image\" content=\"https:\/\/letrame.com\/catalogo\/wp-content\/uploads\/2024\/04\/web_portadaalianze_2538mm-compressed.jpg\" \/>\n\t<meta property=\"og:image:width\" content=\"601\" \/>\n\t<meta property=\"og:image:height\" content=\"881\" \/>\n\t<meta property=\"og:image:type\" content=\"image\/jpeg\" \/>\n<meta name=\"twitter:card\" content=\"summary_large_image\" \/>\n<meta name=\"twitter:label1\" content=\"Tiempo de lectura\" \/>\n\t<meta name=\"twitter:data1\" content=\"1 minuto\" \/>\n<script type=\"application\/ld+json\" class=\"yoast-schema-graph\">{\"@context\":\"https:\\\/\\\/schema.org\",\"@graph\":[{\"@type\":\"WebPage\",\"@id\":\"https:\\\/\\\/letrame.com\\\/catalogo\\\/producto\\\/alianze\\\/\",\"url\":\"https:\\\/\\\/letrame.com\\\/catalogo\\\/producto\\\/alianze\\\/\",\"name\":\"Alianze - Catalogo | Letrame Grupo Editorial\",\"isPartOf\":{\"@id\":\"https:\\\/\\\/letrame.com\\\/catalogo\\\/#website\"},\"primaryImageOfPage\":{\"@id\":\"https:\\\/\\\/letrame.com\\\/catalogo\\\/producto\\\/alianze\\\/#primaryimage\"},\"image\":{\"@id\":\"https:\\\/\\\/letrame.com\\\/catalogo\\\/producto\\\/alianze\\\/#primaryimage\"},\"thumbnailUrl\":\"https:\\\/\\\/letrame.com\\\/catalogo\\\/wp-content\\\/uploads\\\/2024\\\/04\\\/web_portadaalianze_2538mm-compressed.jpg\",\"datePublished\":\"2024-04-29T13:25:47+00:00\",\"dateModified\":\"2024-04-29T13:25:54+00:00\",\"breadcrumb\":{\"@id\":\"https:\\\/\\\/letrame.com\\\/catalogo\\\/producto\\\/alianze\\\/#breadcrumb\"},\"inLanguage\":\"es\",\"potentialAction\":[{\"@type\":\"ReadAction\",\"target\":[\"https:\\\/\\\/letrame.com\\\/catalogo\\\/producto\\\/alianze\\\/\"]}]},{\"@type\":\"ImageObject\",\"inLanguage\":\"es\",\"@id\":\"https:\\\/\\\/letrame.com\\\/catalogo\\\/producto\\\/alianze\\\/#primaryimage\",\"url\":\"https:\\\/\\\/letrame.com\\\/catalogo\\\/wp-content\\\/uploads\\\/2024\\\/04\\\/web_portadaalianze_2538mm-compressed.jpg\",\"contentUrl\":\"https:\\\/\\\/letrame.com\\\/catalogo\\\/wp-content\\\/uploads\\\/2024\\\/04\\\/web_portadaalianze_2538mm-compressed.jpg\",\"width\":601,\"height\":881},{\"@type\":\"BreadcrumbList\",\"@id\":\"https:\\\/\\\/letrame.com\\\/catalogo\\\/producto\\\/alianze\\\/#breadcrumb\",\"itemListElement\":[{\"@type\":\"ListItem\",\"position\":1,\"name\":\"Portada\",\"item\":\"https:\\\/\\\/letrame.com\\\/catalogo\\\/\"},{\"@type\":\"ListItem\",\"position\":2,\"name\":\"Cat\u00e1logo\",\"item\":\"https:\\\/\\\/letrame.com\\\/catalogo\\\/\"},{\"@type\":\"ListItem\",\"position\":3,\"name\":\"Alianze\"}]},{\"@type\":\"WebSite\",\"@id\":\"https:\\\/\\\/letrame.com\\\/catalogo\\\/#website\",\"url\":\"https:\\\/\\\/letrame.com\\\/catalogo\\\/\",\"name\":\"Catalogo | Letrame Grupo Editorial\",\"description\":\"\",\"publisher\":{\"@id\":\"https:\\\/\\\/letrame.com\\\/catalogo\\\/#organization\"},\"potentialAction\":[{\"@type\":\"SearchAction\",\"target\":{\"@type\":\"EntryPoint\",\"urlTemplate\":\"https:\\\/\\\/letrame.com\\\/catalogo\\\/?s={search_term_string}\"},\"query-input\":{\"@type\":\"PropertyValueSpecification\",\"valueRequired\":true,\"valueName\":\"search_term_string\"}}],\"inLanguage\":\"es\"},{\"@type\":\"Organization\",\"@id\":\"https:\\\/\\\/letrame.com\\\/catalogo\\\/#organization\",\"name\":\"Catalogo | Letrame Grupo Editorial\",\"url\":\"https:\\\/\\\/letrame.com\\\/catalogo\\\/\",\"logo\":{\"@type\":\"ImageObject\",\"inLanguage\":\"es\",\"@id\":\"https:\\\/\\\/letrame.com\\\/catalogo\\\/#\\\/schema\\\/logo\\\/image\\\/\",\"url\":\"https:\\\/\\\/letrame.com\\\/catalogo\\\/wp-content\\\/uploads\\\/2024\\\/03\\\/logo2.webp\",\"contentUrl\":\"https:\\\/\\\/letrame.com\\\/catalogo\\\/wp-content\\\/uploads\\\/2024\\\/03\\\/logo2.webp\",\"width\":394,\"height\":128,\"caption\":\"Catalogo | Letrame Grupo Editorial\"},\"image\":{\"@id\":\"https:\\\/\\\/letrame.com\\\/catalogo\\\/#\\\/schema\\\/logo\\\/image\\\/\"}}]}<\/script>\n<!-- \/ Yoast SEO plugin. -->","yoast_head_json":{"title":"Alianze - Catalogo | Letrame Grupo Editorial","robots":{"index":"index","follow":"follow","max-snippet":"max-snippet:-1","max-image-preview":"max-image-preview:large","max-video-preview":"max-video-preview:-1"},"canonical":"https:\/\/letrame.com\/catalogo\/producto\/alianze\/","og_locale":"es_ES","og_type":"article","og_title":"Alianze - Catalogo | Letrame Grupo Editorial","og_description":"ISBN: 978-84-1144-803-1 SINOPSIS Muchos son los enigmas que rodean el momento exacto en que ambas especies cruzamos nuestros senderos para continuar recorriendo la historia en mutua y estrecha compa\u00f1\u00eda. Han pasado muchos siglos, sin embargo a\u00fan faltan por responder preguntas como si no ser\u00edan los propios perros los que se autodomesticaron, o incluso si fueron ellos quienes, en cierto modo, domesticaron al Sapiens. De lo que no hay la menor duda es que la relaci\u00f3n entre humanos y perros, es una de las m\u00e1s determinantes de la biolog\u00eda y de la historia natural. El autor ofrece informaci\u00f3n objetiva que, lejos de sentar c\u00e1tedra, provoca, incita y hace part\u00edcipes a los lectores, pactando que sean ellos y ellas quienes lleguen a algunas hip\u00f3tesis o particulares conclusiones finales. Esta obra consigue combinar la divulgaci\u00f3n, usando un lenguaje accesible y un tono estimulante, con la narrativa de unos deliciosos relatos ad hoc, que permiten recorrer las particularidades que defin\u00edan nuestra relaci\u00f3n con los perros en cada uno de los momentos m\u00e1s significativos de la historia humana.\u00a0 Entre sus p\u00e1ginas, te sumerges en un viaje por el tiempo donde te asomas a sucesos reales que marcaron la vida de nuestros antepasados, conoces a personajes c\u00e9lebres y a menudo llegas a reconocer la personalidad de tu propio perro\/a reflejada en los que aparecen en las narraciones. Antes de continuar pregunt\u00e9monos algo: \u00bfEn qu\u00e9 porcentaje crees que debemos nuestra propia existencia tal y como la conocemos a los perros?","og_url":"https:\/\/letrame.com\/catalogo\/producto\/alianze\/","og_site_name":"Catalogo | Letrame Grupo Editorial","article_modified_time":"2024-04-29T13:25:54+00:00","og_image":[{"width":601,"height":881,"url":"https:\/\/letrame.com\/catalogo\/wp-content\/uploads\/2024\/04\/web_portadaalianze_2538mm-compressed.jpg","type":"image\/jpeg"}],"twitter_card":"summary_large_image","twitter_misc":{"Tiempo de lectura":"1 minuto"},"schema":{"@context":"https:\/\/schema.org","@graph":[{"@type":"WebPage","@id":"https:\/\/letrame.com\/catalogo\/producto\/alianze\/","url":"https:\/\/letrame.com\/catalogo\/producto\/alianze\/","name":"Alianze - Catalogo | Letrame Grupo Editorial","isPartOf":{"@id":"https:\/\/letrame.com\/catalogo\/#website"},"primaryImageOfPage":{"@id":"https:\/\/letrame.com\/catalogo\/producto\/alianze\/#primaryimage"},"image":{"@id":"https:\/\/letrame.com\/catalogo\/producto\/alianze\/#primaryimage"},"thumbnailUrl":"https:\/\/letrame.com\/catalogo\/wp-content\/uploads\/2024\/04\/web_portadaalianze_2538mm-compressed.jpg","datePublished":"2024-04-29T13:25:47+00:00","dateModified":"2024-04-29T13:25:54+00:00","breadcrumb":{"@id":"https:\/\/letrame.com\/catalogo\/producto\/alianze\/#breadcrumb"},"inLanguage":"es","potentialAction":[{"@type":"ReadAction","target":["https:\/\/letrame.com\/catalogo\/producto\/alianze\/"]}]},{"@type":"ImageObject","inLanguage":"es","@id":"https:\/\/letrame.com\/catalogo\/producto\/alianze\/#primaryimage","url":"https:\/\/letrame.com\/catalogo\/wp-content\/uploads\/2024\/04\/web_portadaalianze_2538mm-compressed.jpg","contentUrl":"https:\/\/letrame.com\/catalogo\/wp-content\/uploads\/2024\/04\/web_portadaalianze_2538mm-compressed.jpg","width":601,"height":881},{"@type":"BreadcrumbList","@id":"https:\/\/letrame.com\/catalogo\/producto\/alianze\/#breadcrumb","itemListElement":[{"@type":"ListItem","position":1,"name":"Portada","item":"https:\/\/letrame.com\/catalogo\/"},{"@type":"ListItem","position":2,"name":"Cat\u00e1logo","item":"https:\/\/letrame.com\/catalogo\/"},{"@type":"ListItem","position":3,"name":"Alianze"}]},{"@type":"WebSite","@id":"https:\/\/letrame.com\/catalogo\/#website","url":"https:\/\/letrame.com\/catalogo\/","name":"Catalogo | Letrame Grupo Editorial","description":"","publisher":{"@id":"https:\/\/letrame.com\/catalogo\/#organization"},"potentialAction":[{"@type":"SearchAction","target":{"@type":"EntryPoint","urlTemplate":"https:\/\/letrame.com\/catalogo\/?s={search_term_string}"},"query-input":{"@type":"PropertyValueSpecification","valueRequired":true,"valueName":"search_term_string"}}],"inLanguage":"es"},{"@type":"Organization","@id":"https:\/\/letrame.com\/catalogo\/#organization","name":"Catalogo | Letrame Grupo Editorial","url":"https:\/\/letrame.com\/catalogo\/","logo":{"@type":"ImageObject","inLanguage":"es","@id":"https:\/\/letrame.com\/catalogo\/#\/schema\/logo\/image\/","url":"https:\/\/letrame.com\/catalogo\/wp-content\/uploads\/2024\/03\/logo2.webp","contentUrl":"https:\/\/letrame.com\/catalogo\/wp-content\/uploads\/2024\/03\/logo2.webp","width":394,"height":128,"caption":"Catalogo | Letrame Grupo Editorial"},"image":{"@id":"https:\/\/letrame.com\/catalogo\/#\/schema\/logo\/image\/"}}]}},"_links":{"self":[{"href":"https:\/\/letrame.com\/catalogo\/wp-json\/wp\/v2\/product\/98852","targetHints":{"allow":["GET"]}}],"collection":[{"href":"https:\/\/letrame.com\/catalogo\/wp-json\/wp\/v2\/product"}],"about":[{"href":"https:\/\/letrame.com\/catalogo\/wp-json\/wp\/v2\/types\/product"}],"replies":[{"embeddable":true,"href":"https:\/\/letrame.com\/catalogo\/wp-json\/wp\/v2\/comments?post=98852"}],"acf:post":[{"embeddable":true,"href":"https:\/\/letrame.com\/catalogo\/wp-json\/wp\/v2\/author_book\/77265"}],"wp:featuredmedia":[{"embeddable":true,"href":"https:\/\/letrame.com\/catalogo\/wp-json\/wp\/v2\/media\/98853"}],"wp:attachment":[{"href":"https:\/\/letrame.com\/catalogo\/wp-json\/wp\/v2\/media?parent=98852"}],"wp:term":[{"taxonomy":"libro","embeddable":true,"href":"https:\/\/letrame.com\/catalogo\/wp-json\/wp\/v2\/libro?post=98852"},{"taxonomy":"product_brand","embeddable":true,"href":"https:\/\/letrame.com\/catalogo\/wp-json\/wp\/v2\/product_brand?post=98852"},{"taxonomy":"product_cat","embeddable":true,"href":"https:\/\/letrame.com\/catalogo\/wp-json\/wp\/v2\/product_cat?post=98852"},{"taxonomy":"product_tag","embeddable":true,"href":"https:\/\/letrame.com\/catalogo\/wp-json\/wp\/v2\/product_tag?post=98852"}],"curies":[{"name":"wp","href":"https:\/\/api.w.org\/{rel}","templated":true}]}}