{"id":98850,"date":"2024-04-29T15:25:47","date_gmt":"2024-04-29T13:25:47","guid":{"rendered":"https:\/\/letrame.com\/catalogo\/producto\/contigo-sin-ti-despues-de-ti\/"},"modified":"2024-04-29T15:25:50","modified_gmt":"2024-04-29T13:25:50","slug":"contigo-sin-ti-despues-de-ti","status":"publish","type":"product","link":"https:\/\/letrame.com\/catalogo\/producto\/contigo-sin-ti-despues-de-ti\/","title":{"rendered":"Contigo, sin ti despu\u00e9s de ti"},"content":{"rendered":"<p><strong>ISBN<\/strong>: 978-84-1144-752-2<\/p>\n<p><strong>T\u00edtulo<\/strong>: Contigo, sin ti despu\u00e9s de ti<br \/>\n<strong>Fecha<\/strong>: 2023<br \/>\n<strong>P\u00e1ginas<\/strong>: 130<\/p>\n<p><strong>SINOPSIS<\/strong><\/p>\n<p>\u00bfAlguna vez has tenido un amor que por m\u00e1s que quisiste, no pudo quedarse contigo?<\/p>\n<p>Este poemario, habla precisamente de las tres etapas que vienen con ese tipo de romances:<br \/>\n-Cuando est\u00e1n Contigo y todo es perfecto.<br \/>\n-Cuando est\u00e1s Sin ellos y sientes que tu mundo se hace trizas.<br \/>\n-Y finalmente, Despu\u00e9s de haberlos superado, cuando llegan otros amores a ense\u00f1arte por qu\u00e9 no pudo ser con alguien m\u00e1s.<\/p>\n<p>Un libro de poes\u00eda directa con el que cualquiera que se haya enamorado puede conectar.<\/p>\n","protected":false},"excerpt":{"rendered":"<p><strong>ISBN<\/strong>: 978-84-1144-752-2<\/p>\n<p><strong>SINOPSIS<\/strong><\/p>\n<p>\u00bfAlguna vez has tenido un amor que por m\u00e1s que quisiste, no pudo quedarse contigo?<\/p>\n<p>Este poemario, habla precisamente de las tres etapas que vienen con ese tipo de romances:<br \/>\n-Cuando est\u00e1n Contigo y todo es perfecto.<br \/>\n-Cuando est\u00e1s Sin ellos y sientes que tu mundo se hace trizas.<br \/>\n-Y finalmente, Despu\u00e9s de haberlos superado, cuando llegan otros amores a ense\u00f1arte por qu\u00e9 no pudo ser con alguien m\u00e1s.<\/p>\n<p>Un libro de poes\u00eda directa con el que cualquiera que se haya enamorado puede conectar.<\/p>\n","protected":false},"featured_media":98851,"comment_status":"closed","ping_status":"open","template":"","meta":{"_acf_changed":false},"libro":[],"product_brand":[],"product_cat":[26],"product_tag":[],"class_list":{"0":"post-98850","1":"product","2":"type-product","3":"status-publish","4":"has-post-thumbnail","6":"product_cat-sin-categoria","8":"first","9":"instock","10":"product-type-simple"},"acf":{"autor":[75998],"enlace_de_compra":""},"yoast_head":"<!-- This site is optimized with the Yoast SEO plugin v27.4 - https:\/\/yoast.com\/product\/yoast-seo-wordpress\/ -->\n<title>Contigo, sin ti despu\u00e9s de ti - Catalogo | Letrame Grupo Editorial<\/title>\n<meta name=\"robots\" content=\"index, follow, max-snippet:-1, max-image-preview:large, max-video-preview:-1\" \/>\n<link rel=\"canonical\" href=\"https:\/\/letrame.com\/catalogo\/producto\/contigo-sin-ti-despues-de-ti\/\" \/>\n<meta property=\"og:locale\" content=\"es_ES\" \/>\n<meta property=\"og:type\" content=\"article\" \/>\n<meta property=\"og:title\" content=\"Contigo, sin ti despu\u00e9s de ti - Catalogo | Letrame Grupo Editorial\" \/>\n<meta property=\"og:description\" content=\"ISBN: 978-84-1144-752-2 SINOPSIS \u00bfAlguna vez has tenido un amor que por m\u00e1s que quisiste, no pudo quedarse contigo? Este poemario, habla precisamente de las tres etapas que vienen con ese tipo de romances: -Cuando est\u00e1n Contigo y todo es perfecto. -Cuando est\u00e1s Sin ellos y sientes que tu mundo se hace trizas. -Y finalmente, Despu\u00e9s de haberlos superado, cuando llegan otros amores a ense\u00f1arte por qu\u00e9 no pudo ser con alguien m\u00e1s. Un libro de poes\u00eda directa con el que cualquiera que se haya enamorado puede conectar.\" \/>\n<meta property=\"og:url\" content=\"https:\/\/letrame.com\/catalogo\/producto\/contigo-sin-ti-despues-de-ti\/\" \/>\n<meta property=\"og:site_name\" content=\"Catalogo | Letrame Grupo Editorial\" \/>\n<meta property=\"article:modified_time\" content=\"2024-04-29T13:25:50+00:00\" \/>\n<meta property=\"og:image\" content=\"https:\/\/letrame.com\/catalogo\/wp-content\/uploads\/2024\/04\/webportadacontigosinti_71mm_Ricardo-compressed.jpg\" \/>\n\t<meta property=\"og:image:width\" content=\"601\" \/>\n\t<meta property=\"og:image:height\" content=\"881\" \/>\n\t<meta property=\"og:image:type\" content=\"image\/jpeg\" \/>\n<meta name=\"twitter:card\" content=\"summary_large_image\" \/>\n<meta name=\"twitter:label1\" content=\"Tiempo de lectura\" \/>\n\t<meta name=\"twitter:data1\" content=\"1 minuto\" \/>\n<script type=\"application\/ld+json\" class=\"yoast-schema-graph\">{\"@context\":\"https:\\\/\\\/schema.org\",\"@graph\":[{\"@type\":\"WebPage\",\"@id\":\"https:\\\/\\\/letrame.com\\\/catalogo\\\/producto\\\/contigo-sin-ti-despues-de-ti\\\/\",\"url\":\"https:\\\/\\\/letrame.com\\\/catalogo\\\/producto\\\/contigo-sin-ti-despues-de-ti\\\/\",\"name\":\"Contigo, sin ti despu\u00e9s de ti - Catalogo | Letrame Grupo Editorial\",\"isPartOf\":{\"@id\":\"https:\\\/\\\/letrame.com\\\/catalogo\\\/#website\"},\"primaryImageOfPage\":{\"@id\":\"https:\\\/\\\/letrame.com\\\/catalogo\\\/producto\\\/contigo-sin-ti-despues-de-ti\\\/#primaryimage\"},\"image\":{\"@id\":\"https:\\\/\\\/letrame.com\\\/catalogo\\\/producto\\\/contigo-sin-ti-despues-de-ti\\\/#primaryimage\"},\"thumbnailUrl\":\"https:\\\/\\\/letrame.com\\\/catalogo\\\/wp-content\\\/uploads\\\/2024\\\/04\\\/webportadacontigosinti_71mm_Ricardo-compressed.jpg\",\"datePublished\":\"2024-04-29T13:25:47+00:00\",\"dateModified\":\"2024-04-29T13:25:50+00:00\",\"breadcrumb\":{\"@id\":\"https:\\\/\\\/letrame.com\\\/catalogo\\\/producto\\\/contigo-sin-ti-despues-de-ti\\\/#breadcrumb\"},\"inLanguage\":\"es\",\"potentialAction\":[{\"@type\":\"ReadAction\",\"target\":[\"https:\\\/\\\/letrame.com\\\/catalogo\\\/producto\\\/contigo-sin-ti-despues-de-ti\\\/\"]}]},{\"@type\":\"ImageObject\",\"inLanguage\":\"es\",\"@id\":\"https:\\\/\\\/letrame.com\\\/catalogo\\\/producto\\\/contigo-sin-ti-despues-de-ti\\\/#primaryimage\",\"url\":\"https:\\\/\\\/letrame.com\\\/catalogo\\\/wp-content\\\/uploads\\\/2024\\\/04\\\/webportadacontigosinti_71mm_Ricardo-compressed.jpg\",\"contentUrl\":\"https:\\\/\\\/letrame.com\\\/catalogo\\\/wp-content\\\/uploads\\\/2024\\\/04\\\/webportadacontigosinti_71mm_Ricardo-compressed.jpg\",\"width\":601,\"height\":881},{\"@type\":\"BreadcrumbList\",\"@id\":\"https:\\\/\\\/letrame.com\\\/catalogo\\\/producto\\\/contigo-sin-ti-despues-de-ti\\\/#breadcrumb\",\"itemListElement\":[{\"@type\":\"ListItem\",\"position\":1,\"name\":\"Portada\",\"item\":\"https:\\\/\\\/letrame.com\\\/catalogo\\\/\"},{\"@type\":\"ListItem\",\"position\":2,\"name\":\"Cat\u00e1logo\",\"item\":\"https:\\\/\\\/letrame.com\\\/catalogo\\\/\"},{\"@type\":\"ListItem\",\"position\":3,\"name\":\"Contigo, sin ti despu\u00e9s de ti\"}]},{\"@type\":\"WebSite\",\"@id\":\"https:\\\/\\\/letrame.com\\\/catalogo\\\/#website\",\"url\":\"https:\\\/\\\/letrame.com\\\/catalogo\\\/\",\"name\":\"Catalogo | Letrame Grupo Editorial\",\"description\":\"\",\"publisher\":{\"@id\":\"https:\\\/\\\/letrame.com\\\/catalogo\\\/#organization\"},\"potentialAction\":[{\"@type\":\"SearchAction\",\"target\":{\"@type\":\"EntryPoint\",\"urlTemplate\":\"https:\\\/\\\/letrame.com\\\/catalogo\\\/?s={search_term_string}\"},\"query-input\":{\"@type\":\"PropertyValueSpecification\",\"valueRequired\":true,\"valueName\":\"search_term_string\"}}],\"inLanguage\":\"es\"},{\"@type\":\"Organization\",\"@id\":\"https:\\\/\\\/letrame.com\\\/catalogo\\\/#organization\",\"name\":\"Catalogo | Letrame Grupo Editorial\",\"url\":\"https:\\\/\\\/letrame.com\\\/catalogo\\\/\",\"logo\":{\"@type\":\"ImageObject\",\"inLanguage\":\"es\",\"@id\":\"https:\\\/\\\/letrame.com\\\/catalogo\\\/#\\\/schema\\\/logo\\\/image\\\/\",\"url\":\"https:\\\/\\\/letrame.com\\\/catalogo\\\/wp-content\\\/uploads\\\/2024\\\/03\\\/logo2.webp\",\"contentUrl\":\"https:\\\/\\\/letrame.com\\\/catalogo\\\/wp-content\\\/uploads\\\/2024\\\/03\\\/logo2.webp\",\"width\":394,\"height\":128,\"caption\":\"Catalogo | Letrame Grupo Editorial\"},\"image\":{\"@id\":\"https:\\\/\\\/letrame.com\\\/catalogo\\\/#\\\/schema\\\/logo\\\/image\\\/\"}}]}<\/script>\n<!-- \/ Yoast SEO plugin. -->","yoast_head_json":{"title":"Contigo, sin ti despu\u00e9s de ti - Catalogo | Letrame Grupo Editorial","robots":{"index":"index","follow":"follow","max-snippet":"max-snippet:-1","max-image-preview":"max-image-preview:large","max-video-preview":"max-video-preview:-1"},"canonical":"https:\/\/letrame.com\/catalogo\/producto\/contigo-sin-ti-despues-de-ti\/","og_locale":"es_ES","og_type":"article","og_title":"Contigo, sin ti despu\u00e9s de ti - Catalogo | Letrame Grupo Editorial","og_description":"ISBN: 978-84-1144-752-2 SINOPSIS \u00bfAlguna vez has tenido un amor que por m\u00e1s que quisiste, no pudo quedarse contigo? Este poemario, habla precisamente de las tres etapas que vienen con ese tipo de romances: -Cuando est\u00e1n Contigo y todo es perfecto. -Cuando est\u00e1s Sin ellos y sientes que tu mundo se hace trizas. -Y finalmente, Despu\u00e9s de haberlos superado, cuando llegan otros amores a ense\u00f1arte por qu\u00e9 no pudo ser con alguien m\u00e1s. Un libro de poes\u00eda directa con el que cualquiera que se haya enamorado puede conectar.","og_url":"https:\/\/letrame.com\/catalogo\/producto\/contigo-sin-ti-despues-de-ti\/","og_site_name":"Catalogo | Letrame Grupo Editorial","article_modified_time":"2024-04-29T13:25:50+00:00","og_image":[{"width":601,"height":881,"url":"https:\/\/letrame.com\/catalogo\/wp-content\/uploads\/2024\/04\/webportadacontigosinti_71mm_Ricardo-compressed.jpg","type":"image\/jpeg"}],"twitter_card":"summary_large_image","twitter_misc":{"Tiempo de lectura":"1 minuto"},"schema":{"@context":"https:\/\/schema.org","@graph":[{"@type":"WebPage","@id":"https:\/\/letrame.com\/catalogo\/producto\/contigo-sin-ti-despues-de-ti\/","url":"https:\/\/letrame.com\/catalogo\/producto\/contigo-sin-ti-despues-de-ti\/","name":"Contigo, sin ti despu\u00e9s de ti - Catalogo | Letrame Grupo Editorial","isPartOf":{"@id":"https:\/\/letrame.com\/catalogo\/#website"},"primaryImageOfPage":{"@id":"https:\/\/letrame.com\/catalogo\/producto\/contigo-sin-ti-despues-de-ti\/#primaryimage"},"image":{"@id":"https:\/\/letrame.com\/catalogo\/producto\/contigo-sin-ti-despues-de-ti\/#primaryimage"},"thumbnailUrl":"https:\/\/letrame.com\/catalogo\/wp-content\/uploads\/2024\/04\/webportadacontigosinti_71mm_Ricardo-compressed.jpg","datePublished":"2024-04-29T13:25:47+00:00","dateModified":"2024-04-29T13:25:50+00:00","breadcrumb":{"@id":"https:\/\/letrame.com\/catalogo\/producto\/contigo-sin-ti-despues-de-ti\/#breadcrumb"},"inLanguage":"es","potentialAction":[{"@type":"ReadAction","target":["https:\/\/letrame.com\/catalogo\/producto\/contigo-sin-ti-despues-de-ti\/"]}]},{"@type":"ImageObject","inLanguage":"es","@id":"https:\/\/letrame.com\/catalogo\/producto\/contigo-sin-ti-despues-de-ti\/#primaryimage","url":"https:\/\/letrame.com\/catalogo\/wp-content\/uploads\/2024\/04\/webportadacontigosinti_71mm_Ricardo-compressed.jpg","contentUrl":"https:\/\/letrame.com\/catalogo\/wp-content\/uploads\/2024\/04\/webportadacontigosinti_71mm_Ricardo-compressed.jpg","width":601,"height":881},{"@type":"BreadcrumbList","@id":"https:\/\/letrame.com\/catalogo\/producto\/contigo-sin-ti-despues-de-ti\/#breadcrumb","itemListElement":[{"@type":"ListItem","position":1,"name":"Portada","item":"https:\/\/letrame.com\/catalogo\/"},{"@type":"ListItem","position":2,"name":"Cat\u00e1logo","item":"https:\/\/letrame.com\/catalogo\/"},{"@type":"ListItem","position":3,"name":"Contigo, sin ti despu\u00e9s de ti"}]},{"@type":"WebSite","@id":"https:\/\/letrame.com\/catalogo\/#website","url":"https:\/\/letrame.com\/catalogo\/","name":"Catalogo | Letrame Grupo Editorial","description":"","publisher":{"@id":"https:\/\/letrame.com\/catalogo\/#organization"},"potentialAction":[{"@type":"SearchAction","target":{"@type":"EntryPoint","urlTemplate":"https:\/\/letrame.com\/catalogo\/?s={search_term_string}"},"query-input":{"@type":"PropertyValueSpecification","valueRequired":true,"valueName":"search_term_string"}}],"inLanguage":"es"},{"@type":"Organization","@id":"https:\/\/letrame.com\/catalogo\/#organization","name":"Catalogo | Letrame Grupo Editorial","url":"https:\/\/letrame.com\/catalogo\/","logo":{"@type":"ImageObject","inLanguage":"es","@id":"https:\/\/letrame.com\/catalogo\/#\/schema\/logo\/image\/","url":"https:\/\/letrame.com\/catalogo\/wp-content\/uploads\/2024\/03\/logo2.webp","contentUrl":"https:\/\/letrame.com\/catalogo\/wp-content\/uploads\/2024\/03\/logo2.webp","width":394,"height":128,"caption":"Catalogo | Letrame Grupo Editorial"},"image":{"@id":"https:\/\/letrame.com\/catalogo\/#\/schema\/logo\/image\/"}}]}},"_links":{"self":[{"href":"https:\/\/letrame.com\/catalogo\/wp-json\/wp\/v2\/product\/98850","targetHints":{"allow":["GET"]}}],"collection":[{"href":"https:\/\/letrame.com\/catalogo\/wp-json\/wp\/v2\/product"}],"about":[{"href":"https:\/\/letrame.com\/catalogo\/wp-json\/wp\/v2\/types\/product"}],"replies":[{"embeddable":true,"href":"https:\/\/letrame.com\/catalogo\/wp-json\/wp\/v2\/comments?post=98850"}],"acf:post":[{"embeddable":true,"href":"https:\/\/letrame.com\/catalogo\/wp-json\/wp\/v2\/author_book\/75998"}],"wp:featuredmedia":[{"embeddable":true,"href":"https:\/\/letrame.com\/catalogo\/wp-json\/wp\/v2\/media\/98851"}],"wp:attachment":[{"href":"https:\/\/letrame.com\/catalogo\/wp-json\/wp\/v2\/media?parent=98850"}],"wp:term":[{"taxonomy":"libro","embeddable":true,"href":"https:\/\/letrame.com\/catalogo\/wp-json\/wp\/v2\/libro?post=98850"},{"taxonomy":"product_brand","embeddable":true,"href":"https:\/\/letrame.com\/catalogo\/wp-json\/wp\/v2\/product_brand?post=98850"},{"taxonomy":"product_cat","embeddable":true,"href":"https:\/\/letrame.com\/catalogo\/wp-json\/wp\/v2\/product_cat?post=98850"},{"taxonomy":"product_tag","embeddable":true,"href":"https:\/\/letrame.com\/catalogo\/wp-json\/wp\/v2\/product_tag?post=98850"}],"curies":[{"name":"wp","href":"https:\/\/api.w.org\/{rel}","templated":true}]}}