{"id":98842,"date":"2024-04-29T15:25:21","date_gmt":"2024-04-29T13:25:21","guid":{"rendered":"https:\/\/letrame.com\/catalogo\/producto\/tinta-de-sangre\/"},"modified":"2024-04-29T15:25:21","modified_gmt":"2024-04-29T13:25:21","slug":"tinta-de-sangre","status":"publish","type":"product","link":"https:\/\/letrame.com\/catalogo\/producto\/tinta-de-sangre\/","title":{"rendered":"Tinta de sangre"},"content":{"rendered":"<p><strong>ISBN<\/strong>: 978-84-1144-814-7<\/p>\n<p><strong>T\u00edtulo<\/strong>: Tinta de sangre<br \/>\n<strong>Fecha<\/strong>: 2023<br \/>\n<strong>P\u00e1ginas<\/strong>: 252<\/p>\n<p><strong>SINOPSIS<\/strong><\/p>\n<p>Isaac es obligado a describir con pu\u00f1o y letras en una libre\u00a0las muertes de seres bil\u00f3gicos, tras haberle firmado con sangre un contrato al diablo. Luego de que fallase\u00a0como escritor de ficci\u00f3n en su novela <em>La Guerra de los dioses,<\/em> donde Aristo, un gran guerrero que arriesg\u00f3 su vida en caminos oscuros y tenebrosos, solo por salvar la vida de Alaia, la hija del rey Ziva de Afjania, la cual hab\u00eda sido herida de flecha con una maldici\u00f3n.<\/p>\n<p>&nbsp;<\/p>\n<p>A su vez, a Isaac se le fue otorgado el poder maligno de la escritura, dando muerte a todo aquel que se le ped\u00eda y convirti\u00e9ndolo en el escritor del diablo, hombre bien pagado y con mucho poder.<\/p>\n<p>&nbsp;<\/p>\n<p>Tan grande fue ese poder.<\/p>\n<p>&nbsp;<\/p>\n<p>Que no solo dio muerte.<\/p>\n<p>&nbsp;<\/p>\n<p>Sino que dio vida a dos demonios monstruosos:<\/p>\n<p>&nbsp;<\/p>\n<p>Kampl y Danielle\u2026<\/p>\n<p>&nbsp;<\/p>\n","protected":false},"excerpt":{"rendered":"<p><strong>ISBN<\/strong>: 978-84-1144-814-7<\/p>\n<p><strong>SINOPSIS<\/strong><\/p>\n<p>Isaac es obligado a describir con pu\u00f1o y letras en una libre\u00a0las muertes de seres bil\u00f3gicos, tras haberle firmado con sangre un contrato al diablo. Luego de que fallase\u00a0como escritor de ficci\u00f3n en su novela <em>La Guerra de los dioses,<\/em> donde Aristo, un gran guerrero que arriesg\u00f3 su vida en caminos oscuros y tenebrosos, solo por salvar la vida de Alaia, la hija del rey Ziva de Afjania, la cual hab\u00eda sido herida de flecha con una maldici\u00f3n.<\/p>\n<p>&nbsp;<\/p>\n<p>A su vez, a Isaac se le fue otorgado el poder maligno de la escritura, dando muerte a todo aquel que se le ped\u00eda y convirti\u00e9ndolo en el escritor del diablo, hombre bien pagado y con mucho poder.<\/p>\n<p>&nbsp;<\/p>\n<p>Tan grande fue ese poder.<\/p>\n<p>&nbsp;<\/p>\n<p>Que no solo dio muerte.<\/p>\n<p>&nbsp;<\/p>\n<p>Sino que dio vida a dos demonios monstruosos:<\/p>\n<p>&nbsp;<\/p>\n<p>Kampl y Danielle\u2026<\/p>\n<p>&nbsp;<\/p>\n","protected":false},"featured_media":98843,"comment_status":"closed","ping_status":"open","template":"","meta":{"_acf_changed":false},"libro":[],"product_brand":[],"product_cat":[26],"product_tag":[],"class_list":{"0":"post-98842","1":"product","2":"type-product","3":"status-publish","4":"has-post-thumbnail","6":"product_cat-sin-categoria","8":"first","9":"instock","10":"product-type-simple"},"acf":{"autor":[77256],"enlace_de_compra":""},"yoast_head":"<!-- This site is optimized with the Yoast SEO plugin v27.4 - https:\/\/yoast.com\/product\/yoast-seo-wordpress\/ -->\n<title>Tinta de sangre - Catalogo | Letrame Grupo Editorial<\/title>\n<meta name=\"robots\" content=\"index, follow, max-snippet:-1, max-image-preview:large, max-video-preview:-1\" \/>\n<link rel=\"canonical\" href=\"https:\/\/letrame.com\/catalogo\/producto\/tinta-de-sangre\/\" \/>\n<meta property=\"og:locale\" content=\"es_ES\" \/>\n<meta property=\"og:type\" content=\"article\" \/>\n<meta property=\"og:title\" content=\"Tinta de sangre - Catalogo | Letrame Grupo Editorial\" \/>\n<meta property=\"og:description\" content=\"ISBN: 978-84-1144-814-7 SINOPSIS Isaac es obligado a describir con pu\u00f1o y letras en una libre\u00a0las muertes de seres bil\u00f3gicos, tras haberle firmado con sangre un contrato al diablo. Luego de que fallase\u00a0como escritor de ficci\u00f3n en su novela La Guerra de los dioses, donde Aristo, un gran guerrero que arriesg\u00f3 su vida en caminos oscuros y tenebrosos, solo por salvar la vida de Alaia, la hija del rey Ziva de Afjania, la cual hab\u00eda sido herida de flecha con una maldici\u00f3n. &nbsp; A su vez, a Isaac se le fue otorgado el poder maligno de la escritura, dando muerte a todo aquel que se le ped\u00eda y convirti\u00e9ndolo en el escritor del diablo, hombre bien pagado y con mucho poder. &nbsp; Tan grande fue ese poder. &nbsp; Que no solo dio muerte. &nbsp; Sino que dio vida a dos demonios monstruosos: &nbsp; Kampl y Danielle\u2026 &nbsp;\" \/>\n<meta property=\"og:url\" content=\"https:\/\/letrame.com\/catalogo\/producto\/tinta-de-sangre\/\" \/>\n<meta property=\"og:site_name\" content=\"Catalogo | Letrame Grupo Editorial\" \/>\n<meta property=\"og:image\" content=\"https:\/\/letrame.com\/catalogo\/wp-content\/uploads\/2024\/04\/web_portadatintadesangre_1857mm-compressed.jpg\" \/>\n\t<meta property=\"og:image:width\" content=\"601\" \/>\n\t<meta property=\"og:image:height\" content=\"881\" \/>\n\t<meta property=\"og:image:type\" content=\"image\/jpeg\" \/>\n<meta name=\"twitter:card\" content=\"summary_large_image\" \/>\n<meta name=\"twitter:label1\" content=\"Tiempo de lectura\" \/>\n\t<meta name=\"twitter:data1\" content=\"1 minuto\" \/>\n<script type=\"application\/ld+json\" class=\"yoast-schema-graph\">{\"@context\":\"https:\\\/\\\/schema.org\",\"@graph\":[{\"@type\":\"WebPage\",\"@id\":\"https:\\\/\\\/letrame.com\\\/catalogo\\\/producto\\\/tinta-de-sangre\\\/\",\"url\":\"https:\\\/\\\/letrame.com\\\/catalogo\\\/producto\\\/tinta-de-sangre\\\/\",\"name\":\"Tinta de sangre - Catalogo | Letrame Grupo Editorial\",\"isPartOf\":{\"@id\":\"https:\\\/\\\/letrame.com\\\/catalogo\\\/#website\"},\"primaryImageOfPage\":{\"@id\":\"https:\\\/\\\/letrame.com\\\/catalogo\\\/producto\\\/tinta-de-sangre\\\/#primaryimage\"},\"image\":{\"@id\":\"https:\\\/\\\/letrame.com\\\/catalogo\\\/producto\\\/tinta-de-sangre\\\/#primaryimage\"},\"thumbnailUrl\":\"https:\\\/\\\/letrame.com\\\/catalogo\\\/wp-content\\\/uploads\\\/2024\\\/04\\\/web_portadatintadesangre_1857mm-compressed.jpg\",\"datePublished\":\"2024-04-29T13:25:21+00:00\",\"breadcrumb\":{\"@id\":\"https:\\\/\\\/letrame.com\\\/catalogo\\\/producto\\\/tinta-de-sangre\\\/#breadcrumb\"},\"inLanguage\":\"es\",\"potentialAction\":[{\"@type\":\"ReadAction\",\"target\":[\"https:\\\/\\\/letrame.com\\\/catalogo\\\/producto\\\/tinta-de-sangre\\\/\"]}]},{\"@type\":\"ImageObject\",\"inLanguage\":\"es\",\"@id\":\"https:\\\/\\\/letrame.com\\\/catalogo\\\/producto\\\/tinta-de-sangre\\\/#primaryimage\",\"url\":\"https:\\\/\\\/letrame.com\\\/catalogo\\\/wp-content\\\/uploads\\\/2024\\\/04\\\/web_portadatintadesangre_1857mm-compressed.jpg\",\"contentUrl\":\"https:\\\/\\\/letrame.com\\\/catalogo\\\/wp-content\\\/uploads\\\/2024\\\/04\\\/web_portadatintadesangre_1857mm-compressed.jpg\",\"width\":601,\"height\":881},{\"@type\":\"BreadcrumbList\",\"@id\":\"https:\\\/\\\/letrame.com\\\/catalogo\\\/producto\\\/tinta-de-sangre\\\/#breadcrumb\",\"itemListElement\":[{\"@type\":\"ListItem\",\"position\":1,\"name\":\"Portada\",\"item\":\"https:\\\/\\\/letrame.com\\\/catalogo\\\/\"},{\"@type\":\"ListItem\",\"position\":2,\"name\":\"Cat\u00e1logo\",\"item\":\"https:\\\/\\\/letrame.com\\\/catalogo\\\/\"},{\"@type\":\"ListItem\",\"position\":3,\"name\":\"Tinta de sangre\"}]},{\"@type\":\"WebSite\",\"@id\":\"https:\\\/\\\/letrame.com\\\/catalogo\\\/#website\",\"url\":\"https:\\\/\\\/letrame.com\\\/catalogo\\\/\",\"name\":\"Catalogo | Letrame Grupo Editorial\",\"description\":\"\",\"publisher\":{\"@id\":\"https:\\\/\\\/letrame.com\\\/catalogo\\\/#organization\"},\"potentialAction\":[{\"@type\":\"SearchAction\",\"target\":{\"@type\":\"EntryPoint\",\"urlTemplate\":\"https:\\\/\\\/letrame.com\\\/catalogo\\\/?s={search_term_string}\"},\"query-input\":{\"@type\":\"PropertyValueSpecification\",\"valueRequired\":true,\"valueName\":\"search_term_string\"}}],\"inLanguage\":\"es\"},{\"@type\":\"Organization\",\"@id\":\"https:\\\/\\\/letrame.com\\\/catalogo\\\/#organization\",\"name\":\"Catalogo | Letrame Grupo Editorial\",\"url\":\"https:\\\/\\\/letrame.com\\\/catalogo\\\/\",\"logo\":{\"@type\":\"ImageObject\",\"inLanguage\":\"es\",\"@id\":\"https:\\\/\\\/letrame.com\\\/catalogo\\\/#\\\/schema\\\/logo\\\/image\\\/\",\"url\":\"https:\\\/\\\/letrame.com\\\/catalogo\\\/wp-content\\\/uploads\\\/2024\\\/03\\\/logo2.webp\",\"contentUrl\":\"https:\\\/\\\/letrame.com\\\/catalogo\\\/wp-content\\\/uploads\\\/2024\\\/03\\\/logo2.webp\",\"width\":394,\"height\":128,\"caption\":\"Catalogo | Letrame Grupo Editorial\"},\"image\":{\"@id\":\"https:\\\/\\\/letrame.com\\\/catalogo\\\/#\\\/schema\\\/logo\\\/image\\\/\"}}]}<\/script>\n<!-- \/ Yoast SEO plugin. -->","yoast_head_json":{"title":"Tinta de sangre - Catalogo | Letrame Grupo Editorial","robots":{"index":"index","follow":"follow","max-snippet":"max-snippet:-1","max-image-preview":"max-image-preview:large","max-video-preview":"max-video-preview:-1"},"canonical":"https:\/\/letrame.com\/catalogo\/producto\/tinta-de-sangre\/","og_locale":"es_ES","og_type":"article","og_title":"Tinta de sangre - Catalogo | Letrame Grupo Editorial","og_description":"ISBN: 978-84-1144-814-7 SINOPSIS Isaac es obligado a describir con pu\u00f1o y letras en una libre\u00a0las muertes de seres bil\u00f3gicos, tras haberle firmado con sangre un contrato al diablo. Luego de que fallase\u00a0como escritor de ficci\u00f3n en su novela La Guerra de los dioses, donde Aristo, un gran guerrero que arriesg\u00f3 su vida en caminos oscuros y tenebrosos, solo por salvar la vida de Alaia, la hija del rey Ziva de Afjania, la cual hab\u00eda sido herida de flecha con una maldici\u00f3n. &nbsp; A su vez, a Isaac se le fue otorgado el poder maligno de la escritura, dando muerte a todo aquel que se le ped\u00eda y convirti\u00e9ndolo en el escritor del diablo, hombre bien pagado y con mucho poder. &nbsp; Tan grande fue ese poder. &nbsp; Que no solo dio muerte. &nbsp; Sino que dio vida a dos demonios monstruosos: &nbsp; Kampl y Danielle\u2026 &nbsp;","og_url":"https:\/\/letrame.com\/catalogo\/producto\/tinta-de-sangre\/","og_site_name":"Catalogo | Letrame Grupo Editorial","og_image":[{"width":601,"height":881,"url":"https:\/\/letrame.com\/catalogo\/wp-content\/uploads\/2024\/04\/web_portadatintadesangre_1857mm-compressed.jpg","type":"image\/jpeg"}],"twitter_card":"summary_large_image","twitter_misc":{"Tiempo de lectura":"1 minuto"},"schema":{"@context":"https:\/\/schema.org","@graph":[{"@type":"WebPage","@id":"https:\/\/letrame.com\/catalogo\/producto\/tinta-de-sangre\/","url":"https:\/\/letrame.com\/catalogo\/producto\/tinta-de-sangre\/","name":"Tinta de sangre - Catalogo | Letrame Grupo Editorial","isPartOf":{"@id":"https:\/\/letrame.com\/catalogo\/#website"},"primaryImageOfPage":{"@id":"https:\/\/letrame.com\/catalogo\/producto\/tinta-de-sangre\/#primaryimage"},"image":{"@id":"https:\/\/letrame.com\/catalogo\/producto\/tinta-de-sangre\/#primaryimage"},"thumbnailUrl":"https:\/\/letrame.com\/catalogo\/wp-content\/uploads\/2024\/04\/web_portadatintadesangre_1857mm-compressed.jpg","datePublished":"2024-04-29T13:25:21+00:00","breadcrumb":{"@id":"https:\/\/letrame.com\/catalogo\/producto\/tinta-de-sangre\/#breadcrumb"},"inLanguage":"es","potentialAction":[{"@type":"ReadAction","target":["https:\/\/letrame.com\/catalogo\/producto\/tinta-de-sangre\/"]}]},{"@type":"ImageObject","inLanguage":"es","@id":"https:\/\/letrame.com\/catalogo\/producto\/tinta-de-sangre\/#primaryimage","url":"https:\/\/letrame.com\/catalogo\/wp-content\/uploads\/2024\/04\/web_portadatintadesangre_1857mm-compressed.jpg","contentUrl":"https:\/\/letrame.com\/catalogo\/wp-content\/uploads\/2024\/04\/web_portadatintadesangre_1857mm-compressed.jpg","width":601,"height":881},{"@type":"BreadcrumbList","@id":"https:\/\/letrame.com\/catalogo\/producto\/tinta-de-sangre\/#breadcrumb","itemListElement":[{"@type":"ListItem","position":1,"name":"Portada","item":"https:\/\/letrame.com\/catalogo\/"},{"@type":"ListItem","position":2,"name":"Cat\u00e1logo","item":"https:\/\/letrame.com\/catalogo\/"},{"@type":"ListItem","position":3,"name":"Tinta de sangre"}]},{"@type":"WebSite","@id":"https:\/\/letrame.com\/catalogo\/#website","url":"https:\/\/letrame.com\/catalogo\/","name":"Catalogo | Letrame Grupo Editorial","description":"","publisher":{"@id":"https:\/\/letrame.com\/catalogo\/#organization"},"potentialAction":[{"@type":"SearchAction","target":{"@type":"EntryPoint","urlTemplate":"https:\/\/letrame.com\/catalogo\/?s={search_term_string}"},"query-input":{"@type":"PropertyValueSpecification","valueRequired":true,"valueName":"search_term_string"}}],"inLanguage":"es"},{"@type":"Organization","@id":"https:\/\/letrame.com\/catalogo\/#organization","name":"Catalogo | Letrame Grupo Editorial","url":"https:\/\/letrame.com\/catalogo\/","logo":{"@type":"ImageObject","inLanguage":"es","@id":"https:\/\/letrame.com\/catalogo\/#\/schema\/logo\/image\/","url":"https:\/\/letrame.com\/catalogo\/wp-content\/uploads\/2024\/03\/logo2.webp","contentUrl":"https:\/\/letrame.com\/catalogo\/wp-content\/uploads\/2024\/03\/logo2.webp","width":394,"height":128,"caption":"Catalogo | Letrame Grupo Editorial"},"image":{"@id":"https:\/\/letrame.com\/catalogo\/#\/schema\/logo\/image\/"}}]}},"_links":{"self":[{"href":"https:\/\/letrame.com\/catalogo\/wp-json\/wp\/v2\/product\/98842","targetHints":{"allow":["GET"]}}],"collection":[{"href":"https:\/\/letrame.com\/catalogo\/wp-json\/wp\/v2\/product"}],"about":[{"href":"https:\/\/letrame.com\/catalogo\/wp-json\/wp\/v2\/types\/product"}],"replies":[{"embeddable":true,"href":"https:\/\/letrame.com\/catalogo\/wp-json\/wp\/v2\/comments?post=98842"}],"acf:post":[{"embeddable":true,"href":"https:\/\/letrame.com\/catalogo\/wp-json\/wp\/v2\/author_book\/77256"}],"wp:featuredmedia":[{"embeddable":true,"href":"https:\/\/letrame.com\/catalogo\/wp-json\/wp\/v2\/media\/98843"}],"wp:attachment":[{"href":"https:\/\/letrame.com\/catalogo\/wp-json\/wp\/v2\/media?parent=98842"}],"wp:term":[{"taxonomy":"libro","embeddable":true,"href":"https:\/\/letrame.com\/catalogo\/wp-json\/wp\/v2\/libro?post=98842"},{"taxonomy":"product_brand","embeddable":true,"href":"https:\/\/letrame.com\/catalogo\/wp-json\/wp\/v2\/product_brand?post=98842"},{"taxonomy":"product_cat","embeddable":true,"href":"https:\/\/letrame.com\/catalogo\/wp-json\/wp\/v2\/product_cat?post=98842"},{"taxonomy":"product_tag","embeddable":true,"href":"https:\/\/letrame.com\/catalogo\/wp-json\/wp\/v2\/product_tag?post=98842"}],"curies":[{"name":"wp","href":"https:\/\/api.w.org\/{rel}","templated":true}]}}