{"id":98829,"date":"2024-04-29T15:23:57","date_gmt":"2024-04-29T13:23:57","guid":{"rendered":"https:\/\/letrame.com\/catalogo\/producto\/el-secreto-de-puerto-madame\/"},"modified":"2024-04-29T15:24:03","modified_gmt":"2024-04-29T13:24:03","slug":"el-secreto-de-puerto-madame","status":"publish","type":"product","link":"https:\/\/letrame.com\/catalogo\/producto\/el-secreto-de-puerto-madame\/","title":{"rendered":"El secreto de Puerto Madame"},"content":{"rendered":"<p><strong>ISBN<\/strong>: 978-84-1144-948-9<\/p>\n<p><strong>T\u00edtulo<\/strong>: El secreto de Puerto Madame<br \/>\n<strong>Fecha<\/strong>: 2023<br \/>\n<strong>P\u00e1ginas<\/strong>: 280<\/p>\n<p><strong>SINOPSIS<\/strong><\/p>\n<p>En las calles de Puerto Madame, una peque\u00f1a localidad de Uruguay, las vidas de los obreros de la f\u00e1brica de cemento se entretejen entre rutinas y clandestinidad. En este lugar, a principios de los noventa y ya dejando atr\u00e1s la dictadura, el Chueco Marezca lucha por proteger un secreto entre el humo del tabaco y las luces de los locales de mala reputaci\u00f3n. Su vida, al igual que la de Camila, Esther, el Pelado y muchos otros, conforma un tapiz que la detective Judith Cabo deber\u00e1 desentramar para esclarecer varios cr\u00edmenes que parecen tener relaci\u00f3n. \u00bfQui\u00e9n mat\u00f3 al Chino? \u00bfQu\u00e9 se traen entre manos el Pelado, el Chueco y Camila? \u00bfQu\u00e9 ocurre con Esther? Lo que sucedi\u00f3 en la f\u00e1brica, \u00bffue realmente un accidente? Y, sobre todo, \u00bfpodr\u00e1n mantener los ciudadanos de Puerto Madame sus pasiones y secretos a salvo antes de que todo se desborde?<\/p>\n","protected":false},"excerpt":{"rendered":"<p><strong>ISBN<\/strong>: 978-84-1144-948-9<\/p>\n<p><strong>SINOPSIS<\/strong><\/p>\n<p>En las calles de Puerto Madame, una peque\u00f1a localidad de Uruguay, las vidas de los obreros de la f\u00e1brica de cemento se entretejen entre rutinas y clandestinidad. En este lugar, a principios de los noventa y ya dejando atr\u00e1s la dictadura, el Chueco Marezca lucha por proteger un secreto entre el humo del tabaco y las luces de los locales de mala reputaci\u00f3n. Su vida, al igual que la de Camila, Esther, el Pelado y muchos otros, conforma un tapiz que la detective Judith Cabo deber\u00e1 desentramar para esclarecer varios cr\u00edmenes que parecen tener relaci\u00f3n. \u00bfQui\u00e9n mat\u00f3 al Chino? \u00bfQu\u00e9 se traen entre manos el Pelado, el Chueco y Camila? \u00bfQu\u00e9 ocurre con Esther? Lo que sucedi\u00f3 en la f\u00e1brica, \u00bffue realmente un accidente? Y, sobre todo, \u00bfpodr\u00e1n mantener los ciudadanos de Puerto Madame sus pasiones y secretos a salvo antes de que todo se desborde?<\/p>\n","protected":false},"featured_media":98830,"comment_status":"closed","ping_status":"open","template":"","meta":{"_acf_changed":false},"libro":[],"product_brand":[],"product_cat":[16],"product_tag":[],"class_list":{"0":"post-98829","1":"product","2":"type-product","3":"status-publish","4":"has-post-thumbnail","6":"product_cat-novela","8":"first","9":"instock","10":"product-type-simple"},"acf":{"autor":[77244],"enlace_de_compra":"https:\/\/www.amazon.es\/secreto-Puerto-Madame-Cristina-Devoto\/dp\/8411449483\/"},"yoast_head":"<!-- This site is optimized with the Yoast SEO plugin v26.6 - https:\/\/yoast.com\/wordpress\/plugins\/seo\/ -->\n<title>El secreto de Puerto Madame - Catalogo | Letrame Grupo Editorial<\/title>\n<meta name=\"robots\" content=\"index, follow, max-snippet:-1, max-image-preview:large, max-video-preview:-1\" \/>\n<link rel=\"canonical\" href=\"https:\/\/letrame.com\/catalogo\/producto\/el-secreto-de-puerto-madame\/\" \/>\n<meta property=\"og:locale\" content=\"es_ES\" \/>\n<meta property=\"og:type\" content=\"article\" \/>\n<meta property=\"og:title\" content=\"El secreto de Puerto Madame - Catalogo | Letrame Grupo Editorial\" \/>\n<meta property=\"og:description\" content=\"ISBN: 978-84-1144-948-9 SINOPSIS En las calles de Puerto Madame, una peque\u00f1a localidad de Uruguay, las vidas de los obreros de la f\u00e1brica de cemento se entretejen entre rutinas y clandestinidad. En este lugar, a principios de los noventa y ya dejando atr\u00e1s la dictadura, el Chueco Marezca lucha por proteger un secreto entre el humo del tabaco y las luces de los locales de mala reputaci\u00f3n. Su vida, al igual que la de Camila, Esther, el Pelado y muchos otros, conforma un tapiz que la detective Judith Cabo deber\u00e1 desentramar para esclarecer varios cr\u00edmenes que parecen tener relaci\u00f3n. \u00bfQui\u00e9n mat\u00f3 al Chino? \u00bfQu\u00e9 se traen entre manos el Pelado, el Chueco y Camila? \u00bfQu\u00e9 ocurre con Esther? Lo que sucedi\u00f3 en la f\u00e1brica, \u00bffue realmente un accidente? Y, sobre todo, \u00bfpodr\u00e1n mantener los ciudadanos de Puerto Madame sus pasiones y secretos a salvo antes de que todo se desborde?\" \/>\n<meta property=\"og:url\" content=\"https:\/\/letrame.com\/catalogo\/producto\/el-secreto-de-puerto-madame\/\" \/>\n<meta property=\"og:site_name\" content=\"Catalogo | Letrame Grupo Editorial\" \/>\n<meta property=\"article:modified_time\" content=\"2024-04-29T13:24:03+00:00\" \/>\n<meta property=\"og:image\" content=\"https:\/\/letrame.com\/catalogo\/wp-content\/uploads\/2024\/04\/portadaelsecretodepuertomadame_1402mm-compressed-scaled-1.jpg\" \/>\n\t<meta property=\"og:image:width\" content=\"1746\" \/>\n\t<meta property=\"og:image:height\" content=\"2560\" \/>\n\t<meta property=\"og:image:type\" content=\"image\/jpeg\" \/>\n<meta name=\"twitter:card\" content=\"summary_large_image\" \/>\n<meta name=\"twitter:label1\" content=\"Tiempo de lectura\" \/>\n\t<meta name=\"twitter:data1\" content=\"1 minuto\" \/>\n<script type=\"application\/ld+json\" class=\"yoast-schema-graph\">{\"@context\":\"https:\/\/schema.org\",\"@graph\":[{\"@type\":\"WebPage\",\"@id\":\"https:\/\/letrame.com\/catalogo\/producto\/el-secreto-de-puerto-madame\/\",\"url\":\"https:\/\/letrame.com\/catalogo\/producto\/el-secreto-de-puerto-madame\/\",\"name\":\"El secreto de Puerto Madame - Catalogo | Letrame Grupo Editorial\",\"isPartOf\":{\"@id\":\"https:\/\/letrame.com\/catalogo\/#website\"},\"primaryImageOfPage\":{\"@id\":\"https:\/\/letrame.com\/catalogo\/producto\/el-secreto-de-puerto-madame\/#primaryimage\"},\"image\":{\"@id\":\"https:\/\/letrame.com\/catalogo\/producto\/el-secreto-de-puerto-madame\/#primaryimage\"},\"thumbnailUrl\":\"https:\/\/letrame.com\/catalogo\/wp-content\/uploads\/2024\/04\/portadaelsecretodepuertomadame_1402mm-compressed-scaled-1.jpg\",\"datePublished\":\"2024-04-29T13:23:57+00:00\",\"dateModified\":\"2024-04-29T13:24:03+00:00\",\"breadcrumb\":{\"@id\":\"https:\/\/letrame.com\/catalogo\/producto\/el-secreto-de-puerto-madame\/#breadcrumb\"},\"inLanguage\":\"es\",\"potentialAction\":[{\"@type\":\"ReadAction\",\"target\":[\"https:\/\/letrame.com\/catalogo\/producto\/el-secreto-de-puerto-madame\/\"]}]},{\"@type\":\"ImageObject\",\"inLanguage\":\"es\",\"@id\":\"https:\/\/letrame.com\/catalogo\/producto\/el-secreto-de-puerto-madame\/#primaryimage\",\"url\":\"https:\/\/letrame.com\/catalogo\/wp-content\/uploads\/2024\/04\/portadaelsecretodepuertomadame_1402mm-compressed-scaled-1.jpg\",\"contentUrl\":\"https:\/\/letrame.com\/catalogo\/wp-content\/uploads\/2024\/04\/portadaelsecretodepuertomadame_1402mm-compressed-scaled-1.jpg\",\"width\":1746,\"height\":2560},{\"@type\":\"BreadcrumbList\",\"@id\":\"https:\/\/letrame.com\/catalogo\/producto\/el-secreto-de-puerto-madame\/#breadcrumb\",\"itemListElement\":[{\"@type\":\"ListItem\",\"position\":1,\"name\":\"Portada\",\"item\":\"https:\/\/letrame.com\/catalogo\/\"},{\"@type\":\"ListItem\",\"position\":2,\"name\":\"Cat\u00e1logo\",\"item\":\"https:\/\/letrame.com\/catalogo\/\"},{\"@type\":\"ListItem\",\"position\":3,\"name\":\"El secreto de Puerto Madame\"}]},{\"@type\":\"WebSite\",\"@id\":\"https:\/\/letrame.com\/catalogo\/#website\",\"url\":\"https:\/\/letrame.com\/catalogo\/\",\"name\":\"Catalogo | Letrame Grupo Editorial\",\"description\":\"\",\"publisher\":{\"@id\":\"https:\/\/letrame.com\/catalogo\/#organization\"},\"potentialAction\":[{\"@type\":\"SearchAction\",\"target\":{\"@type\":\"EntryPoint\",\"urlTemplate\":\"https:\/\/letrame.com\/catalogo\/?s={search_term_string}\"},\"query-input\":{\"@type\":\"PropertyValueSpecification\",\"valueRequired\":true,\"valueName\":\"search_term_string\"}}],\"inLanguage\":\"es\"},{\"@type\":\"Organization\",\"@id\":\"https:\/\/letrame.com\/catalogo\/#organization\",\"name\":\"Catalogo | Letrame Grupo Editorial\",\"url\":\"https:\/\/letrame.com\/catalogo\/\",\"logo\":{\"@type\":\"ImageObject\",\"inLanguage\":\"es\",\"@id\":\"https:\/\/letrame.com\/catalogo\/#\/schema\/logo\/image\/\",\"url\":\"https:\/\/letrame.com\/catalogo\/wp-content\/uploads\/2024\/03\/logo2.webp\",\"contentUrl\":\"https:\/\/letrame.com\/catalogo\/wp-content\/uploads\/2024\/03\/logo2.webp\",\"width\":394,\"height\":128,\"caption\":\"Catalogo | Letrame Grupo Editorial\"},\"image\":{\"@id\":\"https:\/\/letrame.com\/catalogo\/#\/schema\/logo\/image\/\"}}]}<\/script>\n<!-- \/ Yoast SEO plugin. -->","yoast_head_json":{"title":"El secreto de Puerto Madame - Catalogo | Letrame Grupo Editorial","robots":{"index":"index","follow":"follow","max-snippet":"max-snippet:-1","max-image-preview":"max-image-preview:large","max-video-preview":"max-video-preview:-1"},"canonical":"https:\/\/letrame.com\/catalogo\/producto\/el-secreto-de-puerto-madame\/","og_locale":"es_ES","og_type":"article","og_title":"El secreto de Puerto Madame - Catalogo | Letrame Grupo Editorial","og_description":"ISBN: 978-84-1144-948-9 SINOPSIS En las calles de Puerto Madame, una peque\u00f1a localidad de Uruguay, las vidas de los obreros de la f\u00e1brica de cemento se entretejen entre rutinas y clandestinidad. En este lugar, a principios de los noventa y ya dejando atr\u00e1s la dictadura, el Chueco Marezca lucha por proteger un secreto entre el humo del tabaco y las luces de los locales de mala reputaci\u00f3n. Su vida, al igual que la de Camila, Esther, el Pelado y muchos otros, conforma un tapiz que la detective Judith Cabo deber\u00e1 desentramar para esclarecer varios cr\u00edmenes que parecen tener relaci\u00f3n. \u00bfQui\u00e9n mat\u00f3 al Chino? \u00bfQu\u00e9 se traen entre manos el Pelado, el Chueco y Camila? \u00bfQu\u00e9 ocurre con Esther? Lo que sucedi\u00f3 en la f\u00e1brica, \u00bffue realmente un accidente? Y, sobre todo, \u00bfpodr\u00e1n mantener los ciudadanos de Puerto Madame sus pasiones y secretos a salvo antes de que todo se desborde?","og_url":"https:\/\/letrame.com\/catalogo\/producto\/el-secreto-de-puerto-madame\/","og_site_name":"Catalogo | Letrame Grupo Editorial","article_modified_time":"2024-04-29T13:24:03+00:00","og_image":[{"width":1746,"height":2560,"url":"https:\/\/letrame.com\/catalogo\/wp-content\/uploads\/2024\/04\/portadaelsecretodepuertomadame_1402mm-compressed-scaled-1.jpg","type":"image\/jpeg"}],"twitter_card":"summary_large_image","twitter_misc":{"Tiempo de lectura":"1 minuto"},"schema":{"@context":"https:\/\/schema.org","@graph":[{"@type":"WebPage","@id":"https:\/\/letrame.com\/catalogo\/producto\/el-secreto-de-puerto-madame\/","url":"https:\/\/letrame.com\/catalogo\/producto\/el-secreto-de-puerto-madame\/","name":"El secreto de Puerto Madame - Catalogo | Letrame Grupo Editorial","isPartOf":{"@id":"https:\/\/letrame.com\/catalogo\/#website"},"primaryImageOfPage":{"@id":"https:\/\/letrame.com\/catalogo\/producto\/el-secreto-de-puerto-madame\/#primaryimage"},"image":{"@id":"https:\/\/letrame.com\/catalogo\/producto\/el-secreto-de-puerto-madame\/#primaryimage"},"thumbnailUrl":"https:\/\/letrame.com\/catalogo\/wp-content\/uploads\/2024\/04\/portadaelsecretodepuertomadame_1402mm-compressed-scaled-1.jpg","datePublished":"2024-04-29T13:23:57+00:00","dateModified":"2024-04-29T13:24:03+00:00","breadcrumb":{"@id":"https:\/\/letrame.com\/catalogo\/producto\/el-secreto-de-puerto-madame\/#breadcrumb"},"inLanguage":"es","potentialAction":[{"@type":"ReadAction","target":["https:\/\/letrame.com\/catalogo\/producto\/el-secreto-de-puerto-madame\/"]}]},{"@type":"ImageObject","inLanguage":"es","@id":"https:\/\/letrame.com\/catalogo\/producto\/el-secreto-de-puerto-madame\/#primaryimage","url":"https:\/\/letrame.com\/catalogo\/wp-content\/uploads\/2024\/04\/portadaelsecretodepuertomadame_1402mm-compressed-scaled-1.jpg","contentUrl":"https:\/\/letrame.com\/catalogo\/wp-content\/uploads\/2024\/04\/portadaelsecretodepuertomadame_1402mm-compressed-scaled-1.jpg","width":1746,"height":2560},{"@type":"BreadcrumbList","@id":"https:\/\/letrame.com\/catalogo\/producto\/el-secreto-de-puerto-madame\/#breadcrumb","itemListElement":[{"@type":"ListItem","position":1,"name":"Portada","item":"https:\/\/letrame.com\/catalogo\/"},{"@type":"ListItem","position":2,"name":"Cat\u00e1logo","item":"https:\/\/letrame.com\/catalogo\/"},{"@type":"ListItem","position":3,"name":"El secreto de Puerto Madame"}]},{"@type":"WebSite","@id":"https:\/\/letrame.com\/catalogo\/#website","url":"https:\/\/letrame.com\/catalogo\/","name":"Catalogo | Letrame Grupo Editorial","description":"","publisher":{"@id":"https:\/\/letrame.com\/catalogo\/#organization"},"potentialAction":[{"@type":"SearchAction","target":{"@type":"EntryPoint","urlTemplate":"https:\/\/letrame.com\/catalogo\/?s={search_term_string}"},"query-input":{"@type":"PropertyValueSpecification","valueRequired":true,"valueName":"search_term_string"}}],"inLanguage":"es"},{"@type":"Organization","@id":"https:\/\/letrame.com\/catalogo\/#organization","name":"Catalogo | Letrame Grupo Editorial","url":"https:\/\/letrame.com\/catalogo\/","logo":{"@type":"ImageObject","inLanguage":"es","@id":"https:\/\/letrame.com\/catalogo\/#\/schema\/logo\/image\/","url":"https:\/\/letrame.com\/catalogo\/wp-content\/uploads\/2024\/03\/logo2.webp","contentUrl":"https:\/\/letrame.com\/catalogo\/wp-content\/uploads\/2024\/03\/logo2.webp","width":394,"height":128,"caption":"Catalogo | Letrame Grupo Editorial"},"image":{"@id":"https:\/\/letrame.com\/catalogo\/#\/schema\/logo\/image\/"}}]}},"_links":{"self":[{"href":"https:\/\/letrame.com\/catalogo\/wp-json\/wp\/v2\/product\/98829","targetHints":{"allow":["GET"]}}],"collection":[{"href":"https:\/\/letrame.com\/catalogo\/wp-json\/wp\/v2\/product"}],"about":[{"href":"https:\/\/letrame.com\/catalogo\/wp-json\/wp\/v2\/types\/product"}],"replies":[{"embeddable":true,"href":"https:\/\/letrame.com\/catalogo\/wp-json\/wp\/v2\/comments?post=98829"}],"acf:post":[{"embeddable":true,"href":"https:\/\/letrame.com\/catalogo\/wp-json\/wp\/v2\/author_book\/77244"}],"wp:featuredmedia":[{"embeddable":true,"href":"https:\/\/letrame.com\/catalogo\/wp-json\/wp\/v2\/media\/98830"}],"wp:attachment":[{"href":"https:\/\/letrame.com\/catalogo\/wp-json\/wp\/v2\/media?parent=98829"}],"wp:term":[{"taxonomy":"libro","embeddable":true,"href":"https:\/\/letrame.com\/catalogo\/wp-json\/wp\/v2\/libro?post=98829"},{"taxonomy":"product_brand","embeddable":true,"href":"https:\/\/letrame.com\/catalogo\/wp-json\/wp\/v2\/product_brand?post=98829"},{"taxonomy":"product_cat","embeddable":true,"href":"https:\/\/letrame.com\/catalogo\/wp-json\/wp\/v2\/product_cat?post=98829"},{"taxonomy":"product_tag","embeddable":true,"href":"https:\/\/letrame.com\/catalogo\/wp-json\/wp\/v2\/product_tag?post=98829"}],"curies":[{"name":"wp","href":"https:\/\/api.w.org\/{rel}","templated":true}]}}