{"id":98823,"date":"2024-04-29T15:23:47","date_gmt":"2024-04-29T13:23:47","guid":{"rendered":"https:\/\/letrame.com\/catalogo\/producto\/nacido-de-un-error-volumen-2\/"},"modified":"2024-04-29T15:23:53","modified_gmt":"2024-04-29T13:23:53","slug":"nacido-de-un-error-volumen-2","status":"publish","type":"product","link":"https:\/\/letrame.com\/catalogo\/producto\/nacido-de-un-error-volumen-2\/","title":{"rendered":"Nacido de un error. Volumen 2"},"content":{"rendered":"<p><strong>ISBN<\/strong>: 978-84-1144-737-9<\/p>\n<p><strong>T\u00edtulo<\/strong>: <span data-sheets-value=\"{&quot;1&quot;:2,&quot;2&quot;:&quot;Nacido de un error. Volumen 2&quot;}\" data-sheets-userformat=\"{&quot;2&quot;:4226,&quot;4&quot;:{&quot;1&quot;:2,&quot;2&quot;:14281427},&quot;10&quot;:2,&quot;15&quot;:&quot;arial&quot;}\">Nacido de un error. Volumen 2<\/span><br \/>\n<strong>Fecha<\/strong>: 2023<br \/>\n<strong>P\u00e1ginas<\/strong>: 808<\/p>\n<p><strong>SINOPSIS<\/strong><\/p>\n<p>Y se fue en el tren de la esperanza -el Sevillano en su ida, el Catal\u00e1n a la vuelta-, junto con pueblos enteros del sur de nuestra dolorida Espa\u00f1a. Un mundo nuevo se abrir\u00eda ante sus ojos, incr\u00e9dulos. Inseguridad manifiesta, dudas, mil. Miedo ante lo desconocido.<\/p>\n<p>Pero no hab\u00eda llegado hasta all\u00ed para retroceder, pues sab\u00eda que aquel mundo que acababa de dejar atr\u00e1s solo le deparar\u00eda volver a repetir: miseria por doquier, ganas de todo, ni qu\u00e9 hablar del comer, un anhelo continuo; en fin, un malvivir.<\/p>\n<p>Despu\u00e9s de muchas penurias, dif\u00edciles de describir si no se ha hecho el mismo recorrido, nuestro esforzado protagonista encontrar\u00eda aposento en su nueva casa, la Ciudad Condal, moderna y cosmopolita, nada que ver con el oeste peninsular.<\/p>\n<p>Al igual que cualquier joven emprendedor, tambi\u00e9n \u00e9l busc\u00f3, con su lucha diaria, un futuro prometedor en su af\u00e1n de superaci\u00f3n. Estudio y trabajo, en estos dos se concentr\u00f3, dando lo mejor de s\u00ed. Despu\u00e9s vino el amor; un sentimiento de alegr\u00eda y satisfacci\u00f3n que le convertir\u00edan en una nueva persona. \u201cEl esfuerzo\u201d -dec\u00eda el muy c\u00e1ndido-, \u201cha valido la pena\u201d.<\/p>\n<p>Hasta que, al final, su oscuro pasado volvi\u00f3 a resurgir, quiz\u00e1 para recordarle que \u00e9l no hab\u00eda nacido para ser feliz. Sus fantasmas aparecieron de nuevo. Una maldici\u00f3n que le persegu\u00eda desde el mismo instante en que fue consciente del mundo exterior.<\/p>\n<p>Felicidad, estado ef\u00edmero, en su caso mera ilusi\u00f3n, pues dur\u00f3 solo un suspiro, hasta que alguien lo despert\u00f3. En desconsuelo se transform\u00f3 y, por ende, en la p\u00e9rdida de la ilusi\u00f3n.<\/p>\n","protected":false},"excerpt":{"rendered":"<p><strong>ISBN<\/strong>: 978-84-1144-737-9<\/p>\n<p><strong>SINOPSIS<\/strong><\/p>\n<p>Y se fue en el tren de la esperanza -el Sevillano en su ida, el Catal\u00e1n a la vuelta-, junto con pueblos enteros del sur de nuestra dolorida Espa\u00f1a. Un mundo nuevo se abrir\u00eda ante sus ojos, incr\u00e9dulos. Inseguridad manifiesta, dudas, mil. Miedo ante lo desconocido.<\/p>\n<p>Pero no hab\u00eda llegado hasta all\u00ed para retroceder, pues sab\u00eda que aquel mundo que acababa de dejar atr\u00e1s solo le deparar\u00eda volver a repetir: miseria por doquier, ganas de todo, ni qu\u00e9 hablar del comer, un anhelo continuo; en fin, un malvivir.<\/p>\n<p>Despu\u00e9s de muchas penurias, dif\u00edciles de describir si no se ha hecho el mismo recorrido, nuestro esforzado protagonista encontrar\u00eda aposento en su nueva casa, la Ciudad Condal, moderna y cosmopolita, nada que ver con el oeste peninsular.<\/p>\n<p>Al igual que cualquier joven emprendedor, tambi\u00e9n \u00e9l busc\u00f3, con su lucha diaria, un futuro prometedor en su af\u00e1n de superaci\u00f3n. Estudio y trabajo, en estos dos se concentr\u00f3, dando lo mejor de s\u00ed. Despu\u00e9s vino el amor; un sentimiento de alegr\u00eda y satisfacci\u00f3n que le convertir\u00edan en una nueva persona. \u201cEl esfuerzo\u201d -dec\u00eda el muy c\u00e1ndido-, \u201cha valido la pena\u201d.<\/p>\n<p>Hasta que, al final, su oscuro pasado volvi\u00f3 a resurgir, quiz\u00e1 para recordarle que \u00e9l no hab\u00eda nacido para ser feliz. Sus fantasmas aparecieron de nuevo. Una maldici\u00f3n que le persegu\u00eda desde el mismo instante en que fue consciente del mundo exterior.<\/p>\n<p>Felicidad, estado ef\u00edmero, en su caso mera ilusi\u00f3n, pues dur\u00f3 solo un suspiro, hasta que alguien lo despert\u00f3. En desconsuelo se transform\u00f3 y, por ende, en la p\u00e9rdida de la ilusi\u00f3n.<\/p>\n","protected":false},"featured_media":98824,"comment_status":"closed","ping_status":"open","template":"","meta":{"_acf_changed":false},"libro":[],"product_brand":[],"product_cat":[26],"product_tag":[],"class_list":{"0":"post-98823","1":"product","2":"type-product","3":"status-publish","4":"has-post-thumbnail","6":"product_cat-sin-categoria","8":"first","9":"instock","10":"product-type-simple"},"acf":{"autor":[77239],"enlace_de_compra":""},"yoast_head":"<!-- This site is optimized with the Yoast SEO plugin v26.6 - https:\/\/yoast.com\/wordpress\/plugins\/seo\/ -->\n<title>Nacido de un error. Volumen 2 - Catalogo | Letrame Grupo Editorial<\/title>\n<meta name=\"robots\" content=\"index, follow, max-snippet:-1, max-image-preview:large, max-video-preview:-1\" \/>\n<link rel=\"canonical\" href=\"https:\/\/letrame.com\/catalogo\/producto\/nacido-de-un-error-volumen-2\/\" \/>\n<meta property=\"og:locale\" content=\"es_ES\" \/>\n<meta property=\"og:type\" content=\"article\" \/>\n<meta property=\"og:title\" content=\"Nacido de un error. Volumen 2 - Catalogo | Letrame Grupo Editorial\" \/>\n<meta property=\"og:description\" content=\"ISBN: 978-84-1144-737-9 SINOPSIS Y se fue en el tren de la esperanza -el Sevillano en su ida, el Catal\u00e1n a la vuelta-, junto con pueblos enteros del sur de nuestra dolorida Espa\u00f1a. Un mundo nuevo se abrir\u00eda ante sus ojos, incr\u00e9dulos. Inseguridad manifiesta, dudas, mil. Miedo ante lo desconocido. Pero no hab\u00eda llegado hasta all\u00ed para retroceder, pues sab\u00eda que aquel mundo que acababa de dejar atr\u00e1s solo le deparar\u00eda volver a repetir: miseria por doquier, ganas de todo, ni qu\u00e9 hablar del comer, un anhelo continuo; en fin, un malvivir. Despu\u00e9s de muchas penurias, dif\u00edciles de describir si no se ha hecho el mismo recorrido, nuestro esforzado protagonista encontrar\u00eda aposento en su nueva casa, la Ciudad Condal, moderna y cosmopolita, nada que ver con el oeste peninsular. Al igual que cualquier joven emprendedor, tambi\u00e9n \u00e9l busc\u00f3, con su lucha diaria, un futuro prometedor en su af\u00e1n de superaci\u00f3n. Estudio y trabajo, en estos dos se concentr\u00f3, dando lo mejor de s\u00ed. Despu\u00e9s vino el amor; un sentimiento de alegr\u00eda y satisfacci\u00f3n que le convertir\u00edan en una nueva persona. \u201cEl esfuerzo\u201d -dec\u00eda el muy c\u00e1ndido-, \u201cha valido la pena\u201d. Hasta que, al final, su oscuro pasado volvi\u00f3 a resurgir, quiz\u00e1 para recordarle que \u00e9l no hab\u00eda nacido para ser feliz. Sus fantasmas aparecieron de nuevo. Una maldici\u00f3n que le persegu\u00eda desde el mismo instante en que fue consciente del mundo exterior. Felicidad, estado ef\u00edmero, en su caso mera ilusi\u00f3n, pues dur\u00f3 solo un suspiro, hasta que alguien lo despert\u00f3. En desconsuelo se transform\u00f3 y, por ende, en la p\u00e9rdida de la ilusi\u00f3n.\" \/>\n<meta property=\"og:url\" content=\"https:\/\/letrame.com\/catalogo\/producto\/nacido-de-un-error-volumen-2\/\" \/>\n<meta property=\"og:site_name\" content=\"Catalogo | Letrame Grupo Editorial\" \/>\n<meta property=\"article:modified_time\" content=\"2024-04-29T13:23:53+00:00\" \/>\n<meta property=\"og:image\" content=\"https:\/\/letrame.com\/catalogo\/wp-content\/uploads\/2024\/04\/web_portadaNacidodeunerror_3833mm-compressed.jpg\" \/>\n\t<meta property=\"og:image:width\" content=\"601\" \/>\n\t<meta property=\"og:image:height\" content=\"881\" \/>\n\t<meta property=\"og:image:type\" content=\"image\/jpeg\" \/>\n<meta name=\"twitter:card\" content=\"summary_large_image\" \/>\n<meta name=\"twitter:label1\" content=\"Tiempo de lectura\" \/>\n\t<meta name=\"twitter:data1\" content=\"2 minutos\" \/>\n<script type=\"application\/ld+json\" class=\"yoast-schema-graph\">{\"@context\":\"https:\/\/schema.org\",\"@graph\":[{\"@type\":\"WebPage\",\"@id\":\"https:\/\/letrame.com\/catalogo\/producto\/nacido-de-un-error-volumen-2\/\",\"url\":\"https:\/\/letrame.com\/catalogo\/producto\/nacido-de-un-error-volumen-2\/\",\"name\":\"Nacido de un error. Volumen 2 - Catalogo | Letrame Grupo Editorial\",\"isPartOf\":{\"@id\":\"https:\/\/letrame.com\/catalogo\/#website\"},\"primaryImageOfPage\":{\"@id\":\"https:\/\/letrame.com\/catalogo\/producto\/nacido-de-un-error-volumen-2\/#primaryimage\"},\"image\":{\"@id\":\"https:\/\/letrame.com\/catalogo\/producto\/nacido-de-un-error-volumen-2\/#primaryimage\"},\"thumbnailUrl\":\"https:\/\/letrame.com\/catalogo\/wp-content\/uploads\/2024\/04\/web_portadaNacidodeunerror_3833mm-compressed.jpg\",\"datePublished\":\"2024-04-29T13:23:47+00:00\",\"dateModified\":\"2024-04-29T13:23:53+00:00\",\"breadcrumb\":{\"@id\":\"https:\/\/letrame.com\/catalogo\/producto\/nacido-de-un-error-volumen-2\/#breadcrumb\"},\"inLanguage\":\"es\",\"potentialAction\":[{\"@type\":\"ReadAction\",\"target\":[\"https:\/\/letrame.com\/catalogo\/producto\/nacido-de-un-error-volumen-2\/\"]}]},{\"@type\":\"ImageObject\",\"inLanguage\":\"es\",\"@id\":\"https:\/\/letrame.com\/catalogo\/producto\/nacido-de-un-error-volumen-2\/#primaryimage\",\"url\":\"https:\/\/letrame.com\/catalogo\/wp-content\/uploads\/2024\/04\/web_portadaNacidodeunerror_3833mm-compressed.jpg\",\"contentUrl\":\"https:\/\/letrame.com\/catalogo\/wp-content\/uploads\/2024\/04\/web_portadaNacidodeunerror_3833mm-compressed.jpg\",\"width\":601,\"height\":881},{\"@type\":\"BreadcrumbList\",\"@id\":\"https:\/\/letrame.com\/catalogo\/producto\/nacido-de-un-error-volumen-2\/#breadcrumb\",\"itemListElement\":[{\"@type\":\"ListItem\",\"position\":1,\"name\":\"Portada\",\"item\":\"https:\/\/letrame.com\/catalogo\/\"},{\"@type\":\"ListItem\",\"position\":2,\"name\":\"Cat\u00e1logo\",\"item\":\"https:\/\/letrame.com\/catalogo\/\"},{\"@type\":\"ListItem\",\"position\":3,\"name\":\"Nacido de un error. Volumen 2\"}]},{\"@type\":\"WebSite\",\"@id\":\"https:\/\/letrame.com\/catalogo\/#website\",\"url\":\"https:\/\/letrame.com\/catalogo\/\",\"name\":\"Catalogo | Letrame Grupo Editorial\",\"description\":\"\",\"publisher\":{\"@id\":\"https:\/\/letrame.com\/catalogo\/#organization\"},\"potentialAction\":[{\"@type\":\"SearchAction\",\"target\":{\"@type\":\"EntryPoint\",\"urlTemplate\":\"https:\/\/letrame.com\/catalogo\/?s={search_term_string}\"},\"query-input\":{\"@type\":\"PropertyValueSpecification\",\"valueRequired\":true,\"valueName\":\"search_term_string\"}}],\"inLanguage\":\"es\"},{\"@type\":\"Organization\",\"@id\":\"https:\/\/letrame.com\/catalogo\/#organization\",\"name\":\"Catalogo | Letrame Grupo Editorial\",\"url\":\"https:\/\/letrame.com\/catalogo\/\",\"logo\":{\"@type\":\"ImageObject\",\"inLanguage\":\"es\",\"@id\":\"https:\/\/letrame.com\/catalogo\/#\/schema\/logo\/image\/\",\"url\":\"https:\/\/letrame.com\/catalogo\/wp-content\/uploads\/2024\/03\/logo2.webp\",\"contentUrl\":\"https:\/\/letrame.com\/catalogo\/wp-content\/uploads\/2024\/03\/logo2.webp\",\"width\":394,\"height\":128,\"caption\":\"Catalogo | Letrame Grupo Editorial\"},\"image\":{\"@id\":\"https:\/\/letrame.com\/catalogo\/#\/schema\/logo\/image\/\"}}]}<\/script>\n<!-- \/ Yoast SEO plugin. -->","yoast_head_json":{"title":"Nacido de un error. Volumen 2 - Catalogo | Letrame Grupo Editorial","robots":{"index":"index","follow":"follow","max-snippet":"max-snippet:-1","max-image-preview":"max-image-preview:large","max-video-preview":"max-video-preview:-1"},"canonical":"https:\/\/letrame.com\/catalogo\/producto\/nacido-de-un-error-volumen-2\/","og_locale":"es_ES","og_type":"article","og_title":"Nacido de un error. Volumen 2 - Catalogo | Letrame Grupo Editorial","og_description":"ISBN: 978-84-1144-737-9 SINOPSIS Y se fue en el tren de la esperanza -el Sevillano en su ida, el Catal\u00e1n a la vuelta-, junto con pueblos enteros del sur de nuestra dolorida Espa\u00f1a. Un mundo nuevo se abrir\u00eda ante sus ojos, incr\u00e9dulos. Inseguridad manifiesta, dudas, mil. Miedo ante lo desconocido. Pero no hab\u00eda llegado hasta all\u00ed para retroceder, pues sab\u00eda que aquel mundo que acababa de dejar atr\u00e1s solo le deparar\u00eda volver a repetir: miseria por doquier, ganas de todo, ni qu\u00e9 hablar del comer, un anhelo continuo; en fin, un malvivir. Despu\u00e9s de muchas penurias, dif\u00edciles de describir si no se ha hecho el mismo recorrido, nuestro esforzado protagonista encontrar\u00eda aposento en su nueva casa, la Ciudad Condal, moderna y cosmopolita, nada que ver con el oeste peninsular. Al igual que cualquier joven emprendedor, tambi\u00e9n \u00e9l busc\u00f3, con su lucha diaria, un futuro prometedor en su af\u00e1n de superaci\u00f3n. Estudio y trabajo, en estos dos se concentr\u00f3, dando lo mejor de s\u00ed. Despu\u00e9s vino el amor; un sentimiento de alegr\u00eda y satisfacci\u00f3n que le convertir\u00edan en una nueva persona. \u201cEl esfuerzo\u201d -dec\u00eda el muy c\u00e1ndido-, \u201cha valido la pena\u201d. Hasta que, al final, su oscuro pasado volvi\u00f3 a resurgir, quiz\u00e1 para recordarle que \u00e9l no hab\u00eda nacido para ser feliz. Sus fantasmas aparecieron de nuevo. Una maldici\u00f3n que le persegu\u00eda desde el mismo instante en que fue consciente del mundo exterior. Felicidad, estado ef\u00edmero, en su caso mera ilusi\u00f3n, pues dur\u00f3 solo un suspiro, hasta que alguien lo despert\u00f3. En desconsuelo se transform\u00f3 y, por ende, en la p\u00e9rdida de la ilusi\u00f3n.","og_url":"https:\/\/letrame.com\/catalogo\/producto\/nacido-de-un-error-volumen-2\/","og_site_name":"Catalogo | Letrame Grupo Editorial","article_modified_time":"2024-04-29T13:23:53+00:00","og_image":[{"width":601,"height":881,"url":"https:\/\/letrame.com\/catalogo\/wp-content\/uploads\/2024\/04\/web_portadaNacidodeunerror_3833mm-compressed.jpg","type":"image\/jpeg"}],"twitter_card":"summary_large_image","twitter_misc":{"Tiempo de lectura":"2 minutos"},"schema":{"@context":"https:\/\/schema.org","@graph":[{"@type":"WebPage","@id":"https:\/\/letrame.com\/catalogo\/producto\/nacido-de-un-error-volumen-2\/","url":"https:\/\/letrame.com\/catalogo\/producto\/nacido-de-un-error-volumen-2\/","name":"Nacido de un error. Volumen 2 - Catalogo | Letrame Grupo Editorial","isPartOf":{"@id":"https:\/\/letrame.com\/catalogo\/#website"},"primaryImageOfPage":{"@id":"https:\/\/letrame.com\/catalogo\/producto\/nacido-de-un-error-volumen-2\/#primaryimage"},"image":{"@id":"https:\/\/letrame.com\/catalogo\/producto\/nacido-de-un-error-volumen-2\/#primaryimage"},"thumbnailUrl":"https:\/\/letrame.com\/catalogo\/wp-content\/uploads\/2024\/04\/web_portadaNacidodeunerror_3833mm-compressed.jpg","datePublished":"2024-04-29T13:23:47+00:00","dateModified":"2024-04-29T13:23:53+00:00","breadcrumb":{"@id":"https:\/\/letrame.com\/catalogo\/producto\/nacido-de-un-error-volumen-2\/#breadcrumb"},"inLanguage":"es","potentialAction":[{"@type":"ReadAction","target":["https:\/\/letrame.com\/catalogo\/producto\/nacido-de-un-error-volumen-2\/"]}]},{"@type":"ImageObject","inLanguage":"es","@id":"https:\/\/letrame.com\/catalogo\/producto\/nacido-de-un-error-volumen-2\/#primaryimage","url":"https:\/\/letrame.com\/catalogo\/wp-content\/uploads\/2024\/04\/web_portadaNacidodeunerror_3833mm-compressed.jpg","contentUrl":"https:\/\/letrame.com\/catalogo\/wp-content\/uploads\/2024\/04\/web_portadaNacidodeunerror_3833mm-compressed.jpg","width":601,"height":881},{"@type":"BreadcrumbList","@id":"https:\/\/letrame.com\/catalogo\/producto\/nacido-de-un-error-volumen-2\/#breadcrumb","itemListElement":[{"@type":"ListItem","position":1,"name":"Portada","item":"https:\/\/letrame.com\/catalogo\/"},{"@type":"ListItem","position":2,"name":"Cat\u00e1logo","item":"https:\/\/letrame.com\/catalogo\/"},{"@type":"ListItem","position":3,"name":"Nacido de un error. Volumen 2"}]},{"@type":"WebSite","@id":"https:\/\/letrame.com\/catalogo\/#website","url":"https:\/\/letrame.com\/catalogo\/","name":"Catalogo | Letrame Grupo Editorial","description":"","publisher":{"@id":"https:\/\/letrame.com\/catalogo\/#organization"},"potentialAction":[{"@type":"SearchAction","target":{"@type":"EntryPoint","urlTemplate":"https:\/\/letrame.com\/catalogo\/?s={search_term_string}"},"query-input":{"@type":"PropertyValueSpecification","valueRequired":true,"valueName":"search_term_string"}}],"inLanguage":"es"},{"@type":"Organization","@id":"https:\/\/letrame.com\/catalogo\/#organization","name":"Catalogo | Letrame Grupo Editorial","url":"https:\/\/letrame.com\/catalogo\/","logo":{"@type":"ImageObject","inLanguage":"es","@id":"https:\/\/letrame.com\/catalogo\/#\/schema\/logo\/image\/","url":"https:\/\/letrame.com\/catalogo\/wp-content\/uploads\/2024\/03\/logo2.webp","contentUrl":"https:\/\/letrame.com\/catalogo\/wp-content\/uploads\/2024\/03\/logo2.webp","width":394,"height":128,"caption":"Catalogo | Letrame Grupo Editorial"},"image":{"@id":"https:\/\/letrame.com\/catalogo\/#\/schema\/logo\/image\/"}}]}},"_links":{"self":[{"href":"https:\/\/letrame.com\/catalogo\/wp-json\/wp\/v2\/product\/98823","targetHints":{"allow":["GET"]}}],"collection":[{"href":"https:\/\/letrame.com\/catalogo\/wp-json\/wp\/v2\/product"}],"about":[{"href":"https:\/\/letrame.com\/catalogo\/wp-json\/wp\/v2\/types\/product"}],"replies":[{"embeddable":true,"href":"https:\/\/letrame.com\/catalogo\/wp-json\/wp\/v2\/comments?post=98823"}],"acf:post":[{"embeddable":true,"href":"https:\/\/letrame.com\/catalogo\/wp-json\/wp\/v2\/author_book\/77239"}],"wp:featuredmedia":[{"embeddable":true,"href":"https:\/\/letrame.com\/catalogo\/wp-json\/wp\/v2\/media\/98824"}],"wp:attachment":[{"href":"https:\/\/letrame.com\/catalogo\/wp-json\/wp\/v2\/media?parent=98823"}],"wp:term":[{"taxonomy":"libro","embeddable":true,"href":"https:\/\/letrame.com\/catalogo\/wp-json\/wp\/v2\/libro?post=98823"},{"taxonomy":"product_brand","embeddable":true,"href":"https:\/\/letrame.com\/catalogo\/wp-json\/wp\/v2\/product_brand?post=98823"},{"taxonomy":"product_cat","embeddable":true,"href":"https:\/\/letrame.com\/catalogo\/wp-json\/wp\/v2\/product_cat?post=98823"},{"taxonomy":"product_tag","embeddable":true,"href":"https:\/\/letrame.com\/catalogo\/wp-json\/wp\/v2\/product_tag?post=98823"}],"curies":[{"name":"wp","href":"https:\/\/api.w.org\/{rel}","templated":true}]}}